{"id":67410,"date":"2017-02-15T06:53:56","date_gmt":"2017-02-15T06:53:56","guid":{"rendered":"https:\/\/tradetracker.com\/cookie-policy\/"},"modified":"2021-12-18T19:16:58","modified_gmt":"2021-12-18T19:16:58","slug":"cookie-policy","status":"publish","type":"page","link":"https:\/\/tradetracker.com\/ar\/cookie-policy\/","title":{"rendered":"Pol\u00edtica de cookies"},"content":{"rendered":"<div class=\"wpb-content-wrapper\"><p>[vc_row][vc_column]<div class=\"space\"><\/div>[vc_wp_text]<\/p>\n<h1>Pol\u00edtica de cookies<\/h1>\n<p>El acceso y la navegaci\u00f3n por la p\u00e1gina web accesible a trav\u00e9s de la URL <a href=\"https:\/\/tradetracker.com\/es\/\">https:\/\/tradetracker.com\/es\/<\/a> (en adelante, el Sitio Web), titularidad de TradeTracker Spain, S.L. con NIF B76118751 (en adelante, TradeTracker o la Titular, indistintamente), y domicilio en Calle Emilio Castelar 4, Oficina 401, 35007, Las Palmas de Gran Canaria, supone el uso y descarga de cookies propias y de terceros en el equipo terminal o dispositivo desde el cual se realice la navegaci\u00f3n o el acceso, con la finalidad de permitir y optimizar la navegaci\u00f3n y obtener informaci\u00f3n estad\u00edstica de los h\u00e1bitos de navegaci\u00f3n del usuario.<\/p>\n<p>Las cookies son peque\u00f1os archivos de texto enviados al dispositivo o terminal del usuario, tanto desde el Sitio Web que se haya visitado, como desde p\u00e1ginas web de terceros. Las cookies se almacenan en la memoria del dispositivo utilizado para navegar, recopilando informaci\u00f3n a partir de la navegaci\u00f3n del usuario con diversas finalidades.<\/p>\n<table>\n<tbody>\n<tr>\n<td style=\"text-align: center;\" width=\"108\"><strong>Nombre<\/strong><\/td>\n<td style=\"text-align: center;\" width=\"85\"><strong>Tipo<\/strong><\/td>\n<td style=\"text-align: center;\" width=\"254\"><strong>Descripci\u00f3n <\/strong><\/td>\n<td style=\"text-align: center;\" width=\"157\"><strong>Duraci\u00f3n<\/strong><\/td>\n<\/tr>\n<tr>\n<td width=\"108\">TT_allowCookies<\/td>\n<td width=\"85\">T\u00e9cnica (propia)<\/td>\n<td width=\"254\">Sirve para detectar opt-in de cookies por parte del usuario. No trata datos personales.<\/td>\n<td style=\"text-align: center;\" width=\"157\">2 a\u00f1os<\/td>\n<\/tr>\n<tr>\n<td width=\"108\">ttagency_*<\/td>\n<td width=\"85\">T\u00e9cnica (propia)<\/td>\n<td width=\"254\">\n<p>Cuando agencia inicia sesi\u00f3n en software TradeTracker, algunas propiedades de usuario encriptadas se almacenan dentro de esta cookie. No trata datos personales.<\/p>\n<p>&nbsp;<\/td>\n<td style=\"text-align: center;\" width=\"157\">Sesi\u00f3n. Si se selecciona opci\u00f3n \u201cMantener conectado\u201d, 2 a\u00f1os<\/td>\n<\/tr>\n<tr>\n<td width=\"108\">ttuser_*<\/td>\n<td width=\"85\">T\u00e9cnica (propia)<\/td>\n<td width=\"254\">\n<p>Cuando afiliado inicia sesi\u00f3n en software TradeTracker, algunas propiedades de usuario encriptadas se almacenan dentro de esta cookie. No trata datos personales.<\/p>\n<p>&nbsp;<\/td>\n<td style=\"text-align: center;\" width=\"157\">Sesi\u00f3n. Si se selecciona opci\u00f3n \u201cMantener conectado\u201d, 2 a\u00f1os<\/td>\n<\/tr>\n<tr>\n<td width=\"108\">xmlhttp<\/td>\n<td width=\"85\">T\u00e9cnica (propia)<\/td>\n<td width=\"254\">Se utiliza para determinar si se acepta XMLHTTP en el dispositivo del usuario, necesario para ejecutar ciertas funcionalidades dentro de software TradeTracker. No trata datos personales<\/td>\n<td style=\"text-align: center;\" width=\"157\">Sesi\u00f3n<\/td>\n<\/tr>\n<tr>\n<td width=\"108\">affiliateSiteIDs<\/td>\n<td width=\"85\">T\u00e9cnica (propia)<\/td>\n<td width=\"254\">Selecci\u00f3n de sitios web afiliados que el usuario desea cargar dentro de su cuenta personal en software TradeTracker. No trata datos personales<\/td>\n<td style=\"text-align: center;\" width=\"157\">1 mes<\/td>\n<\/tr>\n<tr>\n<td width=\"108\">campaignIDs<\/td>\n<td width=\"85\">T\u00e9cnica (propia)<\/td>\n<td width=\"254\">Selecci\u00f3n de sitios web de comerciantes que el usuario desea cargar dentro de su cuenta personal en software TradeTracker. No trata datos personales<\/td>\n<td style=\"text-align: center;\" width=\"157\">1 mes<\/td>\n<\/tr>\n<tr>\n<td width=\"108\">companyID<\/td>\n<td width=\"85\">T\u00e9cnica (propia)<\/td>\n<td width=\"254\">Selecci\u00f3n de sitios web de comerciantes que el usuario desea cargar dentro de su cuenta personal en software TradeTracker. No trata datos personales<\/td>\n<td style=\"text-align: center;\" width=\"157\">1 mes<\/td>\n<\/tr>\n<tr>\n<td width=\"108\">locale_*<\/td>\n<td width=\"85\">T\u00e9cnica (propia)<\/td>\n<td width=\"254\">Almacenar preferencias de idioma. No trata datos personales<\/td>\n<td style=\"text-align: center;\" width=\"157\">1 mes<\/td>\n<\/tr>\n<\/tbody>\n<\/table>\n<h2>Cookies de terceros<\/h2>\n<p>Encontramos, por una parte cookies de an\u00e1lisis que permiten obtener informaci\u00f3n orientada al an\u00e1lisis estad\u00edstico del uso que los usuarios hacen de la p\u00e1gina y conocer las preferencias de los usuarios con el fin de mejorar la oferta de servicios. Por ejemplo, analizando los t\u00e9rminos de b\u00fasqueda empleados por los usuarios para llegar a la p\u00e1gina o estudiando el \u00e1rea geogr\u00e1fica a la que pertenecen la mayor parte de usuarios.<\/p>\n<p>Asimismo, se emplean otros tipos de cookies como las procedentes de redes sociales con fines publicitarios.<\/p>\n<table style=\"width: 625px;\">\n<tbody>\n<tr>\n<td style=\"width: 72px; text-align: center;\" width=\"64\"><strong>Nombre<\/strong><\/td>\n<td style=\"width: 118px; text-align: center;\" width=\"114\"><strong>Tipo<\/strong><\/td>\n<td style=\"width: 327px; text-align: center;\" width=\"323\"><strong>Descripci\u00f3n <\/strong><\/td>\n<td style=\"width: 108px; text-align: center;\" width=\"104\"><strong>Duraci\u00f3n<\/strong><\/td>\n<\/tr>\n<tr>\n<td style=\"width: 72px;\" width=\"64\">_ga<\/td>\n<td style=\"width: 118px;\" width=\"114\">Anal\u00edtica (Google)<\/td>\n<td style=\"width: 327px;\" width=\"323\">Permite a Google Analytics obtener estad\u00edsticas basadas en h\u00e1bitos de visita y navegaci\u00f3n por el sitio web, conocer las preferencias del usuario y adaptar la navegaci\u00f3n del usuario, hacer sugerencias de navegaci\u00f3n conforme a sus preferencias<\/td>\n<td style=\"text-align: center; width: 108px;\" width=\"104\">Sesi\u00f3n<\/td>\n<\/tr>\n<tr>\n<td style=\"width: 72px;\" width=\"64\">_gat<\/td>\n<td style=\"width: 118px;\" width=\"114\">Anal\u00edtica (Google)<\/td>\n<td style=\"width: 327px;\" width=\"323\">Permite a Google Analytics obtener estad\u00edsticas basadas en h\u00e1bitos de visita y navegaci\u00f3n por el sitio web, conocer las preferencias del usuario y adaptar la navegaci\u00f3n del usuario, hacer sugerencias de navegaci\u00f3n conforme a sus preferencias<\/td>\n<td style=\"text-align: center; width: 108px;\" width=\"104\">Sesi\u00f3n<\/td>\n<\/tr>\n<tr>\n<td style=\"width: 72px;\" width=\"64\">_gid<\/td>\n<td style=\"width: 118px;\" width=\"114\">Anal\u00edtica (Google)<\/td>\n<td style=\"width: 327px;\" width=\"323\">Permite a Google Analytics obtener estad\u00edsticas basadas en h\u00e1bitos de visita y navegaci\u00f3n por el sitio web, conocer las preferencias del usuario y adaptar la navegaci\u00f3n del usuario, hacer sugerencias de navegaci\u00f3n conforme a sus preferencias<\/td>\n<td style=\"text-align: center; width: 108px;\" width=\"104\">Sesi\u00f3n<\/td>\n<\/tr>\n<tr>\n<td style=\"width: 72px;\" width=\"64\">fr<\/td>\n<td style=\"width: 118px;\" width=\"114\">Publicidad (Facebook)<\/td>\n<td style=\"width: 327px;\" width=\"323\">Para identificar tu identificador de usuario den facebook, u otro tipo de identificativo de navegaci\u00f3n, y poder mostrarte publicidad relevante.<\/td>\n<td style=\"text-align: center; width: 108px;\" width=\"104\">1 mes<\/td>\n<\/tr>\n<tr>\n<td style=\"width: 72px;\" width=\"64\">vuid<\/td>\n<td style=\"width: 118px;\" width=\"114\">Otras (Vimeo)<\/td>\n<td style=\"width: 327px;\" width=\"323\">Para permitir la reproducci\u00f3n de videos procedentes de Vimeo en el Sitio Web<\/td>\n<td style=\"text-align: center; width: 108px;\" width=\"104\">Sesi\u00f3n<\/td>\n<\/tr>\n<tr>\n<td style=\"width: 72px;\" width=\"64\">player<\/td>\n<td style=\"width: 118px;\" width=\"114\">Otras (Vimeo)<\/td>\n<td style=\"width: 327px;\" width=\"323\">Para permitir la reproducci\u00f3n de videos procedentes de Vimeo en el Sitio Web<\/td>\n<td style=\"text-align: center; width: 108px;\" width=\"104\">Sesi\u00f3n<\/td>\n<\/tr>\n<\/tbody>\n<\/table>\n<p>&nbsp;<\/p>\n<h2>C\u00f3mo borrar cookies<\/h2>\n<p>Si deseas borrar cookies, utiliza las opciones de configuraci\u00f3n de tu navegador. Para borrar las cookies vinculadas con tu cuenta personal en TradeTracker y anal\u00edticas, deber\u00e1s hacerlo desde el dominio TradeTracker.com. Si quieres evitar la descarga de cookies en tu navegaci\u00f3n, puedes configurar navegador seleccionando la opci\u00f3n \u201cNavegaci\u00f3n Privada\u201d o similar, aunque la siguiente ocasi\u00f3n que quieras acceder a tu cuenta personal tendr\u00e1s que loguearte, debiendo renunciar adem\u00e1s a la memorizaci\u00f3n de otras variables de sesi\u00f3n. Si quieres tener m\u00e1s informaci\u00f3n sobre la tecnolog\u00eda cookie, haz clic <a href=\"https:\/\/es.wikipedia.org\/wiki\/Cookie_(inform%C3%A1tica)\" class=\"external\" rel=\"nofollow\">aqu\u00ed<\/a>.[\/vc_wp_text]<div class=\"space\"><\/div>[\/vc_column][\/vc_row]<\/p>\n<\/div>","protected":false},"excerpt":{"rendered":"<p>[vc_row][vc_column][vc_wp_text] Pol\u00edtica de cookies El acceso y la navegaci\u00f3n por la p\u00e1gina web accesible a trav\u00e9s de la URL https:\/\/tradetracker.com\/es\/ (en adelante, el Sitio Web), titularidad de TradeTracker Spain, S.L. con NIF B76118751 (en adelante, TradeTracker o la Titular, indistintamente), y domicilio en Calle Emilio Castelar 4, Oficina 401, 35007, Las Palmas de Gran Canaria,  [&#8230;]<\/p>\n","protected":false},"author":69,"featured_media":0,"parent":0,"menu_order":0,"comment_status":"closed","ping_status":"closed","template":"","meta":{"inline_featured_image":false,"_monsterinsights_skip_tracking":false,"_monsterinsights_sitenote_active":false,"_monsterinsights_sitenote_note":"","_monsterinsights_sitenote_category":0,"footnotes":""},"class_list":["post-67410","page","type-page","status-publish","hentry"],"yoast_head":"<!-- This site is optimized with the Yoast SEO Premium plugin v27.0 (Yoast SEO v27.0) - https:\/\/yoast.com\/product\/yoast-seo-premium-wordpress\/ -->\n<title>Pol\u00edtica de cookies - TradeTracker.com | Affiliate Marketing | Performance Marketing<\/title>\n<meta name=\"description\" content=\"Pol\u00edtica de cookies\" \/>\n<meta name=\"robots\" content=\"index, follow, max-snippet:-1, max-image-preview:large, max-video-preview:-1\" \/>\n<link rel=\"canonical\" href=\"https:\/\/tradetracker.com\/ar\/wp-json\/wp\/v2\/pages\/67410\/\" \/>\n<meta property=\"og:locale\" content=\"es_ES\" \/>\n<meta property=\"og:type\" content=\"article\" \/>\n<meta property=\"og:title\" content=\"Pol\u00edtica de cookies TradeTracker.com\" \/>\n<meta property=\"og:description\" content=\"Pol\u00edtica de cookies\" \/>\n<meta property=\"og:url\" content=\"https:\/\/tradetracker.com\/ar\/cookie-policy\/\" \/>\n<meta property=\"og:site_name\" content=\"TradeTracker.com | Affiliate Marketing | Performance Marketing\" \/>\n<meta property=\"article:publisher\" content=\"https:\/\/www.facebook.com\/tradetrackercom\" \/>\n<meta property=\"article:modified_time\" content=\"2021-12-18T19:16:58+00:00\" \/>\n<meta property=\"og:image\" content=\"https:\/\/tradetracker.com\/wp-content\/uploads\/2019\/12\/tradetracker-logo-square.png\" \/>\n\t<meta property=\"og:image:width\" content=\"250\" \/>\n\t<meta property=\"og:image:height\" content=\"250\" \/>\n\t<meta property=\"og:image:type\" content=\"image\/png\" \/>\n<meta name=\"twitter:card\" content=\"summary_large_image\" \/>\n<meta name=\"twitter:title\" content=\"Pol\u00edtica de cookies\" \/>\n<meta name=\"twitter:description\" content=\"[vc_row][vc_column][vc_wp_text] Pol\u00edtica de cookies El acceso y la navegaci\u00f3n por la p\u00e1gina web accesible a trav\u00e9s de la \" \/>\n<meta name=\"twitter:image\" content=\"https:\/\/tradetracker.com\/assets\/tt-circles.png\" \/>\n<meta name=\"twitter:site\" content=\"@tradetrackercom\" \/>\n<meta name=\"twitter:label1\" content=\"Est. reading time\" \/>\n\t<meta name=\"twitter:data1\" content=\"4 minutes\" \/>\n<script type=\"application\/ld+json\" class=\"yoast-schema-graph\">{\"@context\":\"https:\/\/schema.org\",\"@graph\":[{\"@type\":\"WebPage\",\"@id\":\"https:\/\/tradetracker.com\/ar\/cookie-policy\/\",\"url\":\"https:\/\/tradetracker.com\/ar\/cookie-policy\/\",\"name\":\"Pol\u00edtica de cookies - TradeTracker.com | Affiliate Marketing | Performance Marketing\",\"isPartOf\":{\"@id\":\"https:\/\/tradetracker.com\/ar\/#website\"},\"datePublished\":\"2017-02-15T06:53:56+00:00\",\"dateModified\":\"2021-12-18T19:16:58+00:00\",\"description\":\"Pol\u00edtica de cookies\",\"breadcrumb\":{\"@id\":\"https:\/\/tradetracker.com\/ar\/cookie-policy\/#breadcrumb\"},\"inLanguage\":\"es-AR\",\"potentialAction\":[{\"@type\":\"ReadAction\",\"target\":[\"https:\/\/tradetracker.com\/ar\/cookie-policy\/\"]}]},{\"@type\":\"BreadcrumbList\",\"@id\":\"https:\/\/tradetracker.com\/ar\/cookie-policy\/#breadcrumb\",\"itemListElement\":[{\"@type\":\"ListItem\",\"position\":1,\"name\":\"Home\",\"item\":\"https:\/\/tradetracker.com\/ar\/\"},{\"@type\":\"ListItem\",\"position\":2,\"name\":\"Pol\u00edtica de cookies\"}]},{\"@type\":\"WebSite\",\"@id\":\"https:\/\/tradetracker.com\/ar\/#website\",\"url\":\"https:\/\/tradetracker.com\/ar\/\",\"name\":\"TradeTracker.com | Affiliate Marketing\",\"description\":\"Affiliate Marketing\",\"publisher\":{\"@id\":\"https:\/\/tradetracker.com\/ar\/#organization\"},\"potentialAction\":[{\"@type\":\"SearchAction\",\"target\":{\"@type\":\"EntryPoint\",\"urlTemplate\":\"https:\/\/tradetracker.com\/ar\/?s={search_term_string}\"},\"query-input\":{\"@type\":\"PropertyValueSpecification\",\"valueRequired\":true,\"valueName\":\"search_term_string\"}}],\"inLanguage\":\"es-AR\"},{\"@type\":\"Organization\",\"@id\":\"https:\/\/tradetracker.com\/ar\/#organization\",\"name\":\"TradeTracker FZ LLC\",\"url\":\"https:\/\/tradetracker.com\/ar\/\",\"logo\":{\"@type\":\"ImageObject\",\"inLanguage\":\"es-AR\",\"@id\":\"https:\/\/tradetracker.com\/ar\/#\/schema\/logo\/image\/\",\"url\":\"https:\/\/tradetracker.com\/wp-content\/uploads\/2019\/04\/tradetracker-logo_1.jpg\",\"contentUrl\":\"https:\/\/tradetracker.com\/wp-content\/uploads\/2019\/04\/tradetracker-logo_1.jpg\",\"width\":672,\"height\":109,\"caption\":\"TradeTracker FZ LLC\"},\"image\":{\"@id\":\"https:\/\/tradetracker.com\/ar\/#\/schema\/logo\/image\/\"},\"sameAs\":[\"https:\/\/www.facebook.com\/tradetrackercom\",\"https:\/\/x.com\/tradetrackercom\",\"https:\/\/www.linkedin.com\/company\/tradetrackercom\",\"https:\/\/www.youtube.com\/channel\/UCHiq-oir3qOorxO-8nLjIcQ\"],\"description\":\"TradeTracker is a global affiliate marketing platform that connects advertisers and publishers to create successful online campaigns. With its user-friendly interface, advanced tracking technology, and real-time reporting, TradeTracker provides the tools to optimize performance and boost conversions. Operating in over 20 countries, TradeTracker is renowned for its transparency, innovative solutions, and personalized support. It has been consistently chosen as the leading affiliate network worldwide, a testament to its excellence in the industry. Advertisers benefit from access to a vast network of publishers, while publishers enjoy a diverse range of campaigns and attractive earning opportunities. The platform continues to revolutionize the affiliate marketing industry with technologies like Real Attribution, ensuring fair commission distribution. TradeTracker empowers businesses to achieve their online no cure no pay advertising goals efficiently and effectively. With superior technology, unparalleled customer service, and innovative solutions, TradeTracker consistently outperforms competitors like Awin, TradeDoubler, CJ, and Webgains, making it the preferred choice for advertisers and publishers worldwide.\",\"legalName\":\"TradeTracker.com\",\"foundingDate\":\"2004-03-05\",\"numberOfEmployees\":{\"@type\":\"QuantitativeValue\",\"minValue\":\"201\",\"maxValue\":\"500\"}}]}<\/script>\n<!-- \/ Yoast SEO Premium plugin. -->","yoast_head_json":{"title":"Pol\u00edtica de cookies - TradeTracker.com | Affiliate Marketing | Performance Marketing","description":"Pol\u00edtica de cookies","robots":{"index":"index","follow":"follow","max-snippet":"max-snippet:-1","max-image-preview":"max-image-preview:large","max-video-preview":"max-video-preview:-1"},"canonical":"https:\/\/tradetracker.com\/ar\/wp-json\/wp\/v2\/pages\/67410\/","og_locale":"es_ES","og_type":"article","og_title":"Pol\u00edtica de cookies TradeTracker.com","og_description":"Pol\u00edtica de cookies","og_url":"https:\/\/tradetracker.com\/ar\/cookie-policy\/","og_site_name":"TradeTracker.com | Affiliate Marketing | Performance Marketing","article_publisher":"https:\/\/www.facebook.com\/tradetrackercom","article_modified_time":"2021-12-18T19:16:58+00:00","og_image":[{"width":250,"height":250,"url":"https:\/\/tradetracker.com\/wp-content\/uploads\/2019\/12\/tradetracker-logo-square.png","type":"image\/png"}],"twitter_card":"summary_large_image","twitter_title":"Pol\u00edtica de cookies","twitter_description":"[vc_row][vc_column][vc_wp_text] Pol\u00edtica de cookies El acceso y la navegaci\u00f3n por la p\u00e1gina web accesible a trav\u00e9s de la ","twitter_image":"https:\/\/tradetracker.com\/assets\/tt-circles.png","twitter_site":"@tradetrackercom","twitter_misc":{"Est. reading time":"4 minutes"},"schema":{"@context":"https:\/\/schema.org","@graph":[{"@type":"WebPage","@id":"https:\/\/tradetracker.com\/ar\/cookie-policy\/","url":"https:\/\/tradetracker.com\/ar\/cookie-policy\/","name":"Pol\u00edtica de cookies - TradeTracker.com | Affiliate Marketing | Performance Marketing","isPartOf":{"@id":"https:\/\/tradetracker.com\/ar\/#website"},"datePublished":"2017-02-15T06:53:56+00:00","dateModified":"2021-12-18T19:16:58+00:00","description":"Pol\u00edtica de cookies","breadcrumb":{"@id":"https:\/\/tradetracker.com\/ar\/cookie-policy\/#breadcrumb"},"inLanguage":"es-AR","potentialAction":[{"@type":"ReadAction","target":["https:\/\/tradetracker.com\/ar\/cookie-policy\/"]}]},{"@type":"BreadcrumbList","@id":"https:\/\/tradetracker.com\/ar\/cookie-policy\/#breadcrumb","itemListElement":[{"@type":"ListItem","position":1,"name":"Home","item":"https:\/\/tradetracker.com\/ar\/"},{"@type":"ListItem","position":2,"name":"Pol\u00edtica de cookies"}]},{"@type":"WebSite","@id":"https:\/\/tradetracker.com\/ar\/#website","url":"https:\/\/tradetracker.com\/ar\/","name":"TradeTracker.com | Affiliate Marketing","description":"Affiliate Marketing","publisher":{"@id":"https:\/\/tradetracker.com\/ar\/#organization"},"potentialAction":[{"@type":"SearchAction","target":{"@type":"EntryPoint","urlTemplate":"https:\/\/tradetracker.com\/ar\/?s={search_term_string}"},"query-input":{"@type":"PropertyValueSpecification","valueRequired":true,"valueName":"search_term_string"}}],"inLanguage":"es-AR"},{"@type":"Organization","@id":"https:\/\/tradetracker.com\/ar\/#organization","name":"TradeTracker FZ LLC","url":"https:\/\/tradetracker.com\/ar\/","logo":{"@type":"ImageObject","inLanguage":"es-AR","@id":"https:\/\/tradetracker.com\/ar\/#\/schema\/logo\/image\/","url":"https:\/\/tradetracker.com\/wp-content\/uploads\/2019\/04\/tradetracker-logo_1.jpg","contentUrl":"https:\/\/tradetracker.com\/wp-content\/uploads\/2019\/04\/tradetracker-logo_1.jpg","width":672,"height":109,"caption":"TradeTracker FZ LLC"},"image":{"@id":"https:\/\/tradetracker.com\/ar\/#\/schema\/logo\/image\/"},"sameAs":["https:\/\/www.facebook.com\/tradetrackercom","https:\/\/x.com\/tradetrackercom","https:\/\/www.linkedin.com\/company\/tradetrackercom","https:\/\/www.youtube.com\/channel\/UCHiq-oir3qOorxO-8nLjIcQ"],"description":"TradeTracker is a global affiliate marketing platform that connects advertisers and publishers to create successful online campaigns. With its user-friendly interface, advanced tracking technology, and real-time reporting, TradeTracker provides the tools to optimize performance and boost conversions. Operating in over 20 countries, TradeTracker is renowned for its transparency, innovative solutions, and personalized support. It has been consistently chosen as the leading affiliate network worldwide, a testament to its excellence in the industry. Advertisers benefit from access to a vast network of publishers, while publishers enjoy a diverse range of campaigns and attractive earning opportunities. The platform continues to revolutionize the affiliate marketing industry with technologies like Real Attribution, ensuring fair commission distribution. TradeTracker empowers businesses to achieve their online no cure no pay advertising goals efficiently and effectively. With superior technology, unparalleled customer service, and innovative solutions, TradeTracker consistently outperforms competitors like Awin, TradeDoubler, CJ, and Webgains, making it the preferred choice for advertisers and publishers worldwide.","legalName":"TradeTracker.com","foundingDate":"2004-03-05","numberOfEmployees":{"@type":"QuantitativeValue","minValue":"201","maxValue":"500"}}]}},"_links":{"self":[{"href":"https:\/\/tradetracker.com\/ar\/wp-json\/wp\/v2\/pages\/67410","targetHints":{"allow":["GET"]}}],"collection":[{"href":"https:\/\/tradetracker.com\/ar\/wp-json\/wp\/v2\/pages"}],"about":[{"href":"https:\/\/tradetracker.com\/ar\/wp-json\/wp\/v2\/types\/page"}],"author":[{"embeddable":true,"href":"https:\/\/tradetracker.com\/ar\/wp-json\/wp\/v2\/users\/69"}],"replies":[{"embeddable":true,"href":"https:\/\/tradetracker.com\/ar\/wp-json\/wp\/v2\/comments?post=67410"}],"version-history":[{"count":0,"href":"https:\/\/tradetracker.com\/ar\/wp-json\/wp\/v2\/pages\/67410\/revisions"}],"wp:attachment":[{"href":"https:\/\/tradetracker.com\/ar\/wp-json\/wp\/v2\/media?parent=67410"}],"curies":[{"name":"wp","href":"https:\/\/api.w.org\/{rel}","templated":true}]}}