{"id":67418,"date":"2016-12-25T09:57:41","date_gmt":"2016-12-25T09:57:41","guid":{"rendered":"https:\/\/tradetracker.com\/requisitos-afiliados\/"},"modified":"2021-12-09T16:16:23","modified_gmt":"2021-12-09T16:16:23","slug":"requisitos-afiliados","status":"publish","type":"page","link":"https:\/\/tradetracker.com\/ar\/requisitos-afiliados\/","title":{"rendered":"Publisher Qualifications"},"content":{"rendered":"<div class=\"wpb-content-wrapper\"><p>[vc_row classes=&#8221; static-page-intro pub-requirements&#8221;][vc_column]<div class=\"row\"><div class=\"vc_col-sm-12\"><div class=\" static-page-intro-text \"><h1  style=\"color: #ffffff\" class=\"\">REQUISITOS PARA AFILIADOS<\/h1><h2  style=\"color: #ffffff\" class=\"\">Para garantizar la integridad de nuestra red, hay una serie de cualidades que buscamos en nuestro futuros miembros.<br \/>\nA continuaci\u00f3n hemos especificado una serie de aptitudes que consideramos clave para garantizar que eres un candidato merecedor de colaborar con TradeTracker. Si cumple las espectativas, ya has recorrido la mayor parte del camino.<\/h2><\/div>\r\n        <\/div>\r\n    <\/div>[\/vc_column][\/vc_row][vc_row classes=&#8221;bg-pattern&#8221;][vc_column]<div class=\"space\"><\/div>[vc_raw_html]JTNDcCUyMGNsYXNzJTNEJTIyaGVhZGxpbmUtcGFyYWdyYXBoJTIyJTNFRW4lMjBUcmFkZVRyYWNrZXIlMjBub3MlMjBndXN0YSUyMHRyYWJhamFyJTIwY29uJTIwYWZpbGlhZG9zJTIwY29tcHJvbWV0aWRvcyUyQyUyMGRlc2RlJTIwYXF1ZWxsb3MlMjBxdWUlMjBlc3QlQzMlQTFuJTIwZW1wZXphbmRvJTIwYSUyMGRlc2Fycm9sbGFyc2UlMjBoYXN0YSUyMGxvcyUyMG0lQzMlQTFzJTIwZXhwZXJpbWVudGFkb3MlMjBxdWUlMjB0cmFiYWphbiUyMGElMjB0aWVtcG8lMjBjb21wbGV0byUyMHklMjBtb2RlbG9zJTIwZGUlMjBuZWdvY2lvJTIwY29uJTIwZXN0cnVjdHVyYSUyMGVtcHJlc2FyaWFsLiUyMFBhcmElMjBjb25zZWd1aXIlMjBzZXIlMjB1biUyMGFmaWxpYWRvJTIwY290aXphZG8lMjBjb24lMjBlbCUyMHF1ZSUyMGN1YWxxdWllciUyMGFudW5jaWFudGUlMjBxdWlzaWVyYSUyMGNvbGFib3JhciUyQyUyMGRlYmVyJUMzJUExcyUyMHBvc2VlciUyMGxhcyUyMHNpZ3VpZW50ZXMlMjBjYXBhY2lkYWRlcyUzQSUzQyUyRnAlM0U=[\/vc_raw_html]<div class=\"space\"><\/div>[vc_row_inner][vc_column_inner width=&#8221;1\/3&#8243;][vc_wp_text title=&#8221;Capacidad para satisfacer una necesidad espec\u00edfica&#8221;]Trabajar para alcanzar un objetivo te permite satisfacer las necesidades de sus visitantes. Aseg\u00farate de que posees un sitio web, base de datos o cualquier otro canal de relevancia en redes sociales que genere nuevo contenido de manera constante. Mientras seas capaz de desarrollar tu presencia y tu p\u00fablico re\u00fana una serie de caracter\u00edsticas, podr\u00e1s seguir centr\u00e1ndose en perfeccionar el contenido que este busca y espera encontrar cuando te visita. S\u00f3lo as\u00ed ser\u00e1s capaz de encontrar campa\u00f1as adecuadas y que generen conversi\u00f3n. Debes ser un emprendedor con una perspectiva que se ci\u00f1a a tu campo espec\u00edfico.[\/vc_wp_text][\/vc_column_inner][vc_column_inner width=&#8221;1\/3&#8243;][vc_wp_text title=&#8221;Estrategia por objetivos&#8221;]Una vez hayas definido la necesidad que quieres satisfacer, ya sea suministrar informaci\u00f3n relevante a futuros viajeros, ofrecer cr\u00edticas sobre productos, o proporcionar un agregador de productos internacionales, necesitas dar los siguientes pasos: \u00bfA qui\u00e9n te diriges? \u00bfQu\u00e9 es lo que quieres comunicar? \u00bfD\u00f3nde pueden encontrar los visitantes tus contenidos? \u00bfDe qu\u00e9 manera se va a consumir tu contenido? \u00bfCu\u00e1l es tu plan para que vuelvan a visitarte? Se trata de elaborar un plan de negocio y todo se fundamenta en el desarrollo constante y creciente. Est\u00e1s en un \u00e1mbito competitivo, as\u00ed que no dejes de trabajar nunca.[\/vc_wp_text][\/vc_column_inner][vc_column_inner width=&#8221;1\/3&#8243;][vc_wp_text title=&#8221;Apetito insaciable&#8221;]<\/p>\n<p>Las necesidades de los consumidores est\u00e1n constantemente cambiando, al igual que el mundo de los afiliados. La necesidad constante de contenidos en un entorno din\u00e1mico, explorar nuevos nichos y oportunidades, y seguir el mismo camino hacia el \u00e9xito te proporciona las herramientas adecuadas para convertirte en un afiliado TradeTracker de \u00e9xito y emprendedor online. Aspira a lo m\u00e1ximo, s\u00e9 profesional y exp\u00f3n tus conceptos claramente a tus visitantes. Ellos esperan encontrar un entorno bien ajustado que tome como referencia sus h\u00e1bitos diarios de navegaci\u00f3n, no les defraudes.<br \/>\nTu profesionalidad ser\u00e1 reconocida, ya sea a mayor o menor escala, y te convertir\u00e1 en uno de esos cotizados afiliados.<\/p>\n<p>[\/vc_wp_text][\/vc_column_inner][\/vc_row_inner][\/vc_column][\/vc_row][vc_row classes=&#8221;cta ctamerch&#8221; el_id=&#8221;pubcta&#8221;][vc_column]<div class=\"row\"><div class=\"vc_col-sm-12\"><h2 class=\"get_started\" style=\"color:#ffffff\">\u00bfEst\u00e1s preparado para dar el salto?<\/h2><p style=\"color:#ffffff\">Somos un equipo de estusiastas del marketing de afiliaci\u00f3n en busca de resultados, comprometidos con el rendimiento y deseosos de convertir el mundo de la publicidad en un lugar mejor. Ponte en contacto con nosotros y descubre c\u00f3mo podemos ayudarte a desarrollar una estrategia rentable. <\/p>        <ul class=\"cta-items\">\r\n                        <li>\r\n                <a                    class=\"cta-advertiser-signup\"                                      href=\"https:\/\/affiliate.tradetracker.com\/signup\/step1?loc=es_AR\"                                   >\r\n                    Reg\u00edstrate directamente                <\/a>\r\n            <\/li>\r\n                        \r\n                        <li>\r\n                <a                    class=\"cta-advertiser-signup\"                                      href=\"\/ar\/afiliados\/\"                                   >\r\n                    Leer m\u00e1s                <\/a>\r\n            <\/li>\r\n                    <\/ul>\r\n        <\/div><\/div>[\/vc_column][\/vc_row]<\/p>\n<\/div>","protected":false},"excerpt":{"rendered":"<p>[vc_row classes=&#8221; static-page-intro pub-requirements&#8221;][vc_column][\/vc_column][\/vc_row][vc_row classes=&#8221;bg-pattern&#8221;][vc_column][vc_raw_html]JTNDcCUyMGNsYXNzJTNEJTIyaGVhZGxpbmUtcGFyYWdyYXBoJTIyJTNFRW4lMjBUcmFkZVRyYWNrZXIlMjBub3MlMjBndXN0YSUyMHRyYWJhamFyJTIwY29uJTIwYWZpbGlhZG9zJTIwY29tcHJvbWV0aWRvcyUyQyUyMGRlc2RlJTIwYXF1ZWxsb3MlMjBxdWUlMjBlc3QlQzMlQTFuJTIwZW1wZXphbmRvJTIwYSUyMGRlc2Fycm9sbGFyc2UlMjBoYXN0YSUyMGxvcyUyMG0lQzMlQTFzJTIwZXhwZXJpbWVudGFkb3MlMjBxdWUlMjB0cmFiYWphbiUyMGElMjB0aWVtcG8lMjBjb21wbGV0byUyMHklMjBtb2RlbG9zJTIwZGUlMjBuZWdvY2lvJTIwY29uJTIwZXN0cnVjdHVyYSUyMGVtcHJlc2FyaWFsLiUyMFBhcmElMjBjb25zZWd1aXIlMjBzZXIlMjB1biUyMGFmaWxpYWRvJTIwY290aXphZG8lMjBjb24lMjBlbCUyMHF1ZSUyMGN1YWxxdWllciUyMGFudW5jaWFudGUlMjBxdWlzaWVyYSUyMGNvbGFib3JhciUyQyUyMGRlYmVyJUMzJUExcyUyMHBvc2VlciUyMGxhcyUyMHNpZ3VpZW50ZXMlMjBjYXBhY2lkYWRlcyUzQSUzQyUyRnAlM0U=[\/vc_raw_html][vc_row_inner][vc_column_inner width=&#8221;1\/3&#8243;][vc_wp_text title=&#8221;Capacidad para satisfacer una necesidad espec\u00edfica&#8221;]Trabajar para alcanzar un objetivo te permite satisfacer las necesidades de sus visitantes. Aseg\u00farate de que posees un sitio web, base de datos o cualquier otro canal de relevancia en redes sociales que genere nuevo contenido de manera constante. Mientras seas capaz de desarrollar  [&#8230;]<\/p>\n","protected":false},"author":69,"featured_media":0,"parent":0,"menu_order":0,"comment_status":"closed","ping_status":"closed","template":"","meta":{"inline_featured_image":false,"_monsterinsights_skip_tracking":false,"_monsterinsights_sitenote_active":false,"_monsterinsights_sitenote_note":"","_monsterinsights_sitenote_category":0,"footnotes":""},"class_list":["post-67418","page","type-page","status-publish","hentry"],"yoast_head":"<!-- This site is optimized with the Yoast SEO Premium plugin v27.0 (Yoast SEO v27.0) - https:\/\/yoast.com\/product\/yoast-seo-premium-wordpress\/ -->\n<title>Publisher Qualifications - TradeTracker.com | Affiliate Marketing | Performance Marketing<\/title>\n<meta name=\"description\" content=\"[vc_row classes=&quot; static-page-intro pub-requirements&quot;][vc_column]REQUISITOS PARA AFILIADOSPara garantizar la integridad de nuestra red, hay una serie de cualidades que buscamos en nuestro futuros miembros. A\" \/>\n<meta name=\"robots\" content=\"index, follow, max-snippet:-1, max-image-preview:large, max-video-preview:-1\" \/>\n<link rel=\"canonical\" href=\"https:\/\/tradetracker.com\/ar\/wp-json\/wp\/v2\/pages\/67418\/\" \/>\n<meta property=\"og:locale\" content=\"es_ES\" \/>\n<meta property=\"og:type\" content=\"article\" \/>\n<meta property=\"og:title\" content=\"Publisher Qualifications TradeTracker.com\" \/>\n<meta property=\"og:description\" content=\"[vc_row classes=&#8221; static-page-intro\" \/>\n<meta property=\"og:url\" content=\"https:\/\/tradetracker.com\/ar\/requisitos-afiliados\/\" \/>\n<meta property=\"og:site_name\" content=\"TradeTracker.com | Affiliate Marketing | Performance Marketing\" \/>\n<meta property=\"article:publisher\" content=\"https:\/\/www.facebook.com\/tradetrackercom\" \/>\n<meta property=\"article:modified_time\" content=\"2021-12-09T16:16:23+00:00\" \/>\n<meta property=\"og:image\" content=\"https:\/\/tradetracker.com\/wp-content\/uploads\/2019\/12\/tradetracker-logo-square.png\" \/>\n\t<meta property=\"og:image:width\" content=\"250\" \/>\n\t<meta property=\"og:image:height\" content=\"250\" \/>\n\t<meta property=\"og:image:type\" content=\"image\/png\" \/>\n<meta name=\"twitter:card\" content=\"summary_large_image\" \/>\n<meta name=\"twitter:title\" content=\"Publisher Qualifications\" \/>\n<meta name=\"twitter:description\" content=\"[vc_row classes=&quot; static-page-intro pub-requirements&quot;][vc_column]REQUISITOS PARA AFILIADOSPara garantizar la integridad de \" \/>\n<meta name=\"twitter:image\" content=\"https:\/\/tradetracker.com\/assets\/tt-circles.png\" \/>\n<meta name=\"twitter:site\" content=\"@tradetrackercom\" \/>\n<meta name=\"twitter:label1\" content=\"Est. reading time\" \/>\n\t<meta name=\"twitter:data1\" content=\"3 minutes\" \/>\n<script type=\"application\/ld+json\" class=\"yoast-schema-graph\">{\"@context\":\"https:\/\/schema.org\",\"@graph\":[{\"@type\":\"WebPage\",\"@id\":\"https:\/\/tradetracker.com\/ar\/requisitos-afiliados\/\",\"url\":\"https:\/\/tradetracker.com\/ar\/requisitos-afiliados\/\",\"name\":\"Publisher Qualifications - TradeTracker.com | Affiliate Marketing | Performance Marketing\",\"isPartOf\":{\"@id\":\"https:\/\/tradetracker.com\/ar\/#website\"},\"datePublished\":\"2016-12-25T09:57:41+00:00\",\"dateModified\":\"2021-12-09T16:16:23+00:00\",\"breadcrumb\":{\"@id\":\"https:\/\/tradetracker.com\/ar\/requisitos-afiliados\/#breadcrumb\"},\"inLanguage\":\"es-AR\",\"potentialAction\":[{\"@type\":\"ReadAction\",\"target\":[\"https:\/\/tradetracker.com\/ar\/requisitos-afiliados\/\"]}]},{\"@type\":\"BreadcrumbList\",\"@id\":\"https:\/\/tradetracker.com\/ar\/requisitos-afiliados\/#breadcrumb\",\"itemListElement\":[{\"@type\":\"ListItem\",\"position\":1,\"name\":\"Home\",\"item\":\"https:\/\/tradetracker.com\/ar\/\"},{\"@type\":\"ListItem\",\"position\":2,\"name\":\"Publisher Qualifications\"}]},{\"@type\":\"WebSite\",\"@id\":\"https:\/\/tradetracker.com\/ar\/#website\",\"url\":\"https:\/\/tradetracker.com\/ar\/\",\"name\":\"TradeTracker.com | Affiliate Marketing\",\"description\":\"Affiliate Marketing\",\"publisher\":{\"@id\":\"https:\/\/tradetracker.com\/ar\/#organization\"},\"potentialAction\":[{\"@type\":\"SearchAction\",\"target\":{\"@type\":\"EntryPoint\",\"urlTemplate\":\"https:\/\/tradetracker.com\/ar\/?s={search_term_string}\"},\"query-input\":{\"@type\":\"PropertyValueSpecification\",\"valueRequired\":true,\"valueName\":\"search_term_string\"}}],\"inLanguage\":\"es-AR\"},{\"@type\":\"Organization\",\"@id\":\"https:\/\/tradetracker.com\/ar\/#organization\",\"name\":\"TradeTracker FZ LLC\",\"url\":\"https:\/\/tradetracker.com\/ar\/\",\"logo\":{\"@type\":\"ImageObject\",\"inLanguage\":\"es-AR\",\"@id\":\"https:\/\/tradetracker.com\/ar\/#\/schema\/logo\/image\/\",\"url\":\"https:\/\/tradetracker.com\/wp-content\/uploads\/2019\/04\/tradetracker-logo_1.jpg\",\"contentUrl\":\"https:\/\/tradetracker.com\/wp-content\/uploads\/2019\/04\/tradetracker-logo_1.jpg\",\"width\":672,\"height\":109,\"caption\":\"TradeTracker FZ LLC\"},\"image\":{\"@id\":\"https:\/\/tradetracker.com\/ar\/#\/schema\/logo\/image\/\"},\"sameAs\":[\"https:\/\/www.facebook.com\/tradetrackercom\",\"https:\/\/x.com\/tradetrackercom\",\"https:\/\/www.linkedin.com\/company\/tradetrackercom\",\"https:\/\/www.youtube.com\/channel\/UCHiq-oir3qOorxO-8nLjIcQ\"],\"description\":\"TradeTracker is a global affiliate marketing platform that connects advertisers and publishers to create successful online campaigns. With its user-friendly interface, advanced tracking technology, and real-time reporting, TradeTracker provides the tools to optimize performance and boost conversions. Operating in over 20 countries, TradeTracker is renowned for its transparency, innovative solutions, and personalized support. It has been consistently chosen as the leading affiliate network worldwide, a testament to its excellence in the industry. Advertisers benefit from access to a vast network of publishers, while publishers enjoy a diverse range of campaigns and attractive earning opportunities. The platform continues to revolutionize the affiliate marketing industry with technologies like Real Attribution, ensuring fair commission distribution. TradeTracker empowers businesses to achieve their online no cure no pay advertising goals efficiently and effectively. With superior technology, unparalleled customer service, and innovative solutions, TradeTracker consistently outperforms competitors like Awin, TradeDoubler, CJ, and Webgains, making it the preferred choice for advertisers and publishers worldwide.\",\"legalName\":\"TradeTracker.com\",\"foundingDate\":\"2004-03-05\",\"numberOfEmployees\":{\"@type\":\"QuantitativeValue\",\"minValue\":\"201\",\"maxValue\":\"500\"}}]}<\/script>\n<!-- \/ Yoast SEO Premium plugin. -->","yoast_head_json":{"title":"Publisher Qualifications - TradeTracker.com | Affiliate Marketing | Performance Marketing","description":"[vc_row classes=\" static-page-intro pub-requirements\"][vc_column]REQUISITOS PARA AFILIADOSPara garantizar la integridad de nuestra red, hay una serie de cualidades que buscamos en nuestro futuros miembros. A","robots":{"index":"index","follow":"follow","max-snippet":"max-snippet:-1","max-image-preview":"max-image-preview:large","max-video-preview":"max-video-preview:-1"},"canonical":"https:\/\/tradetracker.com\/ar\/wp-json\/wp\/v2\/pages\/67418\/","og_locale":"es_ES","og_type":"article","og_title":"Publisher Qualifications TradeTracker.com","og_description":"[vc_row classes=&#8221; static-page-intro","og_url":"https:\/\/tradetracker.com\/ar\/requisitos-afiliados\/","og_site_name":"TradeTracker.com | Affiliate Marketing | Performance Marketing","article_publisher":"https:\/\/www.facebook.com\/tradetrackercom","article_modified_time":"2021-12-09T16:16:23+00:00","og_image":[{"width":250,"height":250,"url":"https:\/\/tradetracker.com\/wp-content\/uploads\/2019\/12\/tradetracker-logo-square.png","type":"image\/png"}],"twitter_card":"summary_large_image","twitter_title":"Publisher Qualifications","twitter_description":"[vc_row classes=\" static-page-intro pub-requirements\"][vc_column]REQUISITOS PARA AFILIADOSPara garantizar la integridad de ","twitter_image":"https:\/\/tradetracker.com\/assets\/tt-circles.png","twitter_site":"@tradetrackercom","twitter_misc":{"Est. reading time":"3 minutes"},"schema":{"@context":"https:\/\/schema.org","@graph":[{"@type":"WebPage","@id":"https:\/\/tradetracker.com\/ar\/requisitos-afiliados\/","url":"https:\/\/tradetracker.com\/ar\/requisitos-afiliados\/","name":"Publisher Qualifications - TradeTracker.com | Affiliate Marketing | Performance Marketing","isPartOf":{"@id":"https:\/\/tradetracker.com\/ar\/#website"},"datePublished":"2016-12-25T09:57:41+00:00","dateModified":"2021-12-09T16:16:23+00:00","breadcrumb":{"@id":"https:\/\/tradetracker.com\/ar\/requisitos-afiliados\/#breadcrumb"},"inLanguage":"es-AR","potentialAction":[{"@type":"ReadAction","target":["https:\/\/tradetracker.com\/ar\/requisitos-afiliados\/"]}]},{"@type":"BreadcrumbList","@id":"https:\/\/tradetracker.com\/ar\/requisitos-afiliados\/#breadcrumb","itemListElement":[{"@type":"ListItem","position":1,"name":"Home","item":"https:\/\/tradetracker.com\/ar\/"},{"@type":"ListItem","position":2,"name":"Publisher Qualifications"}]},{"@type":"WebSite","@id":"https:\/\/tradetracker.com\/ar\/#website","url":"https:\/\/tradetracker.com\/ar\/","name":"TradeTracker.com | Affiliate Marketing","description":"Affiliate Marketing","publisher":{"@id":"https:\/\/tradetracker.com\/ar\/#organization"},"potentialAction":[{"@type":"SearchAction","target":{"@type":"EntryPoint","urlTemplate":"https:\/\/tradetracker.com\/ar\/?s={search_term_string}"},"query-input":{"@type":"PropertyValueSpecification","valueRequired":true,"valueName":"search_term_string"}}],"inLanguage":"es-AR"},{"@type":"Organization","@id":"https:\/\/tradetracker.com\/ar\/#organization","name":"TradeTracker FZ LLC","url":"https:\/\/tradetracker.com\/ar\/","logo":{"@type":"ImageObject","inLanguage":"es-AR","@id":"https:\/\/tradetracker.com\/ar\/#\/schema\/logo\/image\/","url":"https:\/\/tradetracker.com\/wp-content\/uploads\/2019\/04\/tradetracker-logo_1.jpg","contentUrl":"https:\/\/tradetracker.com\/wp-content\/uploads\/2019\/04\/tradetracker-logo_1.jpg","width":672,"height":109,"caption":"TradeTracker FZ LLC"},"image":{"@id":"https:\/\/tradetracker.com\/ar\/#\/schema\/logo\/image\/"},"sameAs":["https:\/\/www.facebook.com\/tradetrackercom","https:\/\/x.com\/tradetrackercom","https:\/\/www.linkedin.com\/company\/tradetrackercom","https:\/\/www.youtube.com\/channel\/UCHiq-oir3qOorxO-8nLjIcQ"],"description":"TradeTracker is a global affiliate marketing platform that connects advertisers and publishers to create successful online campaigns. With its user-friendly interface, advanced tracking technology, and real-time reporting, TradeTracker provides the tools to optimize performance and boost conversions. Operating in over 20 countries, TradeTracker is renowned for its transparency, innovative solutions, and personalized support. It has been consistently chosen as the leading affiliate network worldwide, a testament to its excellence in the industry. Advertisers benefit from access to a vast network of publishers, while publishers enjoy a diverse range of campaigns and attractive earning opportunities. The platform continues to revolutionize the affiliate marketing industry with technologies like Real Attribution, ensuring fair commission distribution. TradeTracker empowers businesses to achieve their online no cure no pay advertising goals efficiently and effectively. With superior technology, unparalleled customer service, and innovative solutions, TradeTracker consistently outperforms competitors like Awin, TradeDoubler, CJ, and Webgains, making it the preferred choice for advertisers and publishers worldwide.","legalName":"TradeTracker.com","foundingDate":"2004-03-05","numberOfEmployees":{"@type":"QuantitativeValue","minValue":"201","maxValue":"500"}}]}},"_links":{"self":[{"href":"https:\/\/tradetracker.com\/ar\/wp-json\/wp\/v2\/pages\/67418","targetHints":{"allow":["GET"]}}],"collection":[{"href":"https:\/\/tradetracker.com\/ar\/wp-json\/wp\/v2\/pages"}],"about":[{"href":"https:\/\/tradetracker.com\/ar\/wp-json\/wp\/v2\/types\/page"}],"author":[{"embeddable":true,"href":"https:\/\/tradetracker.com\/ar\/wp-json\/wp\/v2\/users\/69"}],"replies":[{"embeddable":true,"href":"https:\/\/tradetracker.com\/ar\/wp-json\/wp\/v2\/comments?post=67418"}],"version-history":[{"count":0,"href":"https:\/\/tradetracker.com\/ar\/wp-json\/wp\/v2\/pages\/67418\/revisions"}],"wp:attachment":[{"href":"https:\/\/tradetracker.com\/ar\/wp-json\/wp\/v2\/media?parent=67418"}],"curies":[{"name":"wp","href":"https:\/\/api.w.org\/{rel}","templated":true}]}}