{"id":67421,"date":"2016-12-19T13:34:20","date_gmt":"2016-12-19T13:34:20","guid":{"rendered":"https:\/\/tradetracker.com\/politica-de-privacidad\/"},"modified":"2025-01-16T14:44:48","modified_gmt":"2025-01-16T14:44:48","slug":"politica-de-privacidad","status":"publish","type":"page","link":"https:\/\/tradetracker.com\/ar\/politica-de-privacidad\/","title":{"rendered":"Politica de Privacidad"},"content":{"rendered":"<div class=\"wpb-content-wrapper\"><p>[vc_row classes=&#8221;static-page-intro short privacy-page&#8221;][vc_column]<div class=\"row\"><div class=\"vc_col-sm-12\"><div class=\" static-page-intro-text \"><h1  style=\"color: #ffffff\" class=\"\">POL\u00cdTICA DE PRIVACIDAD<\/h1><\/div>\r\n        <\/div>\r\n    <\/div>[\/vc_column][\/vc_row][vc_row][vc_column]<div class=\"space\"><\/div>[vc_wp_text]<\/p>\n<h3><strong>1. Informaci\u00f3n general<\/strong><\/h3>\n<p>La presente Pol\u00edtica de Privacidad regula la recogida y tratamiento de datos personales proporcionados por los usuarios de la p\u00e1gina web, accesible a trav\u00e9s de la URL https:\/\/TradeTracker.com\/ar\/ (en adelante, el \u201cSitio Web\u201d), siendo el responsable del tratamiento de dichos datos TradeTracker AR (en adelante, \u201cTradeTracker\u201d o la \u201cTitular\u201d), con domicilio en Torre Bellini, Esmeralda 950, CP C1007 CABA, Argentina.<\/p>\n<p>En algunos casos, TradeTracker podr\u00e1 actuar como \u201cencargada del tratamiento\u201d, esto es, en nombre y por cuenta de afiliados y\/o anunciantes que participan en nuestra red de afiliaci\u00f3n (en adelante, \u201cPartners\u201d). Puedes encontrar m\u00e1s informaci\u00f3n sobre qui\u00e9nes son nuestros Partners en el Sitio Web. Si quieres saber m\u00e1s sobre el tratamiento de tus datos por parte de los Partners, deber\u00e1s consultar sus Pol\u00edticas de privacidad.<\/p>\n<p>Tu privacidad es importante para nosotros. Por eso, en esta Pol\u00edtica de privacidad te explicamos claramente el uso que hacemos de tus datos personales. Por favor, l\u00e9ela detenidamente, pues contiene informaci\u00f3n importante sobre:<\/p>\n<p>&#8211; Datos personales que recabamos<br \/>\n&#8211; C\u00f3mo tratamos dichos datos<br \/>\n&#8211; Si tus datos podr\u00e1n ser comunicados a terceros<br \/>\n&#8211; Tus derechos en materia de protecci\u00f3n de datos<\/p>\n<p>Si quieres saber m\u00e1s sobre el uso de cookies en el Sitio Web, por favor consulta nuestra <a href=\"\/ar\/politica-de-privacidad\/como-usamos-las-cookies\/\">Pol\u00edtica de cookies<\/a>.<\/p>\n<p>El Sitio Web podr\u00e1 contener links que conduzcan a p\u00e1ginas titularidad de terceros, con sus propias pol\u00edticas de privacidad. Te recomendamos que las consultes. TradeTracker no se har\u00e1 responsable sobre el uso que hagas de las webs de terceros.<\/p>\n<p>TradeTracker se reserva el derecho de modificar en cualquier momento su Pol\u00edtica de privacidad, pudiendo notificarlo en el Sitio Web o bien directamente a los interesados. No obstante, te recomendamos consultar peri\u00f3dicamente esta Pol\u00edtica.<\/p>\n<h3>2. \u00bfQu\u00e9 tipo de informaci\u00f3n recopilamos?<\/h3>\n<p>A trav\u00e9s de tu acceso y navegaci\u00f3n por el Sitio Web, TradeTracker recopila diferentes tipos de informaci\u00f3n para poder operar de manera eficiente y ofrecerte los productos, servicios y experiencias adecuados, seg\u00fan tus intereses o preferencias. Recopilamos informaci\u00f3n cuando te registras, accedes y haces uso de nuestros sitios web y servicios. En algunas ocasiones, podremos obtener informaci\u00f3n que nos comunican terceras compa\u00f1\u00edas. Recopilamos la informaci\u00f3n de muchas maneras, como a partir de formularios web, tecnolog\u00eda como <a href=\"\/ar\/politica-de-privacidad\/como-usamos-las-cookies\/\">cookies<\/a> , registro web (web logging) o software que se encuentre en tu ordenador o cualquier otro dispositivo.<\/p>\n<h3>3. \u00bfQu\u00e9 uso hacemos de tu informaci\u00f3n personal?<\/h3>\n<p>La informaci\u00f3n que podemos recopilar durante la navegaci\u00f3n por el sitio web, a trav\u00e9s de cookies o similares, es tratada por TradeTracker con fines estad\u00edsticos, para operar, mejorar y personalizar los productos y servicios que ofrecemos. La informaci\u00f3n tambi\u00e9n se utiliza para ayudar a que la publicidad que puedes ver en nuestros servicios sea m\u00e1s relevante. Para m\u00e1s informaci\u00f3n, consulta nuestra <a href=\"\/ar\/politica-de-privacidad\/como-usamos-las-cookies\/\">Pol\u00edtica de Cookies<\/a>.<\/p>\n<p>1. Al ponerte en contacto con TradeTracker, a trav\u00e9s de los medios de contacto publicados en el Sitio Web (secci\u00f3n \u201cCont\u00e1ctanos\u201d), trataremos tus datos para ponernos en contacto contigo y atenderte cuando sea necesario. La base jur\u00eddica que sustenta este tratamiento es tu consentimiento. Tus datos ser\u00e1n conservados por TradeTracker durante un a\u00f1o.<\/p>\n<p>Asimismo, los datos que nos facilites al solicitar una Demo, mediante env\u00edo de email a la direcci\u00f3n indicada, ser\u00e1n tratados por TradeTracker para facilitarte dicha demo. La base jur\u00eddica que sustenta este tratamiento es tu consentimiento. Tus datos ser\u00e1n conservados por TradeTracker durante un a\u00f1o.<\/p>\n<p>2. Cuando solicitas formar parte de nuestra red de afiliados, a trav\u00e9s del formulario de registro, deber\u00e1s facilitar determinados datos que ser\u00e1n tratados por TradeTracker para realizar los tr\u00e1mites previos a tu participaci\u00f3n en el Programa de Afiliaci\u00f3n y, en su caso, habilitar las herramientas y funcionalidades a que tendr\u00e1s acceso con ocasi\u00f3n del alta en la red. La base jur\u00eddica se fundamenta en que el tratamiento es necesario en el contexto de un contrato, o de la intenci\u00f3n de concluir un contrato.<\/p>\n<p>3. Podr\u00e1s ampliar informaci\u00f3n sobre la difusi\u00f3n de publicidad a trav\u00e9s de TradeTracker descarg\u00e1ndote nuestro folleto informativo. Para ello, deber\u00e1s cumplimentar el formulario correspondiente en el Sitio Web, facilitando los datos que se soliciten. Trataremos tus datos para permitirte la descarga de nuestro folleto informativo, bas\u00e1ndonos en tu consentimiento. El plazo de conservaci\u00f3n de tus datos para estas finalidades ser\u00e1 de un a\u00f1o, salvo que contrates posteriormente nuestros servicios.<\/p>\n<p>4. Cuando contrates los servicios de TradeTracker, la informaci\u00f3n que nos facilites ser\u00e1 tratada para poder prestarte adecuadamente el servicio o desarrollar correctamente los fines objeto del contrato, as\u00ed como para poder contactar contigo. La base jur\u00eddica que sustenta este tratamiento es la relaci\u00f3n contractual que te vincula con TradeTracker. Los datos personales que nos facilites ser\u00e1n conservados durante el tiempo que el contrato permanezca vigente, conserv\u00e1ndose bloqueados durante cinco a\u00f1os una vez finalizado el mismo.<\/p>\n<p>5. En caso de que nos hayas dado tu consentimiento, trataremos tus datos para enviarte comunicaciones comerciales y otras novedades sobre TradeTracker. La base jur\u00eddica de este tratamiento es tu consentimiento, y el plazo de conservaci\u00f3n coincidir\u00e1 con el per\u00edodo en que est\u00e9s suscrito al env\u00edo de estas comunicaciones, es decir, hasta que decidas darte de baja.<\/p>\n<p>Es posible que TradeTracker recopile informaci\u00f3n de ti cuando accedes a la p\u00e1gina web de uno de los anunciantes a trav\u00e9s de la p\u00e1gina web de uno de sus afiliados, o cuando navegas por \u00e9sta. Utilizaremos dicha informaci\u00f3n, en calidad de Encargados, para verificar que las transacciones en las p\u00e1ginas web de nuestros clientes provienen de webs o plataformas de nuestros afiliados, as\u00ed como otros fines necesarios para la prestaci\u00f3n de nuestros servicios.<\/p>\n<h3>4.\u00a0Comunicaciones de datos a terceros<\/h3>\n<p>Cuando, como afiliado, te registras en una Campa\u00f1a, tus datos podr\u00e1n ser comunicados a la empresa anunciante que ha generado dicha campa\u00f1a, por ser necesario para la prestaci\u00f3n del servicio y para\u00a0su mantenimiento y cumplimiento. Asimismo, tus datos podr\u00e1n ser comunicados a las autoridades tributarias, cuando exista una obligaci\u00f3n legal; y a las entidades bancarias con las que trabajamos, para la tramitaci\u00f3n de los pagos.<\/p>\n<p>Los datos personales que nos facilites podr\u00e1n ser comunicados a otras compa\u00f1\u00edas del grupo TradeTracker, a consultar en nuestro Sitio Web (clic <a href=\"https:\/\/tradetracker.com\/ar\/\">en nuestro Sitio Web<\/a>), sin que el tratamiento de los mismos se realice con otras finalidades distintas a las indicadas en esta Pol\u00edtica de privacidad.<\/p>\n<p>En cualquier otro caso y salvo que te indiquemos lo contrario, no compartiremos tu informaci\u00f3n personal con terceros, a menos que existiera una obligaci\u00f3n legal.<\/p>\n<h3>5. Transferencias internacionales<\/h3>\n<p>Nuestros servidores est\u00e1n ubicados en Europa (Irlanda).<\/p>\n<p>No obstante, estando algunas de las compa\u00f1\u00edas del grupo TradeTracker ubicadas fuera de territorio europeo, es posible que TradeTracker realice transferencias internacionales de datos personales entre las entidades del grupo.<\/p>\n<h3>6.\u00a0Tus derechos<\/h3>\n<p>En cualquier momento, podr\u00e1s presentar una reclamaci\u00f3n ante la Agencia de Protecci\u00f3n de Datos para hacer valer tus derechos.<\/p>\n<p><span style=\"text-decoration: underline;\">C\u00f3mo acceder a tu informaci\u00f3n personal<\/span><\/p>\n<p>Algunos de los servicios de TradeTracker te permiten consultar o modificar tu informaci\u00f3n personal online. Para evitar que terceros puedan consultar tu informaci\u00f3n personal, se solicitar\u00e1 que te registres previamente. El m\u00e9todo de acceso a tu informaci\u00f3n personal depender\u00e1 de los sitios web o servicios que hayas utilizado.<\/p>\n<p><span style=\"text-decoration: underline;\">Preferencias de comunicaciones comerciales<\/span><\/p>\n<p>Dependiendo del tipo de servicio, tendr\u00e1s la opci\u00f3n de cambiar las preferencias en relaci\u00f3n con la recepci\u00f3n de mensajes de correo electr\u00f3nico promocionales, llamadas telef\u00f3nicas y correo ordinario para determinados sitios web o servicios de TradeTracker.<\/p>\n<h3>7. Cuenta TradeTracker<\/h3>\n<p>Una cuenta TradeTracker te permite registrarte en productos, sitios web y servicios de TradeTracker. Tal y como hemos expuesto anteriormente, cuando creas una cuenta TradeTracker, te pedimos determinada informaci\u00f3n. Al registrarte en un sitio web o servicio usando tu cuenta TradeTracker, recopilamos determinada informaci\u00f3n para comprobar tu identidad en nombre del sitio web o servicio, para protegerte contra el uso malintencionado de tu cuenta, y para salvaguardar la eficiencia y seguridad del servicio de cuentas TradeTracker. Tambi\u00e9n enviamos determinada informaci\u00f3n de car\u00e1cter no personal a un sitio web o servicio en el que te hayas registrado con tu cuenta TradeTracker.<\/p>\n<h3>8. Informaci\u00f3n de contacto<\/h3>\n<p>Podr\u00e1s enviarnos todas tus consultas, comentarios y sugerencia a nuestra direcci\u00f3n de email. Te responderemos a la mayor brevedad posible.[\/vc_wp_text][\/vc_column][\/vc_row][vc_row][vc_column]<div class=\"space\"><\/div>[\/vc_column][\/vc_row]<\/p>\n<\/div>","protected":false},"excerpt":{"rendered":"<p>[vc_row classes=&#8221;static-page-intro short privacy-page&#8221;][vc_column][\/vc_column][\/vc_row][vc_row][vc_column][vc_wp_text] 1. Informaci\u00f3n general La presente Pol\u00edtica de Privacidad regula la recogida y tratamiento de datos personales proporcionados por los usuarios de la p\u00e1gina web, accesible a trav\u00e9s de la URL https:\/\/TradeTracker.com\/ar\/ (en adelante, el \u201cSitio Web\u201d), siendo el responsable del tratamiento de dichos datos TradeTracker AR (en adelante, \u201cTradeTracker\u201d o la  [&#8230;]<\/p>\n","protected":false},"author":69,"featured_media":0,"parent":0,"menu_order":0,"comment_status":"closed","ping_status":"closed","template":"template-privacy-page.php","meta":{"inline_featured_image":false,"_monsterinsights_skip_tracking":false,"_monsterinsights_sitenote_active":false,"_monsterinsights_sitenote_note":"","_monsterinsights_sitenote_category":0,"footnotes":""},"class_list":["post-67421","page","type-page","status-publish","hentry"],"yoast_head":"<!-- This site is optimized with the Yoast SEO Premium plugin v27.0 (Yoast SEO v27.0) - https:\/\/yoast.com\/product\/yoast-seo-premium-wordpress\/ -->\n<title>Politica de Privacidad - TradeTracker.com | Affiliate Marketing | Performance Marketing<\/title>\n<meta name=\"description\" content=\"[vc_row classes=&quot;static-page-intro short privacy-page&quot;][vc_column]POL\u00cdTICA DE PRIVACIDAD [\/vc_column][\/vc_row][vc_row][vc_column][vc_wp_text] 1. Informaci\u00f3n general La presente Pol\u00edtica de Privacidad regula la\" \/>\n<meta name=\"robots\" content=\"index, follow, max-snippet:-1, max-image-preview:large, max-video-preview:-1\" \/>\n<link rel=\"canonical\" href=\"https:\/\/tradetracker.com\/ar\/wp-json\/wp\/v2\/pages\/67421\/\" \/>\n<meta property=\"og:locale\" content=\"es_ES\" \/>\n<meta property=\"og:type\" content=\"article\" \/>\n<meta property=\"og:title\" content=\"Politica de Privacidad TradeTracker.com\" \/>\n<meta property=\"og:description\" content=\"[vc_row classes=&#8221;static-page-intro short\" \/>\n<meta property=\"og:url\" content=\"https:\/\/tradetracker.com\/ar\/politica-de-privacidad\/\" \/>\n<meta property=\"og:site_name\" content=\"TradeTracker.com | Affiliate Marketing | Performance Marketing\" \/>\n<meta property=\"article:publisher\" content=\"https:\/\/www.facebook.com\/tradetrackercom\" \/>\n<meta property=\"article:modified_time\" content=\"2025-01-16T14:44:48+00:00\" \/>\n<meta property=\"og:image\" content=\"https:\/\/tradetracker.com\/wp-content\/uploads\/2019\/12\/tradetracker-logo-square.png\" \/>\n\t<meta property=\"og:image:width\" content=\"250\" \/>\n\t<meta property=\"og:image:height\" content=\"250\" \/>\n\t<meta property=\"og:image:type\" content=\"image\/png\" \/>\n<meta name=\"twitter:card\" content=\"summary_large_image\" \/>\n<meta name=\"twitter:title\" content=\"Politica de Privacidad\" \/>\n<meta name=\"twitter:description\" content=\"[vc_row classes=&quot;static-page-intro short privacy-page&quot;][vc_column]POL\u00cdTICA DE PRIVACIDAD \" \/>\n<meta name=\"twitter:image\" content=\"https:\/\/tradetracker.com\/assets\/tt-circles.png\" \/>\n<meta name=\"twitter:site\" content=\"@tradetrackercom\" \/>\n<meta name=\"twitter:label1\" content=\"Est. reading time\" \/>\n\t<meta name=\"twitter:data1\" content=\"6 minutes\" \/>\n<script type=\"application\/ld+json\" class=\"yoast-schema-graph\">{\"@context\":\"https:\/\/schema.org\",\"@graph\":[{\"@type\":\"WebPage\",\"@id\":\"https:\/\/tradetracker.com\/ar\/politica-de-privacidad\/\",\"url\":\"https:\/\/tradetracker.com\/ar\/politica-de-privacidad\/\",\"name\":\"Politica de Privacidad - TradeTracker.com | Affiliate Marketing | Performance Marketing\",\"isPartOf\":{\"@id\":\"https:\/\/tradetracker.com\/ar\/#website\"},\"datePublished\":\"2016-12-19T13:34:20+00:00\",\"dateModified\":\"2025-01-16T14:44:48+00:00\",\"breadcrumb\":{\"@id\":\"https:\/\/tradetracker.com\/ar\/politica-de-privacidad\/#breadcrumb\"},\"inLanguage\":\"es-AR\",\"potentialAction\":[{\"@type\":\"ReadAction\",\"target\":[\"https:\/\/tradetracker.com\/ar\/politica-de-privacidad\/\"]}]},{\"@type\":\"BreadcrumbList\",\"@id\":\"https:\/\/tradetracker.com\/ar\/politica-de-privacidad\/#breadcrumb\",\"itemListElement\":[{\"@type\":\"ListItem\",\"position\":1,\"name\":\"Home\",\"item\":\"https:\/\/tradetracker.com\/ar\/\"},{\"@type\":\"ListItem\",\"position\":2,\"name\":\"Politica de Privacidad\"}]},{\"@type\":\"WebSite\",\"@id\":\"https:\/\/tradetracker.com\/ar\/#website\",\"url\":\"https:\/\/tradetracker.com\/ar\/\",\"name\":\"TradeTracker.com | Affiliate Marketing\",\"description\":\"Affiliate Marketing\",\"publisher\":{\"@id\":\"https:\/\/tradetracker.com\/ar\/#organization\"},\"potentialAction\":[{\"@type\":\"SearchAction\",\"target\":{\"@type\":\"EntryPoint\",\"urlTemplate\":\"https:\/\/tradetracker.com\/ar\/?s={search_term_string}\"},\"query-input\":{\"@type\":\"PropertyValueSpecification\",\"valueRequired\":true,\"valueName\":\"search_term_string\"}}],\"inLanguage\":\"es-AR\"},{\"@type\":\"Organization\",\"@id\":\"https:\/\/tradetracker.com\/ar\/#organization\",\"name\":\"TradeTracker FZ LLC\",\"url\":\"https:\/\/tradetracker.com\/ar\/\",\"logo\":{\"@type\":\"ImageObject\",\"inLanguage\":\"es-AR\",\"@id\":\"https:\/\/tradetracker.com\/ar\/#\/schema\/logo\/image\/\",\"url\":\"https:\/\/tradetracker.com\/wp-content\/uploads\/2019\/04\/tradetracker-logo_1.jpg\",\"contentUrl\":\"https:\/\/tradetracker.com\/wp-content\/uploads\/2019\/04\/tradetracker-logo_1.jpg\",\"width\":672,\"height\":109,\"caption\":\"TradeTracker FZ LLC\"},\"image\":{\"@id\":\"https:\/\/tradetracker.com\/ar\/#\/schema\/logo\/image\/\"},\"sameAs\":[\"https:\/\/www.facebook.com\/tradetrackercom\",\"https:\/\/x.com\/tradetrackercom\",\"https:\/\/www.linkedin.com\/company\/tradetrackercom\",\"https:\/\/www.youtube.com\/channel\/UCHiq-oir3qOorxO-8nLjIcQ\"],\"description\":\"TradeTracker is a global affiliate marketing platform that connects advertisers and publishers to create successful online campaigns. With its user-friendly interface, advanced tracking technology, and real-time reporting, TradeTracker provides the tools to optimize performance and boost conversions. Operating in over 20 countries, TradeTracker is renowned for its transparency, innovative solutions, and personalized support. It has been consistently chosen as the leading affiliate network worldwide, a testament to its excellence in the industry. Advertisers benefit from access to a vast network of publishers, while publishers enjoy a diverse range of campaigns and attractive earning opportunities. The platform continues to revolutionize the affiliate marketing industry with technologies like Real Attribution, ensuring fair commission distribution. TradeTracker empowers businesses to achieve their online no cure no pay advertising goals efficiently and effectively. With superior technology, unparalleled customer service, and innovative solutions, TradeTracker consistently outperforms competitors like Awin, TradeDoubler, CJ, and Webgains, making it the preferred choice for advertisers and publishers worldwide.\",\"legalName\":\"TradeTracker.com\",\"foundingDate\":\"2004-03-05\",\"numberOfEmployees\":{\"@type\":\"QuantitativeValue\",\"minValue\":\"201\",\"maxValue\":\"500\"}}]}<\/script>\n<!-- \/ Yoast SEO Premium plugin. -->","yoast_head_json":{"title":"Politica de Privacidad - TradeTracker.com | Affiliate Marketing | Performance Marketing","description":"[vc_row classes=\"static-page-intro short privacy-page\"][vc_column]POL\u00cdTICA DE PRIVACIDAD [\/vc_column][\/vc_row][vc_row][vc_column][vc_wp_text] 1. Informaci\u00f3n general La presente Pol\u00edtica de Privacidad regula la","robots":{"index":"index","follow":"follow","max-snippet":"max-snippet:-1","max-image-preview":"max-image-preview:large","max-video-preview":"max-video-preview:-1"},"canonical":"https:\/\/tradetracker.com\/ar\/wp-json\/wp\/v2\/pages\/67421\/","og_locale":"es_ES","og_type":"article","og_title":"Politica de Privacidad TradeTracker.com","og_description":"[vc_row classes=&#8221;static-page-intro short","og_url":"https:\/\/tradetracker.com\/ar\/politica-de-privacidad\/","og_site_name":"TradeTracker.com | Affiliate Marketing | Performance Marketing","article_publisher":"https:\/\/www.facebook.com\/tradetrackercom","article_modified_time":"2025-01-16T14:44:48+00:00","og_image":[{"width":250,"height":250,"url":"https:\/\/tradetracker.com\/wp-content\/uploads\/2019\/12\/tradetracker-logo-square.png","type":"image\/png"}],"twitter_card":"summary_large_image","twitter_title":"Politica de Privacidad","twitter_description":"[vc_row classes=\"static-page-intro short privacy-page\"][vc_column]POL\u00cdTICA DE PRIVACIDAD ","twitter_image":"https:\/\/tradetracker.com\/assets\/tt-circles.png","twitter_site":"@tradetrackercom","twitter_misc":{"Est. reading time":"6 minutes"},"schema":{"@context":"https:\/\/schema.org","@graph":[{"@type":"WebPage","@id":"https:\/\/tradetracker.com\/ar\/politica-de-privacidad\/","url":"https:\/\/tradetracker.com\/ar\/politica-de-privacidad\/","name":"Politica de Privacidad - TradeTracker.com | Affiliate Marketing | Performance Marketing","isPartOf":{"@id":"https:\/\/tradetracker.com\/ar\/#website"},"datePublished":"2016-12-19T13:34:20+00:00","dateModified":"2025-01-16T14:44:48+00:00","breadcrumb":{"@id":"https:\/\/tradetracker.com\/ar\/politica-de-privacidad\/#breadcrumb"},"inLanguage":"es-AR","potentialAction":[{"@type":"ReadAction","target":["https:\/\/tradetracker.com\/ar\/politica-de-privacidad\/"]}]},{"@type":"BreadcrumbList","@id":"https:\/\/tradetracker.com\/ar\/politica-de-privacidad\/#breadcrumb","itemListElement":[{"@type":"ListItem","position":1,"name":"Home","item":"https:\/\/tradetracker.com\/ar\/"},{"@type":"ListItem","position":2,"name":"Politica de Privacidad"}]},{"@type":"WebSite","@id":"https:\/\/tradetracker.com\/ar\/#website","url":"https:\/\/tradetracker.com\/ar\/","name":"TradeTracker.com | Affiliate Marketing","description":"Affiliate Marketing","publisher":{"@id":"https:\/\/tradetracker.com\/ar\/#organization"},"potentialAction":[{"@type":"SearchAction","target":{"@type":"EntryPoint","urlTemplate":"https:\/\/tradetracker.com\/ar\/?s={search_term_string}"},"query-input":{"@type":"PropertyValueSpecification","valueRequired":true,"valueName":"search_term_string"}}],"inLanguage":"es-AR"},{"@type":"Organization","@id":"https:\/\/tradetracker.com\/ar\/#organization","name":"TradeTracker FZ LLC","url":"https:\/\/tradetracker.com\/ar\/","logo":{"@type":"ImageObject","inLanguage":"es-AR","@id":"https:\/\/tradetracker.com\/ar\/#\/schema\/logo\/image\/","url":"https:\/\/tradetracker.com\/wp-content\/uploads\/2019\/04\/tradetracker-logo_1.jpg","contentUrl":"https:\/\/tradetracker.com\/wp-content\/uploads\/2019\/04\/tradetracker-logo_1.jpg","width":672,"height":109,"caption":"TradeTracker FZ LLC"},"image":{"@id":"https:\/\/tradetracker.com\/ar\/#\/schema\/logo\/image\/"},"sameAs":["https:\/\/www.facebook.com\/tradetrackercom","https:\/\/x.com\/tradetrackercom","https:\/\/www.linkedin.com\/company\/tradetrackercom","https:\/\/www.youtube.com\/channel\/UCHiq-oir3qOorxO-8nLjIcQ"],"description":"TradeTracker is a global affiliate marketing platform that connects advertisers and publishers to create successful online campaigns. With its user-friendly interface, advanced tracking technology, and real-time reporting, TradeTracker provides the tools to optimize performance and boost conversions. Operating in over 20 countries, TradeTracker is renowned for its transparency, innovative solutions, and personalized support. It has been consistently chosen as the leading affiliate network worldwide, a testament to its excellence in the industry. Advertisers benefit from access to a vast network of publishers, while publishers enjoy a diverse range of campaigns and attractive earning opportunities. The platform continues to revolutionize the affiliate marketing industry with technologies like Real Attribution, ensuring fair commission distribution. TradeTracker empowers businesses to achieve their online no cure no pay advertising goals efficiently and effectively. With superior technology, unparalleled customer service, and innovative solutions, TradeTracker consistently outperforms competitors like Awin, TradeDoubler, CJ, and Webgains, making it the preferred choice for advertisers and publishers worldwide.","legalName":"TradeTracker.com","foundingDate":"2004-03-05","numberOfEmployees":{"@type":"QuantitativeValue","minValue":"201","maxValue":"500"}}]}},"_links":{"self":[{"href":"https:\/\/tradetracker.com\/ar\/wp-json\/wp\/v2\/pages\/67421","targetHints":{"allow":["GET"]}}],"collection":[{"href":"https:\/\/tradetracker.com\/ar\/wp-json\/wp\/v2\/pages"}],"about":[{"href":"https:\/\/tradetracker.com\/ar\/wp-json\/wp\/v2\/types\/page"}],"author":[{"embeddable":true,"href":"https:\/\/tradetracker.com\/ar\/wp-json\/wp\/v2\/users\/69"}],"replies":[{"embeddable":true,"href":"https:\/\/tradetracker.com\/ar\/wp-json\/wp\/v2\/comments?post=67421"}],"version-history":[{"count":2,"href":"https:\/\/tradetracker.com\/ar\/wp-json\/wp\/v2\/pages\/67421\/revisions"}],"predecessor-version":[{"id":1134607,"href":"https:\/\/tradetracker.com\/ar\/wp-json\/wp\/v2\/pages\/67421\/revisions\/1134607"}],"wp:attachment":[{"href":"https:\/\/tradetracker.com\/ar\/wp-json\/wp\/v2\/media?parent=67421"}],"curies":[{"name":"wp","href":"https:\/\/api.w.org\/{rel}","templated":true}]}}