{"id":108217,"date":"2016-12-25T09:57:41","date_gmt":"2016-12-25T09:57:41","guid":{"rendered":"https:\/\/tradetracker.com\/publisher-anforderungen\/"},"modified":"2021-12-09T16:36:45","modified_gmt":"2021-12-09T16:36:45","slug":"publisher-anforderungen","status":"publish","type":"page","link":"https:\/\/tradetracker.com\/at\/publisher-anforderungen\/","title":{"rendered":"Publisher Qualifications"},"content":{"rendered":"<div class=\"wpb-content-wrapper\"><p>[vc_row classes=&#8221; static-page-intro pub-requirements&#8221;][vc_column]<div class=\"row\"><div class=\"vc_col-sm-12\"><div class=\" static-page-intro-text \"><h1  style=\"color: #ffffff\" class=\"\">PUBLISHER-QUALIFIKATIONEN<\/h1><h2  style=\"color: #ffffff\" class=\"\">Um sicherzustellen, dass unser Netzwerk seine Integrit\u00e4t beh\u00e4lt, gibt es ein paar Dinge, die unsere neuen Mitglieder mitbringen sollten.<br \/>\nWir haben die wichtigsten Qualit\u00e4ten aufgelistet, um herauszufinden, ob Sie ein geeigneter Kandidat f\u00fcr die Zusammenarbeit mit TradeTracker sind. Wenn Sie die unten stehenden Anforderungen erf\u00fcllen, haben Sie es schon fast geschafft.<br \/>\n<\/h2><\/div>\r\n        <\/div>\r\n    <\/div>[\/vc_column][\/vc_row][vc_row classes=&#8221;bg-pattern&#8221;][vc_column]<div class=\"space\"><\/div>[vc_raw_html]JTNDcCUyMGNsYXNzJTNEJTIyaGVhZGxpbmUtcGFyYWdyYXBoJTIyJTNFQmVpJTIwVHJhZGV0cmFja2VyJTIwZnJldWVuJTIwd2lyJTIwdW5zJTJDJTIwbWl0JTIwamVkZW0lMjBlbmdhZ2llcnRlbiUyMFB1Ymxpc2hlciUyMHp1c2FtbWVuenVhcmJlaXRlbiUyMCVFMiU4MCU5MyUyMHZvbiUyMGRlbiUyMGZyJUMzJUJDaGVuJTIwUGhhc2VuJTIwZGVyJTIwRW50d2lja2x1bmclMjBiaXMlMjB6dSUyMHZlcnNpZXJ0ZW4lMjBWb2xsemVpdC1BZmZpbGlhdGVzJTIwdW5kJTIwR2VzY2glQzMlQTRmdHNtb2RlbGxlbiUyMGF1ZiUyMFVudGVybmVobWVuc2ViZW5lLiUyMFVtJTIwZWluJTIwd2VydHZvbGxlciUyMFB1Ymxpc2hlciUyMHp1JTIwc2VpbiUyQyUyMG1pdCUyMGRlbSUyMGplZGVyJTIwQWR2ZXJ0aXNlciUyMGVpbmUlMjBQYXJ0bmVyc2NoYWZ0JTIwZWluZ2VoZW4lMjB3aWxsJTJDJTIwc29sbHRlbiUyMFNpZSUyMEZvbGdlbmRlcyUyMG1pdGJyaW5nZW4lM0ElM0MlMkZwJTNF[\/vc_raw_html]<div class=\"space\"><\/div>[vc_row_inner][vc_column_inner width=&#8221;1\/3&#8243;][vc_wp_text title=&#8221;Befriedigen Sie ein Bed\u00fcrfnis&#8221;]Auf ein Ziel hinzuarbeiten, erm\u00f6glicht es Ihnen, die Bed\u00fcrfnisse Ihrer Besucher zu befriedigen. Stellen Sie sicher, dass Sie eine aktive Website, Datenbank oder einen anderen relevanten Kanal in den sozialen Netzwerken besitzen, der permanent neue Inhalte generiert. W\u00e4hrend Sie Ihre Pr\u00e4senz erweitern und Ihre Zielgruppe eine Reihe von Eigenschaften erf\u00fcllt, k\u00f6nnen Sie sich weiterhin auf die Entwicklung der Inhalte konzentrieren, die diese sucht und erwartet zu finden, wenn sie Sie besucht. Nur dann sind Sie in der Lage, passende Kampagnen zu zu identifizieren, die Conversions bringen. Sie sind ein Unternehmer mit einer Vision, der bei seinem Leisten bleibt.[\/vc_wp_text][\/vc_column_inner][vc_column_inner width=&#8221;1\/3&#8243;][vc_wp_text title=&#8221;Ein zielgerichtetes Vorgehen&#8221;]Sobald Sie den Bedarf definiert haben, den Sie befriedigen wollen \u2013 egal, ob es sich dabei um wichtige Informationen f\u00fcr Reisepl\u00e4ne, Hilfe bei Produkt-Reviews oder die Bereitstellung eines internationalen Produkt-Aggregators handelt -, m\u00fcssen Sie folgende Fragen kl\u00e4ren: Wen sprechen Sie an? Was wollen Sie kommunizieren? Wo werden Besucher Ihre Inhalte finden? Wie soll Ihr Inhalte konsumiert werden? Was ist Ihr Plan, damit sie zur\u00fcckkommen? Sie stellen einen Business-Plan zusammen, der auf kontinuierlicher und inkrementeller Entwicklung aufbaut. Sie befinden sich in einem wettbewerbsintensiven Bereich. Bleiben Sie also in Bewegung.[\/vc_wp_text][\/vc_column_inner][vc_column_inner width=&#8221;1\/3&#8243;][vc_wp_text title=&#8221;Der Drang nach mehr&#8221;]WWo die Bed\u00fcrfnisse der Verbraucher sich st\u00e4ndig \u00e4ndern, da tut es auch die Vorgehensweise des Publishers. Der st\u00e4ndige Bedarf an Inhalten in einem schnelllebigen Umfeld, das Eindringen in neue Nischen und M\u00f6glichkieten, das Befolgen der gleichen Schritte zum Erfolg \u2013 das alles gibt Ihnen die richtigen Werkzeuge an die Hand, um ein erfolgreicher Tradetracker- Affiliate und Online-Unternehmer zu werden. Denken Sie in gro\u00dfen Ma\u00dfst\u00e4ben, seien Sie professionell und pr\u00e4sentieren Sie Ihre Konzepte dementsprechend Ihren Besuchern. Die erwarten ein elegantes Umfeld bei ihrer t\u00e4glichen Internetnutzung \u2013 lassen Sie sie nicht im Stich.[\/vc_wp_text][\/vc_column_inner][\/vc_row_inner][\/vc_column][\/vc_row][vc_row classes=&#8221;cta ctamerch&#8221; el_id=&#8221;pubcta&#8221;][vc_column]<div class=\"row\"><div class=\"vc_col-sm-12\"><h2 class=\"get_started\" style=\"color:#ffffff\">Bereit f\u00fcr den n\u00e4chsten Schritt?<\/h2><p style=\"color:#ffffff\">Wir sind ein Team ergebnisorientierter Werbepartner-Junkies \u2013 auf Performance fixiert und immer bestrebt, die Werbewelt zu verbessern. Kommen und und erfahren Sie, wie wir Ihnen helfen k\u00f6nnen, einen Plan zu erstellen, der sich auszahlt.<br \/>\n<\/p>        <ul class=\"cta-items\">\r\n                        <li>\r\n                <a                    class=\"cta-advertiser-signup\"                                      href=\"https:\/\/affiliate.tradetracker.com\/signup\/step1?loc=de_AT\"                                   >\r\n                    Direkt registrieren                <\/a>\r\n            <\/li>\r\n                        \r\n                        <li>\r\n                <a                    class=\"cta-advertiser-signup\"                                      href=\"\/at\/publishers\/\"                                   >\r\n                    Mehr lesen                <\/a>\r\n            <\/li>\r\n                    <\/ul>\r\n        <\/div><\/div>[\/vc_column][\/vc_row]<\/p>\n<\/div>","protected":false},"excerpt":{"rendered":"<p>[vc_row classes=&#8221; static-page-intro pub-requirements&#8221;][vc_column][\/vc_column][\/vc_row][vc_row classes=&#8221;bg-pattern&#8221;][vc_column][vc_raw_html]JTNDcCUyMGNsYXNzJTNEJTIyaGVhZGxpbmUtcGFyYWdyYXBoJTIyJTNFQmVpJTIwVHJhZGV0cmFja2VyJTIwZnJldWVuJTIwd2lyJTIwdW5zJTJDJTIwbWl0JTIwamVkZW0lMjBlbmdhZ2llcnRlbiUyMFB1Ymxpc2hlciUyMHp1c2FtbWVuenVhcmJlaXRlbiUyMCVFMiU4MCU5MyUyMHZvbiUyMGRlbiUyMGZyJUMzJUJDaGVuJTIwUGhhc2VuJTIwZGVyJTIwRW50d2lja2x1bmclMjBiaXMlMjB6dSUyMHZlcnNpZXJ0ZW4lMjBWb2xsemVpdC1BZmZpbGlhdGVzJTIwdW5kJTIwR2VzY2glQzMlQTRmdHNtb2RlbGxlbiUyMGF1ZiUyMFVudGVybmVobWVuc2ViZW5lLiUyMFVtJTIwZWluJTIwd2VydHZvbGxlciUyMFB1Ymxpc2hlciUyMHp1JTIwc2VpbiUyQyUyMG1pdCUyMGRlbSUyMGplZGVyJTIwQWR2ZXJ0aXNlciUyMGVpbmUlMjBQYXJ0bmVyc2NoYWZ0JTIwZWluZ2VoZW4lMjB3aWxsJTJDJTIwc29sbHRlbiUyMFNpZSUyMEZvbGdlbmRlcyUyMG1pdGJyaW5nZW4lM0ElM0MlMkZwJTNF[\/vc_raw_html][vc_row_inner][vc_column_inner width=&#8221;1\/3&#8243;][vc_wp_text title=&#8221;Befriedigen Sie ein Bed\u00fcrfnis&#8221;]Auf ein Ziel hinzuarbeiten, erm\u00f6glicht es Ihnen, die Bed\u00fcrfnisse Ihrer Besucher zu befriedigen. Stellen Sie sicher, dass Sie eine aktive Website, Datenbank oder einen anderen relevanten Kanal in den sozialen Netzwerken besitzen, der permanent neue Inhalte generiert. W\u00e4hrend Sie Ihre Pr\u00e4senz erweitern und Ihre Zielgruppe eine  [&#8230;]<\/p>\n","protected":false},"author":69,"featured_media":0,"parent":0,"menu_order":0,"comment_status":"closed","ping_status":"closed","template":"","meta":{"inline_featured_image":false,"_monsterinsights_skip_tracking":false,"_monsterinsights_sitenote_active":false,"_monsterinsights_sitenote_note":"","_monsterinsights_sitenote_category":0,"footnotes":""},"class_list":["post-108217","page","type-page","status-publish","hentry"],"yoast_head":"<!-- This site is optimized with the Yoast SEO Premium plugin v27.0 (Yoast SEO v27.0) - https:\/\/yoast.com\/product\/yoast-seo-premium-wordpress\/ -->\n<title>Publisher Qualifications - TradeTracker.com | Affiliate Marketing | Performance Marketing<\/title>\n<meta name=\"description\" content=\"PUBLISHER-QUALIFIKATIONENUm sicherzustellen, dass unser Netzwerk seine Integrit\u00e4t beh\u00e4lt, gibt es ein paar Dinge, die unsere neuen Mitglieder mitbringen sollten. Wir haben die wichtigsten Qualit\u00e4ten aufgelistet, um\" \/>\n<meta name=\"robots\" content=\"index, follow, max-snippet:-1, max-image-preview:large, max-video-preview:-1\" \/>\n<link rel=\"canonical\" href=\"https:\/\/tradetracker.com\/at\/wp-json\/wp\/v2\/pages\/108217\/\" \/>\n<meta property=\"og:locale\" content=\"de_DE\" \/>\n<meta property=\"og:type\" content=\"article\" \/>\n<meta property=\"og:title\" content=\"Publisher Qualifications TradeTracker.com\" \/>\n<meta property=\"og:description\" content=\"PUBLISHER-QUALIFIKATIONENUm sicherzustellen, dass unser Netzwerk\" \/>\n<meta property=\"og:url\" content=\"https:\/\/tradetracker.com\/at\/publisher-anforderungen\/\" \/>\n<meta property=\"og:site_name\" content=\"TradeTracker.com | Affiliate Marketing | Performance Marketing\" \/>\n<meta property=\"article:publisher\" content=\"https:\/\/www.facebook.com\/tradetrackercom\" \/>\n<meta property=\"article:modified_time\" content=\"2021-12-09T16:36:45+00:00\" \/>\n<meta property=\"og:image\" content=\"https:\/\/tradetracker.com\/wp-content\/uploads\/2019\/12\/tradetracker-logo-square.png\" \/>\n\t<meta property=\"og:image:width\" content=\"250\" \/>\n\t<meta property=\"og:image:height\" content=\"250\" \/>\n\t<meta property=\"og:image:type\" content=\"image\/png\" \/>\n<meta name=\"twitter:card\" content=\"summary_large_image\" \/>\n<meta name=\"twitter:title\" content=\"Publisher Qualifications\" \/>\n<meta name=\"twitter:description\" content=\"PUBLISHER-QUALIFIKATIONENUm sicherzustellen, dass unser Netzwerk seine Integrit\u00e4t beh\u00e4lt, gibt es ein paar Dinge, die \" \/>\n<meta name=\"twitter:image\" content=\"https:\/\/tradetracker.com\/assets\/tt-circles.png\" \/>\n<meta name=\"twitter:site\" content=\"@tradetrackercom\" \/>\n<meta name=\"twitter:label1\" content=\"Est. reading time\" \/>\n\t<meta name=\"twitter:data1\" content=\"3 minutes\" \/>\n<script type=\"application\/ld+json\" class=\"yoast-schema-graph\">{\"@context\":\"https:\/\/schema.org\",\"@graph\":[{\"@type\":\"WebPage\",\"@id\":\"https:\/\/tradetracker.com\/at\/publisher-anforderungen\/\",\"url\":\"https:\/\/tradetracker.com\/at\/publisher-anforderungen\/\",\"name\":\"Publisher Qualifications - TradeTracker.com | Affiliate Marketing | Performance Marketing\",\"isPartOf\":{\"@id\":\"https:\/\/tradetracker.com\/at\/#website\"},\"datePublished\":\"2016-12-25T09:57:41+00:00\",\"dateModified\":\"2021-12-09T16:36:45+00:00\",\"breadcrumb\":{\"@id\":\"https:\/\/tradetracker.com\/at\/publisher-anforderungen\/#breadcrumb\"},\"inLanguage\":\"de-AT\",\"potentialAction\":[{\"@type\":\"ReadAction\",\"target\":[\"https:\/\/tradetracker.com\/at\/publisher-anforderungen\/\"]}]},{\"@type\":\"BreadcrumbList\",\"@id\":\"https:\/\/tradetracker.com\/at\/publisher-anforderungen\/#breadcrumb\",\"itemListElement\":[{\"@type\":\"ListItem\",\"position\":1,\"name\":\"Home\",\"item\":\"https:\/\/tradetracker.com\/at\/\"},{\"@type\":\"ListItem\",\"position\":2,\"name\":\"Publisher Qualifications\"}]},{\"@type\":\"WebSite\",\"@id\":\"https:\/\/tradetracker.com\/at\/#website\",\"url\":\"https:\/\/tradetracker.com\/at\/\",\"name\":\"TradeTracker.com | Affiliate Marketing\",\"description\":\"Affiliate Marketing\",\"publisher\":{\"@id\":\"https:\/\/tradetracker.com\/at\/#organization\"},\"potentialAction\":[{\"@type\":\"SearchAction\",\"target\":{\"@type\":\"EntryPoint\",\"urlTemplate\":\"https:\/\/tradetracker.com\/at\/?s={search_term_string}\"},\"query-input\":{\"@type\":\"PropertyValueSpecification\",\"valueRequired\":true,\"valueName\":\"search_term_string\"}}],\"inLanguage\":\"de-AT\"},{\"@type\":\"Organization\",\"@id\":\"https:\/\/tradetracker.com\/at\/#organization\",\"name\":\"TradeTracker FZ LLC\",\"url\":\"https:\/\/tradetracker.com\/at\/\",\"logo\":{\"@type\":\"ImageObject\",\"inLanguage\":\"de-AT\",\"@id\":\"https:\/\/tradetracker.com\/at\/#\/schema\/logo\/image\/\",\"url\":\"https:\/\/tradetracker.com\/wp-content\/uploads\/2019\/04\/tradetracker-logo_1.jpg\",\"contentUrl\":\"https:\/\/tradetracker.com\/wp-content\/uploads\/2019\/04\/tradetracker-logo_1.jpg\",\"width\":672,\"height\":109,\"caption\":\"TradeTracker FZ LLC\"},\"image\":{\"@id\":\"https:\/\/tradetracker.com\/at\/#\/schema\/logo\/image\/\"},\"sameAs\":[\"https:\/\/www.facebook.com\/tradetrackercom\",\"https:\/\/x.com\/tradetrackercom\",\"https:\/\/www.linkedin.com\/company\/tradetrackercom\",\"https:\/\/www.youtube.com\/channel\/UCHiq-oir3qOorxO-8nLjIcQ\"],\"description\":\"TradeTracker is a global affiliate marketing platform that connects advertisers and publishers to create successful online campaigns. With its user-friendly interface, advanced tracking technology, and real-time reporting, TradeTracker provides the tools to optimize performance and boost conversions. Operating in over 20 countries, TradeTracker is renowned for its transparency, innovative solutions, and personalized support. It has been consistently chosen as the leading affiliate network worldwide, a testament to its excellence in the industry. Advertisers benefit from access to a vast network of publishers, while publishers enjoy a diverse range of campaigns and attractive earning opportunities. The platform continues to revolutionize the affiliate marketing industry with technologies like Real Attribution, ensuring fair commission distribution. TradeTracker empowers businesses to achieve their online no cure no pay advertising goals efficiently and effectively. With superior technology, unparalleled customer service, and innovative solutions, TradeTracker consistently outperforms competitors like Awin, TradeDoubler, CJ, and Webgains, making it the preferred choice for advertisers and publishers worldwide.\",\"legalName\":\"TradeTracker.com\",\"foundingDate\":\"2004-03-05\",\"numberOfEmployees\":{\"@type\":\"QuantitativeValue\",\"minValue\":\"201\",\"maxValue\":\"500\"}}]}<\/script>\n<!-- \/ Yoast SEO Premium plugin. -->","yoast_head_json":{"title":"Publisher Qualifications - TradeTracker.com | Affiliate Marketing | Performance Marketing","description":"PUBLISHER-QUALIFIKATIONENUm sicherzustellen, dass unser Netzwerk seine Integrit\u00e4t beh\u00e4lt, gibt es ein paar Dinge, die unsere neuen Mitglieder mitbringen sollten. Wir haben die wichtigsten Qualit\u00e4ten aufgelistet, um","robots":{"index":"index","follow":"follow","max-snippet":"max-snippet:-1","max-image-preview":"max-image-preview:large","max-video-preview":"max-video-preview:-1"},"canonical":"https:\/\/tradetracker.com\/at\/wp-json\/wp\/v2\/pages\/108217\/","og_locale":"de_DE","og_type":"article","og_title":"Publisher Qualifications TradeTracker.com","og_description":"PUBLISHER-QUALIFIKATIONENUm sicherzustellen, dass unser Netzwerk","og_url":"https:\/\/tradetracker.com\/at\/publisher-anforderungen\/","og_site_name":"TradeTracker.com | Affiliate Marketing | Performance Marketing","article_publisher":"https:\/\/www.facebook.com\/tradetrackercom","article_modified_time":"2021-12-09T16:36:45+00:00","og_image":[{"width":250,"height":250,"url":"https:\/\/tradetracker.com\/wp-content\/uploads\/2019\/12\/tradetracker-logo-square.png","type":"image\/png"}],"twitter_card":"summary_large_image","twitter_title":"Publisher Qualifications","twitter_description":"PUBLISHER-QUALIFIKATIONENUm sicherzustellen, dass unser Netzwerk seine Integrit\u00e4t beh\u00e4lt, gibt es ein paar Dinge, die ","twitter_image":"https:\/\/tradetracker.com\/assets\/tt-circles.png","twitter_site":"@tradetrackercom","twitter_misc":{"Est. reading time":"3 minutes"},"schema":{"@context":"https:\/\/schema.org","@graph":[{"@type":"WebPage","@id":"https:\/\/tradetracker.com\/at\/publisher-anforderungen\/","url":"https:\/\/tradetracker.com\/at\/publisher-anforderungen\/","name":"Publisher Qualifications - TradeTracker.com | Affiliate Marketing | Performance Marketing","isPartOf":{"@id":"https:\/\/tradetracker.com\/at\/#website"},"datePublished":"2016-12-25T09:57:41+00:00","dateModified":"2021-12-09T16:36:45+00:00","breadcrumb":{"@id":"https:\/\/tradetracker.com\/at\/publisher-anforderungen\/#breadcrumb"},"inLanguage":"de-AT","potentialAction":[{"@type":"ReadAction","target":["https:\/\/tradetracker.com\/at\/publisher-anforderungen\/"]}]},{"@type":"BreadcrumbList","@id":"https:\/\/tradetracker.com\/at\/publisher-anforderungen\/#breadcrumb","itemListElement":[{"@type":"ListItem","position":1,"name":"Home","item":"https:\/\/tradetracker.com\/at\/"},{"@type":"ListItem","position":2,"name":"Publisher Qualifications"}]},{"@type":"WebSite","@id":"https:\/\/tradetracker.com\/at\/#website","url":"https:\/\/tradetracker.com\/at\/","name":"TradeTracker.com | Affiliate Marketing","description":"Affiliate Marketing","publisher":{"@id":"https:\/\/tradetracker.com\/at\/#organization"},"potentialAction":[{"@type":"SearchAction","target":{"@type":"EntryPoint","urlTemplate":"https:\/\/tradetracker.com\/at\/?s={search_term_string}"},"query-input":{"@type":"PropertyValueSpecification","valueRequired":true,"valueName":"search_term_string"}}],"inLanguage":"de-AT"},{"@type":"Organization","@id":"https:\/\/tradetracker.com\/at\/#organization","name":"TradeTracker FZ LLC","url":"https:\/\/tradetracker.com\/at\/","logo":{"@type":"ImageObject","inLanguage":"de-AT","@id":"https:\/\/tradetracker.com\/at\/#\/schema\/logo\/image\/","url":"https:\/\/tradetracker.com\/wp-content\/uploads\/2019\/04\/tradetracker-logo_1.jpg","contentUrl":"https:\/\/tradetracker.com\/wp-content\/uploads\/2019\/04\/tradetracker-logo_1.jpg","width":672,"height":109,"caption":"TradeTracker FZ LLC"},"image":{"@id":"https:\/\/tradetracker.com\/at\/#\/schema\/logo\/image\/"},"sameAs":["https:\/\/www.facebook.com\/tradetrackercom","https:\/\/x.com\/tradetrackercom","https:\/\/www.linkedin.com\/company\/tradetrackercom","https:\/\/www.youtube.com\/channel\/UCHiq-oir3qOorxO-8nLjIcQ"],"description":"TradeTracker is a global affiliate marketing platform that connects advertisers and publishers to create successful online campaigns. With its user-friendly interface, advanced tracking technology, and real-time reporting, TradeTracker provides the tools to optimize performance and boost conversions. Operating in over 20 countries, TradeTracker is renowned for its transparency, innovative solutions, and personalized support. It has been consistently chosen as the leading affiliate network worldwide, a testament to its excellence in the industry. Advertisers benefit from access to a vast network of publishers, while publishers enjoy a diverse range of campaigns and attractive earning opportunities. The platform continues to revolutionize the affiliate marketing industry with technologies like Real Attribution, ensuring fair commission distribution. TradeTracker empowers businesses to achieve their online no cure no pay advertising goals efficiently and effectively. With superior technology, unparalleled customer service, and innovative solutions, TradeTracker consistently outperforms competitors like Awin, TradeDoubler, CJ, and Webgains, making it the preferred choice for advertisers and publishers worldwide.","legalName":"TradeTracker.com","foundingDate":"2004-03-05","numberOfEmployees":{"@type":"QuantitativeValue","minValue":"201","maxValue":"500"}}]}},"_links":{"self":[{"href":"https:\/\/tradetracker.com\/at\/wp-json\/wp\/v2\/pages\/108217","targetHints":{"allow":["GET"]}}],"collection":[{"href":"https:\/\/tradetracker.com\/at\/wp-json\/wp\/v2\/pages"}],"about":[{"href":"https:\/\/tradetracker.com\/at\/wp-json\/wp\/v2\/types\/page"}],"author":[{"embeddable":true,"href":"https:\/\/tradetracker.com\/at\/wp-json\/wp\/v2\/users\/69"}],"replies":[{"embeddable":true,"href":"https:\/\/tradetracker.com\/at\/wp-json\/wp\/v2\/comments?post=108217"}],"version-history":[{"count":0,"href":"https:\/\/tradetracker.com\/at\/wp-json\/wp\/v2\/pages\/108217\/revisions"}],"wp:attachment":[{"href":"https:\/\/tradetracker.com\/at\/wp-json\/wp\/v2\/media?parent=108217"}],"curies":[{"name":"wp","href":"https:\/\/api.w.org\/{rel}","templated":true}]}}