{"id":108236,"date":"2016-12-12T11:52:36","date_gmt":"2016-12-12T11:52:36","guid":{"rendered":"https:\/\/tradetracker.com\/advertisers\/shopping\/"},"modified":"2020-12-17T11:24:09","modified_gmt":"2020-12-17T11:24:09","slug":"shopping","status":"publish","type":"page","link":"https:\/\/tradetracker.com\/at\/advertisers\/shopping\/","title":{"rendered":"Shopping"},"content":{"rendered":"<div class=\"wpb-content-wrapper\"><p>[vc_row css=&#8221;.vc_custom_1607984808107{background-color: #f79737 !important;}&#8221; classes=&#8221;tt-single-industry tt-shopping&#8221;][vc_column]<div class=\"row\"><div class=\"vc_col-sm-12\"><div class=\" static-page-intro-text \" style=\"width: 75%\"><h1  style=\"color: #ffffff\" class=\"\">SHOPPING<\/h1><h2  style=\"color: #ffffff\" class=\"\">Kaufvertr\u00e4ge anbahnen, indem die richtigen Publisher und Advertiser zusammen gebracht werden, um Produkte anzubieten, die dem Kundenwunsch entsprechen. Mit einem Accounts-Team, das alle Details des Online-Shopping kennt, und erfahren in der Verfeinerung von Kampagnen hinsichtlich einer Zielgruppe.<\/h2><\/div>\r\n        <\/div>\r\n    <\/div>[\/vc_column][\/vc_row][vc_row][vc_column]<div class=\"row tt-industries-page\"><div class='vc_col-sm-3' id='sidebar'><h4 class=\"lined-section\">Industries<\/h4><div class=\"widget_nav_menu\"><ul class=\"menu\"><li><a class=\"industries-back\" href=\"https:\/\/tradetracker.com\/at\/#section-industries\/\">\u2190 Back to Industry Home<\/a><\/li><li><a href='https:\/\/tradetracker.com\/at\/advertisers\/shopping\/' class='active'>Shopping<\/a><\/li><li><a href='https:\/\/tradetracker.com\/at\/advertisers\/finance\/' class=''>Finanzen<\/a><\/li><li><a href='https:\/\/tradetracker.com\/at\/advertisers\/services\/' class=''>Dienstleistungen<\/a><\/li><li><a href='https:\/\/tradetracker.com\/at\/advertisers\/telecom\/' class=''>Telekommunikation<\/a><\/li><li><a href='https:\/\/tradetracker.com\/at\/advertisers\/travel\/' class=''>Reisen<\/a><\/li><\/ul><\/div>\r\n    <\/div><div class=\"vc_col-sm-9\">\r\n                <div class=\"vc_col-sm-12\">\r\n                    <ul class=\"industry-list shopping\"><li><h2>Autos, Motorr\u00e4der &#038; Fahrr\u00e4der<\/h2><p>F\u00fcr Enthusiasten oder diejenigen, die nur von A nach B gelangen wollen, hosten wir eine Vielzahl spezieller Seiten, um diese Reisen mit dem richtigen Equipment auszustatten.\n<\/p><\/li><li><h2>Baby &#038; Kinder<\/h2><p>Die pr\u00e4genden fr\u00fchen Jahre sind wichtig, und wir helfen den Unternehmen, die durch Lieferung des t\u00e4glichen Bedarfs das Leben der Eltern erleichtern.\n<\/p><\/li><li><h2>Boote und Wasserfahrzeuge<\/h2><p>Wassersportliebhaber kontaktieren unsere Kunden online f\u00fcr alle wichtigen Dinge ihres Wassersporthobbys, so dass sie immer wieder zur\u00fcckkommen.\n<\/p><\/li><li><h2>B\u00fccher, Papiere &#038; Zeitungen<\/h2><p>Eine Bibliothek, die niemals schlie\u00dft. Unsere Online-Partner bieten alle erdenkliche B\u00fccher und Zeitschriften an und sind eine Quelle fortw\u00e4hrender Inspiration \u2013 das Vehikel, um sich auf dem neuesten Stand zu halten.\n<\/p><\/li><li><h2>B\u00fcro<\/h2><p>Den professionellen Arbeitsplatz ausstatten und sicherstellen, dass er so effizient wie m\u00f6glich funktioniert. Eine Vielzahl von Kunden hat mit uns die M\u00f6glichkeit, ihre Produkte bei namhaften Partnerunternehmen online hervorzuheben.\n<\/p><\/li><li><h2>Erotik<\/h2><p>Wir unterst\u00fctzen Angebote f\u00fcr diejenigen, die mehr im Schlafzimmer erleben m\u00f6chten. Wir helfen diesen Anbietern, eine Zielgruppe bequem in der Privatsph\u00e4re ihres eigenen Hauses zu erreichen.\n<\/p><\/li><li><h2>Essen &#038; Trinken<\/h2><p>Catering, Ern\u00e4hrung, Imbiss, Bio, Alkohol und alle anderen Anbieter f\u00fcr Schlemmerm\u00e4uler nutzen unsere Plattform, um sich als beste Adresse f\u00fcr Kulinariker darzustellen.\n<\/p><\/li><li><h2>Familie<\/h2><p>Wir haben eine Reihe von Kunden, die die Zeit ihrer Kunden mit ihren Lieben versch\u00f6nern und unvergessliche Erfahrungen f\u00fcr alle Familienarten bieten.\n<\/p><\/li><li><h2>Geschenke &#038; technische Spielereien<\/h2><p>Jemanden mit einem Geschenk zu \u00fcberraschen, ist ein sicherer Weg, einen guten Eindruck zu hinterlassen. Wir erm\u00f6glichen Ihren Kunden, Ihr Angebot zu sehen, und jemandem eine Freude zu machen.\n<\/p><\/li><li><h2>Gesundheit &#038; Sch\u00f6nheit<\/h2><p>Menschen helfen, sich gut zu f\u00fchlen und gut auszusehen. Unsere Plattform ist entscheidend, um diejenigen zu erreichen, die das Kaufverhalten von Menschen beeinflussen, die sich um ihren K\u00f6rper k\u00fcmmern.\n<\/p><\/li><li><h2>Hardware &#038; Software<\/h2><p>Unser Accounts-Team wei\u00df genau, wie man die Aufmerksamkeit derjenigen erregt, die sich Computer und Zubeh\u00f6r beschaffen wollen.\n<\/p><\/li><li><h2>Haus &#038; Garten<\/h2><p>Um einen Raum zu schaffen, in dem man sowohl drinnen als auch drau\u00dfen gerne lebt, braucht es die Hervorhebung Ihrer Produkte und ihrer Vorteile. Die Pr\u00e4sentation sollte mit einem Partner erfolgen, der wei\u00df, wie man eine Zielgruppe dazu bringt, diese Produkte zu kaufen.\n<\/p><\/li><li><h2>Haushaltsger\u00e4te<\/h2><p>Denjenigen, die ihren Haushalt so vervollst\u00e4ndigen m\u00f6chten, dass er mit allen Komfortkomponenten funktioniert und praktisch ist, k\u00f6nnen wir Ihre Produkte zielgruppenspezifisch als n\u00e4chsten Einkauf f\u00fcr ihr Zuhause pr\u00e4sentieren.\n<\/p><\/li><li><h2>Hobby &#038; Freizeit<\/h2><p>Menschen mit der Leidenschaft, das zu tun, was sie wirklich genie\u00dfen. Mit unserem Netzwerk ist es nicht schwer, ihre Aufmerksamkeit zu erregen, sie zu ermutigen, ihre F\u00e4higkeiten zu erweitern und ihre Freude zu steigern\n<\/p><\/li><li><h2>Kuafh\u00e4user<\/h2><p>Unsere Partner mit Ladengesch\u00e4ften erkennen die Online-Welt als wichtiges Mittel, zur Umsatzgenerierung und Attraktivit\u00e4tssteigerung.\n<\/p><\/li><li><h2>Kunst &#038; Leben<\/h2><p>Selbst die langweiligsten R\u00e4ume versch\u00f6nern und etwas Erstaunliches zu schaffen. Es ist ein Kinderspiel, Menschen mit einem Auge f\u00fcr \u00c4sthetik zu erreichen.\n<\/p><\/li><li><h2>Mode &#038; Schmuck<\/h2><p>Glamour\u00f6se und fortschrittliche Stil-Gurus nutzen unser Netzwerk, um Menschen zu erreichen, die auf Details achten. Wir bringen sie zusammen mit denjenigen, die ihre Garderobe vervollst\u00e4ndigen m\u00f6chten.\n<\/p><\/li><li><h2>Musik &#038; Video<\/h2><p>Medienanbietern die Werkzeuge und Techniken an die Hand geben, um diejenigen zu erreichen, die f\u00fcr Ihre Produkte empf\u00e4nglich sind. Unser Team kennt die neuesten Trends, so dass Ihre Online-Werbung sich vom Rest abhebt.\n<\/p><\/li><li><h2>Party-Bedarf<\/h2><p>Um die wichtigsten Vorbereitungen zu jedem Fest abzudecken, k\u00f6nnen von uns betreute Kunden eine Vielzahl von Themen und Kooperationen mit Gastgebern anbieten, um sicherzustellen, dass sich alle vergn\u00fcgen.\n<\/p><\/li><li><h2>Spiel &#038; Spa\u00df<\/h2><p>Wir arbeiten f\u00fcr eine gro\u00dfe Zahl von Unternehmen, die ihre Kunden anspornen und durch Wettbewerbe mit sich selbst und anderen herausfordern.\n<\/p><\/li><li><h2>Spielzeug<\/h2><p>Es gibt kaum sch\u00f6nere Momente als das L\u00e4cheln auf dem Gesicht Ihres Kindes. Und Spielzeug ist eine gute M\u00f6glichkeit, dieses hervorzuzaubern. Unsere Software hilft Ihnen, bei genau den Websites Werbung zu schalten, bei denen sie Aufmerksamkeit erregen.\n<\/p><\/li><li><h2>T\u00e4gliche Angebote &#038; Gruppenangebote<\/h2><p>Mit einigen der besten Angebote im Internet decken unsere Kunden den t\u00e4glichen Bedarf ihrer Kunden und organisieren Events zu fairen Preisen.\n<\/p><\/li><li><h2>Tiere<\/h2><p>Vierbeinige Freunde, Wassertiere, V\u00f6gel und der Rest werden alle von unseren Kunden versorgt. Diese haben konsistente Online-Ergebnisse f\u00fcr die wichtigsten Mitglieder in jedem Haushalt.\n<\/p><\/li><li><h2>Weiteres<\/h2><p>Mit einem solch breiten Publisher-Spektrum finden Sie kaum eine Branche, die wir nicht bedienen. Wir haben f\u00fcr jede Situation so unterschiedliche Kundengruppen, dass ganz sicher eine auf Ihren Bedarf abgestimmte Liste von Partnern erstellen k\u00f6nnen.\n<\/p><\/li><\/ul><\/div><\/div><\/div>[\/vc_column][\/vc_row]<\/p>\n<\/div>","protected":false},"excerpt":{"rendered":"<p>[vc_row css=&#8221;.vc_custom_1607984808107{background-color: #f79737 !important;}&#8221; classes=&#8221;tt-single-industry tt-shopping&#8221;][vc_column][\/vc_column][\/vc_row][vc_row][vc_column][\/vc_column][\/vc_row]<\/p>\n","protected":false},"author":69,"featured_media":0,"parent":108229,"menu_order":0,"comment_status":"closed","ping_status":"closed","template":"","meta":{"inline_featured_image":false,"_monsterinsights_skip_tracking":false,"_monsterinsights_sitenote_active":false,"_monsterinsights_sitenote_note":"","_monsterinsights_sitenote_category":0,"footnotes":""},"class_list":["post-108236","page","type-page","status-publish","hentry"],"yoast_head":"<!-- This site is optimized with the Yoast SEO Premium plugin v27.0 (Yoast SEO v27.0) - https:\/\/yoast.com\/product\/yoast-seo-premium-wordpress\/ -->\n<title>Shopping - TradeTracker.com | Affiliate Marketing | Performance Marketing<\/title>\n<meta name=\"description\" content=\"SHOPPINGKaufvertr\u00e4ge anbahnen, indem die richtigen Publisher und Advertiser zusammen gebracht werden, um Produkte anzubieten, die dem Kundenwunsch entsprechen. Mit einem Accounts-Team, das alle Details des\" \/>\n<meta name=\"robots\" content=\"index, follow, max-snippet:-1, max-image-preview:large, max-video-preview:-1\" \/>\n<link rel=\"canonical\" href=\"https:\/\/tradetracker.com\/at\/wp-json\/wp\/v2\/pages\/108236\/\" \/>\n<meta property=\"og:locale\" content=\"de_DE\" \/>\n<meta property=\"og:type\" content=\"article\" \/>\n<meta property=\"og:title\" content=\"Shopping\" \/>\n<meta property=\"og:description\" content=\"[vc_row css=&#8221;.vc_custom_1607984808107{background-color: #f79737 !important;}&#8221; classes=&#8221;tt-single-industry tt-shopping&#8221;][vc_column][\/vc_column][\/vc_row][vc_row][vc_column][\/vc_column][\/vc_row]\" \/>\n<meta property=\"og:url\" content=\"https:\/\/tradetracker.com\/at\/advertisers\/shopping\/\" \/>\n<meta property=\"og:site_name\" content=\"TradeTracker.com | Affiliate Marketing | Performance Marketing\" \/>\n<meta property=\"article:publisher\" content=\"https:\/\/www.facebook.com\/tradetrackercom\" \/>\n<meta property=\"article:modified_time\" content=\"2020-12-17T11:24:09+00:00\" \/>\n<meta property=\"og:image\" content=\"https:\/\/tradetracker.com\/wp-content\/uploads\/2019\/12\/tradetracker-logo-square.png\" \/>\n\t<meta property=\"og:image:width\" content=\"250\" \/>\n\t<meta property=\"og:image:height\" content=\"250\" \/>\n\t<meta property=\"og:image:type\" content=\"image\/png\" \/>\n<meta name=\"twitter:card\" content=\"summary_large_image\" \/>\n<meta name=\"twitter:site\" content=\"@tradetrackercom\" \/>\n<script type=\"application\/ld+json\" class=\"yoast-schema-graph\">{\"@context\":\"https:\/\/schema.org\",\"@graph\":[{\"@type\":\"WebPage\",\"@id\":\"https:\/\/tradetracker.com\/at\/advertisers\/shopping\/\",\"url\":\"https:\/\/tradetracker.com\/at\/advertisers\/shopping\/\",\"name\":\"Shopping - TradeTracker.com | Affiliate Marketing | Performance Marketing\",\"isPartOf\":{\"@id\":\"https:\/\/tradetracker.com\/at\/#website\"},\"datePublished\":\"2016-12-12T11:52:36+00:00\",\"dateModified\":\"2020-12-17T11:24:09+00:00\",\"breadcrumb\":{\"@id\":\"https:\/\/tradetracker.com\/at\/advertisers\/shopping\/#breadcrumb\"},\"inLanguage\":\"de-AT\",\"potentialAction\":[{\"@type\":\"ReadAction\",\"target\":[\"https:\/\/tradetracker.com\/at\/advertisers\/shopping\/\"]}]},{\"@type\":\"BreadcrumbList\",\"@id\":\"https:\/\/tradetracker.com\/at\/advertisers\/shopping\/#breadcrumb\",\"itemListElement\":[{\"@type\":\"ListItem\",\"position\":1,\"name\":\"Home\",\"item\":\"https:\/\/tradetracker.com\/at\/\"},{\"@type\":\"ListItem\",\"position\":2,\"name\":\"Werbekunden\",\"item\":\"https:\/\/tradetracker.com\/at\/advertisers\/\"},{\"@type\":\"ListItem\",\"position\":3,\"name\":\"Shopping\"}]},{\"@type\":\"WebSite\",\"@id\":\"https:\/\/tradetracker.com\/at\/#website\",\"url\":\"https:\/\/tradetracker.com\/at\/\",\"name\":\"TradeTracker.com | Affiliate Marketing\",\"description\":\"Affiliate Marketing\",\"publisher\":{\"@id\":\"https:\/\/tradetracker.com\/at\/#organization\"},\"potentialAction\":[{\"@type\":\"SearchAction\",\"target\":{\"@type\":\"EntryPoint\",\"urlTemplate\":\"https:\/\/tradetracker.com\/at\/?s={search_term_string}\"},\"query-input\":{\"@type\":\"PropertyValueSpecification\",\"valueRequired\":true,\"valueName\":\"search_term_string\"}}],\"inLanguage\":\"de-AT\"},{\"@type\":\"Organization\",\"@id\":\"https:\/\/tradetracker.com\/at\/#organization\",\"name\":\"TradeTracker FZ LLC\",\"url\":\"https:\/\/tradetracker.com\/at\/\",\"logo\":{\"@type\":\"ImageObject\",\"inLanguage\":\"de-AT\",\"@id\":\"https:\/\/tradetracker.com\/at\/#\/schema\/logo\/image\/\",\"url\":\"https:\/\/tradetracker.com\/wp-content\/uploads\/2019\/04\/tradetracker-logo_1.jpg\",\"contentUrl\":\"https:\/\/tradetracker.com\/wp-content\/uploads\/2019\/04\/tradetracker-logo_1.jpg\",\"width\":672,\"height\":109,\"caption\":\"TradeTracker FZ LLC\"},\"image\":{\"@id\":\"https:\/\/tradetracker.com\/at\/#\/schema\/logo\/image\/\"},\"sameAs\":[\"https:\/\/www.facebook.com\/tradetrackercom\",\"https:\/\/x.com\/tradetrackercom\",\"https:\/\/www.linkedin.com\/company\/tradetrackercom\",\"https:\/\/www.youtube.com\/channel\/UCHiq-oir3qOorxO-8nLjIcQ\"],\"description\":\"TradeTracker is a global affiliate marketing platform that connects advertisers and publishers to create successful online campaigns. With its user-friendly interface, advanced tracking technology, and real-time reporting, TradeTracker provides the tools to optimize performance and boost conversions. Operating in over 20 countries, TradeTracker is renowned for its transparency, innovative solutions, and personalized support. It has been consistently chosen as the leading affiliate network worldwide, a testament to its excellence in the industry. Advertisers benefit from access to a vast network of publishers, while publishers enjoy a diverse range of campaigns and attractive earning opportunities. The platform continues to revolutionize the affiliate marketing industry with technologies like Real Attribution, ensuring fair commission distribution. TradeTracker empowers businesses to achieve their online no cure no pay advertising goals efficiently and effectively. With superior technology, unparalleled customer service, and innovative solutions, TradeTracker consistently outperforms competitors like Awin, TradeDoubler, CJ, and Webgains, making it the preferred choice for advertisers and publishers worldwide.\",\"legalName\":\"TradeTracker.com\",\"foundingDate\":\"2004-03-05\",\"numberOfEmployees\":{\"@type\":\"QuantitativeValue\",\"minValue\":\"201\",\"maxValue\":\"500\"}}]}<\/script>\n<!-- \/ Yoast SEO Premium plugin. -->","yoast_head_json":{"title":"Shopping - TradeTracker.com | Affiliate Marketing | Performance Marketing","description":"SHOPPINGKaufvertr\u00e4ge anbahnen, indem die richtigen Publisher und Advertiser zusammen gebracht werden, um Produkte anzubieten, die dem Kundenwunsch entsprechen. Mit einem Accounts-Team, das alle Details des","robots":{"index":"index","follow":"follow","max-snippet":"max-snippet:-1","max-image-preview":"max-image-preview:large","max-video-preview":"max-video-preview:-1"},"canonical":"https:\/\/tradetracker.com\/at\/wp-json\/wp\/v2\/pages\/108236\/","og_locale":"de_DE","og_type":"article","og_title":"Shopping","og_description":"[vc_row css=&#8221;.vc_custom_1607984808107{background-color: #f79737 !important;}&#8221; classes=&#8221;tt-single-industry tt-shopping&#8221;][vc_column][\/vc_column][\/vc_row][vc_row][vc_column][\/vc_column][\/vc_row]","og_url":"https:\/\/tradetracker.com\/at\/advertisers\/shopping\/","og_site_name":"TradeTracker.com | Affiliate Marketing | Performance Marketing","article_publisher":"https:\/\/www.facebook.com\/tradetrackercom","article_modified_time":"2020-12-17T11:24:09+00:00","og_image":[{"width":250,"height":250,"url":"https:\/\/tradetracker.com\/wp-content\/uploads\/2019\/12\/tradetracker-logo-square.png","type":"image\/png"}],"twitter_card":"summary_large_image","twitter_site":"@tradetrackercom","schema":{"@context":"https:\/\/schema.org","@graph":[{"@type":"WebPage","@id":"https:\/\/tradetracker.com\/at\/advertisers\/shopping\/","url":"https:\/\/tradetracker.com\/at\/advertisers\/shopping\/","name":"Shopping - TradeTracker.com | Affiliate Marketing | Performance Marketing","isPartOf":{"@id":"https:\/\/tradetracker.com\/at\/#website"},"datePublished":"2016-12-12T11:52:36+00:00","dateModified":"2020-12-17T11:24:09+00:00","breadcrumb":{"@id":"https:\/\/tradetracker.com\/at\/advertisers\/shopping\/#breadcrumb"},"inLanguage":"de-AT","potentialAction":[{"@type":"ReadAction","target":["https:\/\/tradetracker.com\/at\/advertisers\/shopping\/"]}]},{"@type":"BreadcrumbList","@id":"https:\/\/tradetracker.com\/at\/advertisers\/shopping\/#breadcrumb","itemListElement":[{"@type":"ListItem","position":1,"name":"Home","item":"https:\/\/tradetracker.com\/at\/"},{"@type":"ListItem","position":2,"name":"Werbekunden","item":"https:\/\/tradetracker.com\/at\/advertisers\/"},{"@type":"ListItem","position":3,"name":"Shopping"}]},{"@type":"WebSite","@id":"https:\/\/tradetracker.com\/at\/#website","url":"https:\/\/tradetracker.com\/at\/","name":"TradeTracker.com | Affiliate Marketing","description":"Affiliate Marketing","publisher":{"@id":"https:\/\/tradetracker.com\/at\/#organization"},"potentialAction":[{"@type":"SearchAction","target":{"@type":"EntryPoint","urlTemplate":"https:\/\/tradetracker.com\/at\/?s={search_term_string}"},"query-input":{"@type":"PropertyValueSpecification","valueRequired":true,"valueName":"search_term_string"}}],"inLanguage":"de-AT"},{"@type":"Organization","@id":"https:\/\/tradetracker.com\/at\/#organization","name":"TradeTracker FZ LLC","url":"https:\/\/tradetracker.com\/at\/","logo":{"@type":"ImageObject","inLanguage":"de-AT","@id":"https:\/\/tradetracker.com\/at\/#\/schema\/logo\/image\/","url":"https:\/\/tradetracker.com\/wp-content\/uploads\/2019\/04\/tradetracker-logo_1.jpg","contentUrl":"https:\/\/tradetracker.com\/wp-content\/uploads\/2019\/04\/tradetracker-logo_1.jpg","width":672,"height":109,"caption":"TradeTracker FZ LLC"},"image":{"@id":"https:\/\/tradetracker.com\/at\/#\/schema\/logo\/image\/"},"sameAs":["https:\/\/www.facebook.com\/tradetrackercom","https:\/\/x.com\/tradetrackercom","https:\/\/www.linkedin.com\/company\/tradetrackercom","https:\/\/www.youtube.com\/channel\/UCHiq-oir3qOorxO-8nLjIcQ"],"description":"TradeTracker is a global affiliate marketing platform that connects advertisers and publishers to create successful online campaigns. With its user-friendly interface, advanced tracking technology, and real-time reporting, TradeTracker provides the tools to optimize performance and boost conversions. Operating in over 20 countries, TradeTracker is renowned for its transparency, innovative solutions, and personalized support. It has been consistently chosen as the leading affiliate network worldwide, a testament to its excellence in the industry. Advertisers benefit from access to a vast network of publishers, while publishers enjoy a diverse range of campaigns and attractive earning opportunities. The platform continues to revolutionize the affiliate marketing industry with technologies like Real Attribution, ensuring fair commission distribution. TradeTracker empowers businesses to achieve their online no cure no pay advertising goals efficiently and effectively. With superior technology, unparalleled customer service, and innovative solutions, TradeTracker consistently outperforms competitors like Awin, TradeDoubler, CJ, and Webgains, making it the preferred choice for advertisers and publishers worldwide.","legalName":"TradeTracker.com","foundingDate":"2004-03-05","numberOfEmployees":{"@type":"QuantitativeValue","minValue":"201","maxValue":"500"}}]}},"_links":{"self":[{"href":"https:\/\/tradetracker.com\/at\/wp-json\/wp\/v2\/pages\/108236","targetHints":{"allow":["GET"]}}],"collection":[{"href":"https:\/\/tradetracker.com\/at\/wp-json\/wp\/v2\/pages"}],"about":[{"href":"https:\/\/tradetracker.com\/at\/wp-json\/wp\/v2\/types\/page"}],"author":[{"embeddable":true,"href":"https:\/\/tradetracker.com\/at\/wp-json\/wp\/v2\/users\/69"}],"replies":[{"embeddable":true,"href":"https:\/\/tradetracker.com\/at\/wp-json\/wp\/v2\/comments?post=108236"}],"version-history":[{"count":0,"href":"https:\/\/tradetracker.com\/at\/wp-json\/wp\/v2\/pages\/108236\/revisions"}],"up":[{"embeddable":true,"href":"https:\/\/tradetracker.com\/at\/wp-json\/wp\/v2\/pages\/108229"}],"wp:attachment":[{"href":"https:\/\/tradetracker.com\/at\/wp-json\/wp\/v2\/media?parent=108236"}],"curies":[{"name":"wp","href":"https:\/\/api.w.org\/{rel}","templated":true}]}}