{"id":1245434,"date":"2025-12-16T20:28:21","date_gmt":"2025-12-16T20:28:21","guid":{"rendered":"https:\/\/tradetracker.com\/video-ads\/"},"modified":"2025-12-18T15:00:36","modified_gmt":"2025-12-18T15:00:36","slug":"video-ads","status":"publish","type":"page","link":"https:\/\/tradetracker.com\/befr\/video-ads\/","title":{"rendered":"Video Ads"},"content":{"rendered":"<div class=\"wpb-content-wrapper\"><p>[vc_row classes=&#8221;admonitor-page-detail&#8221; row_title=&#8221;header&#8221; el_id=&#8221;section-banner&#8221;][vc_column]<div class=\"row\"><div class=\"vc_col-sm-12\"><div class=\"industry-page-intro-text\"><h1  class=\"\">Boostez les conversions avec les Video Ads<\/h1><h2  class=\"\">Atteignez des r\u00e9sultats mesurables gr\u00e2ce \u00e0 des campagnes vid\u00e9o r\u00e9ellement performantes. Les Video Ads de TradeTracker vont au-del\u00e0 des vues et des clics pour se concentrer sur un engagement authentique et des conversions qui g\u00e9n\u00e8rent des r\u00e9sultats business.<\/h2><\/div>\r\n        <\/div>\r\n    <\/div><div class=\"space\"><\/div>[\/vc_column][\/vc_row][vc_row el_class=&#8221;banner-section&#8221; css=&#8221;.vc_custom_1765552670824{padding-top: 60px !important;padding-bottom: 60px !important;background-color: #ffffff !important;}&#8221; classes=&#8221;attr-row attr-row-layout banner-section&#8221; row_title=&#8221;video section&#8221;][vc_column]<div class=\"space\"><\/div>[vc_raw_html css=&#8221;&#8221;]JTNDaDIlMjBzdHlsZSUzRCUyMmNvbG9yJTNBJTIwJTIzM2M0ODVjJTNCdGV4dC1hbGlnbiUzQSUyMGNlbnRlciUzQmZvbnQtd2VpZ2h0JTNBJTIwNjAwJTNCJTIyJTNFVmlkZW8lMjBBZHMlMjByJUMzJUE5aW52ZW50JUMzJUE5ZXMlMjAlM0ElMjBjb24lQzMlQTd1ZXMlMjBwb3VyJTIwbGElMjBwZXJmb3JtYW5jZS4lMjAlM0NiciUyRiUzRSUzQ3NwYW4lMjBzdHlsZSUzRCUyMmNvbG9yJTNBJTIzRUYzQzIzJTIyJTNFUGVucyVDMyVBOWVzJTIwcG91ciUyMGNvbnZlcnRpci4lM0MlMkZzcGFuJTNFJTNDJTJGaDIlM0U=[\/vc_raw_html][vc_custom_heading text=&#8221;La vid\u00e9o reste le format le plus percutant du marketing digital. Elle combine image, son et mouvement pour capter rapidement l\u2019attention et maintenir l\u2019int\u00e9r\u00eat plus longtemps que les visuels statiques. Avec nos Video Ads bas\u00e9es sur la performance, les marchands disposent d\u2019un levier mesurable, transparent et orient\u00e9 r\u00e9sultats.&#8221; font_container=&#8221;tag:p|text_align:center|color:%233c485c&#8221; use_theme_fonts=&#8221;yes&#8221; css_animation=&#8221;none&#8221; css=&#8221;&#8221;][vc_empty_space height=&#8221;40&#8243;][vc_raw_html css=&#8221;&#8221;]JTNDZGl2JTIwc3R5bGUlM0QlMjJwYWRkaW5nJTNBNTYuMjUlMjUlMjAwJTIwMCUyMDAlM0Jwb3NpdGlvbiUzQXJlbGF0aXZlJTNCYm94LXNoYWRvdyUzQSUyMDAlMjAycHglMjA5cHglMjAwJTIwcmdiYSUyODAlMkMlMjAwJTJDJTIwMCUyQyUyMC4yJTI5JTNCYm9yZGVyLXJhZGl1cyUzQSUyMDEwcHglM0JvdmVyZmxvdyUzQSUyMGhpZGRlbiUzQiUyMiUzRSUwQSUyMCUyMCUyMCUyMCUzQ2lmcmFtZSUyMHNyYyUzRCUyMmh0dHBzJTNBJTJGJTJGcGxheWVyLnZpbWVvLmNvbSUyRnZpZGVvJTJGMTE0NTk2MzgzMCUzRmJhZGdlJTNEMCUyNmFtcCUzQmF1dG9wYXVzZSUzRDAlMjZhbXAlM0JwbGF5ZXJfaWQlM0QwJTI2YW1wJTNCYXBwX2lkJTNENTg0NzklMjZhbXAlM0JhdXRvcGxheSUzRDElMjIlMjBmcmFtZWJvcmRlciUzRCUyMjAlMjIlMjBhbGxvdyUzRCUyMmF1dG9wbGF5JTNCJTIwZnVsbHNjcmVlbiUzQiUyMHBpY3R1cmUtaW4tcGljdHVyZSUzQiUyMGNsaXBib2FyZC13cml0ZSUzQiUyMGVuY3J5cHRlZC1tZWRpYSUzQiUyMHdlYi1zaGFyZSUyMiUyMHJlZmVycmVycG9saWN5JTNEJTIyc3RyaWN0LW9yaWdpbi13aGVuLWNyb3NzLW9yaWdpbiUyMiUyMHN0eWxlJTNEJTIycG9zaXRpb24lM0FhYnNvbHV0ZSUzQnRvcCUzQTAlM0JsZWZ0JTNBMCUzQndpZHRoJTNBMTAwJTI1JTNCaGVpZ2h0JTNBMTAwJTI1JTNCJTIyJTIwdGl0bGUlM0QlMjJ2aWRlby1hZHMtcmVsZWFzZSUyMiUzRSUzQyUyRmlmcmFtZSUzRSUwQSUzQyUyRmRpdiUzRSUwQSUzQ3NjcmlwdCUyMHNyYyUzRCUyMmh0dHBzJTNBJTJGJTJGcGxheWVyLnZpbWVvLmNvbSUyRmFwaSUyRnBsYXllci5qcyUyMiUzRSUzQyUyRnNjcmlwdCUzRQ==[\/vc_raw_html][vc_empty_space height=&#8221;40&#8243;][\/vc_column][\/vc_row][vc_row el_id=&#8221;section-real-attribution&#8221;][vc_column][vc_row_inner][vc_column_inner][vc_empty_space height=&#8221;40px&#8221;][\/vc_column_inner][\/vc_row_inner][vc_row_inner el_class=&#8221;line&#8221;][vc_column_inner width=&#8221;1\/2&#8243;][vc_custom_heading text=&#8221;Les Video Ads surpassent<br \/>\ntous les autres formats&#8221; font_container=&#8221;tag:h2|font_size:34px|text_align:left|line_height:40px&#8221; google_fonts=&#8221;font_family:Roboto%3A100%2C100italic%2C300%2C300italic%2Cregular%2Citalic%2C500%2C500italic%2C700%2C700italic%2C900%2C900italic|font_style:500%20bold%20regular%3A500%3Anormal&#8221; css=&#8221;&#8221;][vc_wp_text el_class=&#8221;attribution-features&#8221;]<\/p>\n<h4>Attention imm\u00e9diate<\/h4>\n<p>Captez l\u2019attention plus rapidement gr\u00e2ce \u00e0 des formats vid\u00e9o riches qui maintiennent l\u2019int\u00e9r\u00eat tout au long du message.<\/p>\n<h4>Storytelling plus impactant<\/h4>\n<p>Utilisez le mouvement et le son pour raconter une histoire engageante et instaurer la confiance.<\/p>\n<h4>Impact accru sur les conversions<\/h4>\n<p>Influencez les d\u00e9cisions d\u2019achat plus efficacement que les annonces statiques ou textuelles.[\/vc_wp_text][\/vc_column_inner][vc_column_inner width=&#8221;1\/2&#8243;][vc_single_image image=&#8221;1244065&#8243; img_size=&#8221;full&#8221; css=&#8221;.vc_custom_1765554185612{margin-top: 30px !important;margin-bottom: 20px !important;}&#8221; el_class=&#8221;attribution-image&#8221;][\/vc_column_inner][\/vc_row_inner][vc_row_inner][vc_column_inner][vc_empty_space height=&#8221;120px&#8221;][\/vc_column_inner][\/vc_row_inner][vc_row_inner][vc_column_inner width=&#8221;1\/2&#8243;][vc_single_image image=&#8221;1244487&#8243; img_size=&#8221;full&#8221; css=&#8221;.vc_custom_1765916117724{margin-top: 30px !important;margin-bottom: 20px !important;}&#8221; el_class=&#8221;attribution-image&#8221;][\/vc_column_inner][vc_column_inner width=&#8221;1\/2&#8243;][vc_custom_heading text=&#8221;Une transparence<br \/>\nqui inspire confiance&#8221; font_container=&#8221;tag:h2|font_size:34px|text_align:left|line_height:40px&#8221; google_fonts=&#8221;font_family:Roboto%3A100%2C100italic%2C300%2C300italic%2Cregular%2Citalic%2C500%2C500italic%2C700%2C700italic%2C900%2C900italic|font_style:500%20bold%20regular%3A500%3Anormal&#8221; css=&#8221;&#8221;][vc_wp_text el_class=&#8221;attribution-features&#8221;]<\/p>\n<h4>Suivi des performances en temps r\u00e9el<\/h4>\n<p>Suivez chaque vue, interaction et conversion en temps r\u00e9el sur l\u2019ensemble des emplacements.<\/p>\n<h4>Insights de performance exploitables<\/h4>\n<p>Exploitez des indicateurs d\u00e9taill\u00e9s pour optimiser la performance cr\u00e9ative et le ciblage.<\/p>\n<h4>Responsabilit\u00e9 bas\u00e9e sur les r\u00e9sultats<\/h4>\n<p>Assurez une responsabilit\u00e9 totale avec des campagnes mesur\u00e9es uniquement sur des r\u00e9sultats r\u00e9els.[\/vc_wp_text][\/vc_column_inner][\/vc_row_inner][vc_row_inner][vc_column_inner][vc_empty_space height=&#8221;120px&#8221;][\/vc_column_inner][\/vc_row_inner][vc_row_inner][vc_column_inner width=&#8221;1\/2&#8243;][vc_custom_heading text=&#8221;Une int\u00e9gration fluide<br \/>\ndans votre mix marketing&#8221; font_container=&#8221;tag:h2|font_size:34px|text_align:left|line_height:40px&#8221; google_fonts=&#8221;font_family:Roboto%3A100%2C100italic%2C300%2C300italic%2Cregular%2Citalic%2C500%2C500italic%2C700%2C700italic%2C900%2C900italic|font_style:500%20bold%20regular%3A500%3Anormal&#8221; css=&#8221;&#8221;][vc_wp_text el_class=&#8221;attribution-features&#8221;]<\/p>\n<h4>Int\u00e9gration native avec les \u00e9diteurs<\/h4>\n<p>Les annonces s\u2019int\u00e8grent naturellement dans les environnements \u00e9diteurs, garantissant une exp\u00e9rience utilisateur fluide.<\/p>\n<h4>Port\u00e9e multi appareils<\/h4>\n<p>Touchez les consommateurs l\u00e0 o\u00f9 ils interagissent, sur desktop, mobile ou applications.<\/p>\n<h4>R\u00e9seau d\u2019\u00e9diteurs de confiance<\/h4>\n<p>Acc\u00e9dez \u00e0 un r\u00e9seau d\u2019\u00e9diteurs de confiance pour une exposition de qualit\u00e9 et des environnements s\u00e9curis\u00e9s pour la marque.[\/vc_wp_text][\/vc_column_inner][vc_column_inner width=&#8221;1\/2&#8243;][vc_single_image image=&#8221;1244517&#8243; img_size=&#8221;full&#8221; css=&#8221;.vc_custom_1765916151371{margin-top: 30px !important;margin-bottom: 20px !important;}&#8221; el_class=&#8221;attribution-image&#8221;][\/vc_column_inner][\/vc_row_inner][vc_row_inner][vc_column_inner][vc_empty_space height=&#8221;40px&#8221;][\/vc_column_inner][\/vc_row_inner][\/vc_column][\/vc_row][vc_row css=&#8221;.vc_custom_1765819653166{padding-top: 80px !important;padding-bottom: 80px !important;}&#8221; el_id=&#8221;section-performance-based-video-ads&#8221;][vc_column][vc_raw_html css=&#8221;&#8221;]JTNDZGl2JTIwaWQlM0QlMjJ0dC1wZXJmb3JtYW5jZS1iYXNlZC12aWRlby1hZHMtcm9vdCUyMiUzRSUzQyUyRmRpdiUzRQ==[\/vc_raw_html][\/vc_column][\/vc_row][vc_row css=&#8221;.vc_custom_1765819196995{padding-top: 80px !important;padding-bottom: 80px !important;background-color: #F3F6FA !important;}&#8221; el_id=&#8221;section-proven-effectiveness&#8221;][vc_column][vc_raw_html css=&#8221;&#8221;]JTNDZGl2JTIwaWQlM0QlMjJ0dC1wcm92ZW4tZWZmZWN0aXZlbmVzcy1yb290JTIyJTNFJTNDJTJGZGl2JTNF[\/vc_raw_html][\/vc_column][\/vc_row][vc_row row_title=&#8221;benefits-black-section&#8221; css=&#8221;.vc_custom_1765997837292{background-color: #2A261D !important;}&#8221;][vc_column][vc_raw_html css=&#8221;&#8221;]JTNDZGl2JTIwaWQlM0QlMjJ0dC1iZW5lZml0cy1yb290JTIyJTNFJTNDJTJGZGl2JTNF[\/vc_raw_html][\/vc_column][\/vc_row][vc_row row_title=&#8221;image flow section&#8221;][vc_column][vc_raw_html css=&#8221;&#8221; el_id=&#8221;ttvcs&#8221;]JTNDZGl2JTIwaWQlM0QlMjJ0dGN2cy1yb290JTIyJTNFJTNDJTJGZGl2JTNF[\/vc_raw_html][\/vc_column][\/vc_row][vc_row row_title=&#8221;four-blocks-section&#8221; css=&#8221;.vc_custom_1765991114417{background-color: #EF3C23 !important;}&#8221;][vc_column][vc_raw_html css=&#8221;&#8221;]JTNDZGl2JTIwaWQlM0QlMjJ0dC13aHktc2VjdGlvbi1yb290JTIyJTNFJTNDJTJGZGl2JTNF[\/vc_raw_html][\/vc_column][\/vc_row][vc_row row_title=&#8221;faq-minus-solved-2&#8243; css=&#8221;.vc_custom_1765996670111{background-color: #F3F6FA !important;}&#8221;][vc_column][vc_raw_html css=&#8221;.vc_custom_1766020053810{background-color: #F3F6FA !important;}&#8221;]JTNDZGl2JTIwaWQlM0QlMjJ0dC1mYXEtcm9vdCUyMiUzRSUzQyUyRmRpdiUzRQ==[\/vc_raw_html][\/vc_column][\/vc_row][vc_row row_title=&#8221;cta-section&#8221;][vc_column][vc_raw_html css=&#8221;&#8221;]JTNDZGl2JTIwaWQlM0QlMjJ0dC1jdGEtcm9vdCUyMiUzRSUzQyUyRmRpdiUzRQ==[\/vc_raw_html][\/vc_column][\/vc_row]<\/p>\n<\/div>","protected":false},"excerpt":{"rendered":"<p>[vc_row classes=&#8221;admonitor-page-detail&#8221; row_title=&#8221;header&#8221; el_id=&#8221;section-banner&#8221;][vc_column][\/vc_column][\/vc_row][vc_row el_class=&#8221;banner-section&#8221; css=&#8221;.vc_custom_1765552670824{padding-top: 60px !important;padding-bottom: 60px !important;background-color: #ffffff !important;}&#8221; classes=&#8221;attr-row attr-row-layout banner-section&#8221; row_title=&#8221;video section&#8221;][vc_column][vc_raw_html css=&#8221;&#8221;]JTNDaDIlMjBzdHlsZSUzRCUyMmNvbG9yJTNBJTIwJTIzM2M0ODVjJTNCdGV4dC1hbGlnbiUzQSUyMGNlbnRlciUzQmZvbnQtd2VpZ2h0JTNBJTIwNjAwJTNCJTIyJTNFVmlkZW8lMjBBZHMlMjByJUMzJUE5aW52ZW50JUMzJUE5ZXMlMjAlM0ElMjBjb24lQzMlQTd1ZXMlMjBwb3VyJTIwbGElMjBwZXJmb3JtYW5jZS4lMjAlM0NiciUyRiUzRSUzQ3NwYW4lMjBzdHlsZSUzRCUyMmNvbG9yJTNBJTIzRUYzQzIzJTIyJTNFUGVucyVDMyVBOWVzJTIwcG91ciUyMGNvbnZlcnRpci4lM0MlMkZzcGFuJTNFJTNDJTJGaDIlM0U=[\/vc_raw_html][vc_custom_heading text=&#8221;La vid\u00e9o reste le format le plus percutant du marketing digital. Elle combine image, son et mouvement pour capter rapidement l\u2019attention et maintenir l\u2019int\u00e9r\u00eat plus longtemps que les visuels statiques. Avec nos Video Ads bas\u00e9es sur la  [&#8230;]<\/p>\n","protected":false},"author":37,"featured_media":0,"parent":0,"menu_order":0,"comment_status":"closed","ping_status":"closed","template":"","meta":{"inline_featured_image":false,"_monsterinsights_skip_tracking":false,"_monsterinsights_sitenote_active":false,"_monsterinsights_sitenote_note":"","_monsterinsights_sitenote_category":0,"footnotes":""},"class_list":["post-1245434","page","type-page","status-publish","hentry"],"yoast_head":"<!-- This site is optimized with the Yoast SEO Premium plugin v27.0 (Yoast SEO v27.0) - https:\/\/yoast.com\/product\/yoast-seo-premium-wordpress\/ -->\n<title>Video Ads - TradeTracker.com | Affiliate Marketing | Performance Marketing<\/title>\n<meta name=\"description\" content=\"[vc_row classes=&quot;admonitor-page-detail&quot; row_title=&quot;header&quot; el_id=&quot;section-banner&quot;][vc_column]Boostez les conversions avec les Video AdsAtteignez des r\u00e9sultats mesurables gr\u00e2ce \u00e0 des campagnes vid\u00e9o r\u00e9ellement\" \/>\n<meta name=\"robots\" content=\"index, follow, max-snippet:-1, max-image-preview:large, max-video-preview:-1\" \/>\n<link rel=\"canonical\" href=\"https:\/\/tradetracker.com\/befr\/wp-json\/wp\/v2\/pages\/1245434\/\" \/>\n<meta property=\"og:locale\" content=\"fr_FR\" \/>\n<meta property=\"og:type\" content=\"article\" \/>\n<meta property=\"og:title\" content=\"Video Ads TradeTracker.com\" \/>\n<meta property=\"og:description\" content=\"[vc_row classes=&#8221;admonitor-page-detail&#8221;\" \/>\n<meta property=\"og:url\" content=\"https:\/\/tradetracker.com\/befr\/video-ads\/\" \/>\n<meta property=\"og:site_name\" content=\"TradeTracker.com | Affiliate Marketing | Performance Marketing\" \/>\n<meta property=\"article:publisher\" content=\"https:\/\/www.facebook.com\/tradetrackercom\" \/>\n<meta property=\"article:modified_time\" content=\"2025-12-18T15:00:36+00:00\" \/>\n<meta property=\"og:image\" content=\"https:\/\/tradetracker.com\/wp-content\/uploads\/2019\/12\/tradetracker-logo-square.png\" \/>\n\t<meta property=\"og:image:width\" content=\"250\" \/>\n\t<meta property=\"og:image:height\" content=\"250\" \/>\n\t<meta property=\"og:image:type\" content=\"image\/png\" \/>\n<meta name=\"twitter:card\" content=\"summary_large_image\" \/>\n<meta name=\"twitter:title\" content=\"Video Ads\" \/>\n<meta name=\"twitter:description\" content=\"[vc_row classes=&quot;admonitor-page-detail&quot; row_title=&quot;header&quot; el_id=&quot;section-banner&quot;][vc_column]Boostez les conversions avec les\" \/>\n<meta name=\"twitter:image\" content=\"https:\/\/tradetracker.com\/assets\/tt-circles.png\" \/>\n<meta name=\"twitter:site\" content=\"@tradetrackercom\" \/>\n<meta name=\"twitter:label1\" content=\"Est. reading time\" \/>\n\t<meta name=\"twitter:data1\" content=\"2 minutes\" \/>\n<script type=\"application\/ld+json\" class=\"yoast-schema-graph\">{\"@context\":\"https:\/\/schema.org\",\"@graph\":[{\"@type\":\"WebPage\",\"@id\":\"https:\/\/tradetracker.com\/befr\/video-ads\/\",\"url\":\"https:\/\/tradetracker.com\/befr\/video-ads\/\",\"name\":\"Video Ads - TradeTracker.com | Affiliate Marketing | Performance Marketing\",\"isPartOf\":{\"@id\":\"https:\/\/tradetracker.com\/befr\/#website\"},\"datePublished\":\"2025-12-16T20:28:21+00:00\",\"dateModified\":\"2025-12-18T15:00:36+00:00\",\"breadcrumb\":{\"@id\":\"https:\/\/tradetracker.com\/befr\/video-ads\/#breadcrumb\"},\"inLanguage\":\"fr-BE\",\"potentialAction\":[{\"@type\":\"ReadAction\",\"target\":[\"https:\/\/tradetracker.com\/befr\/video-ads\/\"]}]},{\"@type\":\"BreadcrumbList\",\"@id\":\"https:\/\/tradetracker.com\/befr\/video-ads\/#breadcrumb\",\"itemListElement\":[{\"@type\":\"ListItem\",\"position\":1,\"name\":\"Home\",\"item\":\"https:\/\/tradetracker.com\/befr\/\"},{\"@type\":\"ListItem\",\"position\":2,\"name\":\"Video Ads\"}]},{\"@type\":\"WebSite\",\"@id\":\"https:\/\/tradetracker.com\/befr\/#website\",\"url\":\"https:\/\/tradetracker.com\/befr\/\",\"name\":\"TradeTracker.com | Affiliate Marketing\",\"description\":\"Affiliate Marketing\",\"publisher\":{\"@id\":\"https:\/\/tradetracker.com\/befr\/#organization\"},\"potentialAction\":[{\"@type\":\"SearchAction\",\"target\":{\"@type\":\"EntryPoint\",\"urlTemplate\":\"https:\/\/tradetracker.com\/befr\/?s={search_term_string}\"},\"query-input\":{\"@type\":\"PropertyValueSpecification\",\"valueRequired\":true,\"valueName\":\"search_term_string\"}}],\"inLanguage\":\"fr-BE\"},{\"@type\":\"Organization\",\"@id\":\"https:\/\/tradetracker.com\/befr\/#organization\",\"name\":\"TradeTracker FZ LLC\",\"url\":\"https:\/\/tradetracker.com\/befr\/\",\"logo\":{\"@type\":\"ImageObject\",\"inLanguage\":\"fr-BE\",\"@id\":\"https:\/\/tradetracker.com\/befr\/#\/schema\/logo\/image\/\",\"url\":\"https:\/\/tradetracker.com\/wp-content\/uploads\/2019\/04\/tradetracker-logo_1.jpg\",\"contentUrl\":\"https:\/\/tradetracker.com\/wp-content\/uploads\/2019\/04\/tradetracker-logo_1.jpg\",\"width\":672,\"height\":109,\"caption\":\"TradeTracker FZ LLC\"},\"image\":{\"@id\":\"https:\/\/tradetracker.com\/befr\/#\/schema\/logo\/image\/\"},\"sameAs\":[\"https:\/\/www.facebook.com\/tradetrackercom\",\"https:\/\/x.com\/tradetrackercom\",\"https:\/\/www.linkedin.com\/company\/tradetrackercom\",\"https:\/\/www.youtube.com\/channel\/UCHiq-oir3qOorxO-8nLjIcQ\"],\"description\":\"TradeTracker is a global affiliate marketing platform that connects advertisers and publishers to create successful online campaigns. With its user-friendly interface, advanced tracking technology, and real-time reporting, TradeTracker provides the tools to optimize performance and boost conversions. Operating in over 20 countries, TradeTracker is renowned for its transparency, innovative solutions, and personalized support. It has been consistently chosen as the leading affiliate network worldwide, a testament to its excellence in the industry. Advertisers benefit from access to a vast network of publishers, while publishers enjoy a diverse range of campaigns and attractive earning opportunities. The platform continues to revolutionize the affiliate marketing industry with technologies like Real Attribution, ensuring fair commission distribution. TradeTracker empowers businesses to achieve their online no cure no pay advertising goals efficiently and effectively. With superior technology, unparalleled customer service, and innovative solutions, TradeTracker consistently outperforms competitors like Awin, TradeDoubler, CJ, and Webgains, making it the preferred choice for advertisers and publishers worldwide.\",\"legalName\":\"TradeTracker.com\",\"foundingDate\":\"2004-03-05\",\"numberOfEmployees\":{\"@type\":\"QuantitativeValue\",\"minValue\":\"201\",\"maxValue\":\"500\"}}]}<\/script>\n<!-- \/ Yoast SEO Premium plugin. -->","yoast_head_json":{"title":"Video Ads - TradeTracker.com | Affiliate Marketing | Performance Marketing","description":"[vc_row classes=\"admonitor-page-detail\" row_title=\"header\" el_id=\"section-banner\"][vc_column]Boostez les conversions avec les Video AdsAtteignez des r\u00e9sultats mesurables gr\u00e2ce \u00e0 des campagnes vid\u00e9o r\u00e9ellement","robots":{"index":"index","follow":"follow","max-snippet":"max-snippet:-1","max-image-preview":"max-image-preview:large","max-video-preview":"max-video-preview:-1"},"canonical":"https:\/\/tradetracker.com\/befr\/wp-json\/wp\/v2\/pages\/1245434\/","og_locale":"fr_FR","og_type":"article","og_title":"Video Ads TradeTracker.com","og_description":"[vc_row classes=&#8221;admonitor-page-detail&#8221;","og_url":"https:\/\/tradetracker.com\/befr\/video-ads\/","og_site_name":"TradeTracker.com | Affiliate Marketing | Performance Marketing","article_publisher":"https:\/\/www.facebook.com\/tradetrackercom","article_modified_time":"2025-12-18T15:00:36+00:00","og_image":[{"width":250,"height":250,"url":"https:\/\/tradetracker.com\/wp-content\/uploads\/2019\/12\/tradetracker-logo-square.png","type":"image\/png"}],"twitter_card":"summary_large_image","twitter_title":"Video Ads","twitter_description":"[vc_row classes=\"admonitor-page-detail\" row_title=\"header\" el_id=\"section-banner\"][vc_column]Boostez les conversions avec les","twitter_image":"https:\/\/tradetracker.com\/assets\/tt-circles.png","twitter_site":"@tradetrackercom","twitter_misc":{"Est. reading time":"2 minutes"},"schema":{"@context":"https:\/\/schema.org","@graph":[{"@type":"WebPage","@id":"https:\/\/tradetracker.com\/befr\/video-ads\/","url":"https:\/\/tradetracker.com\/befr\/video-ads\/","name":"Video Ads - TradeTracker.com | Affiliate Marketing | Performance Marketing","isPartOf":{"@id":"https:\/\/tradetracker.com\/befr\/#website"},"datePublished":"2025-12-16T20:28:21+00:00","dateModified":"2025-12-18T15:00:36+00:00","breadcrumb":{"@id":"https:\/\/tradetracker.com\/befr\/video-ads\/#breadcrumb"},"inLanguage":"fr-BE","potentialAction":[{"@type":"ReadAction","target":["https:\/\/tradetracker.com\/befr\/video-ads\/"]}]},{"@type":"BreadcrumbList","@id":"https:\/\/tradetracker.com\/befr\/video-ads\/#breadcrumb","itemListElement":[{"@type":"ListItem","position":1,"name":"Home","item":"https:\/\/tradetracker.com\/befr\/"},{"@type":"ListItem","position":2,"name":"Video Ads"}]},{"@type":"WebSite","@id":"https:\/\/tradetracker.com\/befr\/#website","url":"https:\/\/tradetracker.com\/befr\/","name":"TradeTracker.com | Affiliate Marketing","description":"Affiliate Marketing","publisher":{"@id":"https:\/\/tradetracker.com\/befr\/#organization"},"potentialAction":[{"@type":"SearchAction","target":{"@type":"EntryPoint","urlTemplate":"https:\/\/tradetracker.com\/befr\/?s={search_term_string}"},"query-input":{"@type":"PropertyValueSpecification","valueRequired":true,"valueName":"search_term_string"}}],"inLanguage":"fr-BE"},{"@type":"Organization","@id":"https:\/\/tradetracker.com\/befr\/#organization","name":"TradeTracker FZ LLC","url":"https:\/\/tradetracker.com\/befr\/","logo":{"@type":"ImageObject","inLanguage":"fr-BE","@id":"https:\/\/tradetracker.com\/befr\/#\/schema\/logo\/image\/","url":"https:\/\/tradetracker.com\/wp-content\/uploads\/2019\/04\/tradetracker-logo_1.jpg","contentUrl":"https:\/\/tradetracker.com\/wp-content\/uploads\/2019\/04\/tradetracker-logo_1.jpg","width":672,"height":109,"caption":"TradeTracker FZ LLC"},"image":{"@id":"https:\/\/tradetracker.com\/befr\/#\/schema\/logo\/image\/"},"sameAs":["https:\/\/www.facebook.com\/tradetrackercom","https:\/\/x.com\/tradetrackercom","https:\/\/www.linkedin.com\/company\/tradetrackercom","https:\/\/www.youtube.com\/channel\/UCHiq-oir3qOorxO-8nLjIcQ"],"description":"TradeTracker is a global affiliate marketing platform that connects advertisers and publishers to create successful online campaigns. With its user-friendly interface, advanced tracking technology, and real-time reporting, TradeTracker provides the tools to optimize performance and boost conversions. Operating in over 20 countries, TradeTracker is renowned for its transparency, innovative solutions, and personalized support. It has been consistently chosen as the leading affiliate network worldwide, a testament to its excellence in the industry. Advertisers benefit from access to a vast network of publishers, while publishers enjoy a diverse range of campaigns and attractive earning opportunities. The platform continues to revolutionize the affiliate marketing industry with technologies like Real Attribution, ensuring fair commission distribution. TradeTracker empowers businesses to achieve their online no cure no pay advertising goals efficiently and effectively. With superior technology, unparalleled customer service, and innovative solutions, TradeTracker consistently outperforms competitors like Awin, TradeDoubler, CJ, and Webgains, making it the preferred choice for advertisers and publishers worldwide.","legalName":"TradeTracker.com","foundingDate":"2004-03-05","numberOfEmployees":{"@type":"QuantitativeValue","minValue":"201","maxValue":"500"}}]}},"_links":{"self":[{"href":"https:\/\/tradetracker.com\/befr\/wp-json\/wp\/v2\/pages\/1245434","targetHints":{"allow":["GET"]}}],"collection":[{"href":"https:\/\/tradetracker.com\/befr\/wp-json\/wp\/v2\/pages"}],"about":[{"href":"https:\/\/tradetracker.com\/befr\/wp-json\/wp\/v2\/types\/page"}],"author":[{"embeddable":true,"href":"https:\/\/tradetracker.com\/befr\/wp-json\/wp\/v2\/users\/37"}],"replies":[{"embeddable":true,"href":"https:\/\/tradetracker.com\/befr\/wp-json\/wp\/v2\/comments?post=1245434"}],"version-history":[{"count":4,"href":"https:\/\/tradetracker.com\/befr\/wp-json\/wp\/v2\/pages\/1245434\/revisions"}],"predecessor-version":[{"id":1246499,"href":"https:\/\/tradetracker.com\/befr\/wp-json\/wp\/v2\/pages\/1245434\/revisions\/1246499"}],"wp:attachment":[{"href":"https:\/\/tradetracker.com\/befr\/wp-json\/wp\/v2\/media?parent=1245434"}],"curies":[{"name":"wp","href":"https:\/\/api.w.org\/{rel}","templated":true}]}}