{"id":13344,"date":"2017-02-15T06:15:31","date_gmt":"2017-02-15T06:15:31","guid":{"rendered":"https:\/\/tradetracker.com\/befr\/admonitor\/"},"modified":"2025-01-10T11:42:23","modified_gmt":"2025-01-10T11:42:23","slug":"admonitor","status":"publish","type":"page","link":"https:\/\/tradetracker.com\/befr\/admonitor\/","title":{"rendered":"Admonitor"},"content":{"rendered":"<div class=\"wpb-content-wrapper\"><p>[vc_row classes=&#8221;admonitor-page-detail&#8221;][vc_column]<div class=\"row\"><div class=\"vc_col-sm-12\"><div class=\"industry-page-intro-text\"><h1  class=\"\">Admonitor<\/h1><h2  class=\"\">Vos marques sont essentielles dans le processus de recherche et jouent un r\u00f4le important dans l\u2019orientation du trafic vers votre site. D\u2019autres acteurs du march\u00e9, tels que vos concurrents, partenaires et revendeurs tentent de profiter de votre marque. Afin de prot\u00e9ger votre marque, TradeTracker a d\u00e9velopp\u00e9 un outil qui surveille l\u2019utilisation de votre marque \u00e0 travers les canaux de recherche et d\u00e9tecte les abus de marque dans les annonces de recherche.<\/h2><\/div>\r\n        <\/div>\r\n    <\/div><div class=\"space\"><\/div>[\/vc_column][\/vc_row][vc_row classes=&#8221;se-how bg-pattern&#8221;][vc_column width=&#8221;2\/12&#8243;][\/vc_column][vc_column width=&#8221;8\/12&#8243; el_class=&#8221;acenter&#8221;]<div class=\"space\"><\/div><header><h2 class=\" tt_composer\" >Comment cela fonctionne<\/h2><\/header>[vc_wp_text el_class=&#8221;acenter&#8221;]<\/p>\n<p>Vous pouvez choisir les mots-cl\u00e9s qui seront surveill\u00e9s, la fr\u00e9quence de recherche ainsi que le moteur de recherche. AdMonitor est capable de passer d\u2019un moteur de recherche normal \u00e0 un moteur de recherche mobile. Vous serez alert\u00e9 aussit\u00f4t que des \u00e9ventuelles violations de marque d\u00e9pos\u00e9e, correspondant \u00e0 vos crit\u00e8res d\u2019alerte seront d\u00e9tect\u00e9es. A l\u2019aide d\u2019un algorithme de pointe, ce logiciel est capable de trouver les identit\u00e9s des affili\u00e9s de toutes plateformes d\u2019affiliation par lesquelles les affili\u00e9s exploitent votre campagne. AdMonitor est enti\u00e8rement int\u00e9gr\u00e9 dans l\u2019interface de TradeTracker, ce qui signifie que vous n\u2019avez pas besoin de vous connecter \u00e0 un autre syst\u00e8me. Le r\u00e9sultat des recherches est affich\u00e9 sur votre tableau de bord et vous pouvez ainsi explorer en d\u00e9tail pour en savoir plus.<\/p>\n<p>[\/vc_wp_text][\/vc_column][vc_column width=&#8221;2\/12&#8243;][\/vc_column][\/vc_row][vc_row][vc_column][vc_single_image image=&#8221;113728&#8243; img_size=&#8221;1120&#215;604&#8243; alignment=&#8221;center&#8221;][\/vc_column][\/vc_row][vc_row classes=&#8221;se-detect&#8221;][vc_column]<div class=\"space\"><\/div><header><h2 class=\" tt_composer\" >Ce que nous d\u00e9tectons<\/h2><\/header>[vc_row_inner el_class=&#8221;se-detect&#8221;][vc_column_inner width=&#8221;1\/2&#8243;][vc_single_image image=&#8221;113833&#8243; alignment=&#8221;center&#8221; el_class=&#8221;se-img&#8221;][vc_wp_text]<\/p>\n<h3>L\u2019utilisation d\u2019une URL\/annonce d\u00e9tourn\u00e9e<\/h3>\n<p>Nous identifions les pirates qui utilisent des annonces et affichent des URL, mais avant que les visiteurs n\u2019atteignent votre site internet, ils transitent par les liens de l\u2019affili\u00e9. A cause du fait que ces annonces ressemblent \u00e0 vos propres annonces, ce genre de violation est particuli\u00e8rement difficile \u00e0 d\u00e9tecter sans logiciel sophistiqu\u00e9.<\/p>\n<p>[\/vc_wp_text]<div class=\"space\"><\/div>[\/vc_column_inner][vc_column_inner width=&#8221;1\/2&#8243;][vc_single_image image=&#8221;113815&#8243; alignment=&#8221;center&#8221; el_class=&#8221;se-img&#8221;][vc_wp_text]<\/p>\n<h3>Le Day-parting<\/h3>\n<p>Nous identifions les pirates qui limitent l\u2019affichage de leurs annonces qu\u2019\u00e0 certaines heures de la journ\u00e9e, en particulier en soir\u00e9e, la nuit et pendant les week-ends. Ces moments correspondent aux moments o\u00f9 vos employ\u00e9s seront le moins amen\u00e9s \u00e0 d\u00e9tecter ces annonces.<\/p>\n<p>[\/vc_wp_text]<div class=\"space\"><\/div>[\/vc_column_inner][\/vc_row_inner][vc_row_inner el_class=&#8221;se-detect&#8221;][vc_column_inner width=&#8221;1\/2&#8243;][vc_single_image image=&#8221;113869&#8243; alignment=&#8221;center&#8221; el_class=&#8221;se-img&#8221;][vc_wp_text]<\/p>\n<h3>Le d\u00e9tournement de g\u00e9o-localisation<\/h3>\n<p>Nous identifions les pirates qui utilisent une adresse IP g\u00e9o-localis\u00e9e modifi\u00e9e. En effectuant cette manoeuvre, un pirate tentera d\u2019afficher l\u2019annonce que dans certaines villes et r\u00e9gions.<\/p>\n<p>[\/vc_wp_text][\/vc_column_inner][vc_column_inner width=&#8221;1\/2&#8243;][vc_single_image image=&#8221;113851&#8243; alignment=&#8221;center&#8221; el_class=&#8221;se-img&#8221;][vc_wp_text]<\/p>\n<div class=\"row se-detect\">\n<div class=\"grid6\">\n<h3>La dissimulation de lien<\/h3>\n<p>Nous identifions les pirates qui font un usage d\u00e9plac\u00e9 de diversion pour dissimuler la source originale du trafic.<br \/>\nA l\u2019aide de votre Account Manager, vous pouvez passer en revue les r\u00e9sultats de surveillance des marques et cr\u00e9er une liste des affili\u00e9s ou d\u2019autres partenaires dont les activit\u00e9s ne devraient pas \u00eatre signal\u00e9es\/interpr\u00e9t\u00e9es comme des menaces.<\/p>\n<\/div>\n<\/div>\n<div class=\"space\"><\/div>\n<p>[\/vc_wp_text][\/vc_column_inner][\/vc_row_inner][vc_row_inner][vc_column_inner]<div class=\"space\"><\/div>[vc_wp_text]<\/p>\n<p>By consulting your Account Manager, they can help you formulate the best approach when reviewing your results and can help you compile whitelists of affiliates who\u2019s presence should not be flagged as threats.<\/p>\n<p>[\/vc_wp_text]<div class=\"space\"><\/div>[\/vc_column_inner][\/vc_row_inner][\/vc_column][\/vc_row][vc_row el_id=&#8221;section-se-brands&#8221;][vc_column]<header><h2 class=\" tt_composer\" >Search Engines Supported<\/h2><\/header>[vc_row_inner el_class=&#8221;se-logos&#8221;][vc_column_inner el_class=&#8221;acenter&#8221; width=&#8221;1\/4&#8243;][vc_single_image image=&#8221;113761&#8243; img_size=&#8221;full&#8221;][\/vc_column_inner][vc_column_inner el_class=&#8221;acenter&#8221; width=&#8221;1\/4&#8243;][vc_single_image image=&#8221;113779&#8243; img_size=&#8221;full&#8221;][\/vc_column_inner][vc_column_inner el_class=&#8221;acenter&#8221; width=&#8221;1\/4&#8243;][vc_single_image image=&#8221;113743&#8243; img_size=&#8221;full&#8221;][\/vc_column_inner][vc_column_inner el_class=&#8221;acenter&#8221; width=&#8221;1\/4&#8243;][vc_single_image image=&#8221;113797&#8243; img_size=&#8221;full&#8221;][\/vc_column_inner][\/vc_row_inner][\/vc_column][\/vc_row][vc_row][vc_column]<div class=\"space\"><\/div>[vc_row_inner el_class=&#8221;se-package&#8221;][vc_column_inner]<header><h2 class=\" tt_composer\" >Choose a Package to Suit<\/h2><\/header>[\/vc_column_inner][\/vc_row_inner][vc_wp_text el_class=&#8221;se-package&#8221;] To find a package that will cover your searches is a question of understanding your keywords, online presence and how thorough you\u2019d like to be. As we commit searches on every hour of the day, all you need to do is identify the number of keywords you need following and over how many different search engines. <i>For example:<\/i> If you\u2019d want to follow <b>10 keywords<\/b>, across <b>3 search engines<\/b> and at <b>24 hours a day<\/b>. Then you will conduct <b>720 (10 x 3 x 24) searches a day<\/b>, which would qualify you for the \u201cAdvanced\u201d package over a complete month. The great thing is that you\u2019re never limited, and have the flexibility to adjust up and down depending on the situation you\u2019re in. Feel free to get in touch with your account manager to help in selecting the right package for you and to assist in the set-up of your parameters. [\/vc_wp_text]<div class=\"space\"><\/div>[\/vc_column][\/vc_row][vc_row classes=&#8221;sec-diff&#8221;][vc_column]<header><h2 class=\" tt_composer\" >Packages and Pricing<\/h2><\/header>[vc_row_inner][vc_column_inner el_class=&#8221;se-pricing&#8221; width=&#8221;1\/3&#8243;]<div class=\"package admonitor-package \">\r\n            <h2>Basic<\/h2>\r\n            <p><span class=\"package-price\">99\u20ac par mois<\/span><\/p>\r\n            <p>Jusqu\u2019\u00e0 2500 par mois<\/p>\r\n            <div class=\"space-half\"><\/div><p>0.05\u20ac par recherche suppl\u00e9mentaire.<\/p><\/div>[\/vc_column_inner][vc_column_inner el_class=&#8221;se-pricing&#8221; width=&#8221;1\/3&#8243;]<div class=\"package admonitor-package \">\r\n            <h2>Avanc\u00e9<\/h2>\r\n            <p><span class=\"package-price\">249\u20ac par mois<\/span><\/p>\r\n            <p>Jusqu\u2019\u00e0 25 000 par mois<\/p>\r\n            <div class=\"space-half\"><\/div><p>0.03\u20ac par recherche suppl\u00e9mentaire.<\/p><\/div>[\/vc_column_inner][vc_column_inner el_class=&#8221;se-pricing&#8221; width=&#8221;1\/3&#8243;]<div class=\"package admonitor-package \">\r\n            <h2>Premium Plan<\/h2>\r\n            <p><span class=\"package-price\">499\u20ac par mois<\/span><\/p>\r\n            <p>Jusqu\u2019\u00e0 250 000 par mois<\/p>\r\n            <div class=\"space-half\"><\/div><p>0.01\u20ac par recherche suppl\u00e9mentaire.<\/p><\/div>[\/vc_column_inner][\/vc_row_inner][\/vc_column][\/vc_row][vc_row classes=&#8221;cta bg-pattern&#8221; el_id=&#8221;ctaaam&#8221;][vc_column]<div class=\"row\"><div class=\"vc_col-sm-12\"><h2 class=\"get_started\" >Pr\u00eat \u00e0 passer l\u2019\u00e9tape suivante ?<\/h2><p >Nous sommes une \u00e9quipe accros \u00e0 l\u2019affiliation, ax\u00e9s sur les r\u00e9sultats, d\u00e9vou\u00e9s \u00e0 la performance et cherchant toujours \u00e0 rendre le monde de la publicit\u00e9 un meilleur endroit. Ouvrez-vous et apprenez comment nous pouvons lancer votre commerce en ligne.<\/p><\/div><\/div><div class=\"space\"><\/div>[vc_row_inner][vc_column_inner width=&#8221;2\/12&#8243;][\/vc_column_inner][vc_column_inner el_class=&#8221;cta-block advertiser no-bg-cta&#8221; width=&#8221;4\/12&#8243;][vc_btn title=&#8221;Enregistrement comme annonceur&#8221; style=&#8221;classic&#8221; color=&#8221;white&#8221; size=&#8221;lg&#8221; align=&#8221;center&#8221; css=&#8221;&#8221; link=&#8221;url:https%3A%2F%2Fmerchant.tradetracker.com%2Fportal%2FadvertiserBrochure%3Floc%3Dfr_BE&#8221; el_class=&#8221;theme-btn btn-style-one text-center tdecn&#8221;][vc_raw_html el_class=&#8221;force-white-text&#8221;]JTNDc3BhbiUyMGNsYXNzJTNEJTIybGluay1zZXAlMjIlM0Utb3ItJTNDJTJGc3BhbiUzRQ==[\/vc_raw_html]<div class=\"row\"><div class=\"vc_col-sm-12\"><p><a class=\"textlink force-white-text\" href=\"\/befr\/advertisers\/\">Annonceurs<\/a><\/p><\/div><\/div>[\/vc_column_inner][vc_column_inner el_class=&#8221;cta-block publisher no-bg-cta&#8221; width=&#8221;4\/12&#8243;][vc_btn title=&#8221;Enregistrement comme \u00e9diteur&#8221; style=&#8221;classic&#8221; color=&#8221;white&#8221; size=&#8221;lg&#8221; align=&#8221;center&#8221; link=&#8221;url:https%3A%2F%2Faffiliate.tradetracker.com%2Fsignup%2Fstep1%3Floc%3Dfr_BE|||&#8221; el_class=&#8221;theme-btn btn-style-one text-center tdecn&#8221;][vc_raw_html el_class=&#8221;force-white-text&#8221;]JTNDc3BhbiUyMGNsYXNzJTNEJTIybGluay1zZXAlMjIlM0Utb3ItJTNDJTJGc3BhbiUzRQ==[\/vc_raw_html]<div class=\"row\"><div class=\"vc_col-sm-12\"><p><a class=\"textlink force-white-text\" href=\"\/befr\/publishers\/\">Editeurs<\/a><\/p><\/div><\/div>[\/vc_column_inner][vc_column_inner width=&#8221;1\/12&#8243;][\/vc_column_inner][\/vc_row_inner]<div class=\"space\"><\/div>[\/vc_column][\/vc_row]<\/p>\n<\/div>","protected":false},"excerpt":{"rendered":"<p>[vc_row classes=&#8221;admonitor-page-detail&#8221;][vc_column][\/vc_column][\/vc_row][vc_row classes=&#8221;se-how bg-pattern&#8221;][vc_column width=&#8221;2\/12&#8243;][\/vc_column][vc_column width=&#8221;8\/12&#8243; el_class=&#8221;acenter&#8221;][vc_wp_text el_class=&#8221;acenter&#8221;] Vous pouvez choisir les mots-cl\u00e9s qui seront surveill\u00e9s, la fr\u00e9quence de recherche ainsi que le moteur de recherche. AdMonitor est capable de passer d\u2019un moteur de recherche normal \u00e0 un moteur de recherche mobile. Vous serez alert\u00e9 aussit\u00f4t que des \u00e9ventuelles violations de marque d\u00e9pos\u00e9e, correspondant \u00e0  [&#8230;]<\/p>\n","protected":false},"author":69,"featured_media":0,"parent":0,"menu_order":0,"comment_status":"closed","ping_status":"closed","template":"","meta":{"inline_featured_image":false,"_monsterinsights_skip_tracking":false,"_monsterinsights_sitenote_active":false,"_monsterinsights_sitenote_note":"","_monsterinsights_sitenote_category":0,"footnotes":""},"class_list":["post-13344","page","type-page","status-publish","hentry"],"yoast_head":"<!-- This site is optimized with the Yoast SEO Premium plugin v27.0 (Yoast SEO v27.0) - https:\/\/yoast.com\/product\/yoast-seo-premium-wordpress\/ -->\n<title>Admonitor - TradeTracker.com | Affiliate Marketing | Performance Marketing<\/title>\n<meta name=\"description\" content=\"[vc_row classes=&quot;admonitor-page-detail&quot;][vc_column]AdmonitorVos marques sont essentielles dans le processus de recherche et jouent un r\u00f4le important dans l\u2019orientation du trafic vers votre site. D\u2019autres acteurs du\" \/>\n<meta name=\"robots\" content=\"index, follow, max-snippet:-1, max-image-preview:large, max-video-preview:-1\" \/>\n<link rel=\"canonical\" href=\"https:\/\/tradetracker.com\/befr\/wp-json\/wp\/v2\/pages\/13344\/\" \/>\n<meta property=\"og:locale\" content=\"fr_FR\" \/>\n<meta property=\"og:type\" content=\"article\" \/>\n<meta property=\"og:title\" content=\"Admonitor TradeTracker.com\" \/>\n<meta property=\"og:description\" content=\"[vc_row\" \/>\n<meta property=\"og:url\" content=\"https:\/\/tradetracker.com\/befr\/admonitor\/\" \/>\n<meta property=\"og:site_name\" content=\"TradeTracker.com | Affiliate Marketing | Performance Marketing\" \/>\n<meta property=\"article:publisher\" content=\"https:\/\/www.facebook.com\/tradetrackercom\" \/>\n<meta property=\"article:modified_time\" content=\"2025-01-10T11:42:23+00:00\" \/>\n<meta property=\"og:image\" content=\"https:\/\/tradetracker.com\/wp-content\/uploads\/2019\/12\/tradetracker-logo-square.png\" \/>\n\t<meta property=\"og:image:width\" content=\"250\" \/>\n\t<meta property=\"og:image:height\" content=\"250\" \/>\n\t<meta property=\"og:image:type\" content=\"image\/png\" \/>\n<meta name=\"twitter:card\" content=\"summary_large_image\" \/>\n<meta name=\"twitter:title\" content=\"Admonitor\" \/>\n<meta name=\"twitter:description\" content=\"[vc_row classes=&quot;admonitor-page-detail&quot;][vc_column]AdmonitorVos marques sont essentielles dans le processus de recherche et \" \/>\n<meta name=\"twitter:image\" content=\"https:\/\/tradetracker.com\/assets\/tt-circles.png\" \/>\n<meta name=\"twitter:site\" content=\"@tradetrackercom\" \/>\n<meta name=\"twitter:label1\" content=\"Est. reading time\" \/>\n\t<meta name=\"twitter:data1\" content=\"6 minutes\" \/>\n<script type=\"application\/ld+json\" class=\"yoast-schema-graph\">{\"@context\":\"https:\/\/schema.org\",\"@graph\":[{\"@type\":\"WebPage\",\"@id\":\"https:\/\/tradetracker.com\/befr\/admonitor\/\",\"url\":\"https:\/\/tradetracker.com\/befr\/admonitor\/\",\"name\":\"Admonitor - TradeTracker.com | Affiliate Marketing | Performance Marketing\",\"isPartOf\":{\"@id\":\"https:\/\/tradetracker.com\/befr\/#website\"},\"datePublished\":\"2017-02-15T06:15:31+00:00\",\"dateModified\":\"2025-01-10T11:42:23+00:00\",\"breadcrumb\":{\"@id\":\"https:\/\/tradetracker.com\/befr\/admonitor\/#breadcrumb\"},\"inLanguage\":\"fr-BE\",\"potentialAction\":[{\"@type\":\"ReadAction\",\"target\":[\"https:\/\/tradetracker.com\/befr\/admonitor\/\"]}]},{\"@type\":\"BreadcrumbList\",\"@id\":\"https:\/\/tradetracker.com\/befr\/admonitor\/#breadcrumb\",\"itemListElement\":[{\"@type\":\"ListItem\",\"position\":1,\"name\":\"Home\",\"item\":\"https:\/\/tradetracker.com\/befr\/\"},{\"@type\":\"ListItem\",\"position\":2,\"name\":\"Admonitor\"}]},{\"@type\":\"WebSite\",\"@id\":\"https:\/\/tradetracker.com\/befr\/#website\",\"url\":\"https:\/\/tradetracker.com\/befr\/\",\"name\":\"TradeTracker.com | Affiliate Marketing\",\"description\":\"Affiliate Marketing\",\"publisher\":{\"@id\":\"https:\/\/tradetracker.com\/befr\/#organization\"},\"potentialAction\":[{\"@type\":\"SearchAction\",\"target\":{\"@type\":\"EntryPoint\",\"urlTemplate\":\"https:\/\/tradetracker.com\/befr\/?s={search_term_string}\"},\"query-input\":{\"@type\":\"PropertyValueSpecification\",\"valueRequired\":true,\"valueName\":\"search_term_string\"}}],\"inLanguage\":\"fr-BE\"},{\"@type\":\"Organization\",\"@id\":\"https:\/\/tradetracker.com\/befr\/#organization\",\"name\":\"TradeTracker FZ LLC\",\"url\":\"https:\/\/tradetracker.com\/befr\/\",\"logo\":{\"@type\":\"ImageObject\",\"inLanguage\":\"fr-BE\",\"@id\":\"https:\/\/tradetracker.com\/befr\/#\/schema\/logo\/image\/\",\"url\":\"https:\/\/tradetracker.com\/wp-content\/uploads\/2019\/04\/tradetracker-logo_1.jpg\",\"contentUrl\":\"https:\/\/tradetracker.com\/wp-content\/uploads\/2019\/04\/tradetracker-logo_1.jpg\",\"width\":672,\"height\":109,\"caption\":\"TradeTracker FZ LLC\"},\"image\":{\"@id\":\"https:\/\/tradetracker.com\/befr\/#\/schema\/logo\/image\/\"},\"sameAs\":[\"https:\/\/www.facebook.com\/tradetrackercom\",\"https:\/\/x.com\/tradetrackercom\",\"https:\/\/www.linkedin.com\/company\/tradetrackercom\",\"https:\/\/www.youtube.com\/channel\/UCHiq-oir3qOorxO-8nLjIcQ\"],\"description\":\"TradeTracker is a global affiliate marketing platform that connects advertisers and publishers to create successful online campaigns. With its user-friendly interface, advanced tracking technology, and real-time reporting, TradeTracker provides the tools to optimize performance and boost conversions. Operating in over 20 countries, TradeTracker is renowned for its transparency, innovative solutions, and personalized support. It has been consistently chosen as the leading affiliate network worldwide, a testament to its excellence in the industry. Advertisers benefit from access to a vast network of publishers, while publishers enjoy a diverse range of campaigns and attractive earning opportunities. The platform continues to revolutionize the affiliate marketing industry with technologies like Real Attribution, ensuring fair commission distribution. TradeTracker empowers businesses to achieve their online no cure no pay advertising goals efficiently and effectively. With superior technology, unparalleled customer service, and innovative solutions, TradeTracker consistently outperforms competitors like Awin, TradeDoubler, CJ, and Webgains, making it the preferred choice for advertisers and publishers worldwide.\",\"legalName\":\"TradeTracker.com\",\"foundingDate\":\"2004-03-05\",\"numberOfEmployees\":{\"@type\":\"QuantitativeValue\",\"minValue\":\"201\",\"maxValue\":\"500\"}}]}<\/script>\n<!-- \/ Yoast SEO Premium plugin. -->","yoast_head_json":{"title":"Admonitor - TradeTracker.com | Affiliate Marketing | Performance Marketing","description":"[vc_row classes=\"admonitor-page-detail\"][vc_column]AdmonitorVos marques sont essentielles dans le processus de recherche et jouent un r\u00f4le important dans l\u2019orientation du trafic vers votre site. D\u2019autres acteurs du","robots":{"index":"index","follow":"follow","max-snippet":"max-snippet:-1","max-image-preview":"max-image-preview:large","max-video-preview":"max-video-preview:-1"},"canonical":"https:\/\/tradetracker.com\/befr\/wp-json\/wp\/v2\/pages\/13344\/","og_locale":"fr_FR","og_type":"article","og_title":"Admonitor TradeTracker.com","og_description":"[vc_row","og_url":"https:\/\/tradetracker.com\/befr\/admonitor\/","og_site_name":"TradeTracker.com | Affiliate Marketing | Performance Marketing","article_publisher":"https:\/\/www.facebook.com\/tradetrackercom","article_modified_time":"2025-01-10T11:42:23+00:00","og_image":[{"width":250,"height":250,"url":"https:\/\/tradetracker.com\/wp-content\/uploads\/2019\/12\/tradetracker-logo-square.png","type":"image\/png"}],"twitter_card":"summary_large_image","twitter_title":"Admonitor","twitter_description":"[vc_row classes=\"admonitor-page-detail\"][vc_column]AdmonitorVos marques sont essentielles dans le processus de recherche et ","twitter_image":"https:\/\/tradetracker.com\/assets\/tt-circles.png","twitter_site":"@tradetrackercom","twitter_misc":{"Est. reading time":"6 minutes"},"schema":{"@context":"https:\/\/schema.org","@graph":[{"@type":"WebPage","@id":"https:\/\/tradetracker.com\/befr\/admonitor\/","url":"https:\/\/tradetracker.com\/befr\/admonitor\/","name":"Admonitor - TradeTracker.com | Affiliate Marketing | Performance Marketing","isPartOf":{"@id":"https:\/\/tradetracker.com\/befr\/#website"},"datePublished":"2017-02-15T06:15:31+00:00","dateModified":"2025-01-10T11:42:23+00:00","breadcrumb":{"@id":"https:\/\/tradetracker.com\/befr\/admonitor\/#breadcrumb"},"inLanguage":"fr-BE","potentialAction":[{"@type":"ReadAction","target":["https:\/\/tradetracker.com\/befr\/admonitor\/"]}]},{"@type":"BreadcrumbList","@id":"https:\/\/tradetracker.com\/befr\/admonitor\/#breadcrumb","itemListElement":[{"@type":"ListItem","position":1,"name":"Home","item":"https:\/\/tradetracker.com\/befr\/"},{"@type":"ListItem","position":2,"name":"Admonitor"}]},{"@type":"WebSite","@id":"https:\/\/tradetracker.com\/befr\/#website","url":"https:\/\/tradetracker.com\/befr\/","name":"TradeTracker.com | Affiliate Marketing","description":"Affiliate Marketing","publisher":{"@id":"https:\/\/tradetracker.com\/befr\/#organization"},"potentialAction":[{"@type":"SearchAction","target":{"@type":"EntryPoint","urlTemplate":"https:\/\/tradetracker.com\/befr\/?s={search_term_string}"},"query-input":{"@type":"PropertyValueSpecification","valueRequired":true,"valueName":"search_term_string"}}],"inLanguage":"fr-BE"},{"@type":"Organization","@id":"https:\/\/tradetracker.com\/befr\/#organization","name":"TradeTracker FZ LLC","url":"https:\/\/tradetracker.com\/befr\/","logo":{"@type":"ImageObject","inLanguage":"fr-BE","@id":"https:\/\/tradetracker.com\/befr\/#\/schema\/logo\/image\/","url":"https:\/\/tradetracker.com\/wp-content\/uploads\/2019\/04\/tradetracker-logo_1.jpg","contentUrl":"https:\/\/tradetracker.com\/wp-content\/uploads\/2019\/04\/tradetracker-logo_1.jpg","width":672,"height":109,"caption":"TradeTracker FZ LLC"},"image":{"@id":"https:\/\/tradetracker.com\/befr\/#\/schema\/logo\/image\/"},"sameAs":["https:\/\/www.facebook.com\/tradetrackercom","https:\/\/x.com\/tradetrackercom","https:\/\/www.linkedin.com\/company\/tradetrackercom","https:\/\/www.youtube.com\/channel\/UCHiq-oir3qOorxO-8nLjIcQ"],"description":"TradeTracker is a global affiliate marketing platform that connects advertisers and publishers to create successful online campaigns. With its user-friendly interface, advanced tracking technology, and real-time reporting, TradeTracker provides the tools to optimize performance and boost conversions. Operating in over 20 countries, TradeTracker is renowned for its transparency, innovative solutions, and personalized support. It has been consistently chosen as the leading affiliate network worldwide, a testament to its excellence in the industry. Advertisers benefit from access to a vast network of publishers, while publishers enjoy a diverse range of campaigns and attractive earning opportunities. The platform continues to revolutionize the affiliate marketing industry with technologies like Real Attribution, ensuring fair commission distribution. TradeTracker empowers businesses to achieve their online no cure no pay advertising goals efficiently and effectively. With superior technology, unparalleled customer service, and innovative solutions, TradeTracker consistently outperforms competitors like Awin, TradeDoubler, CJ, and Webgains, making it the preferred choice for advertisers and publishers worldwide.","legalName":"TradeTracker.com","foundingDate":"2004-03-05","numberOfEmployees":{"@type":"QuantitativeValue","minValue":"201","maxValue":"500"}}]}},"_links":{"self":[{"href":"https:\/\/tradetracker.com\/befr\/wp-json\/wp\/v2\/pages\/13344","targetHints":{"allow":["GET"]}}],"collection":[{"href":"https:\/\/tradetracker.com\/befr\/wp-json\/wp\/v2\/pages"}],"about":[{"href":"https:\/\/tradetracker.com\/befr\/wp-json\/wp\/v2\/types\/page"}],"author":[{"embeddable":true,"href":"https:\/\/tradetracker.com\/befr\/wp-json\/wp\/v2\/users\/69"}],"replies":[{"embeddable":true,"href":"https:\/\/tradetracker.com\/befr\/wp-json\/wp\/v2\/comments?post=13344"}],"version-history":[{"count":0,"href":"https:\/\/tradetracker.com\/befr\/wp-json\/wp\/v2\/pages\/13344\/revisions"}],"wp:attachment":[{"href":"https:\/\/tradetracker.com\/befr\/wp-json\/wp\/v2\/media?parent=13344"}],"curies":[{"name":"wp","href":"https:\/\/api.w.org\/{rel}","templated":true}]}}