{"id":13479,"date":"2017-02-09T13:12:46","date_gmt":"2017-02-09T13:12:46","guid":{"rendered":"https:\/\/tradetracker.com\/befr\/knowledge-centre\/for-publishers\/"},"modified":"2022-02-22T22:50:17","modified_gmt":"2022-02-22T22:50:17","slug":"for-publishers","status":"publish","type":"page","link":"https:\/\/tradetracker.com\/befr\/centre-de-connaissances\/for-publishers\/","title":{"rendered":"For Publishers"},"content":{"rendered":"<div class=\"wpb-content-wrapper\"><p>[vc_row el_id=&#8221;kc-top&#8221; classes=&#8221;part-fullsection section-kc-topics bg-color10 bg-pattern full-width&#8221;][vc_column]<div class=\"row\"><div class=\"vc_col-sm-12\"><div class=\" static-page-intro-text \"><h1  style=\"color: #ffffff\" class=\"\">CENTRE DE CONNAISSANCES<\/h1><h2  style=\"color: #ffffff\" class=\"\">Comprenez les bases du lancement d\u2019une campagne. Ici, vous trouverez un centre d\u2019informations visant \u00e0 fournir une br\u00e8ve introduction \u00e0 l\u2019affiliation et \u00e0 la plateforme de TradeTracker.<\/h2><\/div>\r\n        <\/div>\r\n    <\/div>[vc_wp_text]<\/p>\n<div id=\"kc-tab-wrap\">\n<ul>\n<li class=\"\"><a href=\"\/befr\/centre-de-connaissances\/gdpr\/#for-advertisers\/\">Pour les annonceurs<\/a><\/li>\n<li class=\"active\"><a href=\"\/befr\/centre-de-connaissances\/for-publishers\/\">Pour les \u00e9diteurs<\/a><\/li>\n<li class=\"\"><a href=\"\/befr\/centre-de-connaissances\/glossary\/\">Glossaire<\/a><\/li>\n<li class=\"\"><a href=\"\/befr\/centre-de-connaissances\/gdpr\/\">GDPR<\/a><\/li>\n<\/ul>\n<\/div>\n<p>[\/vc_wp_text][\/vc_column][\/vc_row][vc_row el_id=&#8221;kc-content&#8221;][vc_column]    <div class=\"row\">\r\n        <div class=\"vc_col-sm-12\">\r\n            <div class=\"space\"><\/div>\r\n            <ul class=\"toggle\">\r\n                                            <li class=\"kc-topic active\"><a class=\"tgg-title\">\r\n                                <div class=\"feature-less-text\">Less<\/div>Comment puis-je obtenir un compte TradeTracker?<\/a>\r\n                        \r\n                        <div class=\"tgg-content\">\r\n                            <p><p>L\u2019enregistrement pour un compte d\u2019\u00e9diteur est gratuit. Une fois enregistr\u00e9, votre site sera \u00e9valu\u00e9 pour approbation par un de nos gestionnaire d\u2019\u00e9diteurs. Apr\u00e8s avoir \u00e9t\u00e9 approuv\u00e9, vous pouvez imm\u00e9diatement commencer \u00e0 promouvoir votre choix d\u2019annonceurs. Inscrivez-vous d\u00e8s maintenant et <a href=\"https:\/\/affiliate.tradetracker.com\/signup\/step1?loc=fr_BE\">et cr\u00e9ez un compte d\u2019\u00e9diteur.<\/a><\/p>\n<\/p>\r\n                        <\/div>\r\n                        <\/li>\r\n                                                    <li class=\"kc-topic\"><a class=\"tgg-title\">\r\n                                <div class=\"feature-less-text\">Less<\/div>Comment puis-je commencer \u00e0 mon\u00e9tiser mon contenu?<\/a>\r\n                        \r\n                        <div class=\"tgg-content\">\r\n                            <p><p>Notre plateforme d\u2019affiliation vous donne tous les outils pour placer du contenu de marques connues sur votre site Web. La plateforme vous permet de surveiller en d\u00e9tail la performance et l\u2019efficacit\u00e9 des mat\u00e9riels promotionnels mis en \u0153uvre, avec de nombreuses fonctions et rapport vous permettant de r\u00e9agir et d\u2019optimiser encore plus vos efforts en ligne.<\/p>\n<\/p>\r\n                        <\/div>\r\n                        <\/li>\r\n                                                    <li class=\"kc-topic\"><a class=\"tgg-title\">\r\n                                <div class=\"feature-less-text\">Less<\/div>A quelle fr\u00e9quence serai-je pay\u00e9?<\/a>\r\n                        \r\n                        <div class=\"tgg-content\">\r\n                            <p><p>Nous comprenons que pour avoir et maintenir un site Web de premier ordre, vous n\u00e9cessitez un support financier. C\u2019est pour cette raison que TradeTracker paiera votre commission jusqu\u2019\u00e0 4 fois par mois. Il est m\u00eame possible fr demander notre solution de paiement super rapide, qui rendra les commissions payables dans un d\u00e9lai de quelques heures apr\u00e8s l\u2019approbation des transactions.<br \/>\nEn tant qu\u2019affili\u00e9, vous avez un contr\u00f4le total sur vos paiements et vous pouvez par cons\u00e9quent changer votre fr\u00e9quence de paiement quand vous voulez.<br \/>\nMensuellement<br \/>\nLorsque vous configurez vos paiement pour qu\u2019ils aient lieu mensuellement, votre avis de paiement est g\u00e9n\u00e9r\u00e9 le 7e de chaque mois.<br \/>\nDeux fois par mois<br \/>\nConfigurer vos paiement pour qu\u2019ils aient lieu deux fois par mois fournira un avis de paiement les 7e et 21e jours de chaque mois.<br \/>\nQuatre fois par mois<br \/>\nLa s\u00e9lection d\u2019une fr\u00e9quence de quatre fois par mois signifie que vos avis de paiement seront g\u00e9n\u00e9r\u00e9s les 7e, 14e, 21e et 28e jours de chaque mois.<br \/>\nSi n\u00e9cessaire, vous pouvez mettre en pause les paiements en activant l\u2019option \u00ab\u00a0Suspension\u00a0\u00bb. Vous pouvez aussi augmenter le montant de paiement minimum pour ralentir les transferts.<br \/>\nLes paiements seront effectu\u00e9s peu de temps apr\u00e8s la g\u00e9n\u00e9ration des avis de paiement et peuvent \u00eatre faits \u00e0 travers PayPal ou par virement bancaire.<\/p>\n<\/p>\r\n                        <\/div>\r\n                        <\/li>\r\n                                                    <li class=\"kc-topic\"><a class=\"tgg-title\">\r\n                                <div class=\"feature-less-text\">Less<\/div>Qu\u2019est-ce que le Paiement super rapide?<\/a>\r\n                        \r\n                        <div class=\"tgg-content\">\r\n                            <p><p>\u00c0 c\u00f4t\u00e9 de notre fr\u00e9quence de paiement allant jusqu\u2019\u00e0 quatre fois par mois, vous pourriez \u00eatre aussi \u00e9ligible pour notre proc\u00e9dure unique de \u00ab\u00a0paiement super rapide\u00a0\u00bb qui rendra les commissions payables dans un d\u00e9lai de quelques heures apr\u00e8s l\u2019approbation de transactions. Vous pouvez discuter de cette fonction en d\u00e9tail avec votre gestionnaire de compte.<\/p>\n<\/p>\r\n                        <\/div>\r\n                        <\/li>\r\n                                                    <li class=\"kc-topic\"><a class=\"tgg-title\">\r\n                                <div class=\"feature-less-text\">Less<\/div>Comment puis-je faire une demande pour plusieurs pays?<\/a>\r\n                        \r\n                        <div class=\"tgg-content\">\r\n                            <p><p>Si vous \u00eates int\u00e9ress\u00e9 dans le placement d\u2019annonceurs de plusieurs pays sur votre site, vous pouvez ajouter votre site \u00e0 un autre territoire de TradeTracker \u00e0 partir de votre interface d\u2019affili\u00e9. Naviguez simplement vers Compte -> Mes sites et cliquez sur le lien \u00ab\u00a0Ajouter un nouveau site\u00a0\u00bb. Vous pouvez alors choisir le territoire suppl\u00e9mentaire que vous voulez demander pour votre site.<br \/>\nUne fois votre demande approuv\u00e9e, vous pouvez g\u00e9rer les activit\u00e9s pour ce territoire en le choisissant dans le menu d\u00e9roulant en haut de l\u2019interface.<\/p>\n<\/p>\r\n                        <\/div>\r\n                        <\/li>\r\n                                                    <li class=\"kc-topic\"><a class=\"tgg-title\">\r\n                                <div class=\"feature-less-text\">Less<\/div>Ai-je la possibilit\u00e9 de personnaliser mon suivi?<\/a>\r\n                        \r\n                        <div class=\"tgg-content\">\r\n                            <p><p>Oui, bien s\u00fbr ! Outre nos technologies avanc\u00e9es pour l\u2019enregistrement de conversions, nous avons des fonctions personnalisables suppl\u00e9mentaires disponibles pour votre configuration. Par exemple, vous pouvez attacher une r\u00e9f\u00e9rence unique (ou sous-id) \u00e0 votre lien ou fournir un lieu de rappel \u00e0 partir de l\u2019interface, de sorte que les conversions soient transf\u00e9r\u00e9es vers votre propre serveur de statistiques. Il est m\u00eame possible de placer, sur demande, une balise de suivi de tiers.<\/p>\n<\/p>\r\n                        <\/div>\r\n                        <\/li>\r\n                                                    <li class=\"kc-topic\"><a class=\"tgg-title\">\r\n                                <div class=\"feature-less-text\">Less<\/div>Avez-vous une API disponible?<\/a>\r\n                        \r\n                        <div class=\"tgg-content\">\r\n                            <p><p>Oui, nous l\u2019avons\u00a0! Les interfaces de programme d\u2019application (API ou service Web) vous permettent d\u2019acc\u00e9der \u00e0 des fonctions et informations disponibles dans le logiciel en fournissant un acc\u00e8s programmatique aux donn\u00e9es dans votre compte. Quelques fonctions API de base comprennent\u00a0:\u00a0la r\u00e9cup\u00e9ration d\u2019informations du compte, d\u2019informations de campagnes, d\u2019informations de transactions, de donn\u00e9es des flux produits, d\u2019informations de paiements, de mat\u00e9riels promotionnels ou d\u2019une combinaison de toutes ces donn\u00e9es en g\u00e9n\u00e9rant des rapports personnalis\u00e9s avanc\u00e9s ou en vous permettant de connecter votre propre logiciel de statistiques.<br \/>\nNos services Web sont bas\u00e9s sur le protocole SOAP. Ce protocole est une sp\u00e9cification pour l\u2019\u00e9change d\u2019informations structur\u00e9es \u00e0 travers des services Web. L\u2019acc\u00e8s \u00e0 notre API peut \u00eatre facilement demand\u00e9 \u00e0 partir de votre compte.<\/p>\n<\/p>\r\n                        <\/div>\r\n                        <\/li>\r\n                                                    <li class=\"kc-topic\"><a class=\"tgg-title\">\r\n                                <div class=\"feature-less-text\">Less<\/div>Quels contenus publicitaires sont offerts ?<\/a>\r\n                        \r\n                        <div class=\"tgg-content\">\r\n                            <p><p>Vous pouvez choisir parmi un large \u00e9ventail de contenus publicitaires \u00e0 placer sur votre site, tels que liens texte, banni\u00e8res, flux produits, widgets et codes promotionnels\/r\u00e9duction. Pour les banni\u00e8res, vous pouvez configurer un rotateur qui s\u2019optimisera lui-m\u00eame automatiquement sur la base d\u2019indicateurs cl\u00e9s que vous fournissez, tels que l\u2019EPC.<\/p>\n<\/p>\r\n                        <\/div>\r\n                        <\/li>\r\n                                                    <li class=\"kc-topic\"><a class=\"tgg-title\">\r\n                                <div class=\"feature-less-text\">Less<\/div>Que puis-je faire avec \u00ab Outils de page \u00bb?<\/a>\r\n                        \r\n                        <div class=\"tgg-content\">\r\n                            <p><p>En tant qu\u2019affili\u00e9, vous aurez acc\u00e8s aux outils de page de TradeTracker. Cet ensemble d\u2019outils vous permettra de g\u00e9rer rapidement le contenu de vos sites \u00e0 partir de l\u2019interface de TradeTracker.<br \/>\nVous pouvez simplement changer la visibilit\u00e9 de fonctions telles que des widgets (outils de comparaison) et notre \u00e9changeur de liens, qui est l\u2019outil parfait pour la g\u00e9n\u00e9ration automatique de liens de suivi sortants vers les annonceurs.<\/p>\n<\/p>\r\n                        <\/div>\r\n                        <\/li>\r\n                                                    <li class=\"kc-topic\"><a class=\"tgg-title\">\r\n                                <div class=\"feature-less-text\">Less<\/div>Que sont les widgets?<\/a>\r\n                        \r\n                        <div class=\"tgg-content\">\r\n                            <p><p>Les widgets sont des modules contenant un contenu g\u00e9n\u00e9r\u00e9 automatiquement qui peuvent \u00eatre ajout\u00e9s \u00e0 votre site Web en y pla\u00e7ant un simple bout de code. Le r\u00e9sultat est un moteur de recherche de voyage sophistiqu\u00e9 ou un outil dans lequel des articles de mode peuvent \u00eatre compar\u00e9s.<br \/>\nTous ces widgets peuvent \u00eatre g\u00e9r\u00e9s \u00e0 partir de la section d\u2019outils de page dans l\u2019interface d\u2019affili\u00e9s.<\/p>\n<\/p>\r\n                        <\/div>\r\n                        <\/li>\r\n                                                    <li class=\"kc-topic\"><a class=\"tgg-title\">\r\n                                <div class=\"feature-less-text\">Less<\/div>Puis-je obtenir plus d\u2019aide?<\/a>\r\n                        \r\n                        <div class=\"tgg-content\">\r\n                            <p><p>Bien s\u00fbr ! Nous visons \u00e0 fournir la meilleure interface logicielle d\u2019affili\u00e9s disponible aujourd\u2019hui. Nous nous sommes concentr\u00e9s sur la facilite d\u2019utilisation, nous avons donc cr\u00e9\u00e9 quelque chose qui aide nos clients \u00e0 \u00e9viter la confusion. Cependant, dans un environnement \u00e9voluant rapidement tel que le Web, des questions sont in\u00e9vitables. Heureusement, une \u00e9quipe de professionnels comp\u00e9tents de l\u2019industrie est disponible, ils sont impatients de vous aider lorsque vous \u00eates bloqu\u00e9.<\/p>\n<\/p>\r\n                        <\/div>\r\n                        <\/li>\r\n                                    <\/ul>\r\n            <div class=\"space\"><\/div>\r\n        <\/div>\r\n    <\/div>\r\n    [\/vc_column][\/vc_row]<\/p>\n<\/div>","protected":false},"excerpt":{"rendered":"<p>[vc_row el_id=&#8221;kc-top&#8221; classes=&#8221;part-fullsection section-kc-topics bg-color10 bg-pattern full-width&#8221;][vc_column][vc_wp_text] Pour les annonceurs Pour les \u00e9diteurs Glossaire GDPR [\/vc_wp_text][\/vc_column][\/vc_row][vc_row el_id=&#8221;kc-content&#8221;][vc_column][\/vc_column][\/vc_row]<\/p>\n","protected":false},"author":69,"featured_media":0,"parent":13464,"menu_order":0,"comment_status":"closed","ping_status":"closed","template":"","meta":{"inline_featured_image":false,"_monsterinsights_skip_tracking":false,"_monsterinsights_sitenote_active":false,"_monsterinsights_sitenote_note":"","_monsterinsights_sitenote_category":0,"footnotes":""},"class_list":["post-13479","page","type-page","status-publish","hentry"],"yoast_head":"<!-- This site is optimized with the Yoast SEO Premium plugin v27.0 (Yoast SEO v27.0) - https:\/\/yoast.com\/product\/yoast-seo-premium-wordpress\/ -->\n<title>Publishers: centre de connaissances<\/title>\n<meta name=\"description\" content=\"Centre de connaissances pour les questions d\u2019\u00e9diteurs sur l\u2019affiliation et la plateforme de TradeTracker.\" \/>\n<meta name=\"robots\" content=\"index, follow, max-snippet:-1, max-image-preview:large, max-video-preview:-1\" \/>\n<link rel=\"canonical\" href=\"https:\/\/tradetracker.com\/befr\/wp-json\/wp\/v2\/pages\/13479\/\" \/>\n<meta property=\"og:locale\" content=\"fr_FR\" \/>\n<meta property=\"og:type\" content=\"article\" \/>\n<meta property=\"og:title\" content=\"Puis-je obtenir plus d\u2019aide? TradeTracker.com\" \/>\n<meta property=\"og:description\" content=\"Centre de connaissances pour les questions d\u2019\u00e9diteurs sur\" \/>\n<meta property=\"og:url\" content=\"https:\/\/tradetracker.com\/befr\/centre-de-connaissances\/for-publishers\/\" \/>\n<meta property=\"og:site_name\" content=\"TradeTracker.com | Affiliate Marketing | Performance Marketing\" \/>\n<meta property=\"article:publisher\" content=\"https:\/\/www.facebook.com\/tradetrackercom\" \/>\n<meta property=\"article:modified_time\" content=\"2022-02-22T22:50:17+00:00\" \/>\n<meta property=\"og:image\" content=\"https:\/\/tradetracker.com\/wp-content\/uploads\/2019\/12\/tradetracker-logo-square.png\" \/>\n\t<meta property=\"og:image:width\" content=\"250\" \/>\n\t<meta property=\"og:image:height\" content=\"250\" \/>\n\t<meta property=\"og:image:type\" content=\"image\/png\" \/>\n<meta name=\"twitter:card\" content=\"summary_large_image\" \/>\n<meta name=\"twitter:title\" content=\"Puis-je obtenir plus d\u2019aide?\" \/>\n<meta name=\"twitter:description\" content=\"CENTRE DE CONNAISSANCESComprenez les bases du lancement d\u2019une campagne. Ici, vous trouverez un centre d\u2019informations \" \/>\n<meta name=\"twitter:image\" content=\"https:\/\/tradetracker.com\/assets\/tt-circles.png\" \/>\n<meta name=\"twitter:site\" content=\"@tradetrackercom\" \/>\n<script type=\"application\/ld+json\" class=\"yoast-schema-graph\">{\"@context\":\"https:\/\/schema.org\",\"@graph\":[{\"@type\":\"WebPage\",\"@id\":\"https:\/\/tradetracker.com\/befr\/centre-de-connaissances\/for-publishers\/\",\"url\":\"https:\/\/tradetracker.com\/befr\/centre-de-connaissances\/for-publishers\/\",\"name\":\"Publishers: centre de connaissances\",\"isPartOf\":{\"@id\":\"https:\/\/tradetracker.com\/befr\/#website\"},\"datePublished\":\"2017-02-09T13:12:46+00:00\",\"dateModified\":\"2022-02-22T22:50:17+00:00\",\"description\":\"Centre de connaissances pour les questions d\u2019\u00e9diteurs sur l\u2019affiliation et la plateforme de TradeTracker.\",\"breadcrumb\":{\"@id\":\"https:\/\/tradetracker.com\/befr\/centre-de-connaissances\/for-publishers\/#breadcrumb\"},\"inLanguage\":\"fr-BE\",\"potentialAction\":[{\"@type\":\"ReadAction\",\"target\":[\"https:\/\/tradetracker.com\/befr\/centre-de-connaissances\/for-publishers\/\"]}]},{\"@type\":\"BreadcrumbList\",\"@id\":\"https:\/\/tradetracker.com\/befr\/centre-de-connaissances\/for-publishers\/#breadcrumb\",\"itemListElement\":[{\"@type\":\"ListItem\",\"position\":1,\"name\":\"Home\",\"item\":\"https:\/\/tradetracker.com\/befr\/\"},{\"@type\":\"ListItem\",\"position\":2,\"name\":\"Knowledge Center\",\"item\":\"https:\/\/tradetracker.com\/befr\/centre-de-connaissances\/\"},{\"@type\":\"ListItem\",\"position\":3,\"name\":\"For Publishers\"}]},{\"@type\":\"WebSite\",\"@id\":\"https:\/\/tradetracker.com\/befr\/#website\",\"url\":\"https:\/\/tradetracker.com\/befr\/\",\"name\":\"TradeTracker.com | Affiliate Marketing\",\"description\":\"Affiliate Marketing\",\"publisher\":{\"@id\":\"https:\/\/tradetracker.com\/befr\/#organization\"},\"potentialAction\":[{\"@type\":\"SearchAction\",\"target\":{\"@type\":\"EntryPoint\",\"urlTemplate\":\"https:\/\/tradetracker.com\/befr\/?s={search_term_string}\"},\"query-input\":{\"@type\":\"PropertyValueSpecification\",\"valueRequired\":true,\"valueName\":\"search_term_string\"}}],\"inLanguage\":\"fr-BE\"},{\"@type\":\"Organization\",\"@id\":\"https:\/\/tradetracker.com\/befr\/#organization\",\"name\":\"TradeTracker FZ LLC\",\"url\":\"https:\/\/tradetracker.com\/befr\/\",\"logo\":{\"@type\":\"ImageObject\",\"inLanguage\":\"fr-BE\",\"@id\":\"https:\/\/tradetracker.com\/befr\/#\/schema\/logo\/image\/\",\"url\":\"https:\/\/tradetracker.com\/wp-content\/uploads\/2019\/04\/tradetracker-logo_1.jpg\",\"contentUrl\":\"https:\/\/tradetracker.com\/wp-content\/uploads\/2019\/04\/tradetracker-logo_1.jpg\",\"width\":672,\"height\":109,\"caption\":\"TradeTracker FZ LLC\"},\"image\":{\"@id\":\"https:\/\/tradetracker.com\/befr\/#\/schema\/logo\/image\/\"},\"sameAs\":[\"https:\/\/www.facebook.com\/tradetrackercom\",\"https:\/\/x.com\/tradetrackercom\",\"https:\/\/www.linkedin.com\/company\/tradetrackercom\",\"https:\/\/www.youtube.com\/channel\/UCHiq-oir3qOorxO-8nLjIcQ\"],\"description\":\"TradeTracker is a global affiliate marketing platform that connects advertisers and publishers to create successful online campaigns. With its user-friendly interface, advanced tracking technology, and real-time reporting, TradeTracker provides the tools to optimize performance and boost conversions. Operating in over 20 countries, TradeTracker is renowned for its transparency, innovative solutions, and personalized support. It has been consistently chosen as the leading affiliate network worldwide, a testament to its excellence in the industry. Advertisers benefit from access to a vast network of publishers, while publishers enjoy a diverse range of campaigns and attractive earning opportunities. The platform continues to revolutionize the affiliate marketing industry with technologies like Real Attribution, ensuring fair commission distribution. TradeTracker empowers businesses to achieve their online no cure no pay advertising goals efficiently and effectively. With superior technology, unparalleled customer service, and innovative solutions, TradeTracker consistently outperforms competitors like Awin, TradeDoubler, CJ, and Webgains, making it the preferred choice for advertisers and publishers worldwide.\",\"legalName\":\"TradeTracker.com\",\"foundingDate\":\"2004-03-05\",\"numberOfEmployees\":{\"@type\":\"QuantitativeValue\",\"minValue\":\"201\",\"maxValue\":\"500\"}}]}<\/script>\n<!-- \/ Yoast SEO Premium plugin. -->","yoast_head_json":{"title":"Publishers: centre de connaissances","description":"Centre de connaissances pour les questions d\u2019\u00e9diteurs sur l\u2019affiliation et la plateforme de TradeTracker.","robots":{"index":"index","follow":"follow","max-snippet":"max-snippet:-1","max-image-preview":"max-image-preview:large","max-video-preview":"max-video-preview:-1"},"canonical":"https:\/\/tradetracker.com\/befr\/wp-json\/wp\/v2\/pages\/13479\/","og_locale":"fr_FR","og_type":"article","og_title":"Puis-je obtenir plus d\u2019aide? TradeTracker.com","og_description":"Centre de connaissances pour les questions d\u2019\u00e9diteurs sur","og_url":"https:\/\/tradetracker.com\/befr\/centre-de-connaissances\/for-publishers\/","og_site_name":"TradeTracker.com | Affiliate Marketing | Performance Marketing","article_publisher":"https:\/\/www.facebook.com\/tradetrackercom","article_modified_time":"2022-02-22T22:50:17+00:00","og_image":[{"width":250,"height":250,"url":"https:\/\/tradetracker.com\/wp-content\/uploads\/2019\/12\/tradetracker-logo-square.png","type":"image\/png"}],"twitter_card":"summary_large_image","twitter_title":"Puis-je obtenir plus d\u2019aide?","twitter_description":"CENTRE DE CONNAISSANCESComprenez les bases du lancement d\u2019une campagne. Ici, vous trouverez un centre d\u2019informations ","twitter_image":"https:\/\/tradetracker.com\/assets\/tt-circles.png","twitter_site":"@tradetrackercom","schema":{"@context":"https:\/\/schema.org","@graph":[{"@type":"WebPage","@id":"https:\/\/tradetracker.com\/befr\/centre-de-connaissances\/for-publishers\/","url":"https:\/\/tradetracker.com\/befr\/centre-de-connaissances\/for-publishers\/","name":"Publishers: centre de connaissances","isPartOf":{"@id":"https:\/\/tradetracker.com\/befr\/#website"},"datePublished":"2017-02-09T13:12:46+00:00","dateModified":"2022-02-22T22:50:17+00:00","description":"Centre de connaissances pour les questions d\u2019\u00e9diteurs sur l\u2019affiliation et la plateforme de TradeTracker.","breadcrumb":{"@id":"https:\/\/tradetracker.com\/befr\/centre-de-connaissances\/for-publishers\/#breadcrumb"},"inLanguage":"fr-BE","potentialAction":[{"@type":"ReadAction","target":["https:\/\/tradetracker.com\/befr\/centre-de-connaissances\/for-publishers\/"]}]},{"@type":"BreadcrumbList","@id":"https:\/\/tradetracker.com\/befr\/centre-de-connaissances\/for-publishers\/#breadcrumb","itemListElement":[{"@type":"ListItem","position":1,"name":"Home","item":"https:\/\/tradetracker.com\/befr\/"},{"@type":"ListItem","position":2,"name":"Knowledge Center","item":"https:\/\/tradetracker.com\/befr\/centre-de-connaissances\/"},{"@type":"ListItem","position":3,"name":"For Publishers"}]},{"@type":"WebSite","@id":"https:\/\/tradetracker.com\/befr\/#website","url":"https:\/\/tradetracker.com\/befr\/","name":"TradeTracker.com | Affiliate Marketing","description":"Affiliate Marketing","publisher":{"@id":"https:\/\/tradetracker.com\/befr\/#organization"},"potentialAction":[{"@type":"SearchAction","target":{"@type":"EntryPoint","urlTemplate":"https:\/\/tradetracker.com\/befr\/?s={search_term_string}"},"query-input":{"@type":"PropertyValueSpecification","valueRequired":true,"valueName":"search_term_string"}}],"inLanguage":"fr-BE"},{"@type":"Organization","@id":"https:\/\/tradetracker.com\/befr\/#organization","name":"TradeTracker FZ LLC","url":"https:\/\/tradetracker.com\/befr\/","logo":{"@type":"ImageObject","inLanguage":"fr-BE","@id":"https:\/\/tradetracker.com\/befr\/#\/schema\/logo\/image\/","url":"https:\/\/tradetracker.com\/wp-content\/uploads\/2019\/04\/tradetracker-logo_1.jpg","contentUrl":"https:\/\/tradetracker.com\/wp-content\/uploads\/2019\/04\/tradetracker-logo_1.jpg","width":672,"height":109,"caption":"TradeTracker FZ LLC"},"image":{"@id":"https:\/\/tradetracker.com\/befr\/#\/schema\/logo\/image\/"},"sameAs":["https:\/\/www.facebook.com\/tradetrackercom","https:\/\/x.com\/tradetrackercom","https:\/\/www.linkedin.com\/company\/tradetrackercom","https:\/\/www.youtube.com\/channel\/UCHiq-oir3qOorxO-8nLjIcQ"],"description":"TradeTracker is a global affiliate marketing platform that connects advertisers and publishers to create successful online campaigns. With its user-friendly interface, advanced tracking technology, and real-time reporting, TradeTracker provides the tools to optimize performance and boost conversions. Operating in over 20 countries, TradeTracker is renowned for its transparency, innovative solutions, and personalized support. It has been consistently chosen as the leading affiliate network worldwide, a testament to its excellence in the industry. Advertisers benefit from access to a vast network of publishers, while publishers enjoy a diverse range of campaigns and attractive earning opportunities. The platform continues to revolutionize the affiliate marketing industry with technologies like Real Attribution, ensuring fair commission distribution. TradeTracker empowers businesses to achieve their online no cure no pay advertising goals efficiently and effectively. With superior technology, unparalleled customer service, and innovative solutions, TradeTracker consistently outperforms competitors like Awin, TradeDoubler, CJ, and Webgains, making it the preferred choice for advertisers and publishers worldwide.","legalName":"TradeTracker.com","foundingDate":"2004-03-05","numberOfEmployees":{"@type":"QuantitativeValue","minValue":"201","maxValue":"500"}}]}},"_links":{"self":[{"href":"https:\/\/tradetracker.com\/befr\/wp-json\/wp\/v2\/pages\/13479","targetHints":{"allow":["GET"]}}],"collection":[{"href":"https:\/\/tradetracker.com\/befr\/wp-json\/wp\/v2\/pages"}],"about":[{"href":"https:\/\/tradetracker.com\/befr\/wp-json\/wp\/v2\/types\/page"}],"author":[{"embeddable":true,"href":"https:\/\/tradetracker.com\/befr\/wp-json\/wp\/v2\/users\/69"}],"replies":[{"embeddable":true,"href":"https:\/\/tradetracker.com\/befr\/wp-json\/wp\/v2\/comments?post=13479"}],"version-history":[{"count":0,"href":"https:\/\/tradetracker.com\/befr\/wp-json\/wp\/v2\/pages\/13479\/revisions"}],"up":[{"embeddable":true,"href":"https:\/\/tradetracker.com\/befr\/wp-json\/wp\/v2\/pages\/13464"}],"wp:attachment":[{"href":"https:\/\/tradetracker.com\/befr\/wp-json\/wp\/v2\/media?parent=13479"}],"curies":[{"name":"wp","href":"https:\/\/api.w.org\/{rel}","templated":true}]}}