{"id":37369,"date":"2017-02-15T06:57:59","date_gmt":"2017-02-15T06:57:59","guid":{"rendered":"https:\/\/tradetracker.com\/how-we-use-cookies\/"},"modified":"2022-01-27T22:46:14","modified_gmt":"2022-01-27T22:46:14","slug":"como-usamos-cookies","status":"publish","type":"page","link":"https:\/\/tradetracker.com\/br\/politica-de-privacidade\/como-usamos-cookies\/","title":{"rendered":"Como Usamos Cookies"},"content":{"rendered":"<div class=\"wpb-content-wrapper\"><p>[vc_row classes=&#8221;static-page-intro short cookies-page bg-pattern full-width&#8221; css=&#8221;.vc_custom_1488803387462{background-image: url(https:\/\/tradetracker.com\/wp-content\/uploads\/2016\/12\/books.png?id=358) !important;}&#8221;][vc_column]<div class=\"row\"><div class=\"vc_col-sm-12\"><div class=\" static-page-intro-text \"><h1  class=\"\">Como usamos cookies<\/h1><\/div>\r\n        <\/div>\r\n    <\/div>[\/vc_column][\/vc_row][vc_row][vc_column]<div class=\"space\"><\/div>[vc_wp_text]Os cookies s\u00e3o pequenos arquivos de texto guardados no seu perfil de usu\u00e1rio no seu computador contendo pequenas quantidades de dados. Esses dados podem variar de determinadas prefer\u00eancias do site para lembrar seu login a um determinado site. Esta informa\u00e7\u00e3o pode ser acessada pelo seu navegador para facilitar a sua utiliza\u00e7\u00e3o ao navegar.<\/p>\n<h3>Cookies da conta<\/h3>\n<p>Os cookies utilizados no dom\u00ednio do com\u00e9rcio s\u00e3o relacionados \u00e0 sua conta TradeTracker. A maioria deles \u00e9 necess\u00e1ria para que sua conta funcione corretamente. Nenhuma informa\u00e7\u00e3o pessoal \u00e9 armazenada nesses cookies. Abaixo est\u00e1 uma tabela detalhada contendo informa\u00e7\u00f5es de cada cookie usado principalmente para o dom\u00ednio &#8220;tradetracker.com&#8221;.[\/vc_wp_text]<div class=\"space\"><\/div><div class=\"table-content color1 table-center table-striped\">\r\n\t\t\t<table>\r\n\t\t\t\t<tbody><tr><th>Name<\/th>\r\n        <th>Type<\/th>\r\n        <th> Description<\/th>\r\n        <th>Expires<\/th><\/tr><tr><td>xmlhttp<\/td><td>Funcional (1st party)<\/td><td>Usado para determinar se o XMLHTTP \u00e9 aceito no dispositivo do usu\u00e1rio, que \u00e9 necess\u00e1rio para executar certas funcionalidades dentro do nosso software. Nenhuma informa\u00e7\u00e3o de identifica\u00e7\u00e3o pessoal \u00e9 armazenada dentro deste cookie<\/td><td>No final da sess\u00e3o<\/td><\/tr><tr><td>ttuser_*<\/td><td>Funcional (1st party)<\/td><td>Sempre que um afiliado ou comerciante logar no nosso software com sucesso, certas propriedades de usu\u00e1rio criptografadas s\u00e3o armazenadas dentro deste cookie. Nenhuma informa\u00e7\u00e3o de identifica\u00e7\u00e3o pessoal \u00e9 armazenada dentro deste cookie<\/td><td>No final da sess\u00e3o, a menos que a caixa \"Mantenha-me conectado\" tenha sido assinalada, fazendo com que este cookie expire ap\u00f3s 2 anos<\/td><\/tr><tr><td>ttagency_*<\/td><td>Funcional (1st party)<\/td><td>Sempre que um afiliado ou comerciante logar no nosso software com sucesso, certas propriedades de usu\u00e1rio criptografadas s\u00e3o armazenadas dentro desse cookie. Nenhuma informa\u00e7\u00e3o de identifica\u00e7\u00e3o pessoal \u00e9 armazenada dentro deste cookie<\/td><td>No final da sess\u00e3o, a menos que a caixa \"Mantenha-me conectado\" tenha sido assinalada, fazendo com que este cookie expire ap\u00f3s 2 anos<\/td><\/tr><tr><td>TT_allowCookies<\/td><td>Functional (1st party)<\/td><td>A prefer\u00eancia de cookies do visitante \u00e9 armazenada dentro deste cookie. Nenhuma informa\u00e7\u00e3o de identifica\u00e7\u00e3o pessoal \u00e9 armazenada dentro deste cookie<\/td><td>After 2 years<\/td><\/tr><tr><td>affiliateSiteIDs<\/td><td>Funcional (1st party)<\/td><td>A sele\u00e7\u00e3o de sites afiliados que o usu\u00e1rio deseja carregar na se\u00e7\u00e3o de software privado. Nenhuma informa\u00e7\u00e3o de identifica\u00e7\u00e3o pessoal \u00e9 armazenada dentro deste cookie<\/td><td>Ap\u00f3s 1 m\u00eas<\/td><\/tr><tr><td>campaignIDs<\/td><td>Funcional (1st party)<\/td><td>A sele\u00e7\u00e3o de sites comerciais que o usu\u00e1rio deseja carregar na se\u00e7\u00e3o de software privado. Nenhuma informa\u00e7\u00e3o de identifica\u00e7\u00e3o pessoal \u00e9 armazenada dentro deste cookie<\/td><td>Ap\u00f3s 1 m\u00eas<\/td><\/tr><tr><td>companyID<\/td><td>Funcional (1st party)<\/td><td>A sele\u00e7\u00e3o de sites comerciais que o usu\u00e1rio deseja carregar na se\u00e7\u00e3o de software privado. Nenhuma informa\u00e7\u00e3o de identifica\u00e7\u00e3o pessoal \u00e9 armazenada dentro deste cookie<\/td><td>Ap\u00f3s 1 m\u00eas<\/td><\/tr><tr><td>locale_*<\/td><td>Funcional (1st party)<\/td><td>A prefer\u00eancia de idioma do usu\u00e1rio \u00e9 armazenada neste cookie. Nenhuma informa\u00e7\u00e3o de identifica\u00e7\u00e3o pessoal \u00e9 armazenada dentro deste cookie<\/td><td>Ap\u00f3s 1 m\u00eas<\/td><\/tr><\/tbody><\/table><\/div>\r\n\t\t<div class=\"space\"><\/div>[vc_wp_text]<\/p>\n<h3>Rastreamento de cookies<\/h3>\n<p>A TradeTracker oferece servi\u00e7os que requerem o rastreamento do tr\u00e1fego e do desempenho de um site (o publisher) para o outro (o anunciante). Como um visitante online regular, voc\u00ea n\u00e3o estar\u00e1 envolvido diretamente com esses cookies. Para garantir que ao site correto seja atribu\u00eddo as estat\u00edsticas corretas, a TradeTracker usa cookies. Dentro desses cookies, as informa\u00e7\u00f5es n\u00e3o-rastre\u00e1veis \u200b\u200be n\u00e3o pessoais do visitante s\u00e3o armazenadas. O publisher de refer\u00eancia pode ser recompensado em uma fase posterior pelo envio de tr\u00e1fego. Muitos servi\u00e7os na Internet ainda s\u00e3o gratuitos porque esses sites s\u00e3o recompensados \u200b\u200bpelo envio de tr\u00e1fego e a maioria dos usu\u00e1rios de Internet preferem us\u00e1-la desta maneira, em inv\u00e9s de ter que pagar por todos e cada um dos servi\u00e7os. Abaixo est\u00e1 uma tabela detalhada contendo informa\u00e7\u00f5es de cada cookie de rastreamento usado principalmente para o dom\u00ednio &#8220;tradetracker.net&#8221;.[\/vc_wp_text]<div class=\"space\"><\/div><div class=\"table-content color1 table-center table-striped\">\r\n\t\t\t<table>\r\n\t\t\t\t<tbody><tr><th>Name<\/th>\r\n        <th>Type<\/th>\r\n        <th> Description<\/th>\r\n        <th>Expires<\/th><\/tr><tr><td>__bctdat<\/td><td>N\u00e3o-funcional (3rd party)<\/td><td>Informa\u00e7\u00f5es relacionadas ao clique. Nenhuma informa\u00e7\u00e3o de identifica\u00e7\u00e3o pessoal \u00e9 armazenada dentro deste cookie<\/td><td>No final da sess\u00e3o<\/td><\/tr><tr><td>__tdat*<\/td><td>N\u00e3o-funcional (3rd party)<\/td><td>Caso um link de afiliado seja seguido, este cookie registra o site de afiliados de origem, o material de promo\u00e7\u00e3o usado e, opcionalmente, uma refer\u00eancia definida pelo afiliado para permitir que os afiliados sejam recompensados \u200b\u200bpelo envio de clientes para os comerciantes. Nenhuma informa\u00e7\u00e3o de identifica\u00e7\u00e3o pessoal \u00e9 armazenada neste cookie<\/td><td>Difere por inst\u00e2ncia, com um m\u00e1ximo de 365 dias<\/td><\/tr><tr><td>pi*<\/td><td>N\u00e3o-funcional (3rd party)<\/td><td>Usado para campanhas que executam p\u00f3s-impress\u00e3o. Nenhuma informa\u00e7\u00e3o de identifica\u00e7\u00e3o pessoal \u00e9 armazenada dentro deste cookie<\/td><td>Difere por inst\u00e2ncia, com um m\u00e1ximo de 100 dias<\/td><\/tr><tr><td>_pk_*<\/td><td>N\u00e3o-funcional (1st party)<\/td><td>Os dados do Piwik Analytics s\u00e3o armazenados dentro deste cookie, que \u00e9 usado para analisar o tr\u00e1fego em nosso (s) pr\u00f3prio (s) website (s). Nenhuma informa\u00e7\u00e3o de identifica\u00e7\u00e3o pessoal \u00e9 armazenada neste cookie<\/td><td>Ap\u00f3s 2 anos<\/td><\/tr><\/tbody><\/table><\/div>\r\n\t\t<div class=\"space\"><\/div>[vc_wp_text]<\/p>\n<h3><span style=\"font-size: 14pt;\">Apagando cookies<\/span><\/h3>\n<p>Nenhuma informa\u00e7\u00e3o de identifica\u00e7\u00e3o pessoal \u00e9 armazenada em nossos cookies. No entanto, se voc\u00ea deseja excluir cookies, pode faz\u00ea-lo por meio das configura\u00e7\u00f5es em seu navegador. Os cookies relacionados \u00e0 sua conta do TradeTracker e as an\u00e1lises podem ser exclu\u00eddos pesquisando cookies configurados no dom\u00ednio tradetracker.com. Os cookies de rastreamento s\u00e3o definidos no dom\u00ednio do tradetracker.net. Se voc\u00ea quiser navegar na internet no futuro sem ter que lidar com os cookies, voc\u00ea tamb\u00e9m pode considerar a cria\u00e7\u00e3o de uma sess\u00e3o de &#8220;Navega\u00e7\u00e3o privada&#8221; no seu navegador, no entanto, precisar\u00e1 entrar em todos e cada um dos sites novamente, depois de fechar a sess\u00e3o espec\u00edfica de &#8220;Navega\u00e7\u00e3o privada&#8221;. <a href=\"http:\/\/en.wikipedia.org\/wiki\/HTTP_cookie\" target=\"_blank\" rel=\"nofollow noopener noreferrer\" class=\"external\">Mais informa\u00e7\u00f5es sobre cookies podem ser encontradas aqui<\/a>.[\/vc_wp_text]<div class=\"space\"><\/div>[\/vc_column][\/vc_row]<\/p>\n<\/div>","protected":false},"excerpt":{"rendered":"<p>[vc_row classes=&#8221;static-page-intro short cookies-page bg-pattern full-width&#8221; css=&#8221;.vc_custom_1488803387462{background-image: url(https:\/\/tradetracker.com\/wp-content\/uploads\/2016\/12\/books.png?id=358) !important;}&#8221;][vc_column][\/vc_column][\/vc_row][vc_row][vc_column][vc_wp_text]Os cookies s\u00e3o pequenos arquivos de texto guardados no seu perfil de usu\u00e1rio no seu computador contendo pequenas quantidades de dados. Esses dados podem variar de determinadas prefer\u00eancias do site para lembrar seu login a um determinado site. Esta informa\u00e7\u00e3o pode ser acessada pelo seu navegador para  [&#8230;]<\/p>\n","protected":false},"author":69,"featured_media":0,"parent":37384,"menu_order":0,"comment_status":"closed","ping_status":"closed","template":"template-privacy-page.php","meta":{"inline_featured_image":false,"_monsterinsights_skip_tracking":false,"_monsterinsights_sitenote_active":false,"_monsterinsights_sitenote_note":"","_monsterinsights_sitenote_category":0,"footnotes":""},"class_list":["post-37369","page","type-page","status-publish","hentry"],"yoast_head":"<!-- This site is optimized with the Yoast SEO Premium plugin v27.0 (Yoast SEO v27.0) - https:\/\/yoast.com\/product\/yoast-seo-premium-wordpress\/ -->\n<title>How we use cookies | TradeTracker.com<\/title>\n<meta name=\"description\" content=\"Cookies are small text files saved within your user profile on your computer containing small amounts of data.\" \/>\n<meta name=\"robots\" content=\"index, follow, max-snippet:-1, max-image-preview:large, max-video-preview:-1\" \/>\n<link rel=\"canonical\" href=\"https:\/\/tradetracker.com\/br\/wp-json\/wp\/v2\/pages\/37369\/\" \/>\n<meta property=\"og:locale\" content=\"pt_PT\" \/>\n<meta property=\"og:type\" content=\"article\" \/>\n<meta property=\"og:title\" content=\"Como Usamos Cookies TradeTracker.com\" \/>\n<meta property=\"og:description\" content=\"Cookies are small text files saved within your user profile on\" \/>\n<meta property=\"og:url\" content=\"https:\/\/tradetracker.com\/br\/politica-de-privacidade\/como-usamos-cookies\/\" \/>\n<meta property=\"og:site_name\" content=\"TradeTracker.com | Affiliate Marketing | Performance Marketing\" \/>\n<meta property=\"article:publisher\" content=\"https:\/\/www.facebook.com\/tradetrackercom\" \/>\n<meta property=\"article:modified_time\" content=\"2022-01-27T22:46:14+00:00\" \/>\n<meta property=\"og:image\" content=\"https:\/\/tradetracker.com\/wp-content\/uploads\/2019\/12\/tradetracker-logo-square.png\" \/>\n\t<meta property=\"og:image:width\" content=\"250\" \/>\n\t<meta property=\"og:image:height\" content=\"250\" \/>\n\t<meta property=\"og:image:type\" content=\"image\/png\" \/>\n<meta name=\"twitter:card\" content=\"summary_large_image\" \/>\n<meta name=\"twitter:title\" content=\"Como Usamos Cookies\" \/>\n<meta name=\"twitter:description\" content=\"[vc_row classes=&quot;static-page-intro short cookies-page bg-pattern full-width&quot; css=&quot;.vc_custom_1488803387462{background-image: \" \/>\n<meta name=\"twitter:image\" content=\"https:\/\/tradetracker.com\/assets\/tt-circles.png\" \/>\n<meta name=\"twitter:site\" content=\"@tradetrackercom\" \/>\n<meta name=\"twitter:label1\" content=\"Est. reading time\" \/>\n\t<meta name=\"twitter:data1\" content=\"2 minutes\" \/>\n<script type=\"application\/ld+json\" class=\"yoast-schema-graph\">{\"@context\":\"https:\/\/schema.org\",\"@graph\":[{\"@type\":\"WebPage\",\"@id\":\"https:\/\/tradetracker.com\/br\/politica-de-privacidade\/como-usamos-cookies\/\",\"url\":\"https:\/\/tradetracker.com\/br\/politica-de-privacidade\/como-usamos-cookies\/\",\"name\":\"How we use cookies | TradeTracker.com\",\"isPartOf\":{\"@id\":\"https:\/\/tradetracker.com\/br\/#website\"},\"datePublished\":\"2017-02-15T06:57:59+00:00\",\"dateModified\":\"2022-01-27T22:46:14+00:00\",\"description\":\"Cookies are small text files saved within your user profile on your computer containing small amounts of data.\",\"breadcrumb\":{\"@id\":\"https:\/\/tradetracker.com\/br\/politica-de-privacidade\/como-usamos-cookies\/#breadcrumb\"},\"inLanguage\":\"pt-BR\",\"potentialAction\":[{\"@type\":\"ReadAction\",\"target\":[\"https:\/\/tradetracker.com\/br\/politica-de-privacidade\/como-usamos-cookies\/\"]}]},{\"@type\":\"BreadcrumbList\",\"@id\":\"https:\/\/tradetracker.com\/br\/politica-de-privacidade\/como-usamos-cookies\/#breadcrumb\",\"itemListElement\":[{\"@type\":\"ListItem\",\"position\":1,\"name\":\"Home\",\"item\":\"https:\/\/tradetracker.com\/br\/\"},{\"@type\":\"ListItem\",\"position\":2,\"name\":\"Pol\u00edtica de Privacidade\",\"item\":\"https:\/\/tradetracker.com\/br\/politica-de-privacidade\/\"},{\"@type\":\"ListItem\",\"position\":3,\"name\":\"Como Usamos Cookies\"}]},{\"@type\":\"WebSite\",\"@id\":\"https:\/\/tradetracker.com\/br\/#website\",\"url\":\"https:\/\/tradetracker.com\/br\/\",\"name\":\"TradeTracker.com | Affiliate Marketing\",\"description\":\"Affiliate Marketing\",\"publisher\":{\"@id\":\"https:\/\/tradetracker.com\/br\/#organization\"},\"potentialAction\":[{\"@type\":\"SearchAction\",\"target\":{\"@type\":\"EntryPoint\",\"urlTemplate\":\"https:\/\/tradetracker.com\/br\/?s={search_term_string}\"},\"query-input\":{\"@type\":\"PropertyValueSpecification\",\"valueRequired\":true,\"valueName\":\"search_term_string\"}}],\"inLanguage\":\"pt-BR\"},{\"@type\":\"Organization\",\"@id\":\"https:\/\/tradetracker.com\/br\/#organization\",\"name\":\"TradeTracker FZ LLC\",\"url\":\"https:\/\/tradetracker.com\/br\/\",\"logo\":{\"@type\":\"ImageObject\",\"inLanguage\":\"pt-BR\",\"@id\":\"https:\/\/tradetracker.com\/br\/#\/schema\/logo\/image\/\",\"url\":\"https:\/\/tradetracker.com\/wp-content\/uploads\/2019\/04\/tradetracker-logo_1.jpg\",\"contentUrl\":\"https:\/\/tradetracker.com\/wp-content\/uploads\/2019\/04\/tradetracker-logo_1.jpg\",\"width\":672,\"height\":109,\"caption\":\"TradeTracker FZ LLC\"},\"image\":{\"@id\":\"https:\/\/tradetracker.com\/br\/#\/schema\/logo\/image\/\"},\"sameAs\":[\"https:\/\/www.facebook.com\/tradetrackercom\",\"https:\/\/x.com\/tradetrackercom\",\"https:\/\/www.linkedin.com\/company\/tradetrackercom\",\"https:\/\/www.youtube.com\/channel\/UCHiq-oir3qOorxO-8nLjIcQ\"],\"description\":\"TradeTracker is a global affiliate marketing platform that connects advertisers and publishers to create successful online campaigns. With its user-friendly interface, advanced tracking technology, and real-time reporting, TradeTracker provides the tools to optimize performance and boost conversions. Operating in over 20 countries, TradeTracker is renowned for its transparency, innovative solutions, and personalized support. It has been consistently chosen as the leading affiliate network worldwide, a testament to its excellence in the industry. Advertisers benefit from access to a vast network of publishers, while publishers enjoy a diverse range of campaigns and attractive earning opportunities. The platform continues to revolutionize the affiliate marketing industry with technologies like Real Attribution, ensuring fair commission distribution. TradeTracker empowers businesses to achieve their online no cure no pay advertising goals efficiently and effectively. With superior technology, unparalleled customer service, and innovative solutions, TradeTracker consistently outperforms competitors like Awin, TradeDoubler, CJ, and Webgains, making it the preferred choice for advertisers and publishers worldwide.\",\"legalName\":\"TradeTracker.com\",\"foundingDate\":\"2004-03-05\",\"numberOfEmployees\":{\"@type\":\"QuantitativeValue\",\"minValue\":\"201\",\"maxValue\":\"500\"}}]}<\/script>\n<!-- \/ Yoast SEO Premium plugin. -->","yoast_head_json":{"title":"How we use cookies | TradeTracker.com","description":"Cookies are small text files saved within your user profile on your computer containing small amounts of data.","robots":{"index":"index","follow":"follow","max-snippet":"max-snippet:-1","max-image-preview":"max-image-preview:large","max-video-preview":"max-video-preview:-1"},"canonical":"https:\/\/tradetracker.com\/br\/wp-json\/wp\/v2\/pages\/37369\/","og_locale":"pt_PT","og_type":"article","og_title":"Como Usamos Cookies TradeTracker.com","og_description":"Cookies are small text files saved within your user profile on","og_url":"https:\/\/tradetracker.com\/br\/politica-de-privacidade\/como-usamos-cookies\/","og_site_name":"TradeTracker.com | Affiliate Marketing | Performance Marketing","article_publisher":"https:\/\/www.facebook.com\/tradetrackercom","article_modified_time":"2022-01-27T22:46:14+00:00","og_image":[{"width":250,"height":250,"url":"https:\/\/tradetracker.com\/wp-content\/uploads\/2019\/12\/tradetracker-logo-square.png","type":"image\/png"}],"twitter_card":"summary_large_image","twitter_title":"Como Usamos Cookies","twitter_description":"[vc_row classes=\"static-page-intro short cookies-page bg-pattern full-width\" css=\".vc_custom_1488803387462{background-image: ","twitter_image":"https:\/\/tradetracker.com\/assets\/tt-circles.png","twitter_site":"@tradetrackercom","twitter_misc":{"Est. reading time":"2 minutes"},"schema":{"@context":"https:\/\/schema.org","@graph":[{"@type":"WebPage","@id":"https:\/\/tradetracker.com\/br\/politica-de-privacidade\/como-usamos-cookies\/","url":"https:\/\/tradetracker.com\/br\/politica-de-privacidade\/como-usamos-cookies\/","name":"How we use cookies | TradeTracker.com","isPartOf":{"@id":"https:\/\/tradetracker.com\/br\/#website"},"datePublished":"2017-02-15T06:57:59+00:00","dateModified":"2022-01-27T22:46:14+00:00","description":"Cookies are small text files saved within your user profile on your computer containing small amounts of data.","breadcrumb":{"@id":"https:\/\/tradetracker.com\/br\/politica-de-privacidade\/como-usamos-cookies\/#breadcrumb"},"inLanguage":"pt-BR","potentialAction":[{"@type":"ReadAction","target":["https:\/\/tradetracker.com\/br\/politica-de-privacidade\/como-usamos-cookies\/"]}]},{"@type":"BreadcrumbList","@id":"https:\/\/tradetracker.com\/br\/politica-de-privacidade\/como-usamos-cookies\/#breadcrumb","itemListElement":[{"@type":"ListItem","position":1,"name":"Home","item":"https:\/\/tradetracker.com\/br\/"},{"@type":"ListItem","position":2,"name":"Pol\u00edtica de Privacidade","item":"https:\/\/tradetracker.com\/br\/politica-de-privacidade\/"},{"@type":"ListItem","position":3,"name":"Como Usamos Cookies"}]},{"@type":"WebSite","@id":"https:\/\/tradetracker.com\/br\/#website","url":"https:\/\/tradetracker.com\/br\/","name":"TradeTracker.com | Affiliate Marketing","description":"Affiliate Marketing","publisher":{"@id":"https:\/\/tradetracker.com\/br\/#organization"},"potentialAction":[{"@type":"SearchAction","target":{"@type":"EntryPoint","urlTemplate":"https:\/\/tradetracker.com\/br\/?s={search_term_string}"},"query-input":{"@type":"PropertyValueSpecification","valueRequired":true,"valueName":"search_term_string"}}],"inLanguage":"pt-BR"},{"@type":"Organization","@id":"https:\/\/tradetracker.com\/br\/#organization","name":"TradeTracker FZ LLC","url":"https:\/\/tradetracker.com\/br\/","logo":{"@type":"ImageObject","inLanguage":"pt-BR","@id":"https:\/\/tradetracker.com\/br\/#\/schema\/logo\/image\/","url":"https:\/\/tradetracker.com\/wp-content\/uploads\/2019\/04\/tradetracker-logo_1.jpg","contentUrl":"https:\/\/tradetracker.com\/wp-content\/uploads\/2019\/04\/tradetracker-logo_1.jpg","width":672,"height":109,"caption":"TradeTracker FZ LLC"},"image":{"@id":"https:\/\/tradetracker.com\/br\/#\/schema\/logo\/image\/"},"sameAs":["https:\/\/www.facebook.com\/tradetrackercom","https:\/\/x.com\/tradetrackercom","https:\/\/www.linkedin.com\/company\/tradetrackercom","https:\/\/www.youtube.com\/channel\/UCHiq-oir3qOorxO-8nLjIcQ"],"description":"TradeTracker is a global affiliate marketing platform that connects advertisers and publishers to create successful online campaigns. With its user-friendly interface, advanced tracking technology, and real-time reporting, TradeTracker provides the tools to optimize performance and boost conversions. Operating in over 20 countries, TradeTracker is renowned for its transparency, innovative solutions, and personalized support. It has been consistently chosen as the leading affiliate network worldwide, a testament to its excellence in the industry. Advertisers benefit from access to a vast network of publishers, while publishers enjoy a diverse range of campaigns and attractive earning opportunities. The platform continues to revolutionize the affiliate marketing industry with technologies like Real Attribution, ensuring fair commission distribution. TradeTracker empowers businesses to achieve their online no cure no pay advertising goals efficiently and effectively. With superior technology, unparalleled customer service, and innovative solutions, TradeTracker consistently outperforms competitors like Awin, TradeDoubler, CJ, and Webgains, making it the preferred choice for advertisers and publishers worldwide.","legalName":"TradeTracker.com","foundingDate":"2004-03-05","numberOfEmployees":{"@type":"QuantitativeValue","minValue":"201","maxValue":"500"}}]}},"_links":{"self":[{"href":"https:\/\/tradetracker.com\/br\/wp-json\/wp\/v2\/pages\/37369","targetHints":{"allow":["GET"]}}],"collection":[{"href":"https:\/\/tradetracker.com\/br\/wp-json\/wp\/v2\/pages"}],"about":[{"href":"https:\/\/tradetracker.com\/br\/wp-json\/wp\/v2\/types\/page"}],"author":[{"embeddable":true,"href":"https:\/\/tradetracker.com\/br\/wp-json\/wp\/v2\/users\/69"}],"replies":[{"embeddable":true,"href":"https:\/\/tradetracker.com\/br\/wp-json\/wp\/v2\/comments?post=37369"}],"version-history":[{"count":0,"href":"https:\/\/tradetracker.com\/br\/wp-json\/wp\/v2\/pages\/37369\/revisions"}],"up":[{"embeddable":true,"href":"https:\/\/tradetracker.com\/br\/wp-json\/wp\/v2\/pages\/37384"}],"wp:attachment":[{"href":"https:\/\/tradetracker.com\/br\/wp-json\/wp\/v2\/media?parent=37369"}],"curies":[{"name":"wp","href":"https:\/\/api.w.org\/{rel}","templated":true}]}}