{"id":37377,"date":"2017-02-09T13:12:46","date_gmt":"2017-02-09T13:12:46","guid":{"rendered":"https:\/\/tradetracker.com\/for-publishers\/"},"modified":"2022-01-17T10:39:29","modified_gmt":"2022-01-17T10:39:29","slug":"para-publishers","status":"publish","type":"page","link":"https:\/\/tradetracker.com\/br\/centro-de-conhecimento\/para-publishers\/","title":{"rendered":"Para Publishers"},"content":{"rendered":"<div class=\"wpb-content-wrapper\"><p>[vc_row el_id=&#8221;kc-top&#8221; classes=&#8221;part-fullsection section-kc-topics bg-color10 bg-pattern full-width&#8221;][vc_column]<div class=\"row\"><div class=\"vc_col-sm-12\"><div class=\" static-page-intro-text \"><h1  style=\"color: #ffffff\" class=\"\">CENTRO DE FORMA\u00c7\u00c3O<\/h1><h2  style=\"color: #ffffff\" class=\"\">Compreenda os fundamentos para iniciar uma campanha. Aqui voc\u00ea encontrar\u00e1 um centro de forma\u00e7\u00e3o e informa\u00e7\u00f5es muito \u00fateis com o objetivo de fornecer uma breve introdu\u00e7\u00e3o ao marketing de afiliados e \u00e0 plataforma TradeTracker.<\/h2><\/div>\r\n        <\/div>\r\n    <\/div>[vc_wp_text]<\/p>\n<div id=\"kc-tab-wrap\">\n<ul>\n<li class=\"\"><a href=\".\/centro-de-conhecimento\/gdpr\/#for-advertisers\/\">Para Anunciantes<\/a><\/li>\n<li class=\"active\"><a href=\"https:\/\/tradetracker.com\/br\/centro-de-conhecimento\/para-publishers\/\">Para Publishers<\/a><\/li>\n<li><a href=\"\/br\/centro-de-conhecimento\/glossary\/\">Gloss\u00e1rio<\/a><\/li>\n<li><a href=\"\/br\/centro-de-conhecimento\/gdpr\/\">GDPR<\/a><\/li>\n<\/ul>\n<\/div>\n<p>[\/vc_wp_text][\/vc_column][\/vc_row][vc_row el_id=&#8221;kc-content&#8221;][vc_column]    <div class=\"row\">\r\n        <div class=\"vc_col-sm-12\">\r\n            <div class=\"space\"><\/div>\r\n            <ul class=\"toggle\">\r\n                                            <li class=\"kc-topic active\"><a class=\"tgg-title\">\r\n                                <div class=\"feature-less-text\">Less<\/div>Como obter uma conta em TradeTracker?<\/a>\r\n                        \r\n                        <div class=\"tgg-content\">\r\n                            <p><p>Inscrever-se para uma conta de Publisher \u00e9 gratuito. Uma vez registrado, seu site ser\u00e1 avaliado por um de nossos Gerentes de Publishers para aprova\u00e7\u00e3o e depois de ter sido aprovado, voc\u00ea pode come\u00e7ar a escolher os anunciantes imediatamente. Comece agora e crie uma conta Publisher!<\/p>\n<\/p>\r\n                        <\/div>\r\n                        <\/li>\r\n                                                    <li class=\"kc-topic\"><a class=\"tgg-title\">\r\n                                <div class=\"feature-less-text\">Less<\/div>Posso obter mais ajuda?<\/a>\r\n                        \r\n                        <div class=\"tgg-content\">\r\n                            <p><p>Claro! Com o objetivo de fornecer a melhor interface de software de afiliados dispon\u00edvel atualmente. Quando nos concentramos na facilidade de uso, criamos algo que ajuda nossos clientes a evitar qualquer confus\u00e3o. No entanto, em um ambiente em r\u00e1pida movimenta\u00e7\u00e3o, como a Internet, as quest\u00f5es devem surgir. Felizmente, h\u00e1 uma equipe de profissionais especializados no setor, dispon\u00edveis e esperando para ajudar quando voc\u00ea a avan\u00e7ar.<\/p>\n<\/p>\r\n                        <\/div>\r\n                        <\/li>\r\n                                                    <li class=\"kc-topic\"><a class=\"tgg-title\">\r\n                                <div class=\"feature-less-text\">Less<\/div>O que s\u00e3o &#8220;Widgets&#8221;?<\/a>\r\n                        \r\n                        <div class=\"tgg-content\">\r\n                            <p><p>Widgets s\u00e3o m\u00f3dulos de conte\u00fado dinamicamente gerado, que podem ser adicionados ao seu site, colocando um simples fragmento de c\u00f3digo. O resultado \u00e9 um motor de busca de viagens sofisticado, ou uma ferramenta na qual itens de moda podem ser comparados.<br \/>\nTodos esses widgets podem ser gerenciados a partir da se\u00e7\u00e3o &#8220;Ferramentas de P\u00e1gina&#8221;, na interface afiliada.<\/p>\n<\/p>\r\n                        <\/div>\r\n                        <\/li>\r\n                                                    <li class=\"kc-topic\"><a class=\"tgg-title\">\r\n                                <div class=\"feature-less-text\">Less<\/div>O que posso fazer com as &#8220;Page Tools&#8221;?<\/a>\r\n                        \r\n                        <div class=\"tgg-content\">\r\n                            <p><p>Como afiliado, voc\u00ea ter\u00e1 acesso \u00e0s ferramentas da p\u00e1gina TradeTracker. Este conjunto de ferramentas lhe permitir\u00e1 gerenciar rapidamente o conte\u00fado dos seus sites, dentro da interface TradeTracker.<br \/>\nVoc\u00ea pode simplesmente alternar a visibilidade de fun\u00e7\u00f5es como widgets (ferramentas de compara\u00e7\u00e3o) e nosso Link Replacer, que \u00e9 a ferramenta perfeita para gerar automaticamente links de rastreamento (trakings), para anunciantes.<\/p>\n<\/p>\r\n                        <\/div>\r\n                        <\/li>\r\n                                                    <li class=\"kc-topic\"><a class=\"tgg-title\">\r\n                                <div class=\"feature-less-text\">Less<\/div>Quais s\u00e3o as pe\u00e7as criativas oferecidas?<\/a>\r\n                        \r\n                        <div class=\"tgg-content\">\r\n                            <p><p>Voc\u00ea pode escolher entre uma grande variedade de material criativo para colocar em seu site, como links de texto, banners, feeds de produtos, widgets e cupons de desconto ou ofertas. Para os banners, voc\u00ea pode configurar um rotativo que se otimize automaticamente com base nas m\u00e9tricas-chave que voc\u00ea fornece, como por exemplo, o EPC.<\/p>\n<\/p>\r\n                        <\/div>\r\n                        <\/li>\r\n                                                    <li class=\"kc-topic\"><a class=\"tgg-title\">\r\n                                <div class=\"feature-less-text\">Less<\/div>Posso obter um API?<\/a>\r\n                        \r\n                        <div class=\"tgg-content\">\r\n                            <p><p>Sim, n\u00f3s fazemos para voc\u00ea! A interface de programa\u00e7\u00e3o de aplicativos (API ou Web Service) lhe permite acessar fun\u00e7\u00f5es e informa\u00e7\u00f5es dispon\u00edveis no software, fornecendo acesso program\u00e1tico aos dados em sua conta. Alguns recursos b\u00e1sicos da API incluem: recuperar informa\u00e7\u00f5es da conta, informa\u00e7\u00f5es da campanha, informa\u00e7\u00f5es de transa\u00e7\u00f5es, dados de feed do produto, informa\u00e7\u00f5es de pagamento, material promocional ou uma combina\u00e7\u00e3o desses elementos, na gera\u00e7\u00e3o de relat\u00f3rios personalizados avan\u00e7ados ou permitir que voc\u00ea conecte seu pr\u00f3prio software de estat\u00edsticas entre outras coisas. Nossos servi\u00e7os da web s\u00e3o baseados no protocolo SOAP. Este protocolo \u00e9 uma especifica\u00e7\u00e3o para a troca de informa\u00e7\u00f5es estruturadas atrav\u00e9s dos Servi\u00e7os da Web. O acesso \u00e0 nossa API pode ser facilmente solicitado dentro da sua conta.<\/p>\n<\/p>\r\n                        <\/div>\r\n                        <\/li>\r\n                                                    <li class=\"kc-topic\"><a class=\"tgg-title\">\r\n                                <div class=\"feature-less-text\">Less<\/div>Posso personalizar meu tracking?<\/a>\r\n                        \r\n                        <div class=\"tgg-content\">\r\n                            <p><p>Sim, voc\u00ea pode! Al\u00e9m de nossas tecnologias avan\u00e7adas no registro de convers\u00f5es, temos fun\u00e7\u00f5es customiz\u00e1veis \u200b\u200badicionais dispon\u00edveis para voc\u00ea configurar. Por exemplo, pode anexar uma refer\u00eancia \u00fanica (ou subID) ao seu link ou fornecer uma localiza\u00e7\u00e3o de retorno de chamada (call-back) dentro da interface para que as convers\u00f5es sejam encaminhadas para o seu pr\u00f3prio servidor de estat\u00edsticas. \u00c9 at\u00e9 mesmo poss\u00edvel, colocar uma etiqueta de rastreamento de terceiros, se assim for solicitado.<\/p>\n<\/p>\r\n                        <\/div>\r\n                        <\/li>\r\n                                                    <li class=\"kc-topic\"><a class=\"tgg-title\">\r\n                                <div class=\"feature-less-text\">Less<\/div>Como se candidatar a v\u00e1rios pa\u00edses?<\/a>\r\n                        \r\n                        <div class=\"tgg-content\">\r\n                            <p><p>Se voc\u00ea estiver interessado em publicar anunciantes de v\u00e1rios pa\u00edses em seu site , pode adicion\u00e1-lo a outro territ\u00f3rio da TradeTracker, atrav\u00e9s da sua interface de afiliado. Basta acessar: Conta -&gt; Meus sites e clicar no link &#8220;Adicionar novo site&#8221;. Com isso, voc\u00ea pode ent\u00e3o escolher o territ\u00f3rio adicional ao cual deseja aplicar seu site.<br \/>\nUma vez que seu pedido seja aprovado, poder\u00e1 gerenciar suas atividades nesse territ\u00f3rio, escolhendo-o a partir do menu espec\u00edfico do pa\u00eds, na parte superior da interface.<\/p>\n<\/p>\r\n                        <\/div>\r\n                        <\/li>\r\n                                                    <li class=\"kc-topic\"><a class=\"tgg-title\">\r\n                                <div class=\"feature-less-text\">Less<\/div>O que \u00e9 &#8220;Super Fast Payment&#8221;?<\/a>\r\n                        \r\n                        <div class=\"tgg-content\">\r\n                            <p><p>Paralelamente \u00e0 nossa frequ\u00eancia de pagamento de at\u00e9 quatro vezes por m\u00eas, voc\u00ea tamb\u00e9m pode escolher o procedimento exclusivo de &#8220;Super Fast Payment&#8221; (pagamento super r\u00e1pido), que disponibilizar\u00e1 a comiss\u00e3o a pagar em apenas algumas horas, depois da aprova\u00e7\u00e3o das transa\u00e7\u00f5es. Procure informa\u00e7\u00f5es mais detalhadas com o(a) seu(sua) gerente de conta.<\/p>\n<\/p>\r\n                        <\/div>\r\n                        <\/li>\r\n                                                    <li class=\"kc-topic\"><a class=\"tgg-title\">\r\n                                <div class=\"feature-less-text\">Less<\/div>Qual \u00e9 a frequ\u00eancia de pagamento?<\/a>\r\n                        \r\n                        <div class=\"tgg-content\">\r\n                            <p><p>Entendemos que, para ter e manter um site de alto n\u00edvel, voc\u00ea precisa de algum apoio financeiro. \u00c9 por isso que a TradeTracker pagar\u00e1 sua comiss\u00e3o at\u00e9 4 vezes por m\u00eas. \u00c9 at\u00e9 poss\u00edvel solicitar a nossa solu\u00e7\u00e3o de pagamento &#8220;Super Fast&#8221;, que far\u00e1 com que as comiss\u00f5es sejam pagas dentro de algumas horas, uma vez aprovadas as transa\u00e7\u00f5es.<br \/>\nComo afiliado, voc\u00ea est\u00e1 no controle total de seus pagamentos e voc\u00ea pode alterar a sua frequ\u00eancia de pagamento sempre que quiser.<br \/>\nPor m\u00eas:<br \/>\nQuando voc\u00ea definiu seus pagamentos mensalmente, seu aviso de pagamento \u00e9 gerado no dia 1 de cada m\u00eas.<br \/>\nDuas vezes por m\u00eas:<br \/>\nDefinir o seu pagamento duas vezes por m\u00eas, ir\u00e1 apresentar um aviso de pagamento nos dias 7 e 21 de cada m\u00eas.<br \/>\nQuatro vezes por m\u00eas:<br \/>\nSelecionar uma frequ\u00eancia de pagamento de quatro vezes por m\u00eas, significa que seus avisos de pagamento ser\u00e3o gerados nos dias 7, 14, 21 e 28 de cada m\u00eas.<br \/>\nSe necess\u00e1rio, voc\u00ea pode colocar pagamentos em pausa, ativando a op\u00e7\u00e3o &#8220;Em espera&#8221;. Voc\u00ea tamb\u00e9m pode aumentar o valor do pagamento m\u00ednimo para as transfer\u00eancias.<br \/>\nEles ser\u00e3o realizados logo ap\u00f3s o recebimento dos avisos de pagamento e podem ser recebidos com facilidade atrav\u00e9s do PayPal ou de transfer\u00eancia banc\u00e1ria.<\/p>\n<\/p>\r\n                        <\/div>\r\n                        <\/li>\r\n                                                    <li class=\"kc-topic\"><a class=\"tgg-title\">\r\n                                <div class=\"feature-less-text\">Less<\/div>Quando come\u00e7o a monetizar meus conte\u00fados?<\/a>\r\n                        \r\n                        <div class=\"tgg-content\">\r\n                            <p><p>Nossa plataforma de Marketing de Performance fornece as ferramentas para colocar conte\u00fado de marcas bem conhecidas em seu site. A TradeTracker permite que voc\u00ea monitore o desempenho e a efic\u00e1cia dos materiais promocionais implementados em detalhes, com recursos de relat\u00f3rios extensivos. Assim, poder\u00e1 reagir e otimizar ainda mais os seus esfor\u00e7os online!<\/p>\n<\/p>\r\n                        <\/div>\r\n                        <\/li>\r\n                                    <\/ul>\r\n            <div class=\"space\"><\/div>\r\n        <\/div>\r\n    <\/div>\r\n    [\/vc_column][\/vc_row]<\/p>\n<\/div>","protected":false},"excerpt":{"rendered":"<p>[vc_row el_id=&#8221;kc-top&#8221; classes=&#8221;part-fullsection section-kc-topics bg-color10 bg-pattern full-width&#8221;][vc_column][vc_wp_text] Para Anunciantes Para Publishers Gloss\u00e1rio GDPR [\/vc_wp_text][\/vc_column][\/vc_row][vc_row el_id=&#8221;kc-content&#8221;][vc_column][\/vc_column][\/vc_row]<\/p>\n","protected":false},"author":69,"featured_media":0,"parent":37390,"menu_order":0,"comment_status":"closed","ping_status":"closed","template":"","meta":{"inline_featured_image":false,"_monsterinsights_skip_tracking":false,"_monsterinsights_sitenote_active":false,"_monsterinsights_sitenote_note":"","_monsterinsights_sitenote_category":0,"footnotes":""},"class_list":["post-37377","page","type-page","status-publish","hentry"],"yoast_head":"<!-- This site is optimized with the Yoast SEO Premium plugin v27.0 (Yoast SEO v27.0) - https:\/\/yoast.com\/product\/yoast-seo-premium-wordpress\/ -->\n<title>Publishers Centro de Forma\u00e7\u00e3o | TradeTracker<\/title>\n<meta name=\"description\" content=\"Optimise the way you employ campaigns by getting a better understanding of the TradeTracker platform and its tools.\" \/>\n<meta name=\"robots\" content=\"index, follow, max-snippet:-1, max-image-preview:large, max-video-preview:-1\" \/>\n<link rel=\"canonical\" href=\"https:\/\/tradetracker.com\/br\/wp-json\/wp\/v2\/pages\/37377\/\" \/>\n<meta property=\"og:locale\" content=\"pt_PT\" \/>\n<meta property=\"og:type\" content=\"article\" \/>\n<meta property=\"og:title\" content=\"Quando come\u00e7o a monetizar meus conte\u00fados? TradeTracker.com\" \/>\n<meta property=\"og:description\" content=\"Optimise the way you employ campaigns by getting a better\" \/>\n<meta property=\"og:url\" content=\"https:\/\/tradetracker.com\/br\/centro-de-conhecimento\/para-publishers\/\" \/>\n<meta property=\"og:site_name\" content=\"TradeTracker.com | Affiliate Marketing | Performance Marketing\" \/>\n<meta property=\"article:publisher\" content=\"https:\/\/www.facebook.com\/tradetrackercom\" \/>\n<meta property=\"article:modified_time\" content=\"2022-01-17T10:39:29+00:00\" \/>\n<meta property=\"og:image\" content=\"https:\/\/tradetracker.com\/wp-content\/uploads\/2019\/12\/tradetracker-logo-square.png\" \/>\n\t<meta property=\"og:image:width\" content=\"250\" \/>\n\t<meta property=\"og:image:height\" content=\"250\" \/>\n\t<meta property=\"og:image:type\" content=\"image\/png\" \/>\n<meta name=\"twitter:card\" content=\"summary_large_image\" \/>\n<meta name=\"twitter:title\" content=\"Quando come\u00e7o a monetizar meus conte\u00fados?\" \/>\n<meta name=\"twitter:description\" content=\"Nossa plataforma de Marketing de Performance fornece as ferramentas para colocar conte\u00fado de marcas bem conhecidas em seu \" \/>\n<meta name=\"twitter:image\" content=\"https:\/\/tradetracker.com\/assets\/tt-circles.png\" \/>\n<meta name=\"twitter:site\" content=\"@tradetrackercom\" \/>\n<meta name=\"twitter:label1\" content=\"Est. reading time\" \/>\n\t<meta name=\"twitter:data1\" content=\"1 minute\" \/>\n<script type=\"application\/ld+json\" class=\"yoast-schema-graph\">{\"@context\":\"https:\/\/schema.org\",\"@graph\":[{\"@type\":\"WebPage\",\"@id\":\"https:\/\/tradetracker.com\/br\/centro-de-conhecimento\/para-publishers\/\",\"url\":\"https:\/\/tradetracker.com\/br\/centro-de-conhecimento\/para-publishers\/\",\"name\":\"Publishers Centro de Forma\u00e7\u00e3o | TradeTracker\",\"isPartOf\":{\"@id\":\"https:\/\/tradetracker.com\/br\/#website\"},\"datePublished\":\"2017-02-09T13:12:46+00:00\",\"dateModified\":\"2022-01-17T10:39:29+00:00\",\"description\":\"Optimise the way you employ campaigns by getting a better understanding of the TradeTracker platform and its tools.\",\"breadcrumb\":{\"@id\":\"https:\/\/tradetracker.com\/br\/centro-de-conhecimento\/para-publishers\/#breadcrumb\"},\"inLanguage\":\"pt-BR\",\"potentialAction\":[{\"@type\":\"ReadAction\",\"target\":[\"https:\/\/tradetracker.com\/br\/centro-de-conhecimento\/para-publishers\/\"]}]},{\"@type\":\"BreadcrumbList\",\"@id\":\"https:\/\/tradetracker.com\/br\/centro-de-conhecimento\/para-publishers\/#breadcrumb\",\"itemListElement\":[{\"@type\":\"ListItem\",\"position\":1,\"name\":\"Home\",\"item\":\"https:\/\/tradetracker.com\/br\/\"},{\"@type\":\"ListItem\",\"position\":2,\"name\":\"Centro de Forma\u00e7\u00e3o\",\"item\":\"https:\/\/tradetracker.com\/br\/centro-de-conhecimento\/\"},{\"@type\":\"ListItem\",\"position\":3,\"name\":\"Para Publishers\"}]},{\"@type\":\"WebSite\",\"@id\":\"https:\/\/tradetracker.com\/br\/#website\",\"url\":\"https:\/\/tradetracker.com\/br\/\",\"name\":\"TradeTracker.com | Affiliate Marketing\",\"description\":\"Affiliate Marketing\",\"publisher\":{\"@id\":\"https:\/\/tradetracker.com\/br\/#organization\"},\"potentialAction\":[{\"@type\":\"SearchAction\",\"target\":{\"@type\":\"EntryPoint\",\"urlTemplate\":\"https:\/\/tradetracker.com\/br\/?s={search_term_string}\"},\"query-input\":{\"@type\":\"PropertyValueSpecification\",\"valueRequired\":true,\"valueName\":\"search_term_string\"}}],\"inLanguage\":\"pt-BR\"},{\"@type\":\"Organization\",\"@id\":\"https:\/\/tradetracker.com\/br\/#organization\",\"name\":\"TradeTracker FZ LLC\",\"url\":\"https:\/\/tradetracker.com\/br\/\",\"logo\":{\"@type\":\"ImageObject\",\"inLanguage\":\"pt-BR\",\"@id\":\"https:\/\/tradetracker.com\/br\/#\/schema\/logo\/image\/\",\"url\":\"https:\/\/tradetracker.com\/wp-content\/uploads\/2019\/04\/tradetracker-logo_1.jpg\",\"contentUrl\":\"https:\/\/tradetracker.com\/wp-content\/uploads\/2019\/04\/tradetracker-logo_1.jpg\",\"width\":672,\"height\":109,\"caption\":\"TradeTracker FZ LLC\"},\"image\":{\"@id\":\"https:\/\/tradetracker.com\/br\/#\/schema\/logo\/image\/\"},\"sameAs\":[\"https:\/\/www.facebook.com\/tradetrackercom\",\"https:\/\/x.com\/tradetrackercom\",\"https:\/\/www.linkedin.com\/company\/tradetrackercom\",\"https:\/\/www.youtube.com\/channel\/UCHiq-oir3qOorxO-8nLjIcQ\"],\"description\":\"TradeTracker is a global affiliate marketing platform that connects advertisers and publishers to create successful online campaigns. With its user-friendly interface, advanced tracking technology, and real-time reporting, TradeTracker provides the tools to optimize performance and boost conversions. Operating in over 20 countries, TradeTracker is renowned for its transparency, innovative solutions, and personalized support. It has been consistently chosen as the leading affiliate network worldwide, a testament to its excellence in the industry. Advertisers benefit from access to a vast network of publishers, while publishers enjoy a diverse range of campaigns and attractive earning opportunities. The platform continues to revolutionize the affiliate marketing industry with technologies like Real Attribution, ensuring fair commission distribution. TradeTracker empowers businesses to achieve their online no cure no pay advertising goals efficiently and effectively. With superior technology, unparalleled customer service, and innovative solutions, TradeTracker consistently outperforms competitors like Awin, TradeDoubler, CJ, and Webgains, making it the preferred choice for advertisers and publishers worldwide.\",\"legalName\":\"TradeTracker.com\",\"foundingDate\":\"2004-03-05\",\"numberOfEmployees\":{\"@type\":\"QuantitativeValue\",\"minValue\":\"201\",\"maxValue\":\"500\"}}]}<\/script>\n<!-- \/ Yoast SEO Premium plugin. -->","yoast_head_json":{"title":"Publishers Centro de Forma\u00e7\u00e3o | TradeTracker","description":"Optimise the way you employ campaigns by getting a better understanding of the TradeTracker platform and its tools.","robots":{"index":"index","follow":"follow","max-snippet":"max-snippet:-1","max-image-preview":"max-image-preview:large","max-video-preview":"max-video-preview:-1"},"canonical":"https:\/\/tradetracker.com\/br\/wp-json\/wp\/v2\/pages\/37377\/","og_locale":"pt_PT","og_type":"article","og_title":"Quando come\u00e7o a monetizar meus conte\u00fados? TradeTracker.com","og_description":"Optimise the way you employ campaigns by getting a better","og_url":"https:\/\/tradetracker.com\/br\/centro-de-conhecimento\/para-publishers\/","og_site_name":"TradeTracker.com | Affiliate Marketing | Performance Marketing","article_publisher":"https:\/\/www.facebook.com\/tradetrackercom","article_modified_time":"2022-01-17T10:39:29+00:00","og_image":[{"width":250,"height":250,"url":"https:\/\/tradetracker.com\/wp-content\/uploads\/2019\/12\/tradetracker-logo-square.png","type":"image\/png"}],"twitter_card":"summary_large_image","twitter_title":"Quando come\u00e7o a monetizar meus conte\u00fados?","twitter_description":"Nossa plataforma de Marketing de Performance fornece as ferramentas para colocar conte\u00fado de marcas bem conhecidas em seu ","twitter_image":"https:\/\/tradetracker.com\/assets\/tt-circles.png","twitter_site":"@tradetrackercom","twitter_misc":{"Est. reading time":"1 minute"},"schema":{"@context":"https:\/\/schema.org","@graph":[{"@type":"WebPage","@id":"https:\/\/tradetracker.com\/br\/centro-de-conhecimento\/para-publishers\/","url":"https:\/\/tradetracker.com\/br\/centro-de-conhecimento\/para-publishers\/","name":"Publishers Centro de Forma\u00e7\u00e3o | TradeTracker","isPartOf":{"@id":"https:\/\/tradetracker.com\/br\/#website"},"datePublished":"2017-02-09T13:12:46+00:00","dateModified":"2022-01-17T10:39:29+00:00","description":"Optimise the way you employ campaigns by getting a better understanding of the TradeTracker platform and its tools.","breadcrumb":{"@id":"https:\/\/tradetracker.com\/br\/centro-de-conhecimento\/para-publishers\/#breadcrumb"},"inLanguage":"pt-BR","potentialAction":[{"@type":"ReadAction","target":["https:\/\/tradetracker.com\/br\/centro-de-conhecimento\/para-publishers\/"]}]},{"@type":"BreadcrumbList","@id":"https:\/\/tradetracker.com\/br\/centro-de-conhecimento\/para-publishers\/#breadcrumb","itemListElement":[{"@type":"ListItem","position":1,"name":"Home","item":"https:\/\/tradetracker.com\/br\/"},{"@type":"ListItem","position":2,"name":"Centro de Forma\u00e7\u00e3o","item":"https:\/\/tradetracker.com\/br\/centro-de-conhecimento\/"},{"@type":"ListItem","position":3,"name":"Para Publishers"}]},{"@type":"WebSite","@id":"https:\/\/tradetracker.com\/br\/#website","url":"https:\/\/tradetracker.com\/br\/","name":"TradeTracker.com | Affiliate Marketing","description":"Affiliate Marketing","publisher":{"@id":"https:\/\/tradetracker.com\/br\/#organization"},"potentialAction":[{"@type":"SearchAction","target":{"@type":"EntryPoint","urlTemplate":"https:\/\/tradetracker.com\/br\/?s={search_term_string}"},"query-input":{"@type":"PropertyValueSpecification","valueRequired":true,"valueName":"search_term_string"}}],"inLanguage":"pt-BR"},{"@type":"Organization","@id":"https:\/\/tradetracker.com\/br\/#organization","name":"TradeTracker FZ LLC","url":"https:\/\/tradetracker.com\/br\/","logo":{"@type":"ImageObject","inLanguage":"pt-BR","@id":"https:\/\/tradetracker.com\/br\/#\/schema\/logo\/image\/","url":"https:\/\/tradetracker.com\/wp-content\/uploads\/2019\/04\/tradetracker-logo_1.jpg","contentUrl":"https:\/\/tradetracker.com\/wp-content\/uploads\/2019\/04\/tradetracker-logo_1.jpg","width":672,"height":109,"caption":"TradeTracker FZ LLC"},"image":{"@id":"https:\/\/tradetracker.com\/br\/#\/schema\/logo\/image\/"},"sameAs":["https:\/\/www.facebook.com\/tradetrackercom","https:\/\/x.com\/tradetrackercom","https:\/\/www.linkedin.com\/company\/tradetrackercom","https:\/\/www.youtube.com\/channel\/UCHiq-oir3qOorxO-8nLjIcQ"],"description":"TradeTracker is a global affiliate marketing platform that connects advertisers and publishers to create successful online campaigns. With its user-friendly interface, advanced tracking technology, and real-time reporting, TradeTracker provides the tools to optimize performance and boost conversions. Operating in over 20 countries, TradeTracker is renowned for its transparency, innovative solutions, and personalized support. It has been consistently chosen as the leading affiliate network worldwide, a testament to its excellence in the industry. Advertisers benefit from access to a vast network of publishers, while publishers enjoy a diverse range of campaigns and attractive earning opportunities. The platform continues to revolutionize the affiliate marketing industry with technologies like Real Attribution, ensuring fair commission distribution. TradeTracker empowers businesses to achieve their online no cure no pay advertising goals efficiently and effectively. With superior technology, unparalleled customer service, and innovative solutions, TradeTracker consistently outperforms competitors like Awin, TradeDoubler, CJ, and Webgains, making it the preferred choice for advertisers and publishers worldwide.","legalName":"TradeTracker.com","foundingDate":"2004-03-05","numberOfEmployees":{"@type":"QuantitativeValue","minValue":"201","maxValue":"500"}}]}},"_links":{"self":[{"href":"https:\/\/tradetracker.com\/br\/wp-json\/wp\/v2\/pages\/37377","targetHints":{"allow":["GET"]}}],"collection":[{"href":"https:\/\/tradetracker.com\/br\/wp-json\/wp\/v2\/pages"}],"about":[{"href":"https:\/\/tradetracker.com\/br\/wp-json\/wp\/v2\/types\/page"}],"author":[{"embeddable":true,"href":"https:\/\/tradetracker.com\/br\/wp-json\/wp\/v2\/users\/69"}],"replies":[{"embeddable":true,"href":"https:\/\/tradetracker.com\/br\/wp-json\/wp\/v2\/comments?post=37377"}],"version-history":[{"count":0,"href":"https:\/\/tradetracker.com\/br\/wp-json\/wp\/v2\/pages\/37377\/revisions"}],"up":[{"embeddable":true,"href":"https:\/\/tradetracker.com\/br\/wp-json\/wp\/v2\/pages\/37390"}],"wp:attachment":[{"href":"https:\/\/tradetracker.com\/br\/wp-json\/wp\/v2\/media?parent=37377"}],"curies":[{"name":"wp","href":"https:\/\/api.w.org\/{rel}","templated":true}]}}