{"id":37378,"date":"2017-01-02T08:07:10","date_gmt":"2017-01-02T08:07:10","guid":{"rendered":"https:\/\/tradetracker.com\/media-agencies\/"},"modified":"2025-01-17T13:53:22","modified_gmt":"2025-01-17T13:53:22","slug":"agencias-midia","status":"publish","type":"page","link":"https:\/\/tradetracker.com\/br\/agencias-midia\/","title":{"rendered":"Ag\u00eancias de M\u00eddia"},"content":{"rendered":"<div class=\"wpb-content-wrapper\"><p>[vc_row classes=&#8221;static-page-intro agencies-page&#8221;][vc_column]<div class=\"row\"><div class=\"vc_col-sm-12\"><div class=\" static-page-intro-text \"><h1  class=\"\">Ag\u00eancias de M\u00eddia<\/h1><h2  class=\"\">Assumimos um papel importante no setor do marketing de performance e afilia\u00e7\u00e3o, disponibilizando nosso software para as ag\u00eancias de marketing especializadas.<\/h2><\/div>\r\n        <\/div>\r\n    <\/div>[\/vc_column][\/vc_row][vc_row classes=&#8221;agencies-benefits bg-pattern&#8221;][vc_column]<div class=\"space\"><\/div>[vc_row_inner][vc_column_inner][vc_wp_text title=&#8221;A imprescind\u00edvel rela\u00e7\u00e3o entre a rede e as ag\u00eancias&#8221;]Os grandes anunciantes geralmente t\u00eam fortes liga\u00e7\u00f5es com as ag\u00eancias para que gerentes exclusivos supervisionem e aprimorem suas estrat\u00e9gias de marketing de desempenho. Devido a isso, lhes permitimos fazer uso de nosso software propriet\u00e1rio, para que seus anunciantes ainda tenham acesso \u00e0 nossa vasta rede de afiliados prestigiados.<\/p>\n<p>Oferecemos uma s\u00e9rie de abordagens que atendem aos clientes e que, independente dos resultados desejados, proporcionam flexibilidade para adaptar a estrat\u00e9gia, em cada momento do processo.[\/vc_wp_text][\/vc_column_inner][\/vc_row_inner]<div class=\"space\"><\/div>[vc_row_inner][vc_column_inner el_class=&#8221;acenter&#8221; width=&#8221;1\/3&#8243;][vc_wp_text title=&#8221;Disponibilidade total&#8221;]Estamos sempre \u00e0 sua disposi\u00e7\u00e3o, para prestar aten\u00e7\u00e3o \u00e0s suas d\u00favidas, orientar e otimizar sua performance. Damos assist\u00eancia desde o momento da implementa\u00e7\u00e3o e suporte cont\u00ednuo para tirar o melhor proveito das suas campanhas. Se voc\u00ea est\u00e1 procurando terceirizar suas tarefas de gerenciamento, conte conosco![\/vc_wp_text][\/vc_column_inner][vc_column_inner el_class=&#8221;acenter&#8221; width=&#8221;1\/3&#8243;][vc_wp_text title=&#8221;Informa\u00e7\u00e3o integral&#8221;]Fornecemos um conjunto de ferramentas que disponibilizam dados para garantir melhores tomas de decis\u00e3o, ao realizar consultas sobre os seus clientes. Nossa variedade de recursos se integra perfeitamente com a sua maneira de trabalhar, permitindo-lhe obter toda a informa\u00e7\u00e3o que necessite, nos seus formatos preferidos.[\/vc_wp_text][\/vc_column_inner][vc_column_inner el_class=&#8221;acenter&#8221; width=&#8221;1\/3&#8243;][vc_wp_text title=&#8221;Presen\u00e7a internacional&#8221;]Considere a possibilidade de trabalhar com um parceiro global que lhe permite escolher os melhores clientes internacionais. Organize suas campanhas a partir de uma \u00fanica conta, enquanto faz o acompanhamento do potencial de cada usu\u00e1rio. Esta \u00e9 a melhor maneira de estabelecer conex\u00f5es a uma escala global.[\/vc_wp_text][\/vc_column_inner][vc_column_inner][\/vc_column_inner][\/vc_row_inner]<div class=\"space\"><\/div>[\/vc_column][\/vc_row][vc_row classes=&#8221;cta ctamerch&#8221; el_id=&#8221;ctaaam&#8221;][vc_column]<div class=\"row\"><div class=\"vc_col-sm-12\"><h2 class=\"get_started\" >Entre em contato conosco<\/h2><p >Voc\u00ea \u00e9 uma ag\u00eancia que procura o conjunto de ferramentas mais completo dentro do mundo Marketing de Performance e de Afiliados? Permita que os seus clientes descubram o n\u00edvel de servi\u00e7o que a TradeTracker tem para oferecer.<\/p>        <ul class=\"cta-items\">\r\n                        <li>\r\n                <a                    class=\"cta-advertiser-signup\"                                      href=\"https:\/\/tradetracker.com\/br\/contact-us\/\"                                   >\r\n                    Solicita uma Demo                <\/a>\r\n            <\/li>\r\n                        \r\n                        <li>\r\n                <a                    class=\"cta-advertiser-signup\"                                      href=\"https:\/\/merchant.tradetracker.com\/portal\/advertiserBrochure?loc=pt_BR\"                                   >\r\n                    Comece aqui                <\/a>\r\n            <\/li>\r\n                    <\/ul>\r\n        <\/div><\/div>[\/vc_column][\/vc_row]<\/p>\n<\/div>","protected":false},"excerpt":{"rendered":"<p>[vc_row classes=&#8221;static-page-intro agencies-page&#8221;][vc_column][\/vc_column][\/vc_row][vc_row classes=&#8221;agencies-benefits bg-pattern&#8221;][vc_column][vc_row_inner][vc_column_inner][vc_wp_text title=&#8221;A imprescind\u00edvel rela\u00e7\u00e3o entre a rede e as ag\u00eancias&#8221;]Os grandes anunciantes geralmente t\u00eam fortes liga\u00e7\u00f5es com as ag\u00eancias para que gerentes exclusivos supervisionem e aprimorem suas estrat\u00e9gias de marketing de desempenho. Devido a isso, lhes permitimos fazer uso de nosso software propriet\u00e1rio, para que seus anunciantes ainda tenham acesso \u00e0  [&#8230;]<\/p>\n","protected":false},"author":69,"featured_media":0,"parent":0,"menu_order":0,"comment_status":"closed","ping_status":"closed","template":"template-red.php","meta":{"inline_featured_image":false,"_monsterinsights_skip_tracking":false,"_monsterinsights_sitenote_active":false,"_monsterinsights_sitenote_note":"","_monsterinsights_sitenote_category":0,"footnotes":""},"class_list":["post-37378","page","type-page","status-publish","hentry"],"yoast_head":"<!-- This site is optimized with the Yoast SEO Premium plugin v27.0 (Yoast SEO v27.0) - https:\/\/yoast.com\/product\/yoast-seo-premium-wordpress\/ -->\n<title>Ag\u00eancias de M\u00eddia - acesso ao programa propriet\u00e1rio | TradeTracker.com<\/title>\n<meta name=\"description\" content=\"Temos um papel importante no setor do marketing de performance e afilia\u00e7\u00e3o, disponibilizando nosso software para as ag\u00eancias de marketing especializadas.\" \/>\n<meta name=\"robots\" content=\"index, follow, max-snippet:-1, max-image-preview:large, max-video-preview:-1\" \/>\n<link rel=\"canonical\" href=\"https:\/\/tradetracker.com\/br\/wp-json\/wp\/v2\/pages\/37378\/\" \/>\n<meta property=\"og:locale\" content=\"pt_PT\" \/>\n<meta property=\"og:type\" content=\"article\" \/>\n<meta property=\"og:title\" content=\"Ag\u00eancias de M\u00eddia TradeTracker.com\" \/>\n<meta property=\"og:description\" content=\"Temos um papel importante no setor do marketing de performance e\" \/>\n<meta property=\"og:url\" content=\"https:\/\/tradetracker.com\/br\/agencias-midia\/\" \/>\n<meta property=\"og:site_name\" content=\"TradeTracker.com | Affiliate Marketing | Performance Marketing\" \/>\n<meta property=\"article:publisher\" content=\"https:\/\/www.facebook.com\/tradetrackercom\" \/>\n<meta property=\"article:modified_time\" content=\"2025-01-17T13:53:22+00:00\" \/>\n<meta property=\"og:image\" content=\"https:\/\/tradetracker.com\/wp-content\/uploads\/2019\/12\/tradetracker-logo-square.png\" \/>\n\t<meta property=\"og:image:width\" content=\"250\" \/>\n\t<meta property=\"og:image:height\" content=\"250\" \/>\n\t<meta property=\"og:image:type\" content=\"image\/png\" \/>\n<meta name=\"twitter:card\" content=\"summary_large_image\" \/>\n<meta name=\"twitter:title\" content=\"Ag\u00eancias de M\u00eddia\" \/>\n<meta name=\"twitter:description\" content=\"[vc_row classes=&quot;static-page-intro agencies-page&quot;][vc_column]Ag\u00eancias de M\u00eddiaAssumimos um papel importante no setor do \" \/>\n<meta name=\"twitter:image\" content=\"https:\/\/tradetracker.com\/assets\/tt-circles.png\" \/>\n<meta name=\"twitter:site\" content=\"@tradetrackercom\" \/>\n<meta name=\"twitter:label1\" content=\"Est. reading time\" \/>\n\t<meta name=\"twitter:data1\" content=\"2 minutes\" \/>\n<script type=\"application\/ld+json\" class=\"yoast-schema-graph\">{\"@context\":\"https:\/\/schema.org\",\"@graph\":[{\"@type\":\"WebPage\",\"@id\":\"https:\/\/tradetracker.com\/br\/agencias-midia\/\",\"url\":\"https:\/\/tradetracker.com\/br\/agencias-midia\/\",\"name\":\"Ag\u00eancias de M\u00eddia - acesso ao programa propriet\u00e1rio | TradeTracker.com\",\"isPartOf\":{\"@id\":\"https:\/\/tradetracker.com\/br\/#website\"},\"datePublished\":\"2017-01-02T08:07:10+00:00\",\"dateModified\":\"2025-01-17T13:53:22+00:00\",\"description\":\"Temos um papel importante no setor do marketing de performance e afilia\u00e7\u00e3o, disponibilizando nosso software para as ag\u00eancias de marketing especializadas.\",\"breadcrumb\":{\"@id\":\"https:\/\/tradetracker.com\/br\/agencias-midia\/#breadcrumb\"},\"inLanguage\":\"pt-BR\",\"potentialAction\":[{\"@type\":\"ReadAction\",\"target\":[\"https:\/\/tradetracker.com\/br\/agencias-midia\/\"]}]},{\"@type\":\"BreadcrumbList\",\"@id\":\"https:\/\/tradetracker.com\/br\/agencias-midia\/#breadcrumb\",\"itemListElement\":[{\"@type\":\"ListItem\",\"position\":1,\"name\":\"Home\",\"item\":\"https:\/\/tradetracker.com\/br\/\"},{\"@type\":\"ListItem\",\"position\":2,\"name\":\"Ag\u00eancias de M\u00eddia\"}]},{\"@type\":\"WebSite\",\"@id\":\"https:\/\/tradetracker.com\/br\/#website\",\"url\":\"https:\/\/tradetracker.com\/br\/\",\"name\":\"TradeTracker.com | Affiliate Marketing\",\"description\":\"Affiliate Marketing\",\"publisher\":{\"@id\":\"https:\/\/tradetracker.com\/br\/#organization\"},\"potentialAction\":[{\"@type\":\"SearchAction\",\"target\":{\"@type\":\"EntryPoint\",\"urlTemplate\":\"https:\/\/tradetracker.com\/br\/?s={search_term_string}\"},\"query-input\":{\"@type\":\"PropertyValueSpecification\",\"valueRequired\":true,\"valueName\":\"search_term_string\"}}],\"inLanguage\":\"pt-BR\"},{\"@type\":\"Organization\",\"@id\":\"https:\/\/tradetracker.com\/br\/#organization\",\"name\":\"TradeTracker FZ LLC\",\"url\":\"https:\/\/tradetracker.com\/br\/\",\"logo\":{\"@type\":\"ImageObject\",\"inLanguage\":\"pt-BR\",\"@id\":\"https:\/\/tradetracker.com\/br\/#\/schema\/logo\/image\/\",\"url\":\"https:\/\/tradetracker.com\/wp-content\/uploads\/2019\/04\/tradetracker-logo_1.jpg\",\"contentUrl\":\"https:\/\/tradetracker.com\/wp-content\/uploads\/2019\/04\/tradetracker-logo_1.jpg\",\"width\":672,\"height\":109,\"caption\":\"TradeTracker FZ LLC\"},\"image\":{\"@id\":\"https:\/\/tradetracker.com\/br\/#\/schema\/logo\/image\/\"},\"sameAs\":[\"https:\/\/www.facebook.com\/tradetrackercom\",\"https:\/\/x.com\/tradetrackercom\",\"https:\/\/www.linkedin.com\/company\/tradetrackercom\",\"https:\/\/www.youtube.com\/channel\/UCHiq-oir3qOorxO-8nLjIcQ\"],\"description\":\"TradeTracker is a global affiliate marketing platform that connects advertisers and publishers to create successful online campaigns. With its user-friendly interface, advanced tracking technology, and real-time reporting, TradeTracker provides the tools to optimize performance and boost conversions. Operating in over 20 countries, TradeTracker is renowned for its transparency, innovative solutions, and personalized support. It has been consistently chosen as the leading affiliate network worldwide, a testament to its excellence in the industry. Advertisers benefit from access to a vast network of publishers, while publishers enjoy a diverse range of campaigns and attractive earning opportunities. The platform continues to revolutionize the affiliate marketing industry with technologies like Real Attribution, ensuring fair commission distribution. TradeTracker empowers businesses to achieve their online no cure no pay advertising goals efficiently and effectively. With superior technology, unparalleled customer service, and innovative solutions, TradeTracker consistently outperforms competitors like Awin, TradeDoubler, CJ, and Webgains, making it the preferred choice for advertisers and publishers worldwide.\",\"legalName\":\"TradeTracker.com\",\"foundingDate\":\"2004-03-05\",\"numberOfEmployees\":{\"@type\":\"QuantitativeValue\",\"minValue\":\"201\",\"maxValue\":\"500\"}}]}<\/script>\n<!-- \/ Yoast SEO Premium plugin. -->","yoast_head_json":{"title":"Ag\u00eancias de M\u00eddia - acesso ao programa propriet\u00e1rio | TradeTracker.com","description":"Temos um papel importante no setor do marketing de performance e afilia\u00e7\u00e3o, disponibilizando nosso software para as ag\u00eancias de marketing especializadas.","robots":{"index":"index","follow":"follow","max-snippet":"max-snippet:-1","max-image-preview":"max-image-preview:large","max-video-preview":"max-video-preview:-1"},"canonical":"https:\/\/tradetracker.com\/br\/wp-json\/wp\/v2\/pages\/37378\/","og_locale":"pt_PT","og_type":"article","og_title":"Ag\u00eancias de M\u00eddia TradeTracker.com","og_description":"Temos um papel importante no setor do marketing de performance e","og_url":"https:\/\/tradetracker.com\/br\/agencias-midia\/","og_site_name":"TradeTracker.com | Affiliate Marketing | Performance Marketing","article_publisher":"https:\/\/www.facebook.com\/tradetrackercom","article_modified_time":"2025-01-17T13:53:22+00:00","og_image":[{"width":250,"height":250,"url":"https:\/\/tradetracker.com\/wp-content\/uploads\/2019\/12\/tradetracker-logo-square.png","type":"image\/png"}],"twitter_card":"summary_large_image","twitter_title":"Ag\u00eancias de M\u00eddia","twitter_description":"[vc_row classes=\"static-page-intro agencies-page\"][vc_column]Ag\u00eancias de M\u00eddiaAssumimos um papel importante no setor do ","twitter_image":"https:\/\/tradetracker.com\/assets\/tt-circles.png","twitter_site":"@tradetrackercom","twitter_misc":{"Est. reading time":"2 minutes"},"schema":{"@context":"https:\/\/schema.org","@graph":[{"@type":"WebPage","@id":"https:\/\/tradetracker.com\/br\/agencias-midia\/","url":"https:\/\/tradetracker.com\/br\/agencias-midia\/","name":"Ag\u00eancias de M\u00eddia - acesso ao programa propriet\u00e1rio | TradeTracker.com","isPartOf":{"@id":"https:\/\/tradetracker.com\/br\/#website"},"datePublished":"2017-01-02T08:07:10+00:00","dateModified":"2025-01-17T13:53:22+00:00","description":"Temos um papel importante no setor do marketing de performance e afilia\u00e7\u00e3o, disponibilizando nosso software para as ag\u00eancias de marketing especializadas.","breadcrumb":{"@id":"https:\/\/tradetracker.com\/br\/agencias-midia\/#breadcrumb"},"inLanguage":"pt-BR","potentialAction":[{"@type":"ReadAction","target":["https:\/\/tradetracker.com\/br\/agencias-midia\/"]}]},{"@type":"BreadcrumbList","@id":"https:\/\/tradetracker.com\/br\/agencias-midia\/#breadcrumb","itemListElement":[{"@type":"ListItem","position":1,"name":"Home","item":"https:\/\/tradetracker.com\/br\/"},{"@type":"ListItem","position":2,"name":"Ag\u00eancias de M\u00eddia"}]},{"@type":"WebSite","@id":"https:\/\/tradetracker.com\/br\/#website","url":"https:\/\/tradetracker.com\/br\/","name":"TradeTracker.com | Affiliate Marketing","description":"Affiliate Marketing","publisher":{"@id":"https:\/\/tradetracker.com\/br\/#organization"},"potentialAction":[{"@type":"SearchAction","target":{"@type":"EntryPoint","urlTemplate":"https:\/\/tradetracker.com\/br\/?s={search_term_string}"},"query-input":{"@type":"PropertyValueSpecification","valueRequired":true,"valueName":"search_term_string"}}],"inLanguage":"pt-BR"},{"@type":"Organization","@id":"https:\/\/tradetracker.com\/br\/#organization","name":"TradeTracker FZ LLC","url":"https:\/\/tradetracker.com\/br\/","logo":{"@type":"ImageObject","inLanguage":"pt-BR","@id":"https:\/\/tradetracker.com\/br\/#\/schema\/logo\/image\/","url":"https:\/\/tradetracker.com\/wp-content\/uploads\/2019\/04\/tradetracker-logo_1.jpg","contentUrl":"https:\/\/tradetracker.com\/wp-content\/uploads\/2019\/04\/tradetracker-logo_1.jpg","width":672,"height":109,"caption":"TradeTracker FZ LLC"},"image":{"@id":"https:\/\/tradetracker.com\/br\/#\/schema\/logo\/image\/"},"sameAs":["https:\/\/www.facebook.com\/tradetrackercom","https:\/\/x.com\/tradetrackercom","https:\/\/www.linkedin.com\/company\/tradetrackercom","https:\/\/www.youtube.com\/channel\/UCHiq-oir3qOorxO-8nLjIcQ"],"description":"TradeTracker is a global affiliate marketing platform that connects advertisers and publishers to create successful online campaigns. With its user-friendly interface, advanced tracking technology, and real-time reporting, TradeTracker provides the tools to optimize performance and boost conversions. Operating in over 20 countries, TradeTracker is renowned for its transparency, innovative solutions, and personalized support. It has been consistently chosen as the leading affiliate network worldwide, a testament to its excellence in the industry. Advertisers benefit from access to a vast network of publishers, while publishers enjoy a diverse range of campaigns and attractive earning opportunities. The platform continues to revolutionize the affiliate marketing industry with technologies like Real Attribution, ensuring fair commission distribution. TradeTracker empowers businesses to achieve their online no cure no pay advertising goals efficiently and effectively. With superior technology, unparalleled customer service, and innovative solutions, TradeTracker consistently outperforms competitors like Awin, TradeDoubler, CJ, and Webgains, making it the preferred choice for advertisers and publishers worldwide.","legalName":"TradeTracker.com","foundingDate":"2004-03-05","numberOfEmployees":{"@type":"QuantitativeValue","minValue":"201","maxValue":"500"}}]}},"_links":{"self":[{"href":"https:\/\/tradetracker.com\/br\/wp-json\/wp\/v2\/pages\/37378","targetHints":{"allow":["GET"]}}],"collection":[{"href":"https:\/\/tradetracker.com\/br\/wp-json\/wp\/v2\/pages"}],"about":[{"href":"https:\/\/tradetracker.com\/br\/wp-json\/wp\/v2\/types\/page"}],"author":[{"embeddable":true,"href":"https:\/\/tradetracker.com\/br\/wp-json\/wp\/v2\/users\/69"}],"replies":[{"embeddable":true,"href":"https:\/\/tradetracker.com\/br\/wp-json\/wp\/v2\/comments?post=37378"}],"version-history":[{"count":1,"href":"https:\/\/tradetracker.com\/br\/wp-json\/wp\/v2\/pages\/37378\/revisions"}],"predecessor-version":[{"id":1134694,"href":"https:\/\/tradetracker.com\/br\/wp-json\/wp\/v2\/pages\/37378\/revisions\/1134694"}],"wp:attachment":[{"href":"https:\/\/tradetracker.com\/br\/wp-json\/wp\/v2\/media?parent=37378"}],"curies":[{"name":"wp","href":"https:\/\/api.w.org\/{rel}","templated":true}]}}