{"id":37382,"date":"2016-12-25T08:43:32","date_gmt":"2016-12-25T08:43:32","guid":{"rendered":"https:\/\/tradetracker.com\/advertiser-qualifications\/"},"modified":"2025-01-17T14:02:23","modified_gmt":"2025-01-17T14:02:23","slug":"advertiser-qualifications","status":"publish","type":"page","link":"https:\/\/tradetracker.com\/br\/advertiser-qualifications\/","title":{"rendered":"Caracter\u00edsticas do Anunciante"},"content":{"rendered":"<div class=\"wpb-content-wrapper\"><p>[vc_row classes=&#8221;static-page-intro adv-requirements&#8221;][vc_column]<div class=\"row\"><div class=\"vc_col-sm-12\"><div class=\" static-page-intro-text \"><h1  style=\"color: #ffffff\" class=\"\">CARACTER\u00cdSTICAS DO ANUNCIANTE<\/h1><h2  style=\"color: #ffffff\" class=\"\">Expandir o portf\u00f3lio de campanhas da TradeTracker requer dedica\u00e7\u00e3o. Para manter a diversifica\u00e7\u00e3o, a integridade e a posi\u00e7\u00e3o efetiva da nossa rede, existem algumas qualidades que recomendamos aos nossos novos clientes.<\/h2><\/div>\r\n        <\/div>\r\n    <\/div>[\/vc_column][\/vc_row][vc_row][vc_column]<div class=\"space\"><\/div>[vc_row_inner][vc_column_inner][vc_wp_text title=&#8221;Marca de renome ou Startup?&#8221;]Algo em comum que cada campanha da TradeTracker tem, \u00e9 que resulta atraente para que os afiliados a promovam. \u00c9 o mesmo que administrar o seu neg\u00f3cio, voc\u00ea est\u00e1 em um mundo competitivo e precisa se destacar.[\/vc_wp_text]<div class=\"space\"><\/div>[\/vc_column_inner][\/vc_row_inner][vc_row_inner][vc_column_inner width=&#8221;9\/12&#8243;][vc_wp_text title=&#8221;Gerenciamento das Campanhas&#8221;]A plataforma TradeTracker \u00e9 super intuitiva para quase qualquer um gerenciar, mas, como tudo na vida, \u00e9 preciso compromisso para torn\u00e1-lo bem-sucedido. N\u00f3s somos capazes de fornecer consultoria e at\u00e9 mesmo servi\u00e7os completos de gerenciamento de programas para atender \u00e0s suas necessidades. Como alternativa para que a TradeTracker crie e gerencie sua campanha, temos fortes relacionamentos com as principais ag\u00eancias do mercado e estamos felizes em conect\u00e1-lo. Sua decis\u00e3o de terceirizar o gerenciamento de campanhas deve basear-se no seguinte:<\/p>\n<ul class=\"checklist\">\n<li>Voc\u00ea quer (e tem os recursos) para investir em uma equipe especializada de Marketing de Performance e Afiliados?<\/li>\n<li>Voc\u00ea pode melhorar continuamente o processo de compra do seu cliente?<\/li>\n<li>Voc\u00ea pode criar o material promocional certo para atender \u00e0s necessidades de seus afiliados?<\/li>\n<li>Voc\u00ea pode implementar requisitos t\u00e9cnicos?<\/li>\n<li>A sua ag\u00eancia atual \u00e9 capaz de atender \u00e0s suas necessidades internacionais?<\/li>\n<\/ul>\n<p>[\/vc_wp_text][\/vc_column_inner][\/vc_row_inner][\/vc_column][\/vc_row][vc_row classes=&#8221;sec-diff bg-pattern&#8221;][vc_column width=&#8221;9\/12&#8243;][vc_wp_text title=&#8221;Construir Rela\u00e7\u00f5es de Contato&#8221;]Uma vez que voc\u00ea desencadeia o potencial que o Marketing de Performance e Afilia\u00e7\u00e3o tem para oferecer, precisar\u00e1 de afiliados e em um mundo ideal, eles precisam de voc\u00ea. No entanto, a verdade \u00e9 que eles lhe necessitam enquanto voc\u00ea \u00e9 competitivo, pois isso leva seus retornos mais altos. Veja seus afiliados como uma extens\u00e3o da sua for\u00e7a de vendas &#8211; o que significa que eles experimentam a cultura da sua organiza\u00e7\u00e3o. N\u00e3o seja bom para eles, seja \u00f3timo:<\/p>\n<ul class=\"checklist\">\n<li>Seja um comunicador pr\u00f3-ativo, aberto e transparente. Compartilhe seus objetivos para que eles se encontrem.<\/li>\n<li>Crie incentivos, pools e competi\u00e7\u00e3o. Defina alvos para b\u00f4nus ou crie v\u00e1rios n\u00edveis.<\/li>\n<li>Esteja aberto a id\u00e9ias, use a sabedoria da multid\u00e3o &#8211; seus afiliados.<\/li>\n<li>Reduza o risco dos seus afiliados. Crie modelos h\u00edbridos adicionando um CPM ou CPC.<\/li>\n<\/ul>\n<p>[\/vc_wp_text][\/vc_column][\/vc_row][vc_row classes=&#8221;bg-pattern&#8221;][vc_column width=&#8221;9\/12&#8243;]<div class=\"space\"><\/div><div class=\"space\"><\/div>[vc_wp_text title=&#8221;Defina Objetivos Claros&#8221;]Construir uma campanha atrativa e est\u00e1vel faz parte de uma combina\u00e7\u00e3o de fatores importantes, dos quais um componente chave \u00e9 o retorno. Tenha em mente que, com as campanhas de CPA, o publisher arrisca tudo: eles n\u00e3o t\u00eam controle sobre o visitante uma vez que passam para o seu dom\u00ednio, mas tamb\u00e9m precisam determinar o ROI (Retorno sobre o Investimento), antes de tentar o seu. Defina seus objetivos e deixe refletir nas pol\u00edticas da sua campanha:<\/p>\n<ul class=\"checklist\">\n<li>Defina seu modelo de comiss\u00e3o: voc\u00ea quer convers\u00f5es, Branding ou ambos?<\/li>\n<li>Voc\u00ea permitir\u00e1 quaisquer meios de promo\u00e7\u00e3o ou apenas determinados tipos de sites?<\/li>\n<li>Comece a conversa e gerencie as expectativas. O que voc\u00ea quer?<\/li>\n<li>Aprove as transa\u00e7\u00f5es rapidamente. O publisher investe no seu neg\u00f3cio, ent\u00e3o devolva o favor.<\/li>\n<li>Pague a tempo e use pr\u00e9-pagamento&#8230; Crie esta simbiose saud\u00e1vel para ambas partes!<\/li>\n<\/ul>\n<p>[\/vc_wp_text][\/vc_column][\/vc_row][vc_row classes=&#8221;cta ctamerch&#8221; el_id=&#8221;ctaaam&#8221;][vc_column]<div class=\"row\"><div class=\"vc_col-sm-12\"><h2 class=\"get_started\" style=\"color:#ffffff\">Atende aos requisitos?<\/h2><p style=\"color:#ffffff\">Somos uma equipe de entusiastas do Marketing de Performance e Afilia\u00e7\u00e3o orientado ao resultado, dedicados ao desempenho e sempre buscando tornar o mundo da publicidade online um lugar melhor. Entre em contato conosco e saiba como podemos impulsar o seu neg\u00f3cio online!<\/p>        <ul class=\"cta-items\">\r\n                        <li>\r\n                <a                    class=\"cta-advertiser-signup\"                                      href=\"https:\/\/tradetracker.com\/br\/contact-us\/\"                                   >\r\n                    Solicita uma Demo                <\/a>\r\n            <\/li>\r\n                        \r\n                        <li>\r\n                <a                    class=\"cta-advertiser-signup\"                                      href=\"https:\/\/merchant.tradetracker.com\/portal\/advertiserBrochure?loc=pt_BR\"                                   >\r\n                    Pedir Folheto do Anunciante                <\/a>\r\n            <\/li>\r\n                    <\/ul>\r\n        <\/div><\/div>[\/vc_column][\/vc_row]<\/p>\n<\/div>","protected":false},"excerpt":{"rendered":"<p>[vc_row classes=&#8221;static-page-intro adv-requirements&#8221;][vc_column][\/vc_column][\/vc_row][vc_row][vc_column][vc_row_inner][vc_column_inner][vc_wp_text title=&#8221;Marca de renome ou Startup?&#8221;]Algo em comum que cada campanha da TradeTracker tem, \u00e9 que resulta atraente para que os afiliados a promovam. \u00c9 o mesmo que administrar o seu neg\u00f3cio, voc\u00ea est\u00e1 em um mundo competitivo e precisa se destacar.[\/vc_wp_text][\/vc_column_inner][\/vc_row_inner][vc_row_inner][vc_column_inner width=&#8221;9\/12&#8243;][vc_wp_text title=&#8221;Gerenciamento das Campanhas&#8221;]A plataforma TradeTracker \u00e9 super intuitiva para quase  [&#8230;]<\/p>\n","protected":false},"author":69,"featured_media":0,"parent":0,"menu_order":0,"comment_status":"closed","ping_status":"closed","template":"template-red.php","meta":{"inline_featured_image":false,"_monsterinsights_skip_tracking":false,"_monsterinsights_sitenote_active":false,"_monsterinsights_sitenote_note":"","_monsterinsights_sitenote_category":0,"footnotes":""},"class_list":["post-37382","page","type-page","status-publish","hentry"],"yoast_head":"<!-- This site is optimized with the Yoast SEO Premium plugin v27.0 (Yoast SEO v27.0) - https:\/\/yoast.com\/product\/yoast-seo-premium-wordpress\/ -->\n<title>Advertiser Qualifications | TradeTracker<\/title>\n<meta name=\"description\" content=\"A list of the keys to any advertiser\u2019s successful affiliate marketing campaign.\" \/>\n<meta name=\"robots\" content=\"index, follow, max-snippet:-1, max-image-preview:large, max-video-preview:-1\" \/>\n<link rel=\"canonical\" href=\"https:\/\/tradetracker.com\/br\/wp-json\/wp\/v2\/pages\/37382\/\" \/>\n<meta property=\"og:locale\" content=\"pt_PT\" \/>\n<meta property=\"og:type\" content=\"article\" \/>\n<meta property=\"og:title\" content=\"Caracter\u00edsticas do Anunciante TradeTracker.com\" \/>\n<meta property=\"og:description\" content=\"A list of the keys to any advertiser\u2019s successful affiliate\" \/>\n<meta property=\"og:url\" content=\"https:\/\/tradetracker.com\/br\/advertiser-qualifications\/\" \/>\n<meta property=\"og:site_name\" content=\"TradeTracker.com | Affiliate Marketing | Performance Marketing\" \/>\n<meta property=\"article:publisher\" content=\"https:\/\/www.facebook.com\/tradetrackercom\" \/>\n<meta property=\"article:modified_time\" content=\"2025-01-17T14:02:23+00:00\" \/>\n<meta property=\"og:image\" content=\"https:\/\/tradetracker.com\/wp-content\/uploads\/2019\/12\/tradetracker-logo-square.png\" \/>\n\t<meta property=\"og:image:width\" content=\"250\" \/>\n\t<meta property=\"og:image:height\" content=\"250\" \/>\n\t<meta property=\"og:image:type\" content=\"image\/png\" \/>\n<meta name=\"twitter:card\" content=\"summary_large_image\" \/>\n<meta name=\"twitter:title\" content=\"Caracter\u00edsticas do Anunciante\" \/>\n<meta name=\"twitter:description\" content=\"[vc_row classes=&quot;static-page-intro adv-requirements&quot;][vc_column]CARACTER\u00cdSTICAS DO ANUNCIANTEExpandir o portf\u00f3lio de \" \/>\n<meta name=\"twitter:image\" content=\"https:\/\/tradetracker.com\/assets\/tt-circles.png\" \/>\n<meta name=\"twitter:site\" content=\"@tradetrackercom\" \/>\n<meta name=\"twitter:label1\" content=\"Est. reading time\" \/>\n\t<meta name=\"twitter:data1\" content=\"3 minutes\" \/>\n<script type=\"application\/ld+json\" class=\"yoast-schema-graph\">{\"@context\":\"https:\/\/schema.org\",\"@graph\":[{\"@type\":\"WebPage\",\"@id\":\"https:\/\/tradetracker.com\/br\/advertiser-qualifications\/\",\"url\":\"https:\/\/tradetracker.com\/br\/advertiser-qualifications\/\",\"name\":\"Advertiser Qualifications | TradeTracker\",\"isPartOf\":{\"@id\":\"https:\/\/tradetracker.com\/br\/#website\"},\"datePublished\":\"2016-12-25T08:43:32+00:00\",\"dateModified\":\"2025-01-17T14:02:23+00:00\",\"description\":\"A list of the keys to any advertiser\u2019s successful affiliate marketing campaign.\",\"breadcrumb\":{\"@id\":\"https:\/\/tradetracker.com\/br\/advertiser-qualifications\/#breadcrumb\"},\"inLanguage\":\"pt-BR\",\"potentialAction\":[{\"@type\":\"ReadAction\",\"target\":[\"https:\/\/tradetracker.com\/br\/advertiser-qualifications\/\"]}]},{\"@type\":\"BreadcrumbList\",\"@id\":\"https:\/\/tradetracker.com\/br\/advertiser-qualifications\/#breadcrumb\",\"itemListElement\":[{\"@type\":\"ListItem\",\"position\":1,\"name\":\"Home\",\"item\":\"https:\/\/tradetracker.com\/br\/\"},{\"@type\":\"ListItem\",\"position\":2,\"name\":\"Caracter\u00edsticas do Anunciante\"}]},{\"@type\":\"WebSite\",\"@id\":\"https:\/\/tradetracker.com\/br\/#website\",\"url\":\"https:\/\/tradetracker.com\/br\/\",\"name\":\"TradeTracker.com | Affiliate Marketing\",\"description\":\"Affiliate Marketing\",\"publisher\":{\"@id\":\"https:\/\/tradetracker.com\/br\/#organization\"},\"potentialAction\":[{\"@type\":\"SearchAction\",\"target\":{\"@type\":\"EntryPoint\",\"urlTemplate\":\"https:\/\/tradetracker.com\/br\/?s={search_term_string}\"},\"query-input\":{\"@type\":\"PropertyValueSpecification\",\"valueRequired\":true,\"valueName\":\"search_term_string\"}}],\"inLanguage\":\"pt-BR\"},{\"@type\":\"Organization\",\"@id\":\"https:\/\/tradetracker.com\/br\/#organization\",\"name\":\"TradeTracker FZ LLC\",\"url\":\"https:\/\/tradetracker.com\/br\/\",\"logo\":{\"@type\":\"ImageObject\",\"inLanguage\":\"pt-BR\",\"@id\":\"https:\/\/tradetracker.com\/br\/#\/schema\/logo\/image\/\",\"url\":\"https:\/\/tradetracker.com\/wp-content\/uploads\/2019\/04\/tradetracker-logo_1.jpg\",\"contentUrl\":\"https:\/\/tradetracker.com\/wp-content\/uploads\/2019\/04\/tradetracker-logo_1.jpg\",\"width\":672,\"height\":109,\"caption\":\"TradeTracker FZ LLC\"},\"image\":{\"@id\":\"https:\/\/tradetracker.com\/br\/#\/schema\/logo\/image\/\"},\"sameAs\":[\"https:\/\/www.facebook.com\/tradetrackercom\",\"https:\/\/x.com\/tradetrackercom\",\"https:\/\/www.linkedin.com\/company\/tradetrackercom\",\"https:\/\/www.youtube.com\/channel\/UCHiq-oir3qOorxO-8nLjIcQ\"],\"description\":\"TradeTracker is a global affiliate marketing platform that connects advertisers and publishers to create successful online campaigns. With its user-friendly interface, advanced tracking technology, and real-time reporting, TradeTracker provides the tools to optimize performance and boost conversions. Operating in over 20 countries, TradeTracker is renowned for its transparency, innovative solutions, and personalized support. It has been consistently chosen as the leading affiliate network worldwide, a testament to its excellence in the industry. Advertisers benefit from access to a vast network of publishers, while publishers enjoy a diverse range of campaigns and attractive earning opportunities. The platform continues to revolutionize the affiliate marketing industry with technologies like Real Attribution, ensuring fair commission distribution. TradeTracker empowers businesses to achieve their online no cure no pay advertising goals efficiently and effectively. With superior technology, unparalleled customer service, and innovative solutions, TradeTracker consistently outperforms competitors like Awin, TradeDoubler, CJ, and Webgains, making it the preferred choice for advertisers and publishers worldwide.\",\"legalName\":\"TradeTracker.com\",\"foundingDate\":\"2004-03-05\",\"numberOfEmployees\":{\"@type\":\"QuantitativeValue\",\"minValue\":\"201\",\"maxValue\":\"500\"}}]}<\/script>\n<!-- \/ Yoast SEO Premium plugin. -->","yoast_head_json":{"title":"Advertiser Qualifications | TradeTracker","description":"A list of the keys to any advertiser\u2019s successful affiliate marketing campaign.","robots":{"index":"index","follow":"follow","max-snippet":"max-snippet:-1","max-image-preview":"max-image-preview:large","max-video-preview":"max-video-preview:-1"},"canonical":"https:\/\/tradetracker.com\/br\/wp-json\/wp\/v2\/pages\/37382\/","og_locale":"pt_PT","og_type":"article","og_title":"Caracter\u00edsticas do Anunciante TradeTracker.com","og_description":"A list of the keys to any advertiser\u2019s successful affiliate","og_url":"https:\/\/tradetracker.com\/br\/advertiser-qualifications\/","og_site_name":"TradeTracker.com | Affiliate Marketing | Performance Marketing","article_publisher":"https:\/\/www.facebook.com\/tradetrackercom","article_modified_time":"2025-01-17T14:02:23+00:00","og_image":[{"width":250,"height":250,"url":"https:\/\/tradetracker.com\/wp-content\/uploads\/2019\/12\/tradetracker-logo-square.png","type":"image\/png"}],"twitter_card":"summary_large_image","twitter_title":"Caracter\u00edsticas do Anunciante","twitter_description":"[vc_row classes=\"static-page-intro adv-requirements\"][vc_column]CARACTER\u00cdSTICAS DO ANUNCIANTEExpandir o portf\u00f3lio de ","twitter_image":"https:\/\/tradetracker.com\/assets\/tt-circles.png","twitter_site":"@tradetrackercom","twitter_misc":{"Est. reading time":"3 minutes"},"schema":{"@context":"https:\/\/schema.org","@graph":[{"@type":"WebPage","@id":"https:\/\/tradetracker.com\/br\/advertiser-qualifications\/","url":"https:\/\/tradetracker.com\/br\/advertiser-qualifications\/","name":"Advertiser Qualifications | TradeTracker","isPartOf":{"@id":"https:\/\/tradetracker.com\/br\/#website"},"datePublished":"2016-12-25T08:43:32+00:00","dateModified":"2025-01-17T14:02:23+00:00","description":"A list of the keys to any advertiser\u2019s successful affiliate marketing campaign.","breadcrumb":{"@id":"https:\/\/tradetracker.com\/br\/advertiser-qualifications\/#breadcrumb"},"inLanguage":"pt-BR","potentialAction":[{"@type":"ReadAction","target":["https:\/\/tradetracker.com\/br\/advertiser-qualifications\/"]}]},{"@type":"BreadcrumbList","@id":"https:\/\/tradetracker.com\/br\/advertiser-qualifications\/#breadcrumb","itemListElement":[{"@type":"ListItem","position":1,"name":"Home","item":"https:\/\/tradetracker.com\/br\/"},{"@type":"ListItem","position":2,"name":"Caracter\u00edsticas do Anunciante"}]},{"@type":"WebSite","@id":"https:\/\/tradetracker.com\/br\/#website","url":"https:\/\/tradetracker.com\/br\/","name":"TradeTracker.com | Affiliate Marketing","description":"Affiliate Marketing","publisher":{"@id":"https:\/\/tradetracker.com\/br\/#organization"},"potentialAction":[{"@type":"SearchAction","target":{"@type":"EntryPoint","urlTemplate":"https:\/\/tradetracker.com\/br\/?s={search_term_string}"},"query-input":{"@type":"PropertyValueSpecification","valueRequired":true,"valueName":"search_term_string"}}],"inLanguage":"pt-BR"},{"@type":"Organization","@id":"https:\/\/tradetracker.com\/br\/#organization","name":"TradeTracker FZ LLC","url":"https:\/\/tradetracker.com\/br\/","logo":{"@type":"ImageObject","inLanguage":"pt-BR","@id":"https:\/\/tradetracker.com\/br\/#\/schema\/logo\/image\/","url":"https:\/\/tradetracker.com\/wp-content\/uploads\/2019\/04\/tradetracker-logo_1.jpg","contentUrl":"https:\/\/tradetracker.com\/wp-content\/uploads\/2019\/04\/tradetracker-logo_1.jpg","width":672,"height":109,"caption":"TradeTracker FZ LLC"},"image":{"@id":"https:\/\/tradetracker.com\/br\/#\/schema\/logo\/image\/"},"sameAs":["https:\/\/www.facebook.com\/tradetrackercom","https:\/\/x.com\/tradetrackercom","https:\/\/www.linkedin.com\/company\/tradetrackercom","https:\/\/www.youtube.com\/channel\/UCHiq-oir3qOorxO-8nLjIcQ"],"description":"TradeTracker is a global affiliate marketing platform that connects advertisers and publishers to create successful online campaigns. With its user-friendly interface, advanced tracking technology, and real-time reporting, TradeTracker provides the tools to optimize performance and boost conversions. Operating in over 20 countries, TradeTracker is renowned for its transparency, innovative solutions, and personalized support. It has been consistently chosen as the leading affiliate network worldwide, a testament to its excellence in the industry. Advertisers benefit from access to a vast network of publishers, while publishers enjoy a diverse range of campaigns and attractive earning opportunities. The platform continues to revolutionize the affiliate marketing industry with technologies like Real Attribution, ensuring fair commission distribution. TradeTracker empowers businesses to achieve their online no cure no pay advertising goals efficiently and effectively. With superior technology, unparalleled customer service, and innovative solutions, TradeTracker consistently outperforms competitors like Awin, TradeDoubler, CJ, and Webgains, making it the preferred choice for advertisers and publishers worldwide.","legalName":"TradeTracker.com","foundingDate":"2004-03-05","numberOfEmployees":{"@type":"QuantitativeValue","minValue":"201","maxValue":"500"}}]}},"_links":{"self":[{"href":"https:\/\/tradetracker.com\/br\/wp-json\/wp\/v2\/pages\/37382","targetHints":{"allow":["GET"]}}],"collection":[{"href":"https:\/\/tradetracker.com\/br\/wp-json\/wp\/v2\/pages"}],"about":[{"href":"https:\/\/tradetracker.com\/br\/wp-json\/wp\/v2\/types\/page"}],"author":[{"embeddable":true,"href":"https:\/\/tradetracker.com\/br\/wp-json\/wp\/v2\/users\/69"}],"replies":[{"embeddable":true,"href":"https:\/\/tradetracker.com\/br\/wp-json\/wp\/v2\/comments?post=37382"}],"version-history":[{"count":1,"href":"https:\/\/tradetracker.com\/br\/wp-json\/wp\/v2\/pages\/37382\/revisions"}],"predecessor-version":[{"id":1134699,"href":"https:\/\/tradetracker.com\/br\/wp-json\/wp\/v2\/pages\/37382\/revisions\/1134699"}],"wp:attachment":[{"href":"https:\/\/tradetracker.com\/br\/wp-json\/wp\/v2\/media?parent=37382"}],"curies":[{"name":"wp","href":"https:\/\/api.w.org\/{rel}","templated":true}]}}