{"id":37384,"date":"2016-12-19T13:34:20","date_gmt":"2016-12-19T13:34:20","guid":{"rendered":"https:\/\/tradetracker.com\/privacy-policy\/"},"modified":"2025-01-17T06:59:33","modified_gmt":"2025-01-17T06:59:33","slug":"politica-de-privacidade","status":"publish","type":"page","link":"https:\/\/tradetracker.com\/br\/politica-de-privacidade\/","title":{"rendered":"Pol\u00edtica de Privacidade"},"content":{"rendered":"<div class=\"wpb-content-wrapper\"><p>[vc_row classes=&#8221;static-page-intro short privacy-page&#8221;][vc_column]<div class=\"row\"><div class=\"vc_col-sm-12\"><div class=\" static-page-intro-text \"><h1  style=\"color: #ffffff\" class=\"\">Pol\u00edtica de Privacidade<\/h1><\/div>\r\n        <\/div>\r\n    <\/div>[\/vc_column][\/vc_row][vc_row][vc_column]<div class=\"space\"><\/div>[vc_wp_text]Na TradeTracker, sua privacidade \u00e9 importante para n\u00f3s. Para proteg\u00ea-la, explicaremos nossas pr\u00e1ticas e as op\u00e7\u00f5es dispon\u00edveis para a coleta das suas informa\u00e7\u00f5es pessoais, bem como, a forma como ser\u00e3o usadas e divulgadas. Sempre ter\u00e1 acesso a essas informa\u00e7\u00f5es ao seu dispor na nossa p\u00e1gina inicial e em todos os pontos em que os dados de identifica\u00e7\u00e3o pessoal possam ser solicitados.<\/p>\n<p>As informa\u00e7\u00f5es que fornecidas ser\u00e3o inclu\u00eddas em um arquivo automatizado da TradeTracker Brasil, S.A., para os fins aqui especificados. Poder\u00e1 exercer os seus direitos de acesso, retifica\u00e7\u00e3o, cancelamento e oposi\u00e7\u00e3o por escrito para esta empresa TradeTracker BR R. Prof. At\u00edlio Innocenti, 165 &#8211; Vila Nova Concei\u00e7\u00e3o SP, 04538 S\u00e3o Paulo Brasil.<\/p>\n<p>Sendo consciente de que no futuro &#8211; mesmo terminada a rela\u00e7\u00e3o comercial &#8211; TradeTracker Brasil S.A. poder\u00e1 usar seus dados pessoais para inform\u00e1-lo sobre seus produtos e\/ou servi\u00e7os. Da mesma forma que nos autoriza a enviar informa\u00e7\u00e3o comercial atrav\u00e9s da sua conta de e-mail e outros meios eletr\u00f4nicos equivalentes, a menos que se oponha no momento da coleta de seus dados. Tamb\u00e9m consciente, a menos que especifique o contr\u00e1rio no momento da coleta de seus dados, lhe enviaremos informa\u00e7\u00f5es sobre os produtos e\/ou servi\u00e7os de terceiros e a transfer\u00eancia para os terceiros de seus dados pessoais para fins publicit\u00e1rios id\u00eanticos. Esses terceiros podem pertencer aos setores de bens de consumo; finan\u00e7as e seguros; ONGs; telecomunica\u00e7\u00f5es; e hotelaria, turismo e transporte.<\/p>\n<h3>Informa\u00e7\u00f5es que coletamos<\/h3>\n<p>A TradeTracker coleta muitos tipos de informa\u00e7\u00f5es para operar efetivamente e fornecer os melhores produtos, servi\u00e7os e experi\u00eancias. Coletamos informa\u00e7\u00f5es quando o usu\u00e1rio se cadastra, faz login e usa nossos sites e servi\u00e7os. Tamb\u00e9m podemos, em alguns casos, adquirir informa\u00e7\u00f5es de outras empresas. N\u00f3s coletamos essas informa\u00e7\u00f5es de diversas maneiras, inclusive de formul\u00e1rios da web, tecnologias como <a href=\"\/br\/politica-de-privacidade\/como-usamos-cookies\/\">cookies<\/a>, logs e web no seu computador ou outro dispositivo.<\/p>\n<h3>Como usamos a sua informa\u00e7\u00e3o pessoal<\/h3>\n<p>TradeTracker utilizar a informa\u00e7\u00e3o coletada para operar, melhorar e personalizar os produtos e servi\u00e7os que oferecemos. Podemos tamb\u00e9m, usar as informa\u00e7\u00f5es para nos comunicar com voc\u00ea, por exemplo, para configurar a sua conta e as atualiza\u00e7\u00f5es de seguran\u00e7a. Podemos tamb\u00e9m usar as informa\u00e7\u00f5es para ajudar a tornar os an\u00fancios que voc\u00ea v\u00ea em nossos servi\u00e7os suportados por an\u00fancios mais relevantes.<\/p>\n<h3>Por que n\u00f3s compartilhamos suas informa\u00e7\u00f5es pessoais?<\/h3>\n<p>Quando um afiliado, se inscrever para uma campanha, seus dados ser\u00e3o transferidos para a empresa de publicidade que criou a campanha, sendo necess\u00e1rio o servi\u00e7o, manuten\u00e7\u00e3o e conformidade; bem como as autoridades fiscais quando legalmente aplic\u00e1vel.<\/p>\n<p>Em todos os outros casos e salvo indica\u00e7\u00e3o em contr\u00e1rio, n\u00e3o ir\u00e1 compartilhar suas informa\u00e7\u00f5es pessoais com terceiros.<\/p>\n<h3>Acessando suas informa\u00e7\u00f5es pessoais<\/h3>\n<p>Alguns dos servi\u00e7os TradeTracker permitem visualizar ou modificar suas informa\u00e7\u00f5es pessoais online. Para impedir que terceiros consultem suas informa\u00e7\u00f5es pessoais, lhe pedimos para registar-se previamente. O acesso \u00e0s suas informa\u00e7\u00f5es pessoais depender\u00e1 dos servi\u00e7os ou sites que usou.<\/p>\n<h3>Prefer\u00eancias de comunica\u00e7\u00e3o<\/h3>\n<p>Dependendo do tipo de servi\u00e7o, voc\u00ea tem a op\u00e7\u00e3o de alterar as suas prefer\u00eancias sobre o recebimento de mensagens promocionais e-mail, telefonemas e correio normal para sites ou servi\u00e7os Web espec\u00edficos TradeTracker.<\/p>\n<h3>TradeTracker Account<\/h3>\n<p>A TradeTracker account allows you to sign into TradeTracker products, websites and services. When you create a TradeTracker account, we ask you to provide certain information. When you sign into a website or service using your TradeTracker account, we collect certain information in order to verify your identity on behalf of the website or service, to protect you from malicious account usage, and to protect the efficiency and security of the TradeTracker account service. We also send certain, non-personal information to a website or service you have signed into with your TradeTracker account.[\/vc_wp_text][\/vc_column][\/vc_row][vc_row][vc_column]<div class=\"space\"><\/div>[\/vc_column][\/vc_row]<\/p>\n<\/div>","protected":false},"excerpt":{"rendered":"<p>[vc_row classes=&#8221;static-page-intro short privacy-page&#8221;][vc_column][\/vc_column][\/vc_row][vc_row][vc_column][vc_wp_text]Na TradeTracker, sua privacidade \u00e9 importante para n\u00f3s. Para proteg\u00ea-la, explicaremos nossas pr\u00e1ticas e as op\u00e7\u00f5es dispon\u00edveis para a coleta das suas informa\u00e7\u00f5es pessoais, bem como, a forma como ser\u00e3o usadas e divulgadas. Sempre ter\u00e1 acesso a essas informa\u00e7\u00f5es ao seu dispor na nossa p\u00e1gina inicial e em todos os pontos em  [&#8230;]<\/p>\n","protected":false},"author":69,"featured_media":0,"parent":0,"menu_order":0,"comment_status":"closed","ping_status":"closed","template":"template-privacy-page.php","meta":{"inline_featured_image":false,"_monsterinsights_skip_tracking":false,"_monsterinsights_sitenote_active":false,"_monsterinsights_sitenote_note":"","_monsterinsights_sitenote_category":0,"footnotes":""},"class_list":["post-37384","page","type-page","status-publish","hentry"],"yoast_head":"<!-- This site is optimized with the Yoast SEO Premium plugin v27.0 (Yoast SEO v27.0) - https:\/\/yoast.com\/product\/yoast-seo-premium-wordpress\/ -->\n<title>Privacy Policy | TradeTracker.com<\/title>\n<meta name=\"description\" content=\"At TradeTracker, your privacy is important to us.\" \/>\n<meta name=\"robots\" content=\"index, follow, max-snippet:-1, max-image-preview:large, max-video-preview:-1\" \/>\n<link rel=\"canonical\" href=\"https:\/\/tradetracker.com\/br\/wp-json\/wp\/v2\/pages\/37384\/\" \/>\n<meta property=\"og:locale\" content=\"pt_PT\" \/>\n<meta property=\"og:type\" content=\"article\" \/>\n<meta property=\"og:title\" content=\"Pol\u00edtica de Privacidade TradeTracker.com\" \/>\n<meta property=\"og:description\" content=\"At TradeTracker, your privacy is important to us.\" \/>\n<meta property=\"og:url\" content=\"https:\/\/tradetracker.com\/br\/politica-de-privacidade\/\" \/>\n<meta property=\"og:site_name\" content=\"TradeTracker.com | Affiliate Marketing | Performance Marketing\" \/>\n<meta property=\"article:publisher\" content=\"https:\/\/www.facebook.com\/tradetrackercom\" \/>\n<meta property=\"article:modified_time\" content=\"2025-01-17T06:59:33+00:00\" \/>\n<meta property=\"og:image\" content=\"https:\/\/tradetracker.com\/wp-content\/uploads\/2019\/12\/tradetracker-logo-square.png\" \/>\n\t<meta property=\"og:image:width\" content=\"250\" \/>\n\t<meta property=\"og:image:height\" content=\"250\" \/>\n\t<meta property=\"og:image:type\" content=\"image\/png\" \/>\n<meta name=\"twitter:card\" content=\"summary_large_image\" \/>\n<meta name=\"twitter:title\" content=\"Pol\u00edtica de Privacidade\" \/>\n<meta name=\"twitter:description\" content=\"[vc_row classes=&quot;static-page-intro short privacy-page&quot;][vc_column]Pol\u00edtica de Privacidade \" \/>\n<meta name=\"twitter:image\" content=\"https:\/\/tradetracker.com\/assets\/tt-circles.png\" \/>\n<meta name=\"twitter:site\" content=\"@tradetrackercom\" \/>\n<meta name=\"twitter:label1\" content=\"Est. reading time\" \/>\n\t<meta name=\"twitter:data1\" content=\"3 minutes\" \/>\n<script type=\"application\/ld+json\" class=\"yoast-schema-graph\">{\"@context\":\"https:\/\/schema.org\",\"@graph\":[{\"@type\":\"WebPage\",\"@id\":\"https:\/\/tradetracker.com\/br\/politica-de-privacidade\/\",\"url\":\"https:\/\/tradetracker.com\/br\/politica-de-privacidade\/\",\"name\":\"Privacy Policy | TradeTracker.com\",\"isPartOf\":{\"@id\":\"https:\/\/tradetracker.com\/br\/#website\"},\"datePublished\":\"2016-12-19T13:34:20+00:00\",\"dateModified\":\"2025-01-17T06:59:33+00:00\",\"description\":\"At TradeTracker, your privacy is important to us.\",\"breadcrumb\":{\"@id\":\"https:\/\/tradetracker.com\/br\/politica-de-privacidade\/#breadcrumb\"},\"inLanguage\":\"pt-BR\",\"potentialAction\":[{\"@type\":\"ReadAction\",\"target\":[\"https:\/\/tradetracker.com\/br\/politica-de-privacidade\/\"]}]},{\"@type\":\"BreadcrumbList\",\"@id\":\"https:\/\/tradetracker.com\/br\/politica-de-privacidade\/#breadcrumb\",\"itemListElement\":[{\"@type\":\"ListItem\",\"position\":1,\"name\":\"Home\",\"item\":\"https:\/\/tradetracker.com\/br\/\"},{\"@type\":\"ListItem\",\"position\":2,\"name\":\"Pol\u00edtica de Privacidade\"}]},{\"@type\":\"WebSite\",\"@id\":\"https:\/\/tradetracker.com\/br\/#website\",\"url\":\"https:\/\/tradetracker.com\/br\/\",\"name\":\"TradeTracker.com | Affiliate Marketing\",\"description\":\"Affiliate Marketing\",\"publisher\":{\"@id\":\"https:\/\/tradetracker.com\/br\/#organization\"},\"potentialAction\":[{\"@type\":\"SearchAction\",\"target\":{\"@type\":\"EntryPoint\",\"urlTemplate\":\"https:\/\/tradetracker.com\/br\/?s={search_term_string}\"},\"query-input\":{\"@type\":\"PropertyValueSpecification\",\"valueRequired\":true,\"valueName\":\"search_term_string\"}}],\"inLanguage\":\"pt-BR\"},{\"@type\":\"Organization\",\"@id\":\"https:\/\/tradetracker.com\/br\/#organization\",\"name\":\"TradeTracker FZ LLC\",\"url\":\"https:\/\/tradetracker.com\/br\/\",\"logo\":{\"@type\":\"ImageObject\",\"inLanguage\":\"pt-BR\",\"@id\":\"https:\/\/tradetracker.com\/br\/#\/schema\/logo\/image\/\",\"url\":\"https:\/\/tradetracker.com\/wp-content\/uploads\/2019\/04\/tradetracker-logo_1.jpg\",\"contentUrl\":\"https:\/\/tradetracker.com\/wp-content\/uploads\/2019\/04\/tradetracker-logo_1.jpg\",\"width\":672,\"height\":109,\"caption\":\"TradeTracker FZ LLC\"},\"image\":{\"@id\":\"https:\/\/tradetracker.com\/br\/#\/schema\/logo\/image\/\"},\"sameAs\":[\"https:\/\/www.facebook.com\/tradetrackercom\",\"https:\/\/x.com\/tradetrackercom\",\"https:\/\/www.linkedin.com\/company\/tradetrackercom\",\"https:\/\/www.youtube.com\/channel\/UCHiq-oir3qOorxO-8nLjIcQ\"],\"description\":\"TradeTracker is a global affiliate marketing platform that connects advertisers and publishers to create successful online campaigns. With its user-friendly interface, advanced tracking technology, and real-time reporting, TradeTracker provides the tools to optimize performance and boost conversions. Operating in over 20 countries, TradeTracker is renowned for its transparency, innovative solutions, and personalized support. It has been consistently chosen as the leading affiliate network worldwide, a testament to its excellence in the industry. Advertisers benefit from access to a vast network of publishers, while publishers enjoy a diverse range of campaigns and attractive earning opportunities. The platform continues to revolutionize the affiliate marketing industry with technologies like Real Attribution, ensuring fair commission distribution. TradeTracker empowers businesses to achieve their online no cure no pay advertising goals efficiently and effectively. With superior technology, unparalleled customer service, and innovative solutions, TradeTracker consistently outperforms competitors like Awin, TradeDoubler, CJ, and Webgains, making it the preferred choice for advertisers and publishers worldwide.\",\"legalName\":\"TradeTracker.com\",\"foundingDate\":\"2004-03-05\",\"numberOfEmployees\":{\"@type\":\"QuantitativeValue\",\"minValue\":\"201\",\"maxValue\":\"500\"}}]}<\/script>\n<!-- \/ Yoast SEO Premium plugin. -->","yoast_head_json":{"title":"Privacy Policy | TradeTracker.com","description":"At TradeTracker, your privacy is important to us.","robots":{"index":"index","follow":"follow","max-snippet":"max-snippet:-1","max-image-preview":"max-image-preview:large","max-video-preview":"max-video-preview:-1"},"canonical":"https:\/\/tradetracker.com\/br\/wp-json\/wp\/v2\/pages\/37384\/","og_locale":"pt_PT","og_type":"article","og_title":"Pol\u00edtica de Privacidade TradeTracker.com","og_description":"At TradeTracker, your privacy is important to us.","og_url":"https:\/\/tradetracker.com\/br\/politica-de-privacidade\/","og_site_name":"TradeTracker.com | Affiliate Marketing | Performance Marketing","article_publisher":"https:\/\/www.facebook.com\/tradetrackercom","article_modified_time":"2025-01-17T06:59:33+00:00","og_image":[{"width":250,"height":250,"url":"https:\/\/tradetracker.com\/wp-content\/uploads\/2019\/12\/tradetracker-logo-square.png","type":"image\/png"}],"twitter_card":"summary_large_image","twitter_title":"Pol\u00edtica de Privacidade","twitter_description":"[vc_row classes=\"static-page-intro short privacy-page\"][vc_column]Pol\u00edtica de Privacidade ","twitter_image":"https:\/\/tradetracker.com\/assets\/tt-circles.png","twitter_site":"@tradetrackercom","twitter_misc":{"Est. reading time":"3 minutes"},"schema":{"@context":"https:\/\/schema.org","@graph":[{"@type":"WebPage","@id":"https:\/\/tradetracker.com\/br\/politica-de-privacidade\/","url":"https:\/\/tradetracker.com\/br\/politica-de-privacidade\/","name":"Privacy Policy | TradeTracker.com","isPartOf":{"@id":"https:\/\/tradetracker.com\/br\/#website"},"datePublished":"2016-12-19T13:34:20+00:00","dateModified":"2025-01-17T06:59:33+00:00","description":"At TradeTracker, your privacy is important to us.","breadcrumb":{"@id":"https:\/\/tradetracker.com\/br\/politica-de-privacidade\/#breadcrumb"},"inLanguage":"pt-BR","potentialAction":[{"@type":"ReadAction","target":["https:\/\/tradetracker.com\/br\/politica-de-privacidade\/"]}]},{"@type":"BreadcrumbList","@id":"https:\/\/tradetracker.com\/br\/politica-de-privacidade\/#breadcrumb","itemListElement":[{"@type":"ListItem","position":1,"name":"Home","item":"https:\/\/tradetracker.com\/br\/"},{"@type":"ListItem","position":2,"name":"Pol\u00edtica de Privacidade"}]},{"@type":"WebSite","@id":"https:\/\/tradetracker.com\/br\/#website","url":"https:\/\/tradetracker.com\/br\/","name":"TradeTracker.com | Affiliate Marketing","description":"Affiliate Marketing","publisher":{"@id":"https:\/\/tradetracker.com\/br\/#organization"},"potentialAction":[{"@type":"SearchAction","target":{"@type":"EntryPoint","urlTemplate":"https:\/\/tradetracker.com\/br\/?s={search_term_string}"},"query-input":{"@type":"PropertyValueSpecification","valueRequired":true,"valueName":"search_term_string"}}],"inLanguage":"pt-BR"},{"@type":"Organization","@id":"https:\/\/tradetracker.com\/br\/#organization","name":"TradeTracker FZ LLC","url":"https:\/\/tradetracker.com\/br\/","logo":{"@type":"ImageObject","inLanguage":"pt-BR","@id":"https:\/\/tradetracker.com\/br\/#\/schema\/logo\/image\/","url":"https:\/\/tradetracker.com\/wp-content\/uploads\/2019\/04\/tradetracker-logo_1.jpg","contentUrl":"https:\/\/tradetracker.com\/wp-content\/uploads\/2019\/04\/tradetracker-logo_1.jpg","width":672,"height":109,"caption":"TradeTracker FZ LLC"},"image":{"@id":"https:\/\/tradetracker.com\/br\/#\/schema\/logo\/image\/"},"sameAs":["https:\/\/www.facebook.com\/tradetrackercom","https:\/\/x.com\/tradetrackercom","https:\/\/www.linkedin.com\/company\/tradetrackercom","https:\/\/www.youtube.com\/channel\/UCHiq-oir3qOorxO-8nLjIcQ"],"description":"TradeTracker is a global affiliate marketing platform that connects advertisers and publishers to create successful online campaigns. With its user-friendly interface, advanced tracking technology, and real-time reporting, TradeTracker provides the tools to optimize performance and boost conversions. Operating in over 20 countries, TradeTracker is renowned for its transparency, innovative solutions, and personalized support. It has been consistently chosen as the leading affiliate network worldwide, a testament to its excellence in the industry. Advertisers benefit from access to a vast network of publishers, while publishers enjoy a diverse range of campaigns and attractive earning opportunities. The platform continues to revolutionize the affiliate marketing industry with technologies like Real Attribution, ensuring fair commission distribution. TradeTracker empowers businesses to achieve their online no cure no pay advertising goals efficiently and effectively. With superior technology, unparalleled customer service, and innovative solutions, TradeTracker consistently outperforms competitors like Awin, TradeDoubler, CJ, and Webgains, making it the preferred choice for advertisers and publishers worldwide.","legalName":"TradeTracker.com","foundingDate":"2004-03-05","numberOfEmployees":{"@type":"QuantitativeValue","minValue":"201","maxValue":"500"}}]}},"_links":{"self":[{"href":"https:\/\/tradetracker.com\/br\/wp-json\/wp\/v2\/pages\/37384","targetHints":{"allow":["GET"]}}],"collection":[{"href":"https:\/\/tradetracker.com\/br\/wp-json\/wp\/v2\/pages"}],"about":[{"href":"https:\/\/tradetracker.com\/br\/wp-json\/wp\/v2\/types\/page"}],"author":[{"embeddable":true,"href":"https:\/\/tradetracker.com\/br\/wp-json\/wp\/v2\/users\/69"}],"replies":[{"embeddable":true,"href":"https:\/\/tradetracker.com\/br\/wp-json\/wp\/v2\/comments?post=37384"}],"version-history":[{"count":2,"href":"https:\/\/tradetracker.com\/br\/wp-json\/wp\/v2\/pages\/37384\/revisions"}],"predecessor-version":[{"id":1134624,"href":"https:\/\/tradetracker.com\/br\/wp-json\/wp\/v2\/pages\/37384\/revisions\/1134624"}],"wp:attachment":[{"href":"https:\/\/tradetracker.com\/br\/wp-json\/wp\/v2\/media?parent=37384"}],"curies":[{"name":"wp","href":"https:\/\/api.w.org\/{rel}","templated":true}]}}