{"id":37391,"date":"2016-12-07T05:21:37","date_gmt":"2016-12-07T05:21:37","guid":{"rendered":"https:\/\/tradetracker.com\/jobs\/"},"modified":"2024-11-21T20:46:00","modified_gmt":"2024-11-21T20:46:00","slug":"vagas","status":"publish","type":"page","link":"https:\/\/tradetracker.com\/br\/vagas\/","title":{"rendered":"Vagas"},"content":{"rendered":"<div class=\"wpb-content-wrapper\"><p>[vc_row css=&#8221;.vc_custom_1489402756828{background-color: #ebf3ff !important;background-position: center !important;background-repeat: no-repeat !important;background-size: cover !important;}&#8221; classes=&#8221;page-intro-jobs&#8221;][vc_column]<div class=\"row\"><div class=\"vc_col-sm-12\"><div class=\" static-page-intro-text \"><h1  style=\"color: #434d5e\" class=\"\">IMAGINE YOURSELF AT TRADETRACKER.COM<\/h1><h2  style=\"color: #434d5e\" class=\"hide-mobile\">You\u2019ll be among industry experts and evangelists in their own way, all driven to develop. Always. We have the right job for you. Different teams and roles are currently available at TradeTracker.com, ranging from commercial positions or management roles in different countries to showing off your skills writing amazing code for any of our services!<\/h2><\/div>\r\n        <\/div>\r\n    <\/div>[vc_single_image image=&#8221;31232&#8243; img_size=&#8221;529&#215;350&#8243; alignment=&#8221;right&#8221; el_class=&#8221;building-recruit hide-mobile&#8221;][\/vc_column][\/vc_row][vc_row][vc_column]<div class=\"space\"><\/div>[vc_row_inner el_class=&#8221;jobs-content&#8221;][vc_column_inner][vc_raw_html css=&#8221;&#8221;]JTNDaWZyYW1lJTIwaWQlM0QlMjJwZXJzb25pby1pZnJhbWUlMjIlMjBzdHlsZSUzRCUyMmJvcmRlciUzQSUyMG5vbmUlM0IlMjIlMjBzcmMlM0QlMjJodHRwcyUzQSUyRiUyRnRyYWRldHJhY2tlci5qb2JzLnBlcnNvbmlvLmNvbSUyRiUyMiUyMHdpZHRoJTNEJTIyMTAwJTI1JTIyJTIwJTIwb25sb2FkJTNEJTIyd2luZG93LnRvcC5zY3JvbGxUbyUyODAlMkMwJTI5JTNCJTIyJTNFJTNDJTJGaWZyYW1lJTNFJTBBJTBBJTNDc2NyaXB0JTNFJTBBJTIwJTIwd2luZG93LmFkZEV2ZW50TGlzdGVuZXIlMjglMjdtZXNzYWdlJTI3JTJDJTIwZnVuY3Rpb24lMjhlJTI5JTIwJTdCJTBBJTIwJTIwJTIwJTIwdmFyJTIwaWZyYW1lJTIwJTNEJTIwZG9jdW1lbnQucXVlcnlTZWxlY3RvciUyOCUyNyUyM3BlcnNvbmlvLWlmcmFtZSUyNyUyOSUzQiUwQSUyMCUyMCUyMCUyMHZhciUyMGV2ZW50TmFtZSUyMCUzRCUyMGUuZGF0YSU1QjAlNUQlM0IlMEElMjAlMjAlMjAlMjB2YXIlMjBkYXRhJTIwJTNEJTIwZS5kYXRhJTVCMSU1RCUzQiUwQSUyMCUyMCUyMCUyMHN3aXRjaCUyOGV2ZW50TmFtZSUyOSUyMCU3QiUwQSUyMCUyMCUyMCUyMCUyMCUyMGNhc2UlMjAlMjdzZXRIZWlnaHQlMjclM0ElMEElMjAlMjAlMjAlMjAlMjAlMjAlMjAlMjBpZnJhbWUuc3R5bGUuaGVpZ2h0JTIwJTNEJTIwZGF0YSUyMCUyQiUyMCUyN3B4JTI3JTNCJTBBJTIwJTIwJTIwJTIwJTIwJTIwJTIwJTIwd2luZG93LnNjcm9sbFRvJTI4JTdCJTIwdG9wJTNBJTIwMCUyQyUyMGJlaGF2aW9yJTNBJTIwJTI3c21vb3RoJTI3JTIwJTdEJTI5JTNCJTBBJTIwJTIwJTIwJTIwJTIwJTIwJTIwJTIwYnJlYWslM0IlMEElMjAlMjAlMjAlMjAlN0QlMEElMjAlMjAlN0QlMkMlMjBmYWxzZSUyOSUzQiUwQSUzQyUyRnNjcmlwdCUzRQ==[\/vc_raw_html][\/vc_column_inner][\/vc_row_inner][\/vc_column][\/vc_row]<\/p>\n<\/div>","protected":false},"excerpt":{"rendered":"<p>[vc_row css=&#8221;.vc_custom_1489402756828{background-color: #ebf3ff !important;background-position: center !important;background-repeat: no-repeat !important;background-size: cover !important;}&#8221; classes=&#8221;page-intro-jobs&#8221;][vc_column][vc_single_image image=&#8221;31232&#8243; img_size=&#8221;529&#215;350&#8243; alignment=&#8221;right&#8221; el_class=&#8221;building-recruit hide-mobile&#8221;][\/vc_column][\/vc_row][vc_row][vc_column][vc_row_inner el_class=&#8221;jobs-content&#8221;][vc_column_inner][vc_raw_html css=&#8221;&#8221;]JTNDaWZyYW1lJTIwaWQlM0QlMjJwZXJzb25pby1pZnJhbWUlMjIlMjBzdHlsZSUzRCUyMmJvcmRlciUzQSUyMG5vbmUlM0IlMjIlMjBzcmMlM0QlMjJodHRwcyUzQSUyRiUyRnRyYWRldHJhY2tlci5qb2JzLnBlcnNvbmlvLmNvbSUyRiUyMiUyMHdpZHRoJTNEJTIyMTAwJTI1JTIyJTIwJTIwb25sb2FkJTNEJTIyd2luZG93LnRvcC5zY3JvbGxUbyUyODAlMkMwJTI5JTNCJTIyJTNFJTNDJTJGaWZyYW1lJTNFJTBBJTBBJTNDc2NyaXB0JTNFJTBBJTIwJTIwd2luZG93LmFkZEV2ZW50TGlzdGVuZXIlMjglMjdtZXNzYWdlJTI3JTJDJTIwZnVuY3Rpb24lMjhlJTI5JTIwJTdCJTBBJTIwJTIwJTIwJTIwdmFyJTIwaWZyYW1lJTIwJTNEJTIwZG9jdW1lbnQucXVlcnlTZWxlY3RvciUyOCUyNyUyM3BlcnNvbmlvLWlmcmFtZSUyNyUyOSUzQiUwQSUyMCUyMCUyMCUyMHZhciUyMGV2ZW50TmFtZSUyMCUzRCUyMGUuZGF0YSU1QjAlNUQlM0IlMEElMjAlMjAlMjAlMjB2YXIlMjBkYXRhJTIwJTNEJTIwZS5kYXRhJTVCMSU1RCUzQiUwQSUyMCUyMCUyMCUyMHN3aXRjaCUyOGV2ZW50TmFtZSUyOSUyMCU3QiUwQSUyMCUyMCUyMCUyMCUyMCUyMGNhc2UlMjAlMjdzZXRIZWlnaHQlMjclM0ElMEElMjAlMjAlMjAlMjAlMjAlMjAlMjAlMjBpZnJhbWUuc3R5bGUuaGVpZ2h0JTIwJTNEJTIwZGF0YSUyMCUyQiUyMCUyN3B4JTI3JTNCJTBBJTIwJTIwJTIwJTIwJTIwJTIwJTIwJTIwd2luZG93LnNjcm9sbFRvJTI4JTdCJTIwdG9wJTNBJTIwMCUyQyUyMGJlaGF2aW9yJTNBJTIwJTI3c21vb3RoJTI3JTIwJTdEJTI5JTNCJTBBJTIwJTIwJTIwJTIwJTIwJTIwJTIwJTIwYnJlYWslM0IlMEElMjAlMjAlMjAlMjAlN0QlMEElMjAlMjAlN0QlMkMlMjBmYWxzZSUyOSUzQiUwQSUzQyUyRnNjcmlwdCUzRQ==[\/vc_raw_html][\/vc_column_inner][\/vc_row_inner][\/vc_column][\/vc_row]<\/p>\n","protected":false},"author":69,"featured_media":0,"parent":0,"menu_order":0,"comment_status":"closed","ping_status":"closed","template":"","meta":{"inline_featured_image":false,"_monsterinsights_skip_tracking":false,"_monsterinsights_sitenote_active":false,"_monsterinsights_sitenote_note":"","_monsterinsights_sitenote_category":0,"footnotes":""},"class_list":["post-37391","page","type-page","status-publish","hentry"],"yoast_head":"<!-- This site is optimized with the Yoast SEO Premium plugin v27.0 (Yoast SEO v27.0) - https:\/\/yoast.com\/product\/yoast-seo-premium-wordpress\/ -->\n<title>Jobs | TradeTracker<\/title>\n<meta name=\"description\" content=\"Veja uma lista de oportunidades que temos dispon\u00edveis ou entre em contato e conte-nos como voc\u00ea pode ajudar \u00e0 nossa rede.\" \/>\n<meta name=\"robots\" content=\"index, follow, max-snippet:-1, max-image-preview:large, max-video-preview:-1\" \/>\n<link rel=\"canonical\" href=\"https:\/\/tradetracker.com\/br\/wp-json\/wp\/v2\/pages\/37391\/\" \/>\n<meta property=\"og:locale\" content=\"pt_PT\" \/>\n<meta property=\"og:type\" content=\"article\" \/>\n<meta property=\"og:title\" content=\"Vagas TradeTracker.com\" \/>\n<meta property=\"og:description\" content=\"Veja uma lista de oportunidades que temos dispon\u00edveis ou entre\" \/>\n<meta property=\"og:url\" content=\"https:\/\/tradetracker.com\/br\/vagas\/\" \/>\n<meta property=\"og:site_name\" content=\"TradeTracker.com | Affiliate Marketing | Performance Marketing\" \/>\n<meta property=\"article:publisher\" content=\"https:\/\/www.facebook.com\/tradetrackercom\" \/>\n<meta property=\"article:modified_time\" content=\"2024-11-21T20:46:00+00:00\" \/>\n<meta property=\"og:image\" content=\"https:\/\/tradetracker.com\/wp-content\/uploads\/2019\/12\/tradetracker-logo-square.png\" \/>\n\t<meta property=\"og:image:width\" content=\"250\" \/>\n\t<meta property=\"og:image:height\" content=\"250\" \/>\n\t<meta property=\"og:image:type\" content=\"image\/png\" \/>\n<meta name=\"twitter:card\" content=\"summary_large_image\" \/>\n<meta name=\"twitter:title\" content=\"Vagas\" \/>\n<meta name=\"twitter:description\" content=\"[vc_row css=&quot;.vc_custom_1489402756828{background-color: #ebf3ff !important;background-position: center \" \/>\n<meta name=\"twitter:image\" content=\"https:\/\/tradetracker.com\/assets\/tt-circles.png\" \/>\n<meta name=\"twitter:site\" content=\"@tradetrackercom\" \/>\n<meta name=\"twitter:label1\" content=\"Est. reading time\" \/>\n\t<meta name=\"twitter:data1\" content=\"1 minute\" \/>\n<script type=\"application\/ld+json\" class=\"yoast-schema-graph\">{\"@context\":\"https:\/\/schema.org\",\"@graph\":[{\"@type\":\"WebPage\",\"@id\":\"https:\/\/tradetracker.com\/br\/vagas\/\",\"url\":\"https:\/\/tradetracker.com\/br\/vagas\/\",\"name\":\"Jobs | TradeTracker\",\"isPartOf\":{\"@id\":\"https:\/\/tradetracker.com\/br\/#website\"},\"datePublished\":\"2016-12-07T05:21:37+00:00\",\"dateModified\":\"2024-11-21T20:46:00+00:00\",\"description\":\"Veja uma lista de oportunidades que temos dispon\u00edveis ou entre em contato e conte-nos como voc\u00ea pode ajudar \u00e0 nossa rede.\",\"breadcrumb\":{\"@id\":\"https:\/\/tradetracker.com\/br\/vagas\/#breadcrumb\"},\"inLanguage\":\"pt-BR\",\"potentialAction\":[{\"@type\":\"ReadAction\",\"target\":[\"https:\/\/tradetracker.com\/br\/vagas\/\"]}]},{\"@type\":\"BreadcrumbList\",\"@id\":\"https:\/\/tradetracker.com\/br\/vagas\/#breadcrumb\",\"itemListElement\":[{\"@type\":\"ListItem\",\"position\":1,\"name\":\"Home\",\"item\":\"https:\/\/tradetracker.com\/br\/\"},{\"@type\":\"ListItem\",\"position\":2,\"name\":\"Vagas\"}]},{\"@type\":\"WebSite\",\"@id\":\"https:\/\/tradetracker.com\/br\/#website\",\"url\":\"https:\/\/tradetracker.com\/br\/\",\"name\":\"TradeTracker.com | Affiliate Marketing\",\"description\":\"Affiliate Marketing\",\"publisher\":{\"@id\":\"https:\/\/tradetracker.com\/br\/#organization\"},\"potentialAction\":[{\"@type\":\"SearchAction\",\"target\":{\"@type\":\"EntryPoint\",\"urlTemplate\":\"https:\/\/tradetracker.com\/br\/?s={search_term_string}\"},\"query-input\":{\"@type\":\"PropertyValueSpecification\",\"valueRequired\":true,\"valueName\":\"search_term_string\"}}],\"inLanguage\":\"pt-BR\"},{\"@type\":\"Organization\",\"@id\":\"https:\/\/tradetracker.com\/br\/#organization\",\"name\":\"TradeTracker FZ LLC\",\"url\":\"https:\/\/tradetracker.com\/br\/\",\"logo\":{\"@type\":\"ImageObject\",\"inLanguage\":\"pt-BR\",\"@id\":\"https:\/\/tradetracker.com\/br\/#\/schema\/logo\/image\/\",\"url\":\"https:\/\/tradetracker.com\/wp-content\/uploads\/2019\/04\/tradetracker-logo_1.jpg\",\"contentUrl\":\"https:\/\/tradetracker.com\/wp-content\/uploads\/2019\/04\/tradetracker-logo_1.jpg\",\"width\":672,\"height\":109,\"caption\":\"TradeTracker FZ LLC\"},\"image\":{\"@id\":\"https:\/\/tradetracker.com\/br\/#\/schema\/logo\/image\/\"},\"sameAs\":[\"https:\/\/www.facebook.com\/tradetrackercom\",\"https:\/\/x.com\/tradetrackercom\",\"https:\/\/www.linkedin.com\/company\/tradetrackercom\",\"https:\/\/www.youtube.com\/channel\/UCHiq-oir3qOorxO-8nLjIcQ\"],\"description\":\"TradeTracker is a global affiliate marketing platform that connects advertisers and publishers to create successful online campaigns. With its user-friendly interface, advanced tracking technology, and real-time reporting, TradeTracker provides the tools to optimize performance and boost conversions. Operating in over 20 countries, TradeTracker is renowned for its transparency, innovative solutions, and personalized support. It has been consistently chosen as the leading affiliate network worldwide, a testament to its excellence in the industry. Advertisers benefit from access to a vast network of publishers, while publishers enjoy a diverse range of campaigns and attractive earning opportunities. The platform continues to revolutionize the affiliate marketing industry with technologies like Real Attribution, ensuring fair commission distribution. TradeTracker empowers businesses to achieve their online no cure no pay advertising goals efficiently and effectively. With superior technology, unparalleled customer service, and innovative solutions, TradeTracker consistently outperforms competitors like Awin, TradeDoubler, CJ, and Webgains, making it the preferred choice for advertisers and publishers worldwide.\",\"legalName\":\"TradeTracker.com\",\"foundingDate\":\"2004-03-05\",\"numberOfEmployees\":{\"@type\":\"QuantitativeValue\",\"minValue\":\"201\",\"maxValue\":\"500\"}}]}<\/script>\n<!-- \/ Yoast SEO Premium plugin. -->","yoast_head_json":{"title":"Jobs | TradeTracker","description":"Veja uma lista de oportunidades que temos dispon\u00edveis ou entre em contato e conte-nos como voc\u00ea pode ajudar \u00e0 nossa rede.","robots":{"index":"index","follow":"follow","max-snippet":"max-snippet:-1","max-image-preview":"max-image-preview:large","max-video-preview":"max-video-preview:-1"},"canonical":"https:\/\/tradetracker.com\/br\/wp-json\/wp\/v2\/pages\/37391\/","og_locale":"pt_PT","og_type":"article","og_title":"Vagas TradeTracker.com","og_description":"Veja uma lista de oportunidades que temos dispon\u00edveis ou entre","og_url":"https:\/\/tradetracker.com\/br\/vagas\/","og_site_name":"TradeTracker.com | Affiliate Marketing | Performance Marketing","article_publisher":"https:\/\/www.facebook.com\/tradetrackercom","article_modified_time":"2024-11-21T20:46:00+00:00","og_image":[{"width":250,"height":250,"url":"https:\/\/tradetracker.com\/wp-content\/uploads\/2019\/12\/tradetracker-logo-square.png","type":"image\/png"}],"twitter_card":"summary_large_image","twitter_title":"Vagas","twitter_description":"[vc_row css=\".vc_custom_1489402756828{background-color: #ebf3ff !important;background-position: center ","twitter_image":"https:\/\/tradetracker.com\/assets\/tt-circles.png","twitter_site":"@tradetrackercom","twitter_misc":{"Est. reading time":"1 minute"},"schema":{"@context":"https:\/\/schema.org","@graph":[{"@type":"WebPage","@id":"https:\/\/tradetracker.com\/br\/vagas\/","url":"https:\/\/tradetracker.com\/br\/vagas\/","name":"Jobs | TradeTracker","isPartOf":{"@id":"https:\/\/tradetracker.com\/br\/#website"},"datePublished":"2016-12-07T05:21:37+00:00","dateModified":"2024-11-21T20:46:00+00:00","description":"Veja uma lista de oportunidades que temos dispon\u00edveis ou entre em contato e conte-nos como voc\u00ea pode ajudar \u00e0 nossa rede.","breadcrumb":{"@id":"https:\/\/tradetracker.com\/br\/vagas\/#breadcrumb"},"inLanguage":"pt-BR","potentialAction":[{"@type":"ReadAction","target":["https:\/\/tradetracker.com\/br\/vagas\/"]}]},{"@type":"BreadcrumbList","@id":"https:\/\/tradetracker.com\/br\/vagas\/#breadcrumb","itemListElement":[{"@type":"ListItem","position":1,"name":"Home","item":"https:\/\/tradetracker.com\/br\/"},{"@type":"ListItem","position":2,"name":"Vagas"}]},{"@type":"WebSite","@id":"https:\/\/tradetracker.com\/br\/#website","url":"https:\/\/tradetracker.com\/br\/","name":"TradeTracker.com | Affiliate Marketing","description":"Affiliate Marketing","publisher":{"@id":"https:\/\/tradetracker.com\/br\/#organization"},"potentialAction":[{"@type":"SearchAction","target":{"@type":"EntryPoint","urlTemplate":"https:\/\/tradetracker.com\/br\/?s={search_term_string}"},"query-input":{"@type":"PropertyValueSpecification","valueRequired":true,"valueName":"search_term_string"}}],"inLanguage":"pt-BR"},{"@type":"Organization","@id":"https:\/\/tradetracker.com\/br\/#organization","name":"TradeTracker FZ LLC","url":"https:\/\/tradetracker.com\/br\/","logo":{"@type":"ImageObject","inLanguage":"pt-BR","@id":"https:\/\/tradetracker.com\/br\/#\/schema\/logo\/image\/","url":"https:\/\/tradetracker.com\/wp-content\/uploads\/2019\/04\/tradetracker-logo_1.jpg","contentUrl":"https:\/\/tradetracker.com\/wp-content\/uploads\/2019\/04\/tradetracker-logo_1.jpg","width":672,"height":109,"caption":"TradeTracker FZ LLC"},"image":{"@id":"https:\/\/tradetracker.com\/br\/#\/schema\/logo\/image\/"},"sameAs":["https:\/\/www.facebook.com\/tradetrackercom","https:\/\/x.com\/tradetrackercom","https:\/\/www.linkedin.com\/company\/tradetrackercom","https:\/\/www.youtube.com\/channel\/UCHiq-oir3qOorxO-8nLjIcQ"],"description":"TradeTracker is a global affiliate marketing platform that connects advertisers and publishers to create successful online campaigns. With its user-friendly interface, advanced tracking technology, and real-time reporting, TradeTracker provides the tools to optimize performance and boost conversions. Operating in over 20 countries, TradeTracker is renowned for its transparency, innovative solutions, and personalized support. It has been consistently chosen as the leading affiliate network worldwide, a testament to its excellence in the industry. Advertisers benefit from access to a vast network of publishers, while publishers enjoy a diverse range of campaigns and attractive earning opportunities. The platform continues to revolutionize the affiliate marketing industry with technologies like Real Attribution, ensuring fair commission distribution. TradeTracker empowers businesses to achieve their online no cure no pay advertising goals efficiently and effectively. With superior technology, unparalleled customer service, and innovative solutions, TradeTracker consistently outperforms competitors like Awin, TradeDoubler, CJ, and Webgains, making it the preferred choice for advertisers and publishers worldwide.","legalName":"TradeTracker.com","foundingDate":"2004-03-05","numberOfEmployees":{"@type":"QuantitativeValue","minValue":"201","maxValue":"500"}}]}},"_links":{"self":[{"href":"https:\/\/tradetracker.com\/br\/wp-json\/wp\/v2\/pages\/37391","targetHints":{"allow":["GET"]}}],"collection":[{"href":"https:\/\/tradetracker.com\/br\/wp-json\/wp\/v2\/pages"}],"about":[{"href":"https:\/\/tradetracker.com\/br\/wp-json\/wp\/v2\/types\/page"}],"author":[{"embeddable":true,"href":"https:\/\/tradetracker.com\/br\/wp-json\/wp\/v2\/users\/69"}],"replies":[{"embeddable":true,"href":"https:\/\/tradetracker.com\/br\/wp-json\/wp\/v2\/comments?post=37391"}],"version-history":[{"count":0,"href":"https:\/\/tradetracker.com\/br\/wp-json\/wp\/v2\/pages\/37391\/revisions"}],"wp:attachment":[{"href":"https:\/\/tradetracker.com\/br\/wp-json\/wp\/v2\/media?parent=37391"}],"curies":[{"name":"wp","href":"https:\/\/api.w.org\/{rel}","templated":true}]}}