{"id":1112811,"date":"2016-12-25T09:57:41","date_gmt":"2016-12-25T09:57:41","guid":{"rendered":"https:\/\/tradetracker.com\/qualifications-editeurs\/"},"modified":"2022-10-23T11:58:54","modified_gmt":"2022-10-23T11:58:54","slug":"qualifications-editeurs","status":"publish","type":"page","link":"https:\/\/tradetracker.com\/cafr\/qualifications-editeurs\/","title":{"rendered":"Qualification des Editeurs"},"content":{"rendered":"<div class=\"wpb-content-wrapper\"><p>[vc_row classes=&#8221; static-page-intro pub-requirements&#8221;][vc_column]<div class=\"row\"><div class=\"vc_col-sm-12\"><div class=\" static-page-intro-text \"><h1  style=\"color: #ffffff\" class=\"\">QUALIFICATIONS D\u2019EDITEURS<\/h1><h2  style=\"color: #ffffff\" class=\"\">To ensure our network retains its integrity, there are a few qualities we like our new members possess.<\/p>\n<p>Nous avons \u00e9num\u00e9r\u00e9 les qualit\u00e9s principales qui assureront que vous \u00eates un candidat digne de travailler avec TradeTracker. Si vous pouvez r\u00e9pondre aux attentes ci-dessous, alors vous \u00eates d\u00e9j\u00e0 presque arriv\u00e9.<\/h2><\/div>\r\n        <\/div>\r\n    <\/div>[\/vc_column][\/vc_row][vc_row classes=&#8221;bg-pattern&#8221;][vc_column]<div class=\"space\"><\/div>[vc_raw_html]JTNDcCUyMGNsYXNzJTNEJTIyaGVhZGxpbmUtcGFyYWdyYXBoJTIyJTNFQ2hleiUyMFRyYWRlVHJhY2tlciUyQyUyMG5vdXMlMjBzb21tZXMlMjBoZXVyZXV4JTIwZGUlMjB0cmF2YWlsbGVyJTIwYXZlYyUyMHRvdXQlMjAlQzMlQTlkaXRldXIlMjBlbmdhZyVDMyVBOSUyQyUyMGRlcHVpcyUyMGxlcyUyMGQlQzMlQTlidXRzJTIwZGUlMjBkJUMzJUE5dmVsb3BwZW1lbnQlMjBqdXNxdSVFMiU4MCU5OWF1eCUyMGFmZmlsaSVDMyVBOXMlMjAlQzMlQTAlMjBwbGVpbiUyMHRlbXBzJTIwYmllbiUyMGluZm9ybSVDMyVBOXMlMjBldCUyMGxlcyUyMG1vZCVDMyVBOGxlcyUyMCVDMyVBOWNvbm9taXF1ZXMlMjBhdSUyMG5pdmVhdSUyMGQlRTIlODAlOTllbnRyZXByaXNlcy4lMjBBZmluJTIwZCVFMiU4MCU5OSVDMyVBQXRyZSUyMHVuJTIwJUMzJUE5ZGl0ZXVyJTIwaW1wb3J0YW50JTIwYXZlYyUyMHF1aSUyMHRvdXQlMjBhbm5vbmNldXIlMjB2b3VkcmElMjBzJUUyJTgwJTk5YXNzb2NpZXIlMkMlMjB2b3VzJTIwZGV2cmV6JTIwdm9pciUyMGRlJTIwY2UlMjBxdWklMjBzdWl0JTNBJTNDJTJGcCUzRQ==[\/vc_raw_html]<div class=\"space\"><\/div>[vc_row_inner][vc_column_inner width=&#8221;1\/3&#8243;][vc_wp_text title=&#8221;Satisfaire un besoin&#8221;]<\/p>\n<p>Travailler \u00e0 l\u2019atteinte d\u2019un objectif vous permet de continuer \u00e0 satisfaire les besoins de vos visiteurs. Assurez-vous d\u2019avoir un site actif, une banque de donn\u00e9es ou un autre canal pertinent sur des m\u00e9dias sociaux qui g\u00e9n\u00e8rent constamment des nouveaux contenus. \u00c0 mesure que vous \u00e9tendez votre pr\u00e9sence et que votre public s\u2019adapte \u00e0 un ensemble de caract\u00e9ristiques, vous pouvez continuer \u00e0 vous concentrer dans le d\u00e9veloppement du contenu qu\u2019ils cherchent et s\u2019attendent \u00e0 trouver lorsqu\u2019ils vous paient une visite. C\u2019est seulement alors que vous serez en \u00e9tat de trouver des campagnes correspondantes qui convertissent. Vous \u00eates un entrepreneur avec une vision d\u2019avenir qui reste fid\u00e8le \u00e0 son domaine.<\/p>\n<p>[\/vc_wp_text][\/vc_column_inner][vc_column_inner width=&#8221;1\/3&#8243;][vc_wp_text title=&#8221;Une approche cibl\u00e9e&#8221;]<\/p>\n<p>Une fois que vous avez d\u00e9finis le besoin que vous cherchez \u00e0 satisfaire, que ce soit en fournissant des informations \u00e0 de futurs voyageurs, facilitant des \u00e9valuations de produits ou fournissant un syndicataire de produits international, vous devez passer clairement par les suivantes \u00e9tapes : Qui visez-vous ? Que cherchez-vous \u00e0 communiquer ? O\u00f9 les visiteurs trouverons-ils votre contenu ? Comment votre contenu doit-il \u00eatre consomm\u00e9 ? Quel est votre plan pour qu\u2019ils reviennent ? C\u2019est un plan d\u2019affaires que vous \u00e9laborez et il se base sur un d\u00e9veloppement continu et incr\u00e9mental. Vous vous trouvez dans un univers comp\u00e9titif, alors continuez \u00e0 \u00e9voluer.<\/p>\n<p>[\/vc_wp_text][\/vc_column_inner][vc_column_inner width=&#8221;1\/3&#8243;][vc_wp_text title=&#8221;La soif de plus&#8221;]<\/p>\n<p>L\u00e0 o\u00f9 les besoins des consommateurs changent continuellement, il en va de m\u00eame avec le climat d\u2019\u00e9dition. Le besoin constant de contenu dans un environnement \u00e9voluant rapidement, l\u2019exploitation de nouvelles niches et dropportunit\u00e9s, en suivant les m\u00eames \u00e9tapes vers le succ\u00e8s, vous donnent les outils corrects pour devenir un affili\u00e9 TradeTracker et un entrepreneur en ligne \u00e0 succ\u00e8s. Pensez grand, professionnel et pr\u00e9sentez vos concepts en tant que tels \u00e0 vos visiteurs. Ils s\u2019attendent \u00e0 un environnement \u00e9l\u00e9gant, sur la base de leur utilisation quotidienne d\u2019Internet, ne les d\u00e9cevez pas.<br \/>\nPetit ou grand, votre attitude professionnelle sera reconnue, et vous serez un de ces \u00e9diteurs envi\u00e9s.<\/p>\n<p>[\/vc_wp_text][\/vc_column_inner][\/vc_row_inner][\/vc_column][\/vc_row][vc_row classes=&#8221;cta ctamerch&#8221; el_id=&#8221;pubcta&#8221;][vc_column]<div class=\"row\"><div class=\"vc_col-sm-12\"><h2 class=\"get_started\" style=\"color:#ffffff\">Pr\u00eat \u00e0 passer \u00e0 la suivante \u00e9tape?<\/h2><p style=\"color:#ffffff\">Nous sommes une \u00e9quipe accros \u00e0 l\u2019affiliation, ax\u00e9s sur les r\u00e9sultats, d\u00e9vou\u00e9s \u00e0 la performance et cherchant toujours \u00e0 rendre le monde de la publicit\u00e9 un meilleur endroit. Ouvrez-vous et apprenez comment nous pouvons vous aider \u00e0 cr\u00e9er un plan rentable.<\/p>        <ul class=\"cta-items\">\r\n                        <li>\r\n                <a                    class=\"cta-advertiser-signup\"                                      href=\"https:\/\/affiliate.tradetracker.com\/signup\/step1?loc=fr_FR\"                                   >\r\n                    Enregistrement comme \u00e9diteur                <\/a>\r\n            <\/li>\r\n                        \r\n                        <li>\r\n                <a                    class=\"cta-advertiser-signup\"                                      href=\"\/cafr\/editeurs\/\"                                   >\r\n                    Plus d\u2019informations                <\/a>\r\n            <\/li>\r\n                    <\/ul>\r\n        <\/div><\/div>[\/vc_column][\/vc_row]<\/p>\n<\/div>","protected":false},"excerpt":{"rendered":"<p>[vc_row classes=&#8221; static-page-intro pub-requirements&#8221;][vc_column][\/vc_column][\/vc_row][vc_row classes=&#8221;bg-pattern&#8221;][vc_column][vc_raw_html]JTNDcCUyMGNsYXNzJTNEJTIyaGVhZGxpbmUtcGFyYWdyYXBoJTIyJTNFQ2hleiUyMFRyYWRlVHJhY2tlciUyQyUyMG5vdXMlMjBzb21tZXMlMjBoZXVyZXV4JTIwZGUlMjB0cmF2YWlsbGVyJTIwYXZlYyUyMHRvdXQlMjAlQzMlQTlkaXRldXIlMjBlbmdhZyVDMyVBOSUyQyUyMGRlcHVpcyUyMGxlcyUyMGQlQzMlQTlidXRzJTIwZGUlMjBkJUMzJUE5dmVsb3BwZW1lbnQlMjBqdXNxdSVFMiU4MCU5OWF1eCUyMGFmZmlsaSVDMyVBOXMlMjAlQzMlQTAlMjBwbGVpbiUyMHRlbXBzJTIwYmllbiUyMGluZm9ybSVDMyVBOXMlMjBldCUyMGxlcyUyMG1vZCVDMyVBOGxlcyUyMCVDMyVBOWNvbm9taXF1ZXMlMjBhdSUyMG5pdmVhdSUyMGQlRTIlODAlOTllbnRyZXByaXNlcy4lMjBBZmluJTIwZCVFMiU4MCU5OSVDMyVBQXRyZSUyMHVuJTIwJUMzJUE5ZGl0ZXVyJTIwaW1wb3J0YW50JTIwYXZlYyUyMHF1aSUyMHRvdXQlMjBhbm5vbmNldXIlMjB2b3VkcmElMjBzJUUyJTgwJTk5YXNzb2NpZXIlMkMlMjB2b3VzJTIwZGV2cmV6JTIwdm9pciUyMGRlJTIwY2UlMjBxdWklMjBzdWl0JTNBJTNDJTJGcCUzRQ==[\/vc_raw_html][vc_row_inner][vc_column_inner width=&#8221;1\/3&#8243;][vc_wp_text title=&#8221;Satisfaire un besoin&#8221;] Travailler \u00e0 l\u2019atteinte d\u2019un objectif vous permet de continuer \u00e0 satisfaire les besoins de vos visiteurs. Assurez-vous d\u2019avoir un site actif, une banque de donn\u00e9es ou un autre canal pertinent sur des m\u00e9dias sociaux qui g\u00e9n\u00e8rent constamment des nouveaux contenus. \u00c0 mesure que vous \u00e9tendez votre  [&#8230;]<\/p>\n","protected":false},"author":69,"featured_media":0,"parent":0,"menu_order":0,"comment_status":"closed","ping_status":"closed","template":"","meta":{"inline_featured_image":false,"_monsterinsights_skip_tracking":false,"_monsterinsights_sitenote_active":false,"_monsterinsights_sitenote_note":"","_monsterinsights_sitenote_category":0,"footnotes":""},"class_list":["post-1112811","page","type-page","status-publish","hentry"],"yoast_head":"<!-- This site is optimized with the Yoast SEO Premium plugin v27.0 (Yoast SEO v27.0) - https:\/\/yoast.com\/product\/yoast-seo-premium-wordpress\/ -->\n<title>Qualification des Editeurs - TradeTracker.com | Affiliate Marketing | Performance Marketing<\/title>\n<meta name=\"description\" content=\"QUALIFICATIONS D\u2019EDITEURSTo ensure our network retains its integrity, there are a few qualities we like our new members possess. Nous avons \u00e9num\u00e9r\u00e9 les qualit\u00e9s principales qui assureront que vous \u00eates un candidat\" \/>\n<meta name=\"robots\" content=\"index, follow, max-snippet:-1, max-image-preview:large, max-video-preview:-1\" \/>\n<link rel=\"canonical\" href=\"https:\/\/tradetracker.com\/cafr\/wp-json\/wp\/v2\/pages\/1112811\/\" \/>\n<meta property=\"og:locale\" content=\"fr_FR\" \/>\n<meta property=\"og:type\" content=\"article\" \/>\n<meta property=\"og:title\" content=\"Qualification des Editeurs TradeTracker.com\" \/>\n<meta property=\"og:description\" content=\"QUALIFICATIONS D\u2019EDITEURSTo ensure our network retains its\" \/>\n<meta property=\"og:url\" content=\"https:\/\/tradetracker.com\/cafr\/qualifications-editeurs\/\" \/>\n<meta property=\"og:site_name\" content=\"TradeTracker.com | Affiliate Marketing | Performance Marketing\" \/>\n<meta property=\"article:publisher\" content=\"https:\/\/www.facebook.com\/tradetrackercom\" \/>\n<meta property=\"article:modified_time\" content=\"2022-10-23T11:58:54+00:00\" \/>\n<meta property=\"og:image\" content=\"https:\/\/tradetracker.com\/wp-content\/uploads\/2019\/12\/tradetracker-logo-square.png\" \/>\n\t<meta property=\"og:image:width\" content=\"250\" \/>\n\t<meta property=\"og:image:height\" content=\"250\" \/>\n\t<meta property=\"og:image:type\" content=\"image\/png\" \/>\n<meta name=\"twitter:card\" content=\"summary_large_image\" \/>\n<meta name=\"twitter:title\" content=\"Qualification des Editeurs\" \/>\n<meta name=\"twitter:description\" content=\"QUALIFICATIONS D\u2019EDITEURSTo ensure our network retains its integrity, there are a few qualities we like our new members \" \/>\n<meta name=\"twitter:image\" content=\"https:\/\/tradetracker.com\/assets\/tt-circles.png\" \/>\n<meta name=\"twitter:site\" content=\"@tradetrackercom\" \/>\n<meta name=\"twitter:label1\" content=\"Est. reading time\" \/>\n\t<meta name=\"twitter:data1\" content=\"3 minutes\" \/>\n<script type=\"application\/ld+json\" class=\"yoast-schema-graph\">{\"@context\":\"https:\/\/schema.org\",\"@graph\":[{\"@type\":\"WebPage\",\"@id\":\"https:\/\/tradetracker.com\/cafr\/qualifications-editeurs\/\",\"url\":\"https:\/\/tradetracker.com\/cafr\/qualifications-editeurs\/\",\"name\":\"Qualification des Editeurs - TradeTracker.com | Affiliate Marketing | Performance Marketing\",\"isPartOf\":{\"@id\":\"https:\/\/tradetracker.com\/cafr\/#website\"},\"datePublished\":\"2016-12-25T09:57:41+00:00\",\"dateModified\":\"2022-10-23T11:58:54+00:00\",\"breadcrumb\":{\"@id\":\"https:\/\/tradetracker.com\/cafr\/qualifications-editeurs\/#breadcrumb\"},\"inLanguage\":\"fr-CA\",\"potentialAction\":[{\"@type\":\"ReadAction\",\"target\":[\"https:\/\/tradetracker.com\/cafr\/qualifications-editeurs\/\"]}]},{\"@type\":\"BreadcrumbList\",\"@id\":\"https:\/\/tradetracker.com\/cafr\/qualifications-editeurs\/#breadcrumb\",\"itemListElement\":[{\"@type\":\"ListItem\",\"position\":1,\"name\":\"Home\",\"item\":\"https:\/\/tradetracker.com\/cafr\/\"},{\"@type\":\"ListItem\",\"position\":2,\"name\":\"Qualification des Editeurs\"}]},{\"@type\":\"WebSite\",\"@id\":\"https:\/\/tradetracker.com\/cafr\/#website\",\"url\":\"https:\/\/tradetracker.com\/cafr\/\",\"name\":\"TradeTracker.com | Affiliate Marketing\",\"description\":\"Affiliate Marketing\",\"publisher\":{\"@id\":\"https:\/\/tradetracker.com\/cafr\/#organization\"},\"potentialAction\":[{\"@type\":\"SearchAction\",\"target\":{\"@type\":\"EntryPoint\",\"urlTemplate\":\"https:\/\/tradetracker.com\/cafr\/?s={search_term_string}\"},\"query-input\":{\"@type\":\"PropertyValueSpecification\",\"valueRequired\":true,\"valueName\":\"search_term_string\"}}],\"inLanguage\":\"fr-CA\"},{\"@type\":\"Organization\",\"@id\":\"https:\/\/tradetracker.com\/cafr\/#organization\",\"name\":\"TradeTracker FZ LLC\",\"url\":\"https:\/\/tradetracker.com\/cafr\/\",\"logo\":{\"@type\":\"ImageObject\",\"inLanguage\":\"fr-CA\",\"@id\":\"https:\/\/tradetracker.com\/cafr\/#\/schema\/logo\/image\/\",\"url\":\"https:\/\/tradetracker.com\/wp-content\/uploads\/2019\/04\/tradetracker-logo_1.jpg\",\"contentUrl\":\"https:\/\/tradetracker.com\/wp-content\/uploads\/2019\/04\/tradetracker-logo_1.jpg\",\"width\":672,\"height\":109,\"caption\":\"TradeTracker FZ LLC\"},\"image\":{\"@id\":\"https:\/\/tradetracker.com\/cafr\/#\/schema\/logo\/image\/\"},\"sameAs\":[\"https:\/\/www.facebook.com\/tradetrackercom\",\"https:\/\/x.com\/tradetrackercom\",\"https:\/\/www.linkedin.com\/company\/tradetrackercom\",\"https:\/\/www.youtube.com\/channel\/UCHiq-oir3qOorxO-8nLjIcQ\"],\"description\":\"TradeTracker is a global affiliate marketing platform that connects advertisers and publishers to create successful online campaigns. With its user-friendly interface, advanced tracking technology, and real-time reporting, TradeTracker provides the tools to optimize performance and boost conversions. Operating in over 20 countries, TradeTracker is renowned for its transparency, innovative solutions, and personalized support. It has been consistently chosen as the leading affiliate network worldwide, a testament to its excellence in the industry. Advertisers benefit from access to a vast network of publishers, while publishers enjoy a diverse range of campaigns and attractive earning opportunities. The platform continues to revolutionize the affiliate marketing industry with technologies like Real Attribution, ensuring fair commission distribution. TradeTracker empowers businesses to achieve their online no cure no pay advertising goals efficiently and effectively. With superior technology, unparalleled customer service, and innovative solutions, TradeTracker consistently outperforms competitors like Awin, TradeDoubler, CJ, and Webgains, making it the preferred choice for advertisers and publishers worldwide.\",\"legalName\":\"TradeTracker.com\",\"foundingDate\":\"2004-03-05\",\"numberOfEmployees\":{\"@type\":\"QuantitativeValue\",\"minValue\":\"201\",\"maxValue\":\"500\"}}]}<\/script>\n<!-- \/ Yoast SEO Premium plugin. -->","yoast_head_json":{"title":"Qualification des Editeurs - TradeTracker.com | Affiliate Marketing | Performance Marketing","description":"QUALIFICATIONS D\u2019EDITEURSTo ensure our network retains its integrity, there are a few qualities we like our new members possess. Nous avons \u00e9num\u00e9r\u00e9 les qualit\u00e9s principales qui assureront que vous \u00eates un candidat","robots":{"index":"index","follow":"follow","max-snippet":"max-snippet:-1","max-image-preview":"max-image-preview:large","max-video-preview":"max-video-preview:-1"},"canonical":"https:\/\/tradetracker.com\/cafr\/wp-json\/wp\/v2\/pages\/1112811\/","og_locale":"fr_FR","og_type":"article","og_title":"Qualification des Editeurs TradeTracker.com","og_description":"QUALIFICATIONS D\u2019EDITEURSTo ensure our network retains its","og_url":"https:\/\/tradetracker.com\/cafr\/qualifications-editeurs\/","og_site_name":"TradeTracker.com | Affiliate Marketing | Performance Marketing","article_publisher":"https:\/\/www.facebook.com\/tradetrackercom","article_modified_time":"2022-10-23T11:58:54+00:00","og_image":[{"width":250,"height":250,"url":"https:\/\/tradetracker.com\/wp-content\/uploads\/2019\/12\/tradetracker-logo-square.png","type":"image\/png"}],"twitter_card":"summary_large_image","twitter_title":"Qualification des Editeurs","twitter_description":"QUALIFICATIONS D\u2019EDITEURSTo ensure our network retains its integrity, there are a few qualities we like our new members ","twitter_image":"https:\/\/tradetracker.com\/assets\/tt-circles.png","twitter_site":"@tradetrackercom","twitter_misc":{"Est. reading time":"3 minutes"},"schema":{"@context":"https:\/\/schema.org","@graph":[{"@type":"WebPage","@id":"https:\/\/tradetracker.com\/cafr\/qualifications-editeurs\/","url":"https:\/\/tradetracker.com\/cafr\/qualifications-editeurs\/","name":"Qualification des Editeurs - TradeTracker.com | Affiliate Marketing | Performance Marketing","isPartOf":{"@id":"https:\/\/tradetracker.com\/cafr\/#website"},"datePublished":"2016-12-25T09:57:41+00:00","dateModified":"2022-10-23T11:58:54+00:00","breadcrumb":{"@id":"https:\/\/tradetracker.com\/cafr\/qualifications-editeurs\/#breadcrumb"},"inLanguage":"fr-CA","potentialAction":[{"@type":"ReadAction","target":["https:\/\/tradetracker.com\/cafr\/qualifications-editeurs\/"]}]},{"@type":"BreadcrumbList","@id":"https:\/\/tradetracker.com\/cafr\/qualifications-editeurs\/#breadcrumb","itemListElement":[{"@type":"ListItem","position":1,"name":"Home","item":"https:\/\/tradetracker.com\/cafr\/"},{"@type":"ListItem","position":2,"name":"Qualification des Editeurs"}]},{"@type":"WebSite","@id":"https:\/\/tradetracker.com\/cafr\/#website","url":"https:\/\/tradetracker.com\/cafr\/","name":"TradeTracker.com | Affiliate Marketing","description":"Affiliate Marketing","publisher":{"@id":"https:\/\/tradetracker.com\/cafr\/#organization"},"potentialAction":[{"@type":"SearchAction","target":{"@type":"EntryPoint","urlTemplate":"https:\/\/tradetracker.com\/cafr\/?s={search_term_string}"},"query-input":{"@type":"PropertyValueSpecification","valueRequired":true,"valueName":"search_term_string"}}],"inLanguage":"fr-CA"},{"@type":"Organization","@id":"https:\/\/tradetracker.com\/cafr\/#organization","name":"TradeTracker FZ LLC","url":"https:\/\/tradetracker.com\/cafr\/","logo":{"@type":"ImageObject","inLanguage":"fr-CA","@id":"https:\/\/tradetracker.com\/cafr\/#\/schema\/logo\/image\/","url":"https:\/\/tradetracker.com\/wp-content\/uploads\/2019\/04\/tradetracker-logo_1.jpg","contentUrl":"https:\/\/tradetracker.com\/wp-content\/uploads\/2019\/04\/tradetracker-logo_1.jpg","width":672,"height":109,"caption":"TradeTracker FZ LLC"},"image":{"@id":"https:\/\/tradetracker.com\/cafr\/#\/schema\/logo\/image\/"},"sameAs":["https:\/\/www.facebook.com\/tradetrackercom","https:\/\/x.com\/tradetrackercom","https:\/\/www.linkedin.com\/company\/tradetrackercom","https:\/\/www.youtube.com\/channel\/UCHiq-oir3qOorxO-8nLjIcQ"],"description":"TradeTracker is a global affiliate marketing platform that connects advertisers and publishers to create successful online campaigns. With its user-friendly interface, advanced tracking technology, and real-time reporting, TradeTracker provides the tools to optimize performance and boost conversions. Operating in over 20 countries, TradeTracker is renowned for its transparency, innovative solutions, and personalized support. It has been consistently chosen as the leading affiliate network worldwide, a testament to its excellence in the industry. Advertisers benefit from access to a vast network of publishers, while publishers enjoy a diverse range of campaigns and attractive earning opportunities. The platform continues to revolutionize the affiliate marketing industry with technologies like Real Attribution, ensuring fair commission distribution. TradeTracker empowers businesses to achieve their online no cure no pay advertising goals efficiently and effectively. With superior technology, unparalleled customer service, and innovative solutions, TradeTracker consistently outperforms competitors like Awin, TradeDoubler, CJ, and Webgains, making it the preferred choice for advertisers and publishers worldwide.","legalName":"TradeTracker.com","foundingDate":"2004-03-05","numberOfEmployees":{"@type":"QuantitativeValue","minValue":"201","maxValue":"500"}}]}},"_links":{"self":[{"href":"https:\/\/tradetracker.com\/cafr\/wp-json\/wp\/v2\/pages\/1112811","targetHints":{"allow":["GET"]}}],"collection":[{"href":"https:\/\/tradetracker.com\/cafr\/wp-json\/wp\/v2\/pages"}],"about":[{"href":"https:\/\/tradetracker.com\/cafr\/wp-json\/wp\/v2\/types\/page"}],"author":[{"embeddable":true,"href":"https:\/\/tradetracker.com\/cafr\/wp-json\/wp\/v2\/users\/69"}],"replies":[{"embeddable":true,"href":"https:\/\/tradetracker.com\/cafr\/wp-json\/wp\/v2\/comments?post=1112811"}],"version-history":[{"count":0,"href":"https:\/\/tradetracker.com\/cafr\/wp-json\/wp\/v2\/pages\/1112811\/revisions"}],"wp:attachment":[{"href":"https:\/\/tradetracker.com\/cafr\/wp-json\/wp\/v2\/media?parent=1112811"}],"curies":[{"name":"wp","href":"https:\/\/api.w.org\/{rel}","templated":true}]}}