{"id":1112822,"date":"2016-12-12T11:52:36","date_gmt":"2016-12-12T11:52:36","guid":{"rendered":"https:\/\/tradetracker.com\/shopping\/"},"modified":"2022-10-22T08:37:33","modified_gmt":"2022-10-22T08:37:33","slug":"shopping","status":"publish","type":"page","link":"https:\/\/tradetracker.com\/cafr\/annonceurs\/shopping\/","title":{"rendered":"Shopping"},"content":{"rendered":"<div class=\"wpb-content-wrapper\"><p>[vc_row css=&#8221;.vc_custom_1607985123207{background-color: #f79737 !important;}&#8221; classes=&#8221;tt-single-industry tt-shopping&#8221;][vc_column]<div class=\"row\"><div class=\"vc_col-sm-12\"><div class=\" static-page-intro-text \" style=\"width: 75%\"><h1  style=\"color: #ffffff\" class=\"\">SHOPPING<\/h1><h2  style=\"color: #ffffff\" class=\"\">Renforcer les achats en associant les \u00e9diteurs et annonceurs corrects pour offrir des produits que le client recherche. Muni d\u2019une \u00e9quipe de gestionnaires de comptes qui connait tous les d\u00e9tails du shopping en ligne et qui a de l\u2019exp\u00e9rience dans le perfectionnement d\u2019une campagne avec un public cible en t\u00eate.<\/h2><\/div>\r\n        <\/div>\r\n    <\/div>[\/vc_column][\/vc_row][vc_row][vc_column]<div class=\"row tt-industries-page\"><div class='vc_col-sm-3' id='sidebar'><h4 class=\"lined-section\">Industries<\/h4><div class=\"widget_nav_menu\"><ul class=\"menu\"><li><a class=\"industries-back\" href=\"https:\/\/tradetracker.com\/cafr\/#section-industries\/\">\u2190 Back to Industry Home<\/a><\/li><li><a href='https:\/\/tradetracker.com\/cafr\/annonceurs\/shopping\/' class=''>Shopping<\/a><\/li><li><a href='https:\/\/tradetracker.com\/cafr\/annonceurs\/finance\/' class=''>Finance<\/a><\/li><li><a href='https:\/\/tradetracker.com\/cafr\/annonceurs\/services\/' class=''>Services<\/a><\/li><li><a href='https:\/\/tradetracker.com\/cafr\/annonceurs\/telecom\/' class=''>T\u00e9l\u00e9communications<\/a><\/li><li><a href='https:\/\/tradetracker.com\/cafr\/annonceurs\/travel\/' class=''>Travel<\/a><\/li><\/ul><\/div>\r\n    <\/div><div class=\"vc_col-sm-9\">\r\n                <div class=\"vc_col-sm-12\">\r\n                    <ul class=\"industry-list \"><li><h2>Adultes<\/h2><p>Nous accueillons les fournisseurs de ceux qui cherchent \u00e0 \u00e9picer les activit\u00e9s dans la chambre \u00e0 coucher, animant leur capacit\u00e9 \u00e0 atteindre un public qui est \u00e0 l\u2019aise dans l\u2019intim\u00e9 de leur propre maison.<\/p><\/li><li><h2>Aliments &#038; Boissons<\/h2><p>Restauration, nutrition, vente \u00e0 emporter, organique, alcool et tous les autres fournisseurs de gourmandises utilisent notre plateforme pour adresser des invitations \u00e0 ceux qui cherchent \u00e0 satisfaire un besoin humain tout en pensant au plaisir.<\/p><\/li><li><h2>Animaux<\/h2><p>Nos amis \u00e0 quatre pattes, \u00e0 nageoires, \u00e0 plumes et les autres verront tous leurs besoins pourvus par nos clients et ils ont tous des r\u00e9sultats consistants en ligne dans l\u2019approvisionnement des membres les plus importants du m\u00e9nage.<\/p><\/li><li><h2>Appareils m\u00e9nagers<\/h2><p>Pour ceux qui aiment avoir une maison compl\u00e8te, fonctionnelle et pratique, avec tous les composants qui la rendent confortable, nous pouvons afficher vos produits comme \u00e9tant les n\u00e9cessit\u00e9s pour la maison de votre public.<\/p><\/li><li><h2>Art &#038; Vivre<\/h2><p>En habillant m\u00eame le plus insipide des espaces et en cr\u00e9ant quelque chose \u00e0 admirer, c\u2019est facile d\u2019\u00e9tendre votre port\u00e9e aux personnes ayant un \u0153il pour l\u2019esth\u00e9tique.<\/p><\/li><li><h2>Articles de f\u00eate<\/h2><p>Fournissant les pi\u00e8ces importantes pour toutes les occasions, les clients que nous h\u00e9bergeons peuvent r\u00e9pondre \u00e0 une vari\u00e9t\u00e9 de th\u00e8mes et de travaillent avec l\u2019h\u00f4te pour assurer que tout le monde passera un agr\u00e9able moment.<\/p><\/li><li><h2>Autres<\/h2><p>Avec l\u2019h\u00e9bergement d\u2019un \u00e9ventail d\u2019\u00e9diteurs aussi large, vous aurez du mal \u00e0 trouver une industrie \u00e0 laquelle nous ne pourvoyons pas. Peu importe la situation, nous avons un ensemble de clients tellement vari\u00e9 que nous sommes s\u00fbrs d\u2019avoir une liste de partenaires appropri\u00e9s pour vos besoins.<\/p><\/li><li><h2>Bateaux &#038; V\u00e9hicules nautiques<\/h2><p>Les amateurs de sports aquatiques approchent nos clients en ligne pour toutes les choses importantes concernant leur exp\u00e9rience dans l\u2019eau et pour qu\u2019ils restent engag\u00e9s.<\/p><\/li><li><h2>B\u00e9b\u00e9s &#038; Enfants<\/h2><p>Les premi\u00e8res ann\u00e9es formatives sont importantes, et nous r\u00e9pondons aux besoins des entreprises qui rendent le travail des parents plus facile en leurs fournissant le n\u00e9cessaire.<\/p><\/li><li><h2>Bureau<\/h2><p>R\u00e9pondant aux besoins de l\u2019espace de travail professionnel et assurant qu\u2019il fonctionne aussi efficacement que possible, nous donnons \u00e0 une vari\u00e9t\u00e9 de clients la capacit\u00e9 de souligner leurs produits en ligne avec une s\u00e9rie de partenaires r\u00e9put\u00e9s.<\/p><\/li><li><h2>Cadeaux &#038; Gadgets<\/h2><p>Surprendre quelqu\u2019un avec un cadeau est un moyen s\u00fbr d\u2019entrer dans leur bonne gr\u00e2ce, nous permettons \u00e0 vos consommateurs de voir ce que vous avec \u00e0 offrir et de les aider \u00e0 mettre un sourire sur le visage d\u2019une personne aim\u00e9e.<\/p><\/li><li><h2>Famille<\/h2><p>En assurant que le temps avec les \u00eatres chers est bien utilis\u00e9, nous avons acquis un \u00e9ventail de clients qui fournissent l\u2019opportunit\u00e9 de vivre des exp\u00e9riences m\u00e9morables pour tous les types de familles.<\/p><\/li><li><h2>Grands magasins<\/h2><p>Nos partenaires avec des magasins physiques reconnaissent le monde en ligne comme \u00e9tant un moyen important autant pour r\u00e9aliser des ventes que pour attirer des consommateurs dans leurs magasins.<\/p><\/li><li><h2>Hobby &#038; Loisirs<\/h2><p>Des personnes avec la passion pour s\u2019engager dans quelque chose qu\u2019ils aiment vraiment. Avec notre r\u00e9seau, il n\u2019est pas difficile de capter leur attention, de les encourager \u00e0 am\u00e9liorer leurs capacit\u00e9s et de renforcer leur plaisir.<\/p><\/li><li><h2>Jeux &#038; Amusements<\/h2><p>Nous comptons un large nombre de soci\u00e9t\u00e9s cherchant \u00e0 dynamiser et d\u00e9fier leurs clients \u00e0 travers des comp\u00e9titions contre eux-m\u00eames et d\u2019autres.<\/p><\/li><li><h2>Jouets<\/h2><p>Il y a peu de choses plus pr\u00e9cieuses qu\u2019un sourire sur le visage de votre enfant et des jouets ont \u00e9t\u00e9 un moyen constant d\u2019en gagner un. Notre logiciel vous aidera \u00e0 naviguer parmi tous les annonceurs afin de trouver le site avec lesquel vous aller attirer un l\u2019attention.<\/p><\/li><li><h2>Livres, Documents &#038; Journaux<\/h2><p>Une biblioth\u00e8que qui n\u2019a pas de fin, nos partenaires en ligne abritent toutes les pi\u00e8ces de litt\u00e9rature et de journalisme dont vous pourriez r\u00eaver et sont une source constante d\u2019inspiration et un moyen de rester \u00e0 jour.<\/p><\/li><li><h2>Maison &#038; Jardin<\/h2><p>Dans la cr\u00e9ation d\u2019un espace pour vivre qui soit agr\u00e9able aussi bien \u00e0 l\u2019int\u00e9rieur qu\u2019\u00e0 l\u2019ext\u00e9rieur, tout tourne autour de vos produits et des b\u00e9n\u00e9fices r\u00e9els qu\u2019ils peuvent apporter, puis de les exhiber avec quelqu\u2019un qui sait ce qui motive un public \u00e0 les acheter.<\/p><\/li><li><h2>Mat\u00e9riels &#038; Logiciels<\/h2><p>Notre \u00e9quipe de gestionnaires de comptes est munie des connaissances n\u00e9cessaires pour attirer l\u2019attention de ceux dans le march\u00e9 des ordinateurs et de leurs accessoires.<\/p><\/li><li><h2>Mode &#038; Bijoux<\/h2><p>Des gourous du style prestigieux et visionnaires utilisent notre r\u00e9seau pour atteindre des personnes qui pr\u00eatent attention aux d\u00e9tails et nous les connectons avec ceux qui cherchent \u00e0 compl\u00e9ter leur garde-robe.<\/p><\/li><li><h2>Musique &#038; Vid\u00e9os<\/h2><p>Octroyant aux fournisseurs de m\u00e9dias les outils et techniques pour atteindre ceux qui s\u2019int\u00e9ressent \u00e0 leurs produits, notre \u00e9quipe travaille avec les derni\u00e8res tendances qui assurent que votre publicit\u00e9 en ligne se distingue du reste.<\/p><\/li><li><h2>Offres quotidiennes &#038; Tarifs de groupe<\/h2><p>Offrant quelques-unes des meilleurs offres sur Internet, nos clients permettent \u00e0 des clients de saisir ce dont ils ont besoin et d\u2019organiser des \u00e9v\u00e9nements \u00e0 des prix justes.<\/p><\/li><li><h2>Sant\u00e9 &#038; Beaut\u00e9<\/h2><p>Contribuant \u00e0 la capacit\u00e9 des gents de se sentir bien et de le montrer, notre plateforme est indispensable pour atteindre ceux avec le pouvoir d\u2019influencer les habitudes d\u2019achat des personnes qui prennent soin de leur corps.<\/p><\/li><li><h2>Voitures, Motocyclette &#038; Motos<\/h2><p>Pour les passionn\u00e9s ou pour ceux qui s\u2019int\u00e9ressent juste \u00e0 aller de A \u00e0 B, nous h\u00e9bergeons une vari\u00e9t\u00e9 de sites d\u00e9di\u00e9s \u00e0 assurer qu\u2019ils sont \u00e9quip\u00e9s pour leurs voyages.<\/p><\/li><\/ul><\/div><\/div><\/div>[\/vc_column][\/vc_row]<\/p>\n<\/div>","protected":false},"excerpt":{"rendered":"<p>[vc_row css=&#8221;.vc_custom_1607985123207{background-color: #f79737 !important;}&#8221; classes=&#8221;tt-single-industry tt-shopping&#8221;][vc_column][\/vc_column][\/vc_row][vc_row][vc_column][\/vc_column][\/vc_row]<\/p>\n","protected":false},"author":69,"featured_media":0,"parent":1112834,"menu_order":0,"comment_status":"closed","ping_status":"closed","template":"","meta":{"inline_featured_image":false,"_monsterinsights_skip_tracking":false,"_monsterinsights_sitenote_active":false,"_monsterinsights_sitenote_note":"","_monsterinsights_sitenote_category":0,"footnotes":""},"class_list":["post-1112822","page","type-page","status-publish","hentry"],"yoast_head":"<!-- This site is optimized with the Yoast SEO Premium plugin v27.0 (Yoast SEO v27.0) - https:\/\/yoast.com\/product\/yoast-seo-premium-wordpress\/ -->\n<title>Shopping - TradeTracker.com | Affiliate Marketing | Performance Marketing<\/title>\n<meta name=\"description\" content=\"Pour les passionn\u00e9s ou pour ceux qui s\u2019int\u00e9ressent juste \u00e0 aller de A \u00e0 B, nous h\u00e9bergeons une vari\u00e9t\u00e9 de sites d\u00e9di\u00e9s \u00e0 assurer qu\u2019ils sont \u00e9quip\u00e9s pour leurs voyages.\" \/>\n<meta name=\"robots\" content=\"index, follow, max-snippet:-1, max-image-preview:large, max-video-preview:-1\" \/>\n<link rel=\"canonical\" href=\"https:\/\/tradetracker.com\/cafr\/wp-json\/wp\/v2\/pages\/1112822\/\" \/>\n<meta property=\"og:locale\" content=\"fr_FR\" \/>\n<meta property=\"og:type\" content=\"article\" \/>\n<meta property=\"og:title\" content=\"Shopping\" \/>\n<meta property=\"og:description\" content=\"[vc_row css=&#8221;.vc_custom_1607985123207{background-color: #f79737 !important;}&#8221; classes=&#8221;tt-single-industry tt-shopping&#8221;][vc_column][\/vc_column][\/vc_row][vc_row][vc_column][\/vc_column][\/vc_row]\" \/>\n<meta property=\"og:url\" content=\"https:\/\/tradetracker.com\/cafr\/annonceurs\/shopping\/\" \/>\n<meta property=\"og:site_name\" content=\"TradeTracker.com | Affiliate Marketing | Performance Marketing\" \/>\n<meta property=\"article:publisher\" content=\"https:\/\/www.facebook.com\/tradetrackercom\" \/>\n<meta property=\"article:modified_time\" content=\"2022-10-22T08:37:33+00:00\" \/>\n<meta property=\"og:image\" content=\"https:\/\/tradetracker.com\/wp-content\/uploads\/2019\/12\/tradetracker-logo-square.png\" \/>\n\t<meta property=\"og:image:width\" content=\"250\" \/>\n\t<meta property=\"og:image:height\" content=\"250\" \/>\n\t<meta property=\"og:image:type\" content=\"image\/png\" \/>\n<meta name=\"twitter:card\" content=\"summary_large_image\" \/>\n<meta name=\"twitter:site\" content=\"@tradetrackercom\" \/>\n<meta name=\"twitter:label1\" content=\"Est. reading time\" \/>\n\t<meta name=\"twitter:data1\" content=\"1 minute\" \/>\n<script type=\"application\/ld+json\" class=\"yoast-schema-graph\">{\"@context\":\"https:\/\/schema.org\",\"@graph\":[{\"@type\":\"WebPage\",\"@id\":\"https:\/\/tradetracker.com\/cafr\/annonceurs\/shopping\/\",\"url\":\"https:\/\/tradetracker.com\/cafr\/annonceurs\/shopping\/\",\"name\":\"Shopping - TradeTracker.com | Affiliate Marketing | Performance Marketing\",\"isPartOf\":{\"@id\":\"https:\/\/tradetracker.com\/cafr\/#website\"},\"datePublished\":\"2016-12-12T11:52:36+00:00\",\"dateModified\":\"2022-10-22T08:37:33+00:00\",\"breadcrumb\":{\"@id\":\"https:\/\/tradetracker.com\/cafr\/annonceurs\/shopping\/#breadcrumb\"},\"inLanguage\":\"fr-CA\",\"potentialAction\":[{\"@type\":\"ReadAction\",\"target\":[\"https:\/\/tradetracker.com\/cafr\/annonceurs\/shopping\/\"]}]},{\"@type\":\"BreadcrumbList\",\"@id\":\"https:\/\/tradetracker.com\/cafr\/annonceurs\/shopping\/#breadcrumb\",\"itemListElement\":[{\"@type\":\"ListItem\",\"position\":1,\"name\":\"Home\",\"item\":\"https:\/\/tradetracker.com\/cafr\/\"},{\"@type\":\"ListItem\",\"position\":2,\"name\":\"Annonceurs\",\"item\":\"https:\/\/tradetracker.com\/cafr\/annonceurs\/\"},{\"@type\":\"ListItem\",\"position\":3,\"name\":\"Shopping\"}]},{\"@type\":\"WebSite\",\"@id\":\"https:\/\/tradetracker.com\/cafr\/#website\",\"url\":\"https:\/\/tradetracker.com\/cafr\/\",\"name\":\"TradeTracker.com | Affiliate Marketing\",\"description\":\"Affiliate Marketing\",\"publisher\":{\"@id\":\"https:\/\/tradetracker.com\/cafr\/#organization\"},\"potentialAction\":[{\"@type\":\"SearchAction\",\"target\":{\"@type\":\"EntryPoint\",\"urlTemplate\":\"https:\/\/tradetracker.com\/cafr\/?s={search_term_string}\"},\"query-input\":{\"@type\":\"PropertyValueSpecification\",\"valueRequired\":true,\"valueName\":\"search_term_string\"}}],\"inLanguage\":\"fr-CA\"},{\"@type\":\"Organization\",\"@id\":\"https:\/\/tradetracker.com\/cafr\/#organization\",\"name\":\"TradeTracker FZ LLC\",\"url\":\"https:\/\/tradetracker.com\/cafr\/\",\"logo\":{\"@type\":\"ImageObject\",\"inLanguage\":\"fr-CA\",\"@id\":\"https:\/\/tradetracker.com\/cafr\/#\/schema\/logo\/image\/\",\"url\":\"https:\/\/tradetracker.com\/wp-content\/uploads\/2019\/04\/tradetracker-logo_1.jpg\",\"contentUrl\":\"https:\/\/tradetracker.com\/wp-content\/uploads\/2019\/04\/tradetracker-logo_1.jpg\",\"width\":672,\"height\":109,\"caption\":\"TradeTracker FZ LLC\"},\"image\":{\"@id\":\"https:\/\/tradetracker.com\/cafr\/#\/schema\/logo\/image\/\"},\"sameAs\":[\"https:\/\/www.facebook.com\/tradetrackercom\",\"https:\/\/x.com\/tradetrackercom\",\"https:\/\/www.linkedin.com\/company\/tradetrackercom\",\"https:\/\/www.youtube.com\/channel\/UCHiq-oir3qOorxO-8nLjIcQ\"],\"description\":\"TradeTracker is a global affiliate marketing platform that connects advertisers and publishers to create successful online campaigns. With its user-friendly interface, advanced tracking technology, and real-time reporting, TradeTracker provides the tools to optimize performance and boost conversions. Operating in over 20 countries, TradeTracker is renowned for its transparency, innovative solutions, and personalized support. It has been consistently chosen as the leading affiliate network worldwide, a testament to its excellence in the industry. Advertisers benefit from access to a vast network of publishers, while publishers enjoy a diverse range of campaigns and attractive earning opportunities. The platform continues to revolutionize the affiliate marketing industry with technologies like Real Attribution, ensuring fair commission distribution. TradeTracker empowers businesses to achieve their online no cure no pay advertising goals efficiently and effectively. With superior technology, unparalleled customer service, and innovative solutions, TradeTracker consistently outperforms competitors like Awin, TradeDoubler, CJ, and Webgains, making it the preferred choice for advertisers and publishers worldwide.\",\"legalName\":\"TradeTracker.com\",\"foundingDate\":\"2004-03-05\",\"numberOfEmployees\":{\"@type\":\"QuantitativeValue\",\"minValue\":\"201\",\"maxValue\":\"500\"}}]}<\/script>\n<!-- \/ Yoast SEO Premium plugin. -->","yoast_head_json":{"title":"Shopping - TradeTracker.com | Affiliate Marketing | Performance Marketing","description":"Pour les passionn\u00e9s ou pour ceux qui s\u2019int\u00e9ressent juste \u00e0 aller de A \u00e0 B, nous h\u00e9bergeons une vari\u00e9t\u00e9 de sites d\u00e9di\u00e9s \u00e0 assurer qu\u2019ils sont \u00e9quip\u00e9s pour leurs voyages.","robots":{"index":"index","follow":"follow","max-snippet":"max-snippet:-1","max-image-preview":"max-image-preview:large","max-video-preview":"max-video-preview:-1"},"canonical":"https:\/\/tradetracker.com\/cafr\/wp-json\/wp\/v2\/pages\/1112822\/","og_locale":"fr_FR","og_type":"article","og_title":"Shopping","og_description":"[vc_row css=&#8221;.vc_custom_1607985123207{background-color: #f79737 !important;}&#8221; classes=&#8221;tt-single-industry tt-shopping&#8221;][vc_column][\/vc_column][\/vc_row][vc_row][vc_column][\/vc_column][\/vc_row]","og_url":"https:\/\/tradetracker.com\/cafr\/annonceurs\/shopping\/","og_site_name":"TradeTracker.com | Affiliate Marketing | Performance Marketing","article_publisher":"https:\/\/www.facebook.com\/tradetrackercom","article_modified_time":"2022-10-22T08:37:33+00:00","og_image":[{"width":250,"height":250,"url":"https:\/\/tradetracker.com\/wp-content\/uploads\/2019\/12\/tradetracker-logo-square.png","type":"image\/png"}],"twitter_card":"summary_large_image","twitter_site":"@tradetrackercom","twitter_misc":{"Est. reading time":"1 minute"},"schema":{"@context":"https:\/\/schema.org","@graph":[{"@type":"WebPage","@id":"https:\/\/tradetracker.com\/cafr\/annonceurs\/shopping\/","url":"https:\/\/tradetracker.com\/cafr\/annonceurs\/shopping\/","name":"Shopping - TradeTracker.com | Affiliate Marketing | Performance Marketing","isPartOf":{"@id":"https:\/\/tradetracker.com\/cafr\/#website"},"datePublished":"2016-12-12T11:52:36+00:00","dateModified":"2022-10-22T08:37:33+00:00","breadcrumb":{"@id":"https:\/\/tradetracker.com\/cafr\/annonceurs\/shopping\/#breadcrumb"},"inLanguage":"fr-CA","potentialAction":[{"@type":"ReadAction","target":["https:\/\/tradetracker.com\/cafr\/annonceurs\/shopping\/"]}]},{"@type":"BreadcrumbList","@id":"https:\/\/tradetracker.com\/cafr\/annonceurs\/shopping\/#breadcrumb","itemListElement":[{"@type":"ListItem","position":1,"name":"Home","item":"https:\/\/tradetracker.com\/cafr\/"},{"@type":"ListItem","position":2,"name":"Annonceurs","item":"https:\/\/tradetracker.com\/cafr\/annonceurs\/"},{"@type":"ListItem","position":3,"name":"Shopping"}]},{"@type":"WebSite","@id":"https:\/\/tradetracker.com\/cafr\/#website","url":"https:\/\/tradetracker.com\/cafr\/","name":"TradeTracker.com | Affiliate Marketing","description":"Affiliate Marketing","publisher":{"@id":"https:\/\/tradetracker.com\/cafr\/#organization"},"potentialAction":[{"@type":"SearchAction","target":{"@type":"EntryPoint","urlTemplate":"https:\/\/tradetracker.com\/cafr\/?s={search_term_string}"},"query-input":{"@type":"PropertyValueSpecification","valueRequired":true,"valueName":"search_term_string"}}],"inLanguage":"fr-CA"},{"@type":"Organization","@id":"https:\/\/tradetracker.com\/cafr\/#organization","name":"TradeTracker FZ LLC","url":"https:\/\/tradetracker.com\/cafr\/","logo":{"@type":"ImageObject","inLanguage":"fr-CA","@id":"https:\/\/tradetracker.com\/cafr\/#\/schema\/logo\/image\/","url":"https:\/\/tradetracker.com\/wp-content\/uploads\/2019\/04\/tradetracker-logo_1.jpg","contentUrl":"https:\/\/tradetracker.com\/wp-content\/uploads\/2019\/04\/tradetracker-logo_1.jpg","width":672,"height":109,"caption":"TradeTracker FZ LLC"},"image":{"@id":"https:\/\/tradetracker.com\/cafr\/#\/schema\/logo\/image\/"},"sameAs":["https:\/\/www.facebook.com\/tradetrackercom","https:\/\/x.com\/tradetrackercom","https:\/\/www.linkedin.com\/company\/tradetrackercom","https:\/\/www.youtube.com\/channel\/UCHiq-oir3qOorxO-8nLjIcQ"],"description":"TradeTracker is a global affiliate marketing platform that connects advertisers and publishers to create successful online campaigns. With its user-friendly interface, advanced tracking technology, and real-time reporting, TradeTracker provides the tools to optimize performance and boost conversions. Operating in over 20 countries, TradeTracker is renowned for its transparency, innovative solutions, and personalized support. It has been consistently chosen as the leading affiliate network worldwide, a testament to its excellence in the industry. Advertisers benefit from access to a vast network of publishers, while publishers enjoy a diverse range of campaigns and attractive earning opportunities. The platform continues to revolutionize the affiliate marketing industry with technologies like Real Attribution, ensuring fair commission distribution. TradeTracker empowers businesses to achieve their online no cure no pay advertising goals efficiently and effectively. With superior technology, unparalleled customer service, and innovative solutions, TradeTracker consistently outperforms competitors like Awin, TradeDoubler, CJ, and Webgains, making it the preferred choice for advertisers and publishers worldwide.","legalName":"TradeTracker.com","foundingDate":"2004-03-05","numberOfEmployees":{"@type":"QuantitativeValue","minValue":"201","maxValue":"500"}}]}},"_links":{"self":[{"href":"https:\/\/tradetracker.com\/cafr\/wp-json\/wp\/v2\/pages\/1112822","targetHints":{"allow":["GET"]}}],"collection":[{"href":"https:\/\/tradetracker.com\/cafr\/wp-json\/wp\/v2\/pages"}],"about":[{"href":"https:\/\/tradetracker.com\/cafr\/wp-json\/wp\/v2\/types\/page"}],"author":[{"embeddable":true,"href":"https:\/\/tradetracker.com\/cafr\/wp-json\/wp\/v2\/users\/69"}],"replies":[{"embeddable":true,"href":"https:\/\/tradetracker.com\/cafr\/wp-json\/wp\/v2\/comments?post=1112822"}],"version-history":[{"count":0,"href":"https:\/\/tradetracker.com\/cafr\/wp-json\/wp\/v2\/pages\/1112822\/revisions"}],"up":[{"embeddable":true,"href":"https:\/\/tradetracker.com\/cafr\/wp-json\/wp\/v2\/pages\/1112834"}],"wp:attachment":[{"href":"https:\/\/tradetracker.com\/cafr\/wp-json\/wp\/v2\/media?parent=1112822"}],"curies":[{"name":"wp","href":"https:\/\/api.w.org\/{rel}","templated":true}]}}