{"id":108202,"date":"2017-02-15T06:53:27","date_gmt":"2017-02-15T06:53:27","guid":{"rendered":"https:\/\/tradetracker.com\/conversion-path-tracking\/"},"modified":"2025-01-17T12:08:26","modified_gmt":"2025-01-17T12:08:26","slug":"conversion-path-tracking","status":"publish","type":"page","link":"https:\/\/tradetracker.com\/ch\/conversion-path-tracking\/","title":{"rendered":"Conversion Path Tracking"},"content":{"rendered":"<div class=\"wpb-content-wrapper\"><p>[vc_row classes=&#8221;admonitor-page-detail cpt-page-detail&#8221;][vc_column]<div class=\"row\"><div class=\"vc_col-sm-12\"><div class=\"industry-page-intro-text\"><h1  class=\"\">CONVERSION PATH TRACKING<\/h1><\/div>\r\n        <\/div>\r\n    <\/div>[\/vc_column][\/vc_row][vc_row classes=&#8221;bg-pattern&#8221;][vc_column][vc_row_inner][vc_column_inner width=&#8221;2\/12&#8243;][\/vc_column_inner][vc_column_inner el_class=&#8221;acenter&#8221; width=&#8221;8\/12&#8243;]<div class=\"space\"><\/div><header><h2 class=\" tt_composer\" >Wie Conversion Path Tracking funktioniert<\/h2><\/header>[vc_wp_text] In einer Branche, wo das Last Click Model \u00fcberwiegend angewendet wird, m\u00fcssen die Affiliates sich bem\u00fchen, diese Position in der Customer Journey zu erhalten. However, more than 95% of all affiliate transactions involves more than one affiliate promoting your campaign. Im Normalfall ist es so, dass der Affiliate, der den letzten Klick f\u00fcr sich verzeichnen konnte, die Provision erh\u00e4lt und in Ihrer \u00dcbersicht bei den Transaktionen erscheint. Conversin Path Tracking bringt Ver\u00e4nderungen in dieses Modell und liefert Merchants sowie Affiliates eine vollst\u00e4ndige Einsicht \u00fcber alle Touch Points, die bei der jeweiligen Transaktion beteiligt waren. Diese transparente Einsicht gibt Usern eine detaillierte Einsicht \u00fcber die Positionen und Einnahmen, die es Merchants und Affiliates gleicherma\u00dfen erm\u00f6glicht, ihre Strategien zu optimieren und einen Mehrwert zu erhalten. W\u00e4hrend die Merchants eine Menge Details dar\u00fcber erhalten, welche Affiliates bei den Transaktionen involviert sind und welche Rolle sie in der Customer Journey spielen, k\u00f6nnen die Affiliates dieses Wissen nutzen, um die gew\u00fcnschten Ergebnisse mit einer Kampagne zu erzielen. [\/vc_wp_text][\/vc_column_inner][vc_column_inner width=&#8221;2\/12&#8243;][\/vc_column_inner][\/vc_row_inner][vc_row_inner][vc_column_inner][vc_single_image image=&#8221;171443&#8243; img_size=&#8221;1024&#215;582&#8243; alignment=&#8221;center&#8221;]<div class=\"space\"><\/div>[\/vc_column_inner][\/vc_row_inner][\/vc_column][\/vc_row][vc_row css=&#8221;.vc_custom_1488976434515{background-color: #f3f6fa !important;}&#8221;][vc_column]<div class=\"space\"><\/div><header><h2 class=\" tt_composer\" >Verwenden Sie Conversion Path Tracking zu Ihrem Vorteil!<\/h2><\/header><div class=\"space\"><\/div>[vc_row_inner][vc_column_inner width=&#8221;2\/12&#8243;][\/vc_column_inner][vc_column_inner el_class=&#8221;acenter&#8221; width=&#8221;3\/12&#8243;]<header><h2 class=\" tt_composer\" >Werbekunden<\/h2><\/header>[vc_wp_text]<\/p>\n<p>Conversion Path Tracking hilft dabei, Affiliates zu identifizieren, deren Rolle in der Conversion Pat h\u00e4ufig \u00fcbersehen wird. Durch die Optimierung des Verg\u00fcngsmodells f\u00fcr die einzelnen Affliliates ist es m\u00f6glich, mehr Traffic zu erzeugen, welcher sich direkt oder auch indirekt auf die Ergebisse der Sales auswirken wird.<\/p>\n<p>[\/vc_wp_text][\/vc_column_inner][vc_column_inner width=&#8221;2\/12&#8243;]<div class=\"customer-devider hide-mobile\"><\/div>\r\n                    <style>\r\n                    .customer-devider {\r\n                    background:#e9e9e9; \r\n                    min-height: 250px;\r\n                    }\r\n                    <\/style>[\/vc_column_inner][vc_column_inner el_class=&#8221;acenter&#8221; width=&#8221;3\/12&#8243;]<header><h2 class=\" tt_composer\" >Affiliates<\/h2><\/header>[vc_wp_text]<\/p>\n<p>Erlangen Sie Einsicht auf die Beteiligung aller relevanten Affliliates auf dem Weg zur Bestellung Ihrer Kunden und vergleichen Sie. Erfahren Sie, wie Sie sich von der Konkurrenz abheben k\u00f6nnen, um mit einer gezielten Optimiertung Ihrer Kampagne optimale Ergebnisse erzielen zu k\u00f6nnen.<\/p>\n<p>[\/vc_wp_text][\/vc_column_inner][vc_column_inner width=&#8221;2\/12&#8243;][\/vc_column_inner][\/vc_row_inner]<div class=\"space\"><\/div>[\/vc_column][\/vc_row][vc_row classes=&#8221;cta neutral bg-pattern&#8221; css=&#8221;.vc_custom_1488976583993{background-image: url(https:\/\/tradetracker.com\/wp-content\/uploads\/2017\/02\/CPT-cta.jpg?id=30460) !important;}&#8221;][vc_column]<div class=\"row\"><div class=\"vc_col-sm-12\"><h2 class=\"get_started\" >Sind Sie bereit sich der Revolution anzuschlie\u00dfen?<\/h2>        <ul class=\"cta-items\">\r\n                        <li>\r\n                <a                    class=\"cta-advertiser-signup\"                                      href=\"https:\/\/tradetracker.com\/de\/contact-us\/\"                                   >\r\n                    Kontakt!                <\/a>\r\n            <\/li>\r\n                        \r\n                        <li>\r\n                <a                    class=\"cta-advertiser-signup\"                                      href=\"https:\/\/tradetracker.com\/wp-content\/uploads\/2016\/09\/CPT_brochure_DE.pdf\"                   target=\"_blank\"                >\r\n                    Brosch\u00fcre downloaden                <\/a>\r\n            <\/li>\r\n                    <\/ul>\r\n        <\/div><\/div>[\/vc_column][\/vc_row]<\/p>\n<\/div>","protected":false},"excerpt":{"rendered":"<p>[vc_row classes=&#8221;admonitor-page-detail cpt-page-detail&#8221;][vc_column][\/vc_column][\/vc_row][vc_row classes=&#8221;bg-pattern&#8221;][vc_column][vc_row_inner][vc_column_inner width=&#8221;2\/12&#8243;][\/vc_column_inner][vc_column_inner el_class=&#8221;acenter&#8221; width=&#8221;8\/12&#8243;][vc_wp_text] In einer Branche, wo das Last Click Model \u00fcberwiegend angewendet wird, m\u00fcssen die Affiliates sich bem\u00fchen, diese Position in der Customer Journey zu erhalten. However, more than 95% of all affiliate transactions involves more than one affiliate promoting your campaign. Im Normalfall ist es so, dass der Affiliate,  [&#8230;]<\/p>\n","protected":false},"author":69,"featured_media":0,"parent":0,"menu_order":0,"comment_status":"closed","ping_status":"closed","template":"","meta":{"inline_featured_image":false,"_monsterinsights_skip_tracking":false,"_monsterinsights_sitenote_active":false,"_monsterinsights_sitenote_note":"","_monsterinsights_sitenote_category":0,"footnotes":""},"class_list":["post-108202","page","type-page","status-publish","hentry"],"yoast_head":"<!-- This site is optimized with the Yoast SEO Premium plugin v27.0 (Yoast SEO v27.0) - https:\/\/yoast.com\/product\/yoast-seo-premium-wordpress\/ -->\n<title>Conversion Path Tracking - TradeTracker.com | Affiliate Marketing | Performance Marketing<\/title>\n<meta name=\"description\" content=\"[vc_row classes=&quot;admonitor-page-detail cpt-page-detail&quot;][vc_column]CONVERSION PATH TRACKING [\/vc_column][\/vc_row][vc_row classes=&quot;bg-pattern&quot;][vc_column][vc_row_inner][vc_column_inner\" \/>\n<meta name=\"robots\" content=\"index, follow, max-snippet:-1, max-image-preview:large, max-video-preview:-1\" \/>\n<link rel=\"canonical\" href=\"https:\/\/tradetracker.com\/ch\/wp-json\/wp\/v2\/pages\/108202\/\" \/>\n<meta property=\"og:locale\" content=\"de_DE\" \/>\n<meta property=\"og:type\" content=\"article\" \/>\n<meta property=\"og:title\" content=\"Conversion Path Tracking TradeTracker.com\" \/>\n<meta property=\"og:description\" content=\"[vc_row classes=&#8221;admonitor-page-detail\" \/>\n<meta property=\"og:url\" content=\"https:\/\/tradetracker.com\/ch\/conversion-path-tracking\/\" \/>\n<meta property=\"og:site_name\" content=\"TradeTracker.com | Affiliate Marketing | Performance Marketing\" \/>\n<meta property=\"article:publisher\" content=\"https:\/\/www.facebook.com\/tradetrackercom\" \/>\n<meta property=\"article:modified_time\" content=\"2025-01-17T12:08:26+00:00\" \/>\n<meta property=\"og:image\" content=\"https:\/\/tradetracker.com\/wp-content\/uploads\/2019\/12\/tradetracker-logo-square.png\" \/>\n\t<meta property=\"og:image:width\" content=\"250\" \/>\n\t<meta property=\"og:image:height\" content=\"250\" \/>\n\t<meta property=\"og:image:type\" content=\"image\/png\" \/>\n<meta name=\"twitter:card\" content=\"summary_large_image\" \/>\n<meta name=\"twitter:title\" content=\"Conversion Path Tracking\" \/>\n<meta name=\"twitter:description\" content=\"[vc_row classes=&quot;admonitor-page-detail cpt-page-detail&quot;][vc_column]CONVERSION PATH TRACKING [\/vc_column][\/vc_row][vc_row \" \/>\n<meta name=\"twitter:image\" content=\"https:\/\/tradetracker.com\/assets\/tt-circles.png\" \/>\n<meta name=\"twitter:site\" content=\"@tradetrackercom\" \/>\n<meta name=\"twitter:label1\" content=\"Est. reading time\" \/>\n\t<meta name=\"twitter:data1\" content=\"3 minutes\" \/>\n<script type=\"application\/ld+json\" class=\"yoast-schema-graph\">{\"@context\":\"https:\/\/schema.org\",\"@graph\":[{\"@type\":\"WebPage\",\"@id\":\"https:\/\/tradetracker.com\/ch\/conversion-path-tracking\/\",\"url\":\"https:\/\/tradetracker.com\/ch\/conversion-path-tracking\/\",\"name\":\"Conversion Path Tracking - TradeTracker.com | Affiliate Marketing | Performance Marketing\",\"isPartOf\":{\"@id\":\"https:\/\/tradetracker.com\/ch\/#website\"},\"datePublished\":\"2017-02-15T06:53:27+00:00\",\"dateModified\":\"2025-01-17T12:08:26+00:00\",\"breadcrumb\":{\"@id\":\"https:\/\/tradetracker.com\/ch\/conversion-path-tracking\/#breadcrumb\"},\"inLanguage\":\"de-CH\",\"potentialAction\":[{\"@type\":\"ReadAction\",\"target\":[\"https:\/\/tradetracker.com\/ch\/conversion-path-tracking\/\"]}]},{\"@type\":\"BreadcrumbList\",\"@id\":\"https:\/\/tradetracker.com\/ch\/conversion-path-tracking\/#breadcrumb\",\"itemListElement\":[{\"@type\":\"ListItem\",\"position\":1,\"name\":\"Home\",\"item\":\"https:\/\/tradetracker.com\/ch\/\"},{\"@type\":\"ListItem\",\"position\":2,\"name\":\"Conversion Path Tracking\"}]},{\"@type\":\"WebSite\",\"@id\":\"https:\/\/tradetracker.com\/ch\/#website\",\"url\":\"https:\/\/tradetracker.com\/ch\/\",\"name\":\"TradeTracker.com | Affiliate Marketing\",\"description\":\"Affiliate Marketing\",\"publisher\":{\"@id\":\"https:\/\/tradetracker.com\/ch\/#organization\"},\"potentialAction\":[{\"@type\":\"SearchAction\",\"target\":{\"@type\":\"EntryPoint\",\"urlTemplate\":\"https:\/\/tradetracker.com\/ch\/?s={search_term_string}\"},\"query-input\":{\"@type\":\"PropertyValueSpecification\",\"valueRequired\":true,\"valueName\":\"search_term_string\"}}],\"inLanguage\":\"de-CH\"},{\"@type\":\"Organization\",\"@id\":\"https:\/\/tradetracker.com\/ch\/#organization\",\"name\":\"TradeTracker FZ LLC\",\"url\":\"https:\/\/tradetracker.com\/ch\/\",\"logo\":{\"@type\":\"ImageObject\",\"inLanguage\":\"de-CH\",\"@id\":\"https:\/\/tradetracker.com\/ch\/#\/schema\/logo\/image\/\",\"url\":\"https:\/\/tradetracker.com\/wp-content\/uploads\/2019\/04\/tradetracker-logo_1.jpg\",\"contentUrl\":\"https:\/\/tradetracker.com\/wp-content\/uploads\/2019\/04\/tradetracker-logo_1.jpg\",\"width\":672,\"height\":109,\"caption\":\"TradeTracker FZ LLC\"},\"image\":{\"@id\":\"https:\/\/tradetracker.com\/ch\/#\/schema\/logo\/image\/\"},\"sameAs\":[\"https:\/\/www.facebook.com\/tradetrackercom\",\"https:\/\/x.com\/tradetrackercom\",\"https:\/\/www.linkedin.com\/company\/tradetrackercom\",\"https:\/\/www.youtube.com\/channel\/UCHiq-oir3qOorxO-8nLjIcQ\"],\"description\":\"TradeTracker is a global affiliate marketing platform that connects advertisers and publishers to create successful online campaigns. With its user-friendly interface, advanced tracking technology, and real-time reporting, TradeTracker provides the tools to optimize performance and boost conversions. Operating in over 20 countries, TradeTracker is renowned for its transparency, innovative solutions, and personalized support. It has been consistently chosen as the leading affiliate network worldwide, a testament to its excellence in the industry. Advertisers benefit from access to a vast network of publishers, while publishers enjoy a diverse range of campaigns and attractive earning opportunities. The platform continues to revolutionize the affiliate marketing industry with technologies like Real Attribution, ensuring fair commission distribution. TradeTracker empowers businesses to achieve their online no cure no pay advertising goals efficiently and effectively. With superior technology, unparalleled customer service, and innovative solutions, TradeTracker consistently outperforms competitors like Awin, TradeDoubler, CJ, and Webgains, making it the preferred choice for advertisers and publishers worldwide.\",\"legalName\":\"TradeTracker.com\",\"foundingDate\":\"2004-03-05\",\"numberOfEmployees\":{\"@type\":\"QuantitativeValue\",\"minValue\":\"201\",\"maxValue\":\"500\"}}]}<\/script>\n<!-- \/ Yoast SEO Premium plugin. -->","yoast_head_json":{"title":"Conversion Path Tracking - TradeTracker.com | Affiliate Marketing | Performance Marketing","description":"[vc_row classes=\"admonitor-page-detail cpt-page-detail\"][vc_column]CONVERSION PATH TRACKING [\/vc_column][\/vc_row][vc_row classes=\"bg-pattern\"][vc_column][vc_row_inner][vc_column_inner","robots":{"index":"index","follow":"follow","max-snippet":"max-snippet:-1","max-image-preview":"max-image-preview:large","max-video-preview":"max-video-preview:-1"},"canonical":"https:\/\/tradetracker.com\/ch\/wp-json\/wp\/v2\/pages\/108202\/","og_locale":"de_DE","og_type":"article","og_title":"Conversion Path Tracking TradeTracker.com","og_description":"[vc_row classes=&#8221;admonitor-page-detail","og_url":"https:\/\/tradetracker.com\/ch\/conversion-path-tracking\/","og_site_name":"TradeTracker.com | Affiliate Marketing | Performance Marketing","article_publisher":"https:\/\/www.facebook.com\/tradetrackercom","article_modified_time":"2025-01-17T12:08:26+00:00","og_image":[{"width":250,"height":250,"url":"https:\/\/tradetracker.com\/wp-content\/uploads\/2019\/12\/tradetracker-logo-square.png","type":"image\/png"}],"twitter_card":"summary_large_image","twitter_title":"Conversion Path Tracking","twitter_description":"[vc_row classes=\"admonitor-page-detail cpt-page-detail\"][vc_column]CONVERSION PATH TRACKING [\/vc_column][\/vc_row][vc_row ","twitter_image":"https:\/\/tradetracker.com\/assets\/tt-circles.png","twitter_site":"@tradetrackercom","twitter_misc":{"Est. reading time":"3 minutes"},"schema":{"@context":"https:\/\/schema.org","@graph":[{"@type":"WebPage","@id":"https:\/\/tradetracker.com\/ch\/conversion-path-tracking\/","url":"https:\/\/tradetracker.com\/ch\/conversion-path-tracking\/","name":"Conversion Path Tracking - TradeTracker.com | Affiliate Marketing | Performance Marketing","isPartOf":{"@id":"https:\/\/tradetracker.com\/ch\/#website"},"datePublished":"2017-02-15T06:53:27+00:00","dateModified":"2025-01-17T12:08:26+00:00","breadcrumb":{"@id":"https:\/\/tradetracker.com\/ch\/conversion-path-tracking\/#breadcrumb"},"inLanguage":"de-CH","potentialAction":[{"@type":"ReadAction","target":["https:\/\/tradetracker.com\/ch\/conversion-path-tracking\/"]}]},{"@type":"BreadcrumbList","@id":"https:\/\/tradetracker.com\/ch\/conversion-path-tracking\/#breadcrumb","itemListElement":[{"@type":"ListItem","position":1,"name":"Home","item":"https:\/\/tradetracker.com\/ch\/"},{"@type":"ListItem","position":2,"name":"Conversion Path Tracking"}]},{"@type":"WebSite","@id":"https:\/\/tradetracker.com\/ch\/#website","url":"https:\/\/tradetracker.com\/ch\/","name":"TradeTracker.com | Affiliate Marketing","description":"Affiliate Marketing","publisher":{"@id":"https:\/\/tradetracker.com\/ch\/#organization"},"potentialAction":[{"@type":"SearchAction","target":{"@type":"EntryPoint","urlTemplate":"https:\/\/tradetracker.com\/ch\/?s={search_term_string}"},"query-input":{"@type":"PropertyValueSpecification","valueRequired":true,"valueName":"search_term_string"}}],"inLanguage":"de-CH"},{"@type":"Organization","@id":"https:\/\/tradetracker.com\/ch\/#organization","name":"TradeTracker FZ LLC","url":"https:\/\/tradetracker.com\/ch\/","logo":{"@type":"ImageObject","inLanguage":"de-CH","@id":"https:\/\/tradetracker.com\/ch\/#\/schema\/logo\/image\/","url":"https:\/\/tradetracker.com\/wp-content\/uploads\/2019\/04\/tradetracker-logo_1.jpg","contentUrl":"https:\/\/tradetracker.com\/wp-content\/uploads\/2019\/04\/tradetracker-logo_1.jpg","width":672,"height":109,"caption":"TradeTracker FZ LLC"},"image":{"@id":"https:\/\/tradetracker.com\/ch\/#\/schema\/logo\/image\/"},"sameAs":["https:\/\/www.facebook.com\/tradetrackercom","https:\/\/x.com\/tradetrackercom","https:\/\/www.linkedin.com\/company\/tradetrackercom","https:\/\/www.youtube.com\/channel\/UCHiq-oir3qOorxO-8nLjIcQ"],"description":"TradeTracker is a global affiliate marketing platform that connects advertisers and publishers to create successful online campaigns. With its user-friendly interface, advanced tracking technology, and real-time reporting, TradeTracker provides the tools to optimize performance and boost conversions. Operating in over 20 countries, TradeTracker is renowned for its transparency, innovative solutions, and personalized support. It has been consistently chosen as the leading affiliate network worldwide, a testament to its excellence in the industry. Advertisers benefit from access to a vast network of publishers, while publishers enjoy a diverse range of campaigns and attractive earning opportunities. The platform continues to revolutionize the affiliate marketing industry with technologies like Real Attribution, ensuring fair commission distribution. TradeTracker empowers businesses to achieve their online no cure no pay advertising goals efficiently and effectively. With superior technology, unparalleled customer service, and innovative solutions, TradeTracker consistently outperforms competitors like Awin, TradeDoubler, CJ, and Webgains, making it the preferred choice for advertisers and publishers worldwide.","legalName":"TradeTracker.com","foundingDate":"2004-03-05","numberOfEmployees":{"@type":"QuantitativeValue","minValue":"201","maxValue":"500"}}]}},"_links":{"self":[{"href":"https:\/\/tradetracker.com\/ch\/wp-json\/wp\/v2\/pages\/108202","targetHints":{"allow":["GET"]}}],"collection":[{"href":"https:\/\/tradetracker.com\/ch\/wp-json\/wp\/v2\/pages"}],"about":[{"href":"https:\/\/tradetracker.com\/ch\/wp-json\/wp\/v2\/types\/page"}],"author":[{"embeddable":true,"href":"https:\/\/tradetracker.com\/ch\/wp-json\/wp\/v2\/users\/69"}],"replies":[{"embeddable":true,"href":"https:\/\/tradetracker.com\/ch\/wp-json\/wp\/v2\/comments?post=108202"}],"version-history":[{"count":3,"href":"https:\/\/tradetracker.com\/ch\/wp-json\/wp\/v2\/pages\/108202\/revisions"}],"predecessor-version":[{"id":1134662,"href":"https:\/\/tradetracker.com\/ch\/wp-json\/wp\/v2\/pages\/108202\/revisions\/1134662"}],"wp:attachment":[{"href":"https:\/\/tradetracker.com\/ch\/wp-json\/wp\/v2\/media?parent=108202"}],"curies":[{"name":"wp","href":"https:\/\/api.w.org\/{rel}","templated":true}]}}