{"id":108216,"date":"2017-02-15T06:57:59","date_gmt":"2017-02-15T06:57:59","guid":{"rendered":"https:\/\/tradetracker.com\/privacy-policy\/how-we-use-cookies\/"},"modified":"2017-02-15T06:57:59","modified_gmt":"2017-02-15T06:57:59","slug":"how-we-use-cookies","status":"publish","type":"page","link":"https:\/\/tradetracker.com\/ch\/privacy-policy\/how-we-use-cookies\/","title":{"rendered":"How we use cookies"},"content":{"rendered":"<div class=\"wpb-content-wrapper\"><p>[vc_row classes=&#8221;static-page-intro short cookies-page bg-pattern full-width&#8221; css=&#8221;.vc_custom_1488803387462{background-image: url(https:\/\/tradetracker.com\/wp-content\/uploads\/2016\/12\/books.png?id=358) !important;}&#8221;][vc_column]<div class=\"row\"><div class=\"vc_col-sm-12\"><div class=\" static-page-intro-text \"><h1  class=\"\">WIE WIR COOKIES VERWENDEN<\/h1><\/div>\r\n        <\/div>\r\n    <\/div>[\/vc_column][\/vc_row][vc_row][vc_column]<div class=\"space\"><\/div>[vc_wp_text]<\/p>\n<p>Cookies sind kleine Text-Dateien die innerhalb Ihres Benutzersprofils auf dem Computer gespeichert werden und kleine Datenmengen enthalten. Diese Daten k\u00f6nnen aus bestimmten Webseite-Einstellungen oder gespeicherten Login-Informationen bestehen. Auf diese Informationen kann der Browser beim Surfen durch das Internet zugreifen.<\/p>\n<h3>Konto-Cookies<\/h3>\n<p>Cookies die innerhalb der TradeTracker.com-Domain eingesetzt werden, beziehen sich auf Ihr TradeTracker-Konto. Die Mehrzahl hiervon wird ben\u00f6tigt, damit Sie ihr Konto ohne Einschr\u00e4nkungen nutzen k\u00f6nnen. Keine pers\u00f6nlichen Informationen werden innerhalb dieser Cookies gespeichert. Unten stehend finden Sie eine detaillierte Aufstellung der beinhalteten Informationen f\u00fcr jeden Cookie der prim\u00e4r f\u00fcr die Domain &#8220;tradetracker.com&#8221; genutzt wird.<\/p>\n<p>[\/vc_wp_text]<div class=\"space\"><\/div><div class=\"table-content color1 table-center table-striped\">\r\n\t\t\t<table>\r\n\t\t\t\t<tbody><tr><th>Name<\/th>\r\n        <th>Type<\/th>\r\n        <th> Description<\/th>\r\n        <th>Expires<\/th><\/tr><tr><td>TT_allowCookies<\/td><td>funktional (1st party)<\/td><td>Die Opt-In Cookie Einstellung des Besuchers wird innerhalb dieses Cookies platziert. Keine pers\u00f6nlichen Daten werden in dem Cookie platziert.<\/td><td>Nach 2 Jahre.<\/td><\/tr><tr><td>ttagency_*<\/td><td>funktional (1st party)<\/td><td>Wenn sich eine Agentur erfolgreich in unsere Software einloggt, werden bestimmte verschl\u00fcsselte Benutztereinstellungen innerhalb des Cookies gespeichert. Keine pers\u00f6nlichen Daten werden in dem Cookie platziert.<\/td><td>Am Ende der Sitzung, solange die Checkbox \"eingeloggt bleiben\" aktiviert ist, wird ein Cookie gesetzt der nach 2 Jahre abl\u00e4uft<\/td><\/tr><tr><td>ttuser_*<\/td><td>funktional (1st party)<\/td><td>Wenn sich ein Affiliate oder Merchant erfolgreich in unsere Software einloggt, werden bestimmte verschl\u00fcsselte Benutztereinstellungen innerhalb des Cookies gespeichert. Keine pers\u00f6nlichen Daten werden in dem Cookie platziert<\/td><td>Am Ende der Sitzung, solange die Checkbox \"eingeloggt bleiben\" aktiviert ist, wird ein Cookie gesetzt der nach 2 Jahre abl\u00e4uft.<\/td><\/tr><tr><td>xmlhttp<\/td><td>funktional (1st party)<\/td><td>Wird genutzt um zu bestimmen, ob XMLHTTP von dem Ger\u00e4t des Benutzers akzeptiert wird. Dies ist notwendig um bestimmte Funktionen innerhalb unserer Software ausf\u00fchren zu k\u00f6nnen. Keine pers\u00f6nlichen Daten werden in dem Cookie platziert.<\/td><td>Am Ende der Sitzung<\/td><\/tr><tr><td>affiliateSiteIDs<\/td><td>funktional (1st party)<\/td><td>Die Auswahl an Affiliate-Webseiten, die der Nutzer innerhalb seines privaten Bereichs der Software laden m\u00f6chte. Keine pers\u00f6nlichen Daten werden in dem Cookie platziert<\/td><td>Nach 1 Monat<\/td><\/tr><tr><td>campaignIDs<\/td><td>funktional (1st party)<\/td><td>Die Auswahl an Merchant-Webseiten, die der Nutzer innerhalb seines privaten Bereichs der Software laden m\u00f6chte. Keine pers\u00f6nlichen Daten werden in dem Cookie platziert.<\/td><td>Nach 1 Monat<\/td><\/tr><tr><td>companyID<\/td><td>funktional (1st party)<\/td><td>Die Auswahl an L\u00e4ndern, die der Nutzer innerhalb seines privaten Bereichs der Software laden m\u00f6chte. Keine pers\u00f6nlichen Daten werden in dem Cookie platziert.<\/td><td>Nach 1 Monat<\/td><\/tr><tr><td>locale_*<\/td><td>funktional (1st party)<\/td><td>Die Spracheinstellung des Benutzers ist in diesem Cookie platziert. Keine pers\u00f6nlichen Daten werden in dem Cookie platziert.<\/td><td>Nach 1 Monat<\/td><\/tr><\/tbody><\/table><\/div>\r\n\t\t<div class=\"space\"><\/div>[vc_wp_text]<\/p>\n<h3>Tracking-Cookies<\/h3>\n<p>TradeTracker bietet Dienstleistungen an, die das Tracken von Traffic und Performance von einer Webseite (Publisher) zu einer weiteren (Merchant) voraussetzen. Als normaler Webseiten-Besucher werden Sie nichts direkt mit dem Inhalt dieser Cookies zutun haben. Um sicherzustellen, dass der richtigen Webseite die korrekten Statistiken zugewiesen werden, setzt TradeTracker Cookies ein. Innerhalb dieser Cookies werden keine zur\u00fcckverfolgbaren und keine pers\u00f6nlichen Informationen des Besuchers platziert. Der Publisher auf den verwiesen wird kann f\u00fcr die Empfehlung eine Belohnung des Merchants f\u00fcr den gelieferten Traffic erhalten..<\/p>\n<p>Viele Internetdienstleister k\u00f6nnen Ihre Dienste kostenfrei anbieten, da Sie durch solche Empfehlungen Einnahmen erzielen. Die Mehrheit der Internetnutzer ziehen es vor das Internet \u00fcber diese Refinanzierungsmodelle zu nutzen, anstatt f\u00fcr jeden einzelnen Dienst separat zu bezahlen. Unten stehend finden Sie eine detaillierte Aufstellung der beinhalteten Informationen f\u00fcr jeden Cookie der prim\u00e4r f\u00fcr die Domain &#8220;tradetracker.com&#8221; genutzt wird.<\/p>\n<p>[\/vc_wp_text]<div class=\"space\"><\/div><div class=\"table-content color1 table-center table-striped\">\r\n\t\t\t<table>\r\n\t\t\t\t<tbody><tr><th>Name<\/th>\r\n        <th>Type<\/th>\r\n        <th> Description<\/th>\r\n        <th>Expires<\/th><\/tr><tr><td>_pk_*<\/td><td>nicht funktional (1st party)<\/td><td>Piwik Statistik-Daten werden in diesem Cookie platziert, um den Traffic auf unseren eigenen Webseiten zu analysieren. Keine pers\u00f6nlichen Daten werden in dem Cookie platziert.<\/td><td>Nach 2 Jahre.<\/td><\/tr><tr><td>pi*<\/td><td>nicht funktional (3rd party)<\/td><td>Wird f\u00fcr Kampagnen mit Post Impression genutzt. Keine pers\u00f6nlichen Daten werden in dem Cookie platziert.<\/td><td>Unterscheidet sich je nach Instanz maximal um 100 Tage<\/td><\/tr><tr><td>__tdat*<\/td><td>nicht funktional (3rd party)<\/td><td>Sobald einem Affiliate-Link gefolgt wird, speichert der Cookie die urspr\u00fcngliche Affiliate-Webseite, das eingesetzte Werbematerial und eine optionale Referenz des Affiliates, die es dem Merchant erm\u00f6glicht den Affiliate f\u00fcr die Empfehlung zu belohnen. Keine pers\u00f6nlichen Daten werden in diesem Cookie platziert<\/td><td>Unterscheidet sich je nach Instanz maximal um 365 Tage<\/td><\/tr><tr><td>__bctdat<\/td><td>nicht funktional (3rd party)<\/td><td>Informationen die sich auf den Klick beziehen. Keine pers\u00f6nlichen Daten werden in dem Cookie platziert<\/td><td>Am Ende der Sitzung<\/td><\/tr><\/tbody><\/table><\/div>\r\n\t\t<div class=\"space\"><\/div>[vc_wp_text]<\/p>\n<h3>L\u00f6schen von Cookies<\/h3>\n<p>Keine pers\u00f6nlichen Informationen werden innerhalb unserer Cookies gespeichert. Falls Sie diese Cookies jedoch trotzdem l\u00f6schen m\u00f6chten, k\u00f6nnen Sie dies \u00fcber die Einstellungen in Ihrem Browser durchf\u00fchren. Cookies die in Verbindung mit Ihrem TradeTracker-Konto oder der Nutzeranalyse stehen, k\u00f6nnen gefiltert werden, indem man nach Cookies mit dem Begriff tradetracker.com sucht. Tracking-Cookies setzen die Domain tradetracker.net ein.<\/p>\n<p>Falls Sie zuk\u00fcnftig ohne Cookies durch das Internet surfen m\u00f6chten k\u00f6nnen Sie auch die &#8220;Privates Browsen&#8221; oder &#8220;Inkognito&#8221; Funktion Ihres Browsers nutzen. In diesem Fall m\u00fcssen Sie sich nach jedem erneuten Aufrufen unserer Webseiten erneut mit Ihren Benutzerdaten einloggen.<\/p>\n<p>[\/vc_wp_text]<div class=\"space\"><\/div>[\/vc_column][\/vc_row]<\/p>\n<\/div>","protected":false},"excerpt":{"rendered":"<p>[vc_row classes=&#8221;static-page-intro short cookies-page bg-pattern full-width&#8221; css=&#8221;.vc_custom_1488803387462{background-image: url(https:\/\/tradetracker.com\/wp-content\/uploads\/2016\/12\/books.png?id=358) !important;}&#8221;][vc_column][\/vc_column][\/vc_row][vc_row][vc_column][vc_wp_text] Cookies sind kleine Text-Dateien die innerhalb Ihres Benutzersprofils auf dem Computer gespeichert werden und kleine Datenmengen enthalten. Diese Daten k\u00f6nnen aus bestimmten Webseite-Einstellungen oder gespeicherten Login-Informationen bestehen. Auf diese Informationen kann der Browser beim Surfen durch das Internet zugreifen. Konto-Cookies Cookies die innerhalb der TradeTracker.com-Domain eingesetzt  [&#8230;]<\/p>\n","protected":false},"author":69,"featured_media":0,"parent":108214,"menu_order":0,"comment_status":"closed","ping_status":"closed","template":"template-privacy-page.php","meta":{"inline_featured_image":false,"_monsterinsights_skip_tracking":false,"_monsterinsights_sitenote_active":false,"_monsterinsights_sitenote_note":"","_monsterinsights_sitenote_category":0,"footnotes":""},"class_list":["post-108216","page","type-page","status-publish","hentry"],"yoast_head":"<!-- This site is optimized with the Yoast SEO Premium plugin v27.0 (Yoast SEO v27.0) - https:\/\/yoast.com\/product\/yoast-seo-premium-wordpress\/ -->\n<title>How we use cookies - TradeTracker.com | Affiliate Marketing | Performance Marketing<\/title>\n<meta name=\"description\" content=\"[vc_row classes=&quot;static-page-intro short cookies-page bg-pattern full-width&quot; css=&quot;.vc_custom_1488803387462{background-image: url(https:\/\/tradetracker.com\/wp-content\/uploads\/2016\/12\/books.png?id=358)\" \/>\n<meta name=\"robots\" content=\"index, follow, max-snippet:-1, max-image-preview:large, max-video-preview:-1\" \/>\n<link rel=\"canonical\" href=\"https:\/\/tradetracker.com\/ch\/wp-json\/wp\/v2\/pages\/108216\/\" \/>\n<meta property=\"og:locale\" content=\"de_DE\" \/>\n<meta property=\"og:type\" content=\"article\" \/>\n<meta property=\"og:title\" content=\"How we use cookies TradeTracker.com\" \/>\n<meta property=\"og:description\" content=\"[vc_row classes=&#8221;static-page-intro short cookies-page\" \/>\n<meta property=\"og:url\" content=\"https:\/\/tradetracker.com\/ch\/privacy-policy\/how-we-use-cookies\/\" \/>\n<meta property=\"og:site_name\" content=\"TradeTracker.com | Affiliate Marketing | Performance Marketing\" \/>\n<meta property=\"article:publisher\" content=\"https:\/\/www.facebook.com\/tradetrackercom\" \/>\n<meta property=\"og:image\" content=\"https:\/\/tradetracker.com\/wp-content\/uploads\/2019\/12\/tradetracker-logo-square.png\" \/>\n\t<meta property=\"og:image:width\" content=\"250\" \/>\n\t<meta property=\"og:image:height\" content=\"250\" \/>\n\t<meta property=\"og:image:type\" content=\"image\/png\" \/>\n<meta name=\"twitter:card\" content=\"summary_large_image\" \/>\n<meta name=\"twitter:title\" content=\"How we use cookies\" \/>\n<meta name=\"twitter:description\" content=\"[vc_row classes=&quot;static-page-intro short cookies-page bg-pattern full-width&quot; css=&quot;.vc_custom_1488803387462{background-image: \" \/>\n<meta name=\"twitter:image\" content=\"https:\/\/tradetracker.com\/assets\/tt-circles.png\" \/>\n<meta name=\"twitter:site\" content=\"@tradetrackercom\" \/>\n<meta name=\"twitter:label1\" content=\"Est. reading time\" \/>\n\t<meta name=\"twitter:data1\" content=\"2 minutes\" \/>\n<script type=\"application\/ld+json\" class=\"yoast-schema-graph\">{\"@context\":\"https:\/\/schema.org\",\"@graph\":[{\"@type\":\"WebPage\",\"@id\":\"https:\/\/tradetracker.com\/ch\/privacy-policy\/how-we-use-cookies\/\",\"url\":\"https:\/\/tradetracker.com\/ch\/privacy-policy\/how-we-use-cookies\/\",\"name\":\"How we use cookies - TradeTracker.com | Affiliate Marketing | Performance Marketing\",\"isPartOf\":{\"@id\":\"https:\/\/tradetracker.com\/ch\/#website\"},\"datePublished\":\"2017-02-15T06:57:59+00:00\",\"breadcrumb\":{\"@id\":\"https:\/\/tradetracker.com\/ch\/privacy-policy\/how-we-use-cookies\/#breadcrumb\"},\"inLanguage\":\"de-CH\",\"potentialAction\":[{\"@type\":\"ReadAction\",\"target\":[\"https:\/\/tradetracker.com\/ch\/privacy-policy\/how-we-use-cookies\/\"]}]},{\"@type\":\"BreadcrumbList\",\"@id\":\"https:\/\/tradetracker.com\/ch\/privacy-policy\/how-we-use-cookies\/#breadcrumb\",\"itemListElement\":[{\"@type\":\"ListItem\",\"position\":1,\"name\":\"Home\",\"item\":\"https:\/\/tradetracker.com\/ch\/\"},{\"@type\":\"ListItem\",\"position\":2,\"name\":\"Privacy Policy\",\"item\":\"https:\/\/tradetracker.com\/ch\/privacy-policy\/\"},{\"@type\":\"ListItem\",\"position\":3,\"name\":\"How we use cookies\"}]},{\"@type\":\"WebSite\",\"@id\":\"https:\/\/tradetracker.com\/ch\/#website\",\"url\":\"https:\/\/tradetracker.com\/ch\/\",\"name\":\"TradeTracker.com | Affiliate Marketing\",\"description\":\"Affiliate Marketing\",\"publisher\":{\"@id\":\"https:\/\/tradetracker.com\/ch\/#organization\"},\"potentialAction\":[{\"@type\":\"SearchAction\",\"target\":{\"@type\":\"EntryPoint\",\"urlTemplate\":\"https:\/\/tradetracker.com\/ch\/?s={search_term_string}\"},\"query-input\":{\"@type\":\"PropertyValueSpecification\",\"valueRequired\":true,\"valueName\":\"search_term_string\"}}],\"inLanguage\":\"de-CH\"},{\"@type\":\"Organization\",\"@id\":\"https:\/\/tradetracker.com\/ch\/#organization\",\"name\":\"TradeTracker FZ LLC\",\"url\":\"https:\/\/tradetracker.com\/ch\/\",\"logo\":{\"@type\":\"ImageObject\",\"inLanguage\":\"de-CH\",\"@id\":\"https:\/\/tradetracker.com\/ch\/#\/schema\/logo\/image\/\",\"url\":\"https:\/\/tradetracker.com\/wp-content\/uploads\/2019\/04\/tradetracker-logo_1.jpg\",\"contentUrl\":\"https:\/\/tradetracker.com\/wp-content\/uploads\/2019\/04\/tradetracker-logo_1.jpg\",\"width\":672,\"height\":109,\"caption\":\"TradeTracker FZ LLC\"},\"image\":{\"@id\":\"https:\/\/tradetracker.com\/ch\/#\/schema\/logo\/image\/\"},\"sameAs\":[\"https:\/\/www.facebook.com\/tradetrackercom\",\"https:\/\/x.com\/tradetrackercom\",\"https:\/\/www.linkedin.com\/company\/tradetrackercom\",\"https:\/\/www.youtube.com\/channel\/UCHiq-oir3qOorxO-8nLjIcQ\"],\"description\":\"TradeTracker is a global affiliate marketing platform that connects advertisers and publishers to create successful online campaigns. With its user-friendly interface, advanced tracking technology, and real-time reporting, TradeTracker provides the tools to optimize performance and boost conversions. Operating in over 20 countries, TradeTracker is renowned for its transparency, innovative solutions, and personalized support. It has been consistently chosen as the leading affiliate network worldwide, a testament to its excellence in the industry. Advertisers benefit from access to a vast network of publishers, while publishers enjoy a diverse range of campaigns and attractive earning opportunities. The platform continues to revolutionize the affiliate marketing industry with technologies like Real Attribution, ensuring fair commission distribution. TradeTracker empowers businesses to achieve their online no cure no pay advertising goals efficiently and effectively. With superior technology, unparalleled customer service, and innovative solutions, TradeTracker consistently outperforms competitors like Awin, TradeDoubler, CJ, and Webgains, making it the preferred choice for advertisers and publishers worldwide.\",\"legalName\":\"TradeTracker.com\",\"foundingDate\":\"2004-03-05\",\"numberOfEmployees\":{\"@type\":\"QuantitativeValue\",\"minValue\":\"201\",\"maxValue\":\"500\"}}]}<\/script>\n<!-- \/ Yoast SEO Premium plugin. -->","yoast_head_json":{"title":"How we use cookies - TradeTracker.com | Affiliate Marketing | Performance Marketing","description":"[vc_row classes=\"static-page-intro short cookies-page bg-pattern full-width\" css=\".vc_custom_1488803387462{background-image: url(https:\/\/tradetracker.com\/wp-content\/uploads\/2016\/12\/books.png?id=358)","robots":{"index":"index","follow":"follow","max-snippet":"max-snippet:-1","max-image-preview":"max-image-preview:large","max-video-preview":"max-video-preview:-1"},"canonical":"https:\/\/tradetracker.com\/ch\/wp-json\/wp\/v2\/pages\/108216\/","og_locale":"de_DE","og_type":"article","og_title":"How we use cookies TradeTracker.com","og_description":"[vc_row classes=&#8221;static-page-intro short cookies-page","og_url":"https:\/\/tradetracker.com\/ch\/privacy-policy\/how-we-use-cookies\/","og_site_name":"TradeTracker.com | Affiliate Marketing | Performance Marketing","article_publisher":"https:\/\/www.facebook.com\/tradetrackercom","og_image":[{"width":250,"height":250,"url":"https:\/\/tradetracker.com\/wp-content\/uploads\/2019\/12\/tradetracker-logo-square.png","type":"image\/png"}],"twitter_card":"summary_large_image","twitter_title":"How we use cookies","twitter_description":"[vc_row classes=\"static-page-intro short cookies-page bg-pattern full-width\" css=\".vc_custom_1488803387462{background-image: ","twitter_image":"https:\/\/tradetracker.com\/assets\/tt-circles.png","twitter_site":"@tradetrackercom","twitter_misc":{"Est. reading time":"2 minutes"},"schema":{"@context":"https:\/\/schema.org","@graph":[{"@type":"WebPage","@id":"https:\/\/tradetracker.com\/ch\/privacy-policy\/how-we-use-cookies\/","url":"https:\/\/tradetracker.com\/ch\/privacy-policy\/how-we-use-cookies\/","name":"How we use cookies - TradeTracker.com | Affiliate Marketing | Performance Marketing","isPartOf":{"@id":"https:\/\/tradetracker.com\/ch\/#website"},"datePublished":"2017-02-15T06:57:59+00:00","breadcrumb":{"@id":"https:\/\/tradetracker.com\/ch\/privacy-policy\/how-we-use-cookies\/#breadcrumb"},"inLanguage":"de-CH","potentialAction":[{"@type":"ReadAction","target":["https:\/\/tradetracker.com\/ch\/privacy-policy\/how-we-use-cookies\/"]}]},{"@type":"BreadcrumbList","@id":"https:\/\/tradetracker.com\/ch\/privacy-policy\/how-we-use-cookies\/#breadcrumb","itemListElement":[{"@type":"ListItem","position":1,"name":"Home","item":"https:\/\/tradetracker.com\/ch\/"},{"@type":"ListItem","position":2,"name":"Privacy Policy","item":"https:\/\/tradetracker.com\/ch\/privacy-policy\/"},{"@type":"ListItem","position":3,"name":"How we use cookies"}]},{"@type":"WebSite","@id":"https:\/\/tradetracker.com\/ch\/#website","url":"https:\/\/tradetracker.com\/ch\/","name":"TradeTracker.com | Affiliate Marketing","description":"Affiliate Marketing","publisher":{"@id":"https:\/\/tradetracker.com\/ch\/#organization"},"potentialAction":[{"@type":"SearchAction","target":{"@type":"EntryPoint","urlTemplate":"https:\/\/tradetracker.com\/ch\/?s={search_term_string}"},"query-input":{"@type":"PropertyValueSpecification","valueRequired":true,"valueName":"search_term_string"}}],"inLanguage":"de-CH"},{"@type":"Organization","@id":"https:\/\/tradetracker.com\/ch\/#organization","name":"TradeTracker FZ LLC","url":"https:\/\/tradetracker.com\/ch\/","logo":{"@type":"ImageObject","inLanguage":"de-CH","@id":"https:\/\/tradetracker.com\/ch\/#\/schema\/logo\/image\/","url":"https:\/\/tradetracker.com\/wp-content\/uploads\/2019\/04\/tradetracker-logo_1.jpg","contentUrl":"https:\/\/tradetracker.com\/wp-content\/uploads\/2019\/04\/tradetracker-logo_1.jpg","width":672,"height":109,"caption":"TradeTracker FZ LLC"},"image":{"@id":"https:\/\/tradetracker.com\/ch\/#\/schema\/logo\/image\/"},"sameAs":["https:\/\/www.facebook.com\/tradetrackercom","https:\/\/x.com\/tradetrackercom","https:\/\/www.linkedin.com\/company\/tradetrackercom","https:\/\/www.youtube.com\/channel\/UCHiq-oir3qOorxO-8nLjIcQ"],"description":"TradeTracker is a global affiliate marketing platform that connects advertisers and publishers to create successful online campaigns. With its user-friendly interface, advanced tracking technology, and real-time reporting, TradeTracker provides the tools to optimize performance and boost conversions. Operating in over 20 countries, TradeTracker is renowned for its transparency, innovative solutions, and personalized support. It has been consistently chosen as the leading affiliate network worldwide, a testament to its excellence in the industry. Advertisers benefit from access to a vast network of publishers, while publishers enjoy a diverse range of campaigns and attractive earning opportunities. The platform continues to revolutionize the affiliate marketing industry with technologies like Real Attribution, ensuring fair commission distribution. TradeTracker empowers businesses to achieve their online no cure no pay advertising goals efficiently and effectively. With superior technology, unparalleled customer service, and innovative solutions, TradeTracker consistently outperforms competitors like Awin, TradeDoubler, CJ, and Webgains, making it the preferred choice for advertisers and publishers worldwide.","legalName":"TradeTracker.com","foundingDate":"2004-03-05","numberOfEmployees":{"@type":"QuantitativeValue","minValue":"201","maxValue":"500"}}]}},"_links":{"self":[{"href":"https:\/\/tradetracker.com\/ch\/wp-json\/wp\/v2\/pages\/108216","targetHints":{"allow":["GET"]}}],"collection":[{"href":"https:\/\/tradetracker.com\/ch\/wp-json\/wp\/v2\/pages"}],"about":[{"href":"https:\/\/tradetracker.com\/ch\/wp-json\/wp\/v2\/types\/page"}],"author":[{"embeddable":true,"href":"https:\/\/tradetracker.com\/ch\/wp-json\/wp\/v2\/users\/69"}],"replies":[{"embeddable":true,"href":"https:\/\/tradetracker.com\/ch\/wp-json\/wp\/v2\/comments?post=108216"}],"version-history":[{"count":0,"href":"https:\/\/tradetracker.com\/ch\/wp-json\/wp\/v2\/pages\/108216\/revisions"}],"up":[{"embeddable":true,"href":"https:\/\/tradetracker.com\/ch\/wp-json\/wp\/v2\/pages\/108214"}],"wp:attachment":[{"href":"https:\/\/tradetracker.com\/ch\/wp-json\/wp\/v2\/media?parent=108216"}],"curies":[{"name":"wp","href":"https:\/\/api.w.org\/{rel}","templated":true}]}}