{"id":108220,"date":"2016-12-25T08:43:32","date_gmt":"2016-12-25T08:43:32","guid":{"rendered":"https:\/\/tradetracker.com\/advertiser-voraussetzungen\/"},"modified":"2025-01-17T13:29:15","modified_gmt":"2025-01-17T13:29:15","slug":"advertiser-voraussetzungen","status":"publish","type":"page","link":"https:\/\/tradetracker.com\/ch\/advertiser-voraussetzungen\/","title":{"rendered":"Qualifikationen unserer Werbekunden"},"content":{"rendered":"<div class=\"wpb-content-wrapper\"><p>[vc_row classes=&#8221;static-page-intro adv-requirements&#8221;][vc_column]<div class=\"row\"><div class=\"vc_col-sm-12\"><div class=\" static-page-intro-text \"><h1  style=\"color: #ffffff\" class=\"\">ADVERTISER-QUALIFIKATIONEN<\/h1><h2  style=\"color: #ffffff\" class=\"\">Die Erweiterung des Kampagnen-Portfolios von TradeTracker erfordert Engagement. Um unsere Netzwerk-Diversifizierung, Integrit\u00e4t und Position zu erhalten, sollten unsere neuen Kunden ein paar Qualit\u00e4ten besitzen.<\/h2><\/div>\r\n        <\/div>\r\n    <\/div>[\/vc_column][\/vc_row][vc_row][vc_column]<div class=\"space\"><\/div>[\/vc_column][\/vc_row][vc_row][vc_column][vc_wp_text title=&#8221;Renommierte Marke oder Startup?&#8221;]<\/p>\n<p>Eine Sache haben alle TradeTracker-Kampagnen gemeinsam \u2013 sie sind attraktiv, so dass Publisher daf\u00fcr werben. \u00c4hnlich wie Sie Ihr Unternehmen f\u00fchren, befinden Sie sich in einer Welt des Wettbewerbs und m\u00fcssen sich abheben.<\/p>\n<p>[\/vc_wp_text]<div class=\"space\"><\/div>[\/vc_column][\/vc_row][vc_row][vc_column width=&#8221;9\/12&#8243;][vc_wp_text title=&#8221;Management&#8221;]<\/p>\n<p>Die Plattform von TradeTrackerist ist \u00e4u\u00dferst intuitiv und f\u00fcr fast jedermann bedienbar. Aber wie sonst auch im Leben braucht es Engagement, um sie zum Erfolg zu f\u00fchren. Wir bieten Beratung und sogar vollst\u00e4ndige Programm-Management-Services an, um Ihren gesamten Bedarf abzudecken. Als Alternative dazu, Tradetracker Ihre Kampagne aufbauen und managen zu lassen, haben wir starke Beziehungen zu marktf\u00fchrenden Agenturen und machen Sie gern mit ihnen bekannt. Ihre Entscheidung, das Kampagnenmanagement auszulagern, sollte auf den folgenden Punkten basieren:<\/p>\n<ul class=\"checklist\">\n<li>M\u00f6chten Sie in ein spezialisiertes Affiliate-Marketing-Team investieren (und haben Sie die notwendigen Ressourcen daf\u00fcr)?<\/li>\n<li>Sind Sie in der Lage, den Kaufprozess Ihrer Kunden kontinuierlich zu verbessern?<\/li>\n<li>K\u00f6nnen Sie die richtigen Werbemittel erstellen, um den Bed\u00fcrfnissen Ihrer Affiliates gerecht zu werden?<\/li>\n<li>Sind Sie in der Lage, technische Anforderungen umzusetzen?<\/li>\n<li>Wird Ihre aktuelle Agentur Ihren internationalen Bed\u00fcrfnissen gerecht?<\/li>\n<\/ul>\n<p>[\/vc_wp_text]<div class=\"space\"><\/div>[\/vc_column][\/vc_row][vc_row classes=&#8221;sec-diff bg-pattern&#8221;][vc_column width=&#8221;9\/12&#8243;][vc_wp_text title=&#8221;Beziehungen aufbauen&#8221;]<\/p>\n<p>Sobald Sie das Potenzial entfesseln, das das Affiliate-Marketing zu bieten hat, werden Sie Affiliates brauchen und in einer idealen Welt brauchen diese auch Sie. Allerdings ben\u00f6tigen sie Sie nur, solange Sie wettbewerbsf\u00e4hig sind, da dies zu h\u00f6herem Umsatz f\u00fcr sie f\u00fchrt. Sehen Sie Ihre Affiliates als eine Erweiterung Ihrer Vertiebsorganisation \u2013 das hei\u00dft, sie erleben Ihre Organisationskultur. Seien Sie nicht nur gut zu ihnen, seien Sie gro\u00dfartig:<\/p>\n<ul class=\"checklist\">\n<li>Seien Sie ein proaktiver Kommunikator, offen und transparent. Teilen Sie Anderen Ihre Ziele mit, um sie zu erreichen.<\/li>\n<li>Entwickeln Sie Incentives, Pools und Wettbewerb. Stellen Sie Ziele f\u00fcr Boni auf oder bauen Sie mehrere Tiers auf.<\/li>\n<li>Seien Sie offen f\u00fcr Ideen, nutzen Sie die Weisheit der Crowd \u2013 Ihrer Affiliates.<\/li>\n<li>Senken Sie die Risiken Ihrer Affiliates. Bilden Sie Hybrid-Modelle, indem Sie ein CPM oder CPC erg\u00e4nzen.<\/li>\n<\/ul>\n<p>[\/vc_wp_text][\/vc_column][\/vc_row][vc_row classes=&#8221;bg-pattern&#8221;][vc_column width=&#8221;9\/12&#8243;]<div class=\"space\"><\/div>[vc_wp_text title=&#8221;Ziele definieren&#8221;]<\/p>\n<p>Der Aufbau einer attraktiven und stabilen Kampagne fu\u00dft auf einer Kombination wichtiger Faktoren. Eine Schl\u00fcsselkomponente sind die Ergebnisse. Denken Sie daran, dass die Publisher mit CPA-Kampagnen alles riskieren \u2013 sie haben keine Kontrolle \u00fcber die Besucher, sobald sie auf Ihre Domain gelangen, aber sie m\u00fcssen auch den ROI bestimmen, bevor sie es mit Ihnen versuchen. Definieren Sie Ihre Ziele und zeigen Sie diese in Ihrer Kampagnen-Politik:<\/p>\n<ul class=\"checklist\">\n<li>Definieren Sie Ihr Provisionsmodell: Wollen Sie Conversions, Branding oder beides?<\/li>\n<li>Erlauben Sie alle Arten von Werbemitteln oder nur bestimmte Website-Typen?<\/li>\n<li>Beginnen Sie das Gespr\u00e4ch und managen Sie Erwartungen. Was wollen Sie?<\/li>\n<li>Genehmigen Sie Transaktionen umgehend. Der Publisher investiert in Sie, revanchieren Sie sich also.<\/li>\n<li>Zahlen Sie p\u00fcnktlich und verwenden Sie Vorauskasse! Sonst entsteht ein Teufelskreis.<\/li>\n<\/ul>\n<p>[\/vc_wp_text]<div class=\"space\"><\/div>[\/vc_column][\/vc_row][vc_row classes=&#8221;cta ctamerch&#8221; el_id=&#8221;ctaaam&#8221;][vc_column]<div class=\"row\"><div class=\"vc_col-sm-12\"><h2 class=\"get_started\" style=\"color:#ffffff\">Erf\u00fcllen Sie die Anforderungen?<\/h2><p style=\"color:#ffffff\">Wir sind ein Team ergebnisorientierter Werbepartner-Junkies \u2013 auf Performance fixiert und immer bestrebt, die Werbewelt zu verbessern. Kommen Sie zu uns und erfahren Sie, wie wir Ihr Online-Gesch\u00e4ft in Schwung bringen.<\/p>        <ul class=\"cta-items\">\r\n                        <li>\r\n                <a                    class=\"cta-advertiser-signup\"                                      href=\"https:\/\/tradetracker.com\/ch\/contact-us\/\"                                   >\r\n                    Demo anfordern                <\/a>\r\n            <\/li>\r\n                        \r\n                        <li>\r\n                <a                    class=\"cta-advertiser-signup\"                                      href=\"https:\/\/merchant.tradetracker.com\/portal\/advertiserBrochure?loc=de_CH\"                                   >\r\n                    Advertiser-Brosch\u00fcre anfordern                <\/a>\r\n            <\/li>\r\n                    <\/ul>\r\n        <\/div><\/div>[\/vc_column][\/vc_row]<\/p>\n<\/div>","protected":false},"excerpt":{"rendered":"<p>[vc_row classes=&#8221;static-page-intro adv-requirements&#8221;][vc_column][\/vc_column][\/vc_row][vc_row][vc_column][\/vc_column][\/vc_row][vc_row][vc_column][vc_wp_text title=&#8221;Renommierte Marke oder Startup?&#8221;] Eine Sache haben alle TradeTracker-Kampagnen gemeinsam \u2013 sie sind attraktiv, so dass Publisher daf\u00fcr werben. \u00c4hnlich wie Sie Ihr Unternehmen f\u00fchren, befinden Sie sich in einer Welt des Wettbewerbs und m\u00fcssen sich abheben. [\/vc_wp_text][\/vc_column][\/vc_row][vc_row][vc_column width=&#8221;9\/12&#8243;][vc_wp_text title=&#8221;Management&#8221;] Die Plattform von TradeTrackerist ist \u00e4u\u00dferst intuitiv und f\u00fcr fast jedermann bedienbar.  [&#8230;]<\/p>\n","protected":false},"author":69,"featured_media":0,"parent":0,"menu_order":0,"comment_status":"closed","ping_status":"closed","template":"template-red.php","meta":{"inline_featured_image":false,"_monsterinsights_skip_tracking":false,"_monsterinsights_sitenote_active":false,"_monsterinsights_sitenote_note":"","_monsterinsights_sitenote_category":0,"footnotes":""},"class_list":["post-108220","page","type-page","status-publish","hentry"],"yoast_head":"<!-- This site is optimized with the Yoast SEO Premium plugin v27.0 (Yoast SEO v27.0) - https:\/\/yoast.com\/product\/yoast-seo-premium-wordpress\/ -->\n<title>Qualifikationen unserer Werbekunden - TradeTracker.com | Affiliate Marketing | Performance Marketing<\/title>\n<meta name=\"description\" content=\"ADVERTISER-QUALIFIKATIONENDie Erweiterung des Kampagnen-Portfolios von TradeTracker erfordert Engagement. Um unsere Netzwerk-Diversifizierung, Integrit\u00e4t und Position zu erhalten, sollten unsere neuen Kunden ein paar\" \/>\n<meta name=\"robots\" content=\"index, follow, max-snippet:-1, max-image-preview:large, max-video-preview:-1\" \/>\n<link rel=\"canonical\" href=\"https:\/\/tradetracker.com\/ch\/wp-json\/wp\/v2\/pages\/108220\/\" \/>\n<meta property=\"og:locale\" content=\"de_DE\" \/>\n<meta property=\"og:type\" content=\"article\" \/>\n<meta property=\"og:title\" content=\"Qualifikationen unserer Werbekunden TradeTracker.com\" \/>\n<meta property=\"og:description\" content=\"ADVERTISER-QUALIFIKATIONENDie Erweiterung des\" \/>\n<meta property=\"og:url\" content=\"https:\/\/tradetracker.com\/ch\/advertiser-voraussetzungen\/\" \/>\n<meta property=\"og:site_name\" content=\"TradeTracker.com | Affiliate Marketing | Performance Marketing\" \/>\n<meta property=\"article:publisher\" content=\"https:\/\/www.facebook.com\/tradetrackercom\" \/>\n<meta property=\"article:modified_time\" content=\"2025-01-17T13:29:15+00:00\" \/>\n<meta property=\"og:image\" content=\"https:\/\/tradetracker.com\/wp-content\/uploads\/2019\/12\/tradetracker-logo-square.png\" \/>\n\t<meta property=\"og:image:width\" content=\"250\" \/>\n\t<meta property=\"og:image:height\" content=\"250\" \/>\n\t<meta property=\"og:image:type\" content=\"image\/png\" \/>\n<meta name=\"twitter:card\" content=\"summary_large_image\" \/>\n<meta name=\"twitter:title\" content=\"Qualifikationen unserer Werbekunden\" \/>\n<meta name=\"twitter:description\" content=\"ADVERTISER-QUALIFIKATIONENDie Erweiterung des Kampagnen-Portfolios von TradeTracker erfordert Engagement. Um unsere \" \/>\n<meta name=\"twitter:image\" content=\"https:\/\/tradetracker.com\/assets\/tt-circles.png\" \/>\n<meta name=\"twitter:site\" content=\"@tradetrackercom\" \/>\n<meta name=\"twitter:label1\" content=\"Est. reading time\" \/>\n\t<meta name=\"twitter:data1\" content=\"3 minutes\" \/>\n<script type=\"application\/ld+json\" class=\"yoast-schema-graph\">{\"@context\":\"https:\/\/schema.org\",\"@graph\":[{\"@type\":\"WebPage\",\"@id\":\"https:\/\/tradetracker.com\/ch\/advertiser-voraussetzungen\/\",\"url\":\"https:\/\/tradetracker.com\/ch\/advertiser-voraussetzungen\/\",\"name\":\"Qualifikationen unserer Werbekunden - TradeTracker.com | Affiliate Marketing | Performance Marketing\",\"isPartOf\":{\"@id\":\"https:\/\/tradetracker.com\/ch\/#website\"},\"datePublished\":\"2016-12-25T08:43:32+00:00\",\"dateModified\":\"2025-01-17T13:29:15+00:00\",\"breadcrumb\":{\"@id\":\"https:\/\/tradetracker.com\/ch\/advertiser-voraussetzungen\/#breadcrumb\"},\"inLanguage\":\"de-CH\",\"potentialAction\":[{\"@type\":\"ReadAction\",\"target\":[\"https:\/\/tradetracker.com\/ch\/advertiser-voraussetzungen\/\"]}]},{\"@type\":\"BreadcrumbList\",\"@id\":\"https:\/\/tradetracker.com\/ch\/advertiser-voraussetzungen\/#breadcrumb\",\"itemListElement\":[{\"@type\":\"ListItem\",\"position\":1,\"name\":\"Home\",\"item\":\"https:\/\/tradetracker.com\/ch\/\"},{\"@type\":\"ListItem\",\"position\":2,\"name\":\"Qualifikationen unserer Werbekunden\"}]},{\"@type\":\"WebSite\",\"@id\":\"https:\/\/tradetracker.com\/ch\/#website\",\"url\":\"https:\/\/tradetracker.com\/ch\/\",\"name\":\"TradeTracker.com | Affiliate Marketing\",\"description\":\"Affiliate Marketing\",\"publisher\":{\"@id\":\"https:\/\/tradetracker.com\/ch\/#organization\"},\"potentialAction\":[{\"@type\":\"SearchAction\",\"target\":{\"@type\":\"EntryPoint\",\"urlTemplate\":\"https:\/\/tradetracker.com\/ch\/?s={search_term_string}\"},\"query-input\":{\"@type\":\"PropertyValueSpecification\",\"valueRequired\":true,\"valueName\":\"search_term_string\"}}],\"inLanguage\":\"de-CH\"},{\"@type\":\"Organization\",\"@id\":\"https:\/\/tradetracker.com\/ch\/#organization\",\"name\":\"TradeTracker FZ LLC\",\"url\":\"https:\/\/tradetracker.com\/ch\/\",\"logo\":{\"@type\":\"ImageObject\",\"inLanguage\":\"de-CH\",\"@id\":\"https:\/\/tradetracker.com\/ch\/#\/schema\/logo\/image\/\",\"url\":\"https:\/\/tradetracker.com\/wp-content\/uploads\/2019\/04\/tradetracker-logo_1.jpg\",\"contentUrl\":\"https:\/\/tradetracker.com\/wp-content\/uploads\/2019\/04\/tradetracker-logo_1.jpg\",\"width\":672,\"height\":109,\"caption\":\"TradeTracker FZ LLC\"},\"image\":{\"@id\":\"https:\/\/tradetracker.com\/ch\/#\/schema\/logo\/image\/\"},\"sameAs\":[\"https:\/\/www.facebook.com\/tradetrackercom\",\"https:\/\/x.com\/tradetrackercom\",\"https:\/\/www.linkedin.com\/company\/tradetrackercom\",\"https:\/\/www.youtube.com\/channel\/UCHiq-oir3qOorxO-8nLjIcQ\"],\"description\":\"TradeTracker is a global affiliate marketing platform that connects advertisers and publishers to create successful online campaigns. With its user-friendly interface, advanced tracking technology, and real-time reporting, TradeTracker provides the tools to optimize performance and boost conversions. Operating in over 20 countries, TradeTracker is renowned for its transparency, innovative solutions, and personalized support. It has been consistently chosen as the leading affiliate network worldwide, a testament to its excellence in the industry. Advertisers benefit from access to a vast network of publishers, while publishers enjoy a diverse range of campaigns and attractive earning opportunities. The platform continues to revolutionize the affiliate marketing industry with technologies like Real Attribution, ensuring fair commission distribution. TradeTracker empowers businesses to achieve their online no cure no pay advertising goals efficiently and effectively. With superior technology, unparalleled customer service, and innovative solutions, TradeTracker consistently outperforms competitors like Awin, TradeDoubler, CJ, and Webgains, making it the preferred choice for advertisers and publishers worldwide.\",\"legalName\":\"TradeTracker.com\",\"foundingDate\":\"2004-03-05\",\"numberOfEmployees\":{\"@type\":\"QuantitativeValue\",\"minValue\":\"201\",\"maxValue\":\"500\"}}]}<\/script>\n<!-- \/ Yoast SEO Premium plugin. -->","yoast_head_json":{"title":"Qualifikationen unserer Werbekunden - TradeTracker.com | Affiliate Marketing | Performance Marketing","description":"ADVERTISER-QUALIFIKATIONENDie Erweiterung des Kampagnen-Portfolios von TradeTracker erfordert Engagement. Um unsere Netzwerk-Diversifizierung, Integrit\u00e4t und Position zu erhalten, sollten unsere neuen Kunden ein paar","robots":{"index":"index","follow":"follow","max-snippet":"max-snippet:-1","max-image-preview":"max-image-preview:large","max-video-preview":"max-video-preview:-1"},"canonical":"https:\/\/tradetracker.com\/ch\/wp-json\/wp\/v2\/pages\/108220\/","og_locale":"de_DE","og_type":"article","og_title":"Qualifikationen unserer Werbekunden TradeTracker.com","og_description":"ADVERTISER-QUALIFIKATIONENDie Erweiterung des","og_url":"https:\/\/tradetracker.com\/ch\/advertiser-voraussetzungen\/","og_site_name":"TradeTracker.com | Affiliate Marketing | Performance Marketing","article_publisher":"https:\/\/www.facebook.com\/tradetrackercom","article_modified_time":"2025-01-17T13:29:15+00:00","og_image":[{"width":250,"height":250,"url":"https:\/\/tradetracker.com\/wp-content\/uploads\/2019\/12\/tradetracker-logo-square.png","type":"image\/png"}],"twitter_card":"summary_large_image","twitter_title":"Qualifikationen unserer Werbekunden","twitter_description":"ADVERTISER-QUALIFIKATIONENDie Erweiterung des Kampagnen-Portfolios von TradeTracker erfordert Engagement. Um unsere ","twitter_image":"https:\/\/tradetracker.com\/assets\/tt-circles.png","twitter_site":"@tradetrackercom","twitter_misc":{"Est. reading time":"3 minutes"},"schema":{"@context":"https:\/\/schema.org","@graph":[{"@type":"WebPage","@id":"https:\/\/tradetracker.com\/ch\/advertiser-voraussetzungen\/","url":"https:\/\/tradetracker.com\/ch\/advertiser-voraussetzungen\/","name":"Qualifikationen unserer Werbekunden - TradeTracker.com | Affiliate Marketing | Performance Marketing","isPartOf":{"@id":"https:\/\/tradetracker.com\/ch\/#website"},"datePublished":"2016-12-25T08:43:32+00:00","dateModified":"2025-01-17T13:29:15+00:00","breadcrumb":{"@id":"https:\/\/tradetracker.com\/ch\/advertiser-voraussetzungen\/#breadcrumb"},"inLanguage":"de-CH","potentialAction":[{"@type":"ReadAction","target":["https:\/\/tradetracker.com\/ch\/advertiser-voraussetzungen\/"]}]},{"@type":"BreadcrumbList","@id":"https:\/\/tradetracker.com\/ch\/advertiser-voraussetzungen\/#breadcrumb","itemListElement":[{"@type":"ListItem","position":1,"name":"Home","item":"https:\/\/tradetracker.com\/ch\/"},{"@type":"ListItem","position":2,"name":"Qualifikationen unserer Werbekunden"}]},{"@type":"WebSite","@id":"https:\/\/tradetracker.com\/ch\/#website","url":"https:\/\/tradetracker.com\/ch\/","name":"TradeTracker.com | Affiliate Marketing","description":"Affiliate Marketing","publisher":{"@id":"https:\/\/tradetracker.com\/ch\/#organization"},"potentialAction":[{"@type":"SearchAction","target":{"@type":"EntryPoint","urlTemplate":"https:\/\/tradetracker.com\/ch\/?s={search_term_string}"},"query-input":{"@type":"PropertyValueSpecification","valueRequired":true,"valueName":"search_term_string"}}],"inLanguage":"de-CH"},{"@type":"Organization","@id":"https:\/\/tradetracker.com\/ch\/#organization","name":"TradeTracker FZ LLC","url":"https:\/\/tradetracker.com\/ch\/","logo":{"@type":"ImageObject","inLanguage":"de-CH","@id":"https:\/\/tradetracker.com\/ch\/#\/schema\/logo\/image\/","url":"https:\/\/tradetracker.com\/wp-content\/uploads\/2019\/04\/tradetracker-logo_1.jpg","contentUrl":"https:\/\/tradetracker.com\/wp-content\/uploads\/2019\/04\/tradetracker-logo_1.jpg","width":672,"height":109,"caption":"TradeTracker FZ LLC"},"image":{"@id":"https:\/\/tradetracker.com\/ch\/#\/schema\/logo\/image\/"},"sameAs":["https:\/\/www.facebook.com\/tradetrackercom","https:\/\/x.com\/tradetrackercom","https:\/\/www.linkedin.com\/company\/tradetrackercom","https:\/\/www.youtube.com\/channel\/UCHiq-oir3qOorxO-8nLjIcQ"],"description":"TradeTracker is a global affiliate marketing platform that connects advertisers and publishers to create successful online campaigns. With its user-friendly interface, advanced tracking technology, and real-time reporting, TradeTracker provides the tools to optimize performance and boost conversions. Operating in over 20 countries, TradeTracker is renowned for its transparency, innovative solutions, and personalized support. It has been consistently chosen as the leading affiliate network worldwide, a testament to its excellence in the industry. Advertisers benefit from access to a vast network of publishers, while publishers enjoy a diverse range of campaigns and attractive earning opportunities. The platform continues to revolutionize the affiliate marketing industry with technologies like Real Attribution, ensuring fair commission distribution. TradeTracker empowers businesses to achieve their online no cure no pay advertising goals efficiently and effectively. With superior technology, unparalleled customer service, and innovative solutions, TradeTracker consistently outperforms competitors like Awin, TradeDoubler, CJ, and Webgains, making it the preferred choice for advertisers and publishers worldwide.","legalName":"TradeTracker.com","foundingDate":"2004-03-05","numberOfEmployees":{"@type":"QuantitativeValue","minValue":"201","maxValue":"500"}}]}},"_links":{"self":[{"href":"https:\/\/tradetracker.com\/ch\/wp-json\/wp\/v2\/pages\/108220","targetHints":{"allow":["GET"]}}],"collection":[{"href":"https:\/\/tradetracker.com\/ch\/wp-json\/wp\/v2\/pages"}],"about":[{"href":"https:\/\/tradetracker.com\/ch\/wp-json\/wp\/v2\/types\/page"}],"author":[{"embeddable":true,"href":"https:\/\/tradetracker.com\/ch\/wp-json\/wp\/v2\/users\/69"}],"replies":[{"embeddable":true,"href":"https:\/\/tradetracker.com\/ch\/wp-json\/wp\/v2\/comments?post=108220"}],"version-history":[{"count":1,"href":"https:\/\/tradetracker.com\/ch\/wp-json\/wp\/v2\/pages\/108220\/revisions"}],"predecessor-version":[{"id":1134689,"href":"https:\/\/tradetracker.com\/ch\/wp-json\/wp\/v2\/pages\/108220\/revisions\/1134689"}],"wp:attachment":[{"href":"https:\/\/tradetracker.com\/ch\/wp-json\/wp\/v2\/media?parent=108220"}],"curies":[{"name":"wp","href":"https:\/\/api.w.org\/{rel}","templated":true}]}}