{"id":108245,"date":"2017-02-09T13:12:46","date_gmt":"2017-02-09T13:12:46","guid":{"rendered":"https:\/\/tradetracker.com\/knowledge-centre\/for-publishers\/"},"modified":"2021-12-03T00:22:33","modified_gmt":"2021-12-03T00:22:33","slug":"for-publishers","status":"publish","type":"page","link":"https:\/\/tradetracker.com\/ch\/knowledge-centre\/for-publishers\/","title":{"rendered":"For Publishers"},"content":{"rendered":"<div class=\"wpb-content-wrapper\"><p>[vc_row el_id=&#8221;kc-top&#8221; classes=&#8221;part-fullsection section-kc-topics bg-color10 bg-pattern full-width&#8221;][vc_column]<div class=\"row\"><div class=\"vc_col-sm-12\"><div class=\" static-page-intro-text \"><h1  style=\"color: #ffffff\" class=\"\">WISSENSDATENBANK<\/h1><h2  style=\"color: #ffffff\" class=\"\">Verstehen Sie die Grundlagen einer Kampagne. Hier finden Sie ein Informationen f\u00fcr eine kurze Einf\u00fchrung ins Affiliate-Marketing und die Tradetracker-Plattform.<\/h2><\/div>\r\n        <\/div>\r\n    <\/div>[vc_wp_text]<\/p>\n<div id=\"kc-tab-wrap\">\n<ul>\n<li><a href=\"\/ch\/knowledge-centre\/gdpr\/#for-advertiser\/\">F\u00fcr Advertiser<\/a><\/li>\n<li class=\"active\"><a href=\"\/ch\/knowledge-centre\/for-publishers\/\">F\u00fcr Publisher<\/a><\/li>\n<li class=\"\"><a href=\"\/ch\/knowledge-centre\/glossary\/\">Glossar<\/a><\/li>\n<li class=\"\"><a href=\"\/ch\/knowledge-centre\/gdpr\/\">GDPR<\/a><\/li>\n<\/ul>\n<\/div>\n<p>[\/vc_wp_text][\/vc_column][\/vc_row][vc_row el_id=&#8221;kc-content&#8221;][vc_column]    <div class=\"row\">\r\n        <div class=\"vc_col-sm-12\">\r\n            <div class=\"space\"><\/div>\r\n            <ul class=\"toggle\">\r\n                                            <li class=\"kc-topic active\"><a class=\"tgg-title\">\r\n                                <div class=\"feature-less-text\">Less<\/div>Wie kann ich einen TradeTracker-Account er\u00f6ffnen?<\/a>\r\n                        \r\n                        <div class=\"tgg-content\">\r\n                            <p><p>Die Anmeldung f\u00fcr einen Publisher-Account ist kostenlos. Einmal registriert, wird Ihre Website von einem unserer Publisher-Manager zur Genehmigung bewertet. Nach Genehmigung k\u00f6nnen Sie Werbung f\u00fcr Ihre Auswahl von Advertisern sofort beginnen. Starten Sie jetzt und <a href=\"https:\/\/affiliate.tradetracker.com\/signup\/step1?loc=de_CH\">erstellen Sie einen Publisher-Account<\/a>.<\/p>\n<\/p>\r\n                        <\/div>\r\n                        <\/li>\r\n                                                    <li class=\"kc-topic\"><a class=\"tgg-title\">\r\n                                <div class=\"feature-less-text\">Less<\/div>Wie beginne ich mit der Monetarisierung meiner Inhalte?<\/a>\r\n                        \r\n                        <div class=\"tgg-content\">\r\n                            <p><p>Unsere Affiliate-Marketing-Plattform bietet Ihnen die Werkzeuge, um Inhalte bekannter Marken auf Ihrer Website zu platzieren. Mit der Plattform k\u00f6nnen Sie die Leistung und Effektivit\u00e4t der verwendeten Werbematerialien detailliert \u00fcberwachen. Mit umfangreichen Berichtsfunktionen k\u00f6nnen Sie reagieren und Ihre Online-Bem\u00fchungen weiter optimieren.<\/p>\n<\/p>\r\n                        <\/div>\r\n                        <\/li>\r\n                                                    <li class=\"kc-topic\"><a class=\"tgg-title\">\r\n                                <div class=\"feature-less-text\">Less<\/div>Wie oft werde ich bezahlt?<\/a>\r\n                        \r\n                        <div class=\"tgg-content\">\r\n                            <p><p>Wir verstehen, dass Sie eine gewisse finanzielle Unterst\u00fctzung ben\u00f6tigen, um eine erstklassigen Website pflegen zu k\u00f6nnen. Deshalb zahlt TradeTracker Ihre Provision bis zu 4 mal pro Monat aus. Sie k\u00f6nnen sogar unsere Super-Fast-Payment-L\u00f6sung beantragen, die Provisionen innerhalb von Stunden nach einer Transaktionsgenehmigung verf\u00fcgbar macht.<br \/>\nAls Partner besitzen Sie die volle Kontrolle \u00fcber Ihre Zahlungen und k\u00f6nnen die H\u00e4ufigkeit Ihrer Auszahlungen \u00e4ndern, wann immer Sie wollen.<br \/>\nMonatlich<br \/>\nWenn Sie Ihre monatliche Auszahlungen eingestellt haben, erfolgt die Ihre Zahlung jeweils am 1. eines jeden Monats.<br \/>\nZweimal im Monat<br \/>\nWenn Sie Ihre Auszahlung zweimal im Monat vornehmen wollen, erfolgt die Zahlung am 7. und 21. eines jeden Monats.<br \/>\nViermal im Monat<br \/>\nAuswahl einer Auszahlungh\u00e4ufigkeit von viermal im Monat bedeutet, dass Ihre Zahlungen am 7., 14., 21. und 28. eines jeden Monats erfolgen.<br \/>\nBei Bedarf k\u00f6nnen Sie Auszahlungen pausieren lassen, indem Sie die Option \u201eOn-hold\u201c setzen. Sie k\u00f6nnen auch den Mindestauszahlungsbetrag von Transfers bestimmen.<br \/>\nZahlungen erfolgen kurz nach Zahlungsmitteilungen und k\u00f6nnen entweder bequem per PayPal oder \u00dcberweisung erfolgen.<\/p>\n<\/p>\r\n                        <\/div>\r\n                        <\/li>\r\n                                                    <li class=\"kc-topic\"><a class=\"tgg-title\">\r\n                                <div class=\"feature-less-text\">Less<\/div>Was ist Super Fast Payment?<\/a>\r\n                        \r\n                        <div class=\"tgg-content\">\r\n                            <p><p>Neben unserer Auszahlungh\u00e4ufigkeit von bis zu vier Mal im Monat k\u00f6nnen Sie auch unser einzigartiges \u201eSuper Fast Payment\u201c-Verfahren w\u00e4hlen, das die Provision innerhalb von Stunden nach der Bewilligung verf\u00fcgbar macht. Sie k\u00f6nnen diese Funktion eingehend mit Ihrem Account-Manager besprechen.<\/p>\n<\/p>\r\n                        <\/div>\r\n                        <\/li>\r\n                                                    <li class=\"kc-topic\"><a class=\"tgg-title\">\r\n                                <div class=\"feature-less-text\">Less<\/div>HWie kann ich mich f\u00fcr mehrere L\u00e4nder anmelden?<\/a>\r\n                        \r\n                        <div class=\"tgg-content\">\r\n                            <p><p>Wenn Sie Interesse daran haben, auf Ihrer Website Werbung f\u00fcr Advertiser aus mehreren L\u00e4ndern zu schalten, dann k\u00f6nnen Sie Ihre Website in Ihrer Affiliate-Schnittstelle einer anderen Tradetracker-Region hinzuf\u00fcgen. Navigieren Sie einfach nach \u201eAccount -> My Sites\u201c, und klicken Sie dann auf den Link \u201eAdd new site\u201c. Sie k\u00f6nnen dann das zus\u00e4tzliche Gebiet ausw\u00e4hlen, das Sie auf Ihrer Website abdecken m\u00f6chten.<br \/>\nSobald Ihr Antrag bewilligt wurde, k\u00f6nnen Sie Ihre Aktivit\u00e4ten f\u00fcr diese Region verwalten, indem Sie sie aus dem Dropdown-Men\u00fc am Seitenanfang die entsprechenden L\u00e4nder ausw\u00e4hlen.<\/p>\n<\/p>\r\n                        <\/div>\r\n                        <\/li>\r\n                                                    <li class=\"kc-topic\"><a class=\"tgg-title\">\r\n                                <div class=\"feature-less-text\">Less<\/div>Kann ich mein Tracking individuell anpassen?<\/a>\r\n                        \r\n                        <div class=\"tgg-content\">\r\n                            <p><p>Ja, das k\u00f6nnen Sie! Abgesehen von unseren fortschrittlichen Technologien bei der Registrierung von Conversions stellen wir weitere anpassbare Funktionen zur Verf\u00fcgung, die Sie konfigurieren k\u00f6nnen. Zum Beispiel k\u00f6nnen Sie von der Benutzeroberfl\u00e4che aus Ihrem Link eine eindeutige Referenznummer (oder \u201esubid\u201c) hinzuf\u00fcgen oder einen Call-back-Ort nennen, so dass Conversions an Ihre eigenen Statistik-Server weitergeleitet werden. Es ist sogar m\u00f6glich, einen Tracking-Tag Dritter zu platzieren.<\/p>\n<\/p>\r\n                        <\/div>\r\n                        <\/li>\r\n                                                    <li class=\"kc-topic\"><a class=\"tgg-title\">\r\n                                <div class=\"feature-less-text\">Less<\/div>Stellen Sie eine API zur Verf\u00fcgung?<\/a>\r\n                        \r\n                        <div class=\"tgg-content\">\r\n                            <p><p>Ja, das tun wir! Mit dem Application Programming Interface (API oder Web-Service) haben Sie Funktionen und Informationen zur Verf\u00fcgung und k\u00f6nnen innerhalb der Software und programmgesteuert Zugriff auf die Daten in Ihrem Account zugreifen. Einige grundlegende API-Funktionen umfassen: Abrufen von Account-Daten, Kampagneninformationen, Transaktionsinformationen, Produkt-Feed-Daten, Zahlungsinformationen, Werbematerialien oder eine Kombination mehrerer Aspekte unter anderem bei der Erzeugung erweiterter, benutzerdefinierter Berichte oder der Anbindung Ihrer eigenen Statistik-Software.<br \/>\nUnsere Web-Services basieren auf dem SOAP-Protokoll. Dieses Protokoll ist eine Spezifikation f\u00fcr den Austausch strukturierter Informationen \u00fcber Web-Services. Der Zugang zu unserer API kann ganz einfach von Ihrem Account aus angefordert werden.<\/p>\n<\/p>\r\n                        <\/div>\r\n                        <\/li>\r\n                                                    <li class=\"kc-topic\"><a class=\"tgg-title\">\r\n                                <div class=\"feature-less-text\">Less<\/div>Welche Werbemittel werden angeboten?<\/a>\r\n                        \r\n                        <div class=\"tgg-content\">\r\n                            <p><p>Sie k\u00f6nnen aus einer breiten Palette von Werbemitteln zur Platzierung auf Ihrer Website ausw\u00e4hlen, wie beispielsweise Textlinks, Banner, Produkt-Feeds, Widgets und Gutschein\/Rabatt-Codes. F\u00fcr Banner Sie k\u00f6nnen einen Rotator einrichten, der sich auf Basis von Ihnen gelieferter Kennzahlen (wie EPC) automatisch optimiert.<\/p>\n<\/p>\r\n                        <\/div>\r\n                        <\/li>\r\n                                                    <li class=\"kc-topic\"><a class=\"tgg-title\">\r\n                                <div class=\"feature-less-text\">Less<\/div>Was kann ich mit \u201ePage Tools\u201c machen?<\/a>\r\n                        \r\n                        <div class=\"tgg-content\">\r\n                            <p><p>Als Affiliate haben Sie Zugang zu den TradeTracker \u201ePage Tools\u201c. Mit dieser Tool-Sammlung k\u00f6nnen Sie innerhalb der TradeTracker-Benutzeroberfl\u00e4che schnell Inhalte auf Ihren Websites verwalten<br \/>\nSie k\u00f6nnen einfach die Sichtbarkeit von Funktionen wie Widgets (Vergleichs-Tools) und unsere Link-Replacer ein- und ausschalten. Dies ist das perfekte Werkzeug zum automatischen Erzeugen ausgehender Tracking-Links f\u00fcr Advertiser.<\/p>\n<\/p>\r\n                        <\/div>\r\n                        <\/li>\r\n                                                    <li class=\"kc-topic\"><a class=\"tgg-title\">\r\n                                <div class=\"feature-less-text\">Less<\/div>Was sind Widgets?<\/a>\r\n                        \r\n                        <div class=\"tgg-content\">\r\n                            <p><p>Widgets sind Module mit dynamisch generierten Inhalten, die Sie Ihrer Website durch Platzierung eines einfache Codes hinzuf\u00fcgen k\u00f6nnen. Das Ergebnis kann eine anspruchsvolle Reisesuchmaschine oder ein Werkzeug sein, in dem Modeartikel verglichen werden k\u00f6nnen.<br \/>\nAlle diese Widgets k\u00f6nnen im Abschnitt \u201ePage Tools\u201c in der Affiliate-Benutzeroberfl\u00e4che verwaltet werden.<\/p>\n<\/p>\r\n                        <\/div>\r\n                        <\/li>\r\n                                                    <li class=\"kc-topic\"><a class=\"tgg-title\">\r\n                                <div class=\"feature-less-text\">Less<\/div>Kann ich weitere Hilfe bekommen?<\/a>\r\n                        \r\n                        <div class=\"tgg-content\">\r\n                            <p><p>Nat\u00fcrlich! Wir wollen die beste verf\u00fcgbare Affiliate-Software-Schnittstelle bereitstellen. Als wir uns auf Benutzerfreundlichkeit ausgerichtet haben, haben wir etwas gestaltet, damit unsere Kunden nicht verwirrt werden. Doch in einem sich schnell ver\u00e4ndernden Umfeld wie dem Internet tauchen unweigerlich auch Fragen auf. Gl\u00fccklicherweise gibt es ein Team qualifizierter Fachleute, die helfen, wenn Sie nicht weiterkommen.<\/p>\n<\/p>\r\n                        <\/div>\r\n                        <\/li>\r\n                                    <\/ul>\r\n            <div class=\"space\"><\/div>\r\n        <\/div>\r\n    <\/div>\r\n    [\/vc_column][\/vc_row]<\/p>\n<\/div>","protected":false},"excerpt":{"rendered":"<p>[vc_row el_id=&#8221;kc-top&#8221; classes=&#8221;part-fullsection section-kc-topics bg-color10 bg-pattern full-width&#8221;][vc_column][vc_wp_text] F\u00fcr Advertiser F\u00fcr Publisher Glossar GDPR [\/vc_wp_text][\/vc_column][\/vc_row][vc_row el_id=&#8221;kc-content&#8221;][vc_column][\/vc_column][\/vc_row]<\/p>\n","protected":false},"author":69,"featured_media":0,"parent":108243,"menu_order":0,"comment_status":"closed","ping_status":"closed","template":"","meta":{"inline_featured_image":false,"_monsterinsights_skip_tracking":false,"_monsterinsights_sitenote_active":false,"_monsterinsights_sitenote_note":"","_monsterinsights_sitenote_category":0,"footnotes":""},"class_list":["post-108245","page","type-page","status-publish","hentry"],"yoast_head":"<!-- This site is optimized with the Yoast SEO Premium plugin v27.0 (Yoast SEO v27.0) - https:\/\/yoast.com\/product\/yoast-seo-premium-wordpress\/ -->\n<title>For Publishers - TradeTracker.com | Affiliate Marketing | Performance Marketing<\/title>\n<meta name=\"description\" content=\"WISSENSDATENBANKVerstehen Sie die Grundlagen einer Kampagne. Hier finden Sie ein Informationen f\u00fcr eine kurze Einf\u00fchrung ins Affiliate-Marketing und die Tradetracker-Plattform. F\u00fcr Advertiser\nF\u00fcr Publisher\nGlossar\" \/>\n<meta name=\"robots\" content=\"index, follow, max-snippet:-1, max-image-preview:large, max-video-preview:-1\" \/>\n<link rel=\"canonical\" href=\"https:\/\/tradetracker.com\/ch\/wp-json\/wp\/v2\/pages\/108245\/\" \/>\n<meta property=\"og:locale\" content=\"de_DE\" \/>\n<meta property=\"og:type\" content=\"article\" \/>\n<meta property=\"og:title\" content=\"Kann ich weitere Hilfe bekommen? TradeTracker.com\" \/>\n<meta property=\"og:description\" content=\"Nat\u00fcrlich! Wir wollen die beste verf\u00fcgbare\" \/>\n<meta property=\"og:url\" content=\"https:\/\/tradetracker.com\/ch\/knowledge-centre\/for-publishers\/\" \/>\n<meta property=\"og:site_name\" content=\"TradeTracker.com | Affiliate Marketing | Performance Marketing\" \/>\n<meta property=\"article:publisher\" content=\"https:\/\/www.facebook.com\/tradetrackercom\" \/>\n<meta property=\"article:modified_time\" content=\"2021-12-03T00:22:33+00:00\" \/>\n<meta property=\"og:image\" content=\"https:\/\/tradetracker.com\/wp-content\/uploads\/2019\/12\/tradetracker-logo-square.png\" \/>\n\t<meta property=\"og:image:width\" content=\"250\" \/>\n\t<meta property=\"og:image:height\" content=\"250\" \/>\n\t<meta property=\"og:image:type\" content=\"image\/png\" \/>\n<meta name=\"twitter:card\" content=\"summary_large_image\" \/>\n<meta name=\"twitter:title\" content=\"Kann ich weitere Hilfe bekommen?\" \/>\n<meta name=\"twitter:description\" content=\"Nat\u00fcrlich! Wir wollen die beste verf\u00fcgbare Affiliate-Software-Schnittstelle bereitstellen. Als wir uns auf \" \/>\n<meta name=\"twitter:image\" content=\"https:\/\/tradetracker.com\/assets\/tt-circles.png\" \/>\n<meta name=\"twitter:site\" content=\"@tradetrackercom\" \/>\n<script type=\"application\/ld+json\" class=\"yoast-schema-graph\">{\"@context\":\"https:\/\/schema.org\",\"@graph\":[{\"@type\":\"WebPage\",\"@id\":\"https:\/\/tradetracker.com\/ch\/knowledge-centre\/for-publishers\/\",\"url\":\"https:\/\/tradetracker.com\/ch\/knowledge-centre\/for-publishers\/\",\"name\":\"For Publishers - TradeTracker.com | Affiliate Marketing | Performance Marketing\",\"isPartOf\":{\"@id\":\"https:\/\/tradetracker.com\/ch\/#website\"},\"datePublished\":\"2017-02-09T13:12:46+00:00\",\"dateModified\":\"2021-12-03T00:22:33+00:00\",\"breadcrumb\":{\"@id\":\"https:\/\/tradetracker.com\/ch\/knowledge-centre\/for-publishers\/#breadcrumb\"},\"inLanguage\":\"de-CH\",\"potentialAction\":[{\"@type\":\"ReadAction\",\"target\":[\"https:\/\/tradetracker.com\/ch\/knowledge-centre\/for-publishers\/\"]}]},{\"@type\":\"BreadcrumbList\",\"@id\":\"https:\/\/tradetracker.com\/ch\/knowledge-centre\/for-publishers\/#breadcrumb\",\"itemListElement\":[{\"@type\":\"ListItem\",\"position\":1,\"name\":\"Home\",\"item\":\"https:\/\/tradetracker.com\/ch\/\"},{\"@type\":\"ListItem\",\"position\":2,\"name\":\"Wissensdatenbank\",\"item\":\"https:\/\/tradetracker.com\/ch\/knowledge-centre\/\"},{\"@type\":\"ListItem\",\"position\":3,\"name\":\"For Publishers\"}]},{\"@type\":\"WebSite\",\"@id\":\"https:\/\/tradetracker.com\/ch\/#website\",\"url\":\"https:\/\/tradetracker.com\/ch\/\",\"name\":\"TradeTracker.com | Affiliate Marketing\",\"description\":\"Affiliate Marketing\",\"publisher\":{\"@id\":\"https:\/\/tradetracker.com\/ch\/#organization\"},\"potentialAction\":[{\"@type\":\"SearchAction\",\"target\":{\"@type\":\"EntryPoint\",\"urlTemplate\":\"https:\/\/tradetracker.com\/ch\/?s={search_term_string}\"},\"query-input\":{\"@type\":\"PropertyValueSpecification\",\"valueRequired\":true,\"valueName\":\"search_term_string\"}}],\"inLanguage\":\"de-CH\"},{\"@type\":\"Organization\",\"@id\":\"https:\/\/tradetracker.com\/ch\/#organization\",\"name\":\"TradeTracker FZ LLC\",\"url\":\"https:\/\/tradetracker.com\/ch\/\",\"logo\":{\"@type\":\"ImageObject\",\"inLanguage\":\"de-CH\",\"@id\":\"https:\/\/tradetracker.com\/ch\/#\/schema\/logo\/image\/\",\"url\":\"https:\/\/tradetracker.com\/wp-content\/uploads\/2019\/04\/tradetracker-logo_1.jpg\",\"contentUrl\":\"https:\/\/tradetracker.com\/wp-content\/uploads\/2019\/04\/tradetracker-logo_1.jpg\",\"width\":672,\"height\":109,\"caption\":\"TradeTracker FZ LLC\"},\"image\":{\"@id\":\"https:\/\/tradetracker.com\/ch\/#\/schema\/logo\/image\/\"},\"sameAs\":[\"https:\/\/www.facebook.com\/tradetrackercom\",\"https:\/\/x.com\/tradetrackercom\",\"https:\/\/www.linkedin.com\/company\/tradetrackercom\",\"https:\/\/www.youtube.com\/channel\/UCHiq-oir3qOorxO-8nLjIcQ\"],\"description\":\"TradeTracker is a global affiliate marketing platform that connects advertisers and publishers to create successful online campaigns. With its user-friendly interface, advanced tracking technology, and real-time reporting, TradeTracker provides the tools to optimize performance and boost conversions. Operating in over 20 countries, TradeTracker is renowned for its transparency, innovative solutions, and personalized support. It has been consistently chosen as the leading affiliate network worldwide, a testament to its excellence in the industry. Advertisers benefit from access to a vast network of publishers, while publishers enjoy a diverse range of campaigns and attractive earning opportunities. The platform continues to revolutionize the affiliate marketing industry with technologies like Real Attribution, ensuring fair commission distribution. TradeTracker empowers businesses to achieve their online no cure no pay advertising goals efficiently and effectively. With superior technology, unparalleled customer service, and innovative solutions, TradeTracker consistently outperforms competitors like Awin, TradeDoubler, CJ, and Webgains, making it the preferred choice for advertisers and publishers worldwide.\",\"legalName\":\"TradeTracker.com\",\"foundingDate\":\"2004-03-05\",\"numberOfEmployees\":{\"@type\":\"QuantitativeValue\",\"minValue\":\"201\",\"maxValue\":\"500\"}}]}<\/script>\n<!-- \/ Yoast SEO Premium plugin. -->","yoast_head_json":{"title":"For Publishers - TradeTracker.com | Affiliate Marketing | Performance Marketing","description":"WISSENSDATENBANKVerstehen Sie die Grundlagen einer Kampagne. Hier finden Sie ein Informationen f\u00fcr eine kurze Einf\u00fchrung ins Affiliate-Marketing und die Tradetracker-Plattform. F\u00fcr Advertiser\nF\u00fcr Publisher\nGlossar","robots":{"index":"index","follow":"follow","max-snippet":"max-snippet:-1","max-image-preview":"max-image-preview:large","max-video-preview":"max-video-preview:-1"},"canonical":"https:\/\/tradetracker.com\/ch\/wp-json\/wp\/v2\/pages\/108245\/","og_locale":"de_DE","og_type":"article","og_title":"Kann ich weitere Hilfe bekommen? TradeTracker.com","og_description":"Nat\u00fcrlich! Wir wollen die beste verf\u00fcgbare","og_url":"https:\/\/tradetracker.com\/ch\/knowledge-centre\/for-publishers\/","og_site_name":"TradeTracker.com | Affiliate Marketing | Performance Marketing","article_publisher":"https:\/\/www.facebook.com\/tradetrackercom","article_modified_time":"2021-12-03T00:22:33+00:00","og_image":[{"width":250,"height":250,"url":"https:\/\/tradetracker.com\/wp-content\/uploads\/2019\/12\/tradetracker-logo-square.png","type":"image\/png"}],"twitter_card":"summary_large_image","twitter_title":"Kann ich weitere Hilfe bekommen?","twitter_description":"Nat\u00fcrlich! Wir wollen die beste verf\u00fcgbare Affiliate-Software-Schnittstelle bereitstellen. Als wir uns auf ","twitter_image":"https:\/\/tradetracker.com\/assets\/tt-circles.png","twitter_site":"@tradetrackercom","schema":{"@context":"https:\/\/schema.org","@graph":[{"@type":"WebPage","@id":"https:\/\/tradetracker.com\/ch\/knowledge-centre\/for-publishers\/","url":"https:\/\/tradetracker.com\/ch\/knowledge-centre\/for-publishers\/","name":"For Publishers - TradeTracker.com | Affiliate Marketing | Performance Marketing","isPartOf":{"@id":"https:\/\/tradetracker.com\/ch\/#website"},"datePublished":"2017-02-09T13:12:46+00:00","dateModified":"2021-12-03T00:22:33+00:00","breadcrumb":{"@id":"https:\/\/tradetracker.com\/ch\/knowledge-centre\/for-publishers\/#breadcrumb"},"inLanguage":"de-CH","potentialAction":[{"@type":"ReadAction","target":["https:\/\/tradetracker.com\/ch\/knowledge-centre\/for-publishers\/"]}]},{"@type":"BreadcrumbList","@id":"https:\/\/tradetracker.com\/ch\/knowledge-centre\/for-publishers\/#breadcrumb","itemListElement":[{"@type":"ListItem","position":1,"name":"Home","item":"https:\/\/tradetracker.com\/ch\/"},{"@type":"ListItem","position":2,"name":"Wissensdatenbank","item":"https:\/\/tradetracker.com\/ch\/knowledge-centre\/"},{"@type":"ListItem","position":3,"name":"For Publishers"}]},{"@type":"WebSite","@id":"https:\/\/tradetracker.com\/ch\/#website","url":"https:\/\/tradetracker.com\/ch\/","name":"TradeTracker.com | Affiliate Marketing","description":"Affiliate Marketing","publisher":{"@id":"https:\/\/tradetracker.com\/ch\/#organization"},"potentialAction":[{"@type":"SearchAction","target":{"@type":"EntryPoint","urlTemplate":"https:\/\/tradetracker.com\/ch\/?s={search_term_string}"},"query-input":{"@type":"PropertyValueSpecification","valueRequired":true,"valueName":"search_term_string"}}],"inLanguage":"de-CH"},{"@type":"Organization","@id":"https:\/\/tradetracker.com\/ch\/#organization","name":"TradeTracker FZ LLC","url":"https:\/\/tradetracker.com\/ch\/","logo":{"@type":"ImageObject","inLanguage":"de-CH","@id":"https:\/\/tradetracker.com\/ch\/#\/schema\/logo\/image\/","url":"https:\/\/tradetracker.com\/wp-content\/uploads\/2019\/04\/tradetracker-logo_1.jpg","contentUrl":"https:\/\/tradetracker.com\/wp-content\/uploads\/2019\/04\/tradetracker-logo_1.jpg","width":672,"height":109,"caption":"TradeTracker FZ LLC"},"image":{"@id":"https:\/\/tradetracker.com\/ch\/#\/schema\/logo\/image\/"},"sameAs":["https:\/\/www.facebook.com\/tradetrackercom","https:\/\/x.com\/tradetrackercom","https:\/\/www.linkedin.com\/company\/tradetrackercom","https:\/\/www.youtube.com\/channel\/UCHiq-oir3qOorxO-8nLjIcQ"],"description":"TradeTracker is a global affiliate marketing platform that connects advertisers and publishers to create successful online campaigns. With its user-friendly interface, advanced tracking technology, and real-time reporting, TradeTracker provides the tools to optimize performance and boost conversions. Operating in over 20 countries, TradeTracker is renowned for its transparency, innovative solutions, and personalized support. It has been consistently chosen as the leading affiliate network worldwide, a testament to its excellence in the industry. Advertisers benefit from access to a vast network of publishers, while publishers enjoy a diverse range of campaigns and attractive earning opportunities. The platform continues to revolutionize the affiliate marketing industry with technologies like Real Attribution, ensuring fair commission distribution. TradeTracker empowers businesses to achieve their online no cure no pay advertising goals efficiently and effectively. With superior technology, unparalleled customer service, and innovative solutions, TradeTracker consistently outperforms competitors like Awin, TradeDoubler, CJ, and Webgains, making it the preferred choice for advertisers and publishers worldwide.","legalName":"TradeTracker.com","foundingDate":"2004-03-05","numberOfEmployees":{"@type":"QuantitativeValue","minValue":"201","maxValue":"500"}}]}},"_links":{"self":[{"href":"https:\/\/tradetracker.com\/ch\/wp-json\/wp\/v2\/pages\/108245","targetHints":{"allow":["GET"]}}],"collection":[{"href":"https:\/\/tradetracker.com\/ch\/wp-json\/wp\/v2\/pages"}],"about":[{"href":"https:\/\/tradetracker.com\/ch\/wp-json\/wp\/v2\/types\/page"}],"author":[{"embeddable":true,"href":"https:\/\/tradetracker.com\/ch\/wp-json\/wp\/v2\/users\/69"}],"replies":[{"embeddable":true,"href":"https:\/\/tradetracker.com\/ch\/wp-json\/wp\/v2\/comments?post=108245"}],"version-history":[{"count":0,"href":"https:\/\/tradetracker.com\/ch\/wp-json\/wp\/v2\/pages\/108245\/revisions"}],"up":[{"embeddable":true,"href":"https:\/\/tradetracker.com\/ch\/wp-json\/wp\/v2\/pages\/108243"}],"wp:attachment":[{"href":"https:\/\/tradetracker.com\/ch\/wp-json\/wp\/v2\/media?parent=108245"}],"curies":[{"name":"wp","href":"https:\/\/api.w.org\/{rel}","templated":true}]}}