{"id":1245437,"date":"2025-12-16T20:28:21","date_gmt":"2025-12-16T20:28:21","guid":{"rendered":"https:\/\/tradetracker.com\/video-ads\/"},"modified":"2025-12-18T15:10:20","modified_gmt":"2025-12-18T15:10:20","slug":"video-ads","status":"publish","type":"page","link":"https:\/\/tradetracker.com\/cz\/video-ads\/","title":{"rendered":"Video Ads"},"content":{"rendered":"<div class=\"wpb-content-wrapper\"><p>[vc_row classes=&#8221;admonitor-page-detail&#8221; row_title=&#8221;header&#8221; el_id=&#8221;section-banner&#8221;][vc_column]<div class=\"row\"><div class=\"vc_col-sm-12\"><div class=\"industry-page-intro-text\"><h1  class=\"\">Zvy\u0161te konverze pomoc\u00ed Video Ads<\/h1><h2  class=\"\">Dos\u00e1hn\u011bte m\u011b\u0159iteln\u00fdch v\u00fdsledk\u016f d\u00edky video kampan\u00edm, kter\u00e9 skute\u010dn\u011b funguj\u00ed. Video Ads od TradeTracker jdou nad r\u00e1mec zhl\u00e9dnut\u00ed a kliknut\u00ed a zam\u011b\u0159uj\u00ed se na skute\u010dn\u00e9 zapojen\u00ed a konverze, kter\u00e9 p\u0159in\u00e1\u0161ej\u00ed obchodn\u00ed v\u00fdsledky.<\/h2><\/div>\r\n        <\/div>\r\n    <\/div><div class=\"space\"><\/div>[\/vc_column][\/vc_row][vc_row el_class=&#8221;banner-section&#8221; css=&#8221;.vc_custom_1765552670824{padding-top: 60px !important;padding-bottom: 60px !important;background-color: #ffffff !important;}&#8221; classes=&#8221;attr-row attr-row-layout banner-section&#8221; row_title=&#8221;video section&#8221;][vc_column]<div class=\"space\"><\/div>[vc_raw_html css=&#8221;&#8221;]JTNDaDIlMjBzdHlsZSUzRCUyMmNvbG9yJTNBJTIwJTIzM2M0ODVjJTNCdGV4dC1hbGlnbiUzQSUyMGNlbnRlciUzQmZvbnQtd2VpZ2h0JTNBJTIwNjAwJTNCJTIyJTNFVmlkZW8lMjBBZHMlMjB6bm92dSUyMG5hdnIlQzUlQkVlbnklM0ElMjB2eXR2byVDNSU5OWVueSUyMHBybyUyMHYlQzMlQkRrb24uJTIwJTNDYnIlMkYlM0UlM0NzcGFuJTIwc3R5bGUlM0QlMjJjb2xvciUzQSUyM0VGM0MyMyUyMiUzRVBvc3RhdmVueSUyMHBybyUyMGtvbnZlcnplLiUzQyUyRnNwYW4lM0UlM0MlMkZoMiUzRQ==[\/vc_raw_html][vc_custom_heading text=&#8221;Video z\u016fst\u00e1v\u00e1 nejp\u0159esv\u011bd\u010div\u011bj\u0161\u00edm form\u00e1tem digit\u00e1ln\u00edho marketingu. Kombinuje obraz, zvuk a pohyb, aby rychle upoutalo pozornost a udr\u017eelo z\u00e1jem d\u00e9le ne\u017e statick\u00e9 vizu\u00e1ly. D\u00edky na\u0161im v\u00fdkonov\u011b orientovan\u00fdm Video Ads z\u00edsk\u00e1vaj\u00ed merchanti m\u011b\u0159iteln\u00fd, transparentn\u00ed a na v\u00fdsledky zam\u011b\u0159en\u00fd zp\u016fsob propagace.&#8221; font_container=&#8221;tag:p|text_align:center|color:%233c485c&#8221; use_theme_fonts=&#8221;yes&#8221; css_animation=&#8221;none&#8221; css=&#8221;&#8221;][vc_empty_space height=&#8221;40&#8243;][vc_raw_html css=&#8221;&#8221;]JTNDZGl2JTIwc3R5bGUlM0QlMjJwYWRkaW5nJTNBNTYuMjUlMjUlMjAwJTIwMCUyMDAlM0Jwb3NpdGlvbiUzQXJlbGF0aXZlJTNCYm94LXNoYWRvdyUzQSUyMDAlMjAycHglMjA5cHglMjAwJTIwcmdiYSUyODAlMkMlMjAwJTJDJTIwMCUyQyUyMC4yJTI5JTNCYm9yZGVyLXJhZGl1cyUzQSUyMDEwcHglM0JvdmVyZmxvdyUzQSUyMGhpZGRlbiUzQiUyMiUzRSUwQSUyMCUyMCUyMCUyMCUzQ2lmcmFtZSUyMHNyYyUzRCUyMmh0dHBzJTNBJTJGJTJGcGxheWVyLnZpbWVvLmNvbSUyRnZpZGVvJTJGMTE0NTk2MzgzMCUzRmJhZGdlJTNEMCUyNmFtcCUzQmF1dG9wYXVzZSUzRDAlMjZhbXAlM0JwbGF5ZXJfaWQlM0QwJTI2YW1wJTNCYXBwX2lkJTNENTg0NzklMjZhbXAlM0JhdXRvcGxheSUzRDElMjIlMjBmcmFtZWJvcmRlciUzRCUyMjAlMjIlMjBhbGxvdyUzRCUyMmF1dG9wbGF5JTNCJTIwZnVsbHNjcmVlbiUzQiUyMHBpY3R1cmUtaW4tcGljdHVyZSUzQiUyMGNsaXBib2FyZC13cml0ZSUzQiUyMGVuY3J5cHRlZC1tZWRpYSUzQiUyMHdlYi1zaGFyZSUyMiUyMHJlZmVycmVycG9saWN5JTNEJTIyc3RyaWN0LW9yaWdpbi13aGVuLWNyb3NzLW9yaWdpbiUyMiUyMHN0eWxlJTNEJTIycG9zaXRpb24lM0FhYnNvbHV0ZSUzQnRvcCUzQTAlM0JsZWZ0JTNBMCUzQndpZHRoJTNBMTAwJTI1JTNCaGVpZ2h0JTNBMTAwJTI1JTNCJTIyJTIwdGl0bGUlM0QlMjJ2aWRlby1hZHMtcmVsZWFzZSUyMiUzRSUzQyUyRmlmcmFtZSUzRSUwQSUzQyUyRmRpdiUzRSUwQSUzQ3NjcmlwdCUyMHNyYyUzRCUyMmh0dHBzJTNBJTJGJTJGcGxheWVyLnZpbWVvLmNvbSUyRmFwaSUyRnBsYXllci5qcyUyMiUzRSUzQyUyRnNjcmlwdCUzRQ==[\/vc_raw_html][vc_empty_space height=&#8221;40&#8243;][\/vc_column][\/vc_row][vc_row el_id=&#8221;section-real-attribution&#8221;][vc_column][vc_row_inner][vc_column_inner][vc_empty_space height=&#8221;40px&#8221;][\/vc_column_inner][\/vc_row_inner][vc_row_inner el_class=&#8221;line&#8221;][vc_column_inner width=&#8221;1\/2&#8243;][vc_custom_heading text=&#8221;Video Ads p\u0159ekon\u00e1vaj\u00ed<br \/>\nv\u0161echny ostatn\u00ed form\u00e1ty&#8221; font_container=&#8221;tag:h2|font_size:34px|text_align:left|line_height:40px&#8221; google_fonts=&#8221;font_family:Roboto%3A100%2C100italic%2C300%2C300italic%2Cregular%2Citalic%2C500%2C500italic%2C700%2C700italic%2C900%2C900italic|font_style:500%20bold%20regular%3A500%3Anormal&#8221; css=&#8221;&#8221;][vc_wp_text el_class=&#8221;attribution-features&#8221;]<\/p>\n<h4>Okam\u017eit\u00e1 pozornost<\/h4>\n<p>Zaujm\u011bte rychleji pomoc\u00ed v\u00fdrazn\u00fdch video um\u00edst\u011bn\u00ed, kter\u00e1 udr\u017e\u00ed pozornost po celou dobu sd\u011blen\u00ed.<\/p>\n<h4>Siln\u011bj\u0161\u00ed vypr\u00e1v\u011bn\u00ed p\u0159\u00edb\u011bhu<\/h4>\n<p>Vyu\u017eijte pohyb a zvuk k vypr\u00e1v\u011bn\u00ed p\u0159\u00edb\u011bhu, kter\u00fd rezonuje a buduje d\u016fv\u011bru.<\/p>\n<h4>Vy\u0161\u0161\u00ed dopad na konverze<\/h4>\n<p>Ovlivn\u011bte n\u00e1kupn\u00ed rozhodnut\u00ed efektivn\u011bji ne\u017e pomoc\u00ed statick\u00fdch nebo textov\u00fdch reklam.[\/vc_wp_text][\/vc_column_inner][vc_column_inner width=&#8221;1\/2&#8243;][vc_single_image image=&#8221;1244068&#8243; img_size=&#8221;full&#8221; css=&#8221;.vc_custom_1765554185612{margin-top: 30px !important;margin-bottom: 20px !important;}&#8221; el_class=&#8221;attribution-image&#8221;][\/vc_column_inner][\/vc_row_inner][vc_row_inner][vc_column_inner][vc_empty_space height=&#8221;120px&#8221;][\/vc_column_inner][\/vc_row_inner][vc_row_inner][vc_column_inner width=&#8221;1\/2&#8243;][vc_single_image image=&#8221;1244490&#8243; img_size=&#8221;full&#8221; css=&#8221;.vc_custom_1765916117724{margin-top: 30px !important;margin-bottom: 20px !important;}&#8221; el_class=&#8221;attribution-image&#8221;][\/vc_column_inner][vc_column_inner width=&#8221;1\/2&#8243;][vc_custom_heading text=&#8221;Transparentnost<br \/>\nkter\u00e1 buduje d\u016fv\u011bru&#8221; font_container=&#8221;tag:h2|font_size:34px|text_align:left|line_height:40px&#8221; google_fonts=&#8221;font_family:Roboto%3A100%2C100italic%2C300%2C300italic%2Cregular%2Citalic%2C500%2C500italic%2C700%2C700italic%2C900%2C900italic|font_style:500%20bold%20regular%3A500%3Anormal&#8221; css=&#8221;&#8221;][vc_wp_text el_class=&#8221;attribution-features&#8221;]<\/p>\n<h4>Sledov\u00e1n\u00ed v\u00fdkonu v re\u00e1ln\u00e9m \u010dase<\/h4>\n<p>Sledujte ka\u017ed\u00e9 zhl\u00e9dnut\u00ed, zapojen\u00ed i konverzi v re\u00e1ln\u00e9m \u010dase nap\u0159\u00ed\u010d v\u0161emi um\u00edst\u011bn\u00edmi.<\/p>\n<h4>Ak\u010dn\u00ed p\u0159ehledy o v\u00fdkonu<\/h4>\n<p>Vyu\u017eijte detailn\u00ed metriky k optimalizaci kreativ a c\u00edlen\u00ed na publikum.<\/p>\n<h4>Odpov\u011bdnost zalo\u017een\u00e1 na v\u00fdsledc\u00edch<\/h4>\n<p>Zajist\u011bte plnou odpov\u011bdnost d\u00edky kampan\u00edm m\u011b\u0159en\u00fdm v\u00fdhradn\u011b na z\u00e1klad\u011b skute\u010dn\u00fdch v\u00fdsledk\u016f.[\/vc_wp_text][\/vc_column_inner][\/vc_row_inner][vc_row_inner][vc_column_inner][vc_empty_space height=&#8221;120px&#8221;][\/vc_column_inner][\/vc_row_inner][vc_row_inner][vc_column_inner width=&#8221;1\/2&#8243;][vc_custom_heading text=&#8221;P\u0159irozen\u00e9 zapojen\u00ed do va\u0161eho<br \/>\nmarketingov\u00e9ho mixu&#8221; font_container=&#8221;tag:h2|font_size:34px|text_align:left|line_height:40px&#8221; google_fonts=&#8221;font_family:Roboto%3A100%2C100italic%2C300%2C300italic%2Cregular%2Citalic%2C500%2C500italic%2C700%2C700italic%2C900%2C900italic|font_style:500%20bold%20regular%3A500%3Anormal&#8221; css=&#8221;&#8221;][vc_wp_text el_class=&#8221;attribution-features&#8221;]<\/p>\n<h4>Nativn\u00ed integrace u publisher\u016f<\/h4>\n<p>Reklamy se p\u0159irozen\u011b zobrazuj\u00ed v prost\u0159ed\u00ed publisher\u016f a zachov\u00e1vaj\u00ed plynul\u00fd u\u017eivatelsk\u00fd z\u00e1\u017eitek.<\/p>\n<h4>Dosah nap\u0159\u00ed\u010d za\u0159\u00edzen\u00edmi<\/h4>\n<p>Oslovte spot\u0159ebitele tam, kde jsou aktivn\u00ed, na desktopu, mobilu nebo v aplikac\u00edch.<\/p>\n<h4>D\u016fv\u011bryhodn\u00e1 s\u00ed\u0165 publisher\u016f<\/h4>\n<p>Z\u00edskejte p\u0159\u00edstup k s\u00edti prov\u011b\u0159en\u00fdch publisher\u016f pro kvalitn\u00ed viditelnost a zna\u010dkov\u011b bezpe\u010dn\u00e9 prost\u0159ed\u00ed.[\/vc_wp_text][\/vc_column_inner][vc_column_inner width=&#8221;1\/2&#8243;][vc_single_image image=&#8221;1244520&#8243; img_size=&#8221;full&#8221; css=&#8221;.vc_custom_1765916151371{margin-top: 30px !important;margin-bottom: 20px !important;}&#8221; el_class=&#8221;attribution-image&#8221;][\/vc_column_inner][\/vc_row_inner][vc_row_inner][vc_column_inner][vc_empty_space height=&#8221;40px&#8221;][\/vc_column_inner][\/vc_row_inner][\/vc_column][\/vc_row][vc_row css=&#8221;.vc_custom_1765819653166{padding-top: 80px !important;padding-bottom: 80px !important;}&#8221; el_id=&#8221;section-performance-based-video-ads&#8221;][vc_column][vc_raw_html css=&#8221;&#8221;]JTNDZGl2JTIwaWQlM0QlMjJ0dC1wZXJmb3JtYW5jZS1iYXNlZC12aWRlby1hZHMtcm9vdCUyMiUzRSUzQyUyRmRpdiUzRQ==[\/vc_raw_html][\/vc_column][\/vc_row][vc_row css=&#8221;.vc_custom_1765819196995{padding-top: 80px !important;padding-bottom: 80px !important;background-color: #F3F6FA !important;}&#8221; el_id=&#8221;section-proven-effectiveness&#8221;][vc_column][vc_raw_html css=&#8221;&#8221;]JTNDZGl2JTIwaWQlM0QlMjJ0dC1wcm92ZW4tZWZmZWN0aXZlbmVzcy1yb290JTIyJTNFJTNDJTJGZGl2JTNF[\/vc_raw_html][\/vc_column][\/vc_row][vc_row row_title=&#8221;benefits-black-section&#8221; css=&#8221;.vc_custom_1765997837292{background-color: #2A261D !important;}&#8221;][vc_column][vc_raw_html css=&#8221;&#8221;]JTNDZGl2JTIwaWQlM0QlMjJ0dC1iZW5lZml0cy1yb290JTIyJTNFJTNDJTJGZGl2JTNF[\/vc_raw_html][\/vc_column][\/vc_row][vc_row row_title=&#8221;image flow section&#8221;][vc_column][vc_raw_html css=&#8221;&#8221; el_id=&#8221;ttvcs&#8221;]JTNDZGl2JTIwaWQlM0QlMjJ0dGN2cy1yb290JTIyJTNFJTNDJTJGZGl2JTNF[\/vc_raw_html][\/vc_column][\/vc_row][vc_row row_title=&#8221;four-blocks-section&#8221; css=&#8221;.vc_custom_1765991114417{background-color: #EF3C23 !important;}&#8221;][vc_column][vc_raw_html css=&#8221;&#8221;]JTNDZGl2JTIwaWQlM0QlMjJ0dC13aHktc2VjdGlvbi1yb290JTIyJTNFJTNDJTJGZGl2JTNF[\/vc_raw_html][\/vc_column][\/vc_row][vc_row row_title=&#8221;faq-minus-solved-2&#8243; css=&#8221;.vc_custom_1765996670111{background-color: #F3F6FA !important;}&#8221;][vc_column][vc_raw_html css=&#8221;.vc_custom_1766020053810{background-color: #F3F6FA !important;}&#8221;]JTNDZGl2JTIwaWQlM0QlMjJ0dC1mYXEtcm9vdCUyMiUzRSUzQyUyRmRpdiUzRQ==[\/vc_raw_html][\/vc_column][\/vc_row][vc_row row_title=&#8221;cta-section&#8221;][vc_column][vc_raw_html css=&#8221;&#8221;]JTNDZGl2JTIwaWQlM0QlMjJ0dC1jdGEtcm9vdCUyMiUzRSUzQyUyRmRpdiUzRQ==[\/vc_raw_html][\/vc_column][\/vc_row]<\/p>\n<\/div>","protected":false},"excerpt":{"rendered":"<p>[vc_row classes=&#8221;admonitor-page-detail&#8221; row_title=&#8221;header&#8221; el_id=&#8221;section-banner&#8221;][vc_column][\/vc_column][\/vc_row][vc_row el_class=&#8221;banner-section&#8221; css=&#8221;.vc_custom_1765552670824{padding-top: 60px !important;padding-bottom: 60px !important;background-color: #ffffff !important;}&#8221; classes=&#8221;attr-row attr-row-layout banner-section&#8221; row_title=&#8221;video section&#8221;][vc_column][vc_raw_html css=&#8221;&#8221;]JTNDaDIlMjBzdHlsZSUzRCUyMmNvbG9yJTNBJTIwJTIzM2M0ODVjJTNCdGV4dC1hbGlnbiUzQSUyMGNlbnRlciUzQmZvbnQtd2VpZ2h0JTNBJTIwNjAwJTNCJTIyJTNFVmlkZW8lMjBBZHMlMjB6bm92dSUyMG5hdnIlQzUlQkVlbnklM0ElMjB2eXR2byVDNSU5OWVueSUyMHBybyUyMHYlQzMlQkRrb24uJTIwJTNDYnIlMkYlM0UlM0NzcGFuJTIwc3R5bGUlM0QlMjJjb2xvciUzQSUyM0VGM0MyMyUyMiUzRVBvc3RhdmVueSUyMHBybyUyMGtvbnZlcnplLiUzQyUyRnNwYW4lM0UlM0MlMkZoMiUzRQ==[\/vc_raw_html][vc_custom_heading text=&#8221;Video z\u016fst\u00e1v\u00e1 nejp\u0159esv\u011bd\u010div\u011bj\u0161\u00edm form\u00e1tem digit\u00e1ln\u00edho marketingu. Kombinuje obraz, zvuk a pohyb, aby rychle upoutalo pozornost a udr\u017eelo z\u00e1jem d\u00e9le ne\u017e statick\u00e9 vizu\u00e1ly. D\u00edky na\u0161im v\u00fdkonov\u011b orientovan\u00fdm Video Ads z\u00edsk\u00e1vaj\u00ed merchanti m\u011b\u0159iteln\u00fd, transparentn\u00ed a na v\u00fdsledky zam\u011b\u0159en\u00fd zp\u016fsob  [&#8230;]<\/p>\n","protected":false},"author":37,"featured_media":0,"parent":0,"menu_order":0,"comment_status":"closed","ping_status":"closed","template":"","meta":{"inline_featured_image":false,"_monsterinsights_skip_tracking":false,"_monsterinsights_sitenote_active":false,"_monsterinsights_sitenote_note":"","_monsterinsights_sitenote_category":0,"footnotes":""},"class_list":["post-1245437","page","type-page","status-publish","hentry"],"yoast_head":"<!-- This site is optimized with the Yoast SEO Premium plugin v27.0 (Yoast SEO v27.0) - https:\/\/yoast.com\/product\/yoast-seo-premium-wordpress\/ -->\n<title>Video Ads - TradeTracker.com | Affiliate Marketing | Performance Marketing<\/title>\n<meta name=\"description\" content=\"[vc_row classes=&quot;admonitor-page-detail&quot; row_title=&quot;header&quot; el_id=&quot;section-banner&quot;][vc_column]Zvy\u0161te konverze pomoc\u00ed Video AdsDos\u00e1hn\u011bte m\u011b\u0159iteln\u00fdch v\u00fdsledk\u016f d\u00edky video kampan\u00edm, kter\u00e9 skute\u010dn\u011b funguj\u00ed.\" \/>\n<meta name=\"robots\" content=\"index, follow, max-snippet:-1, max-image-preview:large, max-video-preview:-1\" \/>\n<link rel=\"canonical\" href=\"https:\/\/tradetracker.com\/cz\/wp-json\/wp\/v2\/pages\/1245437\/\" \/>\n<meta property=\"og:locale\" content=\"en_US\" \/>\n<meta property=\"og:type\" content=\"article\" \/>\n<meta property=\"og:title\" content=\"Video Ads TradeTracker.com\" \/>\n<meta property=\"og:description\" content=\"[vc_row classes=&#8221;admonitor-page-detail&#8221;\" \/>\n<meta property=\"og:url\" content=\"https:\/\/tradetracker.com\/cz\/video-ads\/\" \/>\n<meta property=\"og:site_name\" content=\"TradeTracker.com | Affiliate Marketing | Performance Marketing\" \/>\n<meta property=\"article:publisher\" content=\"https:\/\/www.facebook.com\/tradetrackercom\" \/>\n<meta property=\"article:modified_time\" content=\"2025-12-18T15:10:20+00:00\" \/>\n<meta property=\"og:image\" content=\"https:\/\/tradetracker.com\/wp-content\/uploads\/2019\/12\/tradetracker-logo-square.png\" \/>\n\t<meta property=\"og:image:width\" content=\"250\" \/>\n\t<meta property=\"og:image:height\" content=\"250\" \/>\n\t<meta property=\"og:image:type\" content=\"image\/png\" \/>\n<meta name=\"twitter:card\" content=\"summary_large_image\" \/>\n<meta name=\"twitter:title\" content=\"Video Ads\" \/>\n<meta name=\"twitter:description\" content=\"[vc_row classes=&quot;admonitor-page-detail&quot; row_title=&quot;header&quot; el_id=&quot;section-banner&quot;][vc_column]Zvy\u0161te konverze pomoc\u00ed Video \" \/>\n<meta name=\"twitter:image\" content=\"https:\/\/tradetracker.com\/assets\/tt-circles.png\" \/>\n<meta name=\"twitter:site\" content=\"@tradetrackercom\" \/>\n<meta name=\"twitter:label1\" content=\"Est. reading time\" \/>\n\t<meta name=\"twitter:data1\" content=\"2 minutes\" \/>\n<script type=\"application\/ld+json\" class=\"yoast-schema-graph\">{\"@context\":\"https:\/\/schema.org\",\"@graph\":[{\"@type\":\"WebPage\",\"@id\":\"https:\/\/tradetracker.com\/cz\/video-ads\/\",\"url\":\"https:\/\/tradetracker.com\/cz\/video-ads\/\",\"name\":\"Video Ads - TradeTracker.com | Affiliate Marketing | Performance Marketing\",\"isPartOf\":{\"@id\":\"https:\/\/tradetracker.com\/cz\/#website\"},\"datePublished\":\"2025-12-16T20:28:21+00:00\",\"dateModified\":\"2025-12-18T15:10:20+00:00\",\"breadcrumb\":{\"@id\":\"https:\/\/tradetracker.com\/cz\/video-ads\/#breadcrumb\"},\"inLanguage\":\"cs-CZ\",\"potentialAction\":[{\"@type\":\"ReadAction\",\"target\":[\"https:\/\/tradetracker.com\/cz\/video-ads\/\"]}]},{\"@type\":\"BreadcrumbList\",\"@id\":\"https:\/\/tradetracker.com\/cz\/video-ads\/#breadcrumb\",\"itemListElement\":[{\"@type\":\"ListItem\",\"position\":1,\"name\":\"Home\",\"item\":\"https:\/\/tradetracker.com\/cz\/\"},{\"@type\":\"ListItem\",\"position\":2,\"name\":\"Video Ads\"}]},{\"@type\":\"WebSite\",\"@id\":\"https:\/\/tradetracker.com\/cz\/#website\",\"url\":\"https:\/\/tradetracker.com\/cz\/\",\"name\":\"TradeTracker.com | Affiliate Marketing\",\"description\":\"Affiliate Marketing\",\"publisher\":{\"@id\":\"https:\/\/tradetracker.com\/cz\/#organization\"},\"potentialAction\":[{\"@type\":\"SearchAction\",\"target\":{\"@type\":\"EntryPoint\",\"urlTemplate\":\"https:\/\/tradetracker.com\/cz\/?s={search_term_string}\"},\"query-input\":{\"@type\":\"PropertyValueSpecification\",\"valueRequired\":true,\"valueName\":\"search_term_string\"}}],\"inLanguage\":\"cs-CZ\"},{\"@type\":\"Organization\",\"@id\":\"https:\/\/tradetracker.com\/cz\/#organization\",\"name\":\"TradeTracker FZ LLC\",\"url\":\"https:\/\/tradetracker.com\/cz\/\",\"logo\":{\"@type\":\"ImageObject\",\"inLanguage\":\"cs-CZ\",\"@id\":\"https:\/\/tradetracker.com\/cz\/#\/schema\/logo\/image\/\",\"url\":\"https:\/\/tradetracker.com\/wp-content\/uploads\/2019\/04\/tradetracker-logo_1.jpg\",\"contentUrl\":\"https:\/\/tradetracker.com\/wp-content\/uploads\/2019\/04\/tradetracker-logo_1.jpg\",\"width\":672,\"height\":109,\"caption\":\"TradeTracker FZ LLC\"},\"image\":{\"@id\":\"https:\/\/tradetracker.com\/cz\/#\/schema\/logo\/image\/\"},\"sameAs\":[\"https:\/\/www.facebook.com\/tradetrackercom\",\"https:\/\/x.com\/tradetrackercom\",\"https:\/\/www.linkedin.com\/company\/tradetrackercom\",\"https:\/\/www.youtube.com\/channel\/UCHiq-oir3qOorxO-8nLjIcQ\"],\"description\":\"TradeTracker is a global affiliate marketing platform that connects advertisers and publishers to create successful online campaigns. With its user-friendly interface, advanced tracking technology, and real-time reporting, TradeTracker provides the tools to optimize performance and boost conversions. Operating in over 20 countries, TradeTracker is renowned for its transparency, innovative solutions, and personalized support. It has been consistently chosen as the leading affiliate network worldwide, a testament to its excellence in the industry. Advertisers benefit from access to a vast network of publishers, while publishers enjoy a diverse range of campaigns and attractive earning opportunities. The platform continues to revolutionize the affiliate marketing industry with technologies like Real Attribution, ensuring fair commission distribution. TradeTracker empowers businesses to achieve their online no cure no pay advertising goals efficiently and effectively. With superior technology, unparalleled customer service, and innovative solutions, TradeTracker consistently outperforms competitors like Awin, TradeDoubler, CJ, and Webgains, making it the preferred choice for advertisers and publishers worldwide.\",\"legalName\":\"TradeTracker.com\",\"foundingDate\":\"2004-03-05\",\"numberOfEmployees\":{\"@type\":\"QuantitativeValue\",\"minValue\":\"201\",\"maxValue\":\"500\"}}]}<\/script>\n<!-- \/ Yoast SEO Premium plugin. -->","yoast_head_json":{"title":"Video Ads - TradeTracker.com | Affiliate Marketing | Performance Marketing","description":"[vc_row classes=\"admonitor-page-detail\" row_title=\"header\" el_id=\"section-banner\"][vc_column]Zvy\u0161te konverze pomoc\u00ed Video AdsDos\u00e1hn\u011bte m\u011b\u0159iteln\u00fdch v\u00fdsledk\u016f d\u00edky video kampan\u00edm, kter\u00e9 skute\u010dn\u011b funguj\u00ed.","robots":{"index":"index","follow":"follow","max-snippet":"max-snippet:-1","max-image-preview":"max-image-preview:large","max-video-preview":"max-video-preview:-1"},"canonical":"https:\/\/tradetracker.com\/cz\/wp-json\/wp\/v2\/pages\/1245437\/","og_locale":"en_US","og_type":"article","og_title":"Video Ads TradeTracker.com","og_description":"[vc_row classes=&#8221;admonitor-page-detail&#8221;","og_url":"https:\/\/tradetracker.com\/cz\/video-ads\/","og_site_name":"TradeTracker.com | Affiliate Marketing | Performance Marketing","article_publisher":"https:\/\/www.facebook.com\/tradetrackercom","article_modified_time":"2025-12-18T15:10:20+00:00","og_image":[{"width":250,"height":250,"url":"https:\/\/tradetracker.com\/wp-content\/uploads\/2019\/12\/tradetracker-logo-square.png","type":"image\/png"}],"twitter_card":"summary_large_image","twitter_title":"Video Ads","twitter_description":"[vc_row classes=\"admonitor-page-detail\" row_title=\"header\" el_id=\"section-banner\"][vc_column]Zvy\u0161te konverze pomoc\u00ed Video ","twitter_image":"https:\/\/tradetracker.com\/assets\/tt-circles.png","twitter_site":"@tradetrackercom","twitter_misc":{"Est. reading time":"2 minutes"},"schema":{"@context":"https:\/\/schema.org","@graph":[{"@type":"WebPage","@id":"https:\/\/tradetracker.com\/cz\/video-ads\/","url":"https:\/\/tradetracker.com\/cz\/video-ads\/","name":"Video Ads - TradeTracker.com | Affiliate Marketing | Performance Marketing","isPartOf":{"@id":"https:\/\/tradetracker.com\/cz\/#website"},"datePublished":"2025-12-16T20:28:21+00:00","dateModified":"2025-12-18T15:10:20+00:00","breadcrumb":{"@id":"https:\/\/tradetracker.com\/cz\/video-ads\/#breadcrumb"},"inLanguage":"cs-CZ","potentialAction":[{"@type":"ReadAction","target":["https:\/\/tradetracker.com\/cz\/video-ads\/"]}]},{"@type":"BreadcrumbList","@id":"https:\/\/tradetracker.com\/cz\/video-ads\/#breadcrumb","itemListElement":[{"@type":"ListItem","position":1,"name":"Home","item":"https:\/\/tradetracker.com\/cz\/"},{"@type":"ListItem","position":2,"name":"Video Ads"}]},{"@type":"WebSite","@id":"https:\/\/tradetracker.com\/cz\/#website","url":"https:\/\/tradetracker.com\/cz\/","name":"TradeTracker.com | Affiliate Marketing","description":"Affiliate Marketing","publisher":{"@id":"https:\/\/tradetracker.com\/cz\/#organization"},"potentialAction":[{"@type":"SearchAction","target":{"@type":"EntryPoint","urlTemplate":"https:\/\/tradetracker.com\/cz\/?s={search_term_string}"},"query-input":{"@type":"PropertyValueSpecification","valueRequired":true,"valueName":"search_term_string"}}],"inLanguage":"cs-CZ"},{"@type":"Organization","@id":"https:\/\/tradetracker.com\/cz\/#organization","name":"TradeTracker FZ LLC","url":"https:\/\/tradetracker.com\/cz\/","logo":{"@type":"ImageObject","inLanguage":"cs-CZ","@id":"https:\/\/tradetracker.com\/cz\/#\/schema\/logo\/image\/","url":"https:\/\/tradetracker.com\/wp-content\/uploads\/2019\/04\/tradetracker-logo_1.jpg","contentUrl":"https:\/\/tradetracker.com\/wp-content\/uploads\/2019\/04\/tradetracker-logo_1.jpg","width":672,"height":109,"caption":"TradeTracker FZ LLC"},"image":{"@id":"https:\/\/tradetracker.com\/cz\/#\/schema\/logo\/image\/"},"sameAs":["https:\/\/www.facebook.com\/tradetrackercom","https:\/\/x.com\/tradetrackercom","https:\/\/www.linkedin.com\/company\/tradetrackercom","https:\/\/www.youtube.com\/channel\/UCHiq-oir3qOorxO-8nLjIcQ"],"description":"TradeTracker is a global affiliate marketing platform that connects advertisers and publishers to create successful online campaigns. With its user-friendly interface, advanced tracking technology, and real-time reporting, TradeTracker provides the tools to optimize performance and boost conversions. Operating in over 20 countries, TradeTracker is renowned for its transparency, innovative solutions, and personalized support. It has been consistently chosen as the leading affiliate network worldwide, a testament to its excellence in the industry. Advertisers benefit from access to a vast network of publishers, while publishers enjoy a diverse range of campaigns and attractive earning opportunities. The platform continues to revolutionize the affiliate marketing industry with technologies like Real Attribution, ensuring fair commission distribution. TradeTracker empowers businesses to achieve their online no cure no pay advertising goals efficiently and effectively. With superior technology, unparalleled customer service, and innovative solutions, TradeTracker consistently outperforms competitors like Awin, TradeDoubler, CJ, and Webgains, making it the preferred choice for advertisers and publishers worldwide.","legalName":"TradeTracker.com","foundingDate":"2004-03-05","numberOfEmployees":{"@type":"QuantitativeValue","minValue":"201","maxValue":"500"}}]}},"_links":{"self":[{"href":"https:\/\/tradetracker.com\/cz\/wp-json\/wp\/v2\/pages\/1245437","targetHints":{"allow":["GET"]}}],"collection":[{"href":"https:\/\/tradetracker.com\/cz\/wp-json\/wp\/v2\/pages"}],"about":[{"href":"https:\/\/tradetracker.com\/cz\/wp-json\/wp\/v2\/types\/page"}],"author":[{"embeddable":true,"href":"https:\/\/tradetracker.com\/cz\/wp-json\/wp\/v2\/users\/37"}],"replies":[{"embeddable":true,"href":"https:\/\/tradetracker.com\/cz\/wp-json\/wp\/v2\/comments?post=1245437"}],"version-history":[{"count":5,"href":"https:\/\/tradetracker.com\/cz\/wp-json\/wp\/v2\/pages\/1245437\/revisions"}],"predecessor-version":[{"id":1246600,"href":"https:\/\/tradetracker.com\/cz\/wp-json\/wp\/v2\/pages\/1245437\/revisions\/1246600"}],"wp:attachment":[{"href":"https:\/\/tradetracker.com\/cz\/wp-json\/wp\/v2\/media?parent=1245437"}],"curies":[{"name":"wp","href":"https:\/\/api.w.org\/{rel}","templated":true}]}}