{"id":39734,"date":"2017-02-15T06:49:01","date_gmt":"2017-02-15T06:49:01","guid":{"rendered":"https:\/\/tradetracker.com\/services\/"},"modified":"2020-12-14T22:19:32","modified_gmt":"2020-12-14T22:19:32","slug":"services","status":"publish","type":"page","link":"https:\/\/tradetracker.com\/cz\/advertisers\/services\/","title":{"rendered":"Slu\u017eby"},"content":{"rendered":"<div class=\"wpb-content-wrapper\"><p>[vc_row css=&#8221;.vc_custom_1607984367644{background-color: #6ebd44 !important;}&#8221; classes=&#8221;tt-single-industry tt-services&#8221;][vc_column]<div class=\"row\"><div class=\"vc_col-sm-12\"><div class=\" static-page-intro-text \" style=\"width: 75%\"><h1  style=\"color: #ffffff\" class=\"\">Slu\u017eby <\/h1><h2  style=\"color: #ffffff\" class=\"\">Jsme hrd\u00ed na \u0161irokou nab\u00eddku slu\u017eeb, kter\u00e9 poskytuj\u00ed na\u0161i Zadavatel\u00e9 reklamy. Specializovan\u00fd t\u00fdm efektivn\u011b idetinfikuje partnery, kte\u0159\u00ed maj\u00ed nezbytn\u00e9 n\u00e1stroje pro rozvoj tv\u00e9 kampan\u011b.<\/h2><\/div>\r\n        <\/div>\r\n    <\/div>[\/vc_column][\/vc_row][vc_row][vc_column]<div class=\"row tt-industries-page\"><div class='vc_col-sm-3' id='sidebar'><h4 class=\"lined-section\">Industries<\/h4><div class=\"widget_nav_menu\"><ul class=\"menu\"><li><a class=\"industries-back\" href=\"https:\/\/tradetracker.com\/cz\/#section-industries\/\">\u2190 Back to Industry Home<\/a><\/li><li><a href='https:\/\/tradetracker.com\/cz\/advertisers\/finance\/' class=''>Finance<\/a><\/li><li><a href='https:\/\/tradetracker.com\/cz\/advertisers\/services\/' class='active'>Slu\u017eby<\/a><\/li><li><a href='https:\/\/tradetracker.com\/cz\/advertisers\/shopping\/' class=''>N\u00e1kupy<\/a><\/li><li><a href='https:\/\/tradetracker.com\/cz\/advertisers\/telecom\/' class=''>Telekomunikace<\/a><\/li><li><a href='https:\/\/tradetracker.com\/cz\/advertisers\/travel\/' class=''>Cestov\u00e1n\u00ed<\/a><\/li><\/ul><\/div>\r\n    <\/div><div class=\"vc_col-sm-9\">\r\n                <div class=\"vc_col-sm-12\">\r\n                    <ul class=\"industry-list services\"><li><h2>Charita<\/h2><p>Nen\u00ed v\u011bt\u0161\u00ed \u010dest, ne\u017e poskytov\u00e1n\u00ed slu\u017eeb t\u011bm, kte\u0159\u00ed m\u011bn\u00ed sv\u011bt k lep\u0161\u00edmu. N\u00e1\u0161 t\u00fdm se v\u017edy t\u011b\u0161\u00ed, pokud m\u016f\u017ee pomoci p\u0159i neziskov\u00fdch kampan\u00edch, a d\u011bl\u00e1 v\u0161e, co je v jeho sil\u00e1ch, aby zv\u00fd\u0161il jejich rozsah.<\/p><\/li><li><h2>Dom\u00e9ny a hosting<\/h2><p>Z\u00e1kladem \u00fasp\u011bchu ka\u017ed\u00e9 internetov\u00e9 str\u00e1nky je uchu lahod\u00edc\u00ed n\u00e1zev a stabiln\u00ed hosting. Sami jsme internetovou firmou, proto p\u0159esn\u011b v\u00edme, jak to ud\u011blat, aby obchod kvetl. <\/p><\/li><li><h2>Email Marketing<\/h2><p>Kl\u00ed\u010dov\u00fd n\u00e1stroj pro rozvoj firmy a zaji\u0161t\u011bn\u00ed pravideln\u00e9ho kontaktu s odb\u011brateli.<\/p><\/li><li><h2>Hry a loterie<\/h2><p>Sm\u011b\u0159ujeme vzkaz t\u011bm, kte\u0159\u00ed jsou v\u017edy schopni p\u0159edpov\u011bd\u011bt v\u00fdsledky. Poskytujeme platformu, pomoc\u00ed kter\u00e9 budou poskytovatel\u00e9 slu\u017eeb moci uk\u00e1zat sv\u00e9 n\u00e1stroje v\u00e1\u0161niv\u00fdm hr\u00e1\u010d\u016fm. <\/p><\/li><li><h2>Kv\u011btiny<\/h2><p>Nic nezlep\u0161\u00ed n\u00e1ladu tak jako barevn\u00e1 kytice kv\u011btin, v\u017edy jsme p\u0159ipraveni pomoci ud\u011blat radost t\u00e9to speci\u00e1ln\u00ed osob\u011b.<\/p><\/li><li><h2>Osobn\u00ed internetov\u00e9 slu\u017eby<\/h2><p>P\u0159\u00edstup k internetov\u00fdm slu\u017eb\u00e1m bez ohledu na okolnosti je z\u00e1kladn\u00ed \u010dinnost\u00ed na\u0161ich partner\u016f. D\u00e1v\u00e1me mo\u017enost p\u0159edstaven\u00ed nab\u00eddky Zadavatel\u016f reklam t\u011bm, kte\u0159\u00ed ji pot\u0159ebuj\u00ed.<\/p><\/li><li><h2>Pr\u00e1ce, vzd\u011bl\u00e1v\u00e1n\u00ed a kari\u00e9ra<\/h2><p>Zam\u011b\u0159eno na osoby, kter\u00e9 jsou p\u0159ipraveny ud\u011blat dal\u0161\u00ed d\u016fle\u017eit\u00fd krok ve sv\u00e9m \u017eivot\u011b. Umo\u017e\u0148ujeme firm\u00e1m s nab\u00eddkou pr\u00e1ce dostat se k t\u011bm u\u017eivatel\u016fm, kte\u0159\u00ed ji pot\u0159ebuj\u00ed.<\/p><\/li><li><h2>Pr\u00e1vnick\u00e9 slu\u017eby<\/h2><p>Umo\u017e\u0148ujeme odborn\u00edk\u016fm, kte\u0159\u00ed pom\u00e1haj\u00ed ve jm\u00e9nu pr\u00e1va, poskytnut\u00ed pomoci t\u011bm, jen\u017e jsou v t\u011b\u017ek\u00e9 situaci.<\/p><\/li><li><h2>Profesion\u00e1ln\u00ed slu\u017eby<\/h2><p>Zaji\u0161\u0165ujeme specialist\u016fm ve sv\u00fdch oborech p\u0159\u00edstup k z\u00e1kazn\u00edk\u016fm, kte\u0159\u00ed hledaj\u00ed to, co jim mohou nab\u00eddnout.<\/p><\/li><li><h2>Seznamka<\/h2><p>Ve jm\u00e9nu l\u00e1sky! Spojujeme p\u00e1ry, tak aby \"\u017eili dlouho a \u0161\u0165astn\u011b\".<\/p><\/li><li><h2>Slu\u017eby zdarma a sout\u011b\u017ee s v\u00fdhrami<\/h2><p>\"Kdo nehraje, nevyhraje\" - tyto slova jsou nejen p\u0159ekr\u00e1sn\u00fdm \u017eivotn\u00edm kr\u00e9dem, ale stejn\u011b tak dob\u0159e plat\u00ed i pro sout\u011b\u017e\u00edc\u00ed, kter\u00e9 p\u0159iv\u00e1d\u00edme na\u0161im Z\u00e1kazn\u00edk\u016fm.<\/p><\/li><li><h2>Z\u00e1bava a voln\u00fd \u010das<\/h2><p>Umo\u017e\u0148uje organiz\u00e1tor\u016fm p\u0159\u00edle\u017eitostn\u00fdch akc\u00ed kontakt se stranami, kter\u00e9 maj\u00ed p\u0159\u00edstup k c\u00edlov\u00e9 skupin\u011b.<\/p><\/li><\/ul><\/div><\/div><\/div>[\/vc_column][\/vc_row]<\/p>\n<\/div>","protected":false},"excerpt":{"rendered":"<p>[vc_row css=&#8221;.vc_custom_1607984367644{background-color: #6ebd44 !important;}&#8221; classes=&#8221;tt-single-industry tt-services&#8221;][vc_column][\/vc_column][\/vc_row][vc_row][vc_column][\/vc_column][\/vc_row]<\/p>\n","protected":false},"author":69,"featured_media":0,"parent":39756,"menu_order":0,"comment_status":"closed","ping_status":"closed","template":"","meta":{"inline_featured_image":false,"_monsterinsights_skip_tracking":false,"_monsterinsights_sitenote_active":false,"_monsterinsights_sitenote_note":"","_monsterinsights_sitenote_category":0,"footnotes":""},"class_list":["post-39734","page","type-page","status-publish","hentry"],"yoast_head":"<!-- This site is optimized with the Yoast SEO Premium plugin v27.0 (Yoast SEO v27.0) - https:\/\/yoast.com\/product\/yoast-seo-premium-wordpress\/ -->\n<title>Services | Affiliate Marketing | TradeTracker<\/title>\n<meta name=\"description\" content=\"Segments of the services industry who use our affiliate marketing network for their online advertising.\" \/>\n<meta name=\"robots\" content=\"index, follow, max-snippet:-1, max-image-preview:large, max-video-preview:-1\" \/>\n<link rel=\"canonical\" href=\"https:\/\/tradetracker.com\/cz\/wp-json\/wp\/v2\/pages\/39734\/\" \/>\n<meta property=\"og:locale\" content=\"en_US\" \/>\n<meta property=\"og:type\" content=\"article\" \/>\n<meta property=\"og:title\" content=\"Slu\u017eby\" \/>\n<meta property=\"og:description\" content=\"Segments of the services industry who use our affiliate marketing network for their online advertising.\" \/>\n<meta property=\"og:url\" content=\"https:\/\/tradetracker.com\/cz\/advertisers\/services\/\" \/>\n<meta property=\"og:site_name\" content=\"TradeTracker.com | Affiliate Marketing | Performance Marketing\" \/>\n<meta property=\"article:publisher\" content=\"https:\/\/www.facebook.com\/tradetrackercom\" \/>\n<meta property=\"article:modified_time\" content=\"2020-12-14T22:19:32+00:00\" \/>\n<meta property=\"og:image\" content=\"https:\/\/tradetracker.com\/wp-content\/uploads\/2019\/12\/tradetracker-logo-square.png\" \/>\n\t<meta property=\"og:image:width\" content=\"250\" \/>\n\t<meta property=\"og:image:height\" content=\"250\" \/>\n\t<meta property=\"og:image:type\" content=\"image\/png\" \/>\n<meta name=\"twitter:card\" content=\"summary_large_image\" \/>\n<meta name=\"twitter:site\" content=\"@tradetrackercom\" \/>\n<script type=\"application\/ld+json\" class=\"yoast-schema-graph\">{\"@context\":\"https:\/\/schema.org\",\"@graph\":[{\"@type\":\"WebPage\",\"@id\":\"https:\/\/tradetracker.com\/cz\/advertisers\/services\/\",\"url\":\"https:\/\/tradetracker.com\/cz\/advertisers\/services\/\",\"name\":\"Services | Affiliate Marketing | TradeTracker\",\"isPartOf\":{\"@id\":\"https:\/\/tradetracker.com\/cz\/#website\"},\"datePublished\":\"2017-02-15T06:49:01+00:00\",\"dateModified\":\"2020-12-14T22:19:32+00:00\",\"description\":\"Segments of the services industry who use our affiliate marketing network for their online advertising.\",\"breadcrumb\":{\"@id\":\"https:\/\/tradetracker.com\/cz\/advertisers\/services\/#breadcrumb\"},\"inLanguage\":\"cs-CZ\",\"potentialAction\":[{\"@type\":\"ReadAction\",\"target\":[\"https:\/\/tradetracker.com\/cz\/advertisers\/services\/\"]}]},{\"@type\":\"BreadcrumbList\",\"@id\":\"https:\/\/tradetracker.com\/cz\/advertisers\/services\/#breadcrumb\",\"itemListElement\":[{\"@type\":\"ListItem\",\"position\":1,\"name\":\"Home\",\"item\":\"https:\/\/tradetracker.com\/cz\/\"},{\"@type\":\"ListItem\",\"position\":2,\"name\":\"Inzerenti\",\"item\":\"https:\/\/tradetracker.com\/cz\/advertisers\/\"},{\"@type\":\"ListItem\",\"position\":3,\"name\":\"Slu\u017eby\"}]},{\"@type\":\"WebSite\",\"@id\":\"https:\/\/tradetracker.com\/cz\/#website\",\"url\":\"https:\/\/tradetracker.com\/cz\/\",\"name\":\"TradeTracker.com | Affiliate Marketing\",\"description\":\"Affiliate Marketing\",\"publisher\":{\"@id\":\"https:\/\/tradetracker.com\/cz\/#organization\"},\"potentialAction\":[{\"@type\":\"SearchAction\",\"target\":{\"@type\":\"EntryPoint\",\"urlTemplate\":\"https:\/\/tradetracker.com\/cz\/?s={search_term_string}\"},\"query-input\":{\"@type\":\"PropertyValueSpecification\",\"valueRequired\":true,\"valueName\":\"search_term_string\"}}],\"inLanguage\":\"cs-CZ\"},{\"@type\":\"Organization\",\"@id\":\"https:\/\/tradetracker.com\/cz\/#organization\",\"name\":\"TradeTracker FZ LLC\",\"url\":\"https:\/\/tradetracker.com\/cz\/\",\"logo\":{\"@type\":\"ImageObject\",\"inLanguage\":\"cs-CZ\",\"@id\":\"https:\/\/tradetracker.com\/cz\/#\/schema\/logo\/image\/\",\"url\":\"https:\/\/tradetracker.com\/wp-content\/uploads\/2019\/04\/tradetracker-logo_1.jpg\",\"contentUrl\":\"https:\/\/tradetracker.com\/wp-content\/uploads\/2019\/04\/tradetracker-logo_1.jpg\",\"width\":672,\"height\":109,\"caption\":\"TradeTracker FZ LLC\"},\"image\":{\"@id\":\"https:\/\/tradetracker.com\/cz\/#\/schema\/logo\/image\/\"},\"sameAs\":[\"https:\/\/www.facebook.com\/tradetrackercom\",\"https:\/\/x.com\/tradetrackercom\",\"https:\/\/www.linkedin.com\/company\/tradetrackercom\",\"https:\/\/www.youtube.com\/channel\/UCHiq-oir3qOorxO-8nLjIcQ\"],\"description\":\"TradeTracker is a global affiliate marketing platform that connects advertisers and publishers to create successful online campaigns. With its user-friendly interface, advanced tracking technology, and real-time reporting, TradeTracker provides the tools to optimize performance and boost conversions. Operating in over 20 countries, TradeTracker is renowned for its transparency, innovative solutions, and personalized support. It has been consistently chosen as the leading affiliate network worldwide, a testament to its excellence in the industry. Advertisers benefit from access to a vast network of publishers, while publishers enjoy a diverse range of campaigns and attractive earning opportunities. The platform continues to revolutionize the affiliate marketing industry with technologies like Real Attribution, ensuring fair commission distribution. TradeTracker empowers businesses to achieve their online no cure no pay advertising goals efficiently and effectively. With superior technology, unparalleled customer service, and innovative solutions, TradeTracker consistently outperforms competitors like Awin, TradeDoubler, CJ, and Webgains, making it the preferred choice for advertisers and publishers worldwide.\",\"legalName\":\"TradeTracker.com\",\"foundingDate\":\"2004-03-05\",\"numberOfEmployees\":{\"@type\":\"QuantitativeValue\",\"minValue\":\"201\",\"maxValue\":\"500\"}}]}<\/script>\n<!-- \/ Yoast SEO Premium plugin. -->","yoast_head_json":{"title":"Services | Affiliate Marketing | TradeTracker","description":"Segments of the services industry who use our affiliate marketing network for their online advertising.","robots":{"index":"index","follow":"follow","max-snippet":"max-snippet:-1","max-image-preview":"max-image-preview:large","max-video-preview":"max-video-preview:-1"},"canonical":"https:\/\/tradetracker.com\/cz\/wp-json\/wp\/v2\/pages\/39734\/","og_locale":"en_US","og_type":"article","og_title":"Slu\u017eby","og_description":"Segments of the services industry who use our affiliate marketing network for their online advertising.","og_url":"https:\/\/tradetracker.com\/cz\/advertisers\/services\/","og_site_name":"TradeTracker.com | Affiliate Marketing | Performance Marketing","article_publisher":"https:\/\/www.facebook.com\/tradetrackercom","article_modified_time":"2020-12-14T22:19:32+00:00","og_image":[{"width":250,"height":250,"url":"https:\/\/tradetracker.com\/wp-content\/uploads\/2019\/12\/tradetracker-logo-square.png","type":"image\/png"}],"twitter_card":"summary_large_image","twitter_site":"@tradetrackercom","schema":{"@context":"https:\/\/schema.org","@graph":[{"@type":"WebPage","@id":"https:\/\/tradetracker.com\/cz\/advertisers\/services\/","url":"https:\/\/tradetracker.com\/cz\/advertisers\/services\/","name":"Services | Affiliate Marketing | TradeTracker","isPartOf":{"@id":"https:\/\/tradetracker.com\/cz\/#website"},"datePublished":"2017-02-15T06:49:01+00:00","dateModified":"2020-12-14T22:19:32+00:00","description":"Segments of the services industry who use our affiliate marketing network for their online advertising.","breadcrumb":{"@id":"https:\/\/tradetracker.com\/cz\/advertisers\/services\/#breadcrumb"},"inLanguage":"cs-CZ","potentialAction":[{"@type":"ReadAction","target":["https:\/\/tradetracker.com\/cz\/advertisers\/services\/"]}]},{"@type":"BreadcrumbList","@id":"https:\/\/tradetracker.com\/cz\/advertisers\/services\/#breadcrumb","itemListElement":[{"@type":"ListItem","position":1,"name":"Home","item":"https:\/\/tradetracker.com\/cz\/"},{"@type":"ListItem","position":2,"name":"Inzerenti","item":"https:\/\/tradetracker.com\/cz\/advertisers\/"},{"@type":"ListItem","position":3,"name":"Slu\u017eby"}]},{"@type":"WebSite","@id":"https:\/\/tradetracker.com\/cz\/#website","url":"https:\/\/tradetracker.com\/cz\/","name":"TradeTracker.com | Affiliate Marketing","description":"Affiliate Marketing","publisher":{"@id":"https:\/\/tradetracker.com\/cz\/#organization"},"potentialAction":[{"@type":"SearchAction","target":{"@type":"EntryPoint","urlTemplate":"https:\/\/tradetracker.com\/cz\/?s={search_term_string}"},"query-input":{"@type":"PropertyValueSpecification","valueRequired":true,"valueName":"search_term_string"}}],"inLanguage":"cs-CZ"},{"@type":"Organization","@id":"https:\/\/tradetracker.com\/cz\/#organization","name":"TradeTracker FZ LLC","url":"https:\/\/tradetracker.com\/cz\/","logo":{"@type":"ImageObject","inLanguage":"cs-CZ","@id":"https:\/\/tradetracker.com\/cz\/#\/schema\/logo\/image\/","url":"https:\/\/tradetracker.com\/wp-content\/uploads\/2019\/04\/tradetracker-logo_1.jpg","contentUrl":"https:\/\/tradetracker.com\/wp-content\/uploads\/2019\/04\/tradetracker-logo_1.jpg","width":672,"height":109,"caption":"TradeTracker FZ LLC"},"image":{"@id":"https:\/\/tradetracker.com\/cz\/#\/schema\/logo\/image\/"},"sameAs":["https:\/\/www.facebook.com\/tradetrackercom","https:\/\/x.com\/tradetrackercom","https:\/\/www.linkedin.com\/company\/tradetrackercom","https:\/\/www.youtube.com\/channel\/UCHiq-oir3qOorxO-8nLjIcQ"],"description":"TradeTracker is a global affiliate marketing platform that connects advertisers and publishers to create successful online campaigns. With its user-friendly interface, advanced tracking technology, and real-time reporting, TradeTracker provides the tools to optimize performance and boost conversions. Operating in over 20 countries, TradeTracker is renowned for its transparency, innovative solutions, and personalized support. It has been consistently chosen as the leading affiliate network worldwide, a testament to its excellence in the industry. Advertisers benefit from access to a vast network of publishers, while publishers enjoy a diverse range of campaigns and attractive earning opportunities. The platform continues to revolutionize the affiliate marketing industry with technologies like Real Attribution, ensuring fair commission distribution. TradeTracker empowers businesses to achieve their online no cure no pay advertising goals efficiently and effectively. With superior technology, unparalleled customer service, and innovative solutions, TradeTracker consistently outperforms competitors like Awin, TradeDoubler, CJ, and Webgains, making it the preferred choice for advertisers and publishers worldwide.","legalName":"TradeTracker.com","foundingDate":"2004-03-05","numberOfEmployees":{"@type":"QuantitativeValue","minValue":"201","maxValue":"500"}}]}},"_links":{"self":[{"href":"https:\/\/tradetracker.com\/cz\/wp-json\/wp\/v2\/pages\/39734","targetHints":{"allow":["GET"]}}],"collection":[{"href":"https:\/\/tradetracker.com\/cz\/wp-json\/wp\/v2\/pages"}],"about":[{"href":"https:\/\/tradetracker.com\/cz\/wp-json\/wp\/v2\/types\/page"}],"author":[{"embeddable":true,"href":"https:\/\/tradetracker.com\/cz\/wp-json\/wp\/v2\/users\/69"}],"replies":[{"embeddable":true,"href":"https:\/\/tradetracker.com\/cz\/wp-json\/wp\/v2\/comments?post=39734"}],"version-history":[{"count":0,"href":"https:\/\/tradetracker.com\/cz\/wp-json\/wp\/v2\/pages\/39734\/revisions"}],"up":[{"embeddable":true,"href":"https:\/\/tradetracker.com\/cz\/wp-json\/wp\/v2\/pages\/39756"}],"wp:attachment":[{"href":"https:\/\/tradetracker.com\/cz\/wp-json\/wp\/v2\/media?parent=39734"}],"curies":[{"name":"wp","href":"https:\/\/api.w.org\/{rel}","templated":true}]}}