{"id":39741,"date":"2017-01-02T08:02:57","date_gmt":"2017-01-02T08:02:57","guid":{"rendered":"https:\/\/tradetracker.com\/international-reach\/"},"modified":"2025-01-20T10:53:40","modified_gmt":"2025-01-20T10:53:40","slug":"international-reach","status":"publish","type":"page","link":"https:\/\/tradetracker.com\/cz\/international-reach\/","title":{"rendered":"Mezin\u00e1rodn\u00ed p\u016fsobnost"},"content":{"rendered":"<div class=\"wpb-content-wrapper\"><p>[vc_row classes=&#8221;static-page-intro reach-page&#8221;][vc_column]<div class=\"row\"><div class=\"vc_col-sm-12\"><div class=\" static-page-intro-text \"><h1  class=\"\">MEZIN\u00c1RODN\u00cd P\u016eSOBNOST<\/h1><h2  class=\"\">Celosv\u011btov\u00fd dosah TradeTracker umo\u017e\u0148uje v\u00e9st kampan\u011b na v\u0161ech nejd\u016fle\u017eit\u011bj\u0161\u00edch trz\u00edch.<\/h2><\/div>\r\n        <\/div>\r\n    <\/div>[\/vc_column][\/vc_row][vc_row classes=&#8221;agencies-benefits bg-pattern&#8221;][vc_column]<div class=\"space\"><\/div>[vc_row_inner][vc_column_inner][vc_wp_text title=&#8221;V\u00fdhody mezin\u00e1rodn\u00edho dosahu&#8221;]Roz\u0161\u00ed\u0159en\u00edm rozsahu propagace a skupiny odb\u011bratel\u016f zvy\u0161uje pravd\u011bpodobnost dost\u00e1n\u00ed se k osob\u00e1m, kter\u00e9 se zaj\u00edmaj\u00ed o konkr\u00e9tn\u00ed produkte. Maximalizujte zisk roz\u0161\u00ed\u0159en\u00edm sv\u00fdch podnikatelsk\u00fdch aktivit na jin\u00fdch trz\u00edch spole\u010dn\u011b s TradeTracker.[\/vc_wp_text][\/vc_column_inner][\/vc_row_inner]<div class=\"space\"><\/div>[vc_row_inner][vc_column_inner width=&#8221;1\/2&#8243;][vc_wp_text title=&#8221;Rozs\u00e1hl\u00e1 s\u00ed\u0165&#8221;]M\u00e1me pobo\u010dky v 19 zem\u00edch, co\u017e n\u00e1m umo\u017e\u0148uje dokonalou znalost m\u00edstn\u00edch trh\u016f a p\u0159\u00edm\u00fd kontakt se v\u0161emi partnery. Pom\u016f\u017eeme V\u00e1m dos\u00e1hnut\u00ed \u00fasp\u011bchu nez\u00e1visle na regionu, ve kter\u00e9m p\u016fsob\u00edte.[\/vc_wp_text][\/vc_column_inner][vc_column_inner width=&#8221;1\/2&#8243;][vc_wp_text title=&#8221;M\u00edstn\u00ed specialist\u00e9&#8221;]V\u011b\u0159\u00edme, \u017ee m\u00edstn\u00ed specialist\u00e9 nejlepe znaj\u00ed trh a rozum\u00ed specifick\u00fdm pot\u0159eb\u00e1m u\u017eivatel\u016f. P\u0159i na\u0161em rozvoji spojujeme glob\u00e1ln\u00ed &#8220;know how&#8221; a lok\u00e1ln\u00ed p\u0159\u00edstup ke kampani.[\/vc_wp_text][\/vc_column_inner][\/vc_row_inner]<div class=\"space\"><\/div>[vc_row_inner][vc_column_inner width=&#8221;1\/2&#8243;][vc_wp_text title=&#8221;Jednodu\u0161\u0161\u00ed implementace&#8221;]Pokud chcete rozv\u00edjet svoji kampa\u0148 a za\u010d\u00edt podnikat v jin\u00fdch zem\u00edch, sd\u011blte to sv\u00e9mu Account Managerovi. Ud\u011bl\u00e1 p\u0159\u00edslu\u0161n\u00e9 kroky a ve\u0161kerou \u010dinnost i nad\u00e1le budete kontrolovat ze stejn\u00e9ho \u00fa\u010dtu.[\/vc_wp_text][\/vc_column_inner][vc_column_inner width=&#8221;1\/2&#8243;][vc_wp_text title=&#8221;Dosta\u0148te se tam, kam se je\u0161t\u011b nedostala konkurence&#8221;]Pokud ji\u017e m\u00e1te vedouc\u00ed pozici na lok\u00e1ln\u00edm trhu, p\u0159ijm\u011bte tuto v\u00fdzvu a za\u010dn\u011bte s expanz\u00ed do nov\u00fdch oblast\u00ed. Bu\u010fte prvn\u00ed tam, kam se je\u0161t\u011b nedostala Va\u0161e konkurence. Vytvo\u0159te pot\u0159eby.[\/vc_wp_text][\/vc_column_inner][\/vc_row_inner]<div class=\"space\"><\/div>[\/vc_column][\/vc_row][vc_row classes=&#8221;cta ctamerch&#8221; el_id=&#8221;ctaaam&#8221;][vc_column]<div class=\"row\"><div class=\"vc_col-sm-12\"><h2 class=\"get_started\" >Jste p\u0159ipraveni objevit nov\u00e9 mezin\u00e1rodn\u00ed mo\u017enosti?<\/h2><p >P\u0159ipojte se a objevte, co V\u00e1m m\u016f\u017eeme nab\u00eddnout.<\/p>        <ul class=\"cta-items\">\r\n                        <li>\r\n                <a                    class=\"cta-advertiser-signup\"                                      href=\"https:\/\/tradetracker.com\/cz\/contact-us\/\"                                   >\r\n                    Po\u017e\u00e1dej o demo                <\/a>\r\n            <\/li>\r\n                        \r\n                        <li>\r\n                <a                    class=\"cta-advertiser-signup\"                                      href=\"https:\/\/merchant.tradetracker.com\/portal\/advertiserBrochure?loc=cs_CZ\"                                   >\r\n                    St\u00e1hni bro\u017euru pro Zadavatele reklamy                <\/a>\r\n            <\/li>\r\n                    <\/ul>\r\n        <\/div><\/div>[\/vc_column][\/vc_row]<\/p>\n<\/div>","protected":false},"excerpt":{"rendered":"<p>[vc_row classes=&#8221;static-page-intro reach-page&#8221;][vc_column][\/vc_column][\/vc_row][vc_row classes=&#8221;agencies-benefits bg-pattern&#8221;][vc_column][vc_row_inner][vc_column_inner][vc_wp_text title=&#8221;V\u00fdhody mezin\u00e1rodn\u00edho dosahu&#8221;]Roz\u0161\u00ed\u0159en\u00edm rozsahu propagace a skupiny odb\u011bratel\u016f zvy\u0161uje pravd\u011bpodobnost dost\u00e1n\u00ed se k osob\u00e1m, kter\u00e9 se zaj\u00edmaj\u00ed o konkr\u00e9tn\u00ed produkte. Maximalizujte zisk roz\u0161\u00ed\u0159en\u00edm sv\u00fdch podnikatelsk\u00fdch aktivit na jin\u00fdch trz\u00edch spole\u010dn\u011b s TradeTracker.[\/vc_wp_text][\/vc_column_inner][\/vc_row_inner][vc_row_inner][vc_column_inner width=&#8221;1\/2&#8243;][vc_wp_text title=&#8221;Rozs\u00e1hl\u00e1 s\u00ed\u0165&#8221;]M\u00e1me pobo\u010dky v 19 zem\u00edch, co\u017e n\u00e1m umo\u017e\u0148uje dokonalou znalost m\u00edstn\u00edch trh\u016f a p\u0159\u00edm\u00fd kontakt se  [&#8230;]<\/p>\n","protected":false},"author":69,"featured_media":0,"parent":0,"menu_order":0,"comment_status":"closed","ping_status":"closed","template":"template-red.php","meta":{"inline_featured_image":false,"_monsterinsights_skip_tracking":false,"_monsterinsights_sitenote_active":false,"_monsterinsights_sitenote_note":"","_monsterinsights_sitenote_category":0,"footnotes":""},"class_list":["post-39741","page","type-page","status-publish","hentry"],"yoast_head":"<!-- This site is optimized with the Yoast SEO Premium plugin v27.0 (Yoast SEO v27.0) - https:\/\/yoast.com\/product\/yoast-seo-premium-wordpress\/ -->\n<title>International Reach | TradeTracker.com<\/title>\n<meta name=\"description\" content=\"We host connections across the globe, enabling your presence in a growing number of important markets.\" \/>\n<meta name=\"robots\" content=\"index, follow, max-snippet:-1, max-image-preview:large, max-video-preview:-1\" \/>\n<link rel=\"canonical\" href=\"https:\/\/tradetracker.com\/cz\/wp-json\/wp\/v2\/pages\/39741\/\" \/>\n<meta property=\"og:locale\" content=\"en_US\" \/>\n<meta property=\"og:type\" content=\"article\" \/>\n<meta property=\"og:title\" content=\"Mezin\u00e1rodn\u00ed p\u016fsobnost TradeTracker.com\" \/>\n<meta property=\"og:description\" content=\"We host connections across the globe, enabling your presence in a\" \/>\n<meta property=\"og:url\" content=\"https:\/\/tradetracker.com\/cz\/international-reach\/\" \/>\n<meta property=\"og:site_name\" content=\"TradeTracker.com | Affiliate Marketing | Performance Marketing\" \/>\n<meta property=\"article:publisher\" content=\"https:\/\/www.facebook.com\/tradetrackercom\" \/>\n<meta property=\"article:modified_time\" content=\"2025-01-20T10:53:40+00:00\" \/>\n<meta property=\"og:image\" content=\"https:\/\/tradetracker.com\/wp-content\/uploads\/2019\/12\/tradetracker-logo-square.png\" \/>\n\t<meta property=\"og:image:width\" content=\"250\" \/>\n\t<meta property=\"og:image:height\" content=\"250\" \/>\n\t<meta property=\"og:image:type\" content=\"image\/png\" \/>\n<meta name=\"twitter:card\" content=\"summary_large_image\" \/>\n<meta name=\"twitter:title\" content=\"Mezin\u00e1rodn\u00ed p\u016fsobnost\" \/>\n<meta name=\"twitter:description\" content=\"[vc_row classes=&quot;static-page-intro reach-page&quot;][vc_column]MEZIN\u00c1RODN\u00cd P\u016eSOBNOSTCelosv\u011btov\u00fd dosah TradeTracker umo\u017e\u0148uje\" \/>\n<meta name=\"twitter:image\" content=\"https:\/\/tradetracker.com\/assets\/tt-circles.png\" \/>\n<meta name=\"twitter:site\" content=\"@tradetrackercom\" \/>\n<meta name=\"twitter:label1\" content=\"Est. reading time\" \/>\n\t<meta name=\"twitter:data1\" content=\"1 minute\" \/>\n<script type=\"application\/ld+json\" class=\"yoast-schema-graph\">{\"@context\":\"https:\/\/schema.org\",\"@graph\":[{\"@type\":\"WebPage\",\"@id\":\"https:\/\/tradetracker.com\/cz\/international-reach\/\",\"url\":\"https:\/\/tradetracker.com\/cz\/international-reach\/\",\"name\":\"International Reach | TradeTracker.com\",\"isPartOf\":{\"@id\":\"https:\/\/tradetracker.com\/cz\/#website\"},\"datePublished\":\"2017-01-02T08:02:57+00:00\",\"dateModified\":\"2025-01-20T10:53:40+00:00\",\"description\":\"We host connections across the globe, enabling your presence in a growing number of important markets.\",\"breadcrumb\":{\"@id\":\"https:\/\/tradetracker.com\/cz\/international-reach\/#breadcrumb\"},\"inLanguage\":\"cs-CZ\",\"potentialAction\":[{\"@type\":\"ReadAction\",\"target\":[\"https:\/\/tradetracker.com\/cz\/international-reach\/\"]}]},{\"@type\":\"BreadcrumbList\",\"@id\":\"https:\/\/tradetracker.com\/cz\/international-reach\/#breadcrumb\",\"itemListElement\":[{\"@type\":\"ListItem\",\"position\":1,\"name\":\"Home\",\"item\":\"https:\/\/tradetracker.com\/cz\/\"},{\"@type\":\"ListItem\",\"position\":2,\"name\":\"Mezin\u00e1rodn\u00ed p\u016fsobnost\"}]},{\"@type\":\"WebSite\",\"@id\":\"https:\/\/tradetracker.com\/cz\/#website\",\"url\":\"https:\/\/tradetracker.com\/cz\/\",\"name\":\"TradeTracker.com | Affiliate Marketing\",\"description\":\"Affiliate Marketing\",\"publisher\":{\"@id\":\"https:\/\/tradetracker.com\/cz\/#organization\"},\"potentialAction\":[{\"@type\":\"SearchAction\",\"target\":{\"@type\":\"EntryPoint\",\"urlTemplate\":\"https:\/\/tradetracker.com\/cz\/?s={search_term_string}\"},\"query-input\":{\"@type\":\"PropertyValueSpecification\",\"valueRequired\":true,\"valueName\":\"search_term_string\"}}],\"inLanguage\":\"cs-CZ\"},{\"@type\":\"Organization\",\"@id\":\"https:\/\/tradetracker.com\/cz\/#organization\",\"name\":\"TradeTracker FZ LLC\",\"url\":\"https:\/\/tradetracker.com\/cz\/\",\"logo\":{\"@type\":\"ImageObject\",\"inLanguage\":\"cs-CZ\",\"@id\":\"https:\/\/tradetracker.com\/cz\/#\/schema\/logo\/image\/\",\"url\":\"https:\/\/tradetracker.com\/wp-content\/uploads\/2019\/04\/tradetracker-logo_1.jpg\",\"contentUrl\":\"https:\/\/tradetracker.com\/wp-content\/uploads\/2019\/04\/tradetracker-logo_1.jpg\",\"width\":672,\"height\":109,\"caption\":\"TradeTracker FZ LLC\"},\"image\":{\"@id\":\"https:\/\/tradetracker.com\/cz\/#\/schema\/logo\/image\/\"},\"sameAs\":[\"https:\/\/www.facebook.com\/tradetrackercom\",\"https:\/\/x.com\/tradetrackercom\",\"https:\/\/www.linkedin.com\/company\/tradetrackercom\",\"https:\/\/www.youtube.com\/channel\/UCHiq-oir3qOorxO-8nLjIcQ\"],\"description\":\"TradeTracker is a global affiliate marketing platform that connects advertisers and publishers to create successful online campaigns. With its user-friendly interface, advanced tracking technology, and real-time reporting, TradeTracker provides the tools to optimize performance and boost conversions. Operating in over 20 countries, TradeTracker is renowned for its transparency, innovative solutions, and personalized support. It has been consistently chosen as the leading affiliate network worldwide, a testament to its excellence in the industry. Advertisers benefit from access to a vast network of publishers, while publishers enjoy a diverse range of campaigns and attractive earning opportunities. The platform continues to revolutionize the affiliate marketing industry with technologies like Real Attribution, ensuring fair commission distribution. TradeTracker empowers businesses to achieve their online no cure no pay advertising goals efficiently and effectively. With superior technology, unparalleled customer service, and innovative solutions, TradeTracker consistently outperforms competitors like Awin, TradeDoubler, CJ, and Webgains, making it the preferred choice for advertisers and publishers worldwide.\",\"legalName\":\"TradeTracker.com\",\"foundingDate\":\"2004-03-05\",\"numberOfEmployees\":{\"@type\":\"QuantitativeValue\",\"minValue\":\"201\",\"maxValue\":\"500\"}}]}<\/script>\n<!-- \/ Yoast SEO Premium plugin. -->","yoast_head_json":{"title":"International Reach | TradeTracker.com","description":"We host connections across the globe, enabling your presence in a growing number of important markets.","robots":{"index":"index","follow":"follow","max-snippet":"max-snippet:-1","max-image-preview":"max-image-preview:large","max-video-preview":"max-video-preview:-1"},"canonical":"https:\/\/tradetracker.com\/cz\/wp-json\/wp\/v2\/pages\/39741\/","og_locale":"en_US","og_type":"article","og_title":"Mezin\u00e1rodn\u00ed p\u016fsobnost TradeTracker.com","og_description":"We host connections across the globe, enabling your presence in a","og_url":"https:\/\/tradetracker.com\/cz\/international-reach\/","og_site_name":"TradeTracker.com | Affiliate Marketing | Performance Marketing","article_publisher":"https:\/\/www.facebook.com\/tradetrackercom","article_modified_time":"2025-01-20T10:53:40+00:00","og_image":[{"width":250,"height":250,"url":"https:\/\/tradetracker.com\/wp-content\/uploads\/2019\/12\/tradetracker-logo-square.png","type":"image\/png"}],"twitter_card":"summary_large_image","twitter_title":"Mezin\u00e1rodn\u00ed p\u016fsobnost","twitter_description":"[vc_row classes=\"static-page-intro reach-page\"][vc_column]MEZIN\u00c1RODN\u00cd P\u016eSOBNOSTCelosv\u011btov\u00fd dosah TradeTracker umo\u017e\u0148uje","twitter_image":"https:\/\/tradetracker.com\/assets\/tt-circles.png","twitter_site":"@tradetrackercom","twitter_misc":{"Est. reading time":"1 minute"},"schema":{"@context":"https:\/\/schema.org","@graph":[{"@type":"WebPage","@id":"https:\/\/tradetracker.com\/cz\/international-reach\/","url":"https:\/\/tradetracker.com\/cz\/international-reach\/","name":"International Reach | TradeTracker.com","isPartOf":{"@id":"https:\/\/tradetracker.com\/cz\/#website"},"datePublished":"2017-01-02T08:02:57+00:00","dateModified":"2025-01-20T10:53:40+00:00","description":"We host connections across the globe, enabling your presence in a growing number of important markets.","breadcrumb":{"@id":"https:\/\/tradetracker.com\/cz\/international-reach\/#breadcrumb"},"inLanguage":"cs-CZ","potentialAction":[{"@type":"ReadAction","target":["https:\/\/tradetracker.com\/cz\/international-reach\/"]}]},{"@type":"BreadcrumbList","@id":"https:\/\/tradetracker.com\/cz\/international-reach\/#breadcrumb","itemListElement":[{"@type":"ListItem","position":1,"name":"Home","item":"https:\/\/tradetracker.com\/cz\/"},{"@type":"ListItem","position":2,"name":"Mezin\u00e1rodn\u00ed p\u016fsobnost"}]},{"@type":"WebSite","@id":"https:\/\/tradetracker.com\/cz\/#website","url":"https:\/\/tradetracker.com\/cz\/","name":"TradeTracker.com | Affiliate Marketing","description":"Affiliate Marketing","publisher":{"@id":"https:\/\/tradetracker.com\/cz\/#organization"},"potentialAction":[{"@type":"SearchAction","target":{"@type":"EntryPoint","urlTemplate":"https:\/\/tradetracker.com\/cz\/?s={search_term_string}"},"query-input":{"@type":"PropertyValueSpecification","valueRequired":true,"valueName":"search_term_string"}}],"inLanguage":"cs-CZ"},{"@type":"Organization","@id":"https:\/\/tradetracker.com\/cz\/#organization","name":"TradeTracker FZ LLC","url":"https:\/\/tradetracker.com\/cz\/","logo":{"@type":"ImageObject","inLanguage":"cs-CZ","@id":"https:\/\/tradetracker.com\/cz\/#\/schema\/logo\/image\/","url":"https:\/\/tradetracker.com\/wp-content\/uploads\/2019\/04\/tradetracker-logo_1.jpg","contentUrl":"https:\/\/tradetracker.com\/wp-content\/uploads\/2019\/04\/tradetracker-logo_1.jpg","width":672,"height":109,"caption":"TradeTracker FZ LLC"},"image":{"@id":"https:\/\/tradetracker.com\/cz\/#\/schema\/logo\/image\/"},"sameAs":["https:\/\/www.facebook.com\/tradetrackercom","https:\/\/x.com\/tradetrackercom","https:\/\/www.linkedin.com\/company\/tradetrackercom","https:\/\/www.youtube.com\/channel\/UCHiq-oir3qOorxO-8nLjIcQ"],"description":"TradeTracker is a global affiliate marketing platform that connects advertisers and publishers to create successful online campaigns. With its user-friendly interface, advanced tracking technology, and real-time reporting, TradeTracker provides the tools to optimize performance and boost conversions. Operating in over 20 countries, TradeTracker is renowned for its transparency, innovative solutions, and personalized support. It has been consistently chosen as the leading affiliate network worldwide, a testament to its excellence in the industry. Advertisers benefit from access to a vast network of publishers, while publishers enjoy a diverse range of campaigns and attractive earning opportunities. The platform continues to revolutionize the affiliate marketing industry with technologies like Real Attribution, ensuring fair commission distribution. TradeTracker empowers businesses to achieve their online no cure no pay advertising goals efficiently and effectively. With superior technology, unparalleled customer service, and innovative solutions, TradeTracker consistently outperforms competitors like Awin, TradeDoubler, CJ, and Webgains, making it the preferred choice for advertisers and publishers worldwide.","legalName":"TradeTracker.com","foundingDate":"2004-03-05","numberOfEmployees":{"@type":"QuantitativeValue","minValue":"201","maxValue":"500"}}]}},"_links":{"self":[{"href":"https:\/\/tradetracker.com\/cz\/wp-json\/wp\/v2\/pages\/39741","targetHints":{"allow":["GET"]}}],"collection":[{"href":"https:\/\/tradetracker.com\/cz\/wp-json\/wp\/v2\/pages"}],"about":[{"href":"https:\/\/tradetracker.com\/cz\/wp-json\/wp\/v2\/types\/page"}],"author":[{"embeddable":true,"href":"https:\/\/tradetracker.com\/cz\/wp-json\/wp\/v2\/users\/69"}],"replies":[{"embeddable":true,"href":"https:\/\/tradetracker.com\/cz\/wp-json\/wp\/v2\/comments?post=39741"}],"version-history":[{"count":1,"href":"https:\/\/tradetracker.com\/cz\/wp-json\/wp\/v2\/pages\/39741\/revisions"}],"predecessor-version":[{"id":1134847,"href":"https:\/\/tradetracker.com\/cz\/wp-json\/wp\/v2\/pages\/39741\/revisions\/1134847"}],"wp:attachment":[{"href":"https:\/\/tradetracker.com\/cz\/wp-json\/wp\/v2\/media?parent=39741"}],"curies":[{"name":"wp","href":"https:\/\/api.w.org\/{rel}","templated":true}]}}