{"id":39742,"date":"2017-01-02T08:00:33","date_gmt":"2017-01-02T08:00:33","guid":{"rendered":"https:\/\/tradetracker.com\/audience\/"},"modified":"2025-01-20T07:12:35","modified_gmt":"2025-01-20T07:12:35","slug":"audience","status":"publish","type":"page","link":"https:\/\/tradetracker.com\/cz\/audience\/","title":{"rendered":"Publikum"},"content":{"rendered":"<div class=\"wpb-content-wrapper\"><p>[vc_row classes=&#8221;static-page-intro audience-page&#8221;][vc_column]<div class=\"row\"><div class=\"vc_col-sm-12\"><div class=\" static-page-intro-text \"><h1  class=\"\">KVALITN\u00cd ODB\u011aRATEL\u00c9<\/h1><h2  class=\"\">Spolupracujeme s nejlep\u0161\u00edmi vydavateli ve sv\u00e9 katogorii. Zaru\u010dujeme nejen ne\u0161ir\u0161\u00ed dosah, ale rovn\u011b\u017e p\u0159\u00edstup ke kvalitn\u00edmu obsahu.<\/h2><\/div>\r\n        <\/div>\r\n    <\/div>[\/vc_column][\/vc_row][vc_row classes=&#8221;agencies-benefits bg-pattern&#8221;][vc_column]<div class=\"space\"><\/div>[vc_row_inner][vc_column_inner][vc_wp_text title=&#8221;To v\u0161echno m\u016f\u017eete m\u00edt&#8221;]Za \u00fa\u010delem generov\u00e1n\u00ed transakc\u00ed a zv\u00fd\u0161en\u00ed postaven\u00ed zna\u010dky na trhu je nezbytn\u00e9 se dostat k vhodn\u00e9 c\u00edlov\u00e9 skupin\u011b. B\u011bhem n\u011bkolika let p\u016fsoben\u00ed na trhu performance marketingu TradeTracker vytvo\u0159il s\u00ed\u0165 d\u016fv\u011bryhodn\u00fdch Vydavatel\u016f, kte\u0159\u00ed maj\u00ed z\u00e1jem o kampan\u011b na r\u016fzn\u00e1 t\u00e9mata, s r\u016fzn\u00fdmi vypo\u0159\u00e1dac\u00edmi syst\u00e9my.[\/vc_wp_text][\/vc_column_inner][\/vc_row_inner]<div class=\"space\"><\/div>[vc_row_inner][vc_column_inner width=&#8221;1\/2&#8243;][vc_wp_text title=&#8221;Vysok\u00e1 kvalita u\u017eivatel\u016f&#8221;]Ka\u017ed\u00fd nov\u00fd Vydavatel proch\u00e1z\u00ed ov\u011b\u0159ovac\u00edm procesem, proto v na\u0161ich programech jsou transakce generovan\u00e9 osv\u011bd\u010den\u00fdmi partnery.[\/vc_wp_text][\/vc_column_inner][vc_column_inner width=&#8221;1\/2&#8243;][vc_wp_text title=&#8221;Ur\u010den\u00e1 c\u00edlov\u00e1 skupina&#8221;]Ur\u010dete svoji c\u00edlovou skupinu a za\u010dn\u011bte spolupracovat s partnery, kte\u0159\u00ed V\u00e1m pomohou se k n\u00ed dostat. Zv\u011bt\u0161i pravd\u011bpodobnost z\u00e1jmu o Va\u0161i nab\u00eddku vybr\u00e1n\u00edm spr\u00e1vn\u00e9ho targetu.[\/vc_wp_text][\/vc_column_inner][\/vc_row_inner]<div class=\"space\"><\/div>[vc_row_inner][vc_column_inner width=&#8221;1\/2&#8243;][vc_wp_text title=&#8221;Sv\u011btov\u00fd trh&#8221;]V\u0161em z\u00e1kazn\u00edk\u016fm, kte\u0159\u00ed pl\u00e1nuj\u00ed expanzi na jin\u00e9 trhy usnad\u0148ujeme mezin\u00e1rodn\u00ed rozvoj pomoc\u00ed p\u0159\u00edstupu k vydavatel\u016fm s celosv\u011btov\u00fdm rozsahem.[\/vc_wp_text][\/vc_column_inner][vc_column_inner width=&#8221;1\/2&#8243;][vc_wp_text title=&#8221;P\u0159ehledn\u00e9 vyhled\u00e1v\u00e1n\u00ed&#8221;]Najd\u011bte port\u00e1l, kter\u00fd nejl\u00e9pe odpov\u00edd\u00e1 Va\u0161e c\u00edlov\u00e9 skupin\u011b. Na\u0161i specialist\u00e9 V\u00e1m pomohou stvo\u0159it v tv\u00fdch programech s\u00ed\u0165 Vydavatel\u016f efektivn\u011b pracuj\u00edc\u00edch v kampani a realizuj\u00edc\u00ed sple\u010dn\u011b ust\u00e1len\u00e9 c\u00edle.[\/vc_wp_text][\/vc_column_inner][\/vc_row_inner]<div class=\"space\"><\/div>[\/vc_column][\/vc_row][vc_row classes=&#8221;cta ctamerch&#8221; el_id=&#8221;ctaaam&#8221;][vc_column]<div class=\"row\"><div class=\"vc_col-sm-12\"><h2 class=\"get_started\" >Hled\u00e1te vysoce kvalitn\u00ed odb\u011bratele pro zlep\u0161en\u00ed v\u00fdsledk\u016f?<\/h2><p >Kontaktujte n\u00e1s a my najdeme nejlep\u0161\u00ed \u0159e\u0161en\u00ed.<\/p><\/div><\/div><div class=\"row\"><div class=\"vc_col-sm-12\"><p class=\"cta-items\"><a class=\"cta-advertiser-signup\" href=\"https:\/\/merchant.tradetracker.com\/portal\/advertiserBrochure?loc=cs_CZ\">Po\u017e\u00e1dej o demo<\/a><\/p><\/div><\/div>[\/vc_column][\/vc_row]<\/p>\n<\/div>","protected":false},"excerpt":{"rendered":"<p>[vc_row classes=&#8221;static-page-intro audience-page&#8221;][vc_column][\/vc_column][\/vc_row][vc_row classes=&#8221;agencies-benefits bg-pattern&#8221;][vc_column][vc_row_inner][vc_column_inner][vc_wp_text title=&#8221;To v\u0161echno m\u016f\u017eete m\u00edt&#8221;]Za \u00fa\u010delem generov\u00e1n\u00ed transakc\u00ed a zv\u00fd\u0161en\u00ed postaven\u00ed zna\u010dky na trhu je nezbytn\u00e9 se dostat k vhodn\u00e9 c\u00edlov\u00e9 skupin\u011b. B\u011bhem n\u011bkolika let p\u016fsoben\u00ed na trhu performance marketingu TradeTracker vytvo\u0159il s\u00ed\u0165 d\u016fv\u011bryhodn\u00fdch Vydavatel\u016f, kte\u0159\u00ed maj\u00ed z\u00e1jem o kampan\u011b na r\u016fzn\u00e1 t\u00e9mata, s r\u016fzn\u00fdmi vypo\u0159\u00e1dac\u00edmi syst\u00e9my.[\/vc_wp_text][\/vc_column_inner][\/vc_row_inner][vc_row_inner][vc_column_inner width=&#8221;1\/2&#8243;][vc_wp_text title=&#8221;Vysok\u00e1 kvalita u\u017eivatel\u016f&#8221;]Ka\u017ed\u00fd  [&#8230;]<\/p>\n","protected":false},"author":69,"featured_media":0,"parent":0,"menu_order":0,"comment_status":"closed","ping_status":"closed","template":"template-red.php","meta":{"inline_featured_image":false,"_monsterinsights_skip_tracking":false,"_monsterinsights_sitenote_active":false,"_monsterinsights_sitenote_note":"","_monsterinsights_sitenote_category":0,"footnotes":""},"class_list":["post-39742","page","type-page","status-publish","hentry"],"yoast_head":"<!-- This site is optimized with the Yoast SEO Premium plugin v27.0 (Yoast SEO v27.0) - https:\/\/yoast.com\/product\/yoast-seo-premium-wordpress\/ -->\n<title>A Valuable Audience| TradeTracker<\/title>\n<meta name=\"description\" content=\"We host some of the leading affiliates in the industry and they bring with them a high quality audience.\" \/>\n<meta name=\"robots\" content=\"index, follow, max-snippet:-1, max-image-preview:large, max-video-preview:-1\" \/>\n<link rel=\"canonical\" href=\"https:\/\/tradetracker.com\/cz\/wp-json\/wp\/v2\/pages\/39742\/\" \/>\n<meta property=\"og:locale\" content=\"en_US\" \/>\n<meta property=\"og:type\" content=\"article\" \/>\n<meta property=\"og:title\" content=\"Publikum TradeTracker.com\" \/>\n<meta property=\"og:description\" content=\"We host some of the leading affiliates in the industry and they\" \/>\n<meta property=\"og:url\" content=\"https:\/\/tradetracker.com\/cz\/audience\/\" \/>\n<meta property=\"og:site_name\" content=\"TradeTracker.com | Affiliate Marketing | Performance Marketing\" \/>\n<meta property=\"article:publisher\" content=\"https:\/\/www.facebook.com\/tradetrackercom\" \/>\n<meta property=\"article:modified_time\" content=\"2025-01-20T07:12:35+00:00\" \/>\n<meta property=\"og:image\" content=\"https:\/\/tradetracker.com\/wp-content\/uploads\/2019\/12\/tradetracker-logo-square.png\" \/>\n\t<meta property=\"og:image:width\" content=\"250\" \/>\n\t<meta property=\"og:image:height\" content=\"250\" \/>\n\t<meta property=\"og:image:type\" content=\"image\/png\" \/>\n<meta name=\"twitter:card\" content=\"summary_large_image\" \/>\n<meta name=\"twitter:title\" content=\"Publikum\" \/>\n<meta name=\"twitter:description\" content=\"[vc_row classes=&quot;static-page-intro audience-page&quot;][vc_column]KVALITN\u00cd ODB\u011aRATEL\u00c9Spolupracujeme s nejlep\u0161\u00edmi vydavateli \" \/>\n<meta name=\"twitter:image\" content=\"https:\/\/tradetracker.com\/assets\/tt-circles.png\" \/>\n<meta name=\"twitter:site\" content=\"@tradetrackercom\" \/>\n<meta name=\"twitter:label1\" content=\"Est. reading time\" \/>\n\t<meta name=\"twitter:data1\" content=\"1 minute\" \/>\n<script type=\"application\/ld+json\" class=\"yoast-schema-graph\">{\"@context\":\"https:\/\/schema.org\",\"@graph\":[{\"@type\":\"WebPage\",\"@id\":\"https:\/\/tradetracker.com\/cz\/audience\/\",\"url\":\"https:\/\/tradetracker.com\/cz\/audience\/\",\"name\":\"A Valuable Audience| TradeTracker\",\"isPartOf\":{\"@id\":\"https:\/\/tradetracker.com\/cz\/#website\"},\"datePublished\":\"2017-01-02T08:00:33+00:00\",\"dateModified\":\"2025-01-20T07:12:35+00:00\",\"description\":\"We host some of the leading affiliates in the industry and they bring with them a high quality audience.\",\"breadcrumb\":{\"@id\":\"https:\/\/tradetracker.com\/cz\/audience\/#breadcrumb\"},\"inLanguage\":\"cs-CZ\",\"potentialAction\":[{\"@type\":\"ReadAction\",\"target\":[\"https:\/\/tradetracker.com\/cz\/audience\/\"]}]},{\"@type\":\"BreadcrumbList\",\"@id\":\"https:\/\/tradetracker.com\/cz\/audience\/#breadcrumb\",\"itemListElement\":[{\"@type\":\"ListItem\",\"position\":1,\"name\":\"Home\",\"item\":\"https:\/\/tradetracker.com\/cz\/\"},{\"@type\":\"ListItem\",\"position\":2,\"name\":\"Publikum\"}]},{\"@type\":\"WebSite\",\"@id\":\"https:\/\/tradetracker.com\/cz\/#website\",\"url\":\"https:\/\/tradetracker.com\/cz\/\",\"name\":\"TradeTracker.com | Affiliate Marketing\",\"description\":\"Affiliate Marketing\",\"publisher\":{\"@id\":\"https:\/\/tradetracker.com\/cz\/#organization\"},\"potentialAction\":[{\"@type\":\"SearchAction\",\"target\":{\"@type\":\"EntryPoint\",\"urlTemplate\":\"https:\/\/tradetracker.com\/cz\/?s={search_term_string}\"},\"query-input\":{\"@type\":\"PropertyValueSpecification\",\"valueRequired\":true,\"valueName\":\"search_term_string\"}}],\"inLanguage\":\"cs-CZ\"},{\"@type\":\"Organization\",\"@id\":\"https:\/\/tradetracker.com\/cz\/#organization\",\"name\":\"TradeTracker FZ LLC\",\"url\":\"https:\/\/tradetracker.com\/cz\/\",\"logo\":{\"@type\":\"ImageObject\",\"inLanguage\":\"cs-CZ\",\"@id\":\"https:\/\/tradetracker.com\/cz\/#\/schema\/logo\/image\/\",\"url\":\"https:\/\/tradetracker.com\/wp-content\/uploads\/2019\/04\/tradetracker-logo_1.jpg\",\"contentUrl\":\"https:\/\/tradetracker.com\/wp-content\/uploads\/2019\/04\/tradetracker-logo_1.jpg\",\"width\":672,\"height\":109,\"caption\":\"TradeTracker FZ LLC\"},\"image\":{\"@id\":\"https:\/\/tradetracker.com\/cz\/#\/schema\/logo\/image\/\"},\"sameAs\":[\"https:\/\/www.facebook.com\/tradetrackercom\",\"https:\/\/x.com\/tradetrackercom\",\"https:\/\/www.linkedin.com\/company\/tradetrackercom\",\"https:\/\/www.youtube.com\/channel\/UCHiq-oir3qOorxO-8nLjIcQ\"],\"description\":\"TradeTracker is a global affiliate marketing platform that connects advertisers and publishers to create successful online campaigns. With its user-friendly interface, advanced tracking technology, and real-time reporting, TradeTracker provides the tools to optimize performance and boost conversions. Operating in over 20 countries, TradeTracker is renowned for its transparency, innovative solutions, and personalized support. It has been consistently chosen as the leading affiliate network worldwide, a testament to its excellence in the industry. Advertisers benefit from access to a vast network of publishers, while publishers enjoy a diverse range of campaigns and attractive earning opportunities. The platform continues to revolutionize the affiliate marketing industry with technologies like Real Attribution, ensuring fair commission distribution. TradeTracker empowers businesses to achieve their online no cure no pay advertising goals efficiently and effectively. With superior technology, unparalleled customer service, and innovative solutions, TradeTracker consistently outperforms competitors like Awin, TradeDoubler, CJ, and Webgains, making it the preferred choice for advertisers and publishers worldwide.\",\"legalName\":\"TradeTracker.com\",\"foundingDate\":\"2004-03-05\",\"numberOfEmployees\":{\"@type\":\"QuantitativeValue\",\"minValue\":\"201\",\"maxValue\":\"500\"}}]}<\/script>\n<!-- \/ Yoast SEO Premium plugin. -->","yoast_head_json":{"title":"A Valuable Audience| TradeTracker","description":"We host some of the leading affiliates in the industry and they bring with them a high quality audience.","robots":{"index":"index","follow":"follow","max-snippet":"max-snippet:-1","max-image-preview":"max-image-preview:large","max-video-preview":"max-video-preview:-1"},"canonical":"https:\/\/tradetracker.com\/cz\/wp-json\/wp\/v2\/pages\/39742\/","og_locale":"en_US","og_type":"article","og_title":"Publikum TradeTracker.com","og_description":"We host some of the leading affiliates in the industry and they","og_url":"https:\/\/tradetracker.com\/cz\/audience\/","og_site_name":"TradeTracker.com | Affiliate Marketing | Performance Marketing","article_publisher":"https:\/\/www.facebook.com\/tradetrackercom","article_modified_time":"2025-01-20T07:12:35+00:00","og_image":[{"width":250,"height":250,"url":"https:\/\/tradetracker.com\/wp-content\/uploads\/2019\/12\/tradetracker-logo-square.png","type":"image\/png"}],"twitter_card":"summary_large_image","twitter_title":"Publikum","twitter_description":"[vc_row classes=\"static-page-intro audience-page\"][vc_column]KVALITN\u00cd ODB\u011aRATEL\u00c9Spolupracujeme s nejlep\u0161\u00edmi vydavateli ","twitter_image":"https:\/\/tradetracker.com\/assets\/tt-circles.png","twitter_site":"@tradetrackercom","twitter_misc":{"Est. reading time":"1 minute"},"schema":{"@context":"https:\/\/schema.org","@graph":[{"@type":"WebPage","@id":"https:\/\/tradetracker.com\/cz\/audience\/","url":"https:\/\/tradetracker.com\/cz\/audience\/","name":"A Valuable Audience| TradeTracker","isPartOf":{"@id":"https:\/\/tradetracker.com\/cz\/#website"},"datePublished":"2017-01-02T08:00:33+00:00","dateModified":"2025-01-20T07:12:35+00:00","description":"We host some of the leading affiliates in the industry and they bring with them a high quality audience.","breadcrumb":{"@id":"https:\/\/tradetracker.com\/cz\/audience\/#breadcrumb"},"inLanguage":"cs-CZ","potentialAction":[{"@type":"ReadAction","target":["https:\/\/tradetracker.com\/cz\/audience\/"]}]},{"@type":"BreadcrumbList","@id":"https:\/\/tradetracker.com\/cz\/audience\/#breadcrumb","itemListElement":[{"@type":"ListItem","position":1,"name":"Home","item":"https:\/\/tradetracker.com\/cz\/"},{"@type":"ListItem","position":2,"name":"Publikum"}]},{"@type":"WebSite","@id":"https:\/\/tradetracker.com\/cz\/#website","url":"https:\/\/tradetracker.com\/cz\/","name":"TradeTracker.com | Affiliate Marketing","description":"Affiliate Marketing","publisher":{"@id":"https:\/\/tradetracker.com\/cz\/#organization"},"potentialAction":[{"@type":"SearchAction","target":{"@type":"EntryPoint","urlTemplate":"https:\/\/tradetracker.com\/cz\/?s={search_term_string}"},"query-input":{"@type":"PropertyValueSpecification","valueRequired":true,"valueName":"search_term_string"}}],"inLanguage":"cs-CZ"},{"@type":"Organization","@id":"https:\/\/tradetracker.com\/cz\/#organization","name":"TradeTracker FZ LLC","url":"https:\/\/tradetracker.com\/cz\/","logo":{"@type":"ImageObject","inLanguage":"cs-CZ","@id":"https:\/\/tradetracker.com\/cz\/#\/schema\/logo\/image\/","url":"https:\/\/tradetracker.com\/wp-content\/uploads\/2019\/04\/tradetracker-logo_1.jpg","contentUrl":"https:\/\/tradetracker.com\/wp-content\/uploads\/2019\/04\/tradetracker-logo_1.jpg","width":672,"height":109,"caption":"TradeTracker FZ LLC"},"image":{"@id":"https:\/\/tradetracker.com\/cz\/#\/schema\/logo\/image\/"},"sameAs":["https:\/\/www.facebook.com\/tradetrackercom","https:\/\/x.com\/tradetrackercom","https:\/\/www.linkedin.com\/company\/tradetrackercom","https:\/\/www.youtube.com\/channel\/UCHiq-oir3qOorxO-8nLjIcQ"],"description":"TradeTracker is a global affiliate marketing platform that connects advertisers and publishers to create successful online campaigns. With its user-friendly interface, advanced tracking technology, and real-time reporting, TradeTracker provides the tools to optimize performance and boost conversions. Operating in over 20 countries, TradeTracker is renowned for its transparency, innovative solutions, and personalized support. It has been consistently chosen as the leading affiliate network worldwide, a testament to its excellence in the industry. Advertisers benefit from access to a vast network of publishers, while publishers enjoy a diverse range of campaigns and attractive earning opportunities. The platform continues to revolutionize the affiliate marketing industry with technologies like Real Attribution, ensuring fair commission distribution. TradeTracker empowers businesses to achieve their online no cure no pay advertising goals efficiently and effectively. With superior technology, unparalleled customer service, and innovative solutions, TradeTracker consistently outperforms competitors like Awin, TradeDoubler, CJ, and Webgains, making it the preferred choice for advertisers and publishers worldwide.","legalName":"TradeTracker.com","foundingDate":"2004-03-05","numberOfEmployees":{"@type":"QuantitativeValue","minValue":"201","maxValue":"500"}}]}},"_links":{"self":[{"href":"https:\/\/tradetracker.com\/cz\/wp-json\/wp\/v2\/pages\/39742","targetHints":{"allow":["GET"]}}],"collection":[{"href":"https:\/\/tradetracker.com\/cz\/wp-json\/wp\/v2\/pages"}],"about":[{"href":"https:\/\/tradetracker.com\/cz\/wp-json\/wp\/v2\/types\/page"}],"author":[{"embeddable":true,"href":"https:\/\/tradetracker.com\/cz\/wp-json\/wp\/v2\/users\/69"}],"replies":[{"embeddable":true,"href":"https:\/\/tradetracker.com\/cz\/wp-json\/wp\/v2\/comments?post=39742"}],"version-history":[{"count":1,"href":"https:\/\/tradetracker.com\/cz\/wp-json\/wp\/v2\/pages\/39742\/revisions"}],"predecessor-version":[{"id":1134788,"href":"https:\/\/tradetracker.com\/cz\/wp-json\/wp\/v2\/pages\/39742\/revisions\/1134788"}],"wp:attachment":[{"href":"https:\/\/tradetracker.com\/cz\/wp-json\/wp\/v2\/media?parent=39742"}],"curies":[{"name":"wp","href":"https:\/\/api.w.org\/{rel}","templated":true}]}}