{"id":39743,"date":"2016-12-25T09:57:41","date_gmt":"2016-12-25T09:57:41","guid":{"rendered":"https:\/\/tradetracker.com\/publisher-qualifications\/"},"modified":"2022-01-27T22:51:58","modified_gmt":"2022-01-27T22:51:58","slug":"publisher-qualifications","status":"publish","type":"page","link":"https:\/\/tradetracker.com\/cz\/publisher-qualifications\/","title":{"rendered":"Kvalifikace vydavatele"},"content":{"rendered":"<div class=\"wpb-content-wrapper\"><p>[vc_row classes=&#8221; static-page-intro pub-requirements&#8221;][vc_column]<div class=\"row\"><div class=\"vc_col-sm-12\"><div class=\" static-page-intro-text \"><h1  style=\"color: #ffffff\" class=\"\">KVALIFIKACE VYDAVATELE<\/h1><h2  style=\"color: #ffffff\" class=\"\">Db\u00e1me o jakost na\u0161\u00ed s\u00edt\u011b, proto m\u00e1me na nov\u00e9 Vydavatele ur\u010dit\u00e9 po\u017eadavky.<br \/>\nVytvo\u0159ili jsme seznam o\u010dek\u00e1v\u00e1n\u00ed, kter\u00e9 mus\u00ed Vydavatel splnit pokud m\u00e1 z\u00e1jem spolupracovat s TradeTracker.<\/h2><\/div>\r\n        <\/div>\r\n    <\/div>[\/vc_column][\/vc_row][vc_row classes=&#8221;bg-pattern&#8221;][vc_column]<div class=\"space\"><\/div>[vc_raw_html]JTNDcCUyMGNsYXNzJTNEJTIyaGVhZGxpbmUtcGFyYWdyYXBoJTIyJTNFQXQlMjBUcmFkZVRyYWNrZXIlMjB3ZSVFMiU4MCU5OXJlJTIwaGFwcHklMjB0byUyMHdvcmslMjB3aXRoJTIwYW55JTIwY29tbWl0dGVkJTIwcHVibGlzaGVyJTJDJTIwZnJvbSUyMGVhcmx5JTIwc3RhZ2VzJTIwb2YlMjBkZXZlbG9wbWVudCUyMHRvJTIwd2VsbCUyMHZlcnNlZCUyMGZ1bGwlMjB0aW1lJTIwYWZmaWxpYXRlcyUyMGFuZCUyMGVudGVycHJpc2UlMjBsZXZlbCUyMGJ1c2luZXNzJTIwbW9kZWxzLiUyMEluJTIwb3JkZXIlMjB0byUyMGJlJTIwYSUyMHZhbHVhYmxlJTIwcHVibGlzaGVyJTIwdGhhdCUyMGFueSUyMGFkdmVydGlzZXIlMjB3aWxsJTIwd2FudCUyMHRvJTIwcGFydG5lciUyMHdpdGglMkMlMjB5b3UlRTIlODAlOTlsbCUyMHdhbnQlMjB0byUyMGluaGVyaXQlMjB0aGUlMjBmb2xsb3dpbmclM0ElM0MlMkZwJTNF[\/vc_raw_html]<div class=\"space\"><\/div>[vc_row_inner][vc_column_inner width=&#8221;1\/3&#8243;][vc_wp_text title=&#8221;Odpov\u00eddejte na pot\u0159eby&#8221;]Ujist\u011bte se, \u017ee Va\u0161e str\u00e1nka, datab\u00e1ze a \u00fa\u010dty na soci\u00e1ln\u00edch s\u00edt\u00edch jsou aktivn\u00ed a obsah aktu\u00e1ln\u00ed. Spolu s rozvojem Va\u0161e str\u00e1nky l\u00e9pe pozn\u00e1te u\u017eivatele, jejich pot\u0159eby a preference. To pom\u016f\u017ee l\u00e9pe a snadn\u011bji p\u0159izp\u016fsobit se kampan\u00edm s nejlep\u0161\u00ed konverz\u00ed.[\/vc_wp_text][\/vc_column_inner][vc_column_inner width=&#8221;1\/3&#8243;][vc_wp_text title=&#8221;Spr\u00e1vn\u00fd p\u0159\u00edstup&#8221;]Pokud chcete, aby Va\u0161e str\u00e1nky byly atraktivn\u00ed pro Zadavatele reklamy, polo\u017ete si n\u011bkolik ot\u00e1zek. Jak\u00e1 je Va\u0161e c\u00edlov\u00e1 skupina? Jak\u00fd obsah chcete prezentovat? Jak chcete, aby byl obsah odeb\u00edr\u00e1n? Co zam\u00fd\u0161l\u00edte ud\u011blat pro n\u00e1vrat u\u017eivatel\u016f na Va\u0161i str\u00e1nku? Ud\u011blejte si mal\u00fd media pl\u00e1n a sna\u017ete se odli\u0161i\u0161it se od jin\u00fdch.[\/vc_wp_text][\/vc_column_inner][vc_column_inner width=&#8221;1\/3&#8243;][vc_wp_text title=&#8221;Rozv\u00edjejte se s n\u00e1mi&#8221;]St\u00e1le m\u011bn\u00edc\u00ed se pot\u0159eby spot\u0159ebitel\u016f a neust\u00e1l\u00e1 pot\u0159eba nov\u00e9ho obsahu nut\u00ed Vydavatele na nikdy nekon\u010d\u00edc\u00ed se hled\u00e1n\u00ed a testov\u00e1n\u00ed nov\u00fdch \u0159e\u0161en\u00ed. P\u0159izp\u016fsobte je po\u0159eb\u00e1m u\u017eivatel\u016f.[\/vc_wp_text][\/vc_column_inner][\/vc_row_inner][\/vc_column][\/vc_row][vc_row classes=&#8221;cta ctamerch&#8221; el_id=&#8221;pubcta&#8221;][vc_column]<div class=\"row\"><div class=\"vc_col-sm-12\"><h2 class=\"get_started\" style=\"color:#ffffff\">P\u0159ipraveni na dal\u0161\u00ed krok?<\/h2><p style=\"color:#ffffff\">Pro n\u00e1\u0161 t\u00fdm je nejd\u016fle\u017eit\u011bj\u0161\u00ed V\u00e1\u0161 v\u00fdsledek. Zkontaktujte se s n\u00e1mi a zjist\u00edte, jak V\u00e1m m\u016f\u017eeme pomoc. <\/p>        <ul class=\"cta-items\">\r\n                        <li>\r\n                <a                    class=\"cta-advertiser-signup\"                                      href=\"https:\/\/affiliate.tradetracker.com\/signup\/step1?loc=cs_CZ\"                                   >\r\n                    Sign up Now                <\/a>\r\n            <\/li>\r\n                        \r\n                        <li>\r\n                <a                    class=\"cta-advertiser-signup\"                                      href=\"https:\/\/tradetracker.com\/cz\/publishers\/\"                                   >\r\n                    Vydavatele                <\/a>\r\n            <\/li>\r\n                    <\/ul>\r\n        <\/div><\/div>[\/vc_column][\/vc_row]<\/p>\n<\/div>","protected":false},"excerpt":{"rendered":"<p>[vc_row classes=&#8221; static-page-intro pub-requirements&#8221;][vc_column][\/vc_column][\/vc_row][vc_row classes=&#8221;bg-pattern&#8221;][vc_column][vc_raw_html]JTNDcCUyMGNsYXNzJTNEJTIyaGVhZGxpbmUtcGFyYWdyYXBoJTIyJTNFQXQlMjBUcmFkZVRyYWNrZXIlMjB3ZSVFMiU4MCU5OXJlJTIwaGFwcHklMjB0byUyMHdvcmslMjB3aXRoJTIwYW55JTIwY29tbWl0dGVkJTIwcHVibGlzaGVyJTJDJTIwZnJvbSUyMGVhcmx5JTIwc3RhZ2VzJTIwb2YlMjBkZXZlbG9wbWVudCUyMHRvJTIwd2VsbCUyMHZlcnNlZCUyMGZ1bGwlMjB0aW1lJTIwYWZmaWxpYXRlcyUyMGFuZCUyMGVudGVycHJpc2UlMjBsZXZlbCUyMGJ1c2luZXNzJTIwbW9kZWxzLiUyMEluJTIwb3JkZXIlMjB0byUyMGJlJTIwYSUyMHZhbHVhYmxlJTIwcHVibGlzaGVyJTIwdGhhdCUyMGFueSUyMGFkdmVydGlzZXIlMjB3aWxsJTIwd2FudCUyMHRvJTIwcGFydG5lciUyMHdpdGglMkMlMjB5b3UlRTIlODAlOTlsbCUyMHdhbnQlMjB0byUyMGluaGVyaXQlMjB0aGUlMjBmb2xsb3dpbmclM0ElM0MlMkZwJTNF[\/vc_raw_html][vc_row_inner][vc_column_inner width=&#8221;1\/3&#8243;][vc_wp_text title=&#8221;Odpov\u00eddejte na pot\u0159eby&#8221;]Ujist\u011bte se, \u017ee Va\u0161e str\u00e1nka, datab\u00e1ze a \u00fa\u010dty na soci\u00e1ln\u00edch s\u00edt\u00edch jsou aktivn\u00ed a obsah aktu\u00e1ln\u00ed. Spolu s rozvojem Va\u0161e str\u00e1nky l\u00e9pe pozn\u00e1te u\u017eivatele, jejich pot\u0159eby a preference. To pom\u016f\u017ee l\u00e9pe a snadn\u011bji p\u0159izp\u016fsobit se kampan\u00edm s nejlep\u0161\u00ed konverz\u00ed.[\/vc_wp_text][\/vc_column_inner][vc_column_inner width=&#8221;1\/3&#8243;][vc_wp_text title=&#8221;Spr\u00e1vn\u00fd p\u0159\u00edstup&#8221;]Pokud chcete, aby Va\u0161e str\u00e1nky byly  [&#8230;]<\/p>\n","protected":false},"author":69,"featured_media":0,"parent":0,"menu_order":0,"comment_status":"closed","ping_status":"closed","template":"","meta":{"inline_featured_image":false,"_monsterinsights_skip_tracking":false,"_monsterinsights_sitenote_active":false,"_monsterinsights_sitenote_note":"","_monsterinsights_sitenote_category":0,"footnotes":""},"class_list":["post-39743","page","type-page","status-publish","hentry"],"yoast_head":"<!-- This site is optimized with the Yoast SEO Premium plugin v27.0 (Yoast SEO v27.0) - https:\/\/yoast.com\/product\/yoast-seo-premium-wordpress\/ -->\n<title>Publisher Qualifications | TradeTracker<\/title>\n<meta name=\"description\" content=\"A publisher checklist to qualifying for TradeTracker\u2019s network.\" \/>\n<meta name=\"robots\" content=\"index, follow, max-snippet:-1, max-image-preview:large, max-video-preview:-1\" \/>\n<link rel=\"canonical\" href=\"https:\/\/tradetracker.com\/cz\/wp-json\/wp\/v2\/pages\/39743\/\" \/>\n<meta property=\"og:locale\" content=\"en_US\" \/>\n<meta property=\"og:type\" content=\"article\" \/>\n<meta property=\"og:title\" content=\"Kvalifikace vydavatele TradeTracker.com\" \/>\n<meta property=\"og:description\" content=\"A publisher checklist to qualifying for TradeTracker\u2019s network.\" \/>\n<meta property=\"og:url\" content=\"https:\/\/tradetracker.com\/cz\/publisher-qualifications\/\" \/>\n<meta property=\"og:site_name\" content=\"TradeTracker.com | Affiliate Marketing | Performance Marketing\" \/>\n<meta property=\"article:publisher\" content=\"https:\/\/www.facebook.com\/tradetrackercom\" \/>\n<meta property=\"article:modified_time\" content=\"2022-01-27T22:51:58+00:00\" \/>\n<meta property=\"og:image\" content=\"https:\/\/tradetracker.com\/wp-content\/uploads\/2019\/12\/tradetracker-logo-square.png\" \/>\n\t<meta property=\"og:image:width\" content=\"250\" \/>\n\t<meta property=\"og:image:height\" content=\"250\" \/>\n\t<meta property=\"og:image:type\" content=\"image\/png\" \/>\n<meta name=\"twitter:card\" content=\"summary_large_image\" \/>\n<meta name=\"twitter:title\" content=\"Kvalifikace vydavatele\" \/>\n<meta name=\"twitter:description\" content=\"[vc_row classes=&quot; static-page-intro pub-requirements&quot;][vc_column]KVALIFIKACE VYDAVATELEDb\u00e1me o jakost na\u0161\u00ed s\u00edt\u011b, proto \" \/>\n<meta name=\"twitter:image\" content=\"https:\/\/tradetracker.com\/assets\/tt-circles.png\" \/>\n<meta name=\"twitter:site\" content=\"@tradetrackercom\" \/>\n<meta name=\"twitter:label1\" content=\"Est. reading time\" \/>\n\t<meta name=\"twitter:data1\" content=\"2 minutes\" \/>\n<script type=\"application\/ld+json\" class=\"yoast-schema-graph\">{\"@context\":\"https:\/\/schema.org\",\"@graph\":[{\"@type\":\"WebPage\",\"@id\":\"https:\/\/tradetracker.com\/cz\/publisher-qualifications\/\",\"url\":\"https:\/\/tradetracker.com\/cz\/publisher-qualifications\/\",\"name\":\"Publisher Qualifications | TradeTracker\",\"isPartOf\":{\"@id\":\"https:\/\/tradetracker.com\/cz\/#website\"},\"datePublished\":\"2016-12-25T09:57:41+00:00\",\"dateModified\":\"2022-01-27T22:51:58+00:00\",\"description\":\"A publisher checklist to qualifying for TradeTracker\u2019s network.\",\"breadcrumb\":{\"@id\":\"https:\/\/tradetracker.com\/cz\/publisher-qualifications\/#breadcrumb\"},\"inLanguage\":\"cs-CZ\",\"potentialAction\":[{\"@type\":\"ReadAction\",\"target\":[\"https:\/\/tradetracker.com\/cz\/publisher-qualifications\/\"]}]},{\"@type\":\"BreadcrumbList\",\"@id\":\"https:\/\/tradetracker.com\/cz\/publisher-qualifications\/#breadcrumb\",\"itemListElement\":[{\"@type\":\"ListItem\",\"position\":1,\"name\":\"Home\",\"item\":\"https:\/\/tradetracker.com\/cz\/\"},{\"@type\":\"ListItem\",\"position\":2,\"name\":\"Kvalifikace vydavatele\"}]},{\"@type\":\"WebSite\",\"@id\":\"https:\/\/tradetracker.com\/cz\/#website\",\"url\":\"https:\/\/tradetracker.com\/cz\/\",\"name\":\"TradeTracker.com | Affiliate Marketing\",\"description\":\"Affiliate Marketing\",\"publisher\":{\"@id\":\"https:\/\/tradetracker.com\/cz\/#organization\"},\"potentialAction\":[{\"@type\":\"SearchAction\",\"target\":{\"@type\":\"EntryPoint\",\"urlTemplate\":\"https:\/\/tradetracker.com\/cz\/?s={search_term_string}\"},\"query-input\":{\"@type\":\"PropertyValueSpecification\",\"valueRequired\":true,\"valueName\":\"search_term_string\"}}],\"inLanguage\":\"cs-CZ\"},{\"@type\":\"Organization\",\"@id\":\"https:\/\/tradetracker.com\/cz\/#organization\",\"name\":\"TradeTracker FZ LLC\",\"url\":\"https:\/\/tradetracker.com\/cz\/\",\"logo\":{\"@type\":\"ImageObject\",\"inLanguage\":\"cs-CZ\",\"@id\":\"https:\/\/tradetracker.com\/cz\/#\/schema\/logo\/image\/\",\"url\":\"https:\/\/tradetracker.com\/wp-content\/uploads\/2019\/04\/tradetracker-logo_1.jpg\",\"contentUrl\":\"https:\/\/tradetracker.com\/wp-content\/uploads\/2019\/04\/tradetracker-logo_1.jpg\",\"width\":672,\"height\":109,\"caption\":\"TradeTracker FZ LLC\"},\"image\":{\"@id\":\"https:\/\/tradetracker.com\/cz\/#\/schema\/logo\/image\/\"},\"sameAs\":[\"https:\/\/www.facebook.com\/tradetrackercom\",\"https:\/\/x.com\/tradetrackercom\",\"https:\/\/www.linkedin.com\/company\/tradetrackercom\",\"https:\/\/www.youtube.com\/channel\/UCHiq-oir3qOorxO-8nLjIcQ\"],\"description\":\"TradeTracker is a global affiliate marketing platform that connects advertisers and publishers to create successful online campaigns. With its user-friendly interface, advanced tracking technology, and real-time reporting, TradeTracker provides the tools to optimize performance and boost conversions. Operating in over 20 countries, TradeTracker is renowned for its transparency, innovative solutions, and personalized support. It has been consistently chosen as the leading affiliate network worldwide, a testament to its excellence in the industry. Advertisers benefit from access to a vast network of publishers, while publishers enjoy a diverse range of campaigns and attractive earning opportunities. The platform continues to revolutionize the affiliate marketing industry with technologies like Real Attribution, ensuring fair commission distribution. TradeTracker empowers businesses to achieve their online no cure no pay advertising goals efficiently and effectively. With superior technology, unparalleled customer service, and innovative solutions, TradeTracker consistently outperforms competitors like Awin, TradeDoubler, CJ, and Webgains, making it the preferred choice for advertisers and publishers worldwide.\",\"legalName\":\"TradeTracker.com\",\"foundingDate\":\"2004-03-05\",\"numberOfEmployees\":{\"@type\":\"QuantitativeValue\",\"minValue\":\"201\",\"maxValue\":\"500\"}}]}<\/script>\n<!-- \/ Yoast SEO Premium plugin. -->","yoast_head_json":{"title":"Publisher Qualifications | TradeTracker","description":"A publisher checklist to qualifying for TradeTracker\u2019s network.","robots":{"index":"index","follow":"follow","max-snippet":"max-snippet:-1","max-image-preview":"max-image-preview:large","max-video-preview":"max-video-preview:-1"},"canonical":"https:\/\/tradetracker.com\/cz\/wp-json\/wp\/v2\/pages\/39743\/","og_locale":"en_US","og_type":"article","og_title":"Kvalifikace vydavatele TradeTracker.com","og_description":"A publisher checklist to qualifying for TradeTracker\u2019s network.","og_url":"https:\/\/tradetracker.com\/cz\/publisher-qualifications\/","og_site_name":"TradeTracker.com | Affiliate Marketing | Performance Marketing","article_publisher":"https:\/\/www.facebook.com\/tradetrackercom","article_modified_time":"2022-01-27T22:51:58+00:00","og_image":[{"width":250,"height":250,"url":"https:\/\/tradetracker.com\/wp-content\/uploads\/2019\/12\/tradetracker-logo-square.png","type":"image\/png"}],"twitter_card":"summary_large_image","twitter_title":"Kvalifikace vydavatele","twitter_description":"[vc_row classes=\" static-page-intro pub-requirements\"][vc_column]KVALIFIKACE VYDAVATELEDb\u00e1me o jakost na\u0161\u00ed s\u00edt\u011b, proto ","twitter_image":"https:\/\/tradetracker.com\/assets\/tt-circles.png","twitter_site":"@tradetrackercom","twitter_misc":{"Est. reading time":"2 minutes"},"schema":{"@context":"https:\/\/schema.org","@graph":[{"@type":"WebPage","@id":"https:\/\/tradetracker.com\/cz\/publisher-qualifications\/","url":"https:\/\/tradetracker.com\/cz\/publisher-qualifications\/","name":"Publisher Qualifications | TradeTracker","isPartOf":{"@id":"https:\/\/tradetracker.com\/cz\/#website"},"datePublished":"2016-12-25T09:57:41+00:00","dateModified":"2022-01-27T22:51:58+00:00","description":"A publisher checklist to qualifying for TradeTracker\u2019s network.","breadcrumb":{"@id":"https:\/\/tradetracker.com\/cz\/publisher-qualifications\/#breadcrumb"},"inLanguage":"cs-CZ","potentialAction":[{"@type":"ReadAction","target":["https:\/\/tradetracker.com\/cz\/publisher-qualifications\/"]}]},{"@type":"BreadcrumbList","@id":"https:\/\/tradetracker.com\/cz\/publisher-qualifications\/#breadcrumb","itemListElement":[{"@type":"ListItem","position":1,"name":"Home","item":"https:\/\/tradetracker.com\/cz\/"},{"@type":"ListItem","position":2,"name":"Kvalifikace vydavatele"}]},{"@type":"WebSite","@id":"https:\/\/tradetracker.com\/cz\/#website","url":"https:\/\/tradetracker.com\/cz\/","name":"TradeTracker.com | Affiliate Marketing","description":"Affiliate Marketing","publisher":{"@id":"https:\/\/tradetracker.com\/cz\/#organization"},"potentialAction":[{"@type":"SearchAction","target":{"@type":"EntryPoint","urlTemplate":"https:\/\/tradetracker.com\/cz\/?s={search_term_string}"},"query-input":{"@type":"PropertyValueSpecification","valueRequired":true,"valueName":"search_term_string"}}],"inLanguage":"cs-CZ"},{"@type":"Organization","@id":"https:\/\/tradetracker.com\/cz\/#organization","name":"TradeTracker FZ LLC","url":"https:\/\/tradetracker.com\/cz\/","logo":{"@type":"ImageObject","inLanguage":"cs-CZ","@id":"https:\/\/tradetracker.com\/cz\/#\/schema\/logo\/image\/","url":"https:\/\/tradetracker.com\/wp-content\/uploads\/2019\/04\/tradetracker-logo_1.jpg","contentUrl":"https:\/\/tradetracker.com\/wp-content\/uploads\/2019\/04\/tradetracker-logo_1.jpg","width":672,"height":109,"caption":"TradeTracker FZ LLC"},"image":{"@id":"https:\/\/tradetracker.com\/cz\/#\/schema\/logo\/image\/"},"sameAs":["https:\/\/www.facebook.com\/tradetrackercom","https:\/\/x.com\/tradetrackercom","https:\/\/www.linkedin.com\/company\/tradetrackercom","https:\/\/www.youtube.com\/channel\/UCHiq-oir3qOorxO-8nLjIcQ"],"description":"TradeTracker is a global affiliate marketing platform that connects advertisers and publishers to create successful online campaigns. With its user-friendly interface, advanced tracking technology, and real-time reporting, TradeTracker provides the tools to optimize performance and boost conversions. Operating in over 20 countries, TradeTracker is renowned for its transparency, innovative solutions, and personalized support. It has been consistently chosen as the leading affiliate network worldwide, a testament to its excellence in the industry. Advertisers benefit from access to a vast network of publishers, while publishers enjoy a diverse range of campaigns and attractive earning opportunities. The platform continues to revolutionize the affiliate marketing industry with technologies like Real Attribution, ensuring fair commission distribution. TradeTracker empowers businesses to achieve their online no cure no pay advertising goals efficiently and effectively. With superior technology, unparalleled customer service, and innovative solutions, TradeTracker consistently outperforms competitors like Awin, TradeDoubler, CJ, and Webgains, making it the preferred choice for advertisers and publishers worldwide.","legalName":"TradeTracker.com","foundingDate":"2004-03-05","numberOfEmployees":{"@type":"QuantitativeValue","minValue":"201","maxValue":"500"}}]}},"_links":{"self":[{"href":"https:\/\/tradetracker.com\/cz\/wp-json\/wp\/v2\/pages\/39743","targetHints":{"allow":["GET"]}}],"collection":[{"href":"https:\/\/tradetracker.com\/cz\/wp-json\/wp\/v2\/pages"}],"about":[{"href":"https:\/\/tradetracker.com\/cz\/wp-json\/wp\/v2\/types\/page"}],"author":[{"embeddable":true,"href":"https:\/\/tradetracker.com\/cz\/wp-json\/wp\/v2\/users\/69"}],"replies":[{"embeddable":true,"href":"https:\/\/tradetracker.com\/cz\/wp-json\/wp\/v2\/comments?post=39743"}],"version-history":[{"count":0,"href":"https:\/\/tradetracker.com\/cz\/wp-json\/wp\/v2\/pages\/39743\/revisions"}],"wp:attachment":[{"href":"https:\/\/tradetracker.com\/cz\/wp-json\/wp\/v2\/media?parent=39743"}],"curies":[{"name":"wp","href":"https:\/\/api.w.org\/{rel}","templated":true}]}}