{"id":39746,"date":"2016-12-19T13:34:20","date_gmt":"2016-12-19T13:34:20","guid":{"rendered":"https:\/\/tradetracker.com\/privacy-policy\/"},"modified":"2020-12-31T16:29:23","modified_gmt":"2020-12-31T16:29:23","slug":"privacy-policy","status":"publish","type":"page","link":"https:\/\/tradetracker.com\/cz\/privacy-policy\/","title":{"rendered":"Pravidla ochrany soukrom\u00ed"},"content":{"rendered":"<div class=\"wpb-content-wrapper\"><p>[vc_row classes=&#8221;static-page-intro short privacy-page&#8221;][vc_column]<div class=\"row\"><div class=\"vc_col-sm-12\"><div class=\" static-page-intro-text \"><h1  style=\"color: #ffffff\" class=\"\">Z\u00e1sady ochrany osobn\u00edch \u00fadaj\u016f<\/h1><\/div>\r\n        <\/div>\r\n    <\/div>[\/vc_column][\/vc_row][vc_row][vc_column]<div class=\"space\"><\/div>[vc_wp_text]Va\u0161e soukrom\u00ed je pro n\u00e1s d\u016fle\u017eit\u00e9. P\u0159e\u010dt\u011bte si, jak TradeTracker uchov\u00e1v\u00e1 va\u0161e osobn\u00ed \u00fadaje v soukrom\u00ed a v bezpe\u010d\u00ed, a p\u0159evezm\u011bte nad nimi kontrolu. Z\u00e1sady ochrany osobn\u00edch \u00fadaj\u016f jsou dostupn\u00e9 na hlavn\u00edch str\u00e1nk\u00e1ch a tak\u00e9 ve chv\u00edli kdy u\u017eivatel je po\u017e\u00e1dan o sd\u011blen\u00ed sv\u00fdch osobn\u00edch \u00fadaj\u016f. <a href=\"https:\/\/tradetracker.com\/privacy-policy\/\">tradetracker.com\/privacy-policy\/<\/a><\/p>\n<h3>Informace, kter\u00e9 shroma\u017e\u010fujeme<\/h3>\n<p>TradeTracker shroma\u017e\u010fuje r\u016fzn\u00e9 druhy informac\u00ed za \u00fa\u010delem spr\u00e1vn\u00e9ho fungovan\u00ed platformy a tak\u00e9 zlep\u0161ovan\u00ed na\u0161ich produkt\u016f a slu\u017eeb. Shroma\u017e\u010fujeme informace b\u011bhem registrace, p\u0159ihl\u00e1\u0161en\u00ed a vyu\u017eivan\u00ed na\u0161ich str\u00e1nek a slu\u017eeb. Va\u0161e \u00fadaje shroma\u017e\u010fujeme n\u011bkolika zp\u016fsoby, prost\u0159ednictv\u00edm formul\u00e1\u0159e online, soubory <a href=\"\/cz\/privacy-policy\/how-we-use-cookies\/\">cookies<\/a>, p\u0159ihl\u00e1\u0161ovan\u00ed uvnit\u0159 s\u00edt\u011b a software Va\u0161eho po\u010d\u00edta\u010de nebo jin\u00e9ho za\u0159\u00edzen\u00ed.<\/p>\n<h3>Jak pou\u017e\u00edv\u00e1me va\u0161e osobn\u00ed \u00fadaje<\/h3>\n<p>TradeTracker vyu\u017e\u00edv\u00e1 osobn\u00ed \u00fadaje, aby mohl vylep\u0161ovat a personalizovat poskytovan\u00e9 slu\u017eby a produkty. Va\u0161e \u00fadaje mohou b\u00fdt pou\u017e\u00edt\u00e9 tak\u00e9 b\u011bhem poskytov\u00e1n\u00ed informac\u00ed ohledn\u011b Va\u0161eho \u00fa\u010dtu, aktualizaci zabezpe\u010den\u00ed a zefektivn\u011bn\u00ed reklam.<\/p>\n<h3>D\u016fvody, pro\u010d sd\u00edl\u00edme va\u0161e osobn\u00ed \u00fadaje<\/h3>\n<p>Krom\u011b p\u0159\u00edpad\u016f popsan\u00fdch v tomto prohl\u00e1\u0161en\u00ed, nebudeme bez va\u0161eho souhlasu sd\u011blovat va\u0161e osobn\u00ed \u00fadaje t\u0159et\u00edm stran\u00e1m.<\/p>\n<h3>P\u0159\u00edstup k va\u0161im osobn\u00edm informac\u00edm<\/h3>\n<p>N\u011bkter\u00e9 slu\u017eby nab\u00edzen\u00e9 TradeTracker ti daj\u00ed mo\u017enost online proch\u00e1zen\u00ed nebo editaci tv\u00fdch osobn\u00edch \u00fadaj\u016f. Chcete-li zabr\u00e1nit zobrazen\u00ed va\u0161ich \u00fadaj\u016f t\u0159et\u00edm stran\u00e1m, budete nejprve popro\u0161eni o p\u0159ihl\u00e1\u0161en\u00ed se.<\/p>\n<h3>Preference t\u00fdkaj\u00edc\u00ed se komunikace<\/h3>\n<p>M\u016f\u017ee\u0161 se odhl\u00e1sit ze zas\u00edl\u00e1n\u00ed reklamn\u00edch sd\u011blen\u00ed ze str\u00e1nek TradeTracker. Postupuj podle pokyn\u016f v zaslan\u00e9m e-mailu. S\u00e1m se rozhodni, jak\u00fd druh reklamn\u00edch e-mail\u016f, telefonn\u00edch hovor\u016f a zpr\u00e1v odeslan\u00fdch p\u0159es klasickou po\u0161tu od n\u00e1s chce\u0161 dost\u00e1vat.<\/p>\n<h3>\u00da\u010det TradeTracker<\/h3>\n<p>\u00da\u010det TradeTracker V\u00e1m nab\u00edz\u00ed p\u0159\u00edstup k v\u0161em na\u0161im slu\u017ebom a str\u00e1nk\u00e1m. B\u011bh\u011bm registrace bude\u0161 po\u017e\u00e1d\u00e1n o konkretn\u00ed \u00fadaje. P\u0159i p\u0159ihl\u00e1\u0161en\u00ed do \u00fa\u010dtu TradeTracker, shroma\u017e\u010fujeme konkretn\u00ed \u00fadaje za \u00fa\u010delem verifikace a ochrany Va\u0161eho \u00fa\u010dtu p\u0159ed p\u0159\u00edstupem t\u0159et\u00edch osob.[\/vc_wp_text][\/vc_column][\/vc_row][vc_row][vc_column]<div class=\"space\"><\/div>[\/vc_column][\/vc_row]<\/p>\n<\/div>","protected":false},"excerpt":{"rendered":"<p>[vc_row classes=&#8221;static-page-intro short privacy-page&#8221;][vc_column][\/vc_column][\/vc_row][vc_row][vc_column][vc_wp_text]Va\u0161e soukrom\u00ed je pro n\u00e1s d\u016fle\u017eit\u00e9. P\u0159e\u010dt\u011bte si, jak TradeTracker uchov\u00e1v\u00e1 va\u0161e osobn\u00ed \u00fadaje v soukrom\u00ed a v bezpe\u010d\u00ed, a p\u0159evezm\u011bte nad nimi kontrolu. Z\u00e1sady ochrany osobn\u00edch \u00fadaj\u016f jsou dostupn\u00e9 na hlavn\u00edch str\u00e1nk\u00e1ch a tak\u00e9 ve chv\u00edli kdy u\u017eivatel je po\u017e\u00e1dan o sd\u011blen\u00ed sv\u00fdch osobn\u00edch \u00fadaj\u016f. tradetracker.com\/privacy-policy\/ Informace, kter\u00e9 shroma\u017e\u010fujeme TradeTracker shroma\u017e\u010fuje  [&#8230;]<\/p>\n","protected":false},"author":69,"featured_media":0,"parent":0,"menu_order":0,"comment_status":"closed","ping_status":"closed","template":"template-privacy-page.php","meta":{"inline_featured_image":false,"_monsterinsights_skip_tracking":false,"_monsterinsights_sitenote_active":false,"_monsterinsights_sitenote_note":"","_monsterinsights_sitenote_category":0,"footnotes":""},"class_list":["post-39746","page","type-page","status-publish","hentry"],"yoast_head":"<!-- This site is optimized with the Yoast SEO Premium plugin v27.0 (Yoast SEO v27.0) - https:\/\/yoast.com\/product\/yoast-seo-premium-wordpress\/ -->\n<title>Privacy Policy | TradeTracker.com<\/title>\n<meta name=\"description\" content=\"At TradeTracker, your privacy is important to us.\" \/>\n<meta name=\"robots\" content=\"index, follow, max-snippet:-1, max-image-preview:large, max-video-preview:-1\" \/>\n<link rel=\"canonical\" href=\"https:\/\/tradetracker.com\/cz\/wp-json\/wp\/v2\/pages\/39746\/\" \/>\n<meta property=\"og:locale\" content=\"en_US\" \/>\n<meta property=\"og:type\" content=\"article\" \/>\n<meta property=\"og:title\" content=\"Pravidla ochrany soukrom\u00ed TradeTracker.com\" \/>\n<meta property=\"og:description\" content=\"At TradeTracker, your privacy is important to us.\" \/>\n<meta property=\"og:url\" content=\"https:\/\/tradetracker.com\/cz\/privacy-policy\/\" \/>\n<meta property=\"og:site_name\" content=\"TradeTracker.com | Affiliate Marketing | Performance Marketing\" \/>\n<meta property=\"article:publisher\" content=\"https:\/\/www.facebook.com\/tradetrackercom\" \/>\n<meta property=\"article:modified_time\" content=\"2020-12-31T16:29:23+00:00\" \/>\n<meta property=\"og:image\" content=\"https:\/\/tradetracker.com\/wp-content\/uploads\/2019\/12\/tradetracker-logo-square.png\" \/>\n\t<meta property=\"og:image:width\" content=\"250\" \/>\n\t<meta property=\"og:image:height\" content=\"250\" \/>\n\t<meta property=\"og:image:type\" content=\"image\/png\" \/>\n<meta name=\"twitter:card\" content=\"summary_large_image\" \/>\n<meta name=\"twitter:title\" content=\"Pravidla ochrany soukrom\u00ed\" \/>\n<meta name=\"twitter:description\" content=\"[vc_row classes=&quot;static-page-intro short privacy-page&quot;][vc_column]Z\u00e1sady ochrany osobn\u00edch \u00fadaj\u016f \" \/>\n<meta name=\"twitter:image\" content=\"https:\/\/tradetracker.com\/assets\/tt-circles.png\" \/>\n<meta name=\"twitter:site\" content=\"@tradetrackercom\" \/>\n<meta name=\"twitter:label1\" content=\"Est. reading time\" \/>\n\t<meta name=\"twitter:data1\" content=\"2 minutes\" \/>\n<script type=\"application\/ld+json\" class=\"yoast-schema-graph\">{\"@context\":\"https:\/\/schema.org\",\"@graph\":[{\"@type\":\"WebPage\",\"@id\":\"https:\/\/tradetracker.com\/cz\/privacy-policy\/\",\"url\":\"https:\/\/tradetracker.com\/cz\/privacy-policy\/\",\"name\":\"Privacy Policy | TradeTracker.com\",\"isPartOf\":{\"@id\":\"https:\/\/tradetracker.com\/cz\/#website\"},\"datePublished\":\"2016-12-19T13:34:20+00:00\",\"dateModified\":\"2020-12-31T16:29:23+00:00\",\"description\":\"At TradeTracker, your privacy is important to us.\",\"breadcrumb\":{\"@id\":\"https:\/\/tradetracker.com\/cz\/privacy-policy\/#breadcrumb\"},\"inLanguage\":\"cs-CZ\",\"potentialAction\":[{\"@type\":\"ReadAction\",\"target\":[\"https:\/\/tradetracker.com\/cz\/privacy-policy\/\"]}]},{\"@type\":\"BreadcrumbList\",\"@id\":\"https:\/\/tradetracker.com\/cz\/privacy-policy\/#breadcrumb\",\"itemListElement\":[{\"@type\":\"ListItem\",\"position\":1,\"name\":\"Home\",\"item\":\"https:\/\/tradetracker.com\/cz\/\"},{\"@type\":\"ListItem\",\"position\":2,\"name\":\"Pravidla ochrany soukrom\u00ed\"}]},{\"@type\":\"WebSite\",\"@id\":\"https:\/\/tradetracker.com\/cz\/#website\",\"url\":\"https:\/\/tradetracker.com\/cz\/\",\"name\":\"TradeTracker.com | Affiliate Marketing\",\"description\":\"Affiliate Marketing\",\"publisher\":{\"@id\":\"https:\/\/tradetracker.com\/cz\/#organization\"},\"potentialAction\":[{\"@type\":\"SearchAction\",\"target\":{\"@type\":\"EntryPoint\",\"urlTemplate\":\"https:\/\/tradetracker.com\/cz\/?s={search_term_string}\"},\"query-input\":{\"@type\":\"PropertyValueSpecification\",\"valueRequired\":true,\"valueName\":\"search_term_string\"}}],\"inLanguage\":\"cs-CZ\"},{\"@type\":\"Organization\",\"@id\":\"https:\/\/tradetracker.com\/cz\/#organization\",\"name\":\"TradeTracker FZ LLC\",\"url\":\"https:\/\/tradetracker.com\/cz\/\",\"logo\":{\"@type\":\"ImageObject\",\"inLanguage\":\"cs-CZ\",\"@id\":\"https:\/\/tradetracker.com\/cz\/#\/schema\/logo\/image\/\",\"url\":\"https:\/\/tradetracker.com\/wp-content\/uploads\/2019\/04\/tradetracker-logo_1.jpg\",\"contentUrl\":\"https:\/\/tradetracker.com\/wp-content\/uploads\/2019\/04\/tradetracker-logo_1.jpg\",\"width\":672,\"height\":109,\"caption\":\"TradeTracker FZ LLC\"},\"image\":{\"@id\":\"https:\/\/tradetracker.com\/cz\/#\/schema\/logo\/image\/\"},\"sameAs\":[\"https:\/\/www.facebook.com\/tradetrackercom\",\"https:\/\/x.com\/tradetrackercom\",\"https:\/\/www.linkedin.com\/company\/tradetrackercom\",\"https:\/\/www.youtube.com\/channel\/UCHiq-oir3qOorxO-8nLjIcQ\"],\"description\":\"TradeTracker is a global affiliate marketing platform that connects advertisers and publishers to create successful online campaigns. With its user-friendly interface, advanced tracking technology, and real-time reporting, TradeTracker provides the tools to optimize performance and boost conversions. Operating in over 20 countries, TradeTracker is renowned for its transparency, innovative solutions, and personalized support. It has been consistently chosen as the leading affiliate network worldwide, a testament to its excellence in the industry. Advertisers benefit from access to a vast network of publishers, while publishers enjoy a diverse range of campaigns and attractive earning opportunities. The platform continues to revolutionize the affiliate marketing industry with technologies like Real Attribution, ensuring fair commission distribution. TradeTracker empowers businesses to achieve their online no cure no pay advertising goals efficiently and effectively. With superior technology, unparalleled customer service, and innovative solutions, TradeTracker consistently outperforms competitors like Awin, TradeDoubler, CJ, and Webgains, making it the preferred choice for advertisers and publishers worldwide.\",\"legalName\":\"TradeTracker.com\",\"foundingDate\":\"2004-03-05\",\"numberOfEmployees\":{\"@type\":\"QuantitativeValue\",\"minValue\":\"201\",\"maxValue\":\"500\"}}]}<\/script>\n<!-- \/ Yoast SEO Premium plugin. -->","yoast_head_json":{"title":"Privacy Policy | TradeTracker.com","description":"At TradeTracker, your privacy is important to us.","robots":{"index":"index","follow":"follow","max-snippet":"max-snippet:-1","max-image-preview":"max-image-preview:large","max-video-preview":"max-video-preview:-1"},"canonical":"https:\/\/tradetracker.com\/cz\/wp-json\/wp\/v2\/pages\/39746\/","og_locale":"en_US","og_type":"article","og_title":"Pravidla ochrany soukrom\u00ed TradeTracker.com","og_description":"At TradeTracker, your privacy is important to us.","og_url":"https:\/\/tradetracker.com\/cz\/privacy-policy\/","og_site_name":"TradeTracker.com | Affiliate Marketing | Performance Marketing","article_publisher":"https:\/\/www.facebook.com\/tradetrackercom","article_modified_time":"2020-12-31T16:29:23+00:00","og_image":[{"width":250,"height":250,"url":"https:\/\/tradetracker.com\/wp-content\/uploads\/2019\/12\/tradetracker-logo-square.png","type":"image\/png"}],"twitter_card":"summary_large_image","twitter_title":"Pravidla ochrany soukrom\u00ed","twitter_description":"[vc_row classes=\"static-page-intro short privacy-page\"][vc_column]Z\u00e1sady ochrany osobn\u00edch \u00fadaj\u016f ","twitter_image":"https:\/\/tradetracker.com\/assets\/tt-circles.png","twitter_site":"@tradetrackercom","twitter_misc":{"Est. reading time":"2 minutes"},"schema":{"@context":"https:\/\/schema.org","@graph":[{"@type":"WebPage","@id":"https:\/\/tradetracker.com\/cz\/privacy-policy\/","url":"https:\/\/tradetracker.com\/cz\/privacy-policy\/","name":"Privacy Policy | TradeTracker.com","isPartOf":{"@id":"https:\/\/tradetracker.com\/cz\/#website"},"datePublished":"2016-12-19T13:34:20+00:00","dateModified":"2020-12-31T16:29:23+00:00","description":"At TradeTracker, your privacy is important to us.","breadcrumb":{"@id":"https:\/\/tradetracker.com\/cz\/privacy-policy\/#breadcrumb"},"inLanguage":"cs-CZ","potentialAction":[{"@type":"ReadAction","target":["https:\/\/tradetracker.com\/cz\/privacy-policy\/"]}]},{"@type":"BreadcrumbList","@id":"https:\/\/tradetracker.com\/cz\/privacy-policy\/#breadcrumb","itemListElement":[{"@type":"ListItem","position":1,"name":"Home","item":"https:\/\/tradetracker.com\/cz\/"},{"@type":"ListItem","position":2,"name":"Pravidla ochrany soukrom\u00ed"}]},{"@type":"WebSite","@id":"https:\/\/tradetracker.com\/cz\/#website","url":"https:\/\/tradetracker.com\/cz\/","name":"TradeTracker.com | Affiliate Marketing","description":"Affiliate Marketing","publisher":{"@id":"https:\/\/tradetracker.com\/cz\/#organization"},"potentialAction":[{"@type":"SearchAction","target":{"@type":"EntryPoint","urlTemplate":"https:\/\/tradetracker.com\/cz\/?s={search_term_string}"},"query-input":{"@type":"PropertyValueSpecification","valueRequired":true,"valueName":"search_term_string"}}],"inLanguage":"cs-CZ"},{"@type":"Organization","@id":"https:\/\/tradetracker.com\/cz\/#organization","name":"TradeTracker FZ LLC","url":"https:\/\/tradetracker.com\/cz\/","logo":{"@type":"ImageObject","inLanguage":"cs-CZ","@id":"https:\/\/tradetracker.com\/cz\/#\/schema\/logo\/image\/","url":"https:\/\/tradetracker.com\/wp-content\/uploads\/2019\/04\/tradetracker-logo_1.jpg","contentUrl":"https:\/\/tradetracker.com\/wp-content\/uploads\/2019\/04\/tradetracker-logo_1.jpg","width":672,"height":109,"caption":"TradeTracker FZ LLC"},"image":{"@id":"https:\/\/tradetracker.com\/cz\/#\/schema\/logo\/image\/"},"sameAs":["https:\/\/www.facebook.com\/tradetrackercom","https:\/\/x.com\/tradetrackercom","https:\/\/www.linkedin.com\/company\/tradetrackercom","https:\/\/www.youtube.com\/channel\/UCHiq-oir3qOorxO-8nLjIcQ"],"description":"TradeTracker is a global affiliate marketing platform that connects advertisers and publishers to create successful online campaigns. With its user-friendly interface, advanced tracking technology, and real-time reporting, TradeTracker provides the tools to optimize performance and boost conversions. Operating in over 20 countries, TradeTracker is renowned for its transparency, innovative solutions, and personalized support. It has been consistently chosen as the leading affiliate network worldwide, a testament to its excellence in the industry. Advertisers benefit from access to a vast network of publishers, while publishers enjoy a diverse range of campaigns and attractive earning opportunities. The platform continues to revolutionize the affiliate marketing industry with technologies like Real Attribution, ensuring fair commission distribution. TradeTracker empowers businesses to achieve their online no cure no pay advertising goals efficiently and effectively. With superior technology, unparalleled customer service, and innovative solutions, TradeTracker consistently outperforms competitors like Awin, TradeDoubler, CJ, and Webgains, making it the preferred choice for advertisers and publishers worldwide.","legalName":"TradeTracker.com","foundingDate":"2004-03-05","numberOfEmployees":{"@type":"QuantitativeValue","minValue":"201","maxValue":"500"}}]}},"_links":{"self":[{"href":"https:\/\/tradetracker.com\/cz\/wp-json\/wp\/v2\/pages\/39746","targetHints":{"allow":["GET"]}}],"collection":[{"href":"https:\/\/tradetracker.com\/cz\/wp-json\/wp\/v2\/pages"}],"about":[{"href":"https:\/\/tradetracker.com\/cz\/wp-json\/wp\/v2\/types\/page"}],"author":[{"embeddable":true,"href":"https:\/\/tradetracker.com\/cz\/wp-json\/wp\/v2\/users\/69"}],"replies":[{"embeddable":true,"href":"https:\/\/tradetracker.com\/cz\/wp-json\/wp\/v2\/comments?post=39746"}],"version-history":[{"count":0,"href":"https:\/\/tradetracker.com\/cz\/wp-json\/wp\/v2\/pages\/39746\/revisions"}],"wp:attachment":[{"href":"https:\/\/tradetracker.com\/cz\/wp-json\/wp\/v2\/media?parent=39746"}],"curies":[{"name":"wp","href":"https:\/\/api.w.org\/{rel}","templated":true}]}}