{"id":39751,"date":"2016-12-08T09:57:44","date_gmt":"2016-12-08T09:57:44","guid":{"rendered":"https:\/\/tradetracker.com\/travel\/"},"modified":"2020-12-14T22:39:56","modified_gmt":"2020-12-14T22:39:56","slug":"travel","status":"publish","type":"page","link":"https:\/\/tradetracker.com\/cz\/advertisers\/travel\/","title":{"rendered":"Cestov\u00e1n\u00ed"},"content":{"rendered":"<div class=\"wpb-content-wrapper\"><p>[vc_row row_height=&#8221;275&#8243; css=&#8221;.vc_custom_1607985593578{background-color: #498ecb !important;}&#8221; classes=&#8221;tt-single-industry tt-travel&#8221;][vc_column]<div class=\"row\"><div class=\"vc_col-sm-12\"><div class=\" static-page-intro-text \" style=\"width: 76%\"><h1  style=\"color: #ffffff\" class=\"\">CESTOV\u00c1N\u00cd<\/h1><h2  style=\"color: #ffffff\" class=\"\">Z vlastn\u00ed zku\u0161enosti v\u00edme, jak je turistick\u00e1 bran\u017ee diverzifikovan\u00e1 a jakou v\u00fdzvou je uskute\u010dn\u011bn\u00ed \u00fa\u010dinn\u00e9 kampan\u011b nab\u00eddky first nebo last minute. N\u00e1\u0161 t\u00fdm rozum\u00ed tomuto trhu a ur\u010dit\u011b V\u00e1m porad\u00edme, jak to ud\u011blat co nejefektivn\u011bji.<\/h2><\/div>\r\n        <\/div>\r\n    <\/div>[\/vc_column][\/vc_row][vc_row][vc_column]<div class=\"row tt-industries-page\"><div class='vc_col-sm-3' id='sidebar'><h4 class=\"lined-section\">Industries<\/h4><div class=\"widget_nav_menu\"><ul class=\"menu\"><li><a class=\"industries-back\" href=\"https:\/\/tradetracker.com\/cz\/#section-industries\/\">\u2190 Back to Industry Home<\/a><\/li><li><a href='https:\/\/tradetracker.com\/cz\/advertisers\/finance\/' class=''>Finance<\/a><\/li><li><a href='https:\/\/tradetracker.com\/cz\/advertisers\/services\/' class=''>Slu\u017eby<\/a><\/li><li><a href='https:\/\/tradetracker.com\/cz\/advertisers\/shopping\/' class=''>N\u00e1kupy<\/a><\/li><li><a href='https:\/\/tradetracker.com\/cz\/advertisers\/telecom\/' class=''>Telekomunikace<\/a><\/li><li><a href='https:\/\/tradetracker.com\/cz\/advertisers\/travel\/' class='active'>Cestov\u00e1n\u00ed<\/a><\/li><\/ul><\/div>\r\n    <\/div><div class=\"vc_col-sm-9\">\r\n                <div class=\"vc_col-sm-12\">\r\n                    <ul class=\"industry-list travel\"><li><h2>Bal\u00ed\u010dky v\u00fdlet\u016f<\/h2><p>P\u0159eb\u00fdvat v jin\u00e9m m\u00edst\u011b a kultu\u0159e m\u016f\u017ee b\u00fdt t\u011b\u017ek\u00e9, proto si cen\u00edme pr\u00e1ce t\u011bch, kte\u0159\u00ed pro n\u00e1s napl\u00e1nuj\u00ed ka\u017ed\u00fd bod p\u0159i cestov\u00e1n\u00ed.<\/p><\/li><li><h2>Cestov\u00e1n\u00ed mezi kontinenty<\/h2><p>Pro ty, kte\u0159\u00ed tou\u017e\u00ed poznat kulturu vzd\u00e1len\u00fdch kout\u016f sv\u011bta m\u00e1me p\u0159ipravenou dedikovanou nab\u00eddku na\u0161ich klient\u016f.<\/p><\/li><li><h2>Cestovn\u00ed pot\u0159eby<\/h2><p>D\u00edky \u0161irok\u00e9 nab\u00eddce na\u0161ich partner\u016f s cestovn\u00edmi pot\u0159ebami zaji\u0161\u0165ujeme p\u0159\u00edstup ke v\u0161em nezbytn\u00fdm dopl\u0148k\u016fm pro \u00fasp\u011b\u0161n\u00e9 cestov\u00e1n\u00ed.<\/p><\/li><li><h2>Jednodenn\u00ed v\u00fdlety<\/h2><p>V nab\u00eddce na\u0161ich partner\u016f jsou i jednodenn\u00ed v\u00fdlety. Je jedno, zda-li se jedn\u00e1 o slu\u017eebn\u00ed cestu, nebo chcete nav\u0161t\u00edvit koncert, ur\u010dit\u011b pro sebe n\u011bco najdete.<\/p><\/li><li><h2>Kempy a Parky<\/h2><p>Pom\u00e1h\u00e1me vymanit se z ka\u017edodenn\u00edho \u017eivota a napl\u00e1novat \u00fasp\u011b\u0161nou cestu ven z m\u011bsta, a to d\u00edky pestr\u00e9 nab\u00eddce na\u0161ich partner\u016f.<\/p><\/li><li><h2>Letadlem<\/h2><p>Spolupracujeme s nejv\u011bt\u0161\u00edmi leteck\u00fdmi spole\u010dnostmi, zaji\u0161\u0165ujeme jednoduch\u00fd p\u0159\u00edstup t\u011bm, kte\u0159\u00ed tou\u017e\u00ed letecky cestovat po sv\u011bt\u011b.<\/p><\/li><li><h2>Mlad\u00ed cestovatel\u00e9<\/h2><p>Nab\u00eddka pro ty, kte\u0159\u00ed hledaj\u00ed dobrodru\u017estv\u00ed a nezapomenuteln\u00e9 z\u00e1\u017eitky.<\/p><\/li><li><h2>Plavby<\/h2><p>Plavba je nejpohodln\u011bj\u0161\u00ed zp\u016fsob cestov\u00e1n\u00ed. Na\u0161i partne\u0159i V\u00e1m umo\u017en\u00ed dostat se t\u00edmto sp\u016fsobem k nejodlehlej\u0161\u00edm kout\u016fm sv\u011bta.<\/p><\/li><li><h2>P\u016fj\u010dovny aut<\/h2><p>P\u016fj\u010dovny aut pom\u00e1haj\u00ed ve vytvo\u0159en\u00ed vlastn\u00edch vzpom\u00ednek. Nav\u0161tivte v\u0161e na vlastn\u00ed p\u011bst a bu\u010f v\u0161ude v\u010das.<\/p><\/li><li><h2>Ubytov\u00e1n\u00ed<\/h2><p>Najd\u011bte pro sebe ide\u00e1ln\u00ed ubytov\u00e1n\u00ed. Daleko od civilizace, nebo v srdci m\u011bsta - \u0161irok\u00e1 nab\u00eddka na\u0161ich partner\u016f V\u00e1m ur\u010dit\u011b pom\u016f\u017ee vybrat to nejlep\u0161\u00ed m\u00edsto.<\/p><\/li><li><h2>Zimn\u00ed sporty<\/h2><p>Spolupracujeme s organiz\u00e1tory ly\u017ea\u0159sk\u00fdch v\u00fdjezd\u016f, kte\u0159\u00ed se v\u011bnuj\u00ed nab\u00eddce pro milovn\u00edky b\u00edl\u00e9ho \u0161\u00edlenstv\u00ed.<\/p><\/li><\/ul><\/div><\/div><\/div>[\/vc_column][\/vc_row]<\/p>\n<\/div>","protected":false},"excerpt":{"rendered":"<p>[vc_row row_height=&#8221;275&#8243; css=&#8221;.vc_custom_1607985593578{background-color: #498ecb !important;}&#8221; classes=&#8221;tt-single-industry tt-travel&#8221;][vc_column][\/vc_column][\/vc_row][vc_row][vc_column][\/vc_column][\/vc_row]<\/p>\n","protected":false},"author":69,"featured_media":0,"parent":39756,"menu_order":0,"comment_status":"closed","ping_status":"closed","template":"","meta":{"inline_featured_image":false,"_monsterinsights_skip_tracking":false,"_monsterinsights_sitenote_active":false,"_monsterinsights_sitenote_note":"","_monsterinsights_sitenote_category":0,"footnotes":""},"class_list":["post-39751","page","type-page","status-publish","hentry"],"yoast_head":"<!-- This site is optimized with the Yoast SEO Premium plugin v27.0 (Yoast SEO v27.0) - https:\/\/yoast.com\/product\/yoast-seo-premium-wordpress\/ -->\n<title>Travel | Affiliate Marketing | TradeTracker<\/title>\n<meta name=\"description\" content=\"Segments of the travel industry who use our affiliate marketing network for their online advertising.\" \/>\n<meta name=\"robots\" content=\"index, follow, max-snippet:-1, max-image-preview:large, max-video-preview:-1\" \/>\n<link rel=\"canonical\" href=\"https:\/\/tradetracker.com\/cz\/wp-json\/wp\/v2\/pages\/39751\/\" \/>\n<meta property=\"og:locale\" content=\"en_US\" \/>\n<meta property=\"og:type\" content=\"article\" \/>\n<meta property=\"og:title\" content=\"Cestov\u00e1n\u00ed\" \/>\n<meta property=\"og:description\" content=\"Segments of the travel industry who use our affiliate marketing network for their online advertising.\" \/>\n<meta property=\"og:url\" content=\"https:\/\/tradetracker.com\/cz\/advertisers\/travel\/\" \/>\n<meta property=\"og:site_name\" content=\"TradeTracker.com | Affiliate Marketing | Performance Marketing\" \/>\n<meta property=\"article:publisher\" content=\"https:\/\/www.facebook.com\/tradetrackercom\" \/>\n<meta property=\"article:modified_time\" content=\"2020-12-14T22:39:56+00:00\" \/>\n<meta property=\"og:image\" content=\"https:\/\/tradetracker.com\/wp-content\/uploads\/2019\/12\/tradetracker-logo-square.png\" \/>\n\t<meta property=\"og:image:width\" content=\"250\" \/>\n\t<meta property=\"og:image:height\" content=\"250\" \/>\n\t<meta property=\"og:image:type\" content=\"image\/png\" \/>\n<meta name=\"twitter:card\" content=\"summary_large_image\" \/>\n<meta name=\"twitter:site\" content=\"@tradetrackercom\" \/>\n<script type=\"application\/ld+json\" class=\"yoast-schema-graph\">{\"@context\":\"https:\/\/schema.org\",\"@graph\":[{\"@type\":\"WebPage\",\"@id\":\"https:\/\/tradetracker.com\/cz\/advertisers\/travel\/\",\"url\":\"https:\/\/tradetracker.com\/cz\/advertisers\/travel\/\",\"name\":\"Travel | Affiliate Marketing | TradeTracker\",\"isPartOf\":{\"@id\":\"https:\/\/tradetracker.com\/cz\/#website\"},\"datePublished\":\"2016-12-08T09:57:44+00:00\",\"dateModified\":\"2020-12-14T22:39:56+00:00\",\"description\":\"Segments of the travel industry who use our affiliate marketing network for their online advertising.\",\"breadcrumb\":{\"@id\":\"https:\/\/tradetracker.com\/cz\/advertisers\/travel\/#breadcrumb\"},\"inLanguage\":\"cs-CZ\",\"potentialAction\":[{\"@type\":\"ReadAction\",\"target\":[\"https:\/\/tradetracker.com\/cz\/advertisers\/travel\/\"]}]},{\"@type\":\"BreadcrumbList\",\"@id\":\"https:\/\/tradetracker.com\/cz\/advertisers\/travel\/#breadcrumb\",\"itemListElement\":[{\"@type\":\"ListItem\",\"position\":1,\"name\":\"Home\",\"item\":\"https:\/\/tradetracker.com\/cz\/\"},{\"@type\":\"ListItem\",\"position\":2,\"name\":\"Inzerenti\",\"item\":\"https:\/\/tradetracker.com\/cz\/advertisers\/\"},{\"@type\":\"ListItem\",\"position\":3,\"name\":\"Cestov\u00e1n\u00ed\"}]},{\"@type\":\"WebSite\",\"@id\":\"https:\/\/tradetracker.com\/cz\/#website\",\"url\":\"https:\/\/tradetracker.com\/cz\/\",\"name\":\"TradeTracker.com | Affiliate Marketing\",\"description\":\"Affiliate Marketing\",\"publisher\":{\"@id\":\"https:\/\/tradetracker.com\/cz\/#organization\"},\"potentialAction\":[{\"@type\":\"SearchAction\",\"target\":{\"@type\":\"EntryPoint\",\"urlTemplate\":\"https:\/\/tradetracker.com\/cz\/?s={search_term_string}\"},\"query-input\":{\"@type\":\"PropertyValueSpecification\",\"valueRequired\":true,\"valueName\":\"search_term_string\"}}],\"inLanguage\":\"cs-CZ\"},{\"@type\":\"Organization\",\"@id\":\"https:\/\/tradetracker.com\/cz\/#organization\",\"name\":\"TradeTracker FZ LLC\",\"url\":\"https:\/\/tradetracker.com\/cz\/\",\"logo\":{\"@type\":\"ImageObject\",\"inLanguage\":\"cs-CZ\",\"@id\":\"https:\/\/tradetracker.com\/cz\/#\/schema\/logo\/image\/\",\"url\":\"https:\/\/tradetracker.com\/wp-content\/uploads\/2019\/04\/tradetracker-logo_1.jpg\",\"contentUrl\":\"https:\/\/tradetracker.com\/wp-content\/uploads\/2019\/04\/tradetracker-logo_1.jpg\",\"width\":672,\"height\":109,\"caption\":\"TradeTracker FZ LLC\"},\"image\":{\"@id\":\"https:\/\/tradetracker.com\/cz\/#\/schema\/logo\/image\/\"},\"sameAs\":[\"https:\/\/www.facebook.com\/tradetrackercom\",\"https:\/\/x.com\/tradetrackercom\",\"https:\/\/www.linkedin.com\/company\/tradetrackercom\",\"https:\/\/www.youtube.com\/channel\/UCHiq-oir3qOorxO-8nLjIcQ\"],\"description\":\"TradeTracker is a global affiliate marketing platform that connects advertisers and publishers to create successful online campaigns. With its user-friendly interface, advanced tracking technology, and real-time reporting, TradeTracker provides the tools to optimize performance and boost conversions. Operating in over 20 countries, TradeTracker is renowned for its transparency, innovative solutions, and personalized support. It has been consistently chosen as the leading affiliate network worldwide, a testament to its excellence in the industry. Advertisers benefit from access to a vast network of publishers, while publishers enjoy a diverse range of campaigns and attractive earning opportunities. The platform continues to revolutionize the affiliate marketing industry with technologies like Real Attribution, ensuring fair commission distribution. TradeTracker empowers businesses to achieve their online no cure no pay advertising goals efficiently and effectively. With superior technology, unparalleled customer service, and innovative solutions, TradeTracker consistently outperforms competitors like Awin, TradeDoubler, CJ, and Webgains, making it the preferred choice for advertisers and publishers worldwide.\",\"legalName\":\"TradeTracker.com\",\"foundingDate\":\"2004-03-05\",\"numberOfEmployees\":{\"@type\":\"QuantitativeValue\",\"minValue\":\"201\",\"maxValue\":\"500\"}}]}<\/script>\n<!-- \/ Yoast SEO Premium plugin. -->","yoast_head_json":{"title":"Travel | Affiliate Marketing | TradeTracker","description":"Segments of the travel industry who use our affiliate marketing network for their online advertising.","robots":{"index":"index","follow":"follow","max-snippet":"max-snippet:-1","max-image-preview":"max-image-preview:large","max-video-preview":"max-video-preview:-1"},"canonical":"https:\/\/tradetracker.com\/cz\/wp-json\/wp\/v2\/pages\/39751\/","og_locale":"en_US","og_type":"article","og_title":"Cestov\u00e1n\u00ed","og_description":"Segments of the travel industry who use our affiliate marketing network for their online advertising.","og_url":"https:\/\/tradetracker.com\/cz\/advertisers\/travel\/","og_site_name":"TradeTracker.com | Affiliate Marketing | Performance Marketing","article_publisher":"https:\/\/www.facebook.com\/tradetrackercom","article_modified_time":"2020-12-14T22:39:56+00:00","og_image":[{"width":250,"height":250,"url":"https:\/\/tradetracker.com\/wp-content\/uploads\/2019\/12\/tradetracker-logo-square.png","type":"image\/png"}],"twitter_card":"summary_large_image","twitter_site":"@tradetrackercom","schema":{"@context":"https:\/\/schema.org","@graph":[{"@type":"WebPage","@id":"https:\/\/tradetracker.com\/cz\/advertisers\/travel\/","url":"https:\/\/tradetracker.com\/cz\/advertisers\/travel\/","name":"Travel | Affiliate Marketing | TradeTracker","isPartOf":{"@id":"https:\/\/tradetracker.com\/cz\/#website"},"datePublished":"2016-12-08T09:57:44+00:00","dateModified":"2020-12-14T22:39:56+00:00","description":"Segments of the travel industry who use our affiliate marketing network for their online advertising.","breadcrumb":{"@id":"https:\/\/tradetracker.com\/cz\/advertisers\/travel\/#breadcrumb"},"inLanguage":"cs-CZ","potentialAction":[{"@type":"ReadAction","target":["https:\/\/tradetracker.com\/cz\/advertisers\/travel\/"]}]},{"@type":"BreadcrumbList","@id":"https:\/\/tradetracker.com\/cz\/advertisers\/travel\/#breadcrumb","itemListElement":[{"@type":"ListItem","position":1,"name":"Home","item":"https:\/\/tradetracker.com\/cz\/"},{"@type":"ListItem","position":2,"name":"Inzerenti","item":"https:\/\/tradetracker.com\/cz\/advertisers\/"},{"@type":"ListItem","position":3,"name":"Cestov\u00e1n\u00ed"}]},{"@type":"WebSite","@id":"https:\/\/tradetracker.com\/cz\/#website","url":"https:\/\/tradetracker.com\/cz\/","name":"TradeTracker.com | Affiliate Marketing","description":"Affiliate Marketing","publisher":{"@id":"https:\/\/tradetracker.com\/cz\/#organization"},"potentialAction":[{"@type":"SearchAction","target":{"@type":"EntryPoint","urlTemplate":"https:\/\/tradetracker.com\/cz\/?s={search_term_string}"},"query-input":{"@type":"PropertyValueSpecification","valueRequired":true,"valueName":"search_term_string"}}],"inLanguage":"cs-CZ"},{"@type":"Organization","@id":"https:\/\/tradetracker.com\/cz\/#organization","name":"TradeTracker FZ LLC","url":"https:\/\/tradetracker.com\/cz\/","logo":{"@type":"ImageObject","inLanguage":"cs-CZ","@id":"https:\/\/tradetracker.com\/cz\/#\/schema\/logo\/image\/","url":"https:\/\/tradetracker.com\/wp-content\/uploads\/2019\/04\/tradetracker-logo_1.jpg","contentUrl":"https:\/\/tradetracker.com\/wp-content\/uploads\/2019\/04\/tradetracker-logo_1.jpg","width":672,"height":109,"caption":"TradeTracker FZ LLC"},"image":{"@id":"https:\/\/tradetracker.com\/cz\/#\/schema\/logo\/image\/"},"sameAs":["https:\/\/www.facebook.com\/tradetrackercom","https:\/\/x.com\/tradetrackercom","https:\/\/www.linkedin.com\/company\/tradetrackercom","https:\/\/www.youtube.com\/channel\/UCHiq-oir3qOorxO-8nLjIcQ"],"description":"TradeTracker is a global affiliate marketing platform that connects advertisers and publishers to create successful online campaigns. With its user-friendly interface, advanced tracking technology, and real-time reporting, TradeTracker provides the tools to optimize performance and boost conversions. Operating in over 20 countries, TradeTracker is renowned for its transparency, innovative solutions, and personalized support. It has been consistently chosen as the leading affiliate network worldwide, a testament to its excellence in the industry. Advertisers benefit from access to a vast network of publishers, while publishers enjoy a diverse range of campaigns and attractive earning opportunities. The platform continues to revolutionize the affiliate marketing industry with technologies like Real Attribution, ensuring fair commission distribution. TradeTracker empowers businesses to achieve their online no cure no pay advertising goals efficiently and effectively. With superior technology, unparalleled customer service, and innovative solutions, TradeTracker consistently outperforms competitors like Awin, TradeDoubler, CJ, and Webgains, making it the preferred choice for advertisers and publishers worldwide.","legalName":"TradeTracker.com","foundingDate":"2004-03-05","numberOfEmployees":{"@type":"QuantitativeValue","minValue":"201","maxValue":"500"}}]}},"_links":{"self":[{"href":"https:\/\/tradetracker.com\/cz\/wp-json\/wp\/v2\/pages\/39751","targetHints":{"allow":["GET"]}}],"collection":[{"href":"https:\/\/tradetracker.com\/cz\/wp-json\/wp\/v2\/pages"}],"about":[{"href":"https:\/\/tradetracker.com\/cz\/wp-json\/wp\/v2\/types\/page"}],"author":[{"embeddable":true,"href":"https:\/\/tradetracker.com\/cz\/wp-json\/wp\/v2\/users\/69"}],"replies":[{"embeddable":true,"href":"https:\/\/tradetracker.com\/cz\/wp-json\/wp\/v2\/comments?post=39751"}],"version-history":[{"count":0,"href":"https:\/\/tradetracker.com\/cz\/wp-json\/wp\/v2\/pages\/39751\/revisions"}],"up":[{"embeddable":true,"href":"https:\/\/tradetracker.com\/cz\/wp-json\/wp\/v2\/pages\/39756"}],"wp:attachment":[{"href":"https:\/\/tradetracker.com\/cz\/wp-json\/wp\/v2\/media?parent=39751"}],"curies":[{"name":"wp","href":"https:\/\/api.w.org\/{rel}","templated":true}]}}