{"id":13339,"date":"2017-02-15T06:15:31","date_gmt":"2017-02-15T06:15:31","guid":{"rendered":"https:\/\/tradetracker.com\/de\/admonitor\/"},"modified":"2025-01-09T02:41:21","modified_gmt":"2025-01-09T02:41:21","slug":"admonitor","status":"publish","type":"page","link":"https:\/\/tradetracker.com\/de\/admonitor\/","title":{"rendered":"Admonitor"},"content":{"rendered":"<div class=\"wpb-content-wrapper\"><p>[vc_row classes=&#8221;admonitor-page-detail&#8221;][vc_column]<div class=\"row\"><div class=\"vc_col-sm-12\"><div class=\"industry-page-intro-text\"><h1  class=\"\">ADMONITOR<\/h1><h2  class=\"\">Suchmaschinen sind eine wichtige Traffic-Quelle f\u00fcr jede Webseite und jeden Onlineshop. Ihre Markennamen sind ausschlaggebend f\u00fcr den Suchprozess und spielen eine wichtige Rolle Traffic auf ihre Webseite zu lenken. Jedoch versuchen auch andere Unternehmen, wie zum Beispiel Ihre Konkurrenten, Partner oder Reseller von Ihrer Bekanntheit zu profitieren. Um Ihre Marke effektiv zu sch\u00fctzen, hat TradeTracker eine Software entwickelt, welche die Benutzung Ihres Brands in den Suchmaschinen \u00fcberwacht und einen m\u00f6glichen Missbrauch erkennt. TradeTrackers AdMonitor\u00ae zeigt jeden Missbrauch ihres Brands an und stellt gleichzeitig die Einhaltung der SEM Bestimmungen Ihrer Affiliates und anderer Werbekampagnen sicher.<\/h2><\/div>\r\n        <\/div>\r\n    <\/div><div class=\"space\"><\/div>[\/vc_column][\/vc_row][vc_row classes=&#8221;se-how bg-pattern&#8221;][vc_column width=&#8221;2\/12&#8243;][\/vc_column][vc_column width=&#8221;8\/12&#8243; el_class=&#8221;acenter&#8221;]<div class=\"space\"><\/div><header><h2 class=\" tt_composer\" >Funktionsweise<\/h2><\/header>[vc_wp_text el_class=&#8221;acenter&#8221;]<\/p>\n<p>Sie selbst bestimmen, welche Keywords \u00fcberwacht werden sollen, sowie die verschiedenen Suchkan\u00e4le. Dar\u00fcber hinaus kann AdMonitor auch mobile Suchvorg\u00e4nge erkennen. Sie erhalten eine Benachrichtigung sobald AdMonitor einen Missbrauch ihres Brands feststellt. Aufgrund anspruchsvoller Algorithmen, ist die Software dar\u00fcber hinaus in der Lage, die exakte Identifizierung der Affiliates, \u00fcber viele Netzwerke hinaus, sicherzustellen. AdMonitor ist komplett in das ihnen vertraute TradeTracker Interface integriert. Die Suchergebnisse durch AdMonitor werden in einer \u00dcbersicht dargestellt und k\u00f6nnen f\u00fcr jedes einzelne Ergebnis, in einer Detailansicht f\u00fcr weitere Informationen aufgerufen werden.<\/p>\n<p>[\/vc_wp_text][\/vc_column][vc_column width=&#8221;2\/12&#8243;][\/vc_column][\/vc_row][vc_row][vc_column][vc_single_image image=&#8221;113733&#8243; img_size=&#8221;1120&#215;604&#8243; alignment=&#8221;center&#8221;][\/vc_column][\/vc_row][vc_row classes=&#8221;se-detect&#8221;][vc_column]<div class=\"space\"><\/div><header><h2 class=\" tt_composer\" >Was wird erkannt<\/h2><\/header>[vc_row_inner el_class=&#8221;se-detect&#8221;][vc_column_inner width=&#8221;1\/2&#8243;][vc_single_image image=&#8221;113838&#8243; alignment=&#8221;center&#8221; el_class=&#8221;se-img&#8221;][vc_wp_text]<\/p>\n<h3>URL \/ Ad Text Hijacking<\/h3>\n<p>AdMonitor erkennt den Missbrauch ihres Werbetextes und ihrer Display-URL durch Affiliates. Zwar gelangt der Kunde trotz dieses Missbrauchs auf Ihre Webseite, jedoch erfolgt zuvor eine Um- oder Weiterleitung \u00fcber einen Affiliate-Link. Da das Fake-Werbemittel sehr \u00e4hnlich zu Ihrem aufgebaut ist, ist es nur m\u00f6glich mit einer aufwendigen Software wie AdMonitor diesen Betrug zu erkennen.<\/p>\n<p>[\/vc_wp_text]<div class=\"space\"><\/div>[\/vc_column_inner][vc_column_inner width=&#8221;1\/2&#8243;][vc_single_image image=&#8221;113820&#8243; alignment=&#8221;center&#8221; el_class=&#8221;se-img&#8221;][vc_wp_text]<\/p>\n<h3>Day-Parting<\/h3>\n<p>AdMonitor identifiziert ebenfalls Verst\u00f6\u00dfe, die nur an bestimmten Tageszeiten, wie zum Beispiel abends oder nachts, oder an Wochenenden erfolgen. Diese Verst\u00f6\u00dfe sind f\u00fcr Sie oft schwer zu erkennen und ohne eine solche Software meist nicht identifizierbar.<\/p>\n<p>[\/vc_wp_text]<div class=\"space\"><\/div>[\/vc_column_inner][\/vc_row_inner][vc_row_inner el_class=&#8221;se-detect&#8221;][vc_column_inner width=&#8221;1\/2&#8243;][vc_single_image image=&#8221;113874&#8243; alignment=&#8221;center&#8221; el_class=&#8221;se-img&#8221;][vc_wp_text]<\/p>\n<h3>Reverse Geo-Targeting<\/h3>\n<p>Zus\u00e4tzlich kann AdMonitor auch Missbr\u00e4uche Ihrer Werbemittel erkennen, die nur regional und\/oder in bestimmten St\u00e4dten erfolgen.<\/p>\n<p>[\/vc_wp_text][\/vc_column_inner][vc_column_inner width=&#8221;1\/2&#8243;][vc_single_image image=&#8221;113856&#8243; alignment=&#8221;center&#8221; el_class=&#8221;se-img&#8221;][vc_wp_text]<\/p>\n<h3>Link Cloaking<\/h3>\n<p>Die Software kann ebenfalls Verst\u00f6\u00dfe erkennen, bei denen eine Umleitung genutzt wird, um die wahre Quelle des Traffics zu verschleiern.<\/p>\n<p>[\/vc_wp_text][\/vc_column_inner][\/vc_row_inner][vc_row_inner][vc_column_inner]<div class=\"space\"><\/div>[vc_wp_text]<\/p>\n<p>In Absprache mit Ihrem pers\u00f6nlichen Account-Manager k\u00f6nnen Sie mit Hilfe der \u00dcberwachungsergebnisse von AdMonitor eine \u2018wei\u00dfe Liste\u2019 von Affiliates oder Werbepartnern erstellen, die nicht als Bedrohung gekennzeichnet werden sollen.<\/p>\n<p>[\/vc_wp_text]<div class=\"space\"><\/div>[\/vc_column_inner][\/vc_row_inner][\/vc_column][\/vc_row][vc_row el_id=&#8221;section-se-brands&#8221;][vc_column]<header><h2 class=\" tt_composer\" >Welche Suchportale werden \u00fcberwacht<\/h2><\/header>[vc_row_inner el_class=&#8221;se-logos&#8221;][vc_column_inner el_class=&#8221;acenter&#8221; width=&#8221;1\/4&#8243;][vc_single_image image=&#8221;113766&#8243; img_size=&#8221;full&#8221;][\/vc_column_inner][vc_column_inner el_class=&#8221;acenter&#8221; width=&#8221;1\/4&#8243;][vc_single_image image=&#8221;113784&#8243; img_size=&#8221;full&#8221;][\/vc_column_inner][vc_column_inner el_class=&#8221;acenter&#8221; width=&#8221;1\/4&#8243;][vc_single_image image=&#8221;113748&#8243; img_size=&#8221;full&#8221;][\/vc_column_inner][vc_column_inner el_class=&#8221;acenter&#8221; width=&#8221;1\/4&#8243;][vc_single_image image=&#8221;113802&#8243; img_size=&#8221;full&#8221;][\/vc_column_inner][\/vc_row_inner][\/vc_column][\/vc_row][vc_row][vc_column]<div class=\"space\"><\/div>[vc_row_inner el_class=&#8221;se-package&#8221;][vc_column_inner]<header><h2 class=\" tt_composer\" >Unsere Pakete<\/h2><\/header>[\/vc_column_inner][\/vc_row_inner][vc_wp_text el_class=&#8221;se-package&#8221;]<\/p>\n<p>Sie k\u00f6nnen zwischen 3 Paketen w\u00e4hlen: Basic, Advanced und Premium. Jedes Paket beinhaltet eine bestimmte Anzahl an Suchl\u00e4ufen durch AdMonitor sowie unterschiedliche Kosten f\u00fcr weitere \u00dcberwachungsvorg\u00e4nge. Die Wahl des Pakets ist abh\u00e4ngig von den ben\u00f6tigten \u00dcberwachungsvorg\u00e4ngen pro Monat. Um dies festzustellen, m\u00fcssen Sie entscheiden wie viele Schl\u00fcsselw\u00f6rter sie ausw\u00e4hlen m\u00f6chten, die dann bei den einzelnen Suchportalen entdeckt werden. Um die Qualit\u00e4t der Suchergebnisse durch AdMonitor sicherzustellen, werden immer zu dem gleichen Zeitpunkt und in denselben Abst\u00e4nden die von Ihnen genannten Schl\u00fcsselw\u00f6rter gesucht.<\/p>\n<p><i>Ein kleines Beispiel zur Kalkulation:<\/i><br \/>\nAnzahl an Schl\u00fcsselw\u00f6rtern: 10<br \/>\nSuchmaschinen: Google, Yahoo, Bing<br \/>\nSuchfrequenz: Immer zur gleichen Zeit jede Stunde (fix)<\/p>\n<p>Bei diesem Fallbeispiel w\u00fcrden wir 720 (10 x 3 x 24) Suchvorg\u00e4nge pro Tag von AdMonitor empfehlen, sodass das Advanced Paket am besten f\u00fcr Sie geeignet w\u00e4re. Gern unterst\u00fctzen wir Sie bei der Auswahl des Pakets und Ihrer individuellen Kalkulation und geben unsere Erfahrungen an Sie weiter.<\/p>\n<p>[\/vc_wp_text]<div class=\"space\"><\/div>[\/vc_column][\/vc_row][vc_row classes=&#8221;sec-diff&#8221;][vc_column]<header><h2 class=\" tt_composer\" >Unsere Pakete<\/h2><\/header>[vc_row_inner][vc_column_inner el_class=&#8221;se-pricing&#8221; width=&#8221;1\/3&#8243;]<div class=\"package admonitor-package \">\r\n            <h2>Basic<\/h2>\r\n            <p><span class=\"package-price\">\u20ac 99 PRO MONAT<\/span><\/p>\r\n            <p>Suchvorg\u00e4nge inklusive:<br \/>\n&gt;Bis zu 2.500 pro Monat<\/p>\r\n            <div class=\"space-half\"><\/div><p>Kosten f\u00fcr zus\u00e4tzliche<br \/> Suchvorg\u00e4nge: jeweils \u20ac 0,05<\/p><\/div>[\/vc_column_inner][vc_column_inner el_class=&#8221;se-pricing&#8221; width=&#8221;1\/3&#8243;]<div class=\"package admonitor-package \">\r\n            <h2>Advanced<\/h2>\r\n            <p><span class=\"package-price\">\u20ac 249 PRO MONAT<\/span><\/p>\r\n            <p>Suchvorg\u00e4nge inklusive:<br \/>\nBis zu 25.000 pro Monat<\/p>\r\n            <div class=\"space-half\"><\/div><p>Kosten f\u00fcr zus\u00e4tzliche<br \/> Suchvorg\u00e4nge: jeweils \u20ac 0,03<\/p><\/div>[\/vc_column_inner][vc_column_inner el_class=&#8221;se-pricing&#8221; width=&#8221;1\/3&#8243;]<div class=\"package admonitor-package \">\r\n            <h2>Premium<\/h2>\r\n            <p><span class=\"package-price\">\u20ac 499 PRO MONAT<\/span><\/p>\r\n            <p>Suchvorg\u00e4nge inklusive:<br \/>\nBis zu 250.000 pro Monat<\/p>\r\n            <div class=\"space-half\"><\/div><p>Kosten f\u00fcr zus\u00e4tzliche<br \/>Suchvorg\u00e4nge: jeweils \u20ac 0,01<\/p><\/div>[\/vc_column_inner][\/vc_row_inner][\/vc_column][\/vc_row][vc_row classes=&#8221;cta bg-pattern&#8221; el_id=&#8221;ctaaam&#8221;][vc_column]<div class=\"row\"><div class=\"vc_col-sm-12\"><h2 class=\"get_started\" >Bereit f\u00fcr den n\u00e4chsten Schritt?<\/h2><p >Wir sind ein Team ergebnisorientierter Werbepartner-Junkies \u2013 auf Performance fixiert und immer bestrebt, die Werbewelt zu verbessern. Kommen Sie zu uns und erfahren Sie, wie wir Ihr Online-Gesch\u00e4ft in Schwung bringen.<\/p><\/div><\/div><div class=\"space\"><\/div>[vc_row_inner][vc_column_inner width=&#8221;2\/12&#8243;][\/vc_column_inner][vc_column_inner el_class=&#8221;cta-block merchant no-bg-cta&#8221; width=&#8221;4\/12&#8243;][vc_btn title=&#8221;Melden Sie sich als \\n Werbetreibender&#8221; style=&#8221;classic&#8221; color=&#8221;white&#8221; size=&#8221;lg&#8221; align=&#8221;center&#8221; css=&#8221;&#8221; link=&#8221;url:https%3A%2F%2Fmerchant.tradetracker.com%2Fportal%2FadvertiserBrochure%3Floc%3Dde_DE&#8221; el_class=&#8221;theme-btn btn-style-one text-center tdecn&#8221;][vc_raw_html el_class=&#8221;force-white-text&#8221;]JTNDc3BhbiUyMGNsYXNzJTNEJTIybGluay1zZXAlMjIlM0Utb3ItJTNDJTJGc3BhbiUzRQ==[\/vc_raw_html]<div class=\"row\"><div class=\"vc_col-sm-12\"><p><a class=\"textlink force-white-text\" href=\"\/de\/advertisers\/\">Vertriebspartner<\/a><\/p><\/div><\/div>[\/vc_column_inner][vc_column_inner el_class=&#8221;cta-block publisher no-bg-cta&#8221; width=&#8221;4\/12&#8243;][vc_btn title=&#8221;Melden Sie sich als \\n Publisher&#8221; style=&#8221;classic&#8221; color=&#8221;white&#8221; size=&#8221;lg&#8221; align=&#8221;center&#8221; link=&#8221;url:https%3A%2F%2Faffiliate.tradetracker.com%2Fsignup%2Fstep1%3Floc%3Dde_DE|||&#8221; el_class=&#8221;theme-btn btn-style-one text-center tdecn&#8221;][vc_raw_html el_class=&#8221;force-white-text&#8221;]JTNDc3BhbiUyMGNsYXNzJTNEJTIybGluay1zZXAlMjIlM0Utb3ItJTNDJTJGc3BhbiUzRQ==[\/vc_raw_html]<div class=\"row\"><div class=\"vc_col-sm-12\"><p><a class=\"textlink force-white-text\" href=\"\/de\/publishers\/\">Werbekunden<\/a><\/p><\/div><\/div>[\/vc_column_inner][vc_column_inner width=&#8221;2\/12&#8243;][\/vc_column_inner][\/vc_row_inner]<div class=\"space\"><\/div>[\/vc_column][\/vc_row]<\/p>\n<\/div>","protected":false},"excerpt":{"rendered":"<p>[vc_row classes=&#8221;admonitor-page-detail&#8221;][vc_column][\/vc_column][\/vc_row][vc_row classes=&#8221;se-how bg-pattern&#8221;][vc_column width=&#8221;2\/12&#8243;][\/vc_column][vc_column width=&#8221;8\/12&#8243; el_class=&#8221;acenter&#8221;][vc_wp_text el_class=&#8221;acenter&#8221;] Sie selbst bestimmen, welche Keywords \u00fcberwacht werden sollen, sowie die verschiedenen Suchkan\u00e4le. Dar\u00fcber hinaus kann AdMonitor auch mobile Suchvorg\u00e4nge erkennen. Sie erhalten eine Benachrichtigung sobald AdMonitor einen Missbrauch ihres Brands feststellt. Aufgrund anspruchsvoller Algorithmen, ist die Software dar\u00fcber hinaus in der Lage, die exakte Identifizierung der Affiliates,  [&#8230;]<\/p>\n","protected":false},"author":69,"featured_media":0,"parent":0,"menu_order":0,"comment_status":"closed","ping_status":"closed","template":"","meta":{"inline_featured_image":false,"_monsterinsights_skip_tracking":false,"_monsterinsights_sitenote_active":false,"_monsterinsights_sitenote_note":"","_monsterinsights_sitenote_category":0,"footnotes":""},"class_list":["post-13339","page","type-page","status-publish","hentry"],"yoast_head":"<!-- This site is optimized with the Yoast SEO Premium plugin v27.0 (Yoast SEO v27.0) - https:\/\/yoast.com\/product\/yoast-seo-premium-wordpress\/ -->\n<title>Admonitor - TradeTracker.com | Affiliate Marketing | Performance Marketing<\/title>\n<meta name=\"description\" content=\"ADMONITORSuchmaschinen sind eine wichtige Traffic-Quelle f\u00fcr jede Webseite und jeden Onlineshop. Ihre Markennamen sind ausschlaggebend f\u00fcr den Suchprozess und spielen eine wichtige Rolle Traffic auf ihre Webseite zu\" \/>\n<meta name=\"robots\" content=\"index, follow, max-snippet:-1, max-image-preview:large, max-video-preview:-1\" \/>\n<link rel=\"canonical\" href=\"https:\/\/tradetracker.com\/de\/wp-json\/wp\/v2\/pages\/13339\/\" \/>\n<meta property=\"og:locale\" content=\"de_DE\" \/>\n<meta property=\"og:type\" content=\"article\" \/>\n<meta property=\"og:title\" content=\"Admonitor TradeTracker.com\" \/>\n<meta property=\"og:description\" content=\"ADMONITORSuchmaschinen sind eine wichtige Traffic-Quelle f\u00fcr\" \/>\n<meta property=\"og:url\" content=\"https:\/\/tradetracker.com\/de\/admonitor\/\" \/>\n<meta property=\"og:site_name\" content=\"TradeTracker.com | Affiliate Marketing | Performance Marketing\" \/>\n<meta property=\"article:publisher\" content=\"https:\/\/www.facebook.com\/tradetrackercom\" \/>\n<meta property=\"article:modified_time\" content=\"2025-01-09T02:41:21+00:00\" \/>\n<meta property=\"og:image\" content=\"https:\/\/tradetracker.com\/wp-content\/uploads\/2019\/12\/tradetracker-logo-square.png\" \/>\n\t<meta property=\"og:image:width\" content=\"250\" \/>\n\t<meta property=\"og:image:height\" content=\"250\" \/>\n\t<meta property=\"og:image:type\" content=\"image\/png\" \/>\n<meta name=\"twitter:card\" content=\"summary_large_image\" \/>\n<meta name=\"twitter:title\" content=\"Admonitor\" \/>\n<meta name=\"twitter:description\" content=\"ADMONITORSuchmaschinen sind eine wichtige Traffic-Quelle f\u00fcr jede Webseite und jeden Onlineshop. Ihre Markennamen sind \" \/>\n<meta name=\"twitter:image\" content=\"https:\/\/tradetracker.com\/assets\/tt-circles.png\" \/>\n<meta name=\"twitter:site\" content=\"@tradetrackercom\" \/>\n<meta name=\"twitter:label1\" content=\"Est. reading time\" \/>\n\t<meta name=\"twitter:data1\" content=\"4 minutes\" \/>\n<script type=\"application\/ld+json\" class=\"yoast-schema-graph\">{\"@context\":\"https:\/\/schema.org\",\"@graph\":[{\"@type\":\"WebPage\",\"@id\":\"https:\/\/tradetracker.com\/de\/admonitor\/\",\"url\":\"https:\/\/tradetracker.com\/de\/admonitor\/\",\"name\":\"Admonitor - TradeTracker.com | Affiliate Marketing | Performance Marketing\",\"isPartOf\":{\"@id\":\"https:\/\/tradetracker.com\/de\/#website\"},\"datePublished\":\"2017-02-15T06:15:31+00:00\",\"dateModified\":\"2025-01-09T02:41:21+00:00\",\"breadcrumb\":{\"@id\":\"https:\/\/tradetracker.com\/de\/admonitor\/#breadcrumb\"},\"inLanguage\":\"de-DE\",\"potentialAction\":[{\"@type\":\"ReadAction\",\"target\":[\"https:\/\/tradetracker.com\/de\/admonitor\/\"]}]},{\"@type\":\"BreadcrumbList\",\"@id\":\"https:\/\/tradetracker.com\/de\/admonitor\/#breadcrumb\",\"itemListElement\":[{\"@type\":\"ListItem\",\"position\":1,\"name\":\"Home\",\"item\":\"https:\/\/tradetracker.com\/de\/\"},{\"@type\":\"ListItem\",\"position\":2,\"name\":\"Admonitor\"}]},{\"@type\":\"WebSite\",\"@id\":\"https:\/\/tradetracker.com\/de\/#website\",\"url\":\"https:\/\/tradetracker.com\/de\/\",\"name\":\"TradeTracker.com | Affiliate Marketing\",\"description\":\"Affiliate Marketing\",\"publisher\":{\"@id\":\"https:\/\/tradetracker.com\/de\/#organization\"},\"potentialAction\":[{\"@type\":\"SearchAction\",\"target\":{\"@type\":\"EntryPoint\",\"urlTemplate\":\"https:\/\/tradetracker.com\/de\/?s={search_term_string}\"},\"query-input\":{\"@type\":\"PropertyValueSpecification\",\"valueRequired\":true,\"valueName\":\"search_term_string\"}}],\"inLanguage\":\"de-DE\"},{\"@type\":\"Organization\",\"@id\":\"https:\/\/tradetracker.com\/de\/#organization\",\"name\":\"TradeTracker FZ LLC\",\"url\":\"https:\/\/tradetracker.com\/de\/\",\"logo\":{\"@type\":\"ImageObject\",\"inLanguage\":\"de-DE\",\"@id\":\"https:\/\/tradetracker.com\/de\/#\/schema\/logo\/image\/\",\"url\":\"https:\/\/tradetracker.com\/wp-content\/uploads\/2019\/04\/tradetracker-logo_1.jpg\",\"contentUrl\":\"https:\/\/tradetracker.com\/wp-content\/uploads\/2019\/04\/tradetracker-logo_1.jpg\",\"width\":672,\"height\":109,\"caption\":\"TradeTracker FZ LLC\"},\"image\":{\"@id\":\"https:\/\/tradetracker.com\/de\/#\/schema\/logo\/image\/\"},\"sameAs\":[\"https:\/\/www.facebook.com\/tradetrackercom\",\"https:\/\/x.com\/tradetrackercom\",\"https:\/\/www.linkedin.com\/company\/tradetrackercom\",\"https:\/\/www.youtube.com\/channel\/UCHiq-oir3qOorxO-8nLjIcQ\"],\"description\":\"TradeTracker is a global affiliate marketing platform that connects advertisers and publishers to create successful online campaigns. With its user-friendly interface, advanced tracking technology, and real-time reporting, TradeTracker provides the tools to optimize performance and boost conversions. Operating in over 20 countries, TradeTracker is renowned for its transparency, innovative solutions, and personalized support. It has been consistently chosen as the leading affiliate network worldwide, a testament to its excellence in the industry. Advertisers benefit from access to a vast network of publishers, while publishers enjoy a diverse range of campaigns and attractive earning opportunities. The platform continues to revolutionize the affiliate marketing industry with technologies like Real Attribution, ensuring fair commission distribution. TradeTracker empowers businesses to achieve their online no cure no pay advertising goals efficiently and effectively. With superior technology, unparalleled customer service, and innovative solutions, TradeTracker consistently outperforms competitors like Awin, TradeDoubler, CJ, and Webgains, making it the preferred choice for advertisers and publishers worldwide.\",\"legalName\":\"TradeTracker.com\",\"foundingDate\":\"2004-03-05\",\"numberOfEmployees\":{\"@type\":\"QuantitativeValue\",\"minValue\":\"201\",\"maxValue\":\"500\"}}]}<\/script>\n<!-- \/ Yoast SEO Premium plugin. -->","yoast_head_json":{"title":"Admonitor - TradeTracker.com | Affiliate Marketing | Performance Marketing","description":"ADMONITORSuchmaschinen sind eine wichtige Traffic-Quelle f\u00fcr jede Webseite und jeden Onlineshop. Ihre Markennamen sind ausschlaggebend f\u00fcr den Suchprozess und spielen eine wichtige Rolle Traffic auf ihre Webseite zu","robots":{"index":"index","follow":"follow","max-snippet":"max-snippet:-1","max-image-preview":"max-image-preview:large","max-video-preview":"max-video-preview:-1"},"canonical":"https:\/\/tradetracker.com\/de\/wp-json\/wp\/v2\/pages\/13339\/","og_locale":"de_DE","og_type":"article","og_title":"Admonitor TradeTracker.com","og_description":"ADMONITORSuchmaschinen sind eine wichtige Traffic-Quelle f\u00fcr","og_url":"https:\/\/tradetracker.com\/de\/admonitor\/","og_site_name":"TradeTracker.com | Affiliate Marketing | Performance Marketing","article_publisher":"https:\/\/www.facebook.com\/tradetrackercom","article_modified_time":"2025-01-09T02:41:21+00:00","og_image":[{"width":250,"height":250,"url":"https:\/\/tradetracker.com\/wp-content\/uploads\/2019\/12\/tradetracker-logo-square.png","type":"image\/png"}],"twitter_card":"summary_large_image","twitter_title":"Admonitor","twitter_description":"ADMONITORSuchmaschinen sind eine wichtige Traffic-Quelle f\u00fcr jede Webseite und jeden Onlineshop. Ihre Markennamen sind ","twitter_image":"https:\/\/tradetracker.com\/assets\/tt-circles.png","twitter_site":"@tradetrackercom","twitter_misc":{"Est. reading time":"4 minutes"},"schema":{"@context":"https:\/\/schema.org","@graph":[{"@type":"WebPage","@id":"https:\/\/tradetracker.com\/de\/admonitor\/","url":"https:\/\/tradetracker.com\/de\/admonitor\/","name":"Admonitor - TradeTracker.com | Affiliate Marketing | Performance Marketing","isPartOf":{"@id":"https:\/\/tradetracker.com\/de\/#website"},"datePublished":"2017-02-15T06:15:31+00:00","dateModified":"2025-01-09T02:41:21+00:00","breadcrumb":{"@id":"https:\/\/tradetracker.com\/de\/admonitor\/#breadcrumb"},"inLanguage":"de-DE","potentialAction":[{"@type":"ReadAction","target":["https:\/\/tradetracker.com\/de\/admonitor\/"]}]},{"@type":"BreadcrumbList","@id":"https:\/\/tradetracker.com\/de\/admonitor\/#breadcrumb","itemListElement":[{"@type":"ListItem","position":1,"name":"Home","item":"https:\/\/tradetracker.com\/de\/"},{"@type":"ListItem","position":2,"name":"Admonitor"}]},{"@type":"WebSite","@id":"https:\/\/tradetracker.com\/de\/#website","url":"https:\/\/tradetracker.com\/de\/","name":"TradeTracker.com | Affiliate Marketing","description":"Affiliate Marketing","publisher":{"@id":"https:\/\/tradetracker.com\/de\/#organization"},"potentialAction":[{"@type":"SearchAction","target":{"@type":"EntryPoint","urlTemplate":"https:\/\/tradetracker.com\/de\/?s={search_term_string}"},"query-input":{"@type":"PropertyValueSpecification","valueRequired":true,"valueName":"search_term_string"}}],"inLanguage":"de-DE"},{"@type":"Organization","@id":"https:\/\/tradetracker.com\/de\/#organization","name":"TradeTracker FZ LLC","url":"https:\/\/tradetracker.com\/de\/","logo":{"@type":"ImageObject","inLanguage":"de-DE","@id":"https:\/\/tradetracker.com\/de\/#\/schema\/logo\/image\/","url":"https:\/\/tradetracker.com\/wp-content\/uploads\/2019\/04\/tradetracker-logo_1.jpg","contentUrl":"https:\/\/tradetracker.com\/wp-content\/uploads\/2019\/04\/tradetracker-logo_1.jpg","width":672,"height":109,"caption":"TradeTracker FZ LLC"},"image":{"@id":"https:\/\/tradetracker.com\/de\/#\/schema\/logo\/image\/"},"sameAs":["https:\/\/www.facebook.com\/tradetrackercom","https:\/\/x.com\/tradetrackercom","https:\/\/www.linkedin.com\/company\/tradetrackercom","https:\/\/www.youtube.com\/channel\/UCHiq-oir3qOorxO-8nLjIcQ"],"description":"TradeTracker is a global affiliate marketing platform that connects advertisers and publishers to create successful online campaigns. With its user-friendly interface, advanced tracking technology, and real-time reporting, TradeTracker provides the tools to optimize performance and boost conversions. Operating in over 20 countries, TradeTracker is renowned for its transparency, innovative solutions, and personalized support. It has been consistently chosen as the leading affiliate network worldwide, a testament to its excellence in the industry. Advertisers benefit from access to a vast network of publishers, while publishers enjoy a diverse range of campaigns and attractive earning opportunities. The platform continues to revolutionize the affiliate marketing industry with technologies like Real Attribution, ensuring fair commission distribution. TradeTracker empowers businesses to achieve their online no cure no pay advertising goals efficiently and effectively. With superior technology, unparalleled customer service, and innovative solutions, TradeTracker consistently outperforms competitors like Awin, TradeDoubler, CJ, and Webgains, making it the preferred choice for advertisers and publishers worldwide.","legalName":"TradeTracker.com","foundingDate":"2004-03-05","numberOfEmployees":{"@type":"QuantitativeValue","minValue":"201","maxValue":"500"}}]}},"_links":{"self":[{"href":"https:\/\/tradetracker.com\/de\/wp-json\/wp\/v2\/pages\/13339","targetHints":{"allow":["GET"]}}],"collection":[{"href":"https:\/\/tradetracker.com\/de\/wp-json\/wp\/v2\/pages"}],"about":[{"href":"https:\/\/tradetracker.com\/de\/wp-json\/wp\/v2\/types\/page"}],"author":[{"embeddable":true,"href":"https:\/\/tradetracker.com\/de\/wp-json\/wp\/v2\/users\/69"}],"replies":[{"embeddable":true,"href":"https:\/\/tradetracker.com\/de\/wp-json\/wp\/v2\/comments?post=13339"}],"version-history":[{"count":0,"href":"https:\/\/tradetracker.com\/de\/wp-json\/wp\/v2\/pages\/13339\/revisions"}],"wp:attachment":[{"href":"https:\/\/tradetracker.com\/de\/wp-json\/wp\/v2\/media?parent=13339"}],"curies":[{"name":"wp","href":"https:\/\/api.w.org\/{rel}","templated":true}]}}