{"id":13549,"date":"2016-12-19T13:34:20","date_gmt":"2016-12-19T13:34:20","guid":{"rendered":"https:\/\/tradetracker.com\/de\/privacy-policy\/"},"modified":"2020-12-31T16:32:03","modified_gmt":"2020-12-31T16:32:03","slug":"privacy-policy","status":"publish","type":"page","link":"https:\/\/tradetracker.com\/de\/privacy-policy\/","title":{"rendered":"Privacy Policy"},"content":{"rendered":"<div class=\"wpb-content-wrapper\"><p>[vc_row classes=&#8221;static-page-intro short privacy-page&#8221;][vc_column]<div class=\"row\"><div class=\"vc_col-sm-12\"><div class=\" static-page-intro-text \"><h1  style=\"color: #ffffff\" class=\"\">DATENSCHUTZ-BESTIMMUNGEN<\/h1><\/div>\r\n        <\/div>\r\n    <\/div>[\/vc_column][\/vc_row][vc_row][vc_column]<div class=\"space\"><\/div>[vc_wp_text]Bei TradeTracker ist uns Ihre Privatsph\u00e4re wichtig. Zum besseren Schutz Ihrer Privatsph\u00e4re erkl\u00e4ren wir unsere Informationspraktiken und die Wahl, die Sie \u00fcber die Art und Weise treffen k\u00f6nnen, wie Ihre pers\u00f6nlichen Daten gesammelt, verwendet und offengelegt werden. Um diese Aussage leicht zu finden, haben wir sie auf unserer Homepage und an jeder Stelle, an der ihre pers\u00f6nlichen Informationen angefordert werden k\u00f6nnen, zur Verf\u00fcgung gestellt.<\/p>\n<h3>Von uns gesammelte Informationen<\/h3>\n<p>TradeTracker sammelt viele Arten von Informationen, um effektiv arbeiten und Ihnen die besten Produkte, Dienstleistungen und Erfahrungen bieten zu k\u00f6nnen. Wir sammeln Informationen, wenn Sie sich registrieren, sich anmelden und unsere Websites und Dienste nutzen. Wir k\u00f6nnen auch in einigen F\u00e4llen Informationen von anderen Unternehmen erwerben. Wir sammeln diese Informationen auf vielf\u00e4ltige Weise, unter anderem durch Web-Formulare, Technologien wie <a href=\"\/de\/privacy-policy\/how-we-use-cookies\/\" target=\"_blank\" rel=\"noopener noreferrer\">cookies<\/a>, Web-Protokollierung und Software auf Ihrem Computer oder einem anderen Ger\u00e4t.\u00a0Diese Informationen werden nur mit Ihrer Einwilligung oder auf einer vertretbaren rechtlichen Grundlage erhoben. Wir mussten einerseits die Anforderungen unseres Unternehmens ber\u00fccksichtigen, und andererseits Ihr Recht auf Privatsph\u00e4re bestm\u00f6glich sch\u00fctzen. Da die Datenerhebung in der Regel mit Hilfe von Cookies erfolgt, finden Sie auf unserer Cookie-Statement-Seite n\u00e4here Informationen dar\u00fcber, welche personenbezogenen Daten wir verarbeiten.<\/p>\n<h3>Wie wir Ihre pers\u00f6nlichen Informationen verwenden<\/h3>\n<p>TradeTracker nutzt die gesammelten Informationen, um die von uns angebotenen Produkte und Services zu betreiben, zu verbessern und zu personalisieren. Wir k\u00f6nnen die Informationen auch nutzen, um mit Ihnen zu kommunizieren, zum Beispiel \u00fcber Ihr Konto und Sicherheits-Updates. Wir k\u00f6nnen die Informationen auch verwenden, um die Anzeigen, die Sie auf unseren werbefinanzierten Diensten sehen, relevanter zu machen.<\/p>\n<h3>Gr\u00fcnde, warum wir Ihre pers\u00f6nlichen Informationen weitergeben<\/h3>\n<p>Mit Ausnahme des in dieser Datenschutzerkl\u00e4rung Beschriebenen werden wir ohne Ihre Zustimmung keine pers\u00f6nlichen Daten an Dritte weitergeben, es sei denn, wir sind gesetzlich dazu verpflichtet. Ihre Daten k\u00f6nnen an Dritte weitergegeben werden, die wir beauftragt haben, um unsere Dienstleistungen zu erm\u00f6glichen, wie z.B. Software- oder IT-Lieferanten. Dar\u00fcber hinaus werden Ihre Daten auch zwischen den verschiedenen an der Online-Werbung beteiligten Parteien ausgetauscht und die Werbewirksamkeit gemessen. Dies sind die Betreiber der Anzeigen und der Websites, die die Werbeanzeigen anzeigen. Diese stellen uns Ihre pers\u00f6nlichen Daten zur Verf\u00fcgung, woraufhin wir die Informationen \u00fcber die Verarbeitung dieser Daten austauschen.<\/p>\n<h3>Zugriff auf Ihre pers\u00f6nlichen Informationen<\/h3>\n<p>Einige TradeTracker-Services geben Ihnen die M\u00f6glichkeit, Ihre pers\u00f6nlichen Daten anzuschauen oder online zu bearbeiten. Um zu verhindern, dass Andere Ihre pers\u00f6nlichen Informationen sehen, m\u00fcssen Sie sich zuerst anmelden. Wie Sie auf Ihre pers\u00f6nlichen Daten zugreifen, h\u00e4ngt davon ab, welche Seiten oder Dienste Sie verwendet haben.<\/p>\n<h3>Kommunikationseinstellungen<\/h3>\n<p>Sie k\u00f6nnen die \u00dcbertragung zuk\u00fcnftiger Werbe-E-Mails von TradeTracker-Websites und -Diensten unterbinden, indem Sie die spezifischen Anweisungen in der erhaltenen E-Mail befolgen. Abh\u00e4ngig vom jeweiligen Service haben Sie auch die M\u00f6glichkeit, proaktiv \u00fcber den Erhalt von Werbe-E-Mails, Telefonaten und Post f\u00fcr bestimmte TradeTracke- Websites oder -Dienste zu entscheiden.<\/p>\n<h3>TradeTracker Account<\/h3>\n<p>Ein TradeTracker-Account erm\u00f6glicht es Ihnen, sich f\u00fcr TradeTracker-Produkte, -Websites und -Dienste anzumelden. Wenn Sie ein TradeTracker-Konto erstellen, bitten wir Sie um bestimmte Informationen. Wenn Sie sich mit Ihrem TradeTracker Account in einer Website oder einem Dienst anmelden, erfassen wir bestimmte Informationen, um Ihre Identit\u00e4t im Namen der Website oder einer Dienstleistung zu \u00fcberpr\u00fcfen, um Sie vor b\u00f6sartiger Kontonutzung zu sch\u00fctzen und um die Effizienz und Sicherheit des TradeTracker-Kontos zu wahren. Wir senden auch bestimmte, nicht personenbezogene Daten an Webseiten oder Dienste, f\u00fcr die Sie sich mit Ihrem TradeTracker-Konto angemeldet haben.<\/p>\n<p><strong>Versicherung<\/strong><\/p>\n<p>Ihre pers\u00f6nlichen Daten werden niemals l\u00e4nger gespeichert, als es f\u00fcr die in dieser Datenschutzerkl\u00e4rung oder auf der Website beschriebenen Zwecke erforderlich ist, es sei denn, wir sind gesetzlich dazu verpflichtet.<\/p>\n<p><strong>Sicherheit<\/strong><\/p>\n<p>Wir nehmen den Schutz Ihrer Daten sehr ernst und ergreifen stets geeignete Ma\u00dfnahmen, um Missbrauch zu verhindern. Wenn Sie Grund zu der Annahme haben, dass Ihre Daten nicht ordnungsgem\u00e4\u00df gesichert sind oder es Anzeichen von Missbrauch gibt, kontaktieren Sie uns bitte umgehend.<\/p>\n<p><strong>Ihre Rechte<\/strong><\/p>\n<p>Sie haben das Recht, Ihre pers\u00f6nlichen Daten einzusehen, zu korrigieren, zu l\u00f6schen, zu verschieben oder einzuschr\u00e4nken. Sie haben auch das Recht, Ihre Einwilligung zur Verarbeitung Ihrer personenbezogenen Daten zu widerrufen oder der Verarbeitung zu widersprechen. Sie k\u00f6nnen solche Anfragen an die untenstehenden Kontaktdaten senden. Wir werden Ihre Anfrage so schnell wie m\u00f6glich beantworten. Stellen Sie sicher, dass Sie deutlich angeben, wer Sie sind, damit wir sicher sein k\u00f6nnen, dass wir keine Daten von der falschen Person \u00e4ndern oder l\u00f6schen.<\/p>\n<p><strong>Beh\u00f6rde f\u00fcr personenbezogene Daten<\/strong><\/p>\n<p>Wir m\u00f6chten Sie auch darauf hinweisen, dass Sie, wenn Sie dies w\u00fcnschen, eine Beschwerde bei der Bundesbeauftragten f\u00fcr den Datenschutz und die Informationsfreiheit einreichen k\u00f6nnen.<\/p>\n<p><strong>\u00c4nderungen dieser Datenschutzerkl\u00e4rung<\/strong><\/p>\n<p>Diese Datenschutzerkl\u00e4rung kann sich \u00e4ndern. Es ist ratsam, diese Erkl\u00e4rung regelm\u00e4\u00dfig zu pr\u00fcfen, damit Sie \u00fcber diese \u00c4nderungen informiert sind.<\/p>\n<p>Eine ausf\u00fchrliche Beschreibung finden Sie in unserer internationalen <a href=\"https:\/\/tradetracker.com\/privacy-policy\/\">Datenschutzerkl\u00e4rung<\/a>.[\/vc_wp_text][\/vc_column][\/vc_row][vc_row][vc_column]<div class=\"space\"><\/div>[\/vc_column][\/vc_row]<\/p>\n<\/div>","protected":false},"excerpt":{"rendered":"<p>[vc_row classes=&#8221;static-page-intro short privacy-page&#8221;][vc_column][\/vc_column][\/vc_row][vc_row][vc_column][vc_wp_text]Bei TradeTracker ist uns Ihre Privatsph\u00e4re wichtig. Zum besseren Schutz Ihrer Privatsph\u00e4re erkl\u00e4ren wir unsere Informationspraktiken und die Wahl, die Sie \u00fcber die Art und Weise treffen k\u00f6nnen, wie Ihre pers\u00f6nlichen Daten gesammelt, verwendet und offengelegt werden. Um diese Aussage leicht zu finden, haben wir sie auf unserer Homepage und an jeder  [&#8230;]<\/p>\n","protected":false},"author":69,"featured_media":0,"parent":0,"menu_order":0,"comment_status":"closed","ping_status":"closed","template":"template-privacy-page.php","meta":{"inline_featured_image":false,"_monsterinsights_skip_tracking":false,"_monsterinsights_sitenote_active":false,"_monsterinsights_sitenote_note":"","_monsterinsights_sitenote_category":0,"footnotes":""},"class_list":["post-13549","page","type-page","status-publish","hentry"],"yoast_head":"<!-- This site is optimized with the Yoast SEO Premium plugin v27.0 (Yoast SEO v27.0) - https:\/\/yoast.com\/product\/yoast-seo-premium-wordpress\/ -->\n<title>Privacy Policy - TradeTracker.com | Affiliate Marketing | Performance Marketing<\/title>\n<meta name=\"description\" content=\"[vc_row classes=&quot;static-page-intro short privacy-page&quot;][vc_column]DATENSCHUTZ-BESTIMMUNGEN [\/vc_column][\/vc_row][vc_row][vc_column][vc_wp_text]Bei TradeTracker ist uns Ihre Privatsph\u00e4re wichtig. Zum besseren Schutz\" \/>\n<meta name=\"robots\" content=\"index, follow, max-snippet:-1, max-image-preview:large, max-video-preview:-1\" \/>\n<link rel=\"canonical\" href=\"https:\/\/tradetracker.com\/de\/wp-json\/wp\/v2\/pages\/13549\/\" \/>\n<meta property=\"og:locale\" content=\"de_DE\" \/>\n<meta property=\"og:type\" content=\"article\" \/>\n<meta property=\"og:title\" content=\"Privacy Policy TradeTracker.com\" \/>\n<meta property=\"og:description\" content=\"[vc_row classes=&#8221;static-page-intro short\" \/>\n<meta property=\"og:url\" content=\"https:\/\/tradetracker.com\/de\/privacy-policy\/\" \/>\n<meta property=\"og:site_name\" content=\"TradeTracker.com | Affiliate Marketing | Performance Marketing\" \/>\n<meta property=\"article:publisher\" content=\"https:\/\/www.facebook.com\/tradetrackercom\" \/>\n<meta property=\"article:modified_time\" content=\"2020-12-31T16:32:03+00:00\" \/>\n<meta property=\"og:image\" content=\"https:\/\/tradetracker.com\/wp-content\/uploads\/2019\/12\/tradetracker-logo-square.png\" \/>\n\t<meta property=\"og:image:width\" content=\"250\" \/>\n\t<meta property=\"og:image:height\" content=\"250\" \/>\n\t<meta property=\"og:image:type\" content=\"image\/png\" \/>\n<meta name=\"twitter:card\" content=\"summary_large_image\" \/>\n<meta name=\"twitter:title\" content=\"Privacy Policy\" \/>\n<meta name=\"twitter:description\" content=\"[vc_row classes=&quot;static-page-intro short privacy-page&quot;][vc_column]DATENSCHUTZ-BESTIMMUNGEN \" \/>\n<meta name=\"twitter:image\" content=\"https:\/\/tradetracker.com\/assets\/tt-circles.png\" \/>\n<meta name=\"twitter:site\" content=\"@tradetrackercom\" \/>\n<meta name=\"twitter:label1\" content=\"Est. reading time\" \/>\n\t<meta name=\"twitter:data1\" content=\"4 minutes\" \/>\n<script type=\"application\/ld+json\" class=\"yoast-schema-graph\">{\"@context\":\"https:\/\/schema.org\",\"@graph\":[{\"@type\":\"WebPage\",\"@id\":\"https:\/\/tradetracker.com\/de\/privacy-policy\/\",\"url\":\"https:\/\/tradetracker.com\/de\/privacy-policy\/\",\"name\":\"Privacy Policy - TradeTracker.com | Affiliate Marketing | Performance Marketing\",\"isPartOf\":{\"@id\":\"https:\/\/tradetracker.com\/de\/#website\"},\"datePublished\":\"2016-12-19T13:34:20+00:00\",\"dateModified\":\"2020-12-31T16:32:03+00:00\",\"breadcrumb\":{\"@id\":\"https:\/\/tradetracker.com\/de\/privacy-policy\/#breadcrumb\"},\"inLanguage\":\"de-DE\",\"potentialAction\":[{\"@type\":\"ReadAction\",\"target\":[\"https:\/\/tradetracker.com\/de\/privacy-policy\/\"]}]},{\"@type\":\"BreadcrumbList\",\"@id\":\"https:\/\/tradetracker.com\/de\/privacy-policy\/#breadcrumb\",\"itemListElement\":[{\"@type\":\"ListItem\",\"position\":1,\"name\":\"Home\",\"item\":\"https:\/\/tradetracker.com\/de\/\"},{\"@type\":\"ListItem\",\"position\":2,\"name\":\"Privacy Policy\"}]},{\"@type\":\"WebSite\",\"@id\":\"https:\/\/tradetracker.com\/de\/#website\",\"url\":\"https:\/\/tradetracker.com\/de\/\",\"name\":\"TradeTracker.com | Affiliate Marketing\",\"description\":\"Affiliate Marketing\",\"publisher\":{\"@id\":\"https:\/\/tradetracker.com\/de\/#organization\"},\"potentialAction\":[{\"@type\":\"SearchAction\",\"target\":{\"@type\":\"EntryPoint\",\"urlTemplate\":\"https:\/\/tradetracker.com\/de\/?s={search_term_string}\"},\"query-input\":{\"@type\":\"PropertyValueSpecification\",\"valueRequired\":true,\"valueName\":\"search_term_string\"}}],\"inLanguage\":\"de-DE\"},{\"@type\":\"Organization\",\"@id\":\"https:\/\/tradetracker.com\/de\/#organization\",\"name\":\"TradeTracker FZ LLC\",\"url\":\"https:\/\/tradetracker.com\/de\/\",\"logo\":{\"@type\":\"ImageObject\",\"inLanguage\":\"de-DE\",\"@id\":\"https:\/\/tradetracker.com\/de\/#\/schema\/logo\/image\/\",\"url\":\"https:\/\/tradetracker.com\/wp-content\/uploads\/2019\/04\/tradetracker-logo_1.jpg\",\"contentUrl\":\"https:\/\/tradetracker.com\/wp-content\/uploads\/2019\/04\/tradetracker-logo_1.jpg\",\"width\":672,\"height\":109,\"caption\":\"TradeTracker FZ LLC\"},\"image\":{\"@id\":\"https:\/\/tradetracker.com\/de\/#\/schema\/logo\/image\/\"},\"sameAs\":[\"https:\/\/www.facebook.com\/tradetrackercom\",\"https:\/\/x.com\/tradetrackercom\",\"https:\/\/www.linkedin.com\/company\/tradetrackercom\",\"https:\/\/www.youtube.com\/channel\/UCHiq-oir3qOorxO-8nLjIcQ\"],\"description\":\"TradeTracker is a global affiliate marketing platform that connects advertisers and publishers to create successful online campaigns. With its user-friendly interface, advanced tracking technology, and real-time reporting, TradeTracker provides the tools to optimize performance and boost conversions. Operating in over 20 countries, TradeTracker is renowned for its transparency, innovative solutions, and personalized support. It has been consistently chosen as the leading affiliate network worldwide, a testament to its excellence in the industry. Advertisers benefit from access to a vast network of publishers, while publishers enjoy a diverse range of campaigns and attractive earning opportunities. The platform continues to revolutionize the affiliate marketing industry with technologies like Real Attribution, ensuring fair commission distribution. TradeTracker empowers businesses to achieve their online no cure no pay advertising goals efficiently and effectively. With superior technology, unparalleled customer service, and innovative solutions, TradeTracker consistently outperforms competitors like Awin, TradeDoubler, CJ, and Webgains, making it the preferred choice for advertisers and publishers worldwide.\",\"legalName\":\"TradeTracker.com\",\"foundingDate\":\"2004-03-05\",\"numberOfEmployees\":{\"@type\":\"QuantitativeValue\",\"minValue\":\"201\",\"maxValue\":\"500\"}}]}<\/script>\n<!-- \/ Yoast SEO Premium plugin. -->","yoast_head_json":{"title":"Privacy Policy - TradeTracker.com | Affiliate Marketing | Performance Marketing","description":"[vc_row classes=\"static-page-intro short privacy-page\"][vc_column]DATENSCHUTZ-BESTIMMUNGEN [\/vc_column][\/vc_row][vc_row][vc_column][vc_wp_text]Bei TradeTracker ist uns Ihre Privatsph\u00e4re wichtig. Zum besseren Schutz","robots":{"index":"index","follow":"follow","max-snippet":"max-snippet:-1","max-image-preview":"max-image-preview:large","max-video-preview":"max-video-preview:-1"},"canonical":"https:\/\/tradetracker.com\/de\/wp-json\/wp\/v2\/pages\/13549\/","og_locale":"de_DE","og_type":"article","og_title":"Privacy Policy TradeTracker.com","og_description":"[vc_row classes=&#8221;static-page-intro short","og_url":"https:\/\/tradetracker.com\/de\/privacy-policy\/","og_site_name":"TradeTracker.com | Affiliate Marketing | Performance Marketing","article_publisher":"https:\/\/www.facebook.com\/tradetrackercom","article_modified_time":"2020-12-31T16:32:03+00:00","og_image":[{"width":250,"height":250,"url":"https:\/\/tradetracker.com\/wp-content\/uploads\/2019\/12\/tradetracker-logo-square.png","type":"image\/png"}],"twitter_card":"summary_large_image","twitter_title":"Privacy Policy","twitter_description":"[vc_row classes=\"static-page-intro short privacy-page\"][vc_column]DATENSCHUTZ-BESTIMMUNGEN ","twitter_image":"https:\/\/tradetracker.com\/assets\/tt-circles.png","twitter_site":"@tradetrackercom","twitter_misc":{"Est. reading time":"4 minutes"},"schema":{"@context":"https:\/\/schema.org","@graph":[{"@type":"WebPage","@id":"https:\/\/tradetracker.com\/de\/privacy-policy\/","url":"https:\/\/tradetracker.com\/de\/privacy-policy\/","name":"Privacy Policy - TradeTracker.com | Affiliate Marketing | Performance Marketing","isPartOf":{"@id":"https:\/\/tradetracker.com\/de\/#website"},"datePublished":"2016-12-19T13:34:20+00:00","dateModified":"2020-12-31T16:32:03+00:00","breadcrumb":{"@id":"https:\/\/tradetracker.com\/de\/privacy-policy\/#breadcrumb"},"inLanguage":"de-DE","potentialAction":[{"@type":"ReadAction","target":["https:\/\/tradetracker.com\/de\/privacy-policy\/"]}]},{"@type":"BreadcrumbList","@id":"https:\/\/tradetracker.com\/de\/privacy-policy\/#breadcrumb","itemListElement":[{"@type":"ListItem","position":1,"name":"Home","item":"https:\/\/tradetracker.com\/de\/"},{"@type":"ListItem","position":2,"name":"Privacy Policy"}]},{"@type":"WebSite","@id":"https:\/\/tradetracker.com\/de\/#website","url":"https:\/\/tradetracker.com\/de\/","name":"TradeTracker.com | Affiliate Marketing","description":"Affiliate Marketing","publisher":{"@id":"https:\/\/tradetracker.com\/de\/#organization"},"potentialAction":[{"@type":"SearchAction","target":{"@type":"EntryPoint","urlTemplate":"https:\/\/tradetracker.com\/de\/?s={search_term_string}"},"query-input":{"@type":"PropertyValueSpecification","valueRequired":true,"valueName":"search_term_string"}}],"inLanguage":"de-DE"},{"@type":"Organization","@id":"https:\/\/tradetracker.com\/de\/#organization","name":"TradeTracker FZ LLC","url":"https:\/\/tradetracker.com\/de\/","logo":{"@type":"ImageObject","inLanguage":"de-DE","@id":"https:\/\/tradetracker.com\/de\/#\/schema\/logo\/image\/","url":"https:\/\/tradetracker.com\/wp-content\/uploads\/2019\/04\/tradetracker-logo_1.jpg","contentUrl":"https:\/\/tradetracker.com\/wp-content\/uploads\/2019\/04\/tradetracker-logo_1.jpg","width":672,"height":109,"caption":"TradeTracker FZ LLC"},"image":{"@id":"https:\/\/tradetracker.com\/de\/#\/schema\/logo\/image\/"},"sameAs":["https:\/\/www.facebook.com\/tradetrackercom","https:\/\/x.com\/tradetrackercom","https:\/\/www.linkedin.com\/company\/tradetrackercom","https:\/\/www.youtube.com\/channel\/UCHiq-oir3qOorxO-8nLjIcQ"],"description":"TradeTracker is a global affiliate marketing platform that connects advertisers and publishers to create successful online campaigns. With its user-friendly interface, advanced tracking technology, and real-time reporting, TradeTracker provides the tools to optimize performance and boost conversions. Operating in over 20 countries, TradeTracker is renowned for its transparency, innovative solutions, and personalized support. It has been consistently chosen as the leading affiliate network worldwide, a testament to its excellence in the industry. Advertisers benefit from access to a vast network of publishers, while publishers enjoy a diverse range of campaigns and attractive earning opportunities. The platform continues to revolutionize the affiliate marketing industry with technologies like Real Attribution, ensuring fair commission distribution. TradeTracker empowers businesses to achieve their online no cure no pay advertising goals efficiently and effectively. With superior technology, unparalleled customer service, and innovative solutions, TradeTracker consistently outperforms competitors like Awin, TradeDoubler, CJ, and Webgains, making it the preferred choice for advertisers and publishers worldwide.","legalName":"TradeTracker.com","foundingDate":"2004-03-05","numberOfEmployees":{"@type":"QuantitativeValue","minValue":"201","maxValue":"500"}}]}},"_links":{"self":[{"href":"https:\/\/tradetracker.com\/de\/wp-json\/wp\/v2\/pages\/13549","targetHints":{"allow":["GET"]}}],"collection":[{"href":"https:\/\/tradetracker.com\/de\/wp-json\/wp\/v2\/pages"}],"about":[{"href":"https:\/\/tradetracker.com\/de\/wp-json\/wp\/v2\/types\/page"}],"author":[{"embeddable":true,"href":"https:\/\/tradetracker.com\/de\/wp-json\/wp\/v2\/users\/69"}],"replies":[{"embeddable":true,"href":"https:\/\/tradetracker.com\/de\/wp-json\/wp\/v2\/comments?post=13549"}],"version-history":[{"count":0,"href":"https:\/\/tradetracker.com\/de\/wp-json\/wp\/v2\/pages\/13549\/revisions"}],"wp:attachment":[{"href":"https:\/\/tradetracker.com\/de\/wp-json\/wp\/v2\/media?parent=13549"}],"curies":[{"name":"wp","href":"https:\/\/api.w.org\/{rel}","templated":true}]}}