{"id":13360,"date":"2016-12-25T08:43:32","date_gmt":"2016-12-25T08:43:32","guid":{"rendered":"https:\/\/tradetracker.com\/dk\/advertiser-qualifications\/"},"modified":"2025-01-17T12:50:00","modified_gmt":"2025-01-17T12:50:00","slug":"advertiser-qualifications","status":"publish","type":"page","link":"https:\/\/tradetracker.com\/dk\/advertiser-qualifications\/","title":{"rendered":"Advertiser Qualifications"},"content":{"rendered":"<div class=\"wpb-content-wrapper\"><p>[vc_row classes=&#8221;static-page-intro adv-requirements&#8221;][vc_column]<div class=\"row\"><div class=\"vc_col-sm-12\"><div class=\" static-page-intro-text \"><h1  style=\"color: #ffffff\" class=\"\">ANNONC\u00d8R \u2013 KVALIFIKATIONER<\/h1><h2  style=\"color: #ffffff\" class=\"\">At udvide TradeTracker portef\u00f8ljen af kampagner kr\u00e6ver dedikation. For at kunne bibeholde vores netv\u00e6rks spredning, integritet og faktiske position, er der nogle f\u00e5 kvalifikationer, vi anbefaler, at vores nye klienter besidder.<\/h2><\/div>\r\n        <\/div>\r\n    <\/div>[\/vc_column][\/vc_row][vc_row][vc_column]<div class=\"space\"><\/div>[vc_row_inner][vc_column_inner][vc_wp_text title=&#8221;Velkendt brand eller opstart?&#8221;]Der er \u00e9n ting, som alle TradeTracker kampagnerne har til f\u00e6lles \u2013 det er attraktivt for publishers at fremme dem. Meget ligesom at k\u00f8re din forretning; du er i en konkurrenceverden, og du er n\u00f8dt til at skille dig ud.[\/vc_wp_text]<div class=\"space\"><\/div>[\/vc_column_inner][\/vc_row_inner][vc_row_inner][vc_column_inner width=&#8221;9\/12&#8243;][vc_wp_text title=&#8221;Ledelse&#8221;]TradeTrackers platform er superintuitiv for n\u00e6sten alle at styre, men som med alt andet i livet, kr\u00e6ver det engagement at g\u00f8re den vellykket. Vi kan levere r\u00e5dgivning og endda et fuldt program af ledelsesservice, s\u00e5 du kan f\u00e5 dine behov opfyldt. Som alternativ til at f\u00e5 TradeTracker til at opbygge og styre din kampagne, har vi st\u00e6rke forbindelser med markedsf\u00f8rende agenturer, og vil gerne s\u00e6tte dig i forbindelse med dem. Din beslutning om at outsource kampagneledelse b\u00f8r baseres p\u00e5 f\u00f8lgende:<\/p>\n<ul class=\"checklist\">\n<li>\u00d8nsker du at (eller har du ressourcerne til at) investere i et specialiseret affiliate marketingteam?<\/li>\n<li>Er du i stand til kontinuerligt at forbedre din kundes k\u00f8bsproces?<\/li>\n<li>Kan du skabe de rette creatives til at passe til dine affiliates behov?<\/li>\n<li>Kan du implementere tekniske krav?<\/li>\n<li>Kan dit nuv\u00e6rende agentur im\u00f8dekomme dine internationale behov?<\/li>\n<\/ul>\n<p>[\/vc_wp_text][\/vc_column_inner][\/vc_row_inner][\/vc_column][\/vc_row][vc_row classes=&#8221;sec-diff bg-pattern&#8221;][vc_column width=&#8221;9\/12&#8243;][vc_wp_text title=&#8221;Opbygning af forbindelser&#8221;]N\u00e5r du slipper det potentiale l\u00f8s, som affiliate marketing kan tilbyde, skal du bruge affiliates, og i en ideel verden har de brug for dig. Sandheden er imidlertid, at de har brug for dig, mens du er konkurrencedygtig, da det giver dem det h\u00f8jeste afkast. Se dine affiliates som en forl\u00e6ngelse af din salgsstyrke \u2013 det betyder, at de oplever din organisations kultur. Du skal ikke bare v\u00e6re god ved dem, du skal v\u00e6re fantastisk:<\/p>\n<ul class=\"checklist\">\n<li>V\u00e6r en proaktiv kommunikator, \u00e5ben og transparent. Del de m\u00e5l, de skal n\u00e5, med dem.<\/li>\n<li>Skab incitamenter, pools og konkurrence. S\u00e6t m\u00e5l for bonusser eller opbyg flere lag.<\/li>\n<li>V\u00e6r \u00e5ben over for ideer, brug m\u00e6ngdens visdom \u2013 dine affiliates.<\/li>\n<li>Minim\u00e9r dine affiliates\u2019 risiko. Opbyg hybridmodeller ved at tilf\u00f8je en CPM eller CPC.<\/li>\n<\/ul>\n<p>[\/vc_wp_text][\/vc_column][\/vc_row][vc_row classes=&#8221;bg-pattern&#8221;][vc_column width=&#8221;9\/12&#8243;]<div class=\"space\"><\/div>[vc_wp_text title=&#8221;Defin\u00e9r m\u00e5lene&#8221;]Opbygning af en attraktiv og stabil kampagne har r\u00f8dder i en kombination af vigtige faktorer, hvoraf en n\u00f8glekomponent er afkast. Husk, med CPA-kampagner risikerer publisheren det hele \u2013 de har ingen kontrol over den bes\u00f8gende, n\u00e5r f\u00f8rst de er kommet til dit dom\u00e6ne, men de skal ogs\u00e5 fastl\u00e6gge ROI, f\u00f8r de pr\u00f8ver din. Definer dine m\u00e5l og lad det blive afspejlet i kampagnepolitikken:<\/p>\n<ul class=\"checklist\">\n<li>Definer din kommissionsmodel: Vil du have konverteringer, branding eller begge dele?<\/li>\n<li>Vil du tillade alle reklamemetoder, eller kun tillade visse webstedstyper?<\/li>\n<li>Start konverteringen og styr forventningerne. Hvad vil du?<\/li>\n<li>Godkend transaktioner hurtigt. Publisheren investerer i dig, s\u00e5 geng\u00e6ld det.<\/li>\n<li>Betal til tiden og brug forudbetaling! Det er en ond cirkel.<\/li>\n<\/ul>\n<p>[\/vc_wp_text]<div class=\"space\"><\/div>[\/vc_column][\/vc_row][vc_row classes=&#8221;cta ctamerch&#8221; el_id=&#8221;ctaaam&#8221;][vc_column]<div class=\"row\"><div class=\"vc_col-sm-12\"><h2 class=\"get_started\" style=\"color:#ffffff\">Lever du op til kravene?<\/h2><p style=\"color:#ffffff\">Vi er et team af resultatdrevne affiliate-junkier, der har en passion for performance og er altid p\u00e5 udkig efter at g\u00f8re reklameverdenen til et bedre sted. R\u00e6k ud og l\u00e6r, hvordan vi kan accelerere din online forretning.<\/p>        <ul class=\"cta-items\">\r\n                        <li>\r\n                <a                    class=\"cta-advertiser-signup\"                                      href=\"https:\/\/tradetracker.com\/dk\/contact-us\/\"                                   >\r\n                    Anmod om demo                <\/a>\r\n            <\/li>\r\n                        \r\n                        <li>\r\n                <a                    class=\"cta-advertiser-signup\"                                      href=\"https:\/\/merchant.tradetracker.com\/portal\/advertiserBrochure?loc=da_DK\"                                   >\r\n                    Anmod om annonc\u00f8r-brochure                <\/a>\r\n            <\/li>\r\n                    <\/ul>\r\n        <\/div><\/div>[\/vc_column][\/vc_row]<\/p>\n<\/div>","protected":false},"excerpt":{"rendered":"<p>[vc_row classes=&#8221;static-page-intro adv-requirements&#8221;][vc_column][\/vc_column][\/vc_row][vc_row][vc_column][vc_row_inner][vc_column_inner][vc_wp_text title=&#8221;Velkendt brand eller opstart?&#8221;]Der er \u00e9n ting, som alle TradeTracker kampagnerne har til f\u00e6lles \u2013 det er attraktivt for publishers at fremme dem. Meget ligesom at k\u00f8re din forretning; du er i en konkurrenceverden, og du er n\u00f8dt til at skille dig ud.[\/vc_wp_text][\/vc_column_inner][\/vc_row_inner][vc_row_inner][vc_column_inner width=&#8221;9\/12&#8243;][vc_wp_text title=&#8221;Ledelse&#8221;]TradeTrackers platform er superintuitiv for n\u00e6sten alle at  [&#8230;]<\/p>\n","protected":false},"author":69,"featured_media":0,"parent":0,"menu_order":0,"comment_status":"closed","ping_status":"closed","template":"template-red.php","meta":{"inline_featured_image":false,"_monsterinsights_skip_tracking":false,"_monsterinsights_sitenote_active":false,"_monsterinsights_sitenote_note":"","_monsterinsights_sitenote_category":0,"footnotes":""},"class_list":["post-13360","page","type-page","status-publish","hentry"],"yoast_head":"<!-- This site is optimized with the Yoast SEO Premium plugin v27.0 (Yoast SEO v27.0) - https:\/\/yoast.com\/product\/yoast-seo-premium-wordpress\/ -->\n<title>Advertiser Qualifications - TradeTracker.com | Affiliate Marketing | Performance Marketing<\/title>\n<meta name=\"description\" content=\"[vc_row classes=&quot;static-page-intro adv-requirements&quot;][vc_column]ANNONC\u00d8R \u2013 KVALIFIKATIONERAt udvide TradeTracker portef\u00f8ljen af kampagner kr\u00e6ver dedikation. For at kunne bibeholde vores netv\u00e6rks spredning,\" \/>\n<meta name=\"robots\" content=\"index, follow, max-snippet:-1, max-image-preview:large, max-video-preview:-1\" \/>\n<link rel=\"canonical\" href=\"https:\/\/tradetracker.com\/dk\/wp-json\/wp\/v2\/pages\/13360\/\" \/>\n<meta property=\"og:locale\" content=\"en_US\" \/>\n<meta property=\"og:type\" content=\"article\" \/>\n<meta property=\"og:title\" content=\"Advertiser Qualifications TradeTracker.com\" \/>\n<meta property=\"og:description\" content=\"[vc_row classes=&#8221;static-page-intro\" \/>\n<meta property=\"og:url\" content=\"https:\/\/tradetracker.com\/dk\/advertiser-qualifications\/\" \/>\n<meta property=\"og:site_name\" content=\"TradeTracker.com | Affiliate Marketing | Performance Marketing\" \/>\n<meta property=\"article:publisher\" content=\"https:\/\/www.facebook.com\/tradetrackercom\" \/>\n<meta property=\"article:modified_time\" content=\"2025-01-17T12:50:00+00:00\" \/>\n<meta property=\"og:image\" content=\"https:\/\/tradetracker.com\/wp-content\/uploads\/2019\/12\/tradetracker-logo-square.png\" \/>\n\t<meta property=\"og:image:width\" content=\"250\" \/>\n\t<meta property=\"og:image:height\" content=\"250\" \/>\n\t<meta property=\"og:image:type\" content=\"image\/png\" \/>\n<meta name=\"twitter:card\" content=\"summary_large_image\" \/>\n<meta name=\"twitter:title\" content=\"Advertiser Qualifications\" \/>\n<meta name=\"twitter:description\" content=\"[vc_row classes=&quot;static-page-intro adv-requirements&quot;][vc_column]ANNONC\u00d8R \u2013 KVALIFIKATIONERAt udvide TradeTracker \" \/>\n<meta name=\"twitter:image\" content=\"https:\/\/tradetracker.com\/assets\/tt-circles.png\" \/>\n<meta name=\"twitter:site\" content=\"@tradetrackercom\" \/>\n<meta name=\"twitter:label1\" content=\"Est. reading time\" \/>\n\t<meta name=\"twitter:data1\" content=\"3 minutes\" \/>\n<script type=\"application\/ld+json\" class=\"yoast-schema-graph\">{\"@context\":\"https:\/\/schema.org\",\"@graph\":[{\"@type\":\"WebPage\",\"@id\":\"https:\/\/tradetracker.com\/dk\/advertiser-qualifications\/\",\"url\":\"https:\/\/tradetracker.com\/dk\/advertiser-qualifications\/\",\"name\":\"Advertiser Qualifications - TradeTracker.com | Affiliate Marketing | Performance Marketing\",\"isPartOf\":{\"@id\":\"https:\/\/tradetracker.com\/dk\/#website\"},\"datePublished\":\"2016-12-25T08:43:32+00:00\",\"dateModified\":\"2025-01-17T12:50:00+00:00\",\"breadcrumb\":{\"@id\":\"https:\/\/tradetracker.com\/dk\/advertiser-qualifications\/#breadcrumb\"},\"inLanguage\":\"da-DK\",\"potentialAction\":[{\"@type\":\"ReadAction\",\"target\":[\"https:\/\/tradetracker.com\/dk\/advertiser-qualifications\/\"]}]},{\"@type\":\"BreadcrumbList\",\"@id\":\"https:\/\/tradetracker.com\/dk\/advertiser-qualifications\/#breadcrumb\",\"itemListElement\":[{\"@type\":\"ListItem\",\"position\":1,\"name\":\"Home\",\"item\":\"https:\/\/tradetracker.com\/dk\/\"},{\"@type\":\"ListItem\",\"position\":2,\"name\":\"Advertiser Qualifications\"}]},{\"@type\":\"WebSite\",\"@id\":\"https:\/\/tradetracker.com\/dk\/#website\",\"url\":\"https:\/\/tradetracker.com\/dk\/\",\"name\":\"TradeTracker.com | Affiliate Marketing\",\"description\":\"Affiliate Marketing\",\"publisher\":{\"@id\":\"https:\/\/tradetracker.com\/dk\/#organization\"},\"potentialAction\":[{\"@type\":\"SearchAction\",\"target\":{\"@type\":\"EntryPoint\",\"urlTemplate\":\"https:\/\/tradetracker.com\/dk\/?s={search_term_string}\"},\"query-input\":{\"@type\":\"PropertyValueSpecification\",\"valueRequired\":true,\"valueName\":\"search_term_string\"}}],\"inLanguage\":\"da-DK\"},{\"@type\":\"Organization\",\"@id\":\"https:\/\/tradetracker.com\/dk\/#organization\",\"name\":\"TradeTracker FZ LLC\",\"url\":\"https:\/\/tradetracker.com\/dk\/\",\"logo\":{\"@type\":\"ImageObject\",\"inLanguage\":\"da-DK\",\"@id\":\"https:\/\/tradetracker.com\/dk\/#\/schema\/logo\/image\/\",\"url\":\"https:\/\/tradetracker.com\/wp-content\/uploads\/2019\/04\/tradetracker-logo_1.jpg\",\"contentUrl\":\"https:\/\/tradetracker.com\/wp-content\/uploads\/2019\/04\/tradetracker-logo_1.jpg\",\"width\":672,\"height\":109,\"caption\":\"TradeTracker FZ LLC\"},\"image\":{\"@id\":\"https:\/\/tradetracker.com\/dk\/#\/schema\/logo\/image\/\"},\"sameAs\":[\"https:\/\/www.facebook.com\/tradetrackercom\",\"https:\/\/x.com\/tradetrackercom\",\"https:\/\/www.linkedin.com\/company\/tradetrackercom\",\"https:\/\/www.youtube.com\/channel\/UCHiq-oir3qOorxO-8nLjIcQ\"],\"description\":\"TradeTracker is a global affiliate marketing platform that connects advertisers and publishers to create successful online campaigns. With its user-friendly interface, advanced tracking technology, and real-time reporting, TradeTracker provides the tools to optimize performance and boost conversions. Operating in over 20 countries, TradeTracker is renowned for its transparency, innovative solutions, and personalized support. It has been consistently chosen as the leading affiliate network worldwide, a testament to its excellence in the industry. Advertisers benefit from access to a vast network of publishers, while publishers enjoy a diverse range of campaigns and attractive earning opportunities. The platform continues to revolutionize the affiliate marketing industry with technologies like Real Attribution, ensuring fair commission distribution. TradeTracker empowers businesses to achieve their online no cure no pay advertising goals efficiently and effectively. With superior technology, unparalleled customer service, and innovative solutions, TradeTracker consistently outperforms competitors like Awin, TradeDoubler, CJ, and Webgains, making it the preferred choice for advertisers and publishers worldwide.\",\"legalName\":\"TradeTracker.com\",\"foundingDate\":\"2004-03-05\",\"numberOfEmployees\":{\"@type\":\"QuantitativeValue\",\"minValue\":\"201\",\"maxValue\":\"500\"}}]}<\/script>\n<!-- \/ Yoast SEO Premium plugin. -->","yoast_head_json":{"title":"Advertiser Qualifications - TradeTracker.com | Affiliate Marketing | Performance Marketing","description":"[vc_row classes=\"static-page-intro adv-requirements\"][vc_column]ANNONC\u00d8R \u2013 KVALIFIKATIONERAt udvide TradeTracker portef\u00f8ljen af kampagner kr\u00e6ver dedikation. For at kunne bibeholde vores netv\u00e6rks spredning,","robots":{"index":"index","follow":"follow","max-snippet":"max-snippet:-1","max-image-preview":"max-image-preview:large","max-video-preview":"max-video-preview:-1"},"canonical":"https:\/\/tradetracker.com\/dk\/wp-json\/wp\/v2\/pages\/13360\/","og_locale":"en_US","og_type":"article","og_title":"Advertiser Qualifications TradeTracker.com","og_description":"[vc_row classes=&#8221;static-page-intro","og_url":"https:\/\/tradetracker.com\/dk\/advertiser-qualifications\/","og_site_name":"TradeTracker.com | Affiliate Marketing | Performance Marketing","article_publisher":"https:\/\/www.facebook.com\/tradetrackercom","article_modified_time":"2025-01-17T12:50:00+00:00","og_image":[{"width":250,"height":250,"url":"https:\/\/tradetracker.com\/wp-content\/uploads\/2019\/12\/tradetracker-logo-square.png","type":"image\/png"}],"twitter_card":"summary_large_image","twitter_title":"Advertiser Qualifications","twitter_description":"[vc_row classes=\"static-page-intro adv-requirements\"][vc_column]ANNONC\u00d8R \u2013 KVALIFIKATIONERAt udvide TradeTracker ","twitter_image":"https:\/\/tradetracker.com\/assets\/tt-circles.png","twitter_site":"@tradetrackercom","twitter_misc":{"Est. reading time":"3 minutes"},"schema":{"@context":"https:\/\/schema.org","@graph":[{"@type":"WebPage","@id":"https:\/\/tradetracker.com\/dk\/advertiser-qualifications\/","url":"https:\/\/tradetracker.com\/dk\/advertiser-qualifications\/","name":"Advertiser Qualifications - TradeTracker.com | Affiliate Marketing | Performance Marketing","isPartOf":{"@id":"https:\/\/tradetracker.com\/dk\/#website"},"datePublished":"2016-12-25T08:43:32+00:00","dateModified":"2025-01-17T12:50:00+00:00","breadcrumb":{"@id":"https:\/\/tradetracker.com\/dk\/advertiser-qualifications\/#breadcrumb"},"inLanguage":"da-DK","potentialAction":[{"@type":"ReadAction","target":["https:\/\/tradetracker.com\/dk\/advertiser-qualifications\/"]}]},{"@type":"BreadcrumbList","@id":"https:\/\/tradetracker.com\/dk\/advertiser-qualifications\/#breadcrumb","itemListElement":[{"@type":"ListItem","position":1,"name":"Home","item":"https:\/\/tradetracker.com\/dk\/"},{"@type":"ListItem","position":2,"name":"Advertiser Qualifications"}]},{"@type":"WebSite","@id":"https:\/\/tradetracker.com\/dk\/#website","url":"https:\/\/tradetracker.com\/dk\/","name":"TradeTracker.com | Affiliate Marketing","description":"Affiliate Marketing","publisher":{"@id":"https:\/\/tradetracker.com\/dk\/#organization"},"potentialAction":[{"@type":"SearchAction","target":{"@type":"EntryPoint","urlTemplate":"https:\/\/tradetracker.com\/dk\/?s={search_term_string}"},"query-input":{"@type":"PropertyValueSpecification","valueRequired":true,"valueName":"search_term_string"}}],"inLanguage":"da-DK"},{"@type":"Organization","@id":"https:\/\/tradetracker.com\/dk\/#organization","name":"TradeTracker FZ LLC","url":"https:\/\/tradetracker.com\/dk\/","logo":{"@type":"ImageObject","inLanguage":"da-DK","@id":"https:\/\/tradetracker.com\/dk\/#\/schema\/logo\/image\/","url":"https:\/\/tradetracker.com\/wp-content\/uploads\/2019\/04\/tradetracker-logo_1.jpg","contentUrl":"https:\/\/tradetracker.com\/wp-content\/uploads\/2019\/04\/tradetracker-logo_1.jpg","width":672,"height":109,"caption":"TradeTracker FZ LLC"},"image":{"@id":"https:\/\/tradetracker.com\/dk\/#\/schema\/logo\/image\/"},"sameAs":["https:\/\/www.facebook.com\/tradetrackercom","https:\/\/x.com\/tradetrackercom","https:\/\/www.linkedin.com\/company\/tradetrackercom","https:\/\/www.youtube.com\/channel\/UCHiq-oir3qOorxO-8nLjIcQ"],"description":"TradeTracker is a global affiliate marketing platform that connects advertisers and publishers to create successful online campaigns. With its user-friendly interface, advanced tracking technology, and real-time reporting, TradeTracker provides the tools to optimize performance and boost conversions. Operating in over 20 countries, TradeTracker is renowned for its transparency, innovative solutions, and personalized support. It has been consistently chosen as the leading affiliate network worldwide, a testament to its excellence in the industry. Advertisers benefit from access to a vast network of publishers, while publishers enjoy a diverse range of campaigns and attractive earning opportunities. The platform continues to revolutionize the affiliate marketing industry with technologies like Real Attribution, ensuring fair commission distribution. TradeTracker empowers businesses to achieve their online no cure no pay advertising goals efficiently and effectively. With superior technology, unparalleled customer service, and innovative solutions, TradeTracker consistently outperforms competitors like Awin, TradeDoubler, CJ, and Webgains, making it the preferred choice for advertisers and publishers worldwide.","legalName":"TradeTracker.com","foundingDate":"2004-03-05","numberOfEmployees":{"@type":"QuantitativeValue","minValue":"201","maxValue":"500"}}]}},"_links":{"self":[{"href":"https:\/\/tradetracker.com\/dk\/wp-json\/wp\/v2\/pages\/13360","targetHints":{"allow":["GET"]}}],"collection":[{"href":"https:\/\/tradetracker.com\/dk\/wp-json\/wp\/v2\/pages"}],"about":[{"href":"https:\/\/tradetracker.com\/dk\/wp-json\/wp\/v2\/types\/page"}],"author":[{"embeddable":true,"href":"https:\/\/tradetracker.com\/dk\/wp-json\/wp\/v2\/users\/69"}],"replies":[{"embeddable":true,"href":"https:\/\/tradetracker.com\/dk\/wp-json\/wp\/v2\/comments?post=13360"}],"version-history":[{"count":1,"href":"https:\/\/tradetracker.com\/dk\/wp-json\/wp\/v2\/pages\/13360\/revisions"}],"predecessor-version":[{"id":1134677,"href":"https:\/\/tradetracker.com\/dk\/wp-json\/wp\/v2\/pages\/13360\/revisions\/1134677"}],"wp:attachment":[{"href":"https:\/\/tradetracker.com\/dk\/wp-json\/wp\/v2\/media?parent=13360"}],"curies":[{"name":"wp","href":"https:\/\/api.w.org\/{rel}","templated":true}]}}