{"id":13480,"date":"2017-02-09T13:12:46","date_gmt":"2017-02-09T13:12:46","guid":{"rendered":"https:\/\/tradetracker.com\/dk\/knowledge-centre\/for-publishers\/"},"modified":"2021-12-03T06:38:42","modified_gmt":"2021-12-03T06:38:42","slug":"for-publishers","status":"publish","type":"page","link":"https:\/\/tradetracker.com\/dk\/knowledge-centre\/for-publishers\/","title":{"rendered":"For Publishers"},"content":{"rendered":"<div class=\"wpb-content-wrapper\"><p>[vc_row el_id=&#8221;kc-top&#8221; classes=&#8221;part-fullsection section-kc-topics bg-color10 bg-pattern full-width&#8221;][vc_column]<div class=\"row\"><div class=\"vc_col-sm-12\"><div class=\" static-page-intro-text \"><h1  style=\"color: #ffffff\" class=\"\">VIDENCENTER<\/h1><h2  style=\"color: #ffffff\" class=\"\">Forst\u00e5 det grundl\u00e6ggende ved at starte en kampagne. Her finder du et informationscentrum med det m\u00e5l at tilvejebringe en kort introduktion til affiliate marketing og TradeTrackers\u2019 platform.<\/h2><\/div>\r\n        <\/div>\r\n    <\/div>[vc_wp_text]<\/p>\n<div id=\"kc-tab-wrap\">\n<ul>\n<li class=\"\"><a href=\"\/dk\/knowledge-centre\/gdpr\/#for-advertisers\/\">For annonc\u00f8rer<\/a><\/li>\n<li class=\"active\"><a href=\"\/dk\/knowledge-centre\/for-publishers\/\">For publishers<\/a><\/li>\n<li class=\"\"><a href=\"\/dk\/knowledge-centre\/glossary\/\">Ordliste<\/a><\/li>\n<li class=\"\"><a href=\"\/dk\/knowledge-centre\/gdpr\/\">GDPR<\/a><\/li>\n<\/ul>\n<\/div>\n<p>[\/vc_wp_text][\/vc_column][\/vc_row][vc_row el_id=&#8221;kc-content&#8221;][vc_column]    <div class=\"row\">\r\n        <div class=\"vc_col-sm-12\">\r\n            <div class=\"space\"><\/div>\r\n            <ul class=\"toggle\">\r\n                                            <li class=\"kc-topic active\"><a class=\"tgg-title\">\r\n                                <div class=\"feature-less-text\">Less<\/div>Hvordan f\u00e5r jeg en TradeTracker konto?<\/a>\r\n                        \r\n                        <div class=\"tgg-content\">\r\n                            <p><p>Tilmelding til en publisher-konto er gratis. N\u00e5r du er tilmeldt, vil dit websted blive vurderet af en af vores publisher managers til godkendelse; n\u00e5r du er blevet godkendt, kan du begynde at fremme dit valg af annonc\u00f8rer med det samme. Kom i gang nu og <a href=\"https:\/\/affiliate.tradetracker.com\/signup\/step1?loc=da_DK\">opret en publisher-konto<\/a>.<\/p>\n<\/p>\r\n                        <\/div>\r\n                        <\/li>\r\n                                                    <li class=\"kc-topic\"><a class=\"tgg-title\">\r\n                                <div class=\"feature-less-text\">Less<\/div>Hvordan kommer jeg i gang med at g\u00f8re mit indhold til penge?<\/a>\r\n                        \r\n                        <div class=\"tgg-content\">\r\n                            <p><p>Vores affiliate marketing platforme giver dig v\u00e6rkt\u00f8jerne til at placere indhold fra velkendte brands p\u00e5 dit website. Platformen giver dig mulighed for at overv\u00e5ge performancen og effektiviteten af de implementerede reklamematerialer i detaljer med omfattende rapportfunktioner, der giver dig mulighed for at reagere og yderligere optimere din online indsats.<\/p>\n<\/p>\r\n                        <\/div>\r\n                        <\/li>\r\n                                                    <li class=\"kc-topic\"><a class=\"tgg-title\">\r\n                                <div class=\"feature-less-text\">Less<\/div>Hvor ofte bliver jeg betalt?<\/a>\r\n                        \r\n                        <div class=\"tgg-content\">\r\n                            <p><p>Vi ved, at for at have og vedligeholde et f\u00f8rsteklasses website har man brug for \u00f8konomisk st\u00f8tte. Derfor vil TradeTracker udbetale din kommission op til 4 gange om m\u00e5neden. Det er endda muligt at ans\u00f8ge om vores Super Fast Payment l\u00f8sning, som g\u00f8r kommissioner betalbare i l\u00f8bet af timer efter godkendelse af transaktioner.<br \/>\nSom affiliate har du den fulde kontrol over dine betalinger, og du kan \u00e6ndre din udbetalingsfrekvens, n\u00e5r som helst du \u00f8nsker det.<br \/>\nM\u00e5nedligt<br \/>\nN\u00e5r du har sat dine udbetalinger til m\u00e5nedligt, generes din betalingsmeddelelse den 1. i hver  m\u00e5ned.<br \/>\nTo gange om m\u00e5neden<br \/>\nN\u00e5r du s\u00e6tter udbetaling til to gange om m\u00e5neden, vil du f\u00e5 en betalingsmeddelelse den 7. og den 21. i hver m\u00e5ned.<br \/>\nFire gange om m\u00e5neden<br \/>\nN\u00e5r du s\u00e6tter udbetaling til fire gange om m\u00e5neden, vil du f\u00e5 en betalingsmeddelelse den 7., den 14., den 21. og den 28. i hver m\u00e5ned.<br \/>\nHvis du har brug for det, kan du s\u00e6tte udbetalinger p\u00e5 pause ved at aktivere \u201cOn-hold\u201d muligheden. Du kan ogs\u00e5 \u00f8ge minimumsudbetalingsbel\u00f8bet for at drosle overf\u00f8rsler.<br \/>\nBetalinger vil ske kort efter generering af betalingsmeddelelser og kan enten bekvemt ske via PayPal eller ved bankoverf\u00f8rsel.<\/p>\n<\/p>\r\n                        <\/div>\r\n                        <\/li>\r\n                                                    <li class=\"kc-topic\"><a class=\"tgg-title\">\r\n                                <div class=\"feature-less-text\">Less<\/div>Hvad er Super Fast Payment?<\/a>\r\n                        \r\n                        <div class=\"tgg-content\">\r\n                            <p><p>Sammen med betalingsfrekvensen p\u00e5 op til fire gange om m\u00e5neden, kan du ogs\u00e5 v\u00e6re egnet til vores unikke \u201cSuper Fast Payment\u201d procedure, som g\u00f8r kommissioner betalbare i l\u00f8bet af timer efter godkendelse af transaktioner. Du kan diskutere denne funktion n\u00e6rmere med din account manager.<\/p>\n<\/p>\r\n                        <\/div>\r\n                        <\/li>\r\n                                                    <li class=\"kc-topic\"><a class=\"tgg-title\">\r\n                                <div class=\"feature-less-text\">Less<\/div>Hvordan ans\u00f8ger jeg om flere lande?<\/a>\r\n                        \r\n                        <div class=\"tgg-content\">\r\n                            <p><p>Hvis du er interesseret i at k\u00f8re annonc\u00f8rer p\u00e5 dit websted fra flere lande, kan du tilf\u00f8je dit websted til et andet TradeTracker omr\u00e5de fra din affiliate gr\u00e6nseflade. Du skal blot g\u00e5 til Account -> My sites og klikke p\u00e5 linket \u201cAdd new site\u201d. Derefter kan du v\u00e6lge det yderligere omr\u00e5de, du \u00f8nsker at bruge til dit websted.<br \/>\nN\u00e5r din ans\u00f8gning er blevet godkendt, kan du styre dine aktiviteter for dette omr\u00e5de ved at v\u00e6lge det fra lande-rullemenuen \u00f8verst p\u00e5 gr\u00e6nsefladen.<\/p>\n<\/p>\r\n                        <\/div>\r\n                        <\/li>\r\n                                                    <li class=\"kc-topic\"><a class=\"tgg-title\">\r\n                                <div class=\"feature-less-text\">Less<\/div>Har jeg mulighed for at skr\u00e6ddersy min tracking?<\/a>\r\n                        \r\n                        <div class=\"tgg-content\">\r\n                            <p><p>Ja, det har du! Udover vores avancerede teknologier til registrering af konverteringer, har vi yderligere funktioner, der kan skr\u00e6ddersys, som du kan konfigurere. Du kan for eksempel tilknytte en unik reference (eller subid) til dit link, eller tilvejebringe en call-back placering fra gr\u00e6nsefladen, s\u00e5 konverteringer bliver videresendt til din egen statistikserver. Det er endda muligt at anmode om at placere en tredjeparts tracking-tag.<\/p>\n<\/p>\r\n                        <\/div>\r\n                        <\/li>\r\n                                                    <li class=\"kc-topic\"><a class=\"tgg-title\">\r\n                                <div class=\"feature-less-text\">Less<\/div>Har I en API til r\u00e5dighed?<\/a>\r\n                        \r\n                        <div class=\"tgg-content\">\r\n                            <p><p>Ja, det har vi! Application programming interface (API eller Web-services) giver dig mulighed for at f\u00e5 adgang til funktioner og informationer, der er tilg\u00e6ngelige i softwaren ved at tilvejebringe programmeringsadgang til data i din konto. Nogle grundl\u00e6ggende API-funktioner omfatter: Hente kontooplysninger, kampagneoplysninger, transaktionsoplysninger, produktfeeddata, betalingsoplysninger, markedsf\u00f8ringsmateriale eller en kombination af disse ting ved blandt andet at generere avancerede brugertilpassede rapporter eller give dig mulighed for at f\u00e5 forbindelse til din egen statistiksoftware.<br \/>\nVores webservice er baseret p\u00e5 SOAP-protokollen. Denne protokol er en specifikation til udveksling af struktureret information gennem webservices. Der kan nemt anmodes om adgang til vores API inde fra din konto.<\/p>\n<\/p>\r\n                        <\/div>\r\n                        <\/li>\r\n                                                    <li class=\"kc-topic\"><a class=\"tgg-title\">\r\n                                <div class=\"feature-less-text\">Less<\/div>Hvilke creatives tilbydes?<\/a>\r\n                        \r\n                        <div class=\"tgg-content\">\r\n                            <p><p>Du kan v\u00e6lge blandt en lang r\u00e6kke creatives, der skal placeres p\u00e5 dit websted, som f.eks. tekstlinks, bannere, produktfeeds, widgets og v\u00e6rdibevis\/rabatkoder. Vedr\u00f8rende bannere, kan du ops\u00e6tte en rotator, der vil optimere sig selv automatisk p\u00e5 grundlag af den n\u00f8glemetrik, du leverer, som f.eks. EPC.<\/p>\n<\/p>\r\n                        <\/div>\r\n                        <\/li>\r\n                                                    <li class=\"kc-topic\"><a class=\"tgg-title\">\r\n                                <div class=\"feature-less-text\">Less<\/div><\/a>\r\n                        \r\n                        <div class=\"tgg-content\">\r\n                            <p><p>Som affiliate f\u00e5r du adgang til TradeTracker Page Tools. Disse v\u00e6rkt\u00f8jss\u00e6t vil give dig mulighed for hurtigt at styre indhold p\u00e5 dine websteder fra TradeTracker gr\u00e6nsefladen.<br \/>\nDu kan blot skifte synligheden af funktioner som f.eks. widgets (sammenligningsv\u00e6rkt\u00f8jer) og vores Link Replacer, som er det perfekte v\u00e6rkt\u00f8j til automatisk generering af udg\u00e5ende tracking links til annonc\u00f8rer.<\/p>\n<\/p>\r\n                        <\/div>\r\n                        <\/li>\r\n                                                    <li class=\"kc-topic\"><a class=\"tgg-title\">\r\n                                <div class=\"feature-less-text\">Less<\/div>Hvad er widgets?<\/a>\r\n                        \r\n                        <div class=\"tgg-content\">\r\n                            <p><p>Widgets er moduler, der indeholder dynamisk genereret indhold, som kan f\u00f8jes til dit website ved at placere et enkelt kodestykke. Resultatet er en avanceret rejses\u00f8gemaskine, eller et v\u00e6rkt\u00f8j, hvor modeemner kan sammenlignes.<br \/>\nAlle disse widgets kan styres fra Page Tools afsnittet i affiliate gr\u00e6nsefladen.<\/p>\n<\/p>\r\n                        <\/div>\r\n                        <\/li>\r\n                                                    <li class=\"kc-topic\"><a class=\"tgg-title\">\r\n                                <div class=\"feature-less-text\">Less<\/div>Kan jeg f\u00e5 mere hj\u00e6lp?<\/a>\r\n                        \r\n                        <div class=\"tgg-content\">\r\n                            <p><p>Selvf\u00f8lgelig! Ved at sigte efter at levere den bedste affiliate softwaregr\u00e6nseflade, der f\u00e5s i dag. Da vi fokuserede p\u00e5 brugervenlighed, skabte vi noget, der hj\u00e6lper vores kunder til at undg\u00e5 forvirring. I et hurtigt skiftende milj\u00f8 som internettet vil der imidlertid uundg\u00e5eligt komme sp\u00f8rgsm\u00e5l op. Heldigvis er der et team af dygtige brancheprofessionelle til r\u00e5dighed til at hj\u00e6lpe dig, n\u00e5r du k\u00f8rer fast.<\/p>\n<\/p>\r\n                        <\/div>\r\n                        <\/li>\r\n                                    <\/ul>\r\n            <div class=\"space\"><\/div>\r\n        <\/div>\r\n    <\/div>\r\n    [\/vc_column][\/vc_row]<\/p>\n<\/div>","protected":false},"excerpt":{"rendered":"<p>[vc_row el_id=&#8221;kc-top&#8221; classes=&#8221;part-fullsection section-kc-topics bg-color10 bg-pattern full-width&#8221;][vc_column][vc_wp_text] For annonc\u00f8rer For publishers Ordliste GDPR [\/vc_wp_text][\/vc_column][\/vc_row][vc_row el_id=&#8221;kc-content&#8221;][vc_column][\/vc_column][\/vc_row]<\/p>\n","protected":false},"author":69,"featured_media":0,"parent":13465,"menu_order":0,"comment_status":"closed","ping_status":"closed","template":"","meta":{"inline_featured_image":false,"_monsterinsights_skip_tracking":false,"_monsterinsights_sitenote_active":false,"_monsterinsights_sitenote_note":"","_monsterinsights_sitenote_category":0,"footnotes":""},"class_list":["post-13480","page","type-page","status-publish","hentry"],"yoast_head":"<!-- This site is optimized with the Yoast SEO Premium plugin v27.0 (Yoast SEO v27.0) - https:\/\/yoast.com\/product\/yoast-seo-premium-wordpress\/ -->\n<title>For Publishers - TradeTracker.com | Affiliate Marketing | Performance Marketing<\/title>\n<meta name=\"description\" content=\"Videnscenter for publishers. Find svaret p\u00e5 de mest spurgte sp\u00f8rgsm\u00e5l og hvordan du skal navigere i verden for affiliate marketing.\" \/>\n<meta name=\"robots\" content=\"index, follow, max-snippet:-1, max-image-preview:large, max-video-preview:-1\" \/>\n<link rel=\"canonical\" href=\"https:\/\/tradetracker.com\/dk\/wp-json\/wp\/v2\/pages\/13480\/\" \/>\n<meta property=\"og:locale\" content=\"en_US\" \/>\n<meta property=\"og:type\" content=\"article\" \/>\n<meta property=\"og:title\" content=\"Kan jeg f\u00e5 mere hj\u00e6lp? TradeTracker.com\" \/>\n<meta property=\"og:description\" content=\"Videnscenter for publishers. Find svaret p\u00e5 de mest spurgte\" \/>\n<meta property=\"og:url\" content=\"https:\/\/tradetracker.com\/dk\/knowledge-centre\/for-publishers\/\" \/>\n<meta property=\"og:site_name\" content=\"TradeTracker.com | Affiliate Marketing | Performance Marketing\" \/>\n<meta property=\"article:publisher\" content=\"https:\/\/www.facebook.com\/tradetrackercom\" \/>\n<meta property=\"article:modified_time\" content=\"2021-12-03T06:38:42+00:00\" \/>\n<meta property=\"og:image\" content=\"https:\/\/tradetracker.com\/wp-content\/uploads\/2019\/12\/tradetracker-logo-square.png\" \/>\n\t<meta property=\"og:image:width\" content=\"250\" \/>\n\t<meta property=\"og:image:height\" content=\"250\" \/>\n\t<meta property=\"og:image:type\" content=\"image\/png\" \/>\n<meta name=\"twitter:card\" content=\"summary_large_image\" \/>\n<meta name=\"twitter:title\" content=\"Kan jeg f\u00e5 mere hj\u00e6lp?\" \/>\n<meta name=\"twitter:description\" content=\"VIDENCENTERForst\u00e5 det grundl\u00e6ggende ved at starte en kampagne. Her finder du et informationscentrum med det m\u00e5l at \" \/>\n<meta name=\"twitter:image\" content=\"https:\/\/tradetracker.com\/assets\/tt-circles.png\" \/>\n<meta name=\"twitter:site\" content=\"@tradetrackercom\" \/>\n<script type=\"application\/ld+json\" class=\"yoast-schema-graph\">{\"@context\":\"https:\/\/schema.org\",\"@graph\":[{\"@type\":\"WebPage\",\"@id\":\"https:\/\/tradetracker.com\/dk\/knowledge-centre\/for-publishers\/\",\"url\":\"https:\/\/tradetracker.com\/dk\/knowledge-centre\/for-publishers\/\",\"name\":\"For Publishers - TradeTracker.com | Affiliate Marketing | Performance Marketing\",\"isPartOf\":{\"@id\":\"https:\/\/tradetracker.com\/dk\/#website\"},\"datePublished\":\"2017-02-09T13:12:46+00:00\",\"dateModified\":\"2021-12-03T06:38:42+00:00\",\"description\":\"Videnscenter for publishers. Find svaret p\u00e5 de mest spurgte sp\u00f8rgsm\u00e5l og hvordan du skal navigere i verden for affiliate marketing.\",\"breadcrumb\":{\"@id\":\"https:\/\/tradetracker.com\/dk\/knowledge-centre\/for-publishers\/#breadcrumb\"},\"inLanguage\":\"da-DK\",\"potentialAction\":[{\"@type\":\"ReadAction\",\"target\":[\"https:\/\/tradetracker.com\/dk\/knowledge-centre\/for-publishers\/\"]}]},{\"@type\":\"BreadcrumbList\",\"@id\":\"https:\/\/tradetracker.com\/dk\/knowledge-centre\/for-publishers\/#breadcrumb\",\"itemListElement\":[{\"@type\":\"ListItem\",\"position\":1,\"name\":\"Home\",\"item\":\"https:\/\/tradetracker.com\/dk\/\"},{\"@type\":\"ListItem\",\"position\":2,\"name\":\"Knowledge Center\",\"item\":\"https:\/\/tradetracker.com\/dk\/knowledge-centre\/\"},{\"@type\":\"ListItem\",\"position\":3,\"name\":\"For Publishers\"}]},{\"@type\":\"WebSite\",\"@id\":\"https:\/\/tradetracker.com\/dk\/#website\",\"url\":\"https:\/\/tradetracker.com\/dk\/\",\"name\":\"TradeTracker.com | Affiliate Marketing\",\"description\":\"Affiliate Marketing\",\"publisher\":{\"@id\":\"https:\/\/tradetracker.com\/dk\/#organization\"},\"potentialAction\":[{\"@type\":\"SearchAction\",\"target\":{\"@type\":\"EntryPoint\",\"urlTemplate\":\"https:\/\/tradetracker.com\/dk\/?s={search_term_string}\"},\"query-input\":{\"@type\":\"PropertyValueSpecification\",\"valueRequired\":true,\"valueName\":\"search_term_string\"}}],\"inLanguage\":\"da-DK\"},{\"@type\":\"Organization\",\"@id\":\"https:\/\/tradetracker.com\/dk\/#organization\",\"name\":\"TradeTracker FZ LLC\",\"url\":\"https:\/\/tradetracker.com\/dk\/\",\"logo\":{\"@type\":\"ImageObject\",\"inLanguage\":\"da-DK\",\"@id\":\"https:\/\/tradetracker.com\/dk\/#\/schema\/logo\/image\/\",\"url\":\"https:\/\/tradetracker.com\/wp-content\/uploads\/2019\/04\/tradetracker-logo_1.jpg\",\"contentUrl\":\"https:\/\/tradetracker.com\/wp-content\/uploads\/2019\/04\/tradetracker-logo_1.jpg\",\"width\":672,\"height\":109,\"caption\":\"TradeTracker FZ LLC\"},\"image\":{\"@id\":\"https:\/\/tradetracker.com\/dk\/#\/schema\/logo\/image\/\"},\"sameAs\":[\"https:\/\/www.facebook.com\/tradetrackercom\",\"https:\/\/x.com\/tradetrackercom\",\"https:\/\/www.linkedin.com\/company\/tradetrackercom\",\"https:\/\/www.youtube.com\/channel\/UCHiq-oir3qOorxO-8nLjIcQ\"],\"description\":\"TradeTracker is a global affiliate marketing platform that connects advertisers and publishers to create successful online campaigns. With its user-friendly interface, advanced tracking technology, and real-time reporting, TradeTracker provides the tools to optimize performance and boost conversions. Operating in over 20 countries, TradeTracker is renowned for its transparency, innovative solutions, and personalized support. It has been consistently chosen as the leading affiliate network worldwide, a testament to its excellence in the industry. Advertisers benefit from access to a vast network of publishers, while publishers enjoy a diverse range of campaigns and attractive earning opportunities. The platform continues to revolutionize the affiliate marketing industry with technologies like Real Attribution, ensuring fair commission distribution. TradeTracker empowers businesses to achieve their online no cure no pay advertising goals efficiently and effectively. With superior technology, unparalleled customer service, and innovative solutions, TradeTracker consistently outperforms competitors like Awin, TradeDoubler, CJ, and Webgains, making it the preferred choice for advertisers and publishers worldwide.\",\"legalName\":\"TradeTracker.com\",\"foundingDate\":\"2004-03-05\",\"numberOfEmployees\":{\"@type\":\"QuantitativeValue\",\"minValue\":\"201\",\"maxValue\":\"500\"}}]}<\/script>\n<!-- \/ Yoast SEO Premium plugin. -->","yoast_head_json":{"title":"For Publishers - TradeTracker.com | Affiliate Marketing | Performance Marketing","description":"Videnscenter for publishers. Find svaret p\u00e5 de mest spurgte sp\u00f8rgsm\u00e5l og hvordan du skal navigere i verden for affiliate marketing.","robots":{"index":"index","follow":"follow","max-snippet":"max-snippet:-1","max-image-preview":"max-image-preview:large","max-video-preview":"max-video-preview:-1"},"canonical":"https:\/\/tradetracker.com\/dk\/wp-json\/wp\/v2\/pages\/13480\/","og_locale":"en_US","og_type":"article","og_title":"Kan jeg f\u00e5 mere hj\u00e6lp? TradeTracker.com","og_description":"Videnscenter for publishers. Find svaret p\u00e5 de mest spurgte","og_url":"https:\/\/tradetracker.com\/dk\/knowledge-centre\/for-publishers\/","og_site_name":"TradeTracker.com | Affiliate Marketing | Performance Marketing","article_publisher":"https:\/\/www.facebook.com\/tradetrackercom","article_modified_time":"2021-12-03T06:38:42+00:00","og_image":[{"width":250,"height":250,"url":"https:\/\/tradetracker.com\/wp-content\/uploads\/2019\/12\/tradetracker-logo-square.png","type":"image\/png"}],"twitter_card":"summary_large_image","twitter_title":"Kan jeg f\u00e5 mere hj\u00e6lp?","twitter_description":"VIDENCENTERForst\u00e5 det grundl\u00e6ggende ved at starte en kampagne. Her finder du et informationscentrum med det m\u00e5l at ","twitter_image":"https:\/\/tradetracker.com\/assets\/tt-circles.png","twitter_site":"@tradetrackercom","schema":{"@context":"https:\/\/schema.org","@graph":[{"@type":"WebPage","@id":"https:\/\/tradetracker.com\/dk\/knowledge-centre\/for-publishers\/","url":"https:\/\/tradetracker.com\/dk\/knowledge-centre\/for-publishers\/","name":"For Publishers - TradeTracker.com | Affiliate Marketing | Performance Marketing","isPartOf":{"@id":"https:\/\/tradetracker.com\/dk\/#website"},"datePublished":"2017-02-09T13:12:46+00:00","dateModified":"2021-12-03T06:38:42+00:00","description":"Videnscenter for publishers. Find svaret p\u00e5 de mest spurgte sp\u00f8rgsm\u00e5l og hvordan du skal navigere i verden for affiliate marketing.","breadcrumb":{"@id":"https:\/\/tradetracker.com\/dk\/knowledge-centre\/for-publishers\/#breadcrumb"},"inLanguage":"da-DK","potentialAction":[{"@type":"ReadAction","target":["https:\/\/tradetracker.com\/dk\/knowledge-centre\/for-publishers\/"]}]},{"@type":"BreadcrumbList","@id":"https:\/\/tradetracker.com\/dk\/knowledge-centre\/for-publishers\/#breadcrumb","itemListElement":[{"@type":"ListItem","position":1,"name":"Home","item":"https:\/\/tradetracker.com\/dk\/"},{"@type":"ListItem","position":2,"name":"Knowledge Center","item":"https:\/\/tradetracker.com\/dk\/knowledge-centre\/"},{"@type":"ListItem","position":3,"name":"For Publishers"}]},{"@type":"WebSite","@id":"https:\/\/tradetracker.com\/dk\/#website","url":"https:\/\/tradetracker.com\/dk\/","name":"TradeTracker.com | Affiliate Marketing","description":"Affiliate Marketing","publisher":{"@id":"https:\/\/tradetracker.com\/dk\/#organization"},"potentialAction":[{"@type":"SearchAction","target":{"@type":"EntryPoint","urlTemplate":"https:\/\/tradetracker.com\/dk\/?s={search_term_string}"},"query-input":{"@type":"PropertyValueSpecification","valueRequired":true,"valueName":"search_term_string"}}],"inLanguage":"da-DK"},{"@type":"Organization","@id":"https:\/\/tradetracker.com\/dk\/#organization","name":"TradeTracker FZ LLC","url":"https:\/\/tradetracker.com\/dk\/","logo":{"@type":"ImageObject","inLanguage":"da-DK","@id":"https:\/\/tradetracker.com\/dk\/#\/schema\/logo\/image\/","url":"https:\/\/tradetracker.com\/wp-content\/uploads\/2019\/04\/tradetracker-logo_1.jpg","contentUrl":"https:\/\/tradetracker.com\/wp-content\/uploads\/2019\/04\/tradetracker-logo_1.jpg","width":672,"height":109,"caption":"TradeTracker FZ LLC"},"image":{"@id":"https:\/\/tradetracker.com\/dk\/#\/schema\/logo\/image\/"},"sameAs":["https:\/\/www.facebook.com\/tradetrackercom","https:\/\/x.com\/tradetrackercom","https:\/\/www.linkedin.com\/company\/tradetrackercom","https:\/\/www.youtube.com\/channel\/UCHiq-oir3qOorxO-8nLjIcQ"],"description":"TradeTracker is a global affiliate marketing platform that connects advertisers and publishers to create successful online campaigns. With its user-friendly interface, advanced tracking technology, and real-time reporting, TradeTracker provides the tools to optimize performance and boost conversions. Operating in over 20 countries, TradeTracker is renowned for its transparency, innovative solutions, and personalized support. It has been consistently chosen as the leading affiliate network worldwide, a testament to its excellence in the industry. Advertisers benefit from access to a vast network of publishers, while publishers enjoy a diverse range of campaigns and attractive earning opportunities. The platform continues to revolutionize the affiliate marketing industry with technologies like Real Attribution, ensuring fair commission distribution. TradeTracker empowers businesses to achieve their online no cure no pay advertising goals efficiently and effectively. With superior technology, unparalleled customer service, and innovative solutions, TradeTracker consistently outperforms competitors like Awin, TradeDoubler, CJ, and Webgains, making it the preferred choice for advertisers and publishers worldwide.","legalName":"TradeTracker.com","foundingDate":"2004-03-05","numberOfEmployees":{"@type":"QuantitativeValue","minValue":"201","maxValue":"500"}}]}},"_links":{"self":[{"href":"https:\/\/tradetracker.com\/dk\/wp-json\/wp\/v2\/pages\/13480","targetHints":{"allow":["GET"]}}],"collection":[{"href":"https:\/\/tradetracker.com\/dk\/wp-json\/wp\/v2\/pages"}],"about":[{"href":"https:\/\/tradetracker.com\/dk\/wp-json\/wp\/v2\/types\/page"}],"author":[{"embeddable":true,"href":"https:\/\/tradetracker.com\/dk\/wp-json\/wp\/v2\/users\/69"}],"replies":[{"embeddable":true,"href":"https:\/\/tradetracker.com\/dk\/wp-json\/wp\/v2\/comments?post=13480"}],"version-history":[{"count":0,"href":"https:\/\/tradetracker.com\/dk\/wp-json\/wp\/v2\/pages\/13480\/revisions"}],"up":[{"embeddable":true,"href":"https:\/\/tradetracker.com\/dk\/wp-json\/wp\/v2\/pages\/13465"}],"wp:attachment":[{"href":"https:\/\/tradetracker.com\/dk\/wp-json\/wp\/v2\/media?parent=13480"}],"curies":[{"name":"wp","href":"https:\/\/api.w.org\/{rel}","templated":true}]}}