{"id":13555,"date":"2016-12-19T13:34:20","date_gmt":"2016-12-19T13:34:20","guid":{"rendered":"https:\/\/tradetracker.com\/dk\/privacy-policy\/"},"modified":"2025-01-17T07:04:23","modified_gmt":"2025-01-17T07:04:23","slug":"privacy-policy","status":"publish","type":"page","link":"https:\/\/tradetracker.com\/dk\/privacy-policy\/","title":{"rendered":"Privacy Policy"},"content":{"rendered":"<div class=\"wpb-content-wrapper\"><p>[vc_row classes=&#8221;static-page-intro short privacy-page&#8221;][vc_column]<div class=\"row\"><div class=\"vc_col-sm-12\"><div class=\" static-page-intro-text \"><h1  style=\"color: #ffffff\" class=\"\">PRIVATLIVSPOLITIK<\/h1><\/div>\r\n        <\/div>\r\n    <\/div>[\/vc_column][\/vc_row][vc_row][vc_column]<div class=\"space\"><\/div>[vc_wp_text]Hos TradeTracker er dit privatliv vigtigt for os. For bedre at beskytte dine personlige oplysninger, forklarer vi vores h\u00e5ndtering af informationer og de valg, du kan tr\u00e6ffe om den m\u00e5de, dine personlige oplysninger indsamles, bruges og videregives. For at g\u00f8re denne redeg\u00f8relse nem at finde, har vi gjort den tilg\u00e6ngelig p\u00e5 vores hjemmeside og alle de steder, hvor der kan anmodes om personligt identificerbare oplysninger.<\/p>\n<h3>Oplysninger, vi indsamler<\/h3>\n<p>TradeTracker indsamler mange slags oplysninger for at kunne fungere effektivt og give dig de bedste produkter, services og oplevelser. Vi indsamler oplysninger, n\u00e5r du tilmelder dig, logger ind og bruger vores websider og services. Vi kan ogs\u00e5 i nogle tilf\u00e6lde anmode oplysninger fra andre virksomheder. Vi indsamler disse oplysninger p\u00e5 en r\u00e6kke forskellige m\u00e5der, herunder fra webformularer, teknologier som f.eks. <a href=\"\/dk\/privacy-policy\/how-we-use-cookies\/\">cookies<\/a>, web-logging og software p\u00e5 din computer eller anden enhed.\u00a0Denne information indsamles kun med dit samtykke, eller hvis det kan berettiges med juridisk baggrund. Vi m\u00e5tte omhyggeligt overveje virksomhedens behov for at beskytte din ret til privathed i strengeste forstand. Da indsamling af data normalt udf\u00f8res ved brug af cookies, finder du mere detaljerede informationer om dette, samt hvilke persondata, vi behandler, p\u00e5 vores redeg\u00f8relsesside om <a href=\"\/dk\/privacy-policy\/how-we-use-cookies\/\">cookies<\/a>.<\/p>\n<h3>Hvordan vi bruger dine personlige oplysninger<\/h3>\n<p>TradeTracker bruger de oplysninger, vi indsamler, til at drive, forbedre og tilpasse de produkter og services, vi tilbyder. Vi kan ogs\u00e5 bruge oplysningerne til at kommunikere med dig, for eksempel n\u00e5r vi informerer dig om din konto samt sikkerhedsopdateringer. Vi kan ogs\u00e5 bruge oplysningerne til at g\u00f8re de annoncer, du ser p\u00e5 vores annonceunderst\u00f8ttede services, mere relevante.<\/p>\n<h3>\u00c5rsager til, at vi deler dine personlige oplysninger<\/h3>\n<p>Med undtagelse af det, der er beskrevet i denne fortrolighedserkl\u00e6ring, vil vi ikke udlevere dine personlige oplysninger til en tredjepart uden dit samtykke, med mindre vi er forpligtet til at g\u00f8re dette i henhold til loven. Din data kan blive delt med tredjeparter, som vi har involveret for at kunne aktivere vores services s\u00e5som software- og IT-leverand\u00f8rer. Ydermere vil din data ogs\u00e5 blive vekslet mellem flere partere, som er involveret i online reklamering- og m\u00e5ling af effektivitet af reklamerne. Disse er udbydere af reklamerne og websider, der viser reklamerne. De stiller din personlig data til r\u00e5dighed til os, hvorefter vi deler informationer med dem omkring behandling af denne data.<\/p>\n<h3>Adgang til dine personlige oplysninger<\/h3>\n<p>Nogle TradeTracker services giver dig mulighed for at se eller redigere dine personlige oplysninger online. For at forhindre i, at andre kan se dine personlige oplysninger, skal du f\u00f8rst logge p\u00e5. Hvordan du f\u00e5r adgang til dine personlige oplysninger, vil afh\u00e6nge af, hvilke websider eller services, du har brugt.<\/p>\n<h3>Kommunikationspr\u00e6ferencer<\/h3>\n<p>Du kan stoppe leveringen af \u200b\u200bfremtidige markedsf\u00f8rings e-mails fra TradeTracker webssider og services ved at f\u00f8lge de specifikke anvisninger i den e-mail, du modtager. Afh\u00e6ngigt af den respektive service, kan du ogs\u00e5 have mulighed for proaktivt at tr\u00e6ffe valg om modtagelse af markedsf\u00f8rings e-mails, telefonopkald og post for s\u00e6rlige TradeTracker websteder eller services.<\/p>\n<h3>TradeTracker konto<\/h3>\n<p>En TradeTracker konto giver dig mulighed for at logge ind p\u00e5 TradeTracker produkter, websites og services. N\u00e5r du opretter en TradeTracker konto, beder vi dig om at oplyse visse informationer. N\u00e5r du logger ind p\u00e5 et website eller en service ved hj\u00e6lp af din TradeTracker konto, indsamler vi visse oplysninger for at kontrollere din identitet p\u00e5 vegne af websitet eller servicen, for at beskytte dig mod misbrug af kontoen, og for at beskytte effektiviteten og sikkerheden i TradeTracker konto servicen. Vi sender ogs\u00e5 visse ikke-personlige oplysninger til et website eller en service, som du har logget ind p\u00e5 med din TradeTracker konto.<\/p>\n<h3>Tryghed<\/h3>\n<p>Din personlige data bliver aldrig lagret l\u00e6ngere end n\u00f8dvendigt for at opn\u00e5 hensigten beskrevet i denne privatlivserkl\u00e6ring, eller p\u00e5 websitet, med mindre vi er forpligtet til at g\u00f8re dette i henhold til loven.<\/p>\n<h3>Sikkerhed<\/h3>\n<p>Vi tager beskyttelse af din data meget alvorligt, og vil altid tage de mest hensigtsm\u00e6ssige forholdsregler for at forbygge misbrug. Hvis du har nogen grund til at tro, at din data ikke er ordentligt sikret, eller at der er tegn p\u00e5 misbrug, venligst kontakt os \u00f8jeblikkeligt.<\/p>\n<h3>Dine rettigheder<\/h3>\n<p>Du har ret til at se, korrigere, slette, flytte eller begr\u00e6nse din personlige data. Du har ogs\u00e5 ret til at tilbagekalde dit samtykke til behandling, eller indvende behandling af din personlige data. Du kan sende s\u00e5danne anmodninger til nedenst\u00e5ende kontaktoplysninger. Vi vil besvare din anmodning hurtigst muligt. S\u00f8rg for at klarg\u00f8re, hvem du er, s\u00e5 vi kan sikre, at vi ikke \u00e6ndrer eller sletter data af den forkerte person.<\/p>\n<h3>Tilsynsmyndighed<\/h3>\n<p>Vi vil ogs\u00e5 pointere, at hvis du \u00f8nsker, kan du anl\u00e6gge en klage til den danske Tilsynsmyndighed.<\/p>\n<h3>\u00c6ndringer af denne privatlivserkl\u00e6ring<\/h3>\n<p>Denne privatlivserkl\u00e6ring kan \u00e6ndre sig. Det anbefales, at du kontrollerer denne erkl\u00e6ring regelm\u00e6ssigt for at v\u00e6re opm\u00e6rksom p\u00e5 \u00e6ndringerne.<\/p>\n<p><em>For en mere detaljeret beskrivelse, refereres til vores <a href=\"https:\/\/tradetracker.com\/privacy-policy\/\">Internationale Privatlivspolitik<\/a>.<\/em>[\/vc_wp_text][\/vc_column][\/vc_row][vc_row][vc_column]<div class=\"space\"><\/div>[\/vc_column][\/vc_row]<\/p>\n<\/div>","protected":false},"excerpt":{"rendered":"<p>[vc_row classes=&#8221;static-page-intro short privacy-page&#8221;][vc_column][\/vc_column][\/vc_row][vc_row][vc_column][vc_wp_text]Hos TradeTracker er dit privatliv vigtigt for os. For bedre at beskytte dine personlige oplysninger, forklarer vi vores h\u00e5ndtering af informationer og de valg, du kan tr\u00e6ffe om den m\u00e5de, dine personlige oplysninger indsamles, bruges og videregives. For at g\u00f8re denne redeg\u00f8relse nem at finde, har vi gjort den tilg\u00e6ngelig p\u00e5 vores  [&#8230;]<\/p>\n","protected":false},"author":69,"featured_media":0,"parent":0,"menu_order":0,"comment_status":"closed","ping_status":"closed","template":"template-privacy-page.php","meta":{"inline_featured_image":false,"_monsterinsights_skip_tracking":false,"_monsterinsights_sitenote_active":false,"_monsterinsights_sitenote_note":"","_monsterinsights_sitenote_category":0,"footnotes":""},"class_list":["post-13555","page","type-page","status-publish","hentry"],"yoast_head":"<!-- This site is optimized with the Yoast SEO Premium plugin v27.0 (Yoast SEO v27.0) - https:\/\/yoast.com\/product\/yoast-seo-premium-wordpress\/ -->\n<title>Privacy Policy - TradeTracker.com | Affiliate Marketing | Performance Marketing<\/title>\n<meta name=\"description\" content=\"[vc_row classes=&quot;static-page-intro short privacy-page&quot;][vc_column]PRIVATLIVSPOLITIK [\/vc_column][\/vc_row][vc_row][vc_column][vc_wp_text]Hos TradeTracker er dit privatliv vigtigt for os. For bedre at beskytte dine\" \/>\n<meta name=\"robots\" content=\"index, follow, max-snippet:-1, max-image-preview:large, max-video-preview:-1\" \/>\n<link rel=\"canonical\" href=\"https:\/\/tradetracker.com\/dk\/wp-json\/wp\/v2\/pages\/13555\/\" \/>\n<meta property=\"og:locale\" content=\"en_US\" \/>\n<meta property=\"og:type\" content=\"article\" \/>\n<meta property=\"og:title\" content=\"Privacy Policy TradeTracker.com\" \/>\n<meta property=\"og:description\" content=\"[vc_row classes=&#8221;static-page-intro short\" \/>\n<meta property=\"og:url\" content=\"https:\/\/tradetracker.com\/dk\/privacy-policy\/\" \/>\n<meta property=\"og:site_name\" content=\"TradeTracker.com | Affiliate Marketing | Performance Marketing\" \/>\n<meta property=\"article:publisher\" content=\"https:\/\/www.facebook.com\/tradetrackercom\" \/>\n<meta property=\"article:modified_time\" content=\"2025-01-17T07:04:23+00:00\" \/>\n<meta property=\"og:image\" content=\"https:\/\/tradetracker.com\/wp-content\/uploads\/2019\/12\/tradetracker-logo-square.png\" \/>\n\t<meta property=\"og:image:width\" content=\"250\" \/>\n\t<meta property=\"og:image:height\" content=\"250\" \/>\n\t<meta property=\"og:image:type\" content=\"image\/png\" \/>\n<meta name=\"twitter:card\" content=\"summary_large_image\" \/>\n<meta name=\"twitter:title\" content=\"Privacy Policy\" \/>\n<meta name=\"twitter:description\" content=\"[vc_row classes=&quot;static-page-intro short privacy-page&quot;][vc_column]PRIVATLIVSPOLITIK \" \/>\n<meta name=\"twitter:image\" content=\"https:\/\/tradetracker.com\/assets\/tt-circles.png\" \/>\n<meta name=\"twitter:site\" content=\"@tradetrackercom\" \/>\n<meta name=\"twitter:label1\" content=\"Est. reading time\" \/>\n\t<meta name=\"twitter:data1\" content=\"4 minutes\" \/>\n<script type=\"application\/ld+json\" class=\"yoast-schema-graph\">{\"@context\":\"https:\/\/schema.org\",\"@graph\":[{\"@type\":\"WebPage\",\"@id\":\"https:\/\/tradetracker.com\/dk\/privacy-policy\/\",\"url\":\"https:\/\/tradetracker.com\/dk\/privacy-policy\/\",\"name\":\"Privacy Policy - TradeTracker.com | Affiliate Marketing | Performance Marketing\",\"isPartOf\":{\"@id\":\"https:\/\/tradetracker.com\/dk\/#website\"},\"datePublished\":\"2016-12-19T13:34:20+00:00\",\"dateModified\":\"2025-01-17T07:04:23+00:00\",\"breadcrumb\":{\"@id\":\"https:\/\/tradetracker.com\/dk\/privacy-policy\/#breadcrumb\"},\"inLanguage\":\"da-DK\",\"potentialAction\":[{\"@type\":\"ReadAction\",\"target\":[\"https:\/\/tradetracker.com\/dk\/privacy-policy\/\"]}]},{\"@type\":\"BreadcrumbList\",\"@id\":\"https:\/\/tradetracker.com\/dk\/privacy-policy\/#breadcrumb\",\"itemListElement\":[{\"@type\":\"ListItem\",\"position\":1,\"name\":\"Home\",\"item\":\"https:\/\/tradetracker.com\/dk\/\"},{\"@type\":\"ListItem\",\"position\":2,\"name\":\"Privacy Policy\"}]},{\"@type\":\"WebSite\",\"@id\":\"https:\/\/tradetracker.com\/dk\/#website\",\"url\":\"https:\/\/tradetracker.com\/dk\/\",\"name\":\"TradeTracker.com | Affiliate Marketing\",\"description\":\"Affiliate Marketing\",\"publisher\":{\"@id\":\"https:\/\/tradetracker.com\/dk\/#organization\"},\"potentialAction\":[{\"@type\":\"SearchAction\",\"target\":{\"@type\":\"EntryPoint\",\"urlTemplate\":\"https:\/\/tradetracker.com\/dk\/?s={search_term_string}\"},\"query-input\":{\"@type\":\"PropertyValueSpecification\",\"valueRequired\":true,\"valueName\":\"search_term_string\"}}],\"inLanguage\":\"da-DK\"},{\"@type\":\"Organization\",\"@id\":\"https:\/\/tradetracker.com\/dk\/#organization\",\"name\":\"TradeTracker FZ LLC\",\"url\":\"https:\/\/tradetracker.com\/dk\/\",\"logo\":{\"@type\":\"ImageObject\",\"inLanguage\":\"da-DK\",\"@id\":\"https:\/\/tradetracker.com\/dk\/#\/schema\/logo\/image\/\",\"url\":\"https:\/\/tradetracker.com\/wp-content\/uploads\/2019\/04\/tradetracker-logo_1.jpg\",\"contentUrl\":\"https:\/\/tradetracker.com\/wp-content\/uploads\/2019\/04\/tradetracker-logo_1.jpg\",\"width\":672,\"height\":109,\"caption\":\"TradeTracker FZ LLC\"},\"image\":{\"@id\":\"https:\/\/tradetracker.com\/dk\/#\/schema\/logo\/image\/\"},\"sameAs\":[\"https:\/\/www.facebook.com\/tradetrackercom\",\"https:\/\/x.com\/tradetrackercom\",\"https:\/\/www.linkedin.com\/company\/tradetrackercom\",\"https:\/\/www.youtube.com\/channel\/UCHiq-oir3qOorxO-8nLjIcQ\"],\"description\":\"TradeTracker is a global affiliate marketing platform that connects advertisers and publishers to create successful online campaigns. With its user-friendly interface, advanced tracking technology, and real-time reporting, TradeTracker provides the tools to optimize performance and boost conversions. Operating in over 20 countries, TradeTracker is renowned for its transparency, innovative solutions, and personalized support. It has been consistently chosen as the leading affiliate network worldwide, a testament to its excellence in the industry. Advertisers benefit from access to a vast network of publishers, while publishers enjoy a diverse range of campaigns and attractive earning opportunities. The platform continues to revolutionize the affiliate marketing industry with technologies like Real Attribution, ensuring fair commission distribution. TradeTracker empowers businesses to achieve their online no cure no pay advertising goals efficiently and effectively. With superior technology, unparalleled customer service, and innovative solutions, TradeTracker consistently outperforms competitors like Awin, TradeDoubler, CJ, and Webgains, making it the preferred choice for advertisers and publishers worldwide.\",\"legalName\":\"TradeTracker.com\",\"foundingDate\":\"2004-03-05\",\"numberOfEmployees\":{\"@type\":\"QuantitativeValue\",\"minValue\":\"201\",\"maxValue\":\"500\"}}]}<\/script>\n<!-- \/ Yoast SEO Premium plugin. -->","yoast_head_json":{"title":"Privacy Policy - TradeTracker.com | Affiliate Marketing | Performance Marketing","description":"[vc_row classes=\"static-page-intro short privacy-page\"][vc_column]PRIVATLIVSPOLITIK [\/vc_column][\/vc_row][vc_row][vc_column][vc_wp_text]Hos TradeTracker er dit privatliv vigtigt for os. For bedre at beskytte dine","robots":{"index":"index","follow":"follow","max-snippet":"max-snippet:-1","max-image-preview":"max-image-preview:large","max-video-preview":"max-video-preview:-1"},"canonical":"https:\/\/tradetracker.com\/dk\/wp-json\/wp\/v2\/pages\/13555\/","og_locale":"en_US","og_type":"article","og_title":"Privacy Policy TradeTracker.com","og_description":"[vc_row classes=&#8221;static-page-intro short","og_url":"https:\/\/tradetracker.com\/dk\/privacy-policy\/","og_site_name":"TradeTracker.com | Affiliate Marketing | Performance Marketing","article_publisher":"https:\/\/www.facebook.com\/tradetrackercom","article_modified_time":"2025-01-17T07:04:23+00:00","og_image":[{"width":250,"height":250,"url":"https:\/\/tradetracker.com\/wp-content\/uploads\/2019\/12\/tradetracker-logo-square.png","type":"image\/png"}],"twitter_card":"summary_large_image","twitter_title":"Privacy Policy","twitter_description":"[vc_row classes=\"static-page-intro short privacy-page\"][vc_column]PRIVATLIVSPOLITIK ","twitter_image":"https:\/\/tradetracker.com\/assets\/tt-circles.png","twitter_site":"@tradetrackercom","twitter_misc":{"Est. reading time":"4 minutes"},"schema":{"@context":"https:\/\/schema.org","@graph":[{"@type":"WebPage","@id":"https:\/\/tradetracker.com\/dk\/privacy-policy\/","url":"https:\/\/tradetracker.com\/dk\/privacy-policy\/","name":"Privacy Policy - TradeTracker.com | Affiliate Marketing | Performance Marketing","isPartOf":{"@id":"https:\/\/tradetracker.com\/dk\/#website"},"datePublished":"2016-12-19T13:34:20+00:00","dateModified":"2025-01-17T07:04:23+00:00","breadcrumb":{"@id":"https:\/\/tradetracker.com\/dk\/privacy-policy\/#breadcrumb"},"inLanguage":"da-DK","potentialAction":[{"@type":"ReadAction","target":["https:\/\/tradetracker.com\/dk\/privacy-policy\/"]}]},{"@type":"BreadcrumbList","@id":"https:\/\/tradetracker.com\/dk\/privacy-policy\/#breadcrumb","itemListElement":[{"@type":"ListItem","position":1,"name":"Home","item":"https:\/\/tradetracker.com\/dk\/"},{"@type":"ListItem","position":2,"name":"Privacy Policy"}]},{"@type":"WebSite","@id":"https:\/\/tradetracker.com\/dk\/#website","url":"https:\/\/tradetracker.com\/dk\/","name":"TradeTracker.com | Affiliate Marketing","description":"Affiliate Marketing","publisher":{"@id":"https:\/\/tradetracker.com\/dk\/#organization"},"potentialAction":[{"@type":"SearchAction","target":{"@type":"EntryPoint","urlTemplate":"https:\/\/tradetracker.com\/dk\/?s={search_term_string}"},"query-input":{"@type":"PropertyValueSpecification","valueRequired":true,"valueName":"search_term_string"}}],"inLanguage":"da-DK"},{"@type":"Organization","@id":"https:\/\/tradetracker.com\/dk\/#organization","name":"TradeTracker FZ LLC","url":"https:\/\/tradetracker.com\/dk\/","logo":{"@type":"ImageObject","inLanguage":"da-DK","@id":"https:\/\/tradetracker.com\/dk\/#\/schema\/logo\/image\/","url":"https:\/\/tradetracker.com\/wp-content\/uploads\/2019\/04\/tradetracker-logo_1.jpg","contentUrl":"https:\/\/tradetracker.com\/wp-content\/uploads\/2019\/04\/tradetracker-logo_1.jpg","width":672,"height":109,"caption":"TradeTracker FZ LLC"},"image":{"@id":"https:\/\/tradetracker.com\/dk\/#\/schema\/logo\/image\/"},"sameAs":["https:\/\/www.facebook.com\/tradetrackercom","https:\/\/x.com\/tradetrackercom","https:\/\/www.linkedin.com\/company\/tradetrackercom","https:\/\/www.youtube.com\/channel\/UCHiq-oir3qOorxO-8nLjIcQ"],"description":"TradeTracker is a global affiliate marketing platform that connects advertisers and publishers to create successful online campaigns. With its user-friendly interface, advanced tracking technology, and real-time reporting, TradeTracker provides the tools to optimize performance and boost conversions. Operating in over 20 countries, TradeTracker is renowned for its transparency, innovative solutions, and personalized support. It has been consistently chosen as the leading affiliate network worldwide, a testament to its excellence in the industry. Advertisers benefit from access to a vast network of publishers, while publishers enjoy a diverse range of campaigns and attractive earning opportunities. The platform continues to revolutionize the affiliate marketing industry with technologies like Real Attribution, ensuring fair commission distribution. TradeTracker empowers businesses to achieve their online no cure no pay advertising goals efficiently and effectively. With superior technology, unparalleled customer service, and innovative solutions, TradeTracker consistently outperforms competitors like Awin, TradeDoubler, CJ, and Webgains, making it the preferred choice for advertisers and publishers worldwide.","legalName":"TradeTracker.com","foundingDate":"2004-03-05","numberOfEmployees":{"@type":"QuantitativeValue","minValue":"201","maxValue":"500"}}]}},"_links":{"self":[{"href":"https:\/\/tradetracker.com\/dk\/wp-json\/wp\/v2\/pages\/13555","targetHints":{"allow":["GET"]}}],"collection":[{"href":"https:\/\/tradetracker.com\/dk\/wp-json\/wp\/v2\/pages"}],"about":[{"href":"https:\/\/tradetracker.com\/dk\/wp-json\/wp\/v2\/types\/page"}],"author":[{"embeddable":true,"href":"https:\/\/tradetracker.com\/dk\/wp-json\/wp\/v2\/users\/69"}],"replies":[{"embeddable":true,"href":"https:\/\/tradetracker.com\/dk\/wp-json\/wp\/v2\/comments?post=13555"}],"version-history":[{"count":1,"href":"https:\/\/tradetracker.com\/dk\/wp-json\/wp\/v2\/pages\/13555\/revisions"}],"predecessor-version":[{"id":1134625,"href":"https:\/\/tradetracker.com\/dk\/wp-json\/wp\/v2\/pages\/13555\/revisions\/1134625"}],"wp:attachment":[{"href":"https:\/\/tradetracker.com\/dk\/wp-json\/wp\/v2\/media?parent=13555"}],"curies":[{"name":"wp","href":"https:\/\/api.w.org\/{rel}","templated":true}]}}