{"id":13570,"date":"2016-12-25T09:57:41","date_gmt":"2016-12-25T09:57:41","guid":{"rendered":"https:\/\/tradetracker.com\/dk\/publisher-qualifications\/"},"modified":"2022-01-27T23:12:14","modified_gmt":"2022-01-27T23:12:14","slug":"publisher-qualifications","status":"publish","type":"page","link":"https:\/\/tradetracker.com\/dk\/publisher-qualifications\/","title":{"rendered":"Publisher Qualifications"},"content":{"rendered":"<div class=\"wpb-content-wrapper\"><p>[vc_row classes=&#8221; static-page-intro pub-requirements&#8221;][vc_column]<div class=\"row\"><div class=\"vc_col-sm-12\"><div class=\" static-page-intro-text \"><h1  style=\"color: #ffffff\" class=\"\">PUBLISHER-KVALIFIKATIONER<\/h1><h2  style=\"color: #ffffff\" class=\"\">For at sikre, at vores netv\u00e6rk beholder sin integritet, er der nogle f\u00e5 kvalifikationer, vi gerne vil have, at vores nye medlemmer har.<br \/>\nVi har oplistet de n\u00f8glekvalifikationer, der vil sikre, at du er en v\u00e6rdig kandidat til at arbejde sammen med TradeTracker. Hvis du kan im\u00f8dekomme nedenst\u00e5ende forventninger, s\u00e5 er du allerede langt henne ad vejen.<\/h2><\/div>\r\n        <\/div>\r\n    <\/div>[\/vc_column][\/vc_row][vc_row classes=&#8221;bg-pattern&#8221;][vc_column]<div class=\"space\"><\/div>[vc_raw_html]JTNDcCUyMGNsYXNzJTNEJTIyaGVhZGxpbmUtcGFyYWdyYXBoJTIyJTNFSG9zJTIwVHJhZGVUcmFja2VyJTIwZXIlMjB2aSUyMGdsYWRlJTIwZm9yJTIwYXQlMjBhcmJlamRlJTIwc2FtbWVuJTIwbWVkJTIwYWxsZSUyMGVuZ2FnZXJlZGUlMjBwdWJsaXNoZXJlJTJDJTIwbGlnZSUyMGZyYSUyMHRpZGxpZ2UlMjB1ZHZpa2xpbmdzc3RhZGllciUyMHRpbCUyMHZlbGJldmFuZHJlZGUlMjBmdWxkdGlkcyUyMGFmZmlsaWF0ZXMlMjBvZyUyMGZvcnJldG5pbmdzbW9kZWxsZXIlMjBwJUMzJUE1JTIwdmlya3NvbWhlZHNuaXZlYXUuJTIwRm9yJTIwYXQlMjBibGl2ZSUyMGVuJTIwdiVDMyVBNnJkaWZ1bGQlMjBwdWJsaXNoZXIlMkMlMjBzb20lMjBhbGxlJTIwYW5ub25jJUMzJUI4cmVyJTIwdmlsJTIwJUMzJUI4bnNrZSUyMGF0JTIwYmxpdmUlMjBwYXJ0bmVyJTIwbWVkJTJDJTIwdmlsJTIwZHUlMjAlQzMlQjhuc2tlJTIwYXQlMjBhcnZlJTIwZiVDMyVCOGxnZW5kZSUzQSUzQyUyRnAlM0U=[\/vc_raw_html]<div class=\"space\"><\/div>[vc_row_inner][vc_column_inner width=&#8221;1\/3&#8243;][vc_wp_text title=&#8221;Opfylde et behov&#8221;]At arbejde hen imod et m\u00e5l giver dig mulighed for at blive ved med at opfylde de bes\u00f8gendes behov. S\u00f8rg for at have et aktivt websted, database eller anden relevant kanal p\u00e5 de sociale medier, som hele tiden generer nyt indhold. N\u00e5r du udvider din tilstedev\u00e6relse, og dit publikum passer til et s\u00e6t karakteristika, kan du forts\u00e6tte med at fokusere p\u00e5 at udvikle det indhold de s\u00f8ger efter og forventer at finde, n\u00e5r de kommer p\u00e5 bes\u00f8g hos dig. Kun da kan du finde en matchende kampagne, der konverterer. Du er en iv\u00e6rks\u00e6tter med en vision, og bliver p\u00e5 dit eget felt.[\/vc_wp_text][\/vc_column_inner][vc_column_inner width=&#8221;1\/3&#8243;][vc_wp_text title=&#8221;En m\u00e5lrettet tilgang&#8221;]N\u00e5r du har defineret det behov, du s\u00f8ger at opfylde, uanset om det er at tilvejebringe relevant information til fremtidige rejsende, at lette produktomtaler eller tilvejebringe en international produktforsyningsvirksomhed, skal du helt klart g\u00e5 gennem de f\u00f8lgende trin: Hvem er du m\u00e5lrettet imod? Hvad vil du kommunikere ud? Hvor vil de bes\u00f8gende finde dit indhold? Hvordan skal dit indhold bruges? Hvad er din plan for at f\u00e5 dem til at komme tilbage? Det er en forretningsplan, du s\u00e6tter sammen, og det er altsammen baseret p\u00e5 kontinuerlig og trinvis udvikling. Du er i en konkurrencebetonet sf\u00e6re, s\u00e5 bliv ved med at bev\u00e6ge dig.[\/vc_wp_text][\/vc_column_inner][vc_column_inner width=&#8221;1\/3&#8243;][vc_wp_text title=&#8221;Str\u00e6ben efter mere&#8221;]Der hvor forbrugerbehovene hele tiden \u00e6ndrer sig, g\u00f8r publishing-klimaet det ogs\u00e5. Med det konstante behov for indhold i et hurtigtl\u00f8bende milj\u00f8, at udnytte nye nicher og muligheder, vil det at f\u00f8lge de samme trin mod succes give dig de rette v\u00e6rkt\u00f8jer til at blive en succesrig TradeTracker affiliate og online iv\u00e6rks\u00e6tter. T\u00e6nk stort, professionelt og pr\u00e6sent\u00e9r dine koncepter s\u00e5ledes for dine bes\u00f8gende. De forventer et poleret milj\u00f8 baseret p\u00e5 deres daglige internetbrug, skuf dem ikke.<br \/>\nDin professionelle holdning vil blive anerkendt, uanset om det er stort eller sm\u00e5t, og du vil blive en af de misundelsesv\u00e6rdige publishers.[\/vc_wp_text][\/vc_column_inner][\/vc_row_inner][\/vc_column][\/vc_row][vc_row classes=&#8221;cta ctamerch&#8221; el_id=&#8221;pubcta&#8221;][vc_column]<div class=\"row\"><div class=\"vc_col-sm-12\"><h2 class=\"get_started\" style=\"color:#ffffff\">Klar til at tage det n\u00e6ste skridt?<\/h2><p style=\"color:#ffffff\">Vi er et team af resultatdrevne affiliate-junkier, der har en passion for performance og er altid p\u00e5 udkig efter at g\u00f8re reklameverdenen til et bedre sted. R\u00e6k ud og l\u00e6r, hvordan du laver en plan, der betaler sig.<\/p>        <ul class=\"cta-items\">\r\n                        <li>\r\n                <a                    class=\"cta-advertiser-signup\"                                      href=\"https:\/\/affiliate.tradetracker.com\/signup\/step1?loc=da_DK\"                                   >\r\n                    Tilmeld direkte                <\/a>\r\n            <\/li>\r\n                        \r\n                        <li>\r\n                <a                    class=\"cta-advertiser-signup\"                                      href=\"\/dk\/publishers\/\"                                   >\r\n                    Tilmeld som publisher                <\/a>\r\n            <\/li>\r\n                    <\/ul>\r\n        <\/div><\/div>[\/vc_column][\/vc_row]<\/p>\n<\/div>","protected":false},"excerpt":{"rendered":"<p>[vc_row classes=&#8221; static-page-intro pub-requirements&#8221;][vc_column][\/vc_column][\/vc_row][vc_row classes=&#8221;bg-pattern&#8221;][vc_column][vc_raw_html]JTNDcCUyMGNsYXNzJTNEJTIyaGVhZGxpbmUtcGFyYWdyYXBoJTIyJTNFSG9zJTIwVHJhZGVUcmFja2VyJTIwZXIlMjB2aSUyMGdsYWRlJTIwZm9yJTIwYXQlMjBhcmJlamRlJTIwc2FtbWVuJTIwbWVkJTIwYWxsZSUyMGVuZ2FnZXJlZGUlMjBwdWJsaXNoZXJlJTJDJTIwbGlnZSUyMGZyYSUyMHRpZGxpZ2UlMjB1ZHZpa2xpbmdzc3RhZGllciUyMHRpbCUyMHZlbGJldmFuZHJlZGUlMjBmdWxkdGlkcyUyMGFmZmlsaWF0ZXMlMjBvZyUyMGZvcnJldG5pbmdzbW9kZWxsZXIlMjBwJUMzJUE1JTIwdmlya3NvbWhlZHNuaXZlYXUuJTIwRm9yJTIwYXQlMjBibGl2ZSUyMGVuJTIwdiVDMyVBNnJkaWZ1bGQlMjBwdWJsaXNoZXIlMkMlMjBzb20lMjBhbGxlJTIwYW5ub25jJUMzJUI4cmVyJTIwdmlsJTIwJUMzJUI4bnNrZSUyMGF0JTIwYmxpdmUlMjBwYXJ0bmVyJTIwbWVkJTJDJTIwdmlsJTIwZHUlMjAlQzMlQjhuc2tlJTIwYXQlMjBhcnZlJTIwZiVDMyVCOGxnZW5kZSUzQSUzQyUyRnAlM0U=[\/vc_raw_html][vc_row_inner][vc_column_inner width=&#8221;1\/3&#8243;][vc_wp_text title=&#8221;Opfylde et behov&#8221;]At arbejde hen imod et m\u00e5l giver dig mulighed for at blive ved med at opfylde de bes\u00f8gendes behov. S\u00f8rg for at have et aktivt websted, database eller anden relevant kanal p\u00e5 de sociale medier, som hele tiden generer nyt indhold. N\u00e5r du udvider din tilstedev\u00e6relse, og  [&#8230;]<\/p>\n","protected":false},"author":69,"featured_media":0,"parent":0,"menu_order":0,"comment_status":"closed","ping_status":"closed","template":"","meta":{"inline_featured_image":false,"_monsterinsights_skip_tracking":false,"_monsterinsights_sitenote_active":false,"_monsterinsights_sitenote_note":"","_monsterinsights_sitenote_category":0,"footnotes":""},"class_list":["post-13570","page","type-page","status-publish","hentry"],"yoast_head":"<!-- This site is optimized with the Yoast SEO Premium plugin v27.0 (Yoast SEO v27.0) - https:\/\/yoast.com\/product\/yoast-seo-premium-wordpress\/ -->\n<title>Publisher Qualifications - TradeTracker.com | Affiliate Marketing | Performance Marketing<\/title>\n<meta name=\"description\" content=\"[vc_row classes=&quot; static-page-intro pub-requirements&quot;][vc_column]PUBLISHER-KVALIFIKATIONERFor at sikre, at vores netv\u00e6rk beholder sin integritet, er der nogle f\u00e5 kvalifikationer, vi gerne vil have, at vores nye\" \/>\n<meta name=\"robots\" content=\"index, follow, max-snippet:-1, max-image-preview:large, max-video-preview:-1\" \/>\n<link rel=\"canonical\" href=\"https:\/\/tradetracker.com\/dk\/wp-json\/wp\/v2\/pages\/13570\/\" \/>\n<meta property=\"og:locale\" content=\"en_US\" \/>\n<meta property=\"og:type\" content=\"article\" \/>\n<meta property=\"og:title\" content=\"Publisher Qualifications TradeTracker.com\" \/>\n<meta property=\"og:description\" content=\"[vc_row classes=&#8221; static-page-intro\" \/>\n<meta property=\"og:url\" content=\"https:\/\/tradetracker.com\/dk\/publisher-qualifications\/\" \/>\n<meta property=\"og:site_name\" content=\"TradeTracker.com | Affiliate Marketing | Performance Marketing\" \/>\n<meta property=\"article:publisher\" content=\"https:\/\/www.facebook.com\/tradetrackercom\" \/>\n<meta property=\"article:modified_time\" content=\"2022-01-27T23:12:14+00:00\" \/>\n<meta property=\"og:image\" content=\"https:\/\/tradetracker.com\/wp-content\/uploads\/2019\/12\/tradetracker-logo-square.png\" \/>\n\t<meta property=\"og:image:width\" content=\"250\" \/>\n\t<meta property=\"og:image:height\" content=\"250\" \/>\n\t<meta property=\"og:image:type\" content=\"image\/png\" \/>\n<meta name=\"twitter:card\" content=\"summary_large_image\" \/>\n<meta name=\"twitter:title\" content=\"Publisher Qualifications\" \/>\n<meta name=\"twitter:description\" content=\"[vc_row classes=&quot; static-page-intro pub-requirements&quot;][vc_column]PUBLISHER-KVALIFIKATIONERFor at sikre, at vores netv\u00e6rk \" \/>\n<meta name=\"twitter:image\" content=\"https:\/\/tradetracker.com\/assets\/tt-circles.png\" \/>\n<meta name=\"twitter:site\" content=\"@tradetrackercom\" \/>\n<meta name=\"twitter:label1\" content=\"Est. reading time\" \/>\n\t<meta name=\"twitter:data1\" content=\"3 minutes\" \/>\n<script type=\"application\/ld+json\" class=\"yoast-schema-graph\">{\"@context\":\"https:\/\/schema.org\",\"@graph\":[{\"@type\":\"WebPage\",\"@id\":\"https:\/\/tradetracker.com\/dk\/publisher-qualifications\/\",\"url\":\"https:\/\/tradetracker.com\/dk\/publisher-qualifications\/\",\"name\":\"Publisher Qualifications - TradeTracker.com | Affiliate Marketing | Performance Marketing\",\"isPartOf\":{\"@id\":\"https:\/\/tradetracker.com\/dk\/#website\"},\"datePublished\":\"2016-12-25T09:57:41+00:00\",\"dateModified\":\"2022-01-27T23:12:14+00:00\",\"breadcrumb\":{\"@id\":\"https:\/\/tradetracker.com\/dk\/publisher-qualifications\/#breadcrumb\"},\"inLanguage\":\"da-DK\",\"potentialAction\":[{\"@type\":\"ReadAction\",\"target\":[\"https:\/\/tradetracker.com\/dk\/publisher-qualifications\/\"]}]},{\"@type\":\"BreadcrumbList\",\"@id\":\"https:\/\/tradetracker.com\/dk\/publisher-qualifications\/#breadcrumb\",\"itemListElement\":[{\"@type\":\"ListItem\",\"position\":1,\"name\":\"Home\",\"item\":\"https:\/\/tradetracker.com\/dk\/\"},{\"@type\":\"ListItem\",\"position\":2,\"name\":\"Publisher Qualifications\"}]},{\"@type\":\"WebSite\",\"@id\":\"https:\/\/tradetracker.com\/dk\/#website\",\"url\":\"https:\/\/tradetracker.com\/dk\/\",\"name\":\"TradeTracker.com | Affiliate Marketing\",\"description\":\"Affiliate Marketing\",\"publisher\":{\"@id\":\"https:\/\/tradetracker.com\/dk\/#organization\"},\"potentialAction\":[{\"@type\":\"SearchAction\",\"target\":{\"@type\":\"EntryPoint\",\"urlTemplate\":\"https:\/\/tradetracker.com\/dk\/?s={search_term_string}\"},\"query-input\":{\"@type\":\"PropertyValueSpecification\",\"valueRequired\":true,\"valueName\":\"search_term_string\"}}],\"inLanguage\":\"da-DK\"},{\"@type\":\"Organization\",\"@id\":\"https:\/\/tradetracker.com\/dk\/#organization\",\"name\":\"TradeTracker FZ LLC\",\"url\":\"https:\/\/tradetracker.com\/dk\/\",\"logo\":{\"@type\":\"ImageObject\",\"inLanguage\":\"da-DK\",\"@id\":\"https:\/\/tradetracker.com\/dk\/#\/schema\/logo\/image\/\",\"url\":\"https:\/\/tradetracker.com\/wp-content\/uploads\/2019\/04\/tradetracker-logo_1.jpg\",\"contentUrl\":\"https:\/\/tradetracker.com\/wp-content\/uploads\/2019\/04\/tradetracker-logo_1.jpg\",\"width\":672,\"height\":109,\"caption\":\"TradeTracker FZ LLC\"},\"image\":{\"@id\":\"https:\/\/tradetracker.com\/dk\/#\/schema\/logo\/image\/\"},\"sameAs\":[\"https:\/\/www.facebook.com\/tradetrackercom\",\"https:\/\/x.com\/tradetrackercom\",\"https:\/\/www.linkedin.com\/company\/tradetrackercom\",\"https:\/\/www.youtube.com\/channel\/UCHiq-oir3qOorxO-8nLjIcQ\"],\"description\":\"TradeTracker is a global affiliate marketing platform that connects advertisers and publishers to create successful online campaigns. With its user-friendly interface, advanced tracking technology, and real-time reporting, TradeTracker provides the tools to optimize performance and boost conversions. Operating in over 20 countries, TradeTracker is renowned for its transparency, innovative solutions, and personalized support. It has been consistently chosen as the leading affiliate network worldwide, a testament to its excellence in the industry. Advertisers benefit from access to a vast network of publishers, while publishers enjoy a diverse range of campaigns and attractive earning opportunities. The platform continues to revolutionize the affiliate marketing industry with technologies like Real Attribution, ensuring fair commission distribution. TradeTracker empowers businesses to achieve their online no cure no pay advertising goals efficiently and effectively. With superior technology, unparalleled customer service, and innovative solutions, TradeTracker consistently outperforms competitors like Awin, TradeDoubler, CJ, and Webgains, making it the preferred choice for advertisers and publishers worldwide.\",\"legalName\":\"TradeTracker.com\",\"foundingDate\":\"2004-03-05\",\"numberOfEmployees\":{\"@type\":\"QuantitativeValue\",\"minValue\":\"201\",\"maxValue\":\"500\"}}]}<\/script>\n<!-- \/ Yoast SEO Premium plugin. -->","yoast_head_json":{"title":"Publisher Qualifications - TradeTracker.com | Affiliate Marketing | Performance Marketing","description":"[vc_row classes=\" static-page-intro pub-requirements\"][vc_column]PUBLISHER-KVALIFIKATIONERFor at sikre, at vores netv\u00e6rk beholder sin integritet, er der nogle f\u00e5 kvalifikationer, vi gerne vil have, at vores nye","robots":{"index":"index","follow":"follow","max-snippet":"max-snippet:-1","max-image-preview":"max-image-preview:large","max-video-preview":"max-video-preview:-1"},"canonical":"https:\/\/tradetracker.com\/dk\/wp-json\/wp\/v2\/pages\/13570\/","og_locale":"en_US","og_type":"article","og_title":"Publisher Qualifications TradeTracker.com","og_description":"[vc_row classes=&#8221; static-page-intro","og_url":"https:\/\/tradetracker.com\/dk\/publisher-qualifications\/","og_site_name":"TradeTracker.com | Affiliate Marketing | Performance Marketing","article_publisher":"https:\/\/www.facebook.com\/tradetrackercom","article_modified_time":"2022-01-27T23:12:14+00:00","og_image":[{"width":250,"height":250,"url":"https:\/\/tradetracker.com\/wp-content\/uploads\/2019\/12\/tradetracker-logo-square.png","type":"image\/png"}],"twitter_card":"summary_large_image","twitter_title":"Publisher Qualifications","twitter_description":"[vc_row classes=\" static-page-intro pub-requirements\"][vc_column]PUBLISHER-KVALIFIKATIONERFor at sikre, at vores netv\u00e6rk ","twitter_image":"https:\/\/tradetracker.com\/assets\/tt-circles.png","twitter_site":"@tradetrackercom","twitter_misc":{"Est. reading time":"3 minutes"},"schema":{"@context":"https:\/\/schema.org","@graph":[{"@type":"WebPage","@id":"https:\/\/tradetracker.com\/dk\/publisher-qualifications\/","url":"https:\/\/tradetracker.com\/dk\/publisher-qualifications\/","name":"Publisher Qualifications - TradeTracker.com | Affiliate Marketing | Performance Marketing","isPartOf":{"@id":"https:\/\/tradetracker.com\/dk\/#website"},"datePublished":"2016-12-25T09:57:41+00:00","dateModified":"2022-01-27T23:12:14+00:00","breadcrumb":{"@id":"https:\/\/tradetracker.com\/dk\/publisher-qualifications\/#breadcrumb"},"inLanguage":"da-DK","potentialAction":[{"@type":"ReadAction","target":["https:\/\/tradetracker.com\/dk\/publisher-qualifications\/"]}]},{"@type":"BreadcrumbList","@id":"https:\/\/tradetracker.com\/dk\/publisher-qualifications\/#breadcrumb","itemListElement":[{"@type":"ListItem","position":1,"name":"Home","item":"https:\/\/tradetracker.com\/dk\/"},{"@type":"ListItem","position":2,"name":"Publisher Qualifications"}]},{"@type":"WebSite","@id":"https:\/\/tradetracker.com\/dk\/#website","url":"https:\/\/tradetracker.com\/dk\/","name":"TradeTracker.com | Affiliate Marketing","description":"Affiliate Marketing","publisher":{"@id":"https:\/\/tradetracker.com\/dk\/#organization"},"potentialAction":[{"@type":"SearchAction","target":{"@type":"EntryPoint","urlTemplate":"https:\/\/tradetracker.com\/dk\/?s={search_term_string}"},"query-input":{"@type":"PropertyValueSpecification","valueRequired":true,"valueName":"search_term_string"}}],"inLanguage":"da-DK"},{"@type":"Organization","@id":"https:\/\/tradetracker.com\/dk\/#organization","name":"TradeTracker FZ LLC","url":"https:\/\/tradetracker.com\/dk\/","logo":{"@type":"ImageObject","inLanguage":"da-DK","@id":"https:\/\/tradetracker.com\/dk\/#\/schema\/logo\/image\/","url":"https:\/\/tradetracker.com\/wp-content\/uploads\/2019\/04\/tradetracker-logo_1.jpg","contentUrl":"https:\/\/tradetracker.com\/wp-content\/uploads\/2019\/04\/tradetracker-logo_1.jpg","width":672,"height":109,"caption":"TradeTracker FZ LLC"},"image":{"@id":"https:\/\/tradetracker.com\/dk\/#\/schema\/logo\/image\/"},"sameAs":["https:\/\/www.facebook.com\/tradetrackercom","https:\/\/x.com\/tradetrackercom","https:\/\/www.linkedin.com\/company\/tradetrackercom","https:\/\/www.youtube.com\/channel\/UCHiq-oir3qOorxO-8nLjIcQ"],"description":"TradeTracker is a global affiliate marketing platform that connects advertisers and publishers to create successful online campaigns. With its user-friendly interface, advanced tracking technology, and real-time reporting, TradeTracker provides the tools to optimize performance and boost conversions. Operating in over 20 countries, TradeTracker is renowned for its transparency, innovative solutions, and personalized support. It has been consistently chosen as the leading affiliate network worldwide, a testament to its excellence in the industry. Advertisers benefit from access to a vast network of publishers, while publishers enjoy a diverse range of campaigns and attractive earning opportunities. The platform continues to revolutionize the affiliate marketing industry with technologies like Real Attribution, ensuring fair commission distribution. TradeTracker empowers businesses to achieve their online no cure no pay advertising goals efficiently and effectively. With superior technology, unparalleled customer service, and innovative solutions, TradeTracker consistently outperforms competitors like Awin, TradeDoubler, CJ, and Webgains, making it the preferred choice for advertisers and publishers worldwide.","legalName":"TradeTracker.com","foundingDate":"2004-03-05","numberOfEmployees":{"@type":"QuantitativeValue","minValue":"201","maxValue":"500"}}]}},"_links":{"self":[{"href":"https:\/\/tradetracker.com\/dk\/wp-json\/wp\/v2\/pages\/13570","targetHints":{"allow":["GET"]}}],"collection":[{"href":"https:\/\/tradetracker.com\/dk\/wp-json\/wp\/v2\/pages"}],"about":[{"href":"https:\/\/tradetracker.com\/dk\/wp-json\/wp\/v2\/types\/page"}],"author":[{"embeddable":true,"href":"https:\/\/tradetracker.com\/dk\/wp-json\/wp\/v2\/users\/69"}],"replies":[{"embeddable":true,"href":"https:\/\/tradetracker.com\/dk\/wp-json\/wp\/v2\/comments?post=13570"}],"version-history":[{"count":0,"href":"https:\/\/tradetracker.com\/dk\/wp-json\/wp\/v2\/pages\/13570\/revisions"}],"wp:attachment":[{"href":"https:\/\/tradetracker.com\/dk\/wp-json\/wp\/v2\/media?parent=13570"}],"curies":[{"name":"wp","href":"https:\/\/api.w.org\/{rel}","templated":true}]}}