{"id":26228,"date":"2016-12-19T13:01:32","date_gmt":"2016-12-19T13:01:32","guid":{"rendered":"https:\/\/tradetracker.com\/dk\/code-of-conduct\/"},"modified":"2020-12-31T15:58:59","modified_gmt":"2020-12-31T15:58:59","slug":"code-of-conduct","status":"publish","type":"page","link":"https:\/\/tradetracker.com\/dk\/code-of-conduct\/","title":{"rendered":"Code of Conduct"},"content":{"rendered":"<div class=\"wpb-content-wrapper\"><p>[vc_row classes=&#8221;static-page-intro short coc-page&#8221;][vc_column]<div class=\"row\"><div class=\"vc_col-sm-12\"><div class=\" static-page-intro-text \"><h1  style=\"color: #ffffff\" class=\"\">CODE OF CONDUCT<\/h1><\/div>\r\n        <\/div>\r\n    <\/div>[\/vc_column][\/vc_row][vc_row][vc_column]<div class=\"space\"><\/div>[\/vc_column][\/vc_row][vc_row][vc_column][vc_wp_text]P\u00e5 et marked, hvor integritet er fundamentalt for succes, udf\u00f8rer vi som ansatte hos TradeTracker.com vores forretning med de h\u00f8jeste standarder inden for transparens, etik, lederskab og samarbejde for at maksimere vores v\u00e6rdi for interessenterne. Vi anerkender vores indflydelsesrige position i det vide \u00f8konomiske system og forst\u00e5r vort ansvar. Vi overholder loven og forventer, at vores partnere g\u00f8r det samme.[\/vc_wp_text][\/vc_column][\/vc_row][vc_row][vc_column]<div class=\"space\"><\/div><div class=\"row\"><div class=\"vc_col-sm-3\"><h2 class=\"lined-section\"><span><span>1. TradeTrackers.com Forretningsordensregler<\/h2><\/div><div class=\"vc_col-sm-9\"><p>\nTradeTrackers Code of Conduct (\u201cCoC\u201d eller \u201cCode\u201d) tilvejebringer en vejledning i vores syn p\u00e5 online reklamepraksis med det form\u00e5l at fostre b\u00e6redygtige forhold mellem vores annonc\u00f8rer og publishers. Denne CoC b\u00f8r bruges som basis for fair forretningspraksis. Online reklame-landskabet udvikler sig kontinuerligt ligesom teknologier, praksis og teknikker. Som s\u00e5dan vil Coden v\u00e6re tilb\u00f8jelig til at \u00e6ndre sig og tilpasses for at holde branchepraksis p\u00e5 linje med vores v\u00e6rdier og overbevisninger.\nM\u00e5let med denne CoC er at sikre, at alle, der arbejder sammen med TradeTracker netv\u00e6rket, uanset om det er annonc\u00f8rer, agenturer, affiliates eller TradeTrackers ansatte, er i overensstemmelse med generelle og specifikke vejledninger om brugen af TradeTracker netv\u00e6rket.\n\n<\/p><\/div><\/div><div class=\"space\"><\/div><div class=\"row\"><div class=\"vc_col-sm-3\"><h2 class=\"lined-section\"><span><span>2. Publisher ordensregler<\/h2><\/div><div class=\"vc_col-sm-9\"><p>\nM\u00e5let med publisher CoC er at f\u00e5 publishere til at v\u00e6re i overensstemmelse med generiske politikker og vejledninger om at sende trafik til TradeTrackers annonc\u00f8rer. Publishers b\u00f8r generelt altid tilbyde det h\u00f8jest mulige niveau af transparens ved at forklare, hvor deres trafik kommer fra i deres webstedsbeskrivelse og deres salgsfremmende aktiviteter. For at kunne tilbyde denne transparens, b\u00f8r publishers overholde nedenst\u00e5ende vejledninger. Publishers, der ikke handler i henhold til disse vejledninger, kan blive fjernet fra programmet og\/eller TradeTracker netv\u00e6rket.\nSammen med CoC, b\u00f8r publishers altid bekr\u00e6fte og anvende de fastsatte betingelser p\u00e5 kampagneniveau. Generelt hj\u00e6lper disse vejledninger og politikker affiliates med at sende trafik af h\u00f8j kvalitet, som TradeTracker annonc\u00f8rerne forventer.\n\n2.1. E-mail marketing\nAlle publishers, der bruger trafik fra e-mail, b\u00f8r anvende de lokale love og forskrifter vedr\u00f8rende e-mail. Brugere b\u00f8r have (helst dobbelt) sagt ja til at modtage den\/de s\u00e6rlige e-mail meddelelse\/r og b\u00f8r aldrig involveres i nogen form for spam aktiviteter.\n2.2. Indhold\nAlt indhold p\u00e5 publisher websteder b\u00f8r ikke indeholde overtr\u00e6delse af copyright eller intellektuelle rettigheder fra tredjeparter. Indhold m\u00e5 ikke indeholde ulovlige, pornografiske, voldelige eller diskriminerende meddelelser, og b\u00f8r ikke skade det gode navn for handlende, affiliates eller andre forbindelser til TradeTracker og\/eller TradeTracker selv. Indhold b\u00f8r altid overholde lokal lovgivning og\/eller forskrifter.\n2.3.\t Kunstig trafik\nKunstig trafik (sendt fra bots, scripts eller andre former) er ikke tilladt i TradeTracker netv\u00e6rket. Forbrugere b\u00f8r ikke tvinges til at g\u00e5 til annonc\u00f8rernes website. Dette vedr\u00f8rer ogs\u00e5 gentagen generering af manuelle klik.\n2.4.\t Klik oprindelse\nKlik oprindelse m\u00e5 ikke tilsl\u00f8res\/skjules af publishere. Trafik b\u00f8r kun komme fra den URL, der er fastsat for det s\u00e6rskilte affiliate website.\n2.5.\tPPC \/ SEA \nPPC\/s\u00f8gemaskinereklamer er ikke tilladt p\u00e5 brandnavn(e) fra TradeTracker annonc\u00f8rer, medmindre det udtrykkeligt er angivet i kampagnepolitikkerne.\n2.6.\tSalg \/ lead-bedrageri\nSimulering af transaktioner som slutbrugere er ikke tilladt i TradeTracker netv\u00e6rket. Det kan dreje sig om falske transaktionsoplysninger, selvgenererede transaktioner (med eller uden betaling) eller automatisk genererede transaktioner.\n2.7.\tCookies\nPublishers b\u00f8r overholde lokal lovgivning vedr\u00f8rende cookies og privatliv.\n2.8.\t Webstedsoplysninger\nWebstedsoplysningssiden og webstedsdetaljer b\u00f8r give en l\u00e6ngere forklaring p\u00e5 affiliates aktiviteter og trafikkilder. Alle affiliate websteder b\u00f8r tilmelde sig som korrekt \u201cwebstedstype\u201d og \u201ckategori\u201d. Hvis affiliates g\u00f8r brug af 3. parts trafikkilder eller betalt trafik, b\u00f8r dette tydeligt angives i webstedsbeskrivelsen.\n2.9.\t Cashback- og loyalitetskonstruktioner\nAffiliates, der bruger cashback, bel\u00f8nninger, get-paid-to eller loyalitetskonstruktioner, skal overholde fastsatte kampagnepolitikker. Manglende transaktioner b\u00f8r rapporteres til TradeTrackers affiliate support pr. e-mail eller billetbesked til annonc\u00f8ren.\n2.10.\tV\u00e6rdibeviswebsteder\nV\u00e6rdibeviswebsteder b\u00f8r overholde de fastsatte kampagnepolitikker. Udl\u00f8bne incitamenter og v\u00e6rdibeviser b\u00f8r markeres som s\u00e5dan eller fjernes fra v\u00e6rdibeviswebstedet. Vildledende eller falske v\u00e6rdibeviser er ikke tilladt, og v\u00e6rdibeviswebsteder m\u00e5 kun markedsf\u00f8re v\u00e6rdibeviser, der er gjort tilg\u00e6ngelige fra specifik\/ke publisher\/s eller kampagnen generelt.\n2.11.\tSpyware\/Malware\nMarkedsf\u00f8ring via spyware\/malware eller (k\u00f8bt) trafik er ikke tilladt.\n2.12.\tAdware\nBrugen af trafik, der kommer fra Adware (f.eks. desktop-applikationer, v\u00e6rkt\u00f8jslinjer) er kun tilladt efter skriftlig godkendelse fra TradeTracker og de\/n annonc\u00f8r\/er, der markedsf\u00f8res.\nAdware b\u00f8r installeres af forbrugeren og ikke blive installeret automatisk eller uden meddelelse fra forbrugeren.\n2.13.\tSociale kanaler\nPublishers m\u00e5 bruge sociale kanaler til at k\u00f8re trafik til deres eget websted (hvis det ikke er misvisende). Trafik fra sociale kanaler til annonc\u00f8rer b\u00f8r v\u00e6re p\u00e5 linje med kampagnepolitikkerne, og der kr\u00e6ves skriftlig godkendelse p\u00e5 forh\u00e5nd fra annonc\u00f8ren.\n2.14.\tD\u00f8de links\nD\u00f8de links skal rapporteres i afsnittet om broken links p\u00e5 affiliate platformen. Publishers bedes regelm\u00e6ssigt tjekke, om der er d\u00f8de links, og reparere dem hurtigst muligt.\n2.15.\tKommunikation med annonc\u00f8rer\nKommunikation med annonc\u00f8rer (for skriftlig godkendelse for visse markedsf\u00f8ringer) kan ske gennem TradeTracker billetsystemet p\u00e5 affiliate platformen. Det er muligt at modtage en meddelelse, n\u00e5r en billetbesked modtages under e-mail indstillinger.\n2.16.\tFjernelse af reklamer og\/eller markedsf\u00f8ringsmaterialer\nPublishers, som af annonc\u00f8rer og\/eller TradeTracker bedes om at fjerne specifikke markedsf\u00f8ringsmaterialer og\/eller reklamer, skal g\u00f8re dette i l\u00f8bet af 2 arbejdsdage.\n2.17.\tKampagne og TradeTracker nyheder\nPublishers kan bestemme hvilke nyheder, de \u00f8nsker at modtage (pr. e-mail) fra TradeTracker. Frekvens, segment eller kampagner, som disse nyheder sendes om, kan kundetilpasses fuldt ud af publishers.\n2.18.\tInternationalisering\nPublishers, der er villige til at markedsf\u00f8re kampagner fra andre TradeTracker lande, skal registreres under det specifikke land f\u00f8rst. Dette kan ske fra platformen ved at tilf\u00f8je et nyt websted til deres konto under \u201caccount -> my sites\u201d og v\u00e6lge det \u00f8nskede land. Efter godkendelse vil det nye land v\u00e6re tilg\u00e6ngeligt fra platformen.\n2.19.\tBetaling af publishers\nMedmindre andet er aftalt, betales publishers under n\u00e6ste betalingsrunde, n\u00e5r annonc\u00f8rerne har betalt kommission til TradeTracker, og publishers kan blive betalt p\u00e5 basis af de accepterede vilk\u00e5r og betingelser. Publishers har ansvaret for at ops\u00e6tte og tjekke deres \u00f8konomiske oplysninger p\u00e5 platformen. Hvis relevant, vil specifikke afgifter kun blive betalt, hvis kontoen er opsat som forretningskonto med de korrekte virksomhedsoplysninger. Det er ikke muligt at foretage \u00e6ndringer af betalte afgifter bagud.\n<\/p><\/div><\/div><div class=\"space\"><\/div><div class=\"row\"><div class=\"vc_col-sm-3\"><h2 class=\"lined-section\"><span><span>3. Annonc\u00f8r ordensregler<\/h2><\/div><div class=\"vc_col-sm-9\"><p>\nForm\u00e5let med annonc\u00f8r CoC er at ops\u00e6tte en vejledning og politikker til annonc\u00f8rer vedr\u00f8rende, hvordan de skal styre deres kampagner s\u00e5 transparente, fair og \u00e5bne som muligt, s\u00e5 publishers, der markedsf\u00f8rer disse kampagner, ved, hvad de skal forvente af annonc\u00f8rerne ved at afklare deres roller og ansvar.\n3.1.\tIndhold\nAnnonc\u00f8rer vil s\u00f8rge for indholdet p\u00e5 deres hjemmeside er p\u00e5 linje med de lokale love \/ regler og ikke indeholder ulovlige, pornografiske, voldelige eller diskriminerende meddelelser, og b\u00f8r ikke skade det gode navn for handlende, affiliates eller andre forbindelser til TradeTracker og\/eller TradeTracker selv. Alt indhold p\u00e5 annonc\u00f8rens websteder b\u00f8r ikke indeholde overtr\u00e6delse af copyright eller intellektuelle rettigheder fra tredjeparter.\n3.2.\tAktiv kampagnestyring\nAnnonc\u00f8rer sikrer, at de vil arbejde proaktivt med deres affiliate kampagner for at hj\u00e6lpe publishers.\n3.3.\tTransaktionsvalidering\nAnnonc\u00f8rer skal g\u00f8re den n\u00f8dvendige indsats for at vurdere afventende lead- og salgstransaktioner s\u00e5 hurtigt som muligt og p\u00e5 en fair og transparent m\u00e5de. Hvis der opst\u00e5r sp\u00f8rgsm\u00e5l om transaktionsvurdering, skal annonc\u00f8rer forklare publishers, hvorfor specifikke transaktioner er blevet vurderet som s\u00e5dan.\n3.4.\t \u00c5rsager til afviste transaktioner\nI tilf\u00e6lde af afviste transaktioner skal annonc\u00f8ren specificere pr. transaktion, hvorfor den er blevet afvist. I tilf\u00e6lde af delvise afvisninger skal annonc\u00f8ren justere bestillingsbel\u00f8bet i henhold hertil.\n3.5.\t Kommunikation gennem \u201ctickets\u201d\nFor publishers er det at modtage rettidig feedback afg\u00f8rende for et behageligt samarbejde. Annonc\u00f8rer skal g\u00f8re den n\u00f8dvendige indsats for at svare p\u00e5 \u00e5bne tickets i l\u00f8bet af to forretningsdage. Uden forudg\u00e5ende tilladelse m\u00e5 affiliates ikke kontaktes direkte.\n3.6.\t Publisher-abonnementer\nPublishers, der abonnerer p\u00e5 en kampagne, vil \u00f8nske at generere og placere markedsf\u00f8ringsmaterialer s\u00e5 hurtigt som muligt. Annonc\u00f8rer skal derfor g\u00f8re en indsats for at vurdere afventende publishers s\u00e5 hurtigt som muligt. Hvis der opst\u00e5r sp\u00f8rgsm\u00e5l, skal annonc\u00f8rer forklare publishers, hvorfor de er blevet afvist eller fjernet fra en s\u00e6rlig kampagne.\n3.7.\t Markedsf\u00f8ringsmaterialer\nAnnonc\u00f8r skal sikre, at markedsf\u00f8ringsmaterialer (enten bannere, produktfeeds eller tekstlinks) ikke indeholder overtr\u00e6delse af copyright eller intellektuelle rettigheder fra tredjeparter. Materialer m\u00e5 ikke indeholde ulovlige, pornografiske, voldelige eller diskriminerende meddelelser. Materialer, herunder, men ikke begr\u00e6nset til: Bannere, tekstlinks, produktfeeds og v\u00e6rdibeviskoder skal alle v\u00e6re opdaterede. Priser og produkttilbud skal v\u00e6re n\u00f8jagtige.\n3.8.\t Tracking\nTracking er afg\u00f8rende for at levere TradeTrackers services til b\u00e5de annonc\u00f8rer og publishers. Salg og\/eller tracking skal til enhver tid implementeres. Hvis der opst\u00e5r tracking-problemer, skal annonc\u00f8rer sikre, at disse l\u00f8ses, og at der afs\u00e6ttes en passende kompensation til publishers.\n3.9.\t Deduplikering p\u00e5 tv\u00e6rs af affiliate netv\u00e6rk\nDeduplikering skal ideelt set implementeres, n\u00e5r flere affiliate netv\u00e6rk er aktive. N\u00e5r den implementeres, skal et tilbagestillingsscript altid v\u00e6re aktivt for at garantere cookie-fri tracking. Annonc\u00f8rer skal opdatere TradeTracker, hvis s\u00e5danne scripts implementeres. Oplysninger om deduplikering skal v\u00e6re tilg\u00e6ngelige for affiliates hele tiden i kampagnedetaljeoverblikket.\n3.10.\t Kampagnebegr\u00e6nsninger\nDer er flere m\u00e5der for publishers at engagere sig i reklameaktiviteter. Det skal tydeligt angives, hvis der er ikke-tilladte former for reklamer. S\u00e5danne oplysninger skal v\u00e6re tilg\u00e6ngelige for publishers i kampagnebeskrivelsen.\n3.11.\tAfl\u00f8nning for alle produkter\nAffiliates har meget begr\u00e6nset indflydelse p\u00e5 produkter, der s\u00e6lges som resultat af omdirigering af kunder til en annonc\u00f8r. Der skal derfor tildeles kommission for alle produkter. Hvis der er forskellige kommissioner p\u00e5 grund af annonc\u00f8rens margener, kan TradeTrackers produktgruppel\u00f8sninger implementeres.\n3.12.\tTracking af k\u00f8b fra mobile enheder\nHvis et mobilt websted bruges og opererer uafh\u00e6ngigt (http:\/\/m.yourmerchant.com), skal tracking ogs\u00e5 implementeres der for at sikre, at disse transaktioner bel\u00f8nnes.\n3.13.\tProblemer\nHvis der opst\u00e5r sp\u00f8rgsm\u00e5l om markedsf\u00f8ring af publishers, skal annonc\u00f8rer fors\u00f8ge at diskutere dette med enten publisheren gennem ticket systemet eller alternativt TradeTrackers account manager, der kan l\u00f8se alle sp\u00f8rgsm\u00e5l.\n<\/p><\/div><\/div><div class=\"space\"><\/div>[\/vc_column][\/vc_row]<\/p>\n<\/div>","protected":false},"excerpt":{"rendered":"<p>[vc_row classes=&#8221;static-page-intro short coc-page&#8221;][vc_column][\/vc_column][\/vc_row][vc_row][vc_column][\/vc_column][\/vc_row][vc_row][vc_column][vc_wp_text]P\u00e5 et marked, hvor integritet er fundamentalt for succes, udf\u00f8rer vi som ansatte hos TradeTracker.com vores forretning med de h\u00f8jeste standarder inden for transparens, etik, lederskab og samarbejde for at maksimere vores v\u00e6rdi for interessenterne. Vi anerkender vores indflydelsesrige position i det vide \u00f8konomiske system og forst\u00e5r vort ansvar. Vi overholder loven  [&#8230;]<\/p>\n","protected":false},"author":69,"featured_media":0,"parent":0,"menu_order":0,"comment_status":"closed","ping_status":"closed","template":"template-red.php","meta":{"inline_featured_image":false,"_monsterinsights_skip_tracking":false,"_monsterinsights_sitenote_active":false,"_monsterinsights_sitenote_note":"","_monsterinsights_sitenote_category":0,"footnotes":""},"class_list":["post-26228","page","type-page","status-publish","hentry"],"yoast_head":"<!-- This site is optimized with the Yoast SEO Premium plugin v27.0 (Yoast SEO v27.0) - https:\/\/yoast.com\/product\/yoast-seo-premium-wordpress\/ -->\n<title>Code of Conduct - TradeTracker.com | Affiliate Marketing | Performance Marketing<\/title>\n<meta name=\"description\" content=\"[vc_row classes=&quot;static-page-intro short coc-page&quot;][vc_column]CODE OF CONDUCT [\/vc_column][\/vc_row][vc_row][vc_column][\/vc_column][\/vc_row][vc_row][vc_column][vc_wp_text]P\u00e5 et marked, hvor integritet er fundamentalt for\" \/>\n<meta name=\"robots\" content=\"index, follow, max-snippet:-1, max-image-preview:large, max-video-preview:-1\" \/>\n<link rel=\"canonical\" href=\"https:\/\/tradetracker.com\/dk\/wp-json\/wp\/v2\/pages\/26228\/\" \/>\n<meta property=\"og:locale\" content=\"en_US\" \/>\n<meta property=\"og:type\" content=\"article\" \/>\n<meta property=\"og:title\" content=\"Code of Conduct TradeTracker.com\" \/>\n<meta property=\"og:description\" content=\"[vc_row classes=&#8221;static-page-intro short\" \/>\n<meta property=\"og:url\" content=\"https:\/\/tradetracker.com\/dk\/code-of-conduct\/\" \/>\n<meta property=\"og:site_name\" content=\"TradeTracker.com | Affiliate Marketing | Performance Marketing\" \/>\n<meta property=\"article:publisher\" content=\"https:\/\/www.facebook.com\/tradetrackercom\" \/>\n<meta property=\"article:modified_time\" content=\"2020-12-31T15:58:59+00:00\" \/>\n<meta property=\"og:image\" content=\"https:\/\/tradetracker.com\/wp-content\/uploads\/2019\/12\/tradetracker-logo-square.png\" \/>\n\t<meta property=\"og:image:width\" content=\"250\" \/>\n\t<meta property=\"og:image:height\" content=\"250\" \/>\n\t<meta property=\"og:image:type\" content=\"image\/png\" \/>\n<meta name=\"twitter:card\" content=\"summary_large_image\" \/>\n<meta name=\"twitter:title\" content=\"Code of Conduct\" \/>\n<meta name=\"twitter:description\" content=\"[vc_row classes=&quot;static-page-intro short coc-page&quot;][vc_column]CODE OF CONDUCT \" \/>\n<meta name=\"twitter:image\" content=\"https:\/\/tradetracker.com\/assets\/tt-circles.png\" \/>\n<meta name=\"twitter:site\" content=\"@tradetrackercom\" \/>\n<meta name=\"twitter:label1\" content=\"Est. reading time\" \/>\n\t<meta name=\"twitter:data1\" content=\"1 minute\" \/>\n<script type=\"application\/ld+json\" class=\"yoast-schema-graph\">{\"@context\":\"https:\/\/schema.org\",\"@graph\":[{\"@type\":\"WebPage\",\"@id\":\"https:\/\/tradetracker.com\/dk\/code-of-conduct\/\",\"url\":\"https:\/\/tradetracker.com\/dk\/code-of-conduct\/\",\"name\":\"Code of Conduct - TradeTracker.com | Affiliate Marketing | Performance Marketing\",\"isPartOf\":{\"@id\":\"https:\/\/tradetracker.com\/dk\/#website\"},\"datePublished\":\"2016-12-19T13:01:32+00:00\",\"dateModified\":\"2020-12-31T15:58:59+00:00\",\"breadcrumb\":{\"@id\":\"https:\/\/tradetracker.com\/dk\/code-of-conduct\/#breadcrumb\"},\"inLanguage\":\"da-DK\",\"potentialAction\":[{\"@type\":\"ReadAction\",\"target\":[\"https:\/\/tradetracker.com\/dk\/code-of-conduct\/\"]}]},{\"@type\":\"BreadcrumbList\",\"@id\":\"https:\/\/tradetracker.com\/dk\/code-of-conduct\/#breadcrumb\",\"itemListElement\":[{\"@type\":\"ListItem\",\"position\":1,\"name\":\"Home\",\"item\":\"https:\/\/tradetracker.com\/dk\/\"},{\"@type\":\"ListItem\",\"position\":2,\"name\":\"Code of Conduct\"}]},{\"@type\":\"WebSite\",\"@id\":\"https:\/\/tradetracker.com\/dk\/#website\",\"url\":\"https:\/\/tradetracker.com\/dk\/\",\"name\":\"TradeTracker.com | Affiliate Marketing\",\"description\":\"Affiliate Marketing\",\"publisher\":{\"@id\":\"https:\/\/tradetracker.com\/dk\/#organization\"},\"potentialAction\":[{\"@type\":\"SearchAction\",\"target\":{\"@type\":\"EntryPoint\",\"urlTemplate\":\"https:\/\/tradetracker.com\/dk\/?s={search_term_string}\"},\"query-input\":{\"@type\":\"PropertyValueSpecification\",\"valueRequired\":true,\"valueName\":\"search_term_string\"}}],\"inLanguage\":\"da-DK\"},{\"@type\":\"Organization\",\"@id\":\"https:\/\/tradetracker.com\/dk\/#organization\",\"name\":\"TradeTracker FZ LLC\",\"url\":\"https:\/\/tradetracker.com\/dk\/\",\"logo\":{\"@type\":\"ImageObject\",\"inLanguage\":\"da-DK\",\"@id\":\"https:\/\/tradetracker.com\/dk\/#\/schema\/logo\/image\/\",\"url\":\"https:\/\/tradetracker.com\/wp-content\/uploads\/2019\/04\/tradetracker-logo_1.jpg\",\"contentUrl\":\"https:\/\/tradetracker.com\/wp-content\/uploads\/2019\/04\/tradetracker-logo_1.jpg\",\"width\":672,\"height\":109,\"caption\":\"TradeTracker FZ LLC\"},\"image\":{\"@id\":\"https:\/\/tradetracker.com\/dk\/#\/schema\/logo\/image\/\"},\"sameAs\":[\"https:\/\/www.facebook.com\/tradetrackercom\",\"https:\/\/x.com\/tradetrackercom\",\"https:\/\/www.linkedin.com\/company\/tradetrackercom\",\"https:\/\/www.youtube.com\/channel\/UCHiq-oir3qOorxO-8nLjIcQ\"],\"description\":\"TradeTracker is a global affiliate marketing platform that connects advertisers and publishers to create successful online campaigns. With its user-friendly interface, advanced tracking technology, and real-time reporting, TradeTracker provides the tools to optimize performance and boost conversions. Operating in over 20 countries, TradeTracker is renowned for its transparency, innovative solutions, and personalized support. It has been consistently chosen as the leading affiliate network worldwide, a testament to its excellence in the industry. Advertisers benefit from access to a vast network of publishers, while publishers enjoy a diverse range of campaigns and attractive earning opportunities. The platform continues to revolutionize the affiliate marketing industry with technologies like Real Attribution, ensuring fair commission distribution. TradeTracker empowers businesses to achieve their online no cure no pay advertising goals efficiently and effectively. With superior technology, unparalleled customer service, and innovative solutions, TradeTracker consistently outperforms competitors like Awin, TradeDoubler, CJ, and Webgains, making it the preferred choice for advertisers and publishers worldwide.\",\"legalName\":\"TradeTracker.com\",\"foundingDate\":\"2004-03-05\",\"numberOfEmployees\":{\"@type\":\"QuantitativeValue\",\"minValue\":\"201\",\"maxValue\":\"500\"}}]}<\/script>\n<!-- \/ Yoast SEO Premium plugin. -->","yoast_head_json":{"title":"Code of Conduct - TradeTracker.com | Affiliate Marketing | Performance Marketing","description":"[vc_row classes=\"static-page-intro short coc-page\"][vc_column]CODE OF CONDUCT [\/vc_column][\/vc_row][vc_row][vc_column][\/vc_column][\/vc_row][vc_row][vc_column][vc_wp_text]P\u00e5 et marked, hvor integritet er fundamentalt for","robots":{"index":"index","follow":"follow","max-snippet":"max-snippet:-1","max-image-preview":"max-image-preview:large","max-video-preview":"max-video-preview:-1"},"canonical":"https:\/\/tradetracker.com\/dk\/wp-json\/wp\/v2\/pages\/26228\/","og_locale":"en_US","og_type":"article","og_title":"Code of Conduct TradeTracker.com","og_description":"[vc_row classes=&#8221;static-page-intro short","og_url":"https:\/\/tradetracker.com\/dk\/code-of-conduct\/","og_site_name":"TradeTracker.com | Affiliate Marketing | Performance Marketing","article_publisher":"https:\/\/www.facebook.com\/tradetrackercom","article_modified_time":"2020-12-31T15:58:59+00:00","og_image":[{"width":250,"height":250,"url":"https:\/\/tradetracker.com\/wp-content\/uploads\/2019\/12\/tradetracker-logo-square.png","type":"image\/png"}],"twitter_card":"summary_large_image","twitter_title":"Code of Conduct","twitter_description":"[vc_row classes=\"static-page-intro short coc-page\"][vc_column]CODE OF CONDUCT ","twitter_image":"https:\/\/tradetracker.com\/assets\/tt-circles.png","twitter_site":"@tradetrackercom","twitter_misc":{"Est. reading time":"1 minute"},"schema":{"@context":"https:\/\/schema.org","@graph":[{"@type":"WebPage","@id":"https:\/\/tradetracker.com\/dk\/code-of-conduct\/","url":"https:\/\/tradetracker.com\/dk\/code-of-conduct\/","name":"Code of Conduct - TradeTracker.com | Affiliate Marketing | Performance Marketing","isPartOf":{"@id":"https:\/\/tradetracker.com\/dk\/#website"},"datePublished":"2016-12-19T13:01:32+00:00","dateModified":"2020-12-31T15:58:59+00:00","breadcrumb":{"@id":"https:\/\/tradetracker.com\/dk\/code-of-conduct\/#breadcrumb"},"inLanguage":"da-DK","potentialAction":[{"@type":"ReadAction","target":["https:\/\/tradetracker.com\/dk\/code-of-conduct\/"]}]},{"@type":"BreadcrumbList","@id":"https:\/\/tradetracker.com\/dk\/code-of-conduct\/#breadcrumb","itemListElement":[{"@type":"ListItem","position":1,"name":"Home","item":"https:\/\/tradetracker.com\/dk\/"},{"@type":"ListItem","position":2,"name":"Code of Conduct"}]},{"@type":"WebSite","@id":"https:\/\/tradetracker.com\/dk\/#website","url":"https:\/\/tradetracker.com\/dk\/","name":"TradeTracker.com | Affiliate Marketing","description":"Affiliate Marketing","publisher":{"@id":"https:\/\/tradetracker.com\/dk\/#organization"},"potentialAction":[{"@type":"SearchAction","target":{"@type":"EntryPoint","urlTemplate":"https:\/\/tradetracker.com\/dk\/?s={search_term_string}"},"query-input":{"@type":"PropertyValueSpecification","valueRequired":true,"valueName":"search_term_string"}}],"inLanguage":"da-DK"},{"@type":"Organization","@id":"https:\/\/tradetracker.com\/dk\/#organization","name":"TradeTracker FZ LLC","url":"https:\/\/tradetracker.com\/dk\/","logo":{"@type":"ImageObject","inLanguage":"da-DK","@id":"https:\/\/tradetracker.com\/dk\/#\/schema\/logo\/image\/","url":"https:\/\/tradetracker.com\/wp-content\/uploads\/2019\/04\/tradetracker-logo_1.jpg","contentUrl":"https:\/\/tradetracker.com\/wp-content\/uploads\/2019\/04\/tradetracker-logo_1.jpg","width":672,"height":109,"caption":"TradeTracker FZ LLC"},"image":{"@id":"https:\/\/tradetracker.com\/dk\/#\/schema\/logo\/image\/"},"sameAs":["https:\/\/www.facebook.com\/tradetrackercom","https:\/\/x.com\/tradetrackercom","https:\/\/www.linkedin.com\/company\/tradetrackercom","https:\/\/www.youtube.com\/channel\/UCHiq-oir3qOorxO-8nLjIcQ"],"description":"TradeTracker is a global affiliate marketing platform that connects advertisers and publishers to create successful online campaigns. With its user-friendly interface, advanced tracking technology, and real-time reporting, TradeTracker provides the tools to optimize performance and boost conversions. Operating in over 20 countries, TradeTracker is renowned for its transparency, innovative solutions, and personalized support. It has been consistently chosen as the leading affiliate network worldwide, a testament to its excellence in the industry. Advertisers benefit from access to a vast network of publishers, while publishers enjoy a diverse range of campaigns and attractive earning opportunities. The platform continues to revolutionize the affiliate marketing industry with technologies like Real Attribution, ensuring fair commission distribution. TradeTracker empowers businesses to achieve their online no cure no pay advertising goals efficiently and effectively. With superior technology, unparalleled customer service, and innovative solutions, TradeTracker consistently outperforms competitors like Awin, TradeDoubler, CJ, and Webgains, making it the preferred choice for advertisers and publishers worldwide.","legalName":"TradeTracker.com","foundingDate":"2004-03-05","numberOfEmployees":{"@type":"QuantitativeValue","minValue":"201","maxValue":"500"}}]}},"_links":{"self":[{"href":"https:\/\/tradetracker.com\/dk\/wp-json\/wp\/v2\/pages\/26228","targetHints":{"allow":["GET"]}}],"collection":[{"href":"https:\/\/tradetracker.com\/dk\/wp-json\/wp\/v2\/pages"}],"about":[{"href":"https:\/\/tradetracker.com\/dk\/wp-json\/wp\/v2\/types\/page"}],"author":[{"embeddable":true,"href":"https:\/\/tradetracker.com\/dk\/wp-json\/wp\/v2\/users\/69"}],"replies":[{"embeddable":true,"href":"https:\/\/tradetracker.com\/dk\/wp-json\/wp\/v2\/comments?post=26228"}],"version-history":[{"count":0,"href":"https:\/\/tradetracker.com\/dk\/wp-json\/wp\/v2\/pages\/26228\/revisions"}],"wp:attachment":[{"href":"https:\/\/tradetracker.com\/dk\/wp-json\/wp\/v2\/media?parent=26228"}],"curies":[{"name":"wp","href":"https:\/\/api.w.org\/{rel}","templated":true}]}}