{"id":26547,"date":"2017-02-15T06:49:01","date_gmt":"2017-02-15T06:49:01","guid":{"rendered":"https:\/\/tradetracker.com\/dk\/advertisers\/services\/"},"modified":"2020-12-17T11:11:59","modified_gmt":"2020-12-17T11:11:59","slug":"services","status":"publish","type":"page","link":"https:\/\/tradetracker.com\/dk\/advertisers\/services\/","title":{"rendered":"Services"},"content":{"rendered":"<div class=\"wpb-content-wrapper\"><p>[vc_row css=&#8221;.vc_custom_1607984238253{background-color: #6ebd44 !important;}&#8221; classes=&#8221;tt-single-industry tt-services&#8221;][vc_column]<div class=\"row\"><div class=\"vc_col-sm-12\"><div class=\" static-page-intro-text \" style=\"width: 75%\"><h1  style=\"color: #ffffff\" class=\"\">SERVICES<\/h1><h2  style=\"color: #ffffff\" class=\"\">Det at hoste et mangfoldigt netv\u00e6rk er noget, vi er stolte af, og uanset kampagne har vi et s\u00e6t partnere, der er ideelle til at skabe din succes.<br \/>\nVi er stolte af et specialiseret team, der er effektive til at identificere n\u00f8gle-samarbejdspartnere i vores netv\u00e6rk, som er udstyret til at bringe liv i din kampagne.<\/h2><\/div>\r\n        <\/div>\r\n    <\/div>[\/vc_column][\/vc_row][vc_row][vc_column]<div class=\"row tt-industries-page\"><div class='vc_col-sm-3' id='sidebar'><h4 class=\"lined-section\">Industries<\/h4><div class=\"widget_nav_menu\"><ul class=\"menu\"><li><a class=\"industries-back\" href=\"https:\/\/tradetracker.com\/dk\/#section-industries\/\">\u2190 Back to Industry Home<\/a><\/li><li><a href='https:\/\/tradetracker.com\/dk\/advertisers\/travel\/' class=''>Rejse<\/a><\/li><li><a href='https:\/\/tradetracker.com\/dk\/advertisers\/services\/' class='active'>Services<\/a><\/li><li><a href='https:\/\/tradetracker.com\/dk\/advertisers\/telecom\/' class=''>Telekom<\/a><\/li><li><a href='https:\/\/tradetracker.com\/dk\/advertisers\/shopping\/' class=''>Shopping<\/a><\/li><li><a href='https:\/\/tradetracker.com\/dk\/advertisers\/finance\/' class=''>\u00d8konomi<\/a><\/li><\/ul><\/div>\r\n    <\/div><div class=\"vc_col-sm-9\">\r\n                <div class=\"vc_col-sm-12\">\r\n                    <ul class=\"industry-list services\"><li><h2>Ans\u00e6ttelse, uddannelse og karriere<\/h2><p>Rettet p\u00e5 dem, der \u00f8nsker at tage det n\u00e6ste store skridt i livet. Vi introducerer de virksomheder, der er villige til at hj\u00e6lpe, for veje, hvorp\u00e5 de kan komme deres kunder i m\u00f8de.<\/p><\/li><li><h2>Blomster<\/h2><p>Intet kan lyse mere op p\u00e5 en dag end en farverig buket, og at blive en del af det at f\u00e5 den s\u00e6rlige person til at smile, er noget, vi gerne vil give en h\u00e5nd med til.<\/p><\/li><li><h2>Dating<\/h2><p>I k\u00e6rlighedens navn! Det handler om, at vi bringer to singler sammen i h\u00e5b om lidt romantik og at leve lykkeligt til deres dages ende.<\/p><\/li><li><h2>Dom\u00e6nenavne og hosting<\/h2><p>Det er fundamentalt for ethvert website at sikre sig et f\u00e6ngende navn og hoste det p\u00e5 en stabil server, og da vi selv er en online virksomhed, ved vi n\u00f8jagtigt hvad, der f\u00e5r online forretninger til at fungere.<\/p><\/li><li><h2>E-mail marketing<\/h2><p>Omdrejningspunktet for forretningskontakt og n\u00f8glen til at forblive i kontakt med din liste over abonnenter.<\/p><\/li><li><h2>Gratis services og priskonkurrencer<\/h2><p>\u201cDu skal v\u00e6re med for at kunne vinde\u201d, er ikke blot store ord at leve efter; de har aldrig v\u00e6ret mere relevante for de konkurrencedeltagere, vi introducerer for vores kunder, som h\u00e5ber at f\u00e5 jackpot.<\/p><\/li><li><h2>Jura<\/h2><p>Vi giver muligheder til professionelle services, som tager social retf\u00e6rdighed meget alvorligt og er ivrige efter at hj\u00e6lpe mennesker ud af vanskelige situationer.<\/p><\/li><li><h2>Personlige internetservices<\/h2><p>Opmuntrer mennesker til at komme til deres services med internettes nemhed og fleksibilitet og med mulighed for at g\u00f8re det uanset deres situation. Vores service hj\u00e6lper forretninger til at f\u00e5 forbindelse til og fremh\u00e6ve sig selv for dem, der har brug for dem.<\/p><\/li><li><h2>Professionelle services<\/h2><p>Giver mulighed for, at eksperter kan udvide og n\u00e5 mennesker, der s\u00f8ger efter det, de har at tilbyde. Vi hj\u00e6lper dem med at finpudse deres evner, s\u00e5 de kan introducere sig for mennesker, der har brug for deres services.<\/p><\/li><li><h2>Spil og lotteri<\/h2><p>M\u00e5lrettet kunder, som gerne vil g\u00f8re en begivenhed endnu mere interessant ved at forudsige udfaldet, og vi tilvejebringer platformen for en r\u00e6kke forskellige udbydere, der kan fremh\u00e6ve deres evner for ivrige spillere.<\/p><\/li><li><h2>Underholdning og fritid<\/h2><p>Giver events mulighed for at komme i forbindelse med websteder, som giver oplysninger til deres \u00f8nskede publikum. S\u00e6tter de to sammen og giver dem mulighed for at \u00f8ge salget af deres billetter.<\/p><\/li><li><h2>Velg\u00f8renhed<\/h2><p>Intet g\u00f8r os mere stolte end at levere en service, der kan give styrke til dem, der hj\u00e6lper med en s\u00e6rlig sag. Vores team s\u00e6tter pris p\u00e5 muligheden for at hj\u00e6lpe en nonprofit organisation til at r\u00e6kke deres hj\u00e6lp ud og vil altid g\u00e5 et ekstra skridt for dem.<\/p><\/li><\/ul><\/div><\/div><\/div>[\/vc_column][\/vc_row]<\/p>\n<\/div>","protected":false},"excerpt":{"rendered":"<p>[vc_row css=&#8221;.vc_custom_1607984238253{background-color: #6ebd44 !important;}&#8221; classes=&#8221;tt-single-industry tt-services&#8221;][vc_column][\/vc_column][\/vc_row][vc_row][vc_column][\/vc_column][\/vc_row]<\/p>\n","protected":false},"author":69,"featured_media":0,"parent":13299,"menu_order":0,"comment_status":"closed","ping_status":"closed","template":"","meta":{"inline_featured_image":false,"_monsterinsights_skip_tracking":false,"_monsterinsights_sitenote_active":false,"_monsterinsights_sitenote_note":"","_monsterinsights_sitenote_category":0,"footnotes":""},"class_list":["post-26547","page","type-page","status-publish","hentry"],"yoast_head":"<!-- This site is optimized with the Yoast SEO Premium plugin v27.0 (Yoast SEO v27.0) - https:\/\/yoast.com\/product\/yoast-seo-premium-wordpress\/ -->\n<title>Services - TradeTracker.com | Affiliate Marketing | Performance Marketing<\/title>\n<meta name=\"description\" content=\"Intet g\u00f8r os mere stolte end at levere en service, der kan give styrke til dem, der hj\u00e6lper med en s\u00e6rlig sag. Vores team s\u00e6tter pris p\u00e5 muligheden for at hj\u00e6lpe en nonprofit organisation til at r\u00e6kke deres hj\u00e6lp\" \/>\n<meta name=\"robots\" content=\"index, follow, max-snippet:-1, max-image-preview:large, max-video-preview:-1\" \/>\n<link rel=\"canonical\" href=\"https:\/\/tradetracker.com\/dk\/wp-json\/wp\/v2\/pages\/26547\/\" \/>\n<meta property=\"og:locale\" content=\"en_US\" \/>\n<meta property=\"og:type\" content=\"article\" \/>\n<meta property=\"og:title\" content=\"Services\" \/>\n<meta property=\"og:description\" content=\"[vc_row css=&#8221;.vc_custom_1607984238253{background-color: #6ebd44 !important;}&#8221; classes=&#8221;tt-single-industry tt-services&#8221;][vc_column][\/vc_column][\/vc_row][vc_row][vc_column][\/vc_column][\/vc_row]\" \/>\n<meta property=\"og:url\" content=\"https:\/\/tradetracker.com\/dk\/advertisers\/services\/\" \/>\n<meta property=\"og:site_name\" content=\"TradeTracker.com | Affiliate Marketing | Performance Marketing\" \/>\n<meta property=\"article:publisher\" content=\"https:\/\/www.facebook.com\/tradetrackercom\" \/>\n<meta property=\"article:modified_time\" content=\"2020-12-17T11:11:59+00:00\" \/>\n<meta property=\"og:image\" content=\"https:\/\/tradetracker.com\/wp-content\/uploads\/2019\/12\/tradetracker-logo-square.png\" \/>\n\t<meta property=\"og:image:width\" content=\"250\" \/>\n\t<meta property=\"og:image:height\" content=\"250\" \/>\n\t<meta property=\"og:image:type\" content=\"image\/png\" \/>\n<meta name=\"twitter:card\" content=\"summary_large_image\" \/>\n<meta name=\"twitter:site\" content=\"@tradetrackercom\" \/>\n<script type=\"application\/ld+json\" class=\"yoast-schema-graph\">{\"@context\":\"https:\/\/schema.org\",\"@graph\":[{\"@type\":\"WebPage\",\"@id\":\"https:\/\/tradetracker.com\/dk\/advertisers\/services\/\",\"url\":\"https:\/\/tradetracker.com\/dk\/advertisers\/services\/\",\"name\":\"Services - TradeTracker.com | Affiliate Marketing | Performance Marketing\",\"isPartOf\":{\"@id\":\"https:\/\/tradetracker.com\/dk\/#website\"},\"datePublished\":\"2017-02-15T06:49:01+00:00\",\"dateModified\":\"2020-12-17T11:11:59+00:00\",\"breadcrumb\":{\"@id\":\"https:\/\/tradetracker.com\/dk\/advertisers\/services\/#breadcrumb\"},\"inLanguage\":\"da-DK\",\"potentialAction\":[{\"@type\":\"ReadAction\",\"target\":[\"https:\/\/tradetracker.com\/dk\/advertisers\/services\/\"]}]},{\"@type\":\"BreadcrumbList\",\"@id\":\"https:\/\/tradetracker.com\/dk\/advertisers\/services\/#breadcrumb\",\"itemListElement\":[{\"@type\":\"ListItem\",\"position\":1,\"name\":\"Home\",\"item\":\"https:\/\/tradetracker.com\/dk\/\"},{\"@type\":\"ListItem\",\"position\":2,\"name\":\"Advertisers\",\"item\":\"https:\/\/tradetracker.com\/dk\/advertisers\/\"},{\"@type\":\"ListItem\",\"position\":3,\"name\":\"Services\"}]},{\"@type\":\"WebSite\",\"@id\":\"https:\/\/tradetracker.com\/dk\/#website\",\"url\":\"https:\/\/tradetracker.com\/dk\/\",\"name\":\"TradeTracker.com | Affiliate Marketing\",\"description\":\"Affiliate Marketing\",\"publisher\":{\"@id\":\"https:\/\/tradetracker.com\/dk\/#organization\"},\"potentialAction\":[{\"@type\":\"SearchAction\",\"target\":{\"@type\":\"EntryPoint\",\"urlTemplate\":\"https:\/\/tradetracker.com\/dk\/?s={search_term_string}\"},\"query-input\":{\"@type\":\"PropertyValueSpecification\",\"valueRequired\":true,\"valueName\":\"search_term_string\"}}],\"inLanguage\":\"da-DK\"},{\"@type\":\"Organization\",\"@id\":\"https:\/\/tradetracker.com\/dk\/#organization\",\"name\":\"TradeTracker FZ LLC\",\"url\":\"https:\/\/tradetracker.com\/dk\/\",\"logo\":{\"@type\":\"ImageObject\",\"inLanguage\":\"da-DK\",\"@id\":\"https:\/\/tradetracker.com\/dk\/#\/schema\/logo\/image\/\",\"url\":\"https:\/\/tradetracker.com\/wp-content\/uploads\/2019\/04\/tradetracker-logo_1.jpg\",\"contentUrl\":\"https:\/\/tradetracker.com\/wp-content\/uploads\/2019\/04\/tradetracker-logo_1.jpg\",\"width\":672,\"height\":109,\"caption\":\"TradeTracker FZ LLC\"},\"image\":{\"@id\":\"https:\/\/tradetracker.com\/dk\/#\/schema\/logo\/image\/\"},\"sameAs\":[\"https:\/\/www.facebook.com\/tradetrackercom\",\"https:\/\/x.com\/tradetrackercom\",\"https:\/\/www.linkedin.com\/company\/tradetrackercom\",\"https:\/\/www.youtube.com\/channel\/UCHiq-oir3qOorxO-8nLjIcQ\"],\"description\":\"TradeTracker is a global affiliate marketing platform that connects advertisers and publishers to create successful online campaigns. With its user-friendly interface, advanced tracking technology, and real-time reporting, TradeTracker provides the tools to optimize performance and boost conversions. Operating in over 20 countries, TradeTracker is renowned for its transparency, innovative solutions, and personalized support. It has been consistently chosen as the leading affiliate network worldwide, a testament to its excellence in the industry. Advertisers benefit from access to a vast network of publishers, while publishers enjoy a diverse range of campaigns and attractive earning opportunities. The platform continues to revolutionize the affiliate marketing industry with technologies like Real Attribution, ensuring fair commission distribution. TradeTracker empowers businesses to achieve their online no cure no pay advertising goals efficiently and effectively. With superior technology, unparalleled customer service, and innovative solutions, TradeTracker consistently outperforms competitors like Awin, TradeDoubler, CJ, and Webgains, making it the preferred choice for advertisers and publishers worldwide.\",\"legalName\":\"TradeTracker.com\",\"foundingDate\":\"2004-03-05\",\"numberOfEmployees\":{\"@type\":\"QuantitativeValue\",\"minValue\":\"201\",\"maxValue\":\"500\"}}]}<\/script>\n<!-- \/ Yoast SEO Premium plugin. -->","yoast_head_json":{"title":"Services - TradeTracker.com | Affiliate Marketing | Performance Marketing","description":"Intet g\u00f8r os mere stolte end at levere en service, der kan give styrke til dem, der hj\u00e6lper med en s\u00e6rlig sag. Vores team s\u00e6tter pris p\u00e5 muligheden for at hj\u00e6lpe en nonprofit organisation til at r\u00e6kke deres hj\u00e6lp","robots":{"index":"index","follow":"follow","max-snippet":"max-snippet:-1","max-image-preview":"max-image-preview:large","max-video-preview":"max-video-preview:-1"},"canonical":"https:\/\/tradetracker.com\/dk\/wp-json\/wp\/v2\/pages\/26547\/","og_locale":"en_US","og_type":"article","og_title":"Services","og_description":"[vc_row css=&#8221;.vc_custom_1607984238253{background-color: #6ebd44 !important;}&#8221; classes=&#8221;tt-single-industry tt-services&#8221;][vc_column][\/vc_column][\/vc_row][vc_row][vc_column][\/vc_column][\/vc_row]","og_url":"https:\/\/tradetracker.com\/dk\/advertisers\/services\/","og_site_name":"TradeTracker.com | Affiliate Marketing | Performance Marketing","article_publisher":"https:\/\/www.facebook.com\/tradetrackercom","article_modified_time":"2020-12-17T11:11:59+00:00","og_image":[{"width":250,"height":250,"url":"https:\/\/tradetracker.com\/wp-content\/uploads\/2019\/12\/tradetracker-logo-square.png","type":"image\/png"}],"twitter_card":"summary_large_image","twitter_site":"@tradetrackercom","schema":{"@context":"https:\/\/schema.org","@graph":[{"@type":"WebPage","@id":"https:\/\/tradetracker.com\/dk\/advertisers\/services\/","url":"https:\/\/tradetracker.com\/dk\/advertisers\/services\/","name":"Services - TradeTracker.com | Affiliate Marketing | Performance Marketing","isPartOf":{"@id":"https:\/\/tradetracker.com\/dk\/#website"},"datePublished":"2017-02-15T06:49:01+00:00","dateModified":"2020-12-17T11:11:59+00:00","breadcrumb":{"@id":"https:\/\/tradetracker.com\/dk\/advertisers\/services\/#breadcrumb"},"inLanguage":"da-DK","potentialAction":[{"@type":"ReadAction","target":["https:\/\/tradetracker.com\/dk\/advertisers\/services\/"]}]},{"@type":"BreadcrumbList","@id":"https:\/\/tradetracker.com\/dk\/advertisers\/services\/#breadcrumb","itemListElement":[{"@type":"ListItem","position":1,"name":"Home","item":"https:\/\/tradetracker.com\/dk\/"},{"@type":"ListItem","position":2,"name":"Advertisers","item":"https:\/\/tradetracker.com\/dk\/advertisers\/"},{"@type":"ListItem","position":3,"name":"Services"}]},{"@type":"WebSite","@id":"https:\/\/tradetracker.com\/dk\/#website","url":"https:\/\/tradetracker.com\/dk\/","name":"TradeTracker.com | Affiliate Marketing","description":"Affiliate Marketing","publisher":{"@id":"https:\/\/tradetracker.com\/dk\/#organization"},"potentialAction":[{"@type":"SearchAction","target":{"@type":"EntryPoint","urlTemplate":"https:\/\/tradetracker.com\/dk\/?s={search_term_string}"},"query-input":{"@type":"PropertyValueSpecification","valueRequired":true,"valueName":"search_term_string"}}],"inLanguage":"da-DK"},{"@type":"Organization","@id":"https:\/\/tradetracker.com\/dk\/#organization","name":"TradeTracker FZ LLC","url":"https:\/\/tradetracker.com\/dk\/","logo":{"@type":"ImageObject","inLanguage":"da-DK","@id":"https:\/\/tradetracker.com\/dk\/#\/schema\/logo\/image\/","url":"https:\/\/tradetracker.com\/wp-content\/uploads\/2019\/04\/tradetracker-logo_1.jpg","contentUrl":"https:\/\/tradetracker.com\/wp-content\/uploads\/2019\/04\/tradetracker-logo_1.jpg","width":672,"height":109,"caption":"TradeTracker FZ LLC"},"image":{"@id":"https:\/\/tradetracker.com\/dk\/#\/schema\/logo\/image\/"},"sameAs":["https:\/\/www.facebook.com\/tradetrackercom","https:\/\/x.com\/tradetrackercom","https:\/\/www.linkedin.com\/company\/tradetrackercom","https:\/\/www.youtube.com\/channel\/UCHiq-oir3qOorxO-8nLjIcQ"],"description":"TradeTracker is a global affiliate marketing platform that connects advertisers and publishers to create successful online campaigns. With its user-friendly interface, advanced tracking technology, and real-time reporting, TradeTracker provides the tools to optimize performance and boost conversions. Operating in over 20 countries, TradeTracker is renowned for its transparency, innovative solutions, and personalized support. It has been consistently chosen as the leading affiliate network worldwide, a testament to its excellence in the industry. Advertisers benefit from access to a vast network of publishers, while publishers enjoy a diverse range of campaigns and attractive earning opportunities. The platform continues to revolutionize the affiliate marketing industry with technologies like Real Attribution, ensuring fair commission distribution. TradeTracker empowers businesses to achieve their online no cure no pay advertising goals efficiently and effectively. With superior technology, unparalleled customer service, and innovative solutions, TradeTracker consistently outperforms competitors like Awin, TradeDoubler, CJ, and Webgains, making it the preferred choice for advertisers and publishers worldwide.","legalName":"TradeTracker.com","foundingDate":"2004-03-05","numberOfEmployees":{"@type":"QuantitativeValue","minValue":"201","maxValue":"500"}}]}},"_links":{"self":[{"href":"https:\/\/tradetracker.com\/dk\/wp-json\/wp\/v2\/pages\/26547","targetHints":{"allow":["GET"]}}],"collection":[{"href":"https:\/\/tradetracker.com\/dk\/wp-json\/wp\/v2\/pages"}],"about":[{"href":"https:\/\/tradetracker.com\/dk\/wp-json\/wp\/v2\/types\/page"}],"author":[{"embeddable":true,"href":"https:\/\/tradetracker.com\/dk\/wp-json\/wp\/v2\/users\/69"}],"replies":[{"embeddable":true,"href":"https:\/\/tradetracker.com\/dk\/wp-json\/wp\/v2\/comments?post=26547"}],"version-history":[{"count":0,"href":"https:\/\/tradetracker.com\/dk\/wp-json\/wp\/v2\/pages\/26547\/revisions"}],"up":[{"embeddable":true,"href":"https:\/\/tradetracker.com\/dk\/wp-json\/wp\/v2\/pages\/13299"}],"wp:attachment":[{"href":"https:\/\/tradetracker.com\/dk\/wp-json\/wp\/v2\/media?parent=26547"}],"curies":[{"name":"wp","href":"https:\/\/api.w.org\/{rel}","templated":true}]}}