{"id":26562,"date":"2016-12-12T11:52:36","date_gmt":"2016-12-12T11:52:36","guid":{"rendered":"https:\/\/tradetracker.com\/dk\/advertisers\/shopping\/"},"modified":"2020-12-17T11:18:11","modified_gmt":"2020-12-17T11:18:11","slug":"shopping","status":"publish","type":"page","link":"https:\/\/tradetracker.com\/dk\/advertisers\/shopping\/","title":{"rendered":"Shopping"},"content":{"rendered":"<div class=\"wpb-content-wrapper\"><p>[vc_row css=&#8221;.vc_custom_1607985154560{background-color: #f79737 !important;}&#8221; classes=&#8221;tt-single-industry tt-shopping&#8221;][vc_column]<div class=\"row\"><div class=\"vc_col-sm-12\"><div class=\" static-page-intro-text \" style=\"width: 75%\"><h1  style=\"color: #ffffff\" class=\"\">SHOPPING<\/h1><h2  style=\"color: #ffffff\" class=\"\">Fremmer k\u00f8b gennem parring af de rette publishers og annonc\u00f8rer for at tilvejebringe produkter, som kunderne \u00f8nsker. Forsynet med et konto-team, der kender alle de finere punkter ved onlineshopping og har erfaring med at forfine en kampagne med et m\u00e5lrettet publikum in mente.<\/h2><\/div>\r\n        <\/div>\r\n    <\/div>[\/vc_column][\/vc_row][vc_row][vc_column]<div class=\"row tt-industries-page\"><div class='vc_col-sm-3' id='sidebar'><h4 class=\"lined-section\">Industries<\/h4><div class=\"widget_nav_menu\"><ul class=\"menu\"><li><a class=\"industries-back\" href=\"https:\/\/tradetracker.com\/dk\/#section-industries\/\">\u2190 Back to Industry Home<\/a><\/li><li><a href='https:\/\/tradetracker.com\/dk\/advertisers\/travel\/' class=''>Rejse<\/a><\/li><li><a href='https:\/\/tradetracker.com\/dk\/advertisers\/services\/' class=''>Services<\/a><\/li><li><a href='https:\/\/tradetracker.com\/dk\/advertisers\/telecom\/' class=''>Telekom<\/a><\/li><li><a href='https:\/\/tradetracker.com\/dk\/advertisers\/shopping\/' class='active'>Shopping<\/a><\/li><li><a href='https:\/\/tradetracker.com\/dk\/advertisers\/finance\/' class=''>\u00d8konomi<\/a><\/li><\/ul><\/div>\r\n    <\/div><div class=\"vc_col-sm-9\">\r\n                <div class=\"vc_col-sm-12\">\r\n                    <ul class=\"industry-list shopping\"><li><h2>Andet<\/h2><p>Idet vi hoster s\u00e5 bredt et spektrum af publishers, vil du f\u00e5 sv\u00e6rt ved at finde en branche, som vi ikke im\u00f8dekommer. Uanset hvilken situation der er tale om, har vi s\u00e5 forskelligt et s\u00e6t klienter, at vi er sikre p\u00e5, at der er en liste af partnere, der passer til dit behov.<\/p><\/li><li><h2>Babyer og b\u00f8rn<\/h2><p>L\u00e6rings\u00e5rene er vigtige, og vi im\u00f8dekommer de forretninger, der g\u00f8r for\u00e6ldrenes job s\u00e5 meget nemmere ved at levere forn\u00f8denhederne.<\/p><\/li><li><h2>B\u00e5de og vandscootere<\/h2><p>Dem, der elsker vand, f\u00e5r kontakt til vores kunder online for alle de vigtige ting til deres oplevelser i vandet, og for at blive ved med at hoppe i.<\/p><\/li><li><h2>Biler, motorcykler og cykler<\/h2><p>Til entusiasten, eller dem, der bare har brug for at komme fra A til B, hoster vi en r\u00e6kke forskellige websteder, der dedikerer sig i at sikre, at de er udstyret til deres ture.<\/p><\/li><li><h2>B\u00f8ger, blade og aviser<\/h2><p>Et bibliotek uden ende, vores online partnere huser ethvert t\u00e6nkeligt stykke litteratur og journalistik, du kan dr\u00f8mme om, og er en bestandig kilde til inspiration og en m\u00e5de at holde sig opdateret p\u00e5.<\/p><\/li><li><h2>Daglige tilbud og gruppefordele<\/h2><p>Med nogle af de bedste handler p\u00e5 internettet giver vores klienter kunderne mulighed for at f\u00e5 fingre i deres forn\u00f8denheder og organisere events til fair priser.<\/p><\/li><li><h2>Dyr<\/h2><p>Firbenede venner, vanddyr, fugle og alle de andre bliver taget h\u00e5nd om af vores kunder, og de har konsekvente online resultater, der leverer til de vigtigste medlemmer af ethvert hjem.<\/p><\/li><li><h2>Familie<\/h2><p>For at sikre, at den tid, der bruges sammen med de k\u00e6reste, bliver brugt p\u00e5 en god m\u00e5de, har vi opn\u00e5et en r\u00e6kke kunder, der tilvejebringer muligheder for mindev\u00e6rdige oplevelser til alle typer familier.<\/p><\/li><li><h2>Festartikler<\/h2><p>De klienter, vi hoster, tilvejebringer vigtige dele til en fest og kan matche en r\u00e6kke forskellige temaer og arbejder med v\u00e6rten for at sikre, at alle f\u00e5r det sjovt.<\/p><\/li><li><h2>Gaver og gadgets<\/h2><p>At overraske nogen med en gave er helt sikkert en god m\u00e5de at komme i deres gode bog, og vi giver kunderne mulighed for at se, hvad du udbyder, og hj\u00e6lper dem med at f\u00e5 et ansigt til at smile.<\/p><\/li><li><h2>Hardware og software<\/h2><p>Vores konto-team er godt udstyret med den viden, de er brug for til at fange opm\u00e6rksomheden hos dem, der er p\u00e5 markedet for computere og tilbeh\u00f8r dertil.<\/p><\/li><li><h2>Hobby og fritid<\/h2><p>Mennesker med en passion for at engagere sig i noget, de rigtig nyder. Med vores netv\u00e6rk er det ikke sv\u00e6rt at fange deres opm\u00e6rksomhed og opmuntre dem til at \u00f8ge deres evner og forbedre deres gl\u00e6de.<\/p><\/li><li><h2>Hus og have<\/h2><p>Det at skabe et sted, hvor man bor, som b\u00e5de er dejligt inde og ude; det handler om at fremh\u00e6ve dine produkter og de reelle fordele, de kan give, og derefter vise dem sammen med nogen, der ved, hvad der motiverer et publikum til at k\u00f8be dem.<\/p><\/li><li><h2>Husholdningsartikler<\/h2><p>Til dem, der kan lide at have et komplet hjem, der fungerer og er praktisk med alle de komponenter, der g\u00f8r det komfortabelt, kan vi fremh\u00e6ve dine produkter som den n\u00e6ste n\u00f8dvendighed til publikums hjem.<\/p><\/li><li><h2>Kontor<\/h2><p>Vi im\u00f8dekommer det professionelle arbejdsrum og sikrer, at det fungerer s\u00e5 effektivt som muligt, og derfor giver vi en r\u00e6kke forskellige klienter mulighed for at fremh\u00e6ve deres produkter online med en r\u00e6kke velansete affiliates.<\/p><\/li><li><h2>Kunst og bolig<\/h2><p>Udsmykning af det kedeligste rum og skabe noget, der skaber forbavselse, det er en brise, der n\u00e5r ud til mennesker med \u00f8je for \u00e6stetik.<\/p><\/li><li><h2>Leget\u00f8j<\/h2><p>Der findes ikke noget mere dyrebart end et smil p\u00e5 dit barns ansigt, og leget\u00f8j har altid v\u00e6ret en m\u00e5de at f\u00e5 det frem p\u00e5. Vores software vil hj\u00e6lpe dig med at navigere gennem til annoncering p\u00e5 websteder, som du med garanti f\u00e5r opm\u00e6rksomhed fra.<\/p><\/li><li><h2>Mad og drikkevarer<\/h2><p>Catering, ern\u00e6ring, take-away, \u00f8kologi, alkohol og andre udbydere af godbidder til smagsl\u00f8gene bruger vores platform til at sende invitationer til dem, der s\u00f8ger at tilfredsstille et menneskeligt behov med tanke p\u00e5 gl\u00e6de.<\/p><\/li><li><h2>Mode og smykker<\/h2><p>Glamour\u00f8se og fremadt\u00e6nkende stilguruer bruger vores netv\u00e6rk til at n\u00e5 mennesker, der g\u00e5r op i detaljer, og vi forbinder dem med dem, der s\u00f8ger at supplere deres garderobe.<\/p><\/li><li><h2>Musik og video<\/h2><p>N\u00e5r medieudbyderne f\u00e5r v\u00e6rkt\u00f8jerne til at n\u00e5 dem, der har \u00f8je for deres produkter, er vores team engageret med de seneste trends, der sikrer, at din online reklame skiller sig ud fra resten.<\/p><\/li><li><h2>Spil og sjov<\/h2><p>Vi kan prale af et stort antal virksomheder, der s\u00f8ger at give energi til og udfordre deres kunder gennem konkurrence mod sig selv og andre.<\/p><\/li><li><h2>Stormagasiner<\/h2><p>Vores partnere med fysiske butikker anerkender online-verdenen som en vigtig vej til b\u00e5de at s\u00e6lge og tiltr\u00e6kke mennesker til deres udsalgssteder.<\/p><\/li><li><h2>Sundhed og sk\u00f8nhed<\/h2><p>Vil man bidrage til menneskers evne til at f\u00f8le sig godt tilpas og se godt ud, er vores platform n\u00f8glen til at n\u00e5 dem, der har magt til at influere p\u00e5 k\u00f8bem\u00f8nstret hos mennesker, der plejer deres krop.<\/p><\/li><li><h2>Voksen<\/h2><p>Vi im\u00f8dekommer leverand\u00f8rer til dem, der \u00f8nsker at give sovev\u00e6relsesaktiviteter lidt nyt liv, opmuntrer dem til at n\u00e5 et publikum, som har det komfortabelt i privatlivet i deres egen hjem.<\/p><\/li><\/ul><\/div><\/div><\/div>[\/vc_column][\/vc_row]<\/p>\n<\/div>","protected":false},"excerpt":{"rendered":"<p>[vc_row css=&#8221;.vc_custom_1607985154560{background-color: #f79737 !important;}&#8221; classes=&#8221;tt-single-industry tt-shopping&#8221;][vc_column][\/vc_column][\/vc_row][vc_row][vc_column][\/vc_column][\/vc_row]<\/p>\n","protected":false},"author":69,"featured_media":0,"parent":13299,"menu_order":0,"comment_status":"closed","ping_status":"closed","template":"","meta":{"inline_featured_image":false,"_monsterinsights_skip_tracking":false,"_monsterinsights_sitenote_active":false,"_monsterinsights_sitenote_note":"","_monsterinsights_sitenote_category":0,"footnotes":""},"class_list":["post-26562","page","type-page","status-publish","hentry"],"yoast_head":"<!-- This site is optimized with the Yoast SEO Premium plugin v27.0 (Yoast SEO v27.0) - https:\/\/yoast.com\/product\/yoast-seo-premium-wordpress\/ -->\n<title>Shopping - TradeTracker.com | Affiliate Marketing | Performance Marketing<\/title>\n<meta name=\"description\" content=\"Vi im\u00f8dekommer leverand\u00f8rer til dem, der \u00f8nsker at give sovev\u00e6relsesaktiviteter lidt nyt liv, opmuntrer dem til at n\u00e5 et publikum, som har det komfortabelt i privatlivet i deres egen hjem.\" \/>\n<meta name=\"robots\" content=\"index, follow, max-snippet:-1, max-image-preview:large, max-video-preview:-1\" \/>\n<link rel=\"canonical\" href=\"https:\/\/tradetracker.com\/dk\/wp-json\/wp\/v2\/pages\/26562\/\" \/>\n<meta property=\"og:locale\" content=\"en_US\" \/>\n<meta property=\"og:type\" content=\"article\" \/>\n<meta property=\"og:title\" content=\"Shopping\" \/>\n<meta property=\"og:description\" content=\"[vc_row css=&#8221;.vc_custom_1607985154560{background-color: #f79737 !important;}&#8221; classes=&#8221;tt-single-industry tt-shopping&#8221;][vc_column][\/vc_column][\/vc_row][vc_row][vc_column][\/vc_column][\/vc_row]\" \/>\n<meta property=\"og:url\" content=\"https:\/\/tradetracker.com\/dk\/advertisers\/shopping\/\" \/>\n<meta property=\"og:site_name\" content=\"TradeTracker.com | Affiliate Marketing | Performance Marketing\" \/>\n<meta property=\"article:publisher\" content=\"https:\/\/www.facebook.com\/tradetrackercom\" \/>\n<meta property=\"article:modified_time\" content=\"2020-12-17T11:18:11+00:00\" \/>\n<meta property=\"og:image\" content=\"https:\/\/tradetracker.com\/wp-content\/uploads\/2019\/12\/tradetracker-logo-square.png\" \/>\n\t<meta property=\"og:image:width\" content=\"250\" \/>\n\t<meta property=\"og:image:height\" content=\"250\" \/>\n\t<meta property=\"og:image:type\" content=\"image\/png\" \/>\n<meta name=\"twitter:card\" content=\"summary_large_image\" \/>\n<meta name=\"twitter:site\" content=\"@tradetrackercom\" \/>\n<script type=\"application\/ld+json\" class=\"yoast-schema-graph\">{\"@context\":\"https:\/\/schema.org\",\"@graph\":[{\"@type\":\"WebPage\",\"@id\":\"https:\/\/tradetracker.com\/dk\/advertisers\/shopping\/\",\"url\":\"https:\/\/tradetracker.com\/dk\/advertisers\/shopping\/\",\"name\":\"Shopping - TradeTracker.com | Affiliate Marketing | Performance Marketing\",\"isPartOf\":{\"@id\":\"https:\/\/tradetracker.com\/dk\/#website\"},\"datePublished\":\"2016-12-12T11:52:36+00:00\",\"dateModified\":\"2020-12-17T11:18:11+00:00\",\"breadcrumb\":{\"@id\":\"https:\/\/tradetracker.com\/dk\/advertisers\/shopping\/#breadcrumb\"},\"inLanguage\":\"da-DK\",\"potentialAction\":[{\"@type\":\"ReadAction\",\"target\":[\"https:\/\/tradetracker.com\/dk\/advertisers\/shopping\/\"]}]},{\"@type\":\"BreadcrumbList\",\"@id\":\"https:\/\/tradetracker.com\/dk\/advertisers\/shopping\/#breadcrumb\",\"itemListElement\":[{\"@type\":\"ListItem\",\"position\":1,\"name\":\"Home\",\"item\":\"https:\/\/tradetracker.com\/dk\/\"},{\"@type\":\"ListItem\",\"position\":2,\"name\":\"Advertisers\",\"item\":\"https:\/\/tradetracker.com\/dk\/advertisers\/\"},{\"@type\":\"ListItem\",\"position\":3,\"name\":\"Shopping\"}]},{\"@type\":\"WebSite\",\"@id\":\"https:\/\/tradetracker.com\/dk\/#website\",\"url\":\"https:\/\/tradetracker.com\/dk\/\",\"name\":\"TradeTracker.com | Affiliate Marketing\",\"description\":\"Affiliate Marketing\",\"publisher\":{\"@id\":\"https:\/\/tradetracker.com\/dk\/#organization\"},\"potentialAction\":[{\"@type\":\"SearchAction\",\"target\":{\"@type\":\"EntryPoint\",\"urlTemplate\":\"https:\/\/tradetracker.com\/dk\/?s={search_term_string}\"},\"query-input\":{\"@type\":\"PropertyValueSpecification\",\"valueRequired\":true,\"valueName\":\"search_term_string\"}}],\"inLanguage\":\"da-DK\"},{\"@type\":\"Organization\",\"@id\":\"https:\/\/tradetracker.com\/dk\/#organization\",\"name\":\"TradeTracker FZ LLC\",\"url\":\"https:\/\/tradetracker.com\/dk\/\",\"logo\":{\"@type\":\"ImageObject\",\"inLanguage\":\"da-DK\",\"@id\":\"https:\/\/tradetracker.com\/dk\/#\/schema\/logo\/image\/\",\"url\":\"https:\/\/tradetracker.com\/wp-content\/uploads\/2019\/04\/tradetracker-logo_1.jpg\",\"contentUrl\":\"https:\/\/tradetracker.com\/wp-content\/uploads\/2019\/04\/tradetracker-logo_1.jpg\",\"width\":672,\"height\":109,\"caption\":\"TradeTracker FZ LLC\"},\"image\":{\"@id\":\"https:\/\/tradetracker.com\/dk\/#\/schema\/logo\/image\/\"},\"sameAs\":[\"https:\/\/www.facebook.com\/tradetrackercom\",\"https:\/\/x.com\/tradetrackercom\",\"https:\/\/www.linkedin.com\/company\/tradetrackercom\",\"https:\/\/www.youtube.com\/channel\/UCHiq-oir3qOorxO-8nLjIcQ\"],\"description\":\"TradeTracker is a global affiliate marketing platform that connects advertisers and publishers to create successful online campaigns. With its user-friendly interface, advanced tracking technology, and real-time reporting, TradeTracker provides the tools to optimize performance and boost conversions. Operating in over 20 countries, TradeTracker is renowned for its transparency, innovative solutions, and personalized support. It has been consistently chosen as the leading affiliate network worldwide, a testament to its excellence in the industry. Advertisers benefit from access to a vast network of publishers, while publishers enjoy a diverse range of campaigns and attractive earning opportunities. The platform continues to revolutionize the affiliate marketing industry with technologies like Real Attribution, ensuring fair commission distribution. TradeTracker empowers businesses to achieve their online no cure no pay advertising goals efficiently and effectively. With superior technology, unparalleled customer service, and innovative solutions, TradeTracker consistently outperforms competitors like Awin, TradeDoubler, CJ, and Webgains, making it the preferred choice for advertisers and publishers worldwide.\",\"legalName\":\"TradeTracker.com\",\"foundingDate\":\"2004-03-05\",\"numberOfEmployees\":{\"@type\":\"QuantitativeValue\",\"minValue\":\"201\",\"maxValue\":\"500\"}}]}<\/script>\n<!-- \/ Yoast SEO Premium plugin. -->","yoast_head_json":{"title":"Shopping - TradeTracker.com | Affiliate Marketing | Performance Marketing","description":"Vi im\u00f8dekommer leverand\u00f8rer til dem, der \u00f8nsker at give sovev\u00e6relsesaktiviteter lidt nyt liv, opmuntrer dem til at n\u00e5 et publikum, som har det komfortabelt i privatlivet i deres egen hjem.","robots":{"index":"index","follow":"follow","max-snippet":"max-snippet:-1","max-image-preview":"max-image-preview:large","max-video-preview":"max-video-preview:-1"},"canonical":"https:\/\/tradetracker.com\/dk\/wp-json\/wp\/v2\/pages\/26562\/","og_locale":"en_US","og_type":"article","og_title":"Shopping","og_description":"[vc_row css=&#8221;.vc_custom_1607985154560{background-color: #f79737 !important;}&#8221; classes=&#8221;tt-single-industry tt-shopping&#8221;][vc_column][\/vc_column][\/vc_row][vc_row][vc_column][\/vc_column][\/vc_row]","og_url":"https:\/\/tradetracker.com\/dk\/advertisers\/shopping\/","og_site_name":"TradeTracker.com | Affiliate Marketing | Performance Marketing","article_publisher":"https:\/\/www.facebook.com\/tradetrackercom","article_modified_time":"2020-12-17T11:18:11+00:00","og_image":[{"width":250,"height":250,"url":"https:\/\/tradetracker.com\/wp-content\/uploads\/2019\/12\/tradetracker-logo-square.png","type":"image\/png"}],"twitter_card":"summary_large_image","twitter_site":"@tradetrackercom","schema":{"@context":"https:\/\/schema.org","@graph":[{"@type":"WebPage","@id":"https:\/\/tradetracker.com\/dk\/advertisers\/shopping\/","url":"https:\/\/tradetracker.com\/dk\/advertisers\/shopping\/","name":"Shopping - TradeTracker.com | Affiliate Marketing | Performance Marketing","isPartOf":{"@id":"https:\/\/tradetracker.com\/dk\/#website"},"datePublished":"2016-12-12T11:52:36+00:00","dateModified":"2020-12-17T11:18:11+00:00","breadcrumb":{"@id":"https:\/\/tradetracker.com\/dk\/advertisers\/shopping\/#breadcrumb"},"inLanguage":"da-DK","potentialAction":[{"@type":"ReadAction","target":["https:\/\/tradetracker.com\/dk\/advertisers\/shopping\/"]}]},{"@type":"BreadcrumbList","@id":"https:\/\/tradetracker.com\/dk\/advertisers\/shopping\/#breadcrumb","itemListElement":[{"@type":"ListItem","position":1,"name":"Home","item":"https:\/\/tradetracker.com\/dk\/"},{"@type":"ListItem","position":2,"name":"Advertisers","item":"https:\/\/tradetracker.com\/dk\/advertisers\/"},{"@type":"ListItem","position":3,"name":"Shopping"}]},{"@type":"WebSite","@id":"https:\/\/tradetracker.com\/dk\/#website","url":"https:\/\/tradetracker.com\/dk\/","name":"TradeTracker.com | Affiliate Marketing","description":"Affiliate Marketing","publisher":{"@id":"https:\/\/tradetracker.com\/dk\/#organization"},"potentialAction":[{"@type":"SearchAction","target":{"@type":"EntryPoint","urlTemplate":"https:\/\/tradetracker.com\/dk\/?s={search_term_string}"},"query-input":{"@type":"PropertyValueSpecification","valueRequired":true,"valueName":"search_term_string"}}],"inLanguage":"da-DK"},{"@type":"Organization","@id":"https:\/\/tradetracker.com\/dk\/#organization","name":"TradeTracker FZ LLC","url":"https:\/\/tradetracker.com\/dk\/","logo":{"@type":"ImageObject","inLanguage":"da-DK","@id":"https:\/\/tradetracker.com\/dk\/#\/schema\/logo\/image\/","url":"https:\/\/tradetracker.com\/wp-content\/uploads\/2019\/04\/tradetracker-logo_1.jpg","contentUrl":"https:\/\/tradetracker.com\/wp-content\/uploads\/2019\/04\/tradetracker-logo_1.jpg","width":672,"height":109,"caption":"TradeTracker FZ LLC"},"image":{"@id":"https:\/\/tradetracker.com\/dk\/#\/schema\/logo\/image\/"},"sameAs":["https:\/\/www.facebook.com\/tradetrackercom","https:\/\/x.com\/tradetrackercom","https:\/\/www.linkedin.com\/company\/tradetrackercom","https:\/\/www.youtube.com\/channel\/UCHiq-oir3qOorxO-8nLjIcQ"],"description":"TradeTracker is a global affiliate marketing platform that connects advertisers and publishers to create successful online campaigns. With its user-friendly interface, advanced tracking technology, and real-time reporting, TradeTracker provides the tools to optimize performance and boost conversions. Operating in over 20 countries, TradeTracker is renowned for its transparency, innovative solutions, and personalized support. It has been consistently chosen as the leading affiliate network worldwide, a testament to its excellence in the industry. Advertisers benefit from access to a vast network of publishers, while publishers enjoy a diverse range of campaigns and attractive earning opportunities. The platform continues to revolutionize the affiliate marketing industry with technologies like Real Attribution, ensuring fair commission distribution. TradeTracker empowers businesses to achieve their online no cure no pay advertising goals efficiently and effectively. With superior technology, unparalleled customer service, and innovative solutions, TradeTracker consistently outperforms competitors like Awin, TradeDoubler, CJ, and Webgains, making it the preferred choice for advertisers and publishers worldwide.","legalName":"TradeTracker.com","foundingDate":"2004-03-05","numberOfEmployees":{"@type":"QuantitativeValue","minValue":"201","maxValue":"500"}}]}},"_links":{"self":[{"href":"https:\/\/tradetracker.com\/dk\/wp-json\/wp\/v2\/pages\/26562","targetHints":{"allow":["GET"]}}],"collection":[{"href":"https:\/\/tradetracker.com\/dk\/wp-json\/wp\/v2\/pages"}],"about":[{"href":"https:\/\/tradetracker.com\/dk\/wp-json\/wp\/v2\/types\/page"}],"author":[{"embeddable":true,"href":"https:\/\/tradetracker.com\/dk\/wp-json\/wp\/v2\/users\/69"}],"replies":[{"embeddable":true,"href":"https:\/\/tradetracker.com\/dk\/wp-json\/wp\/v2\/comments?post=26562"}],"version-history":[{"count":0,"href":"https:\/\/tradetracker.com\/dk\/wp-json\/wp\/v2\/pages\/26562\/revisions"}],"up":[{"embeddable":true,"href":"https:\/\/tradetracker.com\/dk\/wp-json\/wp\/v2\/pages\/13299"}],"wp:attachment":[{"href":"https:\/\/tradetracker.com\/dk\/wp-json\/wp\/v2\/media?parent=26562"}],"curies":[{"name":"wp","href":"https:\/\/api.w.org\/{rel}","templated":true}]}}