{"id":1245439,"date":"2025-12-16T20:28:21","date_gmt":"2025-12-16T20:28:21","guid":{"rendered":"https:\/\/tradetracker.com\/video-ads\/"},"modified":"2025-12-18T15:17:04","modified_gmt":"2025-12-18T15:17:04","slug":"video-ads","status":"publish","type":"page","link":"https:\/\/tradetracker.com\/ee\/video-ads\/","title":{"rendered":"Video Ads"},"content":{"rendered":"<div class=\"wpb-content-wrapper\"><p>[vc_row classes=&#8221;admonitor-page-detail&#8221; row_title=&#8221;header&#8221; el_id=&#8221;section-banner&#8221;][vc_column]<div class=\"row\"><div class=\"vc_col-sm-12\"><div class=\"industry-page-intro-text\"><h1  class=\"\">Suurenda konversioone<br \/><br \/>\nVideo Ads<\/h1><h2  class=\"\">Saavuta m\u00f5\u00f5detavaid tulemusi videokampaaniatega, mis t\u00f5esti toimivad. TradeTrackeri Video Ads l\u00e4hevad kaugemale vaatamistest ja klikkidest, keskendudes t\u00f5elisele kaasatusele ja konversioonidele, mis toovad \u00e4rilisi tulemusi.<\/h2><\/div>\r\n        <\/div>\r\n    <\/div><div class=\"space\"><\/div>[\/vc_column][\/vc_row][vc_row el_class=&#8221;banner-section&#8221; css=&#8221;.vc_custom_1765552670824{padding-top: 60px !important;padding-bottom: 60px !important;background-color: #ffffff !important;}&#8221; classes=&#8221;attr-row attr-row-layout banner-section&#8221; row_title=&#8221;video section&#8221;][vc_column]<div class=\"space\"><\/div>[vc_raw_html css=&#8221;&#8221;]JTNDaDIlMjBzdHlsZSUzRCUyMmNvbG9yJTNBJTIwJTIzM2M0ODVjJTNCdGV4dC1hbGlnbiUzQSUyMGNlbnRlciUzQmZvbnQtd2VpZ2h0JTNBJTIwNjAwJTNCJTIyJTNFVmlkZW8lMjBBZHMlMjB1dWVzdGklMjBsb29kdWQlM0ElMjBkaXNhaW5pdHVkJTIwdHVsZW11c2Vrcy4lM0NiciUyRiUzRSUyMCUzQ3NwYW4lMjBzdHlsZSUzRCUyMmNvbG9yJTNBJTIzRUYzQzIzJTIyJTNFTG9vZHVkJTIwa29udmVydGVlcmltYS4lM0MlMkZzcGFuJTNFJTNDJTJGaDIlM0U=[\/vc_raw_html][vc_custom_heading text=&#8221;Video on endiselt digitaalse turunduse k\u00f5ige m\u00f5jusam formaat. See \u00fchendab pildi, heli ja liikumise, et kiiresti t\u00e4helepanu haarata ja hoida huvi kauem kui staatilised visuaalid. Meie tulemusp\u00f5hised Video Ads pakuvad kaupmeestele m\u00f5\u00f5detavat, l\u00e4bipaistvat ja tulemustele suunatud reklaamiviisi.&#8221; font_container=&#8221;tag:p|text_align:center|color:%233c485c&#8221; use_theme_fonts=&#8221;yes&#8221; css_animation=&#8221;none&#8221; css=&#8221;&#8221;][vc_empty_space height=&#8221;40&#8243;][vc_raw_html css=&#8221;&#8221;]JTNDZGl2JTIwc3R5bGUlM0QlMjJwYWRkaW5nJTNBNTYuMjUlMjUlMjAwJTIwMCUyMDAlM0Jwb3NpdGlvbiUzQXJlbGF0aXZlJTNCYm94LXNoYWRvdyUzQSUyMDAlMjAycHglMjA5cHglMjAwJTIwcmdiYSUyODAlMkMlMjAwJTJDJTIwMCUyQyUyMC4yJTI5JTNCYm9yZGVyLXJhZGl1cyUzQSUyMDEwcHglM0JvdmVyZmxvdyUzQSUyMGhpZGRlbiUzQiUyMiUzRSUwQSUyMCUyMCUyMCUyMCUzQ2lmcmFtZSUyMHNyYyUzRCUyMmh0dHBzJTNBJTJGJTJGcGxheWVyLnZpbWVvLmNvbSUyRnZpZGVvJTJGMTE0NTk2MzgzMCUzRmJhZGdlJTNEMCUyNmFtcCUzQmF1dG9wYXVzZSUzRDAlMjZhbXAlM0JwbGF5ZXJfaWQlM0QwJTI2YW1wJTNCYXBwX2lkJTNENTg0NzklMjZhbXAlM0JhdXRvcGxheSUzRDElMjIlMjBmcmFtZWJvcmRlciUzRCUyMjAlMjIlMjBhbGxvdyUzRCUyMmF1dG9wbGF5JTNCJTIwZnVsbHNjcmVlbiUzQiUyMHBpY3R1cmUtaW4tcGljdHVyZSUzQiUyMGNsaXBib2FyZC13cml0ZSUzQiUyMGVuY3J5cHRlZC1tZWRpYSUzQiUyMHdlYi1zaGFyZSUyMiUyMHJlZmVycmVycG9saWN5JTNEJTIyc3RyaWN0LW9yaWdpbi13aGVuLWNyb3NzLW9yaWdpbiUyMiUyMHN0eWxlJTNEJTIycG9zaXRpb24lM0FhYnNvbHV0ZSUzQnRvcCUzQTAlM0JsZWZ0JTNBMCUzQndpZHRoJTNBMTAwJTI1JTNCaGVpZ2h0JTNBMTAwJTI1JTNCJTIyJTIwdGl0bGUlM0QlMjJ2aWRlby1hZHMtcmVsZWFzZSUyMiUzRSUzQyUyRmlmcmFtZSUzRSUwQSUzQyUyRmRpdiUzRSUwQSUzQ3NjcmlwdCUyMHNyYyUzRCUyMmh0dHBzJTNBJTJGJTJGcGxheWVyLnZpbWVvLmNvbSUyRmFwaSUyRnBsYXllci5qcyUyMiUzRSUzQyUyRnNjcmlwdCUzRQ==[\/vc_raw_html][vc_empty_space height=&#8221;40&#8243;][\/vc_column][\/vc_row][vc_row el_id=&#8221;section-real-attribution&#8221;][vc_column][vc_row_inner][vc_column_inner][vc_empty_space height=&#8221;40px&#8221;][\/vc_column_inner][\/vc_row_inner][vc_row_inner el_class=&#8221;line&#8221;][vc_column_inner width=&#8221;1\/2&#8243;][vc_custom_heading text=&#8221;Video Ads edestavad<br \/>\nk\u00f5iki teisi formaate&#8221; font_container=&#8221;tag:h2|font_size:34px|text_align:left|line_height:40px&#8221; google_fonts=&#8221;font_family:Roboto%3A100%2C100italic%2C300%2C300italic%2Cregular%2Citalic%2C500%2C500italic%2C700%2C700italic%2C900%2C900italic|font_style:500%20bold%20regular%3A500%3Anormal&#8221; css=&#8221;&#8221;][vc_wp_text el_class=&#8221;attribution-features&#8221;]<\/p>\n<h4>Kohene t\u00e4helepanu<\/h4>\n<p>P\u00fc\u00fca t\u00e4helepanu kiiremini m\u00f5jusate videopaigutustega, mis hoiavad huvi kogu s\u00f5numi v\u00e4ltel.<\/p>\n<h4>Tugevam lugude jutustamine<\/h4>\n<p>Kasuta liikumist ja heli loo jutustamiseks, mis k\u00f5netab ja loob usaldust.<\/p>\n<h4>Suurem m\u00f5ju konversioonidele<\/h4>\n<p>M\u00f5juta ostuotsuseid t\u00f5husamalt kui traditsiooniliste staatiliste v\u00f5i tekstip\u00f5histe reklaamidega.[\/vc_wp_text][\/vc_column_inner][vc_column_inner width=&#8221;1\/2&#8243;][vc_single_image image=&#8221;1244071&#8243; img_size=&#8221;full&#8221; css=&#8221;.vc_custom_1765554185612{margin-top: 30px !important;margin-bottom: 20px !important;}&#8221; el_class=&#8221;attribution-image&#8221;][\/vc_column_inner][\/vc_row_inner][vc_row_inner][vc_column_inner][vc_empty_space height=&#8221;120px&#8221;][\/vc_column_inner][\/vc_row_inner][vc_row_inner][vc_column_inner width=&#8221;1\/2&#8243;][vc_single_image image=&#8221;1244493&#8243; img_size=&#8221;full&#8221; css=&#8221;.vc_custom_1765916117724{margin-top: 30px !important;margin-bottom: 20px !important;}&#8221; el_class=&#8221;attribution-image&#8221;][\/vc_column_inner][vc_column_inner width=&#8221;1\/2&#8243;][vc_custom_heading text=&#8221;L\u00e4bipaistvus<br \/>\nmis loob usaldust&#8221; font_container=&#8221;tag:h2|font_size:34px|text_align:left|line_height:40px&#8221; google_fonts=&#8221;font_family:Roboto%3A100%2C100italic%2C300%2C300italic%2Cregular%2Citalic%2C500%2C500italic%2C700%2C700italic%2C900%2C900italic|font_style:500%20bold%20regular%3A500%3Anormal&#8221; css=&#8221;&#8221;][vc_wp_text el_class=&#8221;attribution-features&#8221;]<\/p>\n<h4>Reaalajas tulemuslikkuse j\u00e4lgimine<\/h4>\n<p>J\u00e4lgi iga vaatamist, kaasatust ja konversiooni reaalajas k\u00f5igis paigutustes.<\/p>\n<h4>Rakendatavad tulemuslikkuse \u00fclevaated<\/h4>\n<p>Kasuta detailseid m\u00f5\u00f5dikuid loovlahenduste ja sihtimise optimeerimiseks.<\/p>\n<h4>Tulemustel p\u00f5hinev vastutus<\/h4>\n<p>Tagab t\u00e4ieliku vastutuse kampaaniatega, mida m\u00f5\u00f5detakse ainult tegelike tulemuste alusel.[\/vc_wp_text][\/vc_column_inner][\/vc_row_inner][vc_row_inner][vc_column_inner][vc_empty_space height=&#8221;120px&#8221;][\/vc_column_inner][\/vc_row_inner][vc_row_inner][vc_column_inner width=&#8221;1\/2&#8243;][vc_custom_heading text=&#8221;Sujuv osa sinu<br \/>\nturundusmiksist&#8221; font_container=&#8221;tag:h2|font_size:34px|text_align:left|line_height:40px&#8221; google_fonts=&#8221;font_family:Roboto%3A100%2C100italic%2C300%2C300italic%2Cregular%2Citalic%2C500%2C500italic%2C700%2C700italic%2C900%2C900italic|font_style:500%20bold%20regular%3A500%3Anormal&#8221; css=&#8221;&#8221;][vc_wp_text el_class=&#8221;attribution-features&#8221;]<\/p>\n<h4>Natiivne integratsioon v\u00e4ljaandjatega<\/h4>\n<p>Reklaamid sobituvad loomulikult v\u00e4ljaandjate keskkondadesse, s\u00e4ilitades sujuva kasutajakogemuse.<\/p>\n<h4>Seadmetevaheline ulatus<\/h4>\n<p>J\u00f5ua tarbijateni seal, kus nad tegutsevad, lauaarvutis, mobiilis v\u00f5i rakendustes.<\/p>\n<h4>Usaldusv\u00e4\u00e4rne v\u00e4ljaandjate v\u00f5rgustik<\/h4>\n<p>Kasuta usaldusv\u00e4\u00e4rsete v\u00e4ljaandjate v\u00f5rgustikku kvaliteetse n\u00e4htavuse ja br\u00e4nditurvaliste keskkondade jaoks.[\/vc_wp_text][\/vc_column_inner][vc_column_inner width=&#8221;1\/2&#8243;][vc_single_image image=&#8221;1244523&#8243; img_size=&#8221;full&#8221; css=&#8221;.vc_custom_1765916151371{margin-top: 30px !important;margin-bottom: 20px !important;}&#8221; el_class=&#8221;attribution-image&#8221;][\/vc_column_inner][\/vc_row_inner][vc_row_inner][vc_column_inner][vc_empty_space height=&#8221;40px&#8221;][\/vc_column_inner][\/vc_row_inner][\/vc_column][\/vc_row][vc_row css=&#8221;.vc_custom_1765819653166{padding-top: 80px !important;padding-bottom: 80px !important;}&#8221; el_id=&#8221;section-performance-based-video-ads&#8221;][vc_column][vc_raw_html css=&#8221;&#8221;]JTNDZGl2JTIwaWQlM0QlMjJ0dC1wZXJmb3JtYW5jZS1iYXNlZC12aWRlby1hZHMtcm9vdCUyMiUzRSUzQyUyRmRpdiUzRQ==[\/vc_raw_html][\/vc_column][\/vc_row][vc_row css=&#8221;.vc_custom_1765819196995{padding-top: 80px !important;padding-bottom: 80px !important;background-color: #F3F6FA !important;}&#8221; el_id=&#8221;section-proven-effectiveness&#8221;][vc_column][vc_raw_html css=&#8221;&#8221;]JTNDZGl2JTIwaWQlM0QlMjJ0dC1wcm92ZW4tZWZmZWN0aXZlbmVzcy1yb290JTIyJTNFJTNDJTJGZGl2JTNF[\/vc_raw_html][\/vc_column][\/vc_row][vc_row row_title=&#8221;benefits-black-section&#8221; css=&#8221;.vc_custom_1765997837292{background-color: #2A261D !important;}&#8221;][vc_column][vc_raw_html css=&#8221;&#8221;]JTNDZGl2JTIwaWQlM0QlMjJ0dC1iZW5lZml0cy1yb290JTIyJTNFJTNDJTJGZGl2JTNF[\/vc_raw_html][\/vc_column][\/vc_row][vc_row row_title=&#8221;image flow section&#8221;][vc_column][vc_raw_html css=&#8221;&#8221; el_id=&#8221;ttvcs&#8221;]JTNDZGl2JTIwaWQlM0QlMjJ0dGN2cy1yb290JTIyJTNFJTNDJTJGZGl2JTNF[\/vc_raw_html][\/vc_column][\/vc_row][vc_row row_title=&#8221;four-blocks-section&#8221; css=&#8221;.vc_custom_1765991114417{background-color: #EF3C23 !important;}&#8221;][vc_column][vc_raw_html css=&#8221;&#8221;]JTNDZGl2JTIwaWQlM0QlMjJ0dC13aHktc2VjdGlvbi1yb290JTIyJTNFJTNDJTJGZGl2JTNF[\/vc_raw_html][\/vc_column][\/vc_row][vc_row row_title=&#8221;faq-minus-solved-2&#8243; css=&#8221;.vc_custom_1765996670111{background-color: #F3F6FA !important;}&#8221;][vc_column][vc_raw_html css=&#8221;.vc_custom_1766032698816{background-color: #F3F6FA !important;}&#8221;]JTNDZGl2JTIwaWQlM0QlMjJ0dC1mYXEtcm9vdCUyMiUzRSUzQyUyRmRpdiUzRQ==[\/vc_raw_html][\/vc_column][\/vc_row][vc_row row_title=&#8221;cta-section&#8221;][vc_column][vc_raw_html css=&#8221;&#8221;]JTNDZGl2JTIwaWQlM0QlMjJ0dC1jdGEtcm9vdCUyMiUzRSUzQyUyRmRpdiUzRQ==[\/vc_raw_html][\/vc_column][\/vc_row]<\/p>\n<\/div>","protected":false},"excerpt":{"rendered":"<p>[vc_row classes=&#8221;admonitor-page-detail&#8221; row_title=&#8221;header&#8221; el_id=&#8221;section-banner&#8221;][vc_column][\/vc_column][\/vc_row][vc_row el_class=&#8221;banner-section&#8221; css=&#8221;.vc_custom_1765552670824{padding-top: 60px !important;padding-bottom: 60px !important;background-color: #ffffff !important;}&#8221; classes=&#8221;attr-row attr-row-layout banner-section&#8221; row_title=&#8221;video section&#8221;][vc_column][vc_raw_html css=&#8221;&#8221;]JTNDaDIlMjBzdHlsZSUzRCUyMmNvbG9yJTNBJTIwJTIzM2M0ODVjJTNCdGV4dC1hbGlnbiUzQSUyMGNlbnRlciUzQmZvbnQtd2VpZ2h0JTNBJTIwNjAwJTNCJTIyJTNFVmlkZW8lMjBBZHMlMjB1dWVzdGklMjBsb29kdWQlM0ElMjBkaXNhaW5pdHVkJTIwdHVsZW11c2Vrcy4lM0NiciUyRiUzRSUyMCUzQ3NwYW4lMjBzdHlsZSUzRCUyMmNvbG9yJTNBJTIzRUYzQzIzJTIyJTNFTG9vZHVkJTIwa29udmVydGVlcmltYS4lM0MlMkZzcGFuJTNFJTNDJTJGaDIlM0U=[\/vc_raw_html][vc_custom_heading text=&#8221;Video on endiselt digitaalse turunduse k\u00f5ige m\u00f5jusam formaat. See \u00fchendab pildi, heli ja liikumise, et kiiresti t\u00e4helepanu haarata ja hoida huvi kauem kui staatilised visuaalid. Meie tulemusp\u00f5hised Video Ads pakuvad kaupmeestele m\u00f5\u00f5detavat, l\u00e4bipaistvat ja tulemustele suunatud reklaamiviisi.&#8221;  [&#8230;]<\/p>\n","protected":false},"author":37,"featured_media":0,"parent":0,"menu_order":0,"comment_status":"closed","ping_status":"closed","template":"","meta":{"inline_featured_image":false,"_monsterinsights_skip_tracking":false,"_monsterinsights_sitenote_active":false,"_monsterinsights_sitenote_note":"","_monsterinsights_sitenote_category":0,"footnotes":""},"class_list":["post-1245439","page","type-page","status-publish","hentry"],"yoast_head":"<!-- This site is optimized with the Yoast SEO Premium plugin v27.0 (Yoast SEO v27.0) - https:\/\/yoast.com\/product\/yoast-seo-premium-wordpress\/ -->\n<title>Video Ads - TradeTracker.com | Affiliate Marketing | Performance Marketing<\/title>\n<meta name=\"description\" content=\"[vc_row classes=&quot;admonitor-page-detail&quot; row_title=&quot;header&quot; el_id=&quot;section-banner&quot;][vc_column]Suurenda konversioone Video AdsSaavuta m\u00f5\u00f5detavaid tulemusi videokampaaniatega, mis t\u00f5esti toimivad. TradeTrackeri Video Ads\" \/>\n<meta name=\"robots\" content=\"index, follow, max-snippet:-1, max-image-preview:large, max-video-preview:-1\" \/>\n<link rel=\"canonical\" href=\"https:\/\/tradetracker.com\/ee\/wp-json\/wp\/v2\/pages\/1245439\/\" \/>\n<meta property=\"og:locale\" content=\"en_US\" \/>\n<meta property=\"og:type\" content=\"article\" \/>\n<meta property=\"og:title\" content=\"Video Ads TradeTracker.com\" \/>\n<meta property=\"og:description\" content=\"[vc_row classes=&#8221;admonitor-page-detail&#8221;\" \/>\n<meta property=\"og:url\" content=\"https:\/\/tradetracker.com\/ee\/video-ads\/\" \/>\n<meta property=\"og:site_name\" content=\"TradeTracker.com | Affiliate Marketing | Performance Marketing\" \/>\n<meta property=\"article:publisher\" content=\"https:\/\/www.facebook.com\/tradetrackercom\" \/>\n<meta property=\"article:modified_time\" content=\"2025-12-18T15:17:04+00:00\" \/>\n<meta property=\"og:image\" content=\"https:\/\/tradetracker.com\/wp-content\/uploads\/2019\/12\/tradetracker-logo-square.png\" \/>\n\t<meta property=\"og:image:width\" content=\"250\" \/>\n\t<meta property=\"og:image:height\" content=\"250\" \/>\n\t<meta property=\"og:image:type\" content=\"image\/png\" \/>\n<meta name=\"twitter:card\" content=\"summary_large_image\" \/>\n<meta name=\"twitter:title\" content=\"Video Ads\" \/>\n<meta name=\"twitter:description\" content=\"[vc_row classes=&quot;admonitor-page-detail&quot; row_title=&quot;header&quot; el_id=&quot;section-banner&quot;][vc_column]Suurenda konversioone Video \" \/>\n<meta name=\"twitter:image\" content=\"https:\/\/tradetracker.com\/assets\/tt-circles.png\" \/>\n<meta name=\"twitter:site\" content=\"@tradetrackercom\" \/>\n<meta name=\"twitter:label1\" content=\"Est. reading time\" \/>\n\t<meta name=\"twitter:data1\" content=\"2 minutes\" \/>\n<script type=\"application\/ld+json\" class=\"yoast-schema-graph\">{\"@context\":\"https:\/\/schema.org\",\"@graph\":[{\"@type\":\"WebPage\",\"@id\":\"https:\/\/tradetracker.com\/ee\/video-ads\/\",\"url\":\"https:\/\/tradetracker.com\/ee\/video-ads\/\",\"name\":\"Video Ads - TradeTracker.com | Affiliate Marketing | Performance Marketing\",\"isPartOf\":{\"@id\":\"https:\/\/tradetracker.com\/ee\/#website\"},\"datePublished\":\"2025-12-16T20:28:21+00:00\",\"dateModified\":\"2025-12-18T15:17:04+00:00\",\"breadcrumb\":{\"@id\":\"https:\/\/tradetracker.com\/ee\/video-ads\/#breadcrumb\"},\"inLanguage\":\"en-EE\",\"potentialAction\":[{\"@type\":\"ReadAction\",\"target\":[\"https:\/\/tradetracker.com\/ee\/video-ads\/\"]}]},{\"@type\":\"BreadcrumbList\",\"@id\":\"https:\/\/tradetracker.com\/ee\/video-ads\/#breadcrumb\",\"itemListElement\":[{\"@type\":\"ListItem\",\"position\":1,\"name\":\"Home\",\"item\":\"https:\/\/tradetracker.com\/ee\/\"},{\"@type\":\"ListItem\",\"position\":2,\"name\":\"Video Ads\"}]},{\"@type\":\"WebSite\",\"@id\":\"https:\/\/tradetracker.com\/ee\/#website\",\"url\":\"https:\/\/tradetracker.com\/ee\/\",\"name\":\"TradeTracker.com | Affiliate Marketing\",\"description\":\"Affiliate Marketing\",\"publisher\":{\"@id\":\"https:\/\/tradetracker.com\/ee\/#organization\"},\"potentialAction\":[{\"@type\":\"SearchAction\",\"target\":{\"@type\":\"EntryPoint\",\"urlTemplate\":\"https:\/\/tradetracker.com\/ee\/?s={search_term_string}\"},\"query-input\":{\"@type\":\"PropertyValueSpecification\",\"valueRequired\":true,\"valueName\":\"search_term_string\"}}],\"inLanguage\":\"en-EE\"},{\"@type\":\"Organization\",\"@id\":\"https:\/\/tradetracker.com\/ee\/#organization\",\"name\":\"TradeTracker FZ LLC\",\"url\":\"https:\/\/tradetracker.com\/ee\/\",\"logo\":{\"@type\":\"ImageObject\",\"inLanguage\":\"en-EE\",\"@id\":\"https:\/\/tradetracker.com\/ee\/#\/schema\/logo\/image\/\",\"url\":\"https:\/\/tradetracker.com\/wp-content\/uploads\/2019\/04\/tradetracker-logo_1.jpg\",\"contentUrl\":\"https:\/\/tradetracker.com\/wp-content\/uploads\/2019\/04\/tradetracker-logo_1.jpg\",\"width\":672,\"height\":109,\"caption\":\"TradeTracker FZ LLC\"},\"image\":{\"@id\":\"https:\/\/tradetracker.com\/ee\/#\/schema\/logo\/image\/\"},\"sameAs\":[\"https:\/\/www.facebook.com\/tradetrackercom\",\"https:\/\/x.com\/tradetrackercom\",\"https:\/\/www.linkedin.com\/company\/tradetrackercom\",\"https:\/\/www.youtube.com\/channel\/UCHiq-oir3qOorxO-8nLjIcQ\"],\"description\":\"TradeTracker is a global affiliate marketing platform that connects advertisers and publishers to create successful online campaigns. With its user-friendly interface, advanced tracking technology, and real-time reporting, TradeTracker provides the tools to optimize performance and boost conversions. Operating in over 20 countries, TradeTracker is renowned for its transparency, innovative solutions, and personalized support. It has been consistently chosen as the leading affiliate network worldwide, a testament to its excellence in the industry. Advertisers benefit from access to a vast network of publishers, while publishers enjoy a diverse range of campaigns and attractive earning opportunities. The platform continues to revolutionize the affiliate marketing industry with technologies like Real Attribution, ensuring fair commission distribution. TradeTracker empowers businesses to achieve their online no cure no pay advertising goals efficiently and effectively. With superior technology, unparalleled customer service, and innovative solutions, TradeTracker consistently outperforms competitors like Awin, TradeDoubler, CJ, and Webgains, making it the preferred choice for advertisers and publishers worldwide.\",\"legalName\":\"TradeTracker.com\",\"foundingDate\":\"2004-03-05\",\"numberOfEmployees\":{\"@type\":\"QuantitativeValue\",\"minValue\":\"201\",\"maxValue\":\"500\"}}]}<\/script>\n<!-- \/ Yoast SEO Premium plugin. -->","yoast_head_json":{"title":"Video Ads - TradeTracker.com | Affiliate Marketing | Performance Marketing","description":"[vc_row classes=\"admonitor-page-detail\" row_title=\"header\" el_id=\"section-banner\"][vc_column]Suurenda konversioone Video AdsSaavuta m\u00f5\u00f5detavaid tulemusi videokampaaniatega, mis t\u00f5esti toimivad. TradeTrackeri Video Ads","robots":{"index":"index","follow":"follow","max-snippet":"max-snippet:-1","max-image-preview":"max-image-preview:large","max-video-preview":"max-video-preview:-1"},"canonical":"https:\/\/tradetracker.com\/ee\/wp-json\/wp\/v2\/pages\/1245439\/","og_locale":"en_US","og_type":"article","og_title":"Video Ads TradeTracker.com","og_description":"[vc_row classes=&#8221;admonitor-page-detail&#8221;","og_url":"https:\/\/tradetracker.com\/ee\/video-ads\/","og_site_name":"TradeTracker.com | Affiliate Marketing | Performance Marketing","article_publisher":"https:\/\/www.facebook.com\/tradetrackercom","article_modified_time":"2025-12-18T15:17:04+00:00","og_image":[{"width":250,"height":250,"url":"https:\/\/tradetracker.com\/wp-content\/uploads\/2019\/12\/tradetracker-logo-square.png","type":"image\/png"}],"twitter_card":"summary_large_image","twitter_title":"Video Ads","twitter_description":"[vc_row classes=\"admonitor-page-detail\" row_title=\"header\" el_id=\"section-banner\"][vc_column]Suurenda konversioone Video ","twitter_image":"https:\/\/tradetracker.com\/assets\/tt-circles.png","twitter_site":"@tradetrackercom","twitter_misc":{"Est. reading time":"2 minutes"},"schema":{"@context":"https:\/\/schema.org","@graph":[{"@type":"WebPage","@id":"https:\/\/tradetracker.com\/ee\/video-ads\/","url":"https:\/\/tradetracker.com\/ee\/video-ads\/","name":"Video Ads - TradeTracker.com | Affiliate Marketing | Performance Marketing","isPartOf":{"@id":"https:\/\/tradetracker.com\/ee\/#website"},"datePublished":"2025-12-16T20:28:21+00:00","dateModified":"2025-12-18T15:17:04+00:00","breadcrumb":{"@id":"https:\/\/tradetracker.com\/ee\/video-ads\/#breadcrumb"},"inLanguage":"en-EE","potentialAction":[{"@type":"ReadAction","target":["https:\/\/tradetracker.com\/ee\/video-ads\/"]}]},{"@type":"BreadcrumbList","@id":"https:\/\/tradetracker.com\/ee\/video-ads\/#breadcrumb","itemListElement":[{"@type":"ListItem","position":1,"name":"Home","item":"https:\/\/tradetracker.com\/ee\/"},{"@type":"ListItem","position":2,"name":"Video Ads"}]},{"@type":"WebSite","@id":"https:\/\/tradetracker.com\/ee\/#website","url":"https:\/\/tradetracker.com\/ee\/","name":"TradeTracker.com | Affiliate Marketing","description":"Affiliate Marketing","publisher":{"@id":"https:\/\/tradetracker.com\/ee\/#organization"},"potentialAction":[{"@type":"SearchAction","target":{"@type":"EntryPoint","urlTemplate":"https:\/\/tradetracker.com\/ee\/?s={search_term_string}"},"query-input":{"@type":"PropertyValueSpecification","valueRequired":true,"valueName":"search_term_string"}}],"inLanguage":"en-EE"},{"@type":"Organization","@id":"https:\/\/tradetracker.com\/ee\/#organization","name":"TradeTracker FZ LLC","url":"https:\/\/tradetracker.com\/ee\/","logo":{"@type":"ImageObject","inLanguage":"en-EE","@id":"https:\/\/tradetracker.com\/ee\/#\/schema\/logo\/image\/","url":"https:\/\/tradetracker.com\/wp-content\/uploads\/2019\/04\/tradetracker-logo_1.jpg","contentUrl":"https:\/\/tradetracker.com\/wp-content\/uploads\/2019\/04\/tradetracker-logo_1.jpg","width":672,"height":109,"caption":"TradeTracker FZ LLC"},"image":{"@id":"https:\/\/tradetracker.com\/ee\/#\/schema\/logo\/image\/"},"sameAs":["https:\/\/www.facebook.com\/tradetrackercom","https:\/\/x.com\/tradetrackercom","https:\/\/www.linkedin.com\/company\/tradetrackercom","https:\/\/www.youtube.com\/channel\/UCHiq-oir3qOorxO-8nLjIcQ"],"description":"TradeTracker is a global affiliate marketing platform that connects advertisers and publishers to create successful online campaigns. With its user-friendly interface, advanced tracking technology, and real-time reporting, TradeTracker provides the tools to optimize performance and boost conversions. Operating in over 20 countries, TradeTracker is renowned for its transparency, innovative solutions, and personalized support. It has been consistently chosen as the leading affiliate network worldwide, a testament to its excellence in the industry. Advertisers benefit from access to a vast network of publishers, while publishers enjoy a diverse range of campaigns and attractive earning opportunities. The platform continues to revolutionize the affiliate marketing industry with technologies like Real Attribution, ensuring fair commission distribution. TradeTracker empowers businesses to achieve their online no cure no pay advertising goals efficiently and effectively. With superior technology, unparalleled customer service, and innovative solutions, TradeTracker consistently outperforms competitors like Awin, TradeDoubler, CJ, and Webgains, making it the preferred choice for advertisers and publishers worldwide.","legalName":"TradeTracker.com","foundingDate":"2004-03-05","numberOfEmployees":{"@type":"QuantitativeValue","minValue":"201","maxValue":"500"}}]}},"_links":{"self":[{"href":"https:\/\/tradetracker.com\/ee\/wp-json\/wp\/v2\/pages\/1245439","targetHints":{"allow":["GET"]}}],"collection":[{"href":"https:\/\/tradetracker.com\/ee\/wp-json\/wp\/v2\/pages"}],"about":[{"href":"https:\/\/tradetracker.com\/ee\/wp-json\/wp\/v2\/types\/page"}],"author":[{"embeddable":true,"href":"https:\/\/tradetracker.com\/ee\/wp-json\/wp\/v2\/users\/37"}],"replies":[{"embeddable":true,"href":"https:\/\/tradetracker.com\/ee\/wp-json\/wp\/v2\/comments?post=1245439"}],"version-history":[{"count":7,"href":"https:\/\/tradetracker.com\/ee\/wp-json\/wp\/v2\/pages\/1245439\/revisions"}],"predecessor-version":[{"id":1246664,"href":"https:\/\/tradetracker.com\/ee\/wp-json\/wp\/v2\/pages\/1245439\/revisions\/1246664"}],"wp:attachment":[{"href":"https:\/\/tradetracker.com\/ee\/wp-json\/wp\/v2\/media?parent=1245439"}],"curies":[{"name":"wp","href":"https:\/\/api.w.org\/{rel}","templated":true}]}}