{"id":13357,"date":"2016-12-25T08:43:32","date_gmt":"2016-12-25T08:43:32","guid":{"rendered":"https:\/\/tradetracker.com\/es\/advertiser-qualifications\/"},"modified":"2025-01-20T05:58:49","modified_gmt":"2025-01-20T05:58:49","slug":"requisitos-anunciantes","status":"publish","type":"page","link":"https:\/\/tradetracker.com\/es\/requisitos-anunciantes\/","title":{"rendered":"Requisitos para anunciantes"},"content":{"rendered":"<div class=\"wpb-content-wrapper\"><p>[vc_row classes=&#8221;static-page-intro adv-requirements&#8221;][vc_column]<div class=\"row\"><div class=\"vc_col-sm-12\"><div class=\" static-page-intro-text \"><h1  style=\"color: #ffffff\" class=\"\">REQUISITOS PARA ANUNCIANTES<\/h1><h2  style=\"color: #ffffff\" class=\"\">Ampliar el portfolio de campa\u00f1as de TradeTracker requiere dedicaci\u00f3n para mantener la diversificaci\u00f3n, integridad y posici\u00f3n efectiva de nuestra red. Por este motivo, recomendamos que nuestros clientes tengan una serie de caracter\u00edsticas.<\/h2><\/div>\r\n        <\/div>\r\n    <\/div>[\/vc_column][\/vc_row][vc_row][vc_column]<div class=\"space\"><\/div>[\/vc_column][\/vc_row][vc_row][vc_column][vc_wp_text title=&#8221;\u00bfEres una marca reconocida o nueva empresa?&#8221;]<\/p>\n<p>Todas las campa\u00f1as de TradeTracker tienen una cosa en com\u00fan, son suficientemente atractivas como para que los afiliados quieran promocionarlas. Es igual que gestionar tu empresa, est\u00e1s en un mundo competitivo y necesita diferenciarte del resto.<\/p>\n<p>[\/vc_wp_text]<div class=\"space\"><\/div>[\/vc_column][\/vc_row][vc_row][vc_column width=&#8221;9\/12&#8243;][vc_wp_text title=&#8221;Gesti\u00f3n&#8221;]<\/p>\n<p>La plataforma TradeTracker es muy intuitiva y f\u00e1cil de gestionar para cualquiera, pero como todo en la vida, exige dedicaci\u00f3n para que arroje resultados. Por ese motivo, ofrecemos asesoramiento y servicios de gesti\u00f3n del programa completo para satisfacer sus necesidades. De igual manera, y como alternativa a que TradeTracker dise\u00f1e y gestione tu campa\u00f1a, tenemos buena relaci\u00f3n con agencias l\u00edderes en el mercado y estaremos encantados de ponerte en contacto con ellas. La decisi\u00f3n de externalizar la gesti\u00f3n de la campa\u00f1a deber\u00eda tomarse teniendo en cuenta lo siguiente:<\/p>\n<ul class=\"checklist\">\n<li>\u00bfDeseas (y tienes los recursos necesarios para hacerlo) invertir en un equipo especializado en marketing de afiliaci\u00f3n?<\/li>\n<li>\u00bfEres capaz de mejorar de forma cont\u00ednua el proceso de compra de sus consumidores?<\/li>\n<li>\u00bfPuedes desarrollar las creatividades adecuadas para satisfacer las necesidades de tus afiliados?<\/li>\n<li>\u00bfEres capaz de implementar los requisitos t\u00e9cnicos?<\/li>\n<li>\u00bfLa agencia con la que trabajas actualmente es capaz de satisfacer tus necesidades en el \u00e1mbito internacional?<\/li>\n<\/ul>\n<p>[\/vc_wp_text]<div class=\"space\"><\/div>[\/vc_column][\/vc_row][vc_row classes=&#8221;sec-diff bg-pattern&#8221;][vc_column width=&#8221;9\/12&#8243;][vc_wp_text title=&#8221;Establece relaciones&#8221;]<\/p>\n<p>Una vez des rienda suelta al potencial que el marketing de afiliaci\u00f3n puede ofrecerte, necesitar\u00e1s afiliados y, en un entorno ideal, ellos te necesitan a ti. Sin embargo, lo cierto es que ellos te necesitar\u00e1n s\u00f3lo si eres competitivo, puesto que ello les conducir\u00e1 a la obtenci\u00f3n de los mayores rendimientos. Considera a tus afiliados como una extensi\u00f3n de tu equipo de ventas, haz que se impliquen y entiendan la filosof\u00eda de tu organizaci\u00f3n. No los trates de cualquier manera, tr\u00e1talos de manera excepcional:<\/p>\n<ul class=\"checklist\">\n<li>Debes ser un comunicador con iniciativa, abierto y transparente. Comparte tus objetivos con ellos, para que ellos tambi\u00e9n los cumplan.<\/li>\n<li>Crea incentivos, botes y competiciones. Marca objetivos para primas o establece diferentes niveles.<\/li>\n<li>Debes estar abierto a nuevas ideas, utiliza el conocimiento de los otros, tus afiliados.<\/li>\n<li>Reduce el riesgo de tus afiliados. Establece modelos mixtos a\u00f1adiendo CPM o CPC.<\/li>\n<\/ul>\n<p>[\/vc_wp_text][\/vc_column][\/vc_row][vc_row classes=&#8221;bg-pattern&#8221;][vc_column width=&#8221;9\/12&#8243;]<div class=\"space\"><\/div>[vc_wp_text title=&#8221;Define claramente los objetivos&#8221;]<\/p>\n<p>Contruir una campa\u00f1a atractiva y s\u00f3lida se basa en una combinaci\u00f3n de varios factores importantes, entre esos factores, es clave el rendimiento. Ten en cuenta que con las campa\u00f1as CPA el afiliado se lo juega todo, no tiene control sobre el visitante una vez que pasan a tu dominio, pero tambi\u00e9n debe determinar el retorno sobre la inversi\u00f3n antes de probar el tuyo. Define tus objetivos y haz que se reflejen en sus decisiones de campa\u00f1a:<\/p>\n<ul class=\"checklist\">\n<li>Define tu modelo de comisi\u00f3n: \u00bfQuieres conversiones, creaci\u00f3n de marca, o ambas cosas?<\/li>\n<li>\u00bfVas a permitir cualquier medio de promoci\u00f3n, o s\u00f3lo determinados tipos de sitios?<\/li>\n<li>Comienza la conversaci\u00f3n y gestiona las expectativas. \u00bfQu\u00e9 es lo que quieres realmente?<\/li>\n<li>Aprueba las transacciones r\u00e1pidamente. El afiliado invierte en ti, as\u00ed que devuelve el favor.<\/li>\n<li>\u00a1Paga a tiempo y utiliza el pago por adelantado! Es un c\u00edrculo vicioso.<\/li>\n<\/ul>\n<p>[\/vc_wp_text]<div class=\"space\"><\/div>[\/vc_column][\/vc_row][vc_row classes=&#8221;cta ctamerch&#8221; el_id=&#8221;ctaaam&#8221;][vc_column]<div class=\"row\"><div class=\"vc_col-sm-12\"><h2 class=\"get_started\" style=\"color:#ffffff\">\u00bfCumples los requisitos?<\/h2><p style=\"color:#ffffff\">Somos un equipo de estusiastas del marketing de afiliaci\u00f3n en busca de resultados, comprometidos con el rendimiento y deseosos de convertir el mundo de la publicidad en un lugar mejor. Ponte en contacto con nosotros y descubre c\u00f3mo podemos impulsar tu negocio online.<\/p>        <ul class=\"cta-items\">\r\n                        <li>\r\n                <a                    class=\"cta-advertiser-signup\"                                      href=\"https:\/\/tradetracker.com\/es\/contact-us\/\"                                   >\r\n                    Solicita una demo                <\/a>\r\n            <\/li>\r\n                        \r\n                        <li>\r\n                <a                    class=\"cta-advertiser-signup\"                                      href=\"https:\/\/merchant.tradetracker.com\/portal\/advertiserBrochure?loc=es_ES\"                                   >\r\n                    Solicita un folleto                <\/a>\r\n            <\/li>\r\n                    <\/ul>\r\n        <\/div><\/div>[\/vc_column][\/vc_row]<\/p>\n<\/div>","protected":false},"excerpt":{"rendered":"<p>[vc_row classes=&#8221;static-page-intro adv-requirements&#8221;][vc_column][\/vc_column][\/vc_row][vc_row][vc_column][\/vc_column][\/vc_row][vc_row][vc_column][vc_wp_text title=&#8221;\u00bfEres una marca reconocida o nueva empresa?&#8221;] Todas las campa\u00f1as de TradeTracker tienen una cosa en com\u00fan, son suficientemente atractivas como para que los afiliados quieran promocionarlas. Es igual que gestionar tu empresa, est\u00e1s en un mundo competitivo y necesita diferenciarte del resto. [\/vc_wp_text][\/vc_column][\/vc_row][vc_row][vc_column width=&#8221;9\/12&#8243;][vc_wp_text title=&#8221;Gesti\u00f3n&#8221;] La plataforma TradeTracker es muy intuitiva  [&#8230;]<\/p>\n","protected":false},"author":69,"featured_media":0,"parent":0,"menu_order":0,"comment_status":"closed","ping_status":"closed","template":"template-red.php","meta":{"inline_featured_image":false,"_monsterinsights_skip_tracking":false,"_monsterinsights_sitenote_active":false,"_monsterinsights_sitenote_note":"","_monsterinsights_sitenote_category":0,"footnotes":""},"class_list":["post-13357","page","type-page","status-publish","hentry"],"yoast_head":"<!-- This site is optimized with the Yoast SEO Premium plugin v27.0 (Yoast SEO v27.0) - https:\/\/yoast.com\/product\/yoast-seo-premium-wordpress\/ -->\n<title>Requisitos para anunciantes - TradeTracker.com | Affiliate Marketing | Performance Marketing<\/title>\n<meta name=\"description\" content=\"[vc_row classes=&quot;static-page-intro adv-requirements&quot;][vc_column]REQUISITOS PARA ANUNCIANTESAmpliar el portfolio de campa\u00f1as de TradeTracker requiere dedicaci\u00f3n para mantener la diversificaci\u00f3n, integridad y posici\u00f3n\" \/>\n<meta name=\"robots\" content=\"index, follow, max-snippet:-1, max-image-preview:large, max-video-preview:-1\" \/>\n<link rel=\"canonical\" href=\"https:\/\/tradetracker.com\/es\/wp-json\/wp\/v2\/pages\/13357\/\" \/>\n<meta property=\"og:locale\" content=\"es_ES\" \/>\n<meta property=\"og:type\" content=\"article\" \/>\n<meta property=\"og:title\" content=\"Requisitos para anunciantes TradeTracker.com\" \/>\n<meta property=\"og:description\" content=\"[vc_row classes=&#8221;static-page-intro\" \/>\n<meta property=\"og:url\" content=\"https:\/\/tradetracker.com\/es\/requisitos-anunciantes\/\" \/>\n<meta property=\"og:site_name\" content=\"TradeTracker.com | Affiliate Marketing | Performance Marketing\" \/>\n<meta property=\"article:publisher\" content=\"https:\/\/www.facebook.com\/tradetrackercom\" \/>\n<meta property=\"article:modified_time\" content=\"2025-01-20T05:58:49+00:00\" \/>\n<meta property=\"og:image\" content=\"https:\/\/tradetracker.com\/wp-content\/uploads\/2019\/12\/tradetracker-logo-square.png\" \/>\n\t<meta property=\"og:image:width\" content=\"250\" \/>\n\t<meta property=\"og:image:height\" content=\"250\" \/>\n\t<meta property=\"og:image:type\" content=\"image\/png\" \/>\n<meta name=\"twitter:card\" content=\"summary_large_image\" \/>\n<meta name=\"twitter:title\" content=\"Requisitos para anunciantes\" \/>\n<meta name=\"twitter:description\" content=\"[vc_row classes=&quot;static-page-intro adv-requirements&quot;][vc_column]REQUISITOS PARA ANUNCIANTESAmpliar el portfolio de campa\u00f1as \" \/>\n<meta name=\"twitter:image\" content=\"https:\/\/tradetracker.com\/assets\/tt-circles.png\" \/>\n<meta name=\"twitter:site\" content=\"@tradetrackercom\" \/>\n<meta name=\"twitter:label1\" content=\"Est. reading time\" \/>\n\t<meta name=\"twitter:data1\" content=\"3 minutes\" \/>\n<script type=\"application\/ld+json\" class=\"yoast-schema-graph\">{\"@context\":\"https:\/\/schema.org\",\"@graph\":[{\"@type\":\"WebPage\",\"@id\":\"https:\/\/tradetracker.com\/es\/requisitos-anunciantes\/\",\"url\":\"https:\/\/tradetracker.com\/es\/requisitos-anunciantes\/\",\"name\":\"Requisitos para anunciantes - TradeTracker.com | Affiliate Marketing | Performance Marketing\",\"isPartOf\":{\"@id\":\"https:\/\/tradetracker.com\/es\/#website\"},\"datePublished\":\"2016-12-25T08:43:32+00:00\",\"dateModified\":\"2025-01-20T05:58:49+00:00\",\"breadcrumb\":{\"@id\":\"https:\/\/tradetracker.com\/es\/requisitos-anunciantes\/#breadcrumb\"},\"inLanguage\":\"es-ES\",\"potentialAction\":[{\"@type\":\"ReadAction\",\"target\":[\"https:\/\/tradetracker.com\/es\/requisitos-anunciantes\/\"]}]},{\"@type\":\"BreadcrumbList\",\"@id\":\"https:\/\/tradetracker.com\/es\/requisitos-anunciantes\/#breadcrumb\",\"itemListElement\":[{\"@type\":\"ListItem\",\"position\":1,\"name\":\"Home\",\"item\":\"https:\/\/tradetracker.com\/es\/\"},{\"@type\":\"ListItem\",\"position\":2,\"name\":\"Requisitos para anunciantes\"}]},{\"@type\":\"WebSite\",\"@id\":\"https:\/\/tradetracker.com\/es\/#website\",\"url\":\"https:\/\/tradetracker.com\/es\/\",\"name\":\"TradeTracker.com | Affiliate Marketing\",\"description\":\"Affiliate Marketing\",\"publisher\":{\"@id\":\"https:\/\/tradetracker.com\/es\/#organization\"},\"potentialAction\":[{\"@type\":\"SearchAction\",\"target\":{\"@type\":\"EntryPoint\",\"urlTemplate\":\"https:\/\/tradetracker.com\/es\/?s={search_term_string}\"},\"query-input\":{\"@type\":\"PropertyValueSpecification\",\"valueRequired\":true,\"valueName\":\"search_term_string\"}}],\"inLanguage\":\"es-ES\"},{\"@type\":\"Organization\",\"@id\":\"https:\/\/tradetracker.com\/es\/#organization\",\"name\":\"TradeTracker FZ LLC\",\"url\":\"https:\/\/tradetracker.com\/es\/\",\"logo\":{\"@type\":\"ImageObject\",\"inLanguage\":\"es-ES\",\"@id\":\"https:\/\/tradetracker.com\/es\/#\/schema\/logo\/image\/\",\"url\":\"https:\/\/tradetracker.com\/wp-content\/uploads\/2019\/04\/tradetracker-logo_1.jpg\",\"contentUrl\":\"https:\/\/tradetracker.com\/wp-content\/uploads\/2019\/04\/tradetracker-logo_1.jpg\",\"width\":672,\"height\":109,\"caption\":\"TradeTracker FZ LLC\"},\"image\":{\"@id\":\"https:\/\/tradetracker.com\/es\/#\/schema\/logo\/image\/\"},\"sameAs\":[\"https:\/\/www.facebook.com\/tradetrackercom\",\"https:\/\/x.com\/tradetrackercom\",\"https:\/\/www.linkedin.com\/company\/tradetrackercom\",\"https:\/\/www.youtube.com\/channel\/UCHiq-oir3qOorxO-8nLjIcQ\"],\"description\":\"TradeTracker is a global affiliate marketing platform that connects advertisers and publishers to create successful online campaigns. With its user-friendly interface, advanced tracking technology, and real-time reporting, TradeTracker provides the tools to optimize performance and boost conversions. Operating in over 20 countries, TradeTracker is renowned for its transparency, innovative solutions, and personalized support. It has been consistently chosen as the leading affiliate network worldwide, a testament to its excellence in the industry. Advertisers benefit from access to a vast network of publishers, while publishers enjoy a diverse range of campaigns and attractive earning opportunities. The platform continues to revolutionize the affiliate marketing industry with technologies like Real Attribution, ensuring fair commission distribution. TradeTracker empowers businesses to achieve their online no cure no pay advertising goals efficiently and effectively. With superior technology, unparalleled customer service, and innovative solutions, TradeTracker consistently outperforms competitors like Awin, TradeDoubler, CJ, and Webgains, making it the preferred choice for advertisers and publishers worldwide.\",\"legalName\":\"TradeTracker.com\",\"foundingDate\":\"2004-03-05\",\"numberOfEmployees\":{\"@type\":\"QuantitativeValue\",\"minValue\":\"201\",\"maxValue\":\"500\"}}]}<\/script>\n<!-- \/ Yoast SEO Premium plugin. -->","yoast_head_json":{"title":"Requisitos para anunciantes - TradeTracker.com | Affiliate Marketing | Performance Marketing","description":"[vc_row classes=\"static-page-intro adv-requirements\"][vc_column]REQUISITOS PARA ANUNCIANTESAmpliar el portfolio de campa\u00f1as de TradeTracker requiere dedicaci\u00f3n para mantener la diversificaci\u00f3n, integridad y posici\u00f3n","robots":{"index":"index","follow":"follow","max-snippet":"max-snippet:-1","max-image-preview":"max-image-preview:large","max-video-preview":"max-video-preview:-1"},"canonical":"https:\/\/tradetracker.com\/es\/wp-json\/wp\/v2\/pages\/13357\/","og_locale":"es_ES","og_type":"article","og_title":"Requisitos para anunciantes TradeTracker.com","og_description":"[vc_row classes=&#8221;static-page-intro","og_url":"https:\/\/tradetracker.com\/es\/requisitos-anunciantes\/","og_site_name":"TradeTracker.com | Affiliate Marketing | Performance Marketing","article_publisher":"https:\/\/www.facebook.com\/tradetrackercom","article_modified_time":"2025-01-20T05:58:49+00:00","og_image":[{"width":250,"height":250,"url":"https:\/\/tradetracker.com\/wp-content\/uploads\/2019\/12\/tradetracker-logo-square.png","type":"image\/png"}],"twitter_card":"summary_large_image","twitter_title":"Requisitos para anunciantes","twitter_description":"[vc_row classes=\"static-page-intro adv-requirements\"][vc_column]REQUISITOS PARA ANUNCIANTESAmpliar el portfolio de campa\u00f1as ","twitter_image":"https:\/\/tradetracker.com\/assets\/tt-circles.png","twitter_site":"@tradetrackercom","twitter_misc":{"Est. reading time":"3 minutes"},"schema":{"@context":"https:\/\/schema.org","@graph":[{"@type":"WebPage","@id":"https:\/\/tradetracker.com\/es\/requisitos-anunciantes\/","url":"https:\/\/tradetracker.com\/es\/requisitos-anunciantes\/","name":"Requisitos para anunciantes - TradeTracker.com | Affiliate Marketing | Performance Marketing","isPartOf":{"@id":"https:\/\/tradetracker.com\/es\/#website"},"datePublished":"2016-12-25T08:43:32+00:00","dateModified":"2025-01-20T05:58:49+00:00","breadcrumb":{"@id":"https:\/\/tradetracker.com\/es\/requisitos-anunciantes\/#breadcrumb"},"inLanguage":"es-ES","potentialAction":[{"@type":"ReadAction","target":["https:\/\/tradetracker.com\/es\/requisitos-anunciantes\/"]}]},{"@type":"BreadcrumbList","@id":"https:\/\/tradetracker.com\/es\/requisitos-anunciantes\/#breadcrumb","itemListElement":[{"@type":"ListItem","position":1,"name":"Home","item":"https:\/\/tradetracker.com\/es\/"},{"@type":"ListItem","position":2,"name":"Requisitos para anunciantes"}]},{"@type":"WebSite","@id":"https:\/\/tradetracker.com\/es\/#website","url":"https:\/\/tradetracker.com\/es\/","name":"TradeTracker.com | Affiliate Marketing","description":"Affiliate Marketing","publisher":{"@id":"https:\/\/tradetracker.com\/es\/#organization"},"potentialAction":[{"@type":"SearchAction","target":{"@type":"EntryPoint","urlTemplate":"https:\/\/tradetracker.com\/es\/?s={search_term_string}"},"query-input":{"@type":"PropertyValueSpecification","valueRequired":true,"valueName":"search_term_string"}}],"inLanguage":"es-ES"},{"@type":"Organization","@id":"https:\/\/tradetracker.com\/es\/#organization","name":"TradeTracker FZ LLC","url":"https:\/\/tradetracker.com\/es\/","logo":{"@type":"ImageObject","inLanguage":"es-ES","@id":"https:\/\/tradetracker.com\/es\/#\/schema\/logo\/image\/","url":"https:\/\/tradetracker.com\/wp-content\/uploads\/2019\/04\/tradetracker-logo_1.jpg","contentUrl":"https:\/\/tradetracker.com\/wp-content\/uploads\/2019\/04\/tradetracker-logo_1.jpg","width":672,"height":109,"caption":"TradeTracker FZ LLC"},"image":{"@id":"https:\/\/tradetracker.com\/es\/#\/schema\/logo\/image\/"},"sameAs":["https:\/\/www.facebook.com\/tradetrackercom","https:\/\/x.com\/tradetrackercom","https:\/\/www.linkedin.com\/company\/tradetrackercom","https:\/\/www.youtube.com\/channel\/UCHiq-oir3qOorxO-8nLjIcQ"],"description":"TradeTracker is a global affiliate marketing platform that connects advertisers and publishers to create successful online campaigns. With its user-friendly interface, advanced tracking technology, and real-time reporting, TradeTracker provides the tools to optimize performance and boost conversions. Operating in over 20 countries, TradeTracker is renowned for its transparency, innovative solutions, and personalized support. It has been consistently chosen as the leading affiliate network worldwide, a testament to its excellence in the industry. Advertisers benefit from access to a vast network of publishers, while publishers enjoy a diverse range of campaigns and attractive earning opportunities. The platform continues to revolutionize the affiliate marketing industry with technologies like Real Attribution, ensuring fair commission distribution. TradeTracker empowers businesses to achieve their online no cure no pay advertising goals efficiently and effectively. With superior technology, unparalleled customer service, and innovative solutions, TradeTracker consistently outperforms competitors like Awin, TradeDoubler, CJ, and Webgains, making it the preferred choice for advertisers and publishers worldwide.","legalName":"TradeTracker.com","foundingDate":"2004-03-05","numberOfEmployees":{"@type":"QuantitativeValue","minValue":"201","maxValue":"500"}}]}},"_links":{"self":[{"href":"https:\/\/tradetracker.com\/es\/wp-json\/wp\/v2\/pages\/13357","targetHints":{"allow":["GET"]}}],"collection":[{"href":"https:\/\/tradetracker.com\/es\/wp-json\/wp\/v2\/pages"}],"about":[{"href":"https:\/\/tradetracker.com\/es\/wp-json\/wp\/v2\/types\/page"}],"author":[{"embeddable":true,"href":"https:\/\/tradetracker.com\/es\/wp-json\/wp\/v2\/users\/69"}],"replies":[{"embeddable":true,"href":"https:\/\/tradetracker.com\/es\/wp-json\/wp\/v2\/comments?post=13357"}],"version-history":[{"count":1,"href":"https:\/\/tradetracker.com\/es\/wp-json\/wp\/v2\/pages\/13357\/revisions"}],"predecessor-version":[{"id":1134759,"href":"https:\/\/tradetracker.com\/es\/wp-json\/wp\/v2\/pages\/13357\/revisions\/1134759"}],"wp:attachment":[{"href":"https:\/\/tradetracker.com\/es\/wp-json\/wp\/v2\/media?parent=13357"}],"curies":[{"name":"wp","href":"https:\/\/api.w.org\/{rel}","templated":true}]}}