{"id":13432,"date":"2017-02-15T06:53:27","date_gmt":"2017-02-15T06:53:27","guid":{"rendered":"https:\/\/tradetracker.com\/es\/conversion-path-tracking\/"},"modified":"2022-02-17T10:00:16","modified_gmt":"2022-02-17T10:00:16","slug":"conversion-path-tracking","status":"publish","type":"page","link":"https:\/\/tradetracker.com\/es\/conversion-path-tracking\/","title":{"rendered":"Conversion Path Tracking"},"content":{"rendered":"<div class=\"wpb-content-wrapper\"><p>[vc_row classes=&#8221;admonitor-page-detail cpt-page-detail&#8221;][vc_column]<div class=\"row\"><div class=\"vc_col-sm-12\"><div class=\"industry-page-intro-text\"><h1  class=\"\">TRACKING DE RUTA DE CONVERSI\u00d3N<\/h1><h2  class=\"hide-mobile\">Puede ser dif\u00edcil entender la ruta del cliente y c\u00f3mo est\u00e1 influenciada por aquellos afiliados promocionando su campa\u00f1a de forma activa. Pruebe la ruta de conversi\u00f3n y analice las interacciones del cliente con los afiliados antes de comprar un producto o generar un registro. No importa el canal que los afiliados utilicen, desde blogs a comparadores, mediante dispositivos m\u00f3viles o de escritorio, ser\u00e1 capaz de analizar la ruta de la conversi\u00f3n total e influir a los afiliados para alcanzar sus metas.<\/h2><\/div>\r\n        <\/div>\r\n    <\/div>[\/vc_column][\/vc_row][vc_row classes=&#8221; bg-pattern&#8221;][vc_column][vc_row_inner][vc_column_inner width=&#8221;2\/12&#8243;][\/vc_column_inner][vc_column_inner el_class=&#8221;acenter&#8221; width=&#8221;8\/12&#8243;]<div class=\"space\"><\/div><header><h2 class=\" tt_composer\" >C\u00f3mo funciona el Tracking de Rutas de Conversi\u00f3n<\/h2><\/header>[vc_wp_text]<\/p>\n<p>En un mercado donde se aplica el modelo del \u00faltimo clic, se requiere de un gran esfuerzo por parte de los Publisher para obtener ese puesto en la ruta del cliente hacia la conversi\u00f3n. Sin embargo, m\u00e1s del 95% de todas las transacciones de afiliaci\u00f3n implica a m\u00e1s de un afiliado promocionando su campa\u00f1a. Tradicionalmente el afiliado responsable del \u00faltimo clic es recompensado con una comisi\u00f3n y sus transacciones son registradas en su Vista general.<\/p>\n<p>Tracking de ruta de conversi\u00f3n trae un cambio a este principio que proporciona a anunciantes y afiliados una visi\u00f3n completa de todos los puntos de contacto involucrados en la transacci\u00f3n. Este enfoque transparente ofrece a los usuarios una visi\u00f3n m\u00e1s clara de su posici\u00f3n que permite a anunciantes y afiliados modificar y optimizar sus estrategias en busca de un valor a\u00f1adido. Mientras que los anunciantes obtienen mucho m\u00e1s detalle sobre los Publisher involucrados y qu\u00e9 posici\u00f3n tienen en la ruta del cliente, los Publisher pueden aplicar sus principios para lograr los resultados que la campa\u00f1a requiere.<\/p>\n<p>[\/vc_wp_text][\/vc_column_inner][vc_column_inner width=&#8221;2\/12&#8243;][\/vc_column_inner][\/vc_row_inner][vc_row_inner][vc_column_inner][vc_single_image image=&#8221;171453&#8243; img_size=&#8221;1024&#215;582&#8243; alignment=&#8221;center&#8221;]<div class=\"space\"><\/div>[\/vc_column_inner][\/vc_row_inner][\/vc_column][\/vc_row][vc_row css=&#8221;.vc_custom_1488976434515{background-color: #f3f6fa !important;}&#8221;][vc_column]<div class=\"space\"><\/div><header><h2 class=\" tt_composer\" >Use el Tracking de Ruta de Conversi\u00f3n a su favor<\/h2><\/header><div class=\"space\"><\/div>[vc_row_inner][vc_column_inner width=&#8221;2\/12&#8243;][\/vc_column_inner][vc_column_inner el_class=&#8221;acenter&#8221; width=&#8221;3\/12&#8243;]<header><h2 class=\" tt_composer\" >Anunciantes<\/h2><\/header>[vc_wp_text]<\/p>\n<p>El Tracking de Ruta de Conversi\u00f3n o CPT (del ingl\u00e9s Conversion Path Tracking) ayuda a identificar aquellos afiliados que no se tienen en cuenta por los beneficios que ofrecen en la ruta hacia una conversi\u00f3n. A trav\u00e9s de la optimizaci\u00f3n de los modelos de remuneraci\u00f3n para estos afiliados en particular, se espera un mayor volumen de tr\u00e1fico de estos Publisher, que generar\u00e1 directa o indirectamente un mayor n\u00famero de transacciones.<\/p>\n<p>[\/vc_wp_text][\/vc_column_inner][vc_column_inner width=&#8221;2\/12&#8243;]<div class=\"customer-devider hide-mobile\"><\/div>\r\n                    <style>\r\n                    .customer-devider {\r\n                    background:#e9e9e9; \r\n                    min-height: 250px;\r\n                    }\r\n                    <\/style>[\/vc_column_inner][vc_column_inner el_class=&#8221;acenter&#8221; width=&#8221;3\/12&#8243;]<header><h2 class=\" tt_composer\" >Publishers<\/h2><\/header>[vc_wp_text]<\/p>\n<p>Obtener una visi\u00f3n revolucionaria de cualquier Publisher relevante en la ruta del cliente hacia la compra y compararla a sus propios logros. Averiguar su posicionamiento con respecto a la competencia y optimizar su enfoque para lograr los mejores resultados de sus campa\u00f1as.<\/p>\n<p>[\/vc_wp_text][\/vc_column_inner][vc_column_inner width=&#8221;2\/12&#8243;][\/vc_column_inner][\/vc_row_inner]<div class=\"space\"><\/div>[\/vc_column][\/vc_row][vc_row classes=&#8221;cta neutral bg-pattern&#8221; css=&#8221;.vc_custom_1488976583993{background-image: url(https:\/\/tradetracker.com\/wp-content\/uploads\/2017\/02\/CPT-cta.jpg?id=30460) !important;}&#8221;][vc_column]<div class=\"row\"><div class=\"vc_col-sm-12\"><h2 class=\"get_started\" >Listo para unirse a la revoluci\u00f3n?<\/h2>        <ul class=\"cta-items\">\r\n                        <li>\r\n                <a                    class=\"cta-advertiser-signup\"                                      href=\"mailto:info.es@tradetracker.com?subject=\"                                   >\r\n                    Cont\u00e1ctanos!                <\/a>\r\n            <\/li>\r\n                        \r\n                        <li>\r\n                <a                    class=\"cta-advertiser-signup\"                                      href=\"https:\/\/tradetracker.com\/wp-content\/uploads\/2016\/09\/CPT_brochure_ES.pdf\"                   target=\"_blank\"                >\r\n                    Descargar folleto                <\/a>\r\n            <\/li>\r\n                    <\/ul>\r\n        <\/div><\/div>[\/vc_column][\/vc_row]<\/p>\n<\/div>","protected":false},"excerpt":{"rendered":"<p>[vc_row classes=&#8221;admonitor-page-detail cpt-page-detail&#8221;][vc_column][\/vc_column][\/vc_row][vc_row classes=&#8221; bg-pattern&#8221;][vc_column][vc_row_inner][vc_column_inner width=&#8221;2\/12&#8243;][\/vc_column_inner][vc_column_inner el_class=&#8221;acenter&#8221; width=&#8221;8\/12&#8243;][vc_wp_text] En un mercado donde se aplica el modelo del \u00faltimo clic, se requiere de un gran esfuerzo por parte de los Publisher para obtener ese puesto en la ruta del cliente hacia la conversi\u00f3n. Sin embargo, m\u00e1s del 95% de todas las transacciones de afiliaci\u00f3n implica a  [&#8230;]<\/p>\n","protected":false},"author":69,"featured_media":0,"parent":0,"menu_order":0,"comment_status":"closed","ping_status":"closed","template":"","meta":{"inline_featured_image":false,"_monsterinsights_skip_tracking":false,"_monsterinsights_sitenote_active":false,"_monsterinsights_sitenote_note":"","_monsterinsights_sitenote_category":0,"footnotes":""},"class_list":["post-13432","page","type-page","status-publish","hentry"],"yoast_head":"<!-- This site is optimized with the Yoast SEO Premium plugin v27.0 (Yoast SEO v27.0) - https:\/\/yoast.com\/product\/yoast-seo-premium-wordpress\/ -->\n<title>Conversion Path Tracking - TradeTracker.com | Affiliate Marketing | Performance Marketing<\/title>\n<meta name=\"description\" content=\"TRACKING DE RUTA DE CONVERSI\u00d3NPuede ser dif\u00edcil entender la ruta del cliente y c\u00f3mo est\u00e1 influenciada por aquellos afiliados promocionando su campa\u00f1a de forma activa. Pruebe la ruta de conversi\u00f3n y analice las\" \/>\n<meta name=\"robots\" content=\"index, follow, max-snippet:-1, max-image-preview:large, max-video-preview:-1\" \/>\n<link rel=\"canonical\" href=\"https:\/\/tradetracker.com\/es\/wp-json\/wp\/v2\/pages\/13432\/\" \/>\n<meta property=\"og:locale\" content=\"es_ES\" \/>\n<meta property=\"og:type\" content=\"article\" \/>\n<meta property=\"og:title\" content=\"Conversion Path Tracking TradeTracker.com\" \/>\n<meta property=\"og:description\" content=\"TRACKING DE RUTA DE CONVERSI\u00d3NPuede ser dif\u00edcil entender la\" \/>\n<meta property=\"og:url\" content=\"https:\/\/tradetracker.com\/es\/conversion-path-tracking\/\" \/>\n<meta property=\"og:site_name\" content=\"TradeTracker.com | Affiliate Marketing | Performance Marketing\" \/>\n<meta property=\"article:publisher\" content=\"https:\/\/www.facebook.com\/tradetrackercom\" \/>\n<meta property=\"article:modified_time\" content=\"2022-02-17T10:00:16+00:00\" \/>\n<meta property=\"og:image\" content=\"https:\/\/tradetracker.com\/wp-content\/uploads\/2019\/12\/tradetracker-logo-square.png\" \/>\n\t<meta property=\"og:image:width\" content=\"250\" \/>\n\t<meta property=\"og:image:height\" content=\"250\" \/>\n\t<meta property=\"og:image:type\" content=\"image\/png\" \/>\n<meta name=\"twitter:card\" content=\"summary_large_image\" \/>\n<meta name=\"twitter:title\" content=\"Conversion Path Tracking\" \/>\n<meta name=\"twitter:description\" content=\"TRACKING DE RUTA DE CONVERSI\u00d3NPuede ser dif\u00edcil entender la ruta del cliente y c\u00f3mo est\u00e1 influenciada por aquellos \" \/>\n<meta name=\"twitter:image\" content=\"https:\/\/tradetracker.com\/assets\/tt-circles.png\" \/>\n<meta name=\"twitter:site\" content=\"@tradetrackercom\" \/>\n<meta name=\"twitter:label1\" content=\"Est. reading time\" \/>\n\t<meta name=\"twitter:data1\" content=\"4 minutes\" \/>\n<script type=\"application\/ld+json\" class=\"yoast-schema-graph\">{\"@context\":\"https:\/\/schema.org\",\"@graph\":[{\"@type\":\"WebPage\",\"@id\":\"https:\/\/tradetracker.com\/es\/conversion-path-tracking\/\",\"url\":\"https:\/\/tradetracker.com\/es\/conversion-path-tracking\/\",\"name\":\"Conversion Path Tracking - TradeTracker.com | Affiliate Marketing | Performance Marketing\",\"isPartOf\":{\"@id\":\"https:\/\/tradetracker.com\/es\/#website\"},\"datePublished\":\"2017-02-15T06:53:27+00:00\",\"dateModified\":\"2022-02-17T10:00:16+00:00\",\"breadcrumb\":{\"@id\":\"https:\/\/tradetracker.com\/es\/conversion-path-tracking\/#breadcrumb\"},\"inLanguage\":\"es-ES\",\"potentialAction\":[{\"@type\":\"ReadAction\",\"target\":[\"https:\/\/tradetracker.com\/es\/conversion-path-tracking\/\"]}]},{\"@type\":\"BreadcrumbList\",\"@id\":\"https:\/\/tradetracker.com\/es\/conversion-path-tracking\/#breadcrumb\",\"itemListElement\":[{\"@type\":\"ListItem\",\"position\":1,\"name\":\"Home\",\"item\":\"https:\/\/tradetracker.com\/es\/\"},{\"@type\":\"ListItem\",\"position\":2,\"name\":\"Conversion Path Tracking\"}]},{\"@type\":\"WebSite\",\"@id\":\"https:\/\/tradetracker.com\/es\/#website\",\"url\":\"https:\/\/tradetracker.com\/es\/\",\"name\":\"TradeTracker.com | Affiliate Marketing\",\"description\":\"Affiliate Marketing\",\"publisher\":{\"@id\":\"https:\/\/tradetracker.com\/es\/#organization\"},\"potentialAction\":[{\"@type\":\"SearchAction\",\"target\":{\"@type\":\"EntryPoint\",\"urlTemplate\":\"https:\/\/tradetracker.com\/es\/?s={search_term_string}\"},\"query-input\":{\"@type\":\"PropertyValueSpecification\",\"valueRequired\":true,\"valueName\":\"search_term_string\"}}],\"inLanguage\":\"es-ES\"},{\"@type\":\"Organization\",\"@id\":\"https:\/\/tradetracker.com\/es\/#organization\",\"name\":\"TradeTracker FZ LLC\",\"url\":\"https:\/\/tradetracker.com\/es\/\",\"logo\":{\"@type\":\"ImageObject\",\"inLanguage\":\"es-ES\",\"@id\":\"https:\/\/tradetracker.com\/es\/#\/schema\/logo\/image\/\",\"url\":\"https:\/\/tradetracker.com\/wp-content\/uploads\/2019\/04\/tradetracker-logo_1.jpg\",\"contentUrl\":\"https:\/\/tradetracker.com\/wp-content\/uploads\/2019\/04\/tradetracker-logo_1.jpg\",\"width\":672,\"height\":109,\"caption\":\"TradeTracker FZ LLC\"},\"image\":{\"@id\":\"https:\/\/tradetracker.com\/es\/#\/schema\/logo\/image\/\"},\"sameAs\":[\"https:\/\/www.facebook.com\/tradetrackercom\",\"https:\/\/x.com\/tradetrackercom\",\"https:\/\/www.linkedin.com\/company\/tradetrackercom\",\"https:\/\/www.youtube.com\/channel\/UCHiq-oir3qOorxO-8nLjIcQ\"],\"description\":\"TradeTracker is a global affiliate marketing platform that connects advertisers and publishers to create successful online campaigns. With its user-friendly interface, advanced tracking technology, and real-time reporting, TradeTracker provides the tools to optimize performance and boost conversions. Operating in over 20 countries, TradeTracker is renowned for its transparency, innovative solutions, and personalized support. It has been consistently chosen as the leading affiliate network worldwide, a testament to its excellence in the industry. Advertisers benefit from access to a vast network of publishers, while publishers enjoy a diverse range of campaigns and attractive earning opportunities. The platform continues to revolutionize the affiliate marketing industry with technologies like Real Attribution, ensuring fair commission distribution. TradeTracker empowers businesses to achieve their online no cure no pay advertising goals efficiently and effectively. With superior technology, unparalleled customer service, and innovative solutions, TradeTracker consistently outperforms competitors like Awin, TradeDoubler, CJ, and Webgains, making it the preferred choice for advertisers and publishers worldwide.\",\"legalName\":\"TradeTracker.com\",\"foundingDate\":\"2004-03-05\",\"numberOfEmployees\":{\"@type\":\"QuantitativeValue\",\"minValue\":\"201\",\"maxValue\":\"500\"}}]}<\/script>\n<!-- \/ Yoast SEO Premium plugin. -->","yoast_head_json":{"title":"Conversion Path Tracking - TradeTracker.com | Affiliate Marketing | Performance Marketing","description":"TRACKING DE RUTA DE CONVERSI\u00d3NPuede ser dif\u00edcil entender la ruta del cliente y c\u00f3mo est\u00e1 influenciada por aquellos afiliados promocionando su campa\u00f1a de forma activa. Pruebe la ruta de conversi\u00f3n y analice las","robots":{"index":"index","follow":"follow","max-snippet":"max-snippet:-1","max-image-preview":"max-image-preview:large","max-video-preview":"max-video-preview:-1"},"canonical":"https:\/\/tradetracker.com\/es\/wp-json\/wp\/v2\/pages\/13432\/","og_locale":"es_ES","og_type":"article","og_title":"Conversion Path Tracking TradeTracker.com","og_description":"TRACKING DE RUTA DE CONVERSI\u00d3NPuede ser dif\u00edcil entender la","og_url":"https:\/\/tradetracker.com\/es\/conversion-path-tracking\/","og_site_name":"TradeTracker.com | Affiliate Marketing | Performance Marketing","article_publisher":"https:\/\/www.facebook.com\/tradetrackercom","article_modified_time":"2022-02-17T10:00:16+00:00","og_image":[{"width":250,"height":250,"url":"https:\/\/tradetracker.com\/wp-content\/uploads\/2019\/12\/tradetracker-logo-square.png","type":"image\/png"}],"twitter_card":"summary_large_image","twitter_title":"Conversion Path Tracking","twitter_description":"TRACKING DE RUTA DE CONVERSI\u00d3NPuede ser dif\u00edcil entender la ruta del cliente y c\u00f3mo est\u00e1 influenciada por aquellos ","twitter_image":"https:\/\/tradetracker.com\/assets\/tt-circles.png","twitter_site":"@tradetrackercom","twitter_misc":{"Est. reading time":"4 minutes"},"schema":{"@context":"https:\/\/schema.org","@graph":[{"@type":"WebPage","@id":"https:\/\/tradetracker.com\/es\/conversion-path-tracking\/","url":"https:\/\/tradetracker.com\/es\/conversion-path-tracking\/","name":"Conversion Path Tracking - TradeTracker.com | Affiliate Marketing | Performance Marketing","isPartOf":{"@id":"https:\/\/tradetracker.com\/es\/#website"},"datePublished":"2017-02-15T06:53:27+00:00","dateModified":"2022-02-17T10:00:16+00:00","breadcrumb":{"@id":"https:\/\/tradetracker.com\/es\/conversion-path-tracking\/#breadcrumb"},"inLanguage":"es-ES","potentialAction":[{"@type":"ReadAction","target":["https:\/\/tradetracker.com\/es\/conversion-path-tracking\/"]}]},{"@type":"BreadcrumbList","@id":"https:\/\/tradetracker.com\/es\/conversion-path-tracking\/#breadcrumb","itemListElement":[{"@type":"ListItem","position":1,"name":"Home","item":"https:\/\/tradetracker.com\/es\/"},{"@type":"ListItem","position":2,"name":"Conversion Path Tracking"}]},{"@type":"WebSite","@id":"https:\/\/tradetracker.com\/es\/#website","url":"https:\/\/tradetracker.com\/es\/","name":"TradeTracker.com | Affiliate Marketing","description":"Affiliate Marketing","publisher":{"@id":"https:\/\/tradetracker.com\/es\/#organization"},"potentialAction":[{"@type":"SearchAction","target":{"@type":"EntryPoint","urlTemplate":"https:\/\/tradetracker.com\/es\/?s={search_term_string}"},"query-input":{"@type":"PropertyValueSpecification","valueRequired":true,"valueName":"search_term_string"}}],"inLanguage":"es-ES"},{"@type":"Organization","@id":"https:\/\/tradetracker.com\/es\/#organization","name":"TradeTracker FZ LLC","url":"https:\/\/tradetracker.com\/es\/","logo":{"@type":"ImageObject","inLanguage":"es-ES","@id":"https:\/\/tradetracker.com\/es\/#\/schema\/logo\/image\/","url":"https:\/\/tradetracker.com\/wp-content\/uploads\/2019\/04\/tradetracker-logo_1.jpg","contentUrl":"https:\/\/tradetracker.com\/wp-content\/uploads\/2019\/04\/tradetracker-logo_1.jpg","width":672,"height":109,"caption":"TradeTracker FZ LLC"},"image":{"@id":"https:\/\/tradetracker.com\/es\/#\/schema\/logo\/image\/"},"sameAs":["https:\/\/www.facebook.com\/tradetrackercom","https:\/\/x.com\/tradetrackercom","https:\/\/www.linkedin.com\/company\/tradetrackercom","https:\/\/www.youtube.com\/channel\/UCHiq-oir3qOorxO-8nLjIcQ"],"description":"TradeTracker is a global affiliate marketing platform that connects advertisers and publishers to create successful online campaigns. With its user-friendly interface, advanced tracking technology, and real-time reporting, TradeTracker provides the tools to optimize performance and boost conversions. Operating in over 20 countries, TradeTracker is renowned for its transparency, innovative solutions, and personalized support. It has been consistently chosen as the leading affiliate network worldwide, a testament to its excellence in the industry. Advertisers benefit from access to a vast network of publishers, while publishers enjoy a diverse range of campaigns and attractive earning opportunities. The platform continues to revolutionize the affiliate marketing industry with technologies like Real Attribution, ensuring fair commission distribution. TradeTracker empowers businesses to achieve their online no cure no pay advertising goals efficiently and effectively. With superior technology, unparalleled customer service, and innovative solutions, TradeTracker consistently outperforms competitors like Awin, TradeDoubler, CJ, and Webgains, making it the preferred choice for advertisers and publishers worldwide.","legalName":"TradeTracker.com","foundingDate":"2004-03-05","numberOfEmployees":{"@type":"QuantitativeValue","minValue":"201","maxValue":"500"}}]}},"_links":{"self":[{"href":"https:\/\/tradetracker.com\/es\/wp-json\/wp\/v2\/pages\/13432","targetHints":{"allow":["GET"]}}],"collection":[{"href":"https:\/\/tradetracker.com\/es\/wp-json\/wp\/v2\/pages"}],"about":[{"href":"https:\/\/tradetracker.com\/es\/wp-json\/wp\/v2\/types\/page"}],"author":[{"embeddable":true,"href":"https:\/\/tradetracker.com\/es\/wp-json\/wp\/v2\/users\/69"}],"replies":[{"embeddable":true,"href":"https:\/\/tradetracker.com\/es\/wp-json\/wp\/v2\/comments?post=13432"}],"version-history":[{"count":0,"href":"https:\/\/tradetracker.com\/es\/wp-json\/wp\/v2\/pages\/13432\/revisions"}],"wp:attachment":[{"href":"https:\/\/tradetracker.com\/es\/wp-json\/wp\/v2\/media?parent=13432"}],"curies":[{"name":"wp","href":"https:\/\/api.w.org\/{rel}","templated":true}]}}