{"id":26559,"date":"2016-12-12T11:52:36","date_gmt":"2016-12-12T11:52:36","guid":{"rendered":"https:\/\/tradetracker.com\/es\/anunciantes\/shopping\/"},"modified":"2020-12-17T11:26:58","modified_gmt":"2020-12-17T11:26:58","slug":"compras","status":"publish","type":"page","link":"https:\/\/tradetracker.com\/es\/anunciantes\/compras\/","title":{"rendered":"Shopping"},"content":{"rendered":"<div class=\"wpb-content-wrapper\"><p>[vc_row css=&#8221;.vc_custom_1607984790186{background-color: #f79737 !important;}&#8221; classes=&#8221;tt-single-industry tt-shopping&#8221;][vc_column]<div class=\"row\"><div class=\"vc_col-sm-12\"><div class=\" static-page-intro-text \" style=\"width: 75%\"><h1  style=\"color: #ffffff\" class=\"\">COMERCIAL<\/h1><h2  style=\"color: #ffffff\" class=\"\">Impulsamos las ventas poniendo en contacto a afiliados con los anunciantes adecuados, de modo que sean capaces de ofrecer justamente los productos que el cliente busca. Todo ello mediante un equipo de cuentas que conoce a la perfecci\u00f3n todos los entresijos del mundo de la compra online, y que adem\u00e1s posee acreditada experiencia a la hora de dise\u00f1ar y perfeccionar campa\u00f1as dirigidas a un determinado p\u00fablico.<\/h2><\/div>\r\n        <\/div>\r\n    <\/div>[\/vc_column][\/vc_row][vc_row][vc_column]<div class=\"row tt-industries-page\"><div class='vc_col-sm-3' id='sidebar'><h4 class=\"lined-section\">Industries<\/h4><div class=\"widget_nav_menu\"><ul class=\"menu\"><li><a class=\"industries-back\" href=\"https:\/\/tradetracker.com\/es\/#section-industries\/\">\u2190 Back to Industry Home<\/a><\/li><li><a href='https:\/\/tradetracker.com\/es\/anunciantes\/viajes\/' class=''>Viajes<\/a><\/li><li><a href='https:\/\/tradetracker.com\/es\/anunciantes\/servicios\/' class=''>Servicios<\/a><\/li><li><a href='https:\/\/tradetracker.com\/es\/anunciantes\/telecomunicaciones\/' class=''>Telecomunicaciones<\/a><\/li><li><a href='https:\/\/tradetracker.com\/es\/anunciantes\/compras\/' class='active'>Comercial<\/a><\/li><li><a href='https:\/\/tradetracker.com\/es\/anunciantes\/finanzas\/' class=''>Finanzas<\/a><\/li><\/ul><\/div>\r\n    <\/div><div class=\"vc_col-sm-9\">\r\n                <div class=\"vc_col-sm-12\">\r\n                    <ul class=\"industry-list compras\"><li><h2>Aficiones y tiempo libre<\/h2><p>Para la gente que siente pasi\u00f3n por participar en algo con lo que realmente disfrutan. Con nuestra red no es muy sencillo captar su atenci\u00f3n, animarles a desarrollar sus aptitudes y ofrecer diversi\u00f3n.<\/p><\/li><li><h2>Alimentaci\u00f3n y bebidas<\/h2><p>Empresas de catering, nutrici\u00f3n, comida para llevar, org\u00e1nica, bebidas alcoh\u00f3licas y resto de productos dirigidos a los paladares m\u00e1s exigentes usan nuestra plataforma para hacer llegar invitaciones a aquellos que buscan el placer adem\u00e1s de satisfacer una necesidad vital.<\/p><\/li><li><h2>Animales<\/h2><p>Agrupamos a una serie de comercios que tienen experiencia en el suministro de productos dise\u00f1ados para nuestros peque\u00f1os amigos de cuatro patas, animales acu\u00e1ticos, aves, etc.<\/p><\/li><li><h2>Arte y estilo de vida<\/h2><p>Ver\u00e1s que sencillo es llegar a un p\u00fablico con un gusto refinado y que disfruta creando y decorando nuevos espacios.<\/p><\/li><li><h2>Art\u00edculos de fiesta<\/h2><p>Nuestros colaboradores abarcan una gran variedad de temas para garantizar que todo el mundo pase un buen rato, y ofrecen aquellos art\u00edculos que nunca pueden faltar en una fiesta.  <\/p><\/li><li><h2>Autom\u00f3viles, motocicletas y bicicletas<\/h2><p>Tanto para los entusiastas del motor y los medios de transporte como para aquellos que s\u00f3lo buscan llegar desde un punto A hasta otro B. Contamos con una diversidad de sitios dedicados a garantizar que puedan obtener todo lo necesario para sus desplazamientos.<\/p><\/li><li><h2>Electrodom\u00e9sticos<\/h2><p>Para los que quieren tener un hogar totalmente equipado, funcional y pr\u00e1ctico, con todos los componentes necesarios para su comodidad. Desarrollamos estrategias para que tus producto sea el pr\u00f3ximo en la lista de la compra de tu p\u00fablco objetivo.<\/p><\/li><li><h2>Embarcaciones<\/h2><p>Los amantes del mar buscan a nuestos colaboradores online para todo aquello que necesitan para disfrutar de sus actividades acu\u00e1ticas.<\/p><\/li><li><h2>Espacio de trabajo<\/h2><p>Ofrecemos a una serie de colaboradores la posibilidad de dar a conocer sus productos en internet, a trav\u00e9s de una red de afiliados de prestigio, y as\u00ed abastecer el mercado del espacio de trabajo profesional y as\u00ed garantizar que las empresas rindan de siempre de manera eficiente.<\/p><\/li><li><h2>Familia<\/h2><p>Para garantizar que el tiempo que pasamos con nuestros seres queridos sea tiempo bien empleado, hemos juntado a una serie de colaboradores que nos dan la oportunidad de ofrecer experiencias inolvidables a todo tipo de familias.<\/p><\/li><li><h2>Grandes almacenes<\/h2><p>Nuestos socios con tiendas f\u00edsicas son conscientes de que el medio digital es fundamental a la hora de realizar ventas y atraer p\u00fablico a sus tiendas.<\/p><\/li><li><h2>Hardware y software<\/h2><p>Nuestro equipo de cuentas posee los conocimientos necesarios para captar la atenci\u00f3n de los consumidores del mercado inform\u00e1tico y sus accesorios.<\/p><\/li><li><h2>Hogar y jardiner\u00eda<\/h2><p>Para crear un espacio donde disfrutar, ya sea dentro o fuera de casa. Se trata de que consigas destacar tus productos y los beneficios reales que ofrecen, para posteriormente darlos a conocer a trav\u00e9s de alguien que sepa c\u00f3mo motivar al p\u00fablico y generar ventas.<\/p><\/li><li><h2>Juegos y diversi\u00f3n<\/h2><p>Contamos con un amplio n\u00famero de empresas que buscan motivar y desafiar a sus clientes a trav\u00e9s de la organizaci\u00f3n de competiciones contra ellos mismos y con otros.<\/p><\/li><li><h2>Juguetes<\/h2><p>Si quieres hacer feliz a un ni\u00f1o, un juguete ha sido tradicionalmente la mejor forma de conseguirlo. Nuestro software te ayudar\u00e1 a encontrar sitios web en los que anunciarte y llegar al p\u00fablico que est\u00e1s buscando.<\/p><\/li><li><h2>Libros, documentaci\u00f3n y prensa<\/h2><p>Nuestros socios online ponen a disposici\u00f3n del usuario una biblioteca sin fin, una fuente inagotable de literatura y art\u00edculos period\u00edsticos donde encontrar inspiraci\u00f3n y estar siempre al d\u00eda.<\/p><\/li><li><h2>Moda y joyer\u00eda<\/h2><p>Los gur\u00fas mas destacados del mundo de la moda utilizan nuestra red para llegar a gente que se fija en el m\u00ednimo detalle y nosotros los ponemos en contacto con aquellos que buscan vestir su fondo de armario.<\/p><\/li><li><h2>M\u00fasica y v\u00eddeo<\/h2><p>Para poder facilitar a los proveedores de contenidos audiovisuales las herramientas y t\u00e9cnicas que les permitan llegar a aquellos est\u00e9n interesados en sus productos, nuestro equipo conoce perfectamente cu\u00e1les son las \u00faltimas tendencias para garantizar que tu publicidad online sobresalga con respecto a las dem\u00e1s.<\/p><\/li><li><h2>Ofertas diarias y compras grupales<\/h2><p>Al ofrecer algunos de las mejores ofertas y promociones de internet, nuestros colaboradores satisfacen las necesidades de los consumidores y les dan la posibilidad de organizar eventos a precios razonables.<\/p><\/li><li><h2>Otros<\/h2><p>Con un espectro tan amplio de afiliados, te resultar\u00e1 pr\u00e1cticamente imposible encontrar un sector al que no seamos capaces de prestar servicio. Independientemente de la situaci\u00f3n, contamos con un grupo tan diverso de colaboradores que estamos seguros de que siempre habr\u00e1 un grupo de socios que se ajuste a tus necesidades.<\/p><\/li><li><h2>Productos para adultos<\/h2><p>Contamos con proveedores de productos dirigidos a aquellos que buscan a\u00f1adir un poco de picante a sus actividades m\u00e1s \u00edntimas, y les ayudamos a llegar a un p\u00fablico que se encuentra m\u00e1s c\u00f3modo en la privacidad de su domicilio.<\/p><\/li><li><h2>Reci\u00e9n nacidos y ni\u00f1os<\/h2><p>Los primeros a\u00f1os de tus hijos son los m\u00e1s importantes, y nosotros ofrecemos servicios para aquellos comercios que ponen a disposici\u00f3n de los padres todo lo que necesitan durante la etapa de crecimiento de los ni\u00f1os.<\/p><\/li><li><h2>Regalos y gadgets<\/h2><p>Sorprender a alguien con un regalo es una forma segura de causar una buena impresi\u00f3n. Nosotros hacemos posible para que tus clientes vean lo que t\u00fa ofreces y hagan feliz a alguien.<\/p><\/li><li><h2>Salud y belleza<\/h2><p>Ayudando a que la gente se vea y se sienta bien, nuestra plataforma es clave a la hora de llegar a aquellos con poder de influencia sobre los patrones de compra de la gente que se preocupa por su bienestar.<\/p><\/li><\/ul><\/div><\/div><\/div>[\/vc_column][\/vc_row]<\/p>\n<\/div>","protected":false},"excerpt":{"rendered":"<p>[vc_row css=&#8221;.vc_custom_1607984790186{background-color: #f79737 !important;}&#8221; classes=&#8221;tt-single-industry tt-shopping&#8221;][vc_column][\/vc_column][\/vc_row][vc_row][vc_column][\/vc_column][\/vc_row]<\/p>\n","protected":false},"author":69,"featured_media":0,"parent":13296,"menu_order":0,"comment_status":"closed","ping_status":"closed","template":"","meta":{"inline_featured_image":false,"_monsterinsights_skip_tracking":false,"_monsterinsights_sitenote_active":false,"_monsterinsights_sitenote_note":"","_monsterinsights_sitenote_category":0,"footnotes":""},"class_list":["post-26559","page","type-page","status-publish","hentry"],"yoast_head":"<!-- This site is optimized with the Yoast SEO Premium plugin v27.0 (Yoast SEO v27.0) - https:\/\/yoast.com\/product\/yoast-seo-premium-wordpress\/ -->\n<title>Shopping - TradeTracker.com | Affiliate Marketing | Performance Marketing<\/title>\n<meta name=\"description\" content=\"Ayudando a que la gente se vea y se sienta bien, nuestra plataforma es clave a la hora de llegar a aquellos con poder de influencia sobre los patrones de compra de la gente que se preocupa por su bienestar.\" \/>\n<meta name=\"robots\" content=\"index, follow, max-snippet:-1, max-image-preview:large, max-video-preview:-1\" \/>\n<link rel=\"canonical\" href=\"https:\/\/tradetracker.com\/es\/wp-json\/wp\/v2\/pages\/26559\/\" \/>\n<meta property=\"og:locale\" content=\"es_ES\" \/>\n<meta property=\"og:type\" content=\"article\" \/>\n<meta property=\"og:title\" content=\"Shopping\" \/>\n<meta property=\"og:description\" content=\"[vc_row css=&#8221;.vc_custom_1607984790186{background-color: #f79737 !important;}&#8221; classes=&#8221;tt-single-industry tt-shopping&#8221;][vc_column][\/vc_column][\/vc_row][vc_row][vc_column][\/vc_column][\/vc_row]\" \/>\n<meta property=\"og:url\" content=\"https:\/\/tradetracker.com\/es\/anunciantes\/compras\/\" \/>\n<meta property=\"og:site_name\" content=\"TradeTracker.com | Affiliate Marketing | Performance Marketing\" \/>\n<meta property=\"article:publisher\" content=\"https:\/\/www.facebook.com\/tradetrackercom\" \/>\n<meta property=\"article:modified_time\" content=\"2020-12-17T11:26:58+00:00\" \/>\n<meta property=\"og:image\" content=\"https:\/\/tradetracker.com\/wp-content\/uploads\/2019\/12\/tradetracker-logo-square.png\" \/>\n\t<meta property=\"og:image:width\" content=\"250\" \/>\n\t<meta property=\"og:image:height\" content=\"250\" \/>\n\t<meta property=\"og:image:type\" content=\"image\/png\" \/>\n<meta name=\"twitter:card\" content=\"summary_large_image\" \/>\n<meta name=\"twitter:site\" content=\"@tradetrackercom\" \/>\n<meta name=\"twitter:label1\" content=\"Est. reading time\" \/>\n\t<meta name=\"twitter:data1\" content=\"1 minute\" \/>\n<script type=\"application\/ld+json\" class=\"yoast-schema-graph\">{\"@context\":\"https:\/\/schema.org\",\"@graph\":[{\"@type\":\"WebPage\",\"@id\":\"https:\/\/tradetracker.com\/es\/anunciantes\/compras\/\",\"url\":\"https:\/\/tradetracker.com\/es\/anunciantes\/compras\/\",\"name\":\"Shopping - TradeTracker.com | Affiliate Marketing | Performance Marketing\",\"isPartOf\":{\"@id\":\"https:\/\/tradetracker.com\/es\/#website\"},\"datePublished\":\"2016-12-12T11:52:36+00:00\",\"dateModified\":\"2020-12-17T11:26:58+00:00\",\"breadcrumb\":{\"@id\":\"https:\/\/tradetracker.com\/es\/anunciantes\/compras\/#breadcrumb\"},\"inLanguage\":\"es-ES\",\"potentialAction\":[{\"@type\":\"ReadAction\",\"target\":[\"https:\/\/tradetracker.com\/es\/anunciantes\/compras\/\"]}]},{\"@type\":\"BreadcrumbList\",\"@id\":\"https:\/\/tradetracker.com\/es\/anunciantes\/compras\/#breadcrumb\",\"itemListElement\":[{\"@type\":\"ListItem\",\"position\":1,\"name\":\"Home\",\"item\":\"https:\/\/tradetracker.com\/es\/\"},{\"@type\":\"ListItem\",\"position\":2,\"name\":\"Anunciantes\",\"item\":\"https:\/\/tradetracker.com\/es\/anunciantes\/\"},{\"@type\":\"ListItem\",\"position\":3,\"name\":\"Shopping\"}]},{\"@type\":\"WebSite\",\"@id\":\"https:\/\/tradetracker.com\/es\/#website\",\"url\":\"https:\/\/tradetracker.com\/es\/\",\"name\":\"TradeTracker.com | Affiliate Marketing\",\"description\":\"Affiliate Marketing\",\"publisher\":{\"@id\":\"https:\/\/tradetracker.com\/es\/#organization\"},\"potentialAction\":[{\"@type\":\"SearchAction\",\"target\":{\"@type\":\"EntryPoint\",\"urlTemplate\":\"https:\/\/tradetracker.com\/es\/?s={search_term_string}\"},\"query-input\":{\"@type\":\"PropertyValueSpecification\",\"valueRequired\":true,\"valueName\":\"search_term_string\"}}],\"inLanguage\":\"es-ES\"},{\"@type\":\"Organization\",\"@id\":\"https:\/\/tradetracker.com\/es\/#organization\",\"name\":\"TradeTracker FZ LLC\",\"url\":\"https:\/\/tradetracker.com\/es\/\",\"logo\":{\"@type\":\"ImageObject\",\"inLanguage\":\"es-ES\",\"@id\":\"https:\/\/tradetracker.com\/es\/#\/schema\/logo\/image\/\",\"url\":\"https:\/\/tradetracker.com\/wp-content\/uploads\/2019\/04\/tradetracker-logo_1.jpg\",\"contentUrl\":\"https:\/\/tradetracker.com\/wp-content\/uploads\/2019\/04\/tradetracker-logo_1.jpg\",\"width\":672,\"height\":109,\"caption\":\"TradeTracker FZ LLC\"},\"image\":{\"@id\":\"https:\/\/tradetracker.com\/es\/#\/schema\/logo\/image\/\"},\"sameAs\":[\"https:\/\/www.facebook.com\/tradetrackercom\",\"https:\/\/x.com\/tradetrackercom\",\"https:\/\/www.linkedin.com\/company\/tradetrackercom\",\"https:\/\/www.youtube.com\/channel\/UCHiq-oir3qOorxO-8nLjIcQ\"],\"description\":\"TradeTracker is a global affiliate marketing platform that connects advertisers and publishers to create successful online campaigns. With its user-friendly interface, advanced tracking technology, and real-time reporting, TradeTracker provides the tools to optimize performance and boost conversions. Operating in over 20 countries, TradeTracker is renowned for its transparency, innovative solutions, and personalized support. It has been consistently chosen as the leading affiliate network worldwide, a testament to its excellence in the industry. Advertisers benefit from access to a vast network of publishers, while publishers enjoy a diverse range of campaigns and attractive earning opportunities. The platform continues to revolutionize the affiliate marketing industry with technologies like Real Attribution, ensuring fair commission distribution. TradeTracker empowers businesses to achieve their online no cure no pay advertising goals efficiently and effectively. With superior technology, unparalleled customer service, and innovative solutions, TradeTracker consistently outperforms competitors like Awin, TradeDoubler, CJ, and Webgains, making it the preferred choice for advertisers and publishers worldwide.\",\"legalName\":\"TradeTracker.com\",\"foundingDate\":\"2004-03-05\",\"numberOfEmployees\":{\"@type\":\"QuantitativeValue\",\"minValue\":\"201\",\"maxValue\":\"500\"}}]}<\/script>\n<!-- \/ Yoast SEO Premium plugin. -->","yoast_head_json":{"title":"Shopping - TradeTracker.com | Affiliate Marketing | Performance Marketing","description":"Ayudando a que la gente se vea y se sienta bien, nuestra plataforma es clave a la hora de llegar a aquellos con poder de influencia sobre los patrones de compra de la gente que se preocupa por su bienestar.","robots":{"index":"index","follow":"follow","max-snippet":"max-snippet:-1","max-image-preview":"max-image-preview:large","max-video-preview":"max-video-preview:-1"},"canonical":"https:\/\/tradetracker.com\/es\/wp-json\/wp\/v2\/pages\/26559\/","og_locale":"es_ES","og_type":"article","og_title":"Shopping","og_description":"[vc_row css=&#8221;.vc_custom_1607984790186{background-color: #f79737 !important;}&#8221; classes=&#8221;tt-single-industry tt-shopping&#8221;][vc_column][\/vc_column][\/vc_row][vc_row][vc_column][\/vc_column][\/vc_row]","og_url":"https:\/\/tradetracker.com\/es\/anunciantes\/compras\/","og_site_name":"TradeTracker.com | Affiliate Marketing | Performance Marketing","article_publisher":"https:\/\/www.facebook.com\/tradetrackercom","article_modified_time":"2020-12-17T11:26:58+00:00","og_image":[{"width":250,"height":250,"url":"https:\/\/tradetracker.com\/wp-content\/uploads\/2019\/12\/tradetracker-logo-square.png","type":"image\/png"}],"twitter_card":"summary_large_image","twitter_site":"@tradetrackercom","twitter_misc":{"Est. reading time":"1 minute"},"schema":{"@context":"https:\/\/schema.org","@graph":[{"@type":"WebPage","@id":"https:\/\/tradetracker.com\/es\/anunciantes\/compras\/","url":"https:\/\/tradetracker.com\/es\/anunciantes\/compras\/","name":"Shopping - TradeTracker.com | Affiliate Marketing | Performance Marketing","isPartOf":{"@id":"https:\/\/tradetracker.com\/es\/#website"},"datePublished":"2016-12-12T11:52:36+00:00","dateModified":"2020-12-17T11:26:58+00:00","breadcrumb":{"@id":"https:\/\/tradetracker.com\/es\/anunciantes\/compras\/#breadcrumb"},"inLanguage":"es-ES","potentialAction":[{"@type":"ReadAction","target":["https:\/\/tradetracker.com\/es\/anunciantes\/compras\/"]}]},{"@type":"BreadcrumbList","@id":"https:\/\/tradetracker.com\/es\/anunciantes\/compras\/#breadcrumb","itemListElement":[{"@type":"ListItem","position":1,"name":"Home","item":"https:\/\/tradetracker.com\/es\/"},{"@type":"ListItem","position":2,"name":"Anunciantes","item":"https:\/\/tradetracker.com\/es\/anunciantes\/"},{"@type":"ListItem","position":3,"name":"Shopping"}]},{"@type":"WebSite","@id":"https:\/\/tradetracker.com\/es\/#website","url":"https:\/\/tradetracker.com\/es\/","name":"TradeTracker.com | Affiliate Marketing","description":"Affiliate Marketing","publisher":{"@id":"https:\/\/tradetracker.com\/es\/#organization"},"potentialAction":[{"@type":"SearchAction","target":{"@type":"EntryPoint","urlTemplate":"https:\/\/tradetracker.com\/es\/?s={search_term_string}"},"query-input":{"@type":"PropertyValueSpecification","valueRequired":true,"valueName":"search_term_string"}}],"inLanguage":"es-ES"},{"@type":"Organization","@id":"https:\/\/tradetracker.com\/es\/#organization","name":"TradeTracker FZ LLC","url":"https:\/\/tradetracker.com\/es\/","logo":{"@type":"ImageObject","inLanguage":"es-ES","@id":"https:\/\/tradetracker.com\/es\/#\/schema\/logo\/image\/","url":"https:\/\/tradetracker.com\/wp-content\/uploads\/2019\/04\/tradetracker-logo_1.jpg","contentUrl":"https:\/\/tradetracker.com\/wp-content\/uploads\/2019\/04\/tradetracker-logo_1.jpg","width":672,"height":109,"caption":"TradeTracker FZ LLC"},"image":{"@id":"https:\/\/tradetracker.com\/es\/#\/schema\/logo\/image\/"},"sameAs":["https:\/\/www.facebook.com\/tradetrackercom","https:\/\/x.com\/tradetrackercom","https:\/\/www.linkedin.com\/company\/tradetrackercom","https:\/\/www.youtube.com\/channel\/UCHiq-oir3qOorxO-8nLjIcQ"],"description":"TradeTracker is a global affiliate marketing platform that connects advertisers and publishers to create successful online campaigns. With its user-friendly interface, advanced tracking technology, and real-time reporting, TradeTracker provides the tools to optimize performance and boost conversions. Operating in over 20 countries, TradeTracker is renowned for its transparency, innovative solutions, and personalized support. It has been consistently chosen as the leading affiliate network worldwide, a testament to its excellence in the industry. Advertisers benefit from access to a vast network of publishers, while publishers enjoy a diverse range of campaigns and attractive earning opportunities. The platform continues to revolutionize the affiliate marketing industry with technologies like Real Attribution, ensuring fair commission distribution. TradeTracker empowers businesses to achieve their online no cure no pay advertising goals efficiently and effectively. With superior technology, unparalleled customer service, and innovative solutions, TradeTracker consistently outperforms competitors like Awin, TradeDoubler, CJ, and Webgains, making it the preferred choice for advertisers and publishers worldwide.","legalName":"TradeTracker.com","foundingDate":"2004-03-05","numberOfEmployees":{"@type":"QuantitativeValue","minValue":"201","maxValue":"500"}}]}},"_links":{"self":[{"href":"https:\/\/tradetracker.com\/es\/wp-json\/wp\/v2\/pages\/26559","targetHints":{"allow":["GET"]}}],"collection":[{"href":"https:\/\/tradetracker.com\/es\/wp-json\/wp\/v2\/pages"}],"about":[{"href":"https:\/\/tradetracker.com\/es\/wp-json\/wp\/v2\/types\/page"}],"author":[{"embeddable":true,"href":"https:\/\/tradetracker.com\/es\/wp-json\/wp\/v2\/users\/69"}],"replies":[{"embeddable":true,"href":"https:\/\/tradetracker.com\/es\/wp-json\/wp\/v2\/comments?post=26559"}],"version-history":[{"count":0,"href":"https:\/\/tradetracker.com\/es\/wp-json\/wp\/v2\/pages\/26559\/revisions"}],"up":[{"embeddable":true,"href":"https:\/\/tradetracker.com\/es\/wp-json\/wp\/v2\/pages\/13296"}],"wp:attachment":[{"href":"https:\/\/tradetracker.com\/es\/wp-json\/wp\/v2\/media?parent=26559"}],"curies":[{"name":"wp","href":"https:\/\/api.w.org\/{rel}","templated":true}]}}