{"id":30618,"date":"2017-02-15T06:57:59","date_gmt":"2017-02-15T06:57:59","guid":{"rendered":"https:\/\/tradetracker.com\/es\/politica-de-privacidad\/how-we-use-cookies\/"},"modified":"2025-01-17T07:33:53","modified_gmt":"2025-01-17T07:33:53","slug":"como-usamos-las-cookies","status":"publish","type":"page","link":"https:\/\/tradetracker.com\/es\/politica-de-privacidad\/como-usamos-las-cookies\/","title":{"rendered":"How we use cookies"},"content":{"rendered":"<div class=\"wpb-content-wrapper\"><p>[vc_row classes=&#8221;static-page-intro short cookies-page bg-pattern full-width&#8221; css=&#8221;.vc_custom_1488803387462{background-image: url(https:\/\/tradetracker.com\/wp-content\/uploads\/2016\/12\/books.png?id=358) !important;}&#8221;][vc_column]<div class=\"row\"><div class=\"vc_col-sm-12\"><div class=\" static-page-intro-text \"><h1  class=\"\">C\u00d3MO USAMOS LAS COOKIES<\/h1><\/div>\r\n        <\/div>\r\n    <\/div>[\/vc_column][\/vc_row][vc_row][vc_column]<div class=\"space\"><\/div>[vc_wp_text]<\/p>\n<p class=\"Prrafo\" style=\"text-indent: 0cm;\">Las cookies son peque\u00f1os archivos de texto que se almacenan en tu perfil de usuario en tu ordenador y que contienen peque\u00f1as cantidades de informaci\u00f3n. Esta informaci\u00f3n puede incluir desde determinadas preferencias para un sitio web hasta informaci\u00f3n para recordar tu acceso a un determinado sitio web. Tu navegador puede acceder a esta informaci\u00f3n para mejorar la navegaci\u00f3n.<\/p>\n<h3>Cookies de cuenta<\/h3>\n<p class=\"Prrafo\" style=\"text-indent: 0cm; margin: 5.95pt 0cm 5.95pt 0cm;\">Las cookies usadas a trav\u00e9s del sitio web est\u00e1n relacionadas con tu cuenta en el mismo. La mayor\u00eda de ellas son necesarias para que su cuenta funcione correctamente. Ninguna informaci\u00f3n personal se almacena en estas cookies. A continuaci\u00f3n se muestra una tabla que contiene informaci\u00f3n detallada de cada cookie utilizada principalmente para el dominio &#8220;tradetracker.com&#8221;.<\/p>\n<div class=\"table-content color1 table-center table-striped\"><\/div>\n<p>[\/vc_wp_text]<div class=\"space\"><\/div><div class=\"table-content color1 table-center table-striped\">\r\n\t\t\t<table>\r\n\t\t\t\t<tbody><tr><th>Name<\/th>\r\n        <th>Type<\/th>\r\n        <th> Description<\/th>\r\n        <th>Expires<\/th><\/tr><tr><td>TT_allowCookies<\/td><td>Funcional (1st party)<\/td><td>Las preferencias del visitante respecto a las cookies opt-in se almacenan en esta cookie. Ninguna informaci\u00f3n personal identificable se almacena en la cookie<\/td><td>Despu\u00e9s 2 a\u00f1os<\/td><\/tr><tr><td>ttagency_*<\/td><td>Funcional (1st party)<\/td><td>Cada vez que una agencia se conecta exitosamente en nuestro software, ciertas propiedades de usuario cifradas se almacenan dentro de esta cookie. Ninguna informaci\u00f3n personal identificable se almacena en la cookie<\/td><td>La cookie expira despu\u00e9s de 2 a\u00f1os a no ser que al finalizar la sesi\u00f3n la casilla \"Seguir conectado\" est\u00e9 marcada<\/td><\/tr><tr><td>ttuser_*<\/td><td>Funcional (1st party)<\/td><td>Cada vez que un afiliado o anunciante se conecte exitosamente en nuestro software, ciertas propiedades de usuario cifradas se almacenan dentro de esta cookie. Ninguna informaci\u00f3n personal identificable se almacena en la cookie<\/td><td>Al final de la sesi\u00f3n a menos que la casilla \"Seguir conectado\" est\u00e9 marcada, la cookie expirar\u00e1 despu\u00e9s de 2 a\u00f1os<\/td><\/tr><tr><td>xmlhttp<\/td><td>Funcional (1st party)<\/td><td>Se utiliza para determinar si XMLHTTP se acepta en el dispositivo del usuario, ya que es necesario para ejecutar determinadas funciones dentro de nuestro software. Ninguna informaci\u00f3n personal identificable se almacena en la cookie<\/td><td>Al finalizar la sesi\u00f3n<\/td><\/tr><tr><td>affiliateSiteIDs<\/td><td>Funcional (1st party)<\/td><td>La selecci\u00f3n de los sitios web afiliados que el usuario desea cargar en la secci\u00f3n de software privado. Ninguna informaci\u00f3n personal identificable se almacena en la cookie<\/td><td>Despu\u00e9s 1 mes<\/td><\/tr><tr><td>campaignIDs<\/td><td>Funcional (1st party)<\/td><td>Selecci\u00f3n de p\u00e1ginas de anunciantes que el usuario desea cargar en la secci\u00f3n de software privado. Ninguna informaci\u00f3n personal identificable se almacena en la cookie<\/td><td>Despu\u00e9s 1 mes<\/td><\/tr><tr><td>companyID<\/td><td>Funcional (1st party)<\/td><td>Selecci\u00f3n de los pa\u00edses que el usuario desea cargar en la secci\u00f3n de software privado. Ninguna informaci\u00f3n personal identificable se almacena en la cookie<\/td><td>Despu\u00e9s 1 mes<\/td><\/tr><tr><td>locale_*<\/td><td>Funcional (1st party)<\/td><td>Las preferencias de idioma del usuario se almacenan en la cookie. Ninguna informaci\u00f3n personal identificable se almacena en la cookie<\/td><td>Despu\u00e9s 1 mes<\/td><\/tr><\/tbody><\/table><\/div>\r\n\t\t<div class=\"space\"><\/div>[vc_wp_text]<\/p>\n<h3>Tracking cookies<\/h3>\n<p class=\"Prrafo\" style=\"text-indent: 0cm;\">TradeTracker ofrece servicios que requieren del seguimiento del tr\u00e1fico y del rendimiento de un sitio web (el afiliado) a otro (el anunciante). Como visitante regular, no estar\u00e1 involucrado directamente con estas cookies. Con el fin de asegurarnos de que a la p\u00e1gina web correcta se le atribuyen las estad\u00edsticas correctas, TradeTracker utiliza cookies. Dentro de estas cookies, se almacena la informaci\u00f3n no rastreable y no personal de los visitantes. As\u00ed, el afiliado puede ser recompensado en una etapa posterior por el env\u00edo de tr\u00e1fico.<\/p>\n<p class=\"Prrafo\" style=\"text-indent: 0cm; margin: 5.95pt 0cm 5.95pt 0cm;\">Una gran cantidad de servicios en Internet siguen siendo gratuitos debido a que estos sitios web se ven recompensados por el env\u00edo de tr\u00e1fico y la mayor\u00eda de los usuarios de Internet est\u00e1n encantados con que esto sea as\u00ed en lugar de tener que pagar por cada servicio. A continuaci\u00f3n se muestra una tabla que contiene informaci\u00f3n detallada de cada cookie de seguimiento utilizada principalmente para el dominio &#8220;tradetracker.net&#8221;.<\/p>\n<p>[\/vc_wp_text]<div class=\"space\"><\/div><div class=\"table-content color1 table-center table-striped\">\r\n\t\t\t<table>\r\n\t\t\t\t<tbody><tr><th>Name<\/th>\r\n        <th>Type<\/th>\r\n        <th> Description<\/th>\r\n        <th>Expires<\/th><\/tr><tr><td>_pk_*<\/td><td>No funcional (1st party)<\/td><td>Los datos de Piwic Analytics se almacenan en estas cookies para analizar el tr\u00e1fico en nuestro(s) sitio(s) web(s). Ninguna informaci\u00f3n personal identificable es almacenada en estas cookies<\/td><td>Despu\u00e9s 2 a\u00f1os<\/td><\/tr><tr><td>pi*<\/td><td>No funcional (3rd party)<\/td><td>Usado para campa\u00f1as post impresi\u00f3n. Ninguna informaci\u00f3n personal identificable se almacena en esta cookie<\/td><td>Difiere por ejemplo, con un m\u00e1ximo de 100 d\u00edas<\/td><\/tr><tr><td>__tdat*<\/td><td>No funcional (3rd party)<\/td><td>En caso de que se siga un enlace afiliado, esta cookie registra el sitio web afiliado originario, material de promoci\u00f3n utilizado y, opcionalmente, un conjunto de referencia por el afiliado para permitir a los afiliados ser recompensados \u200b\u200bpor enviar clientes a los anunciantes. Ninguna informaci\u00f3n personal identificable es almacenada en estas cookies<\/td><td>Difiere por ejemplo, con un m\u00e1ximo de 365 d\u00edas<\/td><\/tr><tr><td>__bctdat<\/td><td>No funcional (3rd party)<\/td><td>Informaci\u00f3n relacionada con el clic. Ninguna informaci\u00f3n personal identificable se almacena en la cookie<\/td><td>Al finalizar la sesi\u00f3n<\/td><\/tr><\/tbody><\/table><\/div>\r\n\t\t<div class=\"space\"><\/div>[vc_wp_text]<\/p>\n<h3>Eliminando cookies<\/h3>\n<p class=\"Prrafo\" style=\"text-indent: 0cm;\">Ninguna informaci\u00f3n personal identificable es almacenada dentro de nuestras cookies. Sin embargo, si desea eliminar las cookies, puede hacerlo a trav\u00e9s de la configuraci\u00f3n de su navegador. Las cookies relacionadas con su cuenta TradeTracker y su an\u00e1lisis se pueden eliminar buscando las cookies en el dominio tradetracker.com. Las cookies de seguimiento se encuentran en el dominio tradetracker.net.<\/p>\n<p class=\"Prrafo\" style=\"text-indent: 0cm;\">Si deseas navegar por internet en el futuro sin tener que lidiar con las cookies, tambi\u00e9n puedes considerar la configuraci\u00f3n de una sesi\u00f3n de &#8220;navegaci\u00f3n privada&#8221;, sin embargo, tendr\u00e1s que acceder a cada sitio web de nuevo despu\u00e9s de haber cerrado esa sesi\u00f3n espec\u00edfica de &#8220;navegaci\u00f3n privada&#8221;. Si lo prefieres, puedes configurar tu navegador a trav\u00e9s de las opciones de cada uno de forma que no se descarguen cookies al navegar, o no se descarguen determinados tipos de cookies.<\/p>\n<p>A continuaci\u00f3n te ofrecemos un listado de enlaces sobre los pasos a seguir para la activaci\u00f3n, desactivaci\u00f3n, borrado y gesti\u00f3n de cookies en funci\u00f3n de cada navegador:<\/p>\n<p><span style=\"font-size: 12pt;\"><strong>Apple Safari: <\/strong>Con Safari abierto, pulsar Safari &gt; Preferencias&#8230; &gt; Privacidad y selecciona &#8220;Bloquear siempre&#8221;, &#8220;Permitir s\u00f3lo del sitio web actual&#8221;, &#8220;Permitir de los sitios que visito&#8221; o &#8220;Permitir siempre&#8221;<\/span><\/p>\n<p><span style=\"font-size: 12pt;\"><strong>Google Chrome: <\/strong>Con Google Chrome abierto, pulsar en el icono del men\u00fa de Chrome &gt; Configuraci\u00f3n &gt; Mostrar opciones avanzadas&#8230; &gt; Privacidad &gt; Configuraci\u00f3n de contenido&#8230; &gt; Cookies y configurar seg\u00fan preferencias<\/span><\/p>\n<p><span style=\"font-size: 12pt;\">Para m\u00e1s informaci\u00f3n: <a href=\"https:\/\/support.google.com\/chrome\/answer\/95647?hl=es\" class=\"external\" rel=\"nofollow\">Borrar, habilitar y gestionar cookies en Chrome<\/a><\/span><\/p>\n<p><span style=\"font-size: 12pt;\"><strong>Internet Explorer 11: <\/strong>Pulsa en el icono de Internet Explorer en la barra de tareas &gt; Herramientas &gt; Opciones de Internet &gt; Privacidad y personalizar la configuraci\u00f3n de cookies seg\u00fan preferencias<\/span><\/p>\n<p><span style=\"font-size: 12pt;\">Para m\u00e1s informaci\u00f3n: <a href=\"http:\/\/windows.microsoft.com\/es-es\/internet-explorer\/delete-manage-cookies#ie=ie-11\" class=\"external\" rel=\"nofollow\">Delete and manage cookies<br \/>\n<\/a><\/span><\/p>\n<p><span style=\"font-size: 12pt;\"><strong>Mozilla Firefox: <\/strong>Con Firefox abierto, pulsar el bot\u00f3n Men\u00fa &gt; Opciones &gt; Privacidad y personalizar la configuraci\u00f3n de cookies seg\u00fan preferencias<\/span><\/p>\n<p><span style=\"font-size: 12pt;\">Para m\u00e1s informaci\u00f3n:\u00a0<a href=\"https:\/\/support.mozilla.org\/es\/kb\/habilitar-y-deshabilitar-cookies-sitios-web-rastrear-preferencias\" class=\"external\" rel=\"nofollow\">Habilitar y deshabilitar cookies que los sitios web utilizan para rastrear tus preferencias<\/a><\/span><\/p>\n<p><span style=\"font-size: 12pt;\"><strong>Opera: <\/strong>Con Opera abierto, pulsar Configuraci\u00f3n &gt; Opciones &gt; Avanzado &gt; Cookies y personalizar la configuraci\u00f3n seg\u00fan preferencias<\/span><\/p>\n<p><span style=\"font-size: 12pt;\">Para m\u00e1s informaci\u00f3n: <a href=\"http:\/\/help.opera.com\/Windows\/12.00\/es-ES\/cookies.html\" class=\"external\" rel=\"nofollow\">Manage cookies in pages<\/a><\/span><\/p>\n<p><span style=\"font-size: 12pt;\"><strong>Safari para iOS: <\/strong>Pulsar Ajustes &gt; Safari &gt; Bloquear cookies y seleccionar &#8220;Permitir siempre&#8221;, &#8220;Permitir de los sitios que visito&#8221;, &#8220;Permitir s\u00f3lo de los sitios web actuales&#8221; o &#8220;Bloquear siempre&#8221;<\/span><\/p>\n<p><span style=\"font-size: 12pt;\">Para m\u00e1s informaci\u00f3n: <a href=\"http:\/\/support.apple.com\/es-es\/HT1677\" class=\"external\" rel=\"nofollow\">Borrar el historial y las cookies de Safari en el iPhone, iPad o iPod touch<\/a><\/span><\/p>\n<p><span style=\"font-size: 12pt;\"><strong>Chrome para Android e iOS: <\/strong>Con Google Chrome abierto, pulsar en el icono del men\u00fa de Chrome &gt; Configuraci\u00f3n &gt; Mostrar opciones avanzadas&#8230; &gt; Privacidad &gt; Configuraci\u00f3n de contenido&#8230; &gt; Cookies y configurar seg\u00fan preferencias<\/span><\/p>\n<p><span style=\"font-size: 12pt;\">Para m\u00e1s informaci\u00f3n: <a href=\"https:\/\/support.google.com\/chrome\/answer\/95647?hl=es\" class=\"external\" rel=\"nofollow\">Borrar, habilitar y gestionar cookies en Chrome<\/a><\/span>[\/vc_wp_text]<div class=\"space\"><\/div>[\/vc_column][\/vc_row]<\/p>\n<\/div>","protected":false},"excerpt":{"rendered":"<p>[vc_row classes=&#8221;static-page-intro short cookies-page bg-pattern full-width&#8221; css=&#8221;.vc_custom_1488803387462{background-image: url(https:\/\/tradetracker.com\/wp-content\/uploads\/2016\/12\/books.png?id=358) !important;}&#8221;][vc_column][\/vc_column][\/vc_row][vc_row][vc_column][vc_wp_text] Las cookies son peque\u00f1os archivos de texto que se almacenan en tu perfil de usuario en tu ordenador y que contienen peque\u00f1as cantidades de informaci\u00f3n. Esta informaci\u00f3n puede incluir desde determinadas preferencias para un sitio web hasta informaci\u00f3n para recordar tu acceso a un determinado sitio  [&#8230;]<\/p>\n","protected":false},"author":69,"featured_media":0,"parent":13552,"menu_order":0,"comment_status":"closed","ping_status":"closed","template":"template-privacy-page.php","meta":{"inline_featured_image":false,"_monsterinsights_skip_tracking":false,"_monsterinsights_sitenote_active":false,"_monsterinsights_sitenote_note":"","_monsterinsights_sitenote_category":0,"footnotes":""},"class_list":["post-30618","page","type-page","status-publish","hentry"],"yoast_head":"<!-- This site is optimized with the Yoast SEO Premium plugin v27.0 (Yoast SEO v27.0) - https:\/\/yoast.com\/product\/yoast-seo-premium-wordpress\/ -->\n<title>How we use cookies - TradeTracker.com | Affiliate Marketing | Performance Marketing<\/title>\n<meta name=\"description\" content=\"C\u00d3MO USAMOS LAS COOKIES Las cookies son peque\u00f1os archivos de texto que se almacenan en tu perfil de usuario en tu ordenador y que contienen peque\u00f1as cantidades de informaci\u00f3n. Esta informaci\u00f3n puede incluir desde\" \/>\n<meta name=\"robots\" content=\"index, follow, max-snippet:-1, max-image-preview:large, max-video-preview:-1\" \/>\n<link rel=\"canonical\" href=\"https:\/\/tradetracker.com\/es\/wp-json\/wp\/v2\/pages\/30618\/\" \/>\n<meta property=\"og:locale\" content=\"es_ES\" \/>\n<meta property=\"og:type\" content=\"article\" \/>\n<meta property=\"og:title\" content=\"How we use cookies TradeTracker.com\" \/>\n<meta property=\"og:description\" content=\"C\u00d3MO USAMOS LAS COOKIES Las cookies son peque\u00f1os archivos de\" \/>\n<meta property=\"og:url\" content=\"https:\/\/tradetracker.com\/es\/politica-de-privacidad\/como-usamos-las-cookies\/\" \/>\n<meta property=\"og:site_name\" content=\"TradeTracker.com | Affiliate Marketing | Performance Marketing\" \/>\n<meta property=\"article:publisher\" content=\"https:\/\/www.facebook.com\/tradetrackercom\" \/>\n<meta property=\"article:modified_time\" content=\"2025-01-17T07:33:53+00:00\" \/>\n<meta property=\"og:image\" content=\"https:\/\/tradetracker.com\/wp-content\/uploads\/2019\/12\/tradetracker-logo-square.png\" \/>\n\t<meta property=\"og:image:width\" content=\"250\" \/>\n\t<meta property=\"og:image:height\" content=\"250\" \/>\n\t<meta property=\"og:image:type\" content=\"image\/png\" \/>\n<meta name=\"twitter:card\" content=\"summary_large_image\" \/>\n<meta name=\"twitter:title\" content=\"How we use cookies\" \/>\n<meta name=\"twitter:description\" content=\"C\u00d3MO USAMOS LAS COOKIES Las cookies son peque\u00f1os archivos de texto que se almacenan en tu perfil de usuario en tu ordenador\" \/>\n<meta name=\"twitter:image\" content=\"https:\/\/tradetracker.com\/assets\/tt-circles.png\" \/>\n<meta name=\"twitter:site\" content=\"@tradetrackercom\" \/>\n<meta name=\"twitter:label1\" content=\"Est. reading time\" \/>\n\t<meta name=\"twitter:data1\" content=\"4 minutes\" \/>\n<script type=\"application\/ld+json\" class=\"yoast-schema-graph\">{\"@context\":\"https:\/\/schema.org\",\"@graph\":[{\"@type\":\"WebPage\",\"@id\":\"https:\/\/tradetracker.com\/es\/politica-de-privacidad\/como-usamos-las-cookies\/\",\"url\":\"https:\/\/tradetracker.com\/es\/politica-de-privacidad\/como-usamos-las-cookies\/\",\"name\":\"How we use cookies - TradeTracker.com | Affiliate Marketing | Performance Marketing\",\"isPartOf\":{\"@id\":\"https:\/\/tradetracker.com\/es\/#website\"},\"datePublished\":\"2017-02-15T06:57:59+00:00\",\"dateModified\":\"2025-01-17T07:33:53+00:00\",\"breadcrumb\":{\"@id\":\"https:\/\/tradetracker.com\/es\/politica-de-privacidad\/como-usamos-las-cookies\/#breadcrumb\"},\"inLanguage\":\"es-ES\",\"potentialAction\":[{\"@type\":\"ReadAction\",\"target\":[\"https:\/\/tradetracker.com\/es\/politica-de-privacidad\/como-usamos-las-cookies\/\"]}]},{\"@type\":\"BreadcrumbList\",\"@id\":\"https:\/\/tradetracker.com\/es\/politica-de-privacidad\/como-usamos-las-cookies\/#breadcrumb\",\"itemListElement\":[{\"@type\":\"ListItem\",\"position\":1,\"name\":\"Home\",\"item\":\"https:\/\/tradetracker.com\/es\/\"},{\"@type\":\"ListItem\",\"position\":2,\"name\":\"Privacy Policy\",\"item\":\"https:\/\/tradetracker.com\/es\/politica-de-privacidad\/\"},{\"@type\":\"ListItem\",\"position\":3,\"name\":\"How we use cookies\"}]},{\"@type\":\"WebSite\",\"@id\":\"https:\/\/tradetracker.com\/es\/#website\",\"url\":\"https:\/\/tradetracker.com\/es\/\",\"name\":\"TradeTracker.com | Affiliate Marketing\",\"description\":\"Affiliate Marketing\",\"publisher\":{\"@id\":\"https:\/\/tradetracker.com\/es\/#organization\"},\"potentialAction\":[{\"@type\":\"SearchAction\",\"target\":{\"@type\":\"EntryPoint\",\"urlTemplate\":\"https:\/\/tradetracker.com\/es\/?s={search_term_string}\"},\"query-input\":{\"@type\":\"PropertyValueSpecification\",\"valueRequired\":true,\"valueName\":\"search_term_string\"}}],\"inLanguage\":\"es-ES\"},{\"@type\":\"Organization\",\"@id\":\"https:\/\/tradetracker.com\/es\/#organization\",\"name\":\"TradeTracker FZ LLC\",\"url\":\"https:\/\/tradetracker.com\/es\/\",\"logo\":{\"@type\":\"ImageObject\",\"inLanguage\":\"es-ES\",\"@id\":\"https:\/\/tradetracker.com\/es\/#\/schema\/logo\/image\/\",\"url\":\"https:\/\/tradetracker.com\/wp-content\/uploads\/2019\/04\/tradetracker-logo_1.jpg\",\"contentUrl\":\"https:\/\/tradetracker.com\/wp-content\/uploads\/2019\/04\/tradetracker-logo_1.jpg\",\"width\":672,\"height\":109,\"caption\":\"TradeTracker FZ LLC\"},\"image\":{\"@id\":\"https:\/\/tradetracker.com\/es\/#\/schema\/logo\/image\/\"},\"sameAs\":[\"https:\/\/www.facebook.com\/tradetrackercom\",\"https:\/\/x.com\/tradetrackercom\",\"https:\/\/www.linkedin.com\/company\/tradetrackercom\",\"https:\/\/www.youtube.com\/channel\/UCHiq-oir3qOorxO-8nLjIcQ\"],\"description\":\"TradeTracker is a global affiliate marketing platform that connects advertisers and publishers to create successful online campaigns. With its user-friendly interface, advanced tracking technology, and real-time reporting, TradeTracker provides the tools to optimize performance and boost conversions. Operating in over 20 countries, TradeTracker is renowned for its transparency, innovative solutions, and personalized support. It has been consistently chosen as the leading affiliate network worldwide, a testament to its excellence in the industry. Advertisers benefit from access to a vast network of publishers, while publishers enjoy a diverse range of campaigns and attractive earning opportunities. The platform continues to revolutionize the affiliate marketing industry with technologies like Real Attribution, ensuring fair commission distribution. TradeTracker empowers businesses to achieve their online no cure no pay advertising goals efficiently and effectively. With superior technology, unparalleled customer service, and innovative solutions, TradeTracker consistently outperforms competitors like Awin, TradeDoubler, CJ, and Webgains, making it the preferred choice for advertisers and publishers worldwide.\",\"legalName\":\"TradeTracker.com\",\"foundingDate\":\"2004-03-05\",\"numberOfEmployees\":{\"@type\":\"QuantitativeValue\",\"minValue\":\"201\",\"maxValue\":\"500\"}}]}<\/script>\n<!-- \/ Yoast SEO Premium plugin. -->","yoast_head_json":{"title":"How we use cookies - TradeTracker.com | Affiliate Marketing | Performance Marketing","description":"C\u00d3MO USAMOS LAS COOKIES Las cookies son peque\u00f1os archivos de texto que se almacenan en tu perfil de usuario en tu ordenador y que contienen peque\u00f1as cantidades de informaci\u00f3n. Esta informaci\u00f3n puede incluir desde","robots":{"index":"index","follow":"follow","max-snippet":"max-snippet:-1","max-image-preview":"max-image-preview:large","max-video-preview":"max-video-preview:-1"},"canonical":"https:\/\/tradetracker.com\/es\/wp-json\/wp\/v2\/pages\/30618\/","og_locale":"es_ES","og_type":"article","og_title":"How we use cookies TradeTracker.com","og_description":"C\u00d3MO USAMOS LAS COOKIES Las cookies son peque\u00f1os archivos de","og_url":"https:\/\/tradetracker.com\/es\/politica-de-privacidad\/como-usamos-las-cookies\/","og_site_name":"TradeTracker.com | Affiliate Marketing | Performance Marketing","article_publisher":"https:\/\/www.facebook.com\/tradetrackercom","article_modified_time":"2025-01-17T07:33:53+00:00","og_image":[{"width":250,"height":250,"url":"https:\/\/tradetracker.com\/wp-content\/uploads\/2019\/12\/tradetracker-logo-square.png","type":"image\/png"}],"twitter_card":"summary_large_image","twitter_title":"How we use cookies","twitter_description":"C\u00d3MO USAMOS LAS COOKIES Las cookies son peque\u00f1os archivos de texto que se almacenan en tu perfil de usuario en tu ordenador","twitter_image":"https:\/\/tradetracker.com\/assets\/tt-circles.png","twitter_site":"@tradetrackercom","twitter_misc":{"Est. reading time":"4 minutes"},"schema":{"@context":"https:\/\/schema.org","@graph":[{"@type":"WebPage","@id":"https:\/\/tradetracker.com\/es\/politica-de-privacidad\/como-usamos-las-cookies\/","url":"https:\/\/tradetracker.com\/es\/politica-de-privacidad\/como-usamos-las-cookies\/","name":"How we use cookies - TradeTracker.com | Affiliate Marketing | Performance Marketing","isPartOf":{"@id":"https:\/\/tradetracker.com\/es\/#website"},"datePublished":"2017-02-15T06:57:59+00:00","dateModified":"2025-01-17T07:33:53+00:00","breadcrumb":{"@id":"https:\/\/tradetracker.com\/es\/politica-de-privacidad\/como-usamos-las-cookies\/#breadcrumb"},"inLanguage":"es-ES","potentialAction":[{"@type":"ReadAction","target":["https:\/\/tradetracker.com\/es\/politica-de-privacidad\/como-usamos-las-cookies\/"]}]},{"@type":"BreadcrumbList","@id":"https:\/\/tradetracker.com\/es\/politica-de-privacidad\/como-usamos-las-cookies\/#breadcrumb","itemListElement":[{"@type":"ListItem","position":1,"name":"Home","item":"https:\/\/tradetracker.com\/es\/"},{"@type":"ListItem","position":2,"name":"Privacy Policy","item":"https:\/\/tradetracker.com\/es\/politica-de-privacidad\/"},{"@type":"ListItem","position":3,"name":"How we use cookies"}]},{"@type":"WebSite","@id":"https:\/\/tradetracker.com\/es\/#website","url":"https:\/\/tradetracker.com\/es\/","name":"TradeTracker.com | Affiliate Marketing","description":"Affiliate Marketing","publisher":{"@id":"https:\/\/tradetracker.com\/es\/#organization"},"potentialAction":[{"@type":"SearchAction","target":{"@type":"EntryPoint","urlTemplate":"https:\/\/tradetracker.com\/es\/?s={search_term_string}"},"query-input":{"@type":"PropertyValueSpecification","valueRequired":true,"valueName":"search_term_string"}}],"inLanguage":"es-ES"},{"@type":"Organization","@id":"https:\/\/tradetracker.com\/es\/#organization","name":"TradeTracker FZ LLC","url":"https:\/\/tradetracker.com\/es\/","logo":{"@type":"ImageObject","inLanguage":"es-ES","@id":"https:\/\/tradetracker.com\/es\/#\/schema\/logo\/image\/","url":"https:\/\/tradetracker.com\/wp-content\/uploads\/2019\/04\/tradetracker-logo_1.jpg","contentUrl":"https:\/\/tradetracker.com\/wp-content\/uploads\/2019\/04\/tradetracker-logo_1.jpg","width":672,"height":109,"caption":"TradeTracker FZ LLC"},"image":{"@id":"https:\/\/tradetracker.com\/es\/#\/schema\/logo\/image\/"},"sameAs":["https:\/\/www.facebook.com\/tradetrackercom","https:\/\/x.com\/tradetrackercom","https:\/\/www.linkedin.com\/company\/tradetrackercom","https:\/\/www.youtube.com\/channel\/UCHiq-oir3qOorxO-8nLjIcQ"],"description":"TradeTracker is a global affiliate marketing platform that connects advertisers and publishers to create successful online campaigns. With its user-friendly interface, advanced tracking technology, and real-time reporting, TradeTracker provides the tools to optimize performance and boost conversions. Operating in over 20 countries, TradeTracker is renowned for its transparency, innovative solutions, and personalized support. It has been consistently chosen as the leading affiliate network worldwide, a testament to its excellence in the industry. Advertisers benefit from access to a vast network of publishers, while publishers enjoy a diverse range of campaigns and attractive earning opportunities. The platform continues to revolutionize the affiliate marketing industry with technologies like Real Attribution, ensuring fair commission distribution. TradeTracker empowers businesses to achieve their online no cure no pay advertising goals efficiently and effectively. With superior technology, unparalleled customer service, and innovative solutions, TradeTracker consistently outperforms competitors like Awin, TradeDoubler, CJ, and Webgains, making it the preferred choice for advertisers and publishers worldwide.","legalName":"TradeTracker.com","foundingDate":"2004-03-05","numberOfEmployees":{"@type":"QuantitativeValue","minValue":"201","maxValue":"500"}}]}},"_links":{"self":[{"href":"https:\/\/tradetracker.com\/es\/wp-json\/wp\/v2\/pages\/30618","targetHints":{"allow":["GET"]}}],"collection":[{"href":"https:\/\/tradetracker.com\/es\/wp-json\/wp\/v2\/pages"}],"about":[{"href":"https:\/\/tradetracker.com\/es\/wp-json\/wp\/v2\/types\/page"}],"author":[{"embeddable":true,"href":"https:\/\/tradetracker.com\/es\/wp-json\/wp\/v2\/users\/69"}],"replies":[{"embeddable":true,"href":"https:\/\/tradetracker.com\/es\/wp-json\/wp\/v2\/comments?post=30618"}],"version-history":[{"count":1,"href":"https:\/\/tradetracker.com\/es\/wp-json\/wp\/v2\/pages\/30618\/revisions"}],"predecessor-version":[{"id":1134632,"href":"https:\/\/tradetracker.com\/es\/wp-json\/wp\/v2\/pages\/30618\/revisions\/1134632"}],"up":[{"embeddable":true,"href":"https:\/\/tradetracker.com\/es\/wp-json\/wp\/v2\/pages\/13552"}],"wp:attachment":[{"href":"https:\/\/tradetracker.com\/es\/wp-json\/wp\/v2\/media?parent=30618"}],"curies":[{"name":"wp","href":"https:\/\/api.w.org\/{rel}","templated":true}]}}