{"id":13346,"date":"2017-02-15T06:15:31","date_gmt":"2017-02-15T06:15:31","guid":{"rendered":"https:\/\/tradetracker.com\/fi\/admonitor\/"},"modified":"2025-01-09T02:47:24","modified_gmt":"2025-01-09T02:47:24","slug":"admonitor","status":"publish","type":"page","link":"https:\/\/tradetracker.com\/fi\/admonitor\/","title":{"rendered":"Admonitor"},"content":{"rendered":"<div class=\"wpb-content-wrapper\"><p>[vc_row classes=&#8221;admonitor-page-detail&#8221;][vc_column]<div class=\"row\"><div class=\"vc_col-sm-12\"><div class=\"industry-page-intro-text\"><h1  class=\"\">ADMONITOR<\/h1><h2  class=\"\">Hakukoneet ovat t\u00e4rke\u00e4 liikenteen l\u00e4hde melkein jokaiselle sivustolle ja liiketoiminnalle verkossa. Tavaramerkkisi ovat olennaisia hakuprosessissa ja niill\u00e4 on t\u00e4rke\u00e4 rooli liikenteen ohjaamisessa verkkosivustollesi, mutta sinun lis\u00e4ksi muut toimijat, kuten kilpailijat, kumppanit ja j\u00e4lleenmyyj\u00e4t, yritt\u00e4v\u00e4t hy\u00f6ty\u00e4 br\u00e4ndist\u00e4si. Suojellaksesi br\u00e4ndi\u00e4si TradeTracker on kehitt\u00e4nyt ty\u00f6kalun tarkkailemaan br\u00e4ndisi k\u00e4ytt\u00f6\u00e4 eri hakukoneissa ja se havaitsee br\u00e4ndin hyv\u00e4ksik\u00e4ytt\u00e4misen hakukoneissa. TradeTrackerin AdMonitor\u00ae paljastaa tavaramerkkien loukkaukset ja varmistaa, ett\u00e4 mainos- ja affiliatekampanjoidesi SEM-rajoituksia noudatetaan.<\/h2><\/div>\r\n        <\/div>\r\n    <\/div><div class=\"space\"><\/div>[\/vc_column][\/vc_row][vc_row classes=&#8221;se-how bg-pattern&#8221;][vc_column width=&#8221;2\/12&#8243;][\/vc_column][vc_column width=&#8221;8\/12&#8243; el_class=&#8221;acenter&#8221;]<div class=\"space\"><\/div><header><h2 class=\" tt_composer\" >Miten se toimii<\/h2><\/header>[vc_wp_text el_class=&#8221;acenter&#8221;]<\/p>\n<p>Saat p\u00e4\u00e4tt\u00e4\u00e4 hakusanat, joita tarkastellaan kuten my\u00f6s hakutiheyden ja hakukanavat. AdMonitor k\u00e4y l\u00e4pi sek\u00e4 tavalliset, ett\u00e4 mobiilihaut. Saat varoituksen mahdollisista tavaramerkkien loukkauksista, jotka<br \/>\nt\u00e4ytt\u00e4v\u00e4t h\u00e4lytyskriteerisi. Kehittyneiden algoritmiemme avulla j\u00e4rjestelm\u00e4mme l\u00f6yt\u00e4\u00e4 my\u00f6s julkaisijatunnukset monista affiliateverkoista, joiden kautta julkaisijat ajavat liikennett\u00e4 kampanjaasi. AdMonitor on t\u00e4ysin integroitu TradeTrackerin k\u00e4ytt\u00f6liittym\u00e4\u00e4n, eli et tarvitse taas uutta k\u00e4ytt\u00e4j\u00e4tunnusta uuteen j\u00e4rjestelm\u00e4\u00e4n. Hakujen tulokset n\u00e4ytet\u00e4\u00e4n j\u00e4rjestelm\u00e4ss\u00e4mme ja voit porautua katsomaan tarkemmin jokaista tulosta.<\/p>\n<p>[\/vc_wp_text][\/vc_column][vc_column width=&#8221;2\/12&#8243;][\/vc_column][\/vc_row][vc_row][vc_column][vc_single_image image=&#8221;113731&#8243; img_size=&#8221;1120&#215;604&#8243; alignment=&#8221;center&#8221;][\/vc_column][\/vc_row][vc_row classes=&#8221;se-detect&#8221;][vc_column]<div class=\"space\"><\/div><header><h2 class=\" tt_composer\" >Mit\u00e4 havaitsemme<\/h2><\/header>[vc_row_inner el_class=&#8221;se-detect&#8221;][vc_column_inner width=&#8221;1\/2&#8243;][vc_single_image image=&#8221;113836&#8243; alignment=&#8221;center&#8221; el_class=&#8221;se-img&#8221;][vc_wp_text]<\/p>\n<h3>URLin\/mainostekstin kaappaaminen<\/h3>\n<p>Tunnistamme br\u00e4ndiasi hy\u00f6dynt\u00e4v\u00e4t tahot, jotka k\u00e4ytt\u00e4v\u00e4t sinun mainosteksti\u00e4si ja URLia, mutta jotka ohjaavat liikenteen affiliatelinkin kautta ennen k\u00e4vij\u00e4n tulemista verkkosivustollesi. Koska n\u00e4m\u00e4 mainokset muistuttavat omiasi, on t\u00e4llainen toiminta erityisen hankala havainta ilman kehittynytt\u00e4 j\u00e4rjestelm\u00e4\u00e4.<\/p>\n<p>[\/vc_wp_text]<div class=\"space\"><\/div>[\/vc_column_inner][vc_column_inner width=&#8221;1\/2&#8243;][vc_single_image image=&#8221;113818&#8243; alignment=&#8221;center&#8221; el_class=&#8221;se-img&#8221;][vc_wp_text]<\/p>\n<h3>Kellonajan mukaan kohdistaminen<\/h3>\n<p>Tunnistamme br\u00e4ndiasi hy\u00f6dynt\u00e4v\u00e4t tahot, jotka rajoittavat mainoksiensa n\u00e4ytt\u00e4misen tiettyihin kellonaikoihin, erityisesti iltoihin, \u00f6ihin ja viikonloppuihin, koska n\u00e4in\u00e4 aikoina on ep\u00e4todenn\u00e4k\u00f6isemp\u00e4\u00e4, ett\u00e4 ty\u00f6ntekij\u00e4si havaitsevat mainokset.<\/p>\n<p>[\/vc_wp_text]<div class=\"space\"><\/div>[\/vc_column_inner][\/vc_row_inner][vc_row_inner el_class=&#8221;se-detect&#8221;][vc_column_inner width=&#8221;1\/2&#8243;][vc_single_image image=&#8221;113872&#8243; alignment=&#8221;center&#8221; el_class=&#8221;se-img&#8221;][vc_wp_text]<\/p>\n<h3>K\u00e4\u00e4nteinen geokohdennus<\/h3>\n<p>Tunnistamme br\u00e4ndiasi hy\u00f6dynt\u00e4v\u00e4t tahot, jotka k\u00e4ytt\u00e4v\u00e4t k\u00e4\u00e4nteist\u00e4 geokohdennusta yritt\u00e4en n\u00e4ytt\u00e4\u00e4 mainoksen vain tietyiss\u00e4 kaupungeissa tai alueilla.<\/p>\n<p>[\/vc_wp_text][\/vc_column_inner][vc_column_inner width=&#8221;1\/2&#8243;][vc_single_image image=&#8221;113854&#8243; alignment=&#8221;center&#8221; el_class=&#8221;se-img&#8221;][vc_wp_text]<\/p>\n<h3>Linkkien peitt\u00e4minen<\/h3>\n<p>Tunnistamme br\u00e4ndiasi hy\u00f6dynt\u00e4v\u00e4t tahot, jotka peitt\u00e4v\u00e4t (cloaking) liikenteen alkuper\u00e4isen l\u00e4hteen.<\/p>\n<p>[\/vc_wp_text][\/vc_column_inner][\/vc_row_inner][vc_row_inner][vc_column_inner]<div class=\"space\"><\/div>[vc_wp_text]<\/p>\n<p>Yhdess\u00e4 account managerinne kanssa voitte k\u00e4yd\u00e4 l\u00e4pi tulokset br\u00e4ndisanojen tarkkailusta ja luoda listan sallituista kumppaneista ja julkaisijoista, joiden toiminta ei ole uhka br\u00e4ndillenne.<\/p>\n<p>[\/vc_wp_text]<div class=\"space\"><\/div>[\/vc_column_inner][\/vc_row_inner][\/vc_column][\/vc_row][vc_row el_id=&#8221;section-se-brands&#8221;][vc_column]<header><h2 class=\" tt_composer\" >Tarkkailemamme hakukoneet<\/h2><\/header>[vc_row_inner el_class=&#8221;se-logos&#8221;][vc_column_inner el_class=&#8221;acenter&#8221; width=&#8221;1\/4&#8243;][vc_single_image image=&#8221;113764&#8243; img_size=&#8221;full&#8221;][\/vc_column_inner][vc_column_inner el_class=&#8221;acenter&#8221; width=&#8221;1\/4&#8243;][vc_single_image image=&#8221;113782&#8243; img_size=&#8221;full&#8221;][\/vc_column_inner][vc_column_inner el_class=&#8221;acenter&#8221; width=&#8221;1\/4&#8243;][vc_single_image image=&#8221;113746&#8243; img_size=&#8221;full&#8221;][\/vc_column_inner][vc_column_inner el_class=&#8221;acenter&#8221; width=&#8221;1\/4&#8243;][vc_single_image image=&#8221;113800&#8243; img_size=&#8221;full&#8221;][\/vc_column_inner][\/vc_row_inner][\/vc_column][\/vc_row][vc_row][vc_column]<div class=\"space\"><\/div>[vc_row_inner el_class=&#8221;se-package&#8221;][vc_column_inner]<header><h2 class=\" tt_composer\" >Hinnasto<\/h2><\/header>[\/vc_column_inner][\/vc_row_inner][vc_wp_text el_class=&#8221;se-package&#8221;]<\/p>\n<p>Voit valita kolmen paketin v\u00e4lill\u00e4: Hyv\u00e4, Parempi ja Paras. Jokainen paketti sis\u00e4lt\u00e4\u00e4 tietyn m\u00e4\u00e4r\u00e4n hakuja ja lis\u00e4hinnan ylim\u00e4\u00e4r\u00e4isille hauille. Haluamasi hakujen m\u00e4\u00e4r\u00e4 kuukaudessa m\u00e4\u00e4rittelee, mik\u00e4 paketti on sinulle sopivin. Sopivimman paketin m\u00e4\u00e4ritt\u00e4miseksi sinun tulee p\u00e4\u00e4tt\u00e4\u00e4 hakusanojen m\u00e4\u00e4r\u00e4 ja hakukoneet, joita haluat tarkkailla. Varmistaaksemme hakutulosten laadun teemme haut aina satunnaisena aikana joka tunti.<\/p>\n<p><i>Alla esimerkkilaskelma:<\/i><br \/>\nHakusanojen m\u00e4\u00e4r\u00e4: 10<br \/>\nHakukoneet: Google, Yahoo, Bing<br \/>\nHakutiheys: satunnaisesti kerran tunnissa (kiinte\u00e4)<\/p>\n<p>Valintojen tuloksena tekisimme 720 (10 x 3 x 24) hakua p\u00e4iv\u00e4ss\u00e4 ja t\u00e4ll\u00f6in \u201cParempi\u201d olisi sopiva paketti. Autamme mielell\u00e4mme sopivien parametrien asettamisessa ja paketin valinnassa hy\u00f6dynt\u00e4en kokemustamme ja vertaisanalyysi\u00e4.<\/p>\n<p>[\/vc_wp_text]<div class=\"space\"><\/div>[\/vc_column][\/vc_row][vc_row classes=&#8221;sec-diff&#8221;][vc_column]<header><h2 class=\" tt_composer\" >Packages and Pricing<\/h2><\/header>[vc_row_inner][vc_column_inner el_class=&#8221;se-pricing&#8221; width=&#8221;1\/3&#8243;]<div class=\"package admonitor-package \">\r\n            <h2>Hyv\u00e4<\/h2>\r\n            <p><span class=\"package-price\">\u20ac 99 KUUKAUDESSA<\/span><\/p>\r\n            <p>Pakettiin sis\u00e4ltyv\u00e4t haut:<br \/>\nmax 2.500 kpl kuukaudessa<\/p>\r\n            <div class=\"space-half\"><\/div><p>Lis\u00e4haun hinta:<br \/> \u20ac 0,05 \/ haku<\/p><\/div>[\/vc_column_inner][vc_column_inner el_class=&#8221;se-pricing&#8221; width=&#8221;1\/3&#8243;]<div class=\"package admonitor-package \">\r\n            <h2>Parempi<\/h2>\r\n            <p><span class=\"package-price\">\u20ac 249 KUUKAUDESSA<\/span><\/p>\r\n            <p>Pakettiin sis\u00e4ltyv\u00e4t haut:<br \/>\nmax 25.000 kpl kuukaudessa<\/p>\r\n            <div class=\"space-half\"><\/div><p>Lis\u00e4haun hinta: <br \/>\u20ac 0,03 \/ haku<\/p><\/div>[\/vc_column_inner][vc_column_inner el_class=&#8221;se-pricing&#8221; width=&#8221;1\/3&#8243;]<div class=\"package admonitor-package \">\r\n            <h2>Paras<\/h2>\r\n            <p><span class=\"package-price\">\u20ac 499 KUUKAUDESSA<\/span><\/p>\r\n            <p>Pakettiin sis\u00e4ltyv\u00e4t haut:<br \/>\nmax 250.000 kpl kuukaudessa<\/p>\r\n            <div class=\"space-half\"><\/div><p>Lis\u00e4haun hinta:<br \/>\u20ac 0,01 \/ haku<\/p><\/div>[\/vc_column_inner][\/vc_row_inner][\/vc_column][\/vc_row][vc_row classes=&#8221;cta bg-pattern&#8221; el_id=&#8221;ctaaam&#8221;][vc_column]<div class=\"row\"><div class=\"vc_col-sm-12\"><h2 class=\"get_started\" >Oletko valmis siirtym\u00e4\u00e4n seuraavaan vaiheeseen?<\/h2><p >Olemme tulospohjaisen markkinoinnin ammattilaisia, joille tulos on kaikki kaikessa ja jotka etsiv\u00e4t aina keinoja tehd\u00e4 mainosmaailmasta entist\u00e4 parempi paikka. Ota yhteytt\u00e4, niin kerromme, miten verkkokauppasi saadaan vauhdilla k\u00e4yntiin.<\/p><\/div><\/div><div class=\"space\"><\/div>[vc_row_inner][vc_column_inner width=&#8221;2\/12&#8243;][\/vc_column_inner][vc_column_inner el_class=&#8221;cta-block publisher no-bg-cta&#8221; width=&#8221;4\/12&#8243;][vc_btn title=&#8221;Rekister\u00f6idy mainostajaksi&#8221; style=&#8221;classic&#8221; color=&#8221;white&#8221; size=&#8221;lg&#8221; align=&#8221;center&#8221; css=&#8221;&#8221; link=&#8221;url:https%3A%2F%2Fmerchant.tradetracker.com%2Fportal%2FadvertiserBrochure%3Floc%3Dfi_FI&#8221; el_class=&#8221;theme-btn btn-style-one text-center tdecn&#8221;][vc_raw_html el_class=&#8221;force-white-text&#8221;]JTNDc3BhbiUyMGNsYXNzJTNEJTIybGluay1zZXAlMjIlM0Utb3ItJTNDJTJGc3BhbiUzRQ==[\/vc_raw_html]<div class=\"row\"><div class=\"vc_col-sm-12\"><p><a class=\"textlink force-white-text\" href=\"https:\/\/tradetracker.com\/fi\/mainostajat\/\">Mainostajat<\/a><\/p><\/div><\/div>[\/vc_column_inner][vc_column_inner el_class=&#8221;cta-block merchant no-bg-cta&#8221; width=&#8221;4\/12&#8243;][vc_btn title=&#8221;Rekister\u00f6idy julkaisijaksi&#8221; style=&#8221;classic&#8221; color=&#8221;white&#8221; size=&#8221;lg&#8221; align=&#8221;center&#8221; link=&#8221;url:https%3A%2F%2Faffiliate.tradetracker.com%2Fsignup%2Fstep1%3Floc%3Dfi_FI|||&#8221; el_class=&#8221;theme-btn btn-style-one text-center tdecn&#8221;][vc_raw_html el_class=&#8221;force-white-text&#8221;]JTNDc3BhbiUyMGNsYXNzJTNEJTIybGluay1zZXAlMjIlM0Utb3ItJTNDJTJGc3BhbiUzRQ==[\/vc_raw_html]<div class=\"row\"><div class=\"vc_col-sm-12\"><p><a class=\"textlink force-white-text\" href=\"\/fi\/julkaisijat\/\">Julkaisijat<\/a><\/p><\/div><\/div>[\/vc_column_inner][vc_column_inner width=&#8221;2\/12&#8243;][\/vc_column_inner][\/vc_row_inner]<div class=\"space\"><\/div>[\/vc_column][\/vc_row]<\/p>\n<\/div>","protected":false},"excerpt":{"rendered":"<p>[vc_row classes=&#8221;admonitor-page-detail&#8221;][vc_column][\/vc_column][\/vc_row][vc_row classes=&#8221;se-how bg-pattern&#8221;][vc_column width=&#8221;2\/12&#8243;][\/vc_column][vc_column width=&#8221;8\/12&#8243; el_class=&#8221;acenter&#8221;][vc_wp_text el_class=&#8221;acenter&#8221;] Saat p\u00e4\u00e4tt\u00e4\u00e4 hakusanat, joita tarkastellaan kuten my\u00f6s hakutiheyden ja hakukanavat. AdMonitor k\u00e4y l\u00e4pi sek\u00e4 tavalliset, ett\u00e4 mobiilihaut. Saat varoituksen mahdollisista tavaramerkkien loukkauksista, jotka t\u00e4ytt\u00e4v\u00e4t h\u00e4lytyskriteerisi. Kehittyneiden algoritmiemme avulla j\u00e4rjestelm\u00e4mme l\u00f6yt\u00e4\u00e4 my\u00f6s julkaisijatunnukset monista affiliateverkoista, joiden kautta julkaisijat ajavat liikennett\u00e4 kampanjaasi. AdMonitor on t\u00e4ysin integroitu TradeTrackerin k\u00e4ytt\u00f6liittym\u00e4\u00e4n, eli  [&#8230;]<\/p>\n","protected":false},"author":69,"featured_media":0,"parent":0,"menu_order":0,"comment_status":"closed","ping_status":"closed","template":"","meta":{"inline_featured_image":false,"_monsterinsights_skip_tracking":false,"_monsterinsights_sitenote_active":false,"_monsterinsights_sitenote_note":"","_monsterinsights_sitenote_category":0,"footnotes":""},"class_list":["post-13346","page","type-page","status-publish","hentry"],"yoast_head":"<!-- This site is optimized with the Yoast SEO Premium plugin v27.0 (Yoast SEO v27.0) - https:\/\/yoast.com\/product\/yoast-seo-premium-wordpress\/ -->\n<title>Admonitor - TradeTracker.com | Affiliate Marketing | Performance Marketing<\/title>\n<meta name=\"description\" content=\"[vc_row classes=&quot;admonitor-page-detail&quot;][vc_column]ADMONITORHakukoneet ovat t\u00e4rke\u00e4 liikenteen l\u00e4hde melkein jokaiselle sivustolle ja liiketoiminnalle verkossa. Tavaramerkkisi ovat olennaisia hakuprosessissa ja niill\u00e4\" \/>\n<meta name=\"robots\" content=\"index, follow, max-snippet:-1, max-image-preview:large, max-video-preview:-1\" \/>\n<link rel=\"canonical\" href=\"https:\/\/tradetracker.com\/fi\/wp-json\/wp\/v2\/pages\/13346\/\" \/>\n<meta property=\"og:locale\" content=\"fi_FI\" \/>\n<meta property=\"og:type\" content=\"article\" \/>\n<meta property=\"og:title\" content=\"Admonitor TradeTracker.com\" \/>\n<meta property=\"og:description\" content=\"[vc_row\" \/>\n<meta property=\"og:url\" content=\"https:\/\/tradetracker.com\/fi\/admonitor\/\" \/>\n<meta property=\"og:site_name\" content=\"TradeTracker.com | Affiliate Marketing | Performance Marketing\" \/>\n<meta property=\"article:publisher\" content=\"https:\/\/www.facebook.com\/tradetrackercom\" \/>\n<meta property=\"article:modified_time\" content=\"2025-01-09T02:47:24+00:00\" \/>\n<meta property=\"og:image\" content=\"https:\/\/tradetracker.com\/wp-content\/uploads\/2019\/12\/tradetracker-logo-square.png\" \/>\n\t<meta property=\"og:image:width\" content=\"250\" \/>\n\t<meta property=\"og:image:height\" content=\"250\" \/>\n\t<meta property=\"og:image:type\" content=\"image\/png\" \/>\n<meta name=\"twitter:card\" content=\"summary_large_image\" \/>\n<meta name=\"twitter:title\" content=\"Admonitor\" \/>\n<meta name=\"twitter:description\" content=\"[vc_row classes=&quot;admonitor-page-detail&quot;][vc_column]ADMONITORHakukoneet ovat t\u00e4rke\u00e4 liikenteen l\u00e4hde melkein jokaiselle \" \/>\n<meta name=\"twitter:image\" content=\"https:\/\/tradetracker.com\/assets\/tt-circles.png\" \/>\n<meta name=\"twitter:site\" content=\"@tradetrackercom\" \/>\n<meta name=\"twitter:label1\" content=\"Est. reading time\" \/>\n\t<meta name=\"twitter:data1\" content=\"3 minutes\" \/>\n<script type=\"application\/ld+json\" class=\"yoast-schema-graph\">{\"@context\":\"https:\/\/schema.org\",\"@graph\":[{\"@type\":\"WebPage\",\"@id\":\"https:\/\/tradetracker.com\/fi\/admonitor\/\",\"url\":\"https:\/\/tradetracker.com\/fi\/admonitor\/\",\"name\":\"Admonitor - TradeTracker.com | Affiliate Marketing | Performance Marketing\",\"isPartOf\":{\"@id\":\"https:\/\/tradetracker.com\/fi\/#website\"},\"datePublished\":\"2017-02-15T06:15:31+00:00\",\"dateModified\":\"2025-01-09T02:47:24+00:00\",\"breadcrumb\":{\"@id\":\"https:\/\/tradetracker.com\/fi\/admonitor\/#breadcrumb\"},\"inLanguage\":\"fi-FI\",\"potentialAction\":[{\"@type\":\"ReadAction\",\"target\":[\"https:\/\/tradetracker.com\/fi\/admonitor\/\"]}]},{\"@type\":\"BreadcrumbList\",\"@id\":\"https:\/\/tradetracker.com\/fi\/admonitor\/#breadcrumb\",\"itemListElement\":[{\"@type\":\"ListItem\",\"position\":1,\"name\":\"Home\",\"item\":\"https:\/\/tradetracker.com\/fi\/\"},{\"@type\":\"ListItem\",\"position\":2,\"name\":\"Admonitor\"}]},{\"@type\":\"WebSite\",\"@id\":\"https:\/\/tradetracker.com\/fi\/#website\",\"url\":\"https:\/\/tradetracker.com\/fi\/\",\"name\":\"TradeTracker.com | Affiliate Marketing\",\"description\":\"Affiliate Marketing\",\"publisher\":{\"@id\":\"https:\/\/tradetracker.com\/fi\/#organization\"},\"potentialAction\":[{\"@type\":\"SearchAction\",\"target\":{\"@type\":\"EntryPoint\",\"urlTemplate\":\"https:\/\/tradetracker.com\/fi\/?s={search_term_string}\"},\"query-input\":{\"@type\":\"PropertyValueSpecification\",\"valueRequired\":true,\"valueName\":\"search_term_string\"}}],\"inLanguage\":\"fi-FI\"},{\"@type\":\"Organization\",\"@id\":\"https:\/\/tradetracker.com\/fi\/#organization\",\"name\":\"TradeTracker FZ LLC\",\"url\":\"https:\/\/tradetracker.com\/fi\/\",\"logo\":{\"@type\":\"ImageObject\",\"inLanguage\":\"fi-FI\",\"@id\":\"https:\/\/tradetracker.com\/fi\/#\/schema\/logo\/image\/\",\"url\":\"https:\/\/tradetracker.com\/wp-content\/uploads\/2019\/04\/tradetracker-logo_1.jpg\",\"contentUrl\":\"https:\/\/tradetracker.com\/wp-content\/uploads\/2019\/04\/tradetracker-logo_1.jpg\",\"width\":672,\"height\":109,\"caption\":\"TradeTracker FZ LLC\"},\"image\":{\"@id\":\"https:\/\/tradetracker.com\/fi\/#\/schema\/logo\/image\/\"},\"sameAs\":[\"https:\/\/www.facebook.com\/tradetrackercom\",\"https:\/\/x.com\/tradetrackercom\",\"https:\/\/www.linkedin.com\/company\/tradetrackercom\",\"https:\/\/www.youtube.com\/channel\/UCHiq-oir3qOorxO-8nLjIcQ\"],\"description\":\"TradeTracker is a global affiliate marketing platform that connects advertisers and publishers to create successful online campaigns. With its user-friendly interface, advanced tracking technology, and real-time reporting, TradeTracker provides the tools to optimize performance and boost conversions. Operating in over 20 countries, TradeTracker is renowned for its transparency, innovative solutions, and personalized support. It has been consistently chosen as the leading affiliate network worldwide, a testament to its excellence in the industry. Advertisers benefit from access to a vast network of publishers, while publishers enjoy a diverse range of campaigns and attractive earning opportunities. The platform continues to revolutionize the affiliate marketing industry with technologies like Real Attribution, ensuring fair commission distribution. TradeTracker empowers businesses to achieve their online no cure no pay advertising goals efficiently and effectively. With superior technology, unparalleled customer service, and innovative solutions, TradeTracker consistently outperforms competitors like Awin, TradeDoubler, CJ, and Webgains, making it the preferred choice for advertisers and publishers worldwide.\",\"legalName\":\"TradeTracker.com\",\"foundingDate\":\"2004-03-05\",\"numberOfEmployees\":{\"@type\":\"QuantitativeValue\",\"minValue\":\"201\",\"maxValue\":\"500\"}}]}<\/script>\n<!-- \/ Yoast SEO Premium plugin. -->","yoast_head_json":{"title":"Admonitor - TradeTracker.com | Affiliate Marketing | Performance Marketing","description":"[vc_row classes=\"admonitor-page-detail\"][vc_column]ADMONITORHakukoneet ovat t\u00e4rke\u00e4 liikenteen l\u00e4hde melkein jokaiselle sivustolle ja liiketoiminnalle verkossa. Tavaramerkkisi ovat olennaisia hakuprosessissa ja niill\u00e4","robots":{"index":"index","follow":"follow","max-snippet":"max-snippet:-1","max-image-preview":"max-image-preview:large","max-video-preview":"max-video-preview:-1"},"canonical":"https:\/\/tradetracker.com\/fi\/wp-json\/wp\/v2\/pages\/13346\/","og_locale":"fi_FI","og_type":"article","og_title":"Admonitor TradeTracker.com","og_description":"[vc_row","og_url":"https:\/\/tradetracker.com\/fi\/admonitor\/","og_site_name":"TradeTracker.com | Affiliate Marketing | Performance Marketing","article_publisher":"https:\/\/www.facebook.com\/tradetrackercom","article_modified_time":"2025-01-09T02:47:24+00:00","og_image":[{"width":250,"height":250,"url":"https:\/\/tradetracker.com\/wp-content\/uploads\/2019\/12\/tradetracker-logo-square.png","type":"image\/png"}],"twitter_card":"summary_large_image","twitter_title":"Admonitor","twitter_description":"[vc_row classes=\"admonitor-page-detail\"][vc_column]ADMONITORHakukoneet ovat t\u00e4rke\u00e4 liikenteen l\u00e4hde melkein jokaiselle ","twitter_image":"https:\/\/tradetracker.com\/assets\/tt-circles.png","twitter_site":"@tradetrackercom","twitter_misc":{"Est. reading time":"3 minutes"},"schema":{"@context":"https:\/\/schema.org","@graph":[{"@type":"WebPage","@id":"https:\/\/tradetracker.com\/fi\/admonitor\/","url":"https:\/\/tradetracker.com\/fi\/admonitor\/","name":"Admonitor - TradeTracker.com | Affiliate Marketing | Performance Marketing","isPartOf":{"@id":"https:\/\/tradetracker.com\/fi\/#website"},"datePublished":"2017-02-15T06:15:31+00:00","dateModified":"2025-01-09T02:47:24+00:00","breadcrumb":{"@id":"https:\/\/tradetracker.com\/fi\/admonitor\/#breadcrumb"},"inLanguage":"fi-FI","potentialAction":[{"@type":"ReadAction","target":["https:\/\/tradetracker.com\/fi\/admonitor\/"]}]},{"@type":"BreadcrumbList","@id":"https:\/\/tradetracker.com\/fi\/admonitor\/#breadcrumb","itemListElement":[{"@type":"ListItem","position":1,"name":"Home","item":"https:\/\/tradetracker.com\/fi\/"},{"@type":"ListItem","position":2,"name":"Admonitor"}]},{"@type":"WebSite","@id":"https:\/\/tradetracker.com\/fi\/#website","url":"https:\/\/tradetracker.com\/fi\/","name":"TradeTracker.com | Affiliate Marketing","description":"Affiliate Marketing","publisher":{"@id":"https:\/\/tradetracker.com\/fi\/#organization"},"potentialAction":[{"@type":"SearchAction","target":{"@type":"EntryPoint","urlTemplate":"https:\/\/tradetracker.com\/fi\/?s={search_term_string}"},"query-input":{"@type":"PropertyValueSpecification","valueRequired":true,"valueName":"search_term_string"}}],"inLanguage":"fi-FI"},{"@type":"Organization","@id":"https:\/\/tradetracker.com\/fi\/#organization","name":"TradeTracker FZ LLC","url":"https:\/\/tradetracker.com\/fi\/","logo":{"@type":"ImageObject","inLanguage":"fi-FI","@id":"https:\/\/tradetracker.com\/fi\/#\/schema\/logo\/image\/","url":"https:\/\/tradetracker.com\/wp-content\/uploads\/2019\/04\/tradetracker-logo_1.jpg","contentUrl":"https:\/\/tradetracker.com\/wp-content\/uploads\/2019\/04\/tradetracker-logo_1.jpg","width":672,"height":109,"caption":"TradeTracker FZ LLC"},"image":{"@id":"https:\/\/tradetracker.com\/fi\/#\/schema\/logo\/image\/"},"sameAs":["https:\/\/www.facebook.com\/tradetrackercom","https:\/\/x.com\/tradetrackercom","https:\/\/www.linkedin.com\/company\/tradetrackercom","https:\/\/www.youtube.com\/channel\/UCHiq-oir3qOorxO-8nLjIcQ"],"description":"TradeTracker is a global affiliate marketing platform that connects advertisers and publishers to create successful online campaigns. With its user-friendly interface, advanced tracking technology, and real-time reporting, TradeTracker provides the tools to optimize performance and boost conversions. Operating in over 20 countries, TradeTracker is renowned for its transparency, innovative solutions, and personalized support. It has been consistently chosen as the leading affiliate network worldwide, a testament to its excellence in the industry. Advertisers benefit from access to a vast network of publishers, while publishers enjoy a diverse range of campaigns and attractive earning opportunities. The platform continues to revolutionize the affiliate marketing industry with technologies like Real Attribution, ensuring fair commission distribution. TradeTracker empowers businesses to achieve their online no cure no pay advertising goals efficiently and effectively. With superior technology, unparalleled customer service, and innovative solutions, TradeTracker consistently outperforms competitors like Awin, TradeDoubler, CJ, and Webgains, making it the preferred choice for advertisers and publishers worldwide.","legalName":"TradeTracker.com","foundingDate":"2004-03-05","numberOfEmployees":{"@type":"QuantitativeValue","minValue":"201","maxValue":"500"}}]}},"_links":{"self":[{"href":"https:\/\/tradetracker.com\/fi\/wp-json\/wp\/v2\/pages\/13346","targetHints":{"allow":["GET"]}}],"collection":[{"href":"https:\/\/tradetracker.com\/fi\/wp-json\/wp\/v2\/pages"}],"about":[{"href":"https:\/\/tradetracker.com\/fi\/wp-json\/wp\/v2\/types\/page"}],"author":[{"embeddable":true,"href":"https:\/\/tradetracker.com\/fi\/wp-json\/wp\/v2\/users\/69"}],"replies":[{"embeddable":true,"href":"https:\/\/tradetracker.com\/fi\/wp-json\/wp\/v2\/comments?post=13346"}],"version-history":[{"count":0,"href":"https:\/\/tradetracker.com\/fi\/wp-json\/wp\/v2\/pages\/13346\/revisions"}],"wp:attachment":[{"href":"https:\/\/tradetracker.com\/fi\/wp-json\/wp\/v2\/media?parent=13346"}],"curies":[{"name":"wp","href":"https:\/\/api.w.org\/{rel}","templated":true}]}}