{"id":13361,"date":"2016-12-25T08:43:32","date_gmt":"2016-12-25T08:43:32","guid":{"rendered":"https:\/\/tradetracker.com\/fi\/advertiser-qualifications\/"},"modified":"2025-01-17T16:54:16","modified_gmt":"2025-01-17T16:54:16","slug":"edellytykset-mainostajille","status":"publish","type":"page","link":"https:\/\/tradetracker.com\/fi\/edellytykset-mainostajille\/","title":{"rendered":"Advertiser Qualifications"},"content":{"rendered":"<div class=\"wpb-content-wrapper\"><p>[vc_row classes=&#8221;static-page-intro adv-requirements&#8221;][vc_column]<div class=\"row\"><div class=\"vc_col-sm-12\"><div class=\" static-page-intro-text \"><h1  style=\"color: #ffffff\" class=\"\">HYV\u00c4N MAINOSTAJAN OMINAISUUDET<\/h1><h2  style=\"color: #ffffff\" class=\"\">Jotta verkostomme monipuolisuus, l\u00e4pin\u00e4kyvyys ja tehokkuus voidaan s\u00e4ilytt\u00e4\u00e4, edellyt\u00e4mme tiettyj\u00e4 asioita uusilta asiakkailtamme.<\/h2><\/div>\r\n        <\/div>\r\n    <\/div>[\/vc_column][\/vc_row][vc_row][vc_column]<div class=\"space\"><\/div>[vc_row_inner][vc_column_inner][vc_wp_text title=&#8221;Tunnettu br\u00e4ndi vai uusi yritys?&#8221;]<\/p>\n<p>Teemme yhteisty\u00f6t\u00e4 kaikenkokoisten ja -ik\u00e4isten yritysten kanssa. Kaikissa TradeTracker-kampanjoissa on kuitenkin yksi yhteinen piirre \u2013 niiden mainostamisesta on hy\u00f6ty\u00e4 julkaisijoille. Verkostossamme kilpailet julkaisijoiden huomiosta muiden mainostajien kanssa, pid\u00e4 huoli, ett\u00e4 erotut joukosta tuotteella,<\/p>\n<p>[\/vc_wp_text]<div class=\"space\"><\/div>[\/vc_column_inner][\/vc_row_inner][vc_row_inner][vc_column_inner width=&#8221;9\/12&#8243;][vc_wp_text title=&#8221;Kampanjanhallinta&#8221;] TradeTrackerin palvelualustaa on eritt\u00e4in helppo k\u00e4ytt\u00e4\u00e4, mutta menestyminen edellytt\u00e4\u00e4 sitoutumista niin kuin muillakin el\u00e4m\u00e4nalueilla. Voimme tarjota konsultointia ja jopa t\u00e4ydellisi\u00e4 projektinhallintapalveluja asiakkaan tarpeiden mukaan. Sen sijaan, ett\u00e4 TradeTracker rakentaa ja hoitaa kampanjaasi, voit k\u00e4ytt\u00e4\u00e4 johtavia alan yrityksi\u00e4, joihin meill\u00e4 on lujat suhteet ja jotka mielell\u00e4\u00e4n auttavat sinua. Kampanjanhallinnan ulkoistamisp\u00e4\u00e4t\u00f6ksess\u00e4 on otettava huomioon seuraavat seikat:<\/p>\n<ul class=\"checklist\">\n<li>Haluatko investoida erityiseen kumppanimarkkinointitiimiin (ja onko sinulla tarvittavat resurssit)?<\/li>\n<li>Pystytk\u00f6 jatkuvasti parantamaan asiakkaasi ostoprosessia?<\/li>\n<li>Osaatko luoda mainoksia, joista on hy\u00f6ty\u00e4 julkaisijoille?<\/li>\n<li>Pystytk\u00f6 toteuttamaan tekniset vaatimukset?<\/li>\n<li>Pystyyk\u00f6 nykyisin k\u00e4ytt\u00e4m\u00e4si toimisto huolehtimaan kansainv\u00e4lisist\u00e4 tarpeista?<\/li>\n<\/ul>\n<p>[\/vc_wp_text][\/vc_column_inner][\/vc_row_inner][\/vc_column][\/vc_row][vc_row classes=&#8221;sec-diff bg-pattern&#8221;][vc_column width=&#8221;9\/12&#8243;][vc_wp_text title=&#8221;Suhteiden luominen&#8221;] Kun otat k\u00e4ytt\u00f6\u00f6n kumppanuusmarkkinoinnin, tarvitset julkaisijoita ja he tarvitsevat my\u00f6s sinua. On kuitenkin sanottava, ett\u00e4 he tarvitsevat sinua vain, jos olet kilpailukykyinen, sill\u00e4 silloin he saavat parhaimman tuoton mainostaessaan sinua. Kumppanit tavallaan laajentavat omaa myyntihenkil\u00f6st\u00f6\u00e4si ja my\u00f6s heijastavat organisaatiokulttuuriasi. \u00c4l\u00e4 ole heille hyv\u00e4 vaan eritt\u00e4in hyv\u00e4:<\/p>\n<ul class=\"checklist\">\n<li>Ole proaktiivinen tiedottaja, avoin ja l\u00e4pin\u00e4kyv\u00e4. Jaa tavoitteesi, jotta he tiet\u00e4v\u00e4t, mihin pyrki\u00e4.<\/li>\n<li>Luo kannustimia, ryhmi\u00e4 ja kilpailua. Aseta tavoitteita bonuksille tai ota k\u00e4ytt\u00f6\u00f6n useita tasoja.<\/li>\n<li>Ole avoin ideoille ja hy\u00f6dynn\u00e4 kumppaneidesi ideoita.<\/li>\n<li>Laske kumppanien riskitasoa. Tee hybridimalleja lis\u00e4\u00e4m\u00e4ll\u00e4 CPM- tai CPC-mittari.<\/li>\n<\/ul>\n<p>[\/vc_wp_text][\/vc_column][\/vc_row][vc_row classes=&#8221;bg-pattern&#8221;][vc_column width=&#8221;9\/12&#8243;]<div class=\"space\"><\/div>[vc_wp_text title=&#8221;Tavoitteiden m\u00e4\u00e4ritt\u00e4minen&#8221;] Houkuttelevan ja vakaan kampanjan perusta muodostuu tekij\u00f6ist\u00e4, joista t\u00e4rkein on tuotto. Muista, ett\u00e4 CPA-kampanjassa julkaisijalla on koko riski \u2013 sill\u00e4 ei ole mit\u00e4\u00e4n kontrollia vierailijaan sen j\u00e4lkeen, kun t\u00e4m\u00e4 siirtyy sivustollesi. M\u00e4\u00e4rit\u00e4 tavoitteesi ja anna niiden n\u00e4ky\u00e4 kampanjassasi:<\/p>\n<ul class=\"checklist\">\n<li>M\u00e4\u00e4rit\u00e4 komissiomalli: haluatko konversioita, br\u00e4nd\u00e4yst\u00e4 vai kumpaakin?<\/li>\n<li>Sallitko mainostuksen kaikilla mahdollisilla tavoilla vai vain tietyntyyppisiss\u00e4 sivustoissa?<\/li>\n<li>Aloita keskustelu ja vastaa odotuksiin. Mit\u00e4 haluat?<\/li>\n<li>Hyv\u00e4ksy tapahtumat nopeasti. Julkaisija investoi sinuun, joten toimi vastaavasti.<\/li>\n<li>Maksa ajoissa ja k\u00e4yt\u00e4 ennakkomaksua!<\/li>\n<\/ul>\n<p>[\/vc_wp_text]<div class=\"space\"><\/div>[\/vc_column][\/vc_row][vc_row classes=&#8221;cta ctamerch&#8221; el_id=&#8221;ctaaam&#8221;][vc_column]<div class=\"row\"><div class=\"vc_col-sm-12\"><h2 class=\"get_started\" style=\"color:#ffffff\">T\u00e4yt\u00e4tk\u00f6 vaatimukset?<\/h2><p style=\"color:#ffffff\">Olemme tulospohjaisen markkinoinnin ammattilaisia, joille tulos on kaikki kaikessa ja jotka etsiv\u00e4t aina keinoja tehd\u00e4 mainosmaailmasta entist\u00e4 parempi paikka. Ota yhteytt\u00e4, niin kerromme, miten verkkokauppaasi voidaan tehostaa.<\/p>        <ul class=\"cta-items\">\r\n                        <li>\r\n                <a                    class=\"cta-advertiser-signup\"                                      href=\"https:\/\/tradetracker.com\/fi\/contact-us\/\"                                   >\r\n                    Pyyd\u00e4 demoa                <\/a>\r\n            <\/li>\r\n                        \r\n                        <li>\r\n                <a                    class=\"cta-advertiser-signup\"                                      href=\"https:\/\/merchant.tradetracker.com\/portal\/advertiserBrochure?loc=fi_FI\"                                   >\r\n                    Lataa esite                <\/a>\r\n            <\/li>\r\n                    <\/ul>\r\n        <\/div><\/div>[\/vc_column][\/vc_row]<\/p>\n<\/div>","protected":false},"excerpt":{"rendered":"<p>[vc_row classes=&#8221;static-page-intro adv-requirements&#8221;][vc_column][\/vc_column][\/vc_row][vc_row][vc_column][vc_row_inner][vc_column_inner][vc_wp_text title=&#8221;Tunnettu br\u00e4ndi vai uusi yritys?&#8221;] Teemme yhteisty\u00f6t\u00e4 kaikenkokoisten ja -ik\u00e4isten yritysten kanssa. Kaikissa TradeTracker-kampanjoissa on kuitenkin yksi yhteinen piirre \u2013 niiden mainostamisesta on hy\u00f6ty\u00e4 julkaisijoille. Verkostossamme kilpailet julkaisijoiden huomiosta muiden mainostajien kanssa, pid\u00e4 huoli, ett\u00e4 erotut joukosta tuotteella, [\/vc_wp_text][\/vc_column_inner][\/vc_row_inner][vc_row_inner][vc_column_inner width=&#8221;9\/12&#8243;][vc_wp_text title=&#8221;Kampanjanhallinta&#8221;] TradeTrackerin palvelualustaa on eritt\u00e4in helppo k\u00e4ytt\u00e4\u00e4, mutta menestyminen edellytt\u00e4\u00e4 sitoutumista niin  [&#8230;]<\/p>\n","protected":false},"author":69,"featured_media":0,"parent":0,"menu_order":0,"comment_status":"closed","ping_status":"closed","template":"template-red.php","meta":{"inline_featured_image":false,"_monsterinsights_skip_tracking":false,"_monsterinsights_sitenote_active":false,"_monsterinsights_sitenote_note":"","_monsterinsights_sitenote_category":0,"footnotes":""},"class_list":["post-13361","page","type-page","status-publish","hentry"],"yoast_head":"<!-- This site is optimized with the Yoast SEO Premium plugin v27.0 (Yoast SEO v27.0) - https:\/\/yoast.com\/product\/yoast-seo-premium-wordpress\/ -->\n<title>Advertiser Qualifications - TradeTracker.com | Affiliate Marketing | Performance Marketing<\/title>\n<meta name=\"description\" content=\"[vc_row classes=&quot;static-page-intro adv-requirements&quot;][vc_column]HYV\u00c4N MAINOSTAJAN OMINAISUUDETJotta verkostomme monipuolisuus, l\u00e4pin\u00e4kyvyys ja tehokkuus voidaan s\u00e4ilytt\u00e4\u00e4, edellyt\u00e4mme tiettyj\u00e4 asioita uusilta\" \/>\n<meta name=\"robots\" content=\"index, follow, max-snippet:-1, max-image-preview:large, max-video-preview:-1\" \/>\n<link rel=\"canonical\" href=\"https:\/\/tradetracker.com\/fi\/wp-json\/wp\/v2\/pages\/13361\/\" \/>\n<meta property=\"og:locale\" content=\"fi_FI\" \/>\n<meta property=\"og:type\" content=\"article\" \/>\n<meta property=\"og:title\" content=\"Advertiser Qualifications TradeTracker.com\" \/>\n<meta property=\"og:description\" content=\"[vc_row classes=&#8221;static-page-intro\" \/>\n<meta property=\"og:url\" content=\"https:\/\/tradetracker.com\/fi\/edellytykset-mainostajille\/\" \/>\n<meta property=\"og:site_name\" content=\"TradeTracker.com | Affiliate Marketing | Performance Marketing\" \/>\n<meta property=\"article:publisher\" content=\"https:\/\/www.facebook.com\/tradetrackercom\" \/>\n<meta property=\"article:modified_time\" content=\"2025-01-17T16:54:16+00:00\" \/>\n<meta property=\"og:image\" content=\"https:\/\/tradetracker.com\/wp-content\/uploads\/2019\/12\/tradetracker-logo-square.png\" \/>\n\t<meta property=\"og:image:width\" content=\"250\" \/>\n\t<meta property=\"og:image:height\" content=\"250\" \/>\n\t<meta property=\"og:image:type\" content=\"image\/png\" \/>\n<meta name=\"twitter:card\" content=\"summary_large_image\" \/>\n<meta name=\"twitter:title\" content=\"Advertiser Qualifications\" \/>\n<meta name=\"twitter:description\" content=\"[vc_row classes=&quot;static-page-intro adv-requirements&quot;][vc_column]HYV\u00c4N MAINOSTAJAN OMINAISUUDETJotta verkostomme \" \/>\n<meta name=\"twitter:image\" content=\"https:\/\/tradetracker.com\/assets\/tt-circles.png\" \/>\n<meta name=\"twitter:site\" content=\"@tradetrackercom\" \/>\n<meta name=\"twitter:label1\" content=\"Est. reading time\" \/>\n\t<meta name=\"twitter:data1\" content=\"2 minutes\" \/>\n<script type=\"application\/ld+json\" class=\"yoast-schema-graph\">{\"@context\":\"https:\/\/schema.org\",\"@graph\":[{\"@type\":\"WebPage\",\"@id\":\"https:\/\/tradetracker.com\/fi\/edellytykset-mainostajille\/\",\"url\":\"https:\/\/tradetracker.com\/fi\/edellytykset-mainostajille\/\",\"name\":\"Advertiser Qualifications - TradeTracker.com | Affiliate Marketing | Performance Marketing\",\"isPartOf\":{\"@id\":\"https:\/\/tradetracker.com\/fi\/#website\"},\"datePublished\":\"2016-12-25T08:43:32+00:00\",\"dateModified\":\"2025-01-17T16:54:16+00:00\",\"breadcrumb\":{\"@id\":\"https:\/\/tradetracker.com\/fi\/edellytykset-mainostajille\/#breadcrumb\"},\"inLanguage\":\"fi-FI\",\"potentialAction\":[{\"@type\":\"ReadAction\",\"target\":[\"https:\/\/tradetracker.com\/fi\/edellytykset-mainostajille\/\"]}]},{\"@type\":\"BreadcrumbList\",\"@id\":\"https:\/\/tradetracker.com\/fi\/edellytykset-mainostajille\/#breadcrumb\",\"itemListElement\":[{\"@type\":\"ListItem\",\"position\":1,\"name\":\"Home\",\"item\":\"https:\/\/tradetracker.com\/fi\/\"},{\"@type\":\"ListItem\",\"position\":2,\"name\":\"Advertiser Qualifications\"}]},{\"@type\":\"WebSite\",\"@id\":\"https:\/\/tradetracker.com\/fi\/#website\",\"url\":\"https:\/\/tradetracker.com\/fi\/\",\"name\":\"TradeTracker.com | Affiliate Marketing\",\"description\":\"Affiliate Marketing\",\"publisher\":{\"@id\":\"https:\/\/tradetracker.com\/fi\/#organization\"},\"potentialAction\":[{\"@type\":\"SearchAction\",\"target\":{\"@type\":\"EntryPoint\",\"urlTemplate\":\"https:\/\/tradetracker.com\/fi\/?s={search_term_string}\"},\"query-input\":{\"@type\":\"PropertyValueSpecification\",\"valueRequired\":true,\"valueName\":\"search_term_string\"}}],\"inLanguage\":\"fi-FI\"},{\"@type\":\"Organization\",\"@id\":\"https:\/\/tradetracker.com\/fi\/#organization\",\"name\":\"TradeTracker FZ LLC\",\"url\":\"https:\/\/tradetracker.com\/fi\/\",\"logo\":{\"@type\":\"ImageObject\",\"inLanguage\":\"fi-FI\",\"@id\":\"https:\/\/tradetracker.com\/fi\/#\/schema\/logo\/image\/\",\"url\":\"https:\/\/tradetracker.com\/wp-content\/uploads\/2019\/04\/tradetracker-logo_1.jpg\",\"contentUrl\":\"https:\/\/tradetracker.com\/wp-content\/uploads\/2019\/04\/tradetracker-logo_1.jpg\",\"width\":672,\"height\":109,\"caption\":\"TradeTracker FZ LLC\"},\"image\":{\"@id\":\"https:\/\/tradetracker.com\/fi\/#\/schema\/logo\/image\/\"},\"sameAs\":[\"https:\/\/www.facebook.com\/tradetrackercom\",\"https:\/\/x.com\/tradetrackercom\",\"https:\/\/www.linkedin.com\/company\/tradetrackercom\",\"https:\/\/www.youtube.com\/channel\/UCHiq-oir3qOorxO-8nLjIcQ\"],\"description\":\"TradeTracker is a global affiliate marketing platform that connects advertisers and publishers to create successful online campaigns. With its user-friendly interface, advanced tracking technology, and real-time reporting, TradeTracker provides the tools to optimize performance and boost conversions. Operating in over 20 countries, TradeTracker is renowned for its transparency, innovative solutions, and personalized support. It has been consistently chosen as the leading affiliate network worldwide, a testament to its excellence in the industry. Advertisers benefit from access to a vast network of publishers, while publishers enjoy a diverse range of campaigns and attractive earning opportunities. The platform continues to revolutionize the affiliate marketing industry with technologies like Real Attribution, ensuring fair commission distribution. TradeTracker empowers businesses to achieve their online no cure no pay advertising goals efficiently and effectively. With superior technology, unparalleled customer service, and innovative solutions, TradeTracker consistently outperforms competitors like Awin, TradeDoubler, CJ, and Webgains, making it the preferred choice for advertisers and publishers worldwide.\",\"legalName\":\"TradeTracker.com\",\"foundingDate\":\"2004-03-05\",\"numberOfEmployees\":{\"@type\":\"QuantitativeValue\",\"minValue\":\"201\",\"maxValue\":\"500\"}}]}<\/script>\n<!-- \/ Yoast SEO Premium plugin. -->","yoast_head_json":{"title":"Advertiser Qualifications - TradeTracker.com | Affiliate Marketing | Performance Marketing","description":"[vc_row classes=\"static-page-intro adv-requirements\"][vc_column]HYV\u00c4N MAINOSTAJAN OMINAISUUDETJotta verkostomme monipuolisuus, l\u00e4pin\u00e4kyvyys ja tehokkuus voidaan s\u00e4ilytt\u00e4\u00e4, edellyt\u00e4mme tiettyj\u00e4 asioita uusilta","robots":{"index":"index","follow":"follow","max-snippet":"max-snippet:-1","max-image-preview":"max-image-preview:large","max-video-preview":"max-video-preview:-1"},"canonical":"https:\/\/tradetracker.com\/fi\/wp-json\/wp\/v2\/pages\/13361\/","og_locale":"fi_FI","og_type":"article","og_title":"Advertiser Qualifications TradeTracker.com","og_description":"[vc_row classes=&#8221;static-page-intro","og_url":"https:\/\/tradetracker.com\/fi\/edellytykset-mainostajille\/","og_site_name":"TradeTracker.com | Affiliate Marketing | Performance Marketing","article_publisher":"https:\/\/www.facebook.com\/tradetrackercom","article_modified_time":"2025-01-17T16:54:16+00:00","og_image":[{"width":250,"height":250,"url":"https:\/\/tradetracker.com\/wp-content\/uploads\/2019\/12\/tradetracker-logo-square.png","type":"image\/png"}],"twitter_card":"summary_large_image","twitter_title":"Advertiser Qualifications","twitter_description":"[vc_row classes=\"static-page-intro adv-requirements\"][vc_column]HYV\u00c4N MAINOSTAJAN OMINAISUUDETJotta verkostomme ","twitter_image":"https:\/\/tradetracker.com\/assets\/tt-circles.png","twitter_site":"@tradetrackercom","twitter_misc":{"Est. reading time":"2 minutes"},"schema":{"@context":"https:\/\/schema.org","@graph":[{"@type":"WebPage","@id":"https:\/\/tradetracker.com\/fi\/edellytykset-mainostajille\/","url":"https:\/\/tradetracker.com\/fi\/edellytykset-mainostajille\/","name":"Advertiser Qualifications - TradeTracker.com | Affiliate Marketing | Performance Marketing","isPartOf":{"@id":"https:\/\/tradetracker.com\/fi\/#website"},"datePublished":"2016-12-25T08:43:32+00:00","dateModified":"2025-01-17T16:54:16+00:00","breadcrumb":{"@id":"https:\/\/tradetracker.com\/fi\/edellytykset-mainostajille\/#breadcrumb"},"inLanguage":"fi-FI","potentialAction":[{"@type":"ReadAction","target":["https:\/\/tradetracker.com\/fi\/edellytykset-mainostajille\/"]}]},{"@type":"BreadcrumbList","@id":"https:\/\/tradetracker.com\/fi\/edellytykset-mainostajille\/#breadcrumb","itemListElement":[{"@type":"ListItem","position":1,"name":"Home","item":"https:\/\/tradetracker.com\/fi\/"},{"@type":"ListItem","position":2,"name":"Advertiser Qualifications"}]},{"@type":"WebSite","@id":"https:\/\/tradetracker.com\/fi\/#website","url":"https:\/\/tradetracker.com\/fi\/","name":"TradeTracker.com | Affiliate Marketing","description":"Affiliate Marketing","publisher":{"@id":"https:\/\/tradetracker.com\/fi\/#organization"},"potentialAction":[{"@type":"SearchAction","target":{"@type":"EntryPoint","urlTemplate":"https:\/\/tradetracker.com\/fi\/?s={search_term_string}"},"query-input":{"@type":"PropertyValueSpecification","valueRequired":true,"valueName":"search_term_string"}}],"inLanguage":"fi-FI"},{"@type":"Organization","@id":"https:\/\/tradetracker.com\/fi\/#organization","name":"TradeTracker FZ LLC","url":"https:\/\/tradetracker.com\/fi\/","logo":{"@type":"ImageObject","inLanguage":"fi-FI","@id":"https:\/\/tradetracker.com\/fi\/#\/schema\/logo\/image\/","url":"https:\/\/tradetracker.com\/wp-content\/uploads\/2019\/04\/tradetracker-logo_1.jpg","contentUrl":"https:\/\/tradetracker.com\/wp-content\/uploads\/2019\/04\/tradetracker-logo_1.jpg","width":672,"height":109,"caption":"TradeTracker FZ LLC"},"image":{"@id":"https:\/\/tradetracker.com\/fi\/#\/schema\/logo\/image\/"},"sameAs":["https:\/\/www.facebook.com\/tradetrackercom","https:\/\/x.com\/tradetrackercom","https:\/\/www.linkedin.com\/company\/tradetrackercom","https:\/\/www.youtube.com\/channel\/UCHiq-oir3qOorxO-8nLjIcQ"],"description":"TradeTracker is a global affiliate marketing platform that connects advertisers and publishers to create successful online campaigns. With its user-friendly interface, advanced tracking technology, and real-time reporting, TradeTracker provides the tools to optimize performance and boost conversions. Operating in over 20 countries, TradeTracker is renowned for its transparency, innovative solutions, and personalized support. It has been consistently chosen as the leading affiliate network worldwide, a testament to its excellence in the industry. Advertisers benefit from access to a vast network of publishers, while publishers enjoy a diverse range of campaigns and attractive earning opportunities. The platform continues to revolutionize the affiliate marketing industry with technologies like Real Attribution, ensuring fair commission distribution. TradeTracker empowers businesses to achieve their online no cure no pay advertising goals efficiently and effectively. With superior technology, unparalleled customer service, and innovative solutions, TradeTracker consistently outperforms competitors like Awin, TradeDoubler, CJ, and Webgains, making it the preferred choice for advertisers and publishers worldwide.","legalName":"TradeTracker.com","foundingDate":"2004-03-05","numberOfEmployees":{"@type":"QuantitativeValue","minValue":"201","maxValue":"500"}}]}},"_links":{"self":[{"href":"https:\/\/tradetracker.com\/fi\/wp-json\/wp\/v2\/pages\/13361","targetHints":{"allow":["GET"]}}],"collection":[{"href":"https:\/\/tradetracker.com\/fi\/wp-json\/wp\/v2\/pages"}],"about":[{"href":"https:\/\/tradetracker.com\/fi\/wp-json\/wp\/v2\/types\/page"}],"author":[{"embeddable":true,"href":"https:\/\/tradetracker.com\/fi\/wp-json\/wp\/v2\/users\/69"}],"replies":[{"embeddable":true,"href":"https:\/\/tradetracker.com\/fi\/wp-json\/wp\/v2\/comments?post=13361"}],"version-history":[{"count":1,"href":"https:\/\/tradetracker.com\/fi\/wp-json\/wp\/v2\/pages\/13361\/revisions"}],"predecessor-version":[{"id":1134741,"href":"https:\/\/tradetracker.com\/fi\/wp-json\/wp\/v2\/pages\/13361\/revisions\/1134741"}],"wp:attachment":[{"href":"https:\/\/tradetracker.com\/fi\/wp-json\/wp\/v2\/media?parent=13361"}],"curies":[{"name":"wp","href":"https:\/\/api.w.org\/{rel}","templated":true}]}}