{"id":13391,"date":"2017-01-02T08:00:33","date_gmt":"2017-01-02T08:00:33","guid":{"rendered":"https:\/\/tradetracker.com\/fi\/audience\/"},"modified":"2025-01-21T06:24:13","modified_gmt":"2025-01-21T06:24:13","slug":"lisaa-yleisoa","status":"publish","type":"page","link":"https:\/\/tradetracker.com\/fi\/lisaa-yleisoa\/","title":{"rendered":"Audience"},"content":{"rendered":"<div class=\"wpb-content-wrapper\"><p>[vc_row classes=&#8221;static-page-intro audience-page&#8221;][vc_column]<div class=\"row\"><div class=\"vc_col-sm-12\"><div class=\" static-page-intro-text \"><h1  class=\"\">ARVOKAS YLEIS\u00d6<\/h1><h2  class=\"\">Teemme yhteisty\u00f6t\u00e4 alan johtavien julkaisijoiden kanssa. He tarjoavat tuotteillesi ja palvelullesi laadukkaan yleis\u00f6n.<\/h2><\/div>\r\n        <\/div>\r\n    <\/div>[\/vc_column][\/vc_row][vc_row classes=&#8221;agencies-benefits bg-pattern&#8221;][vc_column]<div class=\"space\"><\/div>[vc_row_inner][vc_column_inner][vc_wp_text title=&#8221;Voit saada kaiken k\u00e4ytt\u00f6\u00f6si&#8221;]Myynnin kasvattaminen, liidien saaminen ja br\u00e4nditietoisuuden kasvattaminen edellytt\u00e4\u00e4, ett\u00e4 esittelet tarjoamiasi etuja oikeille ihmisille. Vuosien mittaan olemme rakentaneet valtavan verkoston hyv\u00e4maineisia kumppaneita, suuria ja pieni\u00e4, joilla jokaisella on oma liiketoimintamallinsa. Niill\u00e4 on uskollinen yleis\u00f6, ja ne tarjoavat mahdollisuuksia kaikkialla maailmassa. Koska sin\u00e4 valitset kumppanit, joiden kanssa haluat olla yhteisty\u00f6ss\u00e4, voit olla varma siit\u00e4, ett\u00e4 yrityksesi nimi esiintyy yhdess\u00e4 sellaisten yritysten kanssa, joiden arvot voit hyv\u00e4ksy\u00e4.[\/vc_wp_text][\/vc_column_inner][\/vc_row_inner]<div class=\"space\"><\/div>[vc_row_inner][vc_column_inner width=&#8221;1\/2&#8243;][vc_wp_text title=&#8221;Luotettava joukko&#8221;]Voit olla varma siit\u00e4, ett\u00e4 olet yhteydess\u00e4 laadukkaisiin julkaisijoihin, sill\u00e4 jokainen julkaisijahakemus tarkistetaan huolellisesti. Kun olet tehnyt yhteisty\u00f6t\u00e4 lukuisten jukaisijoiden kanssa, voit luottaa siihen, ett\u00e4 saat heid\u00e4n avullaan tarvitsemaasi n\u00e4kyvyytt\u00e4.[\/vc_wp_text][\/vc_column_inner][vc_column_inner width=&#8221;1\/2&#8243;][vc_wp_text title=&#8221;Alastasi kiinnostuneet lukijat&#8221;]Valitse julkaisijat, joiden k\u00e4ytt\u00f6\u00f6n haluat antaa mainoksesi, ja he levitt\u00e4v\u00e4t sanaa eteenp\u00e4in. Voit itse valita kenen kanssa teet yhteisty\u00f6t\u00e4. Pystyt pit\u00e4m\u00e4\u00e4n huolta br\u00e4ndin n\u00e4kyvyydest\u00e4 helposti.[\/vc_wp_text][\/vc_column_inner][\/vc_row_inner]<div class=\"space\"><\/div>[vc_row_inner][vc_column_inner width=&#8221;1\/2&#8243;][vc_wp_text title=&#8221;Globaalit markkinat&#8221;]Laajenna potentiaalisten asiakkaiden joukkoa aivan uudella vierailijaryhm\u00e4ll\u00e4 ja aseta mainoksesi uusien silmien eteen kansallisten rajojen tuolla puolen. Anna meid\u00e4n auttaa sinua laajentamaan asiakaskuntaasi muihin maihin.[\/vc_wp_text][\/vc_column_inner][vc_column_inner width=&#8221;1\/2&#8243;][vc_wp_text title=&#8221;Selke\u00e4 hakutoiminto&#8221;]Voit helposti tunnistaa parhaat julkaisijat, joille mainokset kannattaa antaa n\u00e4ytett\u00e4v\u00e4ksi. Voit suunnata viestisi tarkoin m\u00e4\u00e4ritetylle kohderyhm\u00e4lle hakemalla julkaisijaa asianomaiselta toimialalta. K\u00e4yt\u00e4 t\u00e4ss\u00e4 hy\u00f6dyksi asiantuntijoidemme kokemusta.[\/vc_wp_text][\/vc_column_inner][\/vc_row_inner]<div class=\"space\"><\/div>[\/vc_column][\/vc_row][vc_row classes=&#8221;cta ctamerch&#8221; el_id=&#8221;ctaaam&#8221;][vc_column]<div class=\"row\"><div class=\"vc_col-sm-12\"><h2 class=\"get_started\" >Etsitk\u00f6 laadukasta yleis\u00f6\u00e4 tulosten parantamiseksi?<\/h2><p >Ota yhteytt\u00e4, niin tarjoamme kaikki v\u00e4lineet parhaaseen mahdolliseen kumppanuusmarkkinointiin.<\/p><\/div><\/div><div class=\"row\"><div class=\"vc_col-sm-12\"><p class=\"cta-items\"><a class=\"cta-advertiser-signup\" href=\"https:\/\/merchant.tradetracker.com\/portal\/advertiserBrochure?loc=fi_FI\">Pyyd\u00e4 esittely\u00e4<\/a><\/p><\/div><\/div>[\/vc_column][\/vc_row]<\/p>\n<\/div>","protected":false},"excerpt":{"rendered":"<p>[vc_row classes=&#8221;static-page-intro audience-page&#8221;][vc_column][\/vc_column][\/vc_row][vc_row classes=&#8221;agencies-benefits bg-pattern&#8221;][vc_column][vc_row_inner][vc_column_inner][vc_wp_text title=&#8221;Voit saada kaiken k\u00e4ytt\u00f6\u00f6si&#8221;]Myynnin kasvattaminen, liidien saaminen ja br\u00e4nditietoisuuden kasvattaminen edellytt\u00e4\u00e4, ett\u00e4 esittelet tarjoamiasi etuja oikeille ihmisille. Vuosien mittaan olemme rakentaneet valtavan verkoston hyv\u00e4maineisia kumppaneita, suuria ja pieni\u00e4, joilla jokaisella on oma liiketoimintamallinsa. Niill\u00e4 on uskollinen yleis\u00f6, ja ne tarjoavat mahdollisuuksia kaikkialla maailmassa. Koska sin\u00e4 valitset kumppanit, joiden kanssa haluat  [&#8230;]<\/p>\n","protected":false},"author":69,"featured_media":0,"parent":0,"menu_order":0,"comment_status":"closed","ping_status":"closed","template":"template-red.php","meta":{"inline_featured_image":false,"_monsterinsights_skip_tracking":false,"_monsterinsights_sitenote_active":false,"_monsterinsights_sitenote_note":"","_monsterinsights_sitenote_category":0,"footnotes":""},"class_list":["post-13391","page","type-page","status-publish","hentry"],"yoast_head":"<!-- This site is optimized with the Yoast SEO Premium plugin v27.0 (Yoast SEO v27.0) - https:\/\/yoast.com\/product\/yoast-seo-premium-wordpress\/ -->\n<title>Audience - TradeTracker.com | Affiliate Marketing | Performance Marketing<\/title>\n<meta name=\"description\" content=\"[vc_row classes=&quot;static-page-intro audience-page&quot;][vc_column]ARVOKAS YLEIS\u00d6Teemme yhteisty\u00f6t\u00e4 alan johtavien julkaisijoiden kanssa. He tarjoavat tuotteillesi ja palvelullesi laadukkaan yleis\u00f6n.\" \/>\n<meta name=\"robots\" content=\"index, follow, max-snippet:-1, max-image-preview:large, max-video-preview:-1\" \/>\n<link rel=\"canonical\" href=\"https:\/\/tradetracker.com\/fi\/wp-json\/wp\/v2\/pages\/13391\/\" \/>\n<meta property=\"og:locale\" content=\"fi_FI\" \/>\n<meta property=\"og:type\" content=\"article\" \/>\n<meta property=\"og:title\" content=\"Audience TradeTracker.com\" \/>\n<meta property=\"og:description\" content=\"[vc_row classes=&#8221;static-page-intro\" \/>\n<meta property=\"og:url\" content=\"https:\/\/tradetracker.com\/fi\/lisaa-yleisoa\/\" \/>\n<meta property=\"og:site_name\" content=\"TradeTracker.com | Affiliate Marketing | Performance Marketing\" \/>\n<meta property=\"article:publisher\" content=\"https:\/\/www.facebook.com\/tradetrackercom\" \/>\n<meta property=\"article:modified_time\" content=\"2025-01-21T06:24:13+00:00\" \/>\n<meta property=\"og:image\" content=\"https:\/\/tradetracker.com\/wp-content\/uploads\/2019\/12\/tradetracker-logo-square.png\" \/>\n\t<meta property=\"og:image:width\" content=\"250\" \/>\n\t<meta property=\"og:image:height\" content=\"250\" \/>\n\t<meta property=\"og:image:type\" content=\"image\/png\" \/>\n<meta name=\"twitter:card\" content=\"summary_large_image\" \/>\n<meta name=\"twitter:title\" content=\"Audience\" \/>\n<meta name=\"twitter:description\" content=\"[vc_row classes=&quot;static-page-intro audience-page&quot;][vc_column]ARVOKAS YLEIS\u00d6Teemme yhteisty\u00f6t\u00e4 alan johtavien \" \/>\n<meta name=\"twitter:image\" content=\"https:\/\/tradetracker.com\/assets\/tt-circles.png\" \/>\n<meta name=\"twitter:site\" content=\"@tradetrackercom\" \/>\n<meta name=\"twitter:label1\" content=\"Est. reading time\" \/>\n\t<meta name=\"twitter:data1\" content=\"2 minutes\" \/>\n<script type=\"application\/ld+json\" class=\"yoast-schema-graph\">{\"@context\":\"https:\/\/schema.org\",\"@graph\":[{\"@type\":\"WebPage\",\"@id\":\"https:\/\/tradetracker.com\/fi\/lisaa-yleisoa\/\",\"url\":\"https:\/\/tradetracker.com\/fi\/lisaa-yleisoa\/\",\"name\":\"Audience - TradeTracker.com | Affiliate Marketing | Performance Marketing\",\"isPartOf\":{\"@id\":\"https:\/\/tradetracker.com\/fi\/#website\"},\"datePublished\":\"2017-01-02T08:00:33+00:00\",\"dateModified\":\"2025-01-21T06:24:13+00:00\",\"breadcrumb\":{\"@id\":\"https:\/\/tradetracker.com\/fi\/lisaa-yleisoa\/#breadcrumb\"},\"inLanguage\":\"fi-FI\",\"potentialAction\":[{\"@type\":\"ReadAction\",\"target\":[\"https:\/\/tradetracker.com\/fi\/lisaa-yleisoa\/\"]}]},{\"@type\":\"BreadcrumbList\",\"@id\":\"https:\/\/tradetracker.com\/fi\/lisaa-yleisoa\/#breadcrumb\",\"itemListElement\":[{\"@type\":\"ListItem\",\"position\":1,\"name\":\"Home\",\"item\":\"https:\/\/tradetracker.com\/fi\/\"},{\"@type\":\"ListItem\",\"position\":2,\"name\":\"Audience\"}]},{\"@type\":\"WebSite\",\"@id\":\"https:\/\/tradetracker.com\/fi\/#website\",\"url\":\"https:\/\/tradetracker.com\/fi\/\",\"name\":\"TradeTracker.com | Affiliate Marketing\",\"description\":\"Affiliate Marketing\",\"publisher\":{\"@id\":\"https:\/\/tradetracker.com\/fi\/#organization\"},\"potentialAction\":[{\"@type\":\"SearchAction\",\"target\":{\"@type\":\"EntryPoint\",\"urlTemplate\":\"https:\/\/tradetracker.com\/fi\/?s={search_term_string}\"},\"query-input\":{\"@type\":\"PropertyValueSpecification\",\"valueRequired\":true,\"valueName\":\"search_term_string\"}}],\"inLanguage\":\"fi-FI\"},{\"@type\":\"Organization\",\"@id\":\"https:\/\/tradetracker.com\/fi\/#organization\",\"name\":\"TradeTracker FZ LLC\",\"url\":\"https:\/\/tradetracker.com\/fi\/\",\"logo\":{\"@type\":\"ImageObject\",\"inLanguage\":\"fi-FI\",\"@id\":\"https:\/\/tradetracker.com\/fi\/#\/schema\/logo\/image\/\",\"url\":\"https:\/\/tradetracker.com\/wp-content\/uploads\/2019\/04\/tradetracker-logo_1.jpg\",\"contentUrl\":\"https:\/\/tradetracker.com\/wp-content\/uploads\/2019\/04\/tradetracker-logo_1.jpg\",\"width\":672,\"height\":109,\"caption\":\"TradeTracker FZ LLC\"},\"image\":{\"@id\":\"https:\/\/tradetracker.com\/fi\/#\/schema\/logo\/image\/\"},\"sameAs\":[\"https:\/\/www.facebook.com\/tradetrackercom\",\"https:\/\/x.com\/tradetrackercom\",\"https:\/\/www.linkedin.com\/company\/tradetrackercom\",\"https:\/\/www.youtube.com\/channel\/UCHiq-oir3qOorxO-8nLjIcQ\"],\"description\":\"TradeTracker is a global affiliate marketing platform that connects advertisers and publishers to create successful online campaigns. With its user-friendly interface, advanced tracking technology, and real-time reporting, TradeTracker provides the tools to optimize performance and boost conversions. Operating in over 20 countries, TradeTracker is renowned for its transparency, innovative solutions, and personalized support. It has been consistently chosen as the leading affiliate network worldwide, a testament to its excellence in the industry. Advertisers benefit from access to a vast network of publishers, while publishers enjoy a diverse range of campaigns and attractive earning opportunities. The platform continues to revolutionize the affiliate marketing industry with technologies like Real Attribution, ensuring fair commission distribution. TradeTracker empowers businesses to achieve their online no cure no pay advertising goals efficiently and effectively. With superior technology, unparalleled customer service, and innovative solutions, TradeTracker consistently outperforms competitors like Awin, TradeDoubler, CJ, and Webgains, making it the preferred choice for advertisers and publishers worldwide.\",\"legalName\":\"TradeTracker.com\",\"foundingDate\":\"2004-03-05\",\"numberOfEmployees\":{\"@type\":\"QuantitativeValue\",\"minValue\":\"201\",\"maxValue\":\"500\"}}]}<\/script>\n<!-- \/ Yoast SEO Premium plugin. -->","yoast_head_json":{"title":"Audience - TradeTracker.com | Affiliate Marketing | Performance Marketing","description":"[vc_row classes=\"static-page-intro audience-page\"][vc_column]ARVOKAS YLEIS\u00d6Teemme yhteisty\u00f6t\u00e4 alan johtavien julkaisijoiden kanssa. He tarjoavat tuotteillesi ja palvelullesi laadukkaan yleis\u00f6n.","robots":{"index":"index","follow":"follow","max-snippet":"max-snippet:-1","max-image-preview":"max-image-preview:large","max-video-preview":"max-video-preview:-1"},"canonical":"https:\/\/tradetracker.com\/fi\/wp-json\/wp\/v2\/pages\/13391\/","og_locale":"fi_FI","og_type":"article","og_title":"Audience TradeTracker.com","og_description":"[vc_row classes=&#8221;static-page-intro","og_url":"https:\/\/tradetracker.com\/fi\/lisaa-yleisoa\/","og_site_name":"TradeTracker.com | Affiliate Marketing | Performance Marketing","article_publisher":"https:\/\/www.facebook.com\/tradetrackercom","article_modified_time":"2025-01-21T06:24:13+00:00","og_image":[{"width":250,"height":250,"url":"https:\/\/tradetracker.com\/wp-content\/uploads\/2019\/12\/tradetracker-logo-square.png","type":"image\/png"}],"twitter_card":"summary_large_image","twitter_title":"Audience","twitter_description":"[vc_row classes=\"static-page-intro audience-page\"][vc_column]ARVOKAS YLEIS\u00d6Teemme yhteisty\u00f6t\u00e4 alan johtavien ","twitter_image":"https:\/\/tradetracker.com\/assets\/tt-circles.png","twitter_site":"@tradetrackercom","twitter_misc":{"Est. reading time":"2 minutes"},"schema":{"@context":"https:\/\/schema.org","@graph":[{"@type":"WebPage","@id":"https:\/\/tradetracker.com\/fi\/lisaa-yleisoa\/","url":"https:\/\/tradetracker.com\/fi\/lisaa-yleisoa\/","name":"Audience - TradeTracker.com | Affiliate Marketing | Performance Marketing","isPartOf":{"@id":"https:\/\/tradetracker.com\/fi\/#website"},"datePublished":"2017-01-02T08:00:33+00:00","dateModified":"2025-01-21T06:24:13+00:00","breadcrumb":{"@id":"https:\/\/tradetracker.com\/fi\/lisaa-yleisoa\/#breadcrumb"},"inLanguage":"fi-FI","potentialAction":[{"@type":"ReadAction","target":["https:\/\/tradetracker.com\/fi\/lisaa-yleisoa\/"]}]},{"@type":"BreadcrumbList","@id":"https:\/\/tradetracker.com\/fi\/lisaa-yleisoa\/#breadcrumb","itemListElement":[{"@type":"ListItem","position":1,"name":"Home","item":"https:\/\/tradetracker.com\/fi\/"},{"@type":"ListItem","position":2,"name":"Audience"}]},{"@type":"WebSite","@id":"https:\/\/tradetracker.com\/fi\/#website","url":"https:\/\/tradetracker.com\/fi\/","name":"TradeTracker.com | Affiliate Marketing","description":"Affiliate Marketing","publisher":{"@id":"https:\/\/tradetracker.com\/fi\/#organization"},"potentialAction":[{"@type":"SearchAction","target":{"@type":"EntryPoint","urlTemplate":"https:\/\/tradetracker.com\/fi\/?s={search_term_string}"},"query-input":{"@type":"PropertyValueSpecification","valueRequired":true,"valueName":"search_term_string"}}],"inLanguage":"fi-FI"},{"@type":"Organization","@id":"https:\/\/tradetracker.com\/fi\/#organization","name":"TradeTracker FZ LLC","url":"https:\/\/tradetracker.com\/fi\/","logo":{"@type":"ImageObject","inLanguage":"fi-FI","@id":"https:\/\/tradetracker.com\/fi\/#\/schema\/logo\/image\/","url":"https:\/\/tradetracker.com\/wp-content\/uploads\/2019\/04\/tradetracker-logo_1.jpg","contentUrl":"https:\/\/tradetracker.com\/wp-content\/uploads\/2019\/04\/tradetracker-logo_1.jpg","width":672,"height":109,"caption":"TradeTracker FZ LLC"},"image":{"@id":"https:\/\/tradetracker.com\/fi\/#\/schema\/logo\/image\/"},"sameAs":["https:\/\/www.facebook.com\/tradetrackercom","https:\/\/x.com\/tradetrackercom","https:\/\/www.linkedin.com\/company\/tradetrackercom","https:\/\/www.youtube.com\/channel\/UCHiq-oir3qOorxO-8nLjIcQ"],"description":"TradeTracker is a global affiliate marketing platform that connects advertisers and publishers to create successful online campaigns. With its user-friendly interface, advanced tracking technology, and real-time reporting, TradeTracker provides the tools to optimize performance and boost conversions. Operating in over 20 countries, TradeTracker is renowned for its transparency, innovative solutions, and personalized support. It has been consistently chosen as the leading affiliate network worldwide, a testament to its excellence in the industry. Advertisers benefit from access to a vast network of publishers, while publishers enjoy a diverse range of campaigns and attractive earning opportunities. The platform continues to revolutionize the affiliate marketing industry with technologies like Real Attribution, ensuring fair commission distribution. TradeTracker empowers businesses to achieve their online no cure no pay advertising goals efficiently and effectively. With superior technology, unparalleled customer service, and innovative solutions, TradeTracker consistently outperforms competitors like Awin, TradeDoubler, CJ, and Webgains, making it the preferred choice for advertisers and publishers worldwide.","legalName":"TradeTracker.com","foundingDate":"2004-03-05","numberOfEmployees":{"@type":"QuantitativeValue","minValue":"201","maxValue":"500"}}]}},"_links":{"self":[{"href":"https:\/\/tradetracker.com\/fi\/wp-json\/wp\/v2\/pages\/13391","targetHints":{"allow":["GET"]}}],"collection":[{"href":"https:\/\/tradetracker.com\/fi\/wp-json\/wp\/v2\/pages"}],"about":[{"href":"https:\/\/tradetracker.com\/fi\/wp-json\/wp\/v2\/types\/page"}],"author":[{"embeddable":true,"href":"https:\/\/tradetracker.com\/fi\/wp-json\/wp\/v2\/users\/69"}],"replies":[{"embeddable":true,"href":"https:\/\/tradetracker.com\/fi\/wp-json\/wp\/v2\/comments?post=13391"}],"version-history":[{"count":1,"href":"https:\/\/tradetracker.com\/fi\/wp-json\/wp\/v2\/pages\/13391\/revisions"}],"predecessor-version":[{"id":1134875,"href":"https:\/\/tradetracker.com\/fi\/wp-json\/wp\/v2\/pages\/13391\/revisions\/1134875"}],"wp:attachment":[{"href":"https:\/\/tradetracker.com\/fi\/wp-json\/wp\/v2\/media?parent=13391"}],"curies":[{"name":"wp","href":"https:\/\/api.w.org\/{rel}","templated":true}]}}