{"id":13481,"date":"2017-02-09T13:12:46","date_gmt":"2017-02-09T13:12:46","guid":{"rendered":"https:\/\/tradetracker.com\/fi\/knowledge-centre\/for-publishers\/"},"modified":"2021-12-22T12:24:37","modified_gmt":"2021-12-22T12:24:37","slug":"for-publishers","status":"publish","type":"page","link":"https:\/\/tradetracker.com\/fi\/mainostajan-tietopankki\/for-publishers\/","title":{"rendered":"For Publishers"},"content":{"rendered":"<div class=\"wpb-content-wrapper\"><p>[vc_row el_id=&#8221;kc-top&#8221; classes=&#8221;part-fullsection section-kc-topics bg-color10 bg-pattern full-width&#8221;][vc_column]<div class=\"row\"><div class=\"vc_col-sm-12\"><div class=\" static-page-intro-text \"><h1  style=\"color: #ffffff\" class=\"\">KNOWLEDGE CENTRE<\/h1><h2  style=\"color: #ffffff\" class=\"\">Understand the fundamentals to starting a campaign. Here you\u2019ll find an information hub aimed at providing a brief introduction to affiliate marketing and TradeTracker\u2019s platform.<br \/>\n<\/h2><\/div>\r\n        <\/div>\r\n    <\/div>[vc_wp_text]<\/p>\n<div id=\"kc-tab-wrap\">\n<ul>\n<li class=\"\"><a href=\"https:\/\/tradetracker.com\/knowledge-centre\/gdpr\/#for-advertisers\/\">For Advertisers<\/a><\/li>\n<li class=\"active\"><a href=\"https:\/\/tradetracker.com\/fi\/mainostajan-tietopankki\/for-publishers\/\">For Publishers<\/a><\/li>\n<li class=\"\"><a href=\"https:\/\/tradetracker.com\/knowledge-centre\/glossary\/\">Glossary<\/a><\/li>\n<li class=\"\"><a href=\"https:\/\/tradetracker.com\/knowledge-centre\/gdpr\/\">GDPR<\/a><\/li>\n<\/ul>\n<\/div>\n<p>[\/vc_wp_text][\/vc_column][\/vc_row][vc_row el_id=&#8221;kc-content&#8221;][vc_column]    <div class=\"row\">\r\n        <div class=\"vc_col-sm-12\">\r\n            <div class=\"space\"><\/div>\r\n            <ul class=\"toggle\">\r\n                                            <li class=\"kc-topic active\"><a class=\"tgg-title\">\r\n                                <div class=\"feature-less-text\">Less<\/div>Miten saan TradeTracker-tilin?<\/a>\r\n                        \r\n                        <div class=\"tgg-content\">\r\n                            <p><p>Julkaisijatilin rekister\u00f6iminen on ilmaista. Rekister\u00f6itymisen j\u00e4lkeen julkaisijatiimimme tarkastaa sivustosi, ja hyv\u00e4ksynn\u00e4n j\u00e4lkeen voit alkaa heti kampanjoida haluamiesi mainostajien puolesta. L\u00e4hde mukaan <a href=\"https:\/\/affiliate.tradetracker.com\/signup\/step1?loc=fi_FI\">ja luo julkaisijatili.<\/a><\/p>\n<\/p>\r\n                        <\/div>\r\n                        <\/li>\r\n                                                    <li class=\"kc-topic\"><a class=\"tgg-title\">\r\n                                <div class=\"feature-less-text\">Less<\/div>Kuinka voin muuntaa sis\u00e4lt\u00f6ni rahaksi?<\/a>\r\n                        \r\n                        <div class=\"tgg-content\">\r\n                            <p><p>Kumppanuusmarkkinoinnin palvelualustamme tarjoaa ty\u00f6kalut, joilla voit sijoittaa sivustoosi tunnettujen br\u00e4ndien sis\u00e4lt\u00f6\u00e4. Palvelualustalla voit yksityiskohtaisesti valvoa k\u00e4ytettyjen mainosmateriaalien tehokkuutta ja saat laajoja raportteja, joiden ansiosta voit reagoida muutoksiin ja optimoida verkkomarkkinointia entisest\u00e4\u00e4n.<\/p>\n<\/p>\r\n                        <\/div>\r\n                        <\/li>\r\n                                                    <li class=\"kc-topic\"><a class=\"tgg-title\">\r\n                                <div class=\"feature-less-text\">Less<\/div>Miten usein saan maksun?<\/a>\r\n                        \r\n                        <div class=\"tgg-content\">\r\n                            <p><p>Ty\u00f6n tuloksista maksetaan s\u00e4\u00e4nn\u00f6llisesti. TradeTracker maksaa sinulle komission jopa 4 kertaa kuukaudessa. Voit my\u00f6s kysy\u00e4 Super Fast Payment -ratkaisua, jolloin komissiot maksetaan tuntien sis\u00e4ll\u00e4 suoritetun tapahtuman hyv\u00e4ksymisest\u00e4.<br \/>\nJulkaisijana hallitset t\u00e4ysin maksujasi ja voit muuttaa maksutiheytt\u00e4, milloin haluat.<br \/>\nKuukausittain<br \/>\nJos olet asettanut maksutiheyden kuukausittaiseksi, maksuilmoitus annetaan joka kuukauden 7.  p\u00e4iv\u00e4n\u00e4.<br \/>\nKahdesti kuukaudessa<br \/>\nJos olet valinnut kahdesti kuukaudessa tapahtuvan maksun, maksuilmoitus annetaan joka kuukauden 7. ja 21. p\u00e4iv\u00e4.<br \/>\nNelj\u00e4 kertaa kuukaudessa<br \/>\nJos olet valinnut nelj\u00e4 kertaa kuukaudessa tapahtuvan maksun, maksuilmoitus annetaan joka kuukauden 7., 14., 21. ja 28. p\u00e4iv\u00e4.<br \/>\nVoit tarvittaessa keskeytt\u00e4\u00e4 maksut Pidossa-toiminnolla. Voit my\u00f6s suurentaa maksettavaa v\u00e4himm\u00e4issummaa maksusiirtojen harventamiseksi.<br \/>\nMaksu tapahtuu pian maksuilmoituksen j\u00e4lkeen joko PayPal-palvelussa tai pankkisiirtona.<\/p>\n<\/p>\r\n                        <\/div>\r\n                        <\/li>\r\n                                                    <li class=\"kc-topic\"><a class=\"tgg-title\">\r\n                                <div class=\"feature-less-text\">Less<\/div>Mit\u00e4 tarkoittaa Super Fast Payment?<\/a>\r\n                        \r\n                        <div class=\"tgg-content\">\r\n                            <p><p>Maksutiheys on jopa nelj\u00e4 kertaa kuukaudessa, mutta voi olla, ett\u00e4 olet oikeutettu my\u00f6s ainutlaatuiseen Super Fast Payment -j\u00e4rjestelyymme, jossa komissiot maksetaan tuntien kuluessa suoritetun tapahtuman hyv\u00e4ksymisest\u00e4. Voit kysy\u00e4 t\u00e4st\u00e4 ominaisuudesta account manageriltasi.<\/p>\n<\/p>\r\n                        <\/div>\r\n                        <\/li>\r\n                                                    <li class=\"kc-topic\"><a class=\"tgg-title\">\r\n                                <div class=\"feature-less-text\">Less<\/div>Miten voin suorittaa kampanjan useissa maissa?<\/a>\r\n                        \r\n                        <div class=\"tgg-content\">\r\n                            <p><p>Jos haluat k\u00e4ytt\u00e4\u00e4 useissa maissa toimivia mainostajia, voit lis\u00e4t\u00e4 sivustosi toiseen TradeTracker-alueeseen k\u00e4ytt\u00f6liittym\u00e4ss\u00e4. Riitt\u00e4\u00e4, kun valitset Tili -> Omat sivustot \u00a0ja napsautat Lis\u00e4\u00e4 uusi julkaisijasivusto -linkki\u00e4. Sitten voit valita maan\/alueen.<br \/>\nKun hakemuksesi on hyv\u00e4ksytty, voit hallita toimiasi kyseisell\u00e4 alueella valitsemalla sen k\u00e4ytt\u00f6liittym\u00e4n yl\u00e4osan avattavasta valikosta.<\/p>\n<\/p>\r\n                        <\/div>\r\n                        <\/li>\r\n                                                    <li class=\"kc-topic\"><a class=\"tgg-title\">\r\n                                <div class=\"feature-less-text\">Less<\/div>Voinko mukauttaa seurantatoimia?<\/a>\r\n                        \r\n                        <div class=\"tgg-content\">\r\n                            <p><p>Kyll\u00e4 vain! Konversioiden rekister\u00f6intiin liittyvien toimintojen lis\u00e4ksi voit m\u00e4\u00e4ritt\u00e4\u00e4 my\u00f6s mukautettuja toimintoja. Voit esimerkiksi liitt\u00e4\u00e4 linkkiin yksil\u00f6llisen viitteen (eli SubID:n) tai m\u00e4\u00e4ritt\u00e4\u00e4 k\u00e4ytt\u00f6liittym\u00e4ss\u00e4, ett\u00e4 konversiot v\u00e4litet\u00e4\u00e4n omaan seurantaj\u00e4rjestelm\u00e4\u00e4si. Voit my\u00f6s pyyt\u00e4\u00e4, ett\u00e4 k\u00e4ytt\u00f6\u00f6n otetaan kolmannen osapuolen seurantatagin.<\/p>\n<\/p>\r\n                        <\/div>\r\n                        <\/li>\r\n                                                    <li class=\"kc-topic\"><a class=\"tgg-title\">\r\n                                <div class=\"feature-less-text\">Less<\/div>Onko teill\u00e4 API-liittym\u00e4 k\u00e4ytett\u00e4viss\u00e4?<\/a>\r\n                        \r\n                        <div class=\"tgg-content\">\r\n                            <p><p>Kyll\u00e4 vain! Ohjelmointirajapinnan (API-liittym\u00e4n tai verkkopalvelun) avulla voit k\u00e4ytt\u00e4\u00e4 ohjelmiston toimintoja ja tietoja tarjoamalla ohjelmallisen p\u00e4\u00e4syn tilisi tietoihin. Seuraavat ovat API-liittym\u00e4n perusominaisuuksia: tilitietojen, kampanjatietojen, tapahtumatietojen, tuotesy\u00f6tetietojen, maksutietojen, mainosmateriaalin tai n\u00e4iden yhdistelm\u00e4n noutaminen esimerkiksi silloin, kun tehd\u00e4\u00e4n mukautettuja raportteja tai k\u00e4ytet\u00e4\u00e4n omaa seurantaj\u00e4rjestelm\u00e4\u00e4.<br \/>\nWeb Services -palvelumme perustuvat SOAP-protokollaan. T\u00e4m\u00e4 protokolla m\u00e4\u00e4ritt\u00e4\u00e4, miten rakenteista tietoa siirret\u00e4\u00e4n Web Services -palveluissa. Voit helposti pyyt\u00e4\u00e4 p\u00e4\u00e4sy\u00e4 API-liittym\u00e4\u00e4mme tilist\u00e4si.<\/p>\n<\/p>\r\n                        <\/div>\r\n                        <\/li>\r\n                                                    <li class=\"kc-topic\"><a class=\"tgg-title\">\r\n                                <div class=\"feature-less-text\">Less<\/div>Mit\u00e4 mainoksia on tarjolla?<\/a>\r\n                        \r\n                        <div class=\"tgg-content\">\r\n                            <p><p>Voit valita sivustoosi useita eri mainoksia, kuten tekstilinkkej\u00e4, mainosbannereita, tuotesy\u00f6tteit\u00e4, pienoissovelluksia ja alennuskoodeja. Mainoskarusellissa voidaan n\u00e4ytt\u00e4\u00e4 eri kampanjoiden mainosmateriaaleja esimerkiksi tuoton, EPC:n tai klikkausm\u00e4\u00e4rien mukaan.<\/p>\n<\/p>\r\n                        <\/div>\r\n                        <\/li>\r\n                                                    <li class=\"kc-topic\"><a class=\"tgg-title\">\r\n                                <div class=\"feature-less-text\">Less<\/div>Mit\u00e4 voin tehd\u00e4 Page Tools -ty\u00f6kaluilla?<\/a>\r\n                        \r\n                        <div class=\"tgg-content\">\r\n                            <p><p>Julkaisijana p\u00e4\u00e4set k\u00e4ytt\u00e4m\u00e4\u00e4n TradeTrackerin Page Tools -ty\u00f6kaluja. N\u00e4ill\u00e4 ty\u00f6kaluilla voit nopeasti hallita sivustojen sis\u00e4lt\u00f6\u00e4 TradeTrackerin k\u00e4ytt\u00f6liittym\u00e4ss\u00e4.<br \/>\nVoit yksinkertaisesti m\u00e4\u00e4ritt\u00e4\u00e4, n\u00e4kyyk\u00f6 sellaiset toiminnot kuin pienoissovellukset (vertailuty\u00f6kalut) ja Linkkimuokkaaja -toimintomme, joka soveltuu t\u00e4ydellisesti mainostajiin osoittavien seurantalinkkien automaattiseen muodostamiseen.<\/p>\n<\/p>\r\n                        <\/div>\r\n                        <\/li>\r\n                                                    <li class=\"kc-topic\"><a class=\"tgg-title\">\r\n                                <div class=\"feature-less-text\">Less<\/div>Mit\u00e4 ovat pienoissovellukset?<\/a>\r\n                        \r\n                        <div class=\"tgg-content\">\r\n                            <p><p>Pienoissovellukset sis\u00e4lt\u00e4v\u00e4t dynaamisesti muodostettua sis\u00e4lt\u00f6\u00e4, joka voidaan lis\u00e4t\u00e4 sivustoosi asettamalla siihen yksinkertainen koodi. Tuloksena on t\u00e4ydellinen matkojen hakukone tai ty\u00f6kalu, jossa voi verrata muotiverkkokauppojen tuotteita.<br \/>\nKaikkia pienoissovelluksia voi hallita mainostajan k\u00e4ytt\u00f6liittym\u00e4n Page Tools -osiossa.<\/p>\n<\/p>\r\n                        <\/div>\r\n                        <\/li>\r\n                                                    <li class=\"kc-topic\"><a class=\"tgg-title\">\r\n                                <div class=\"feature-less-text\">Less<\/div>Saanko apua tarvittaessa?<\/a>\r\n                        \r\n                        <div class=\"tgg-content\">\r\n                            <p><p>Totta kai! Haluamme tarjota markkinoiden parhaan k\u00e4ytt\u00f6liittym\u00e4n kumppanuusverkostoa varten. Olemme panostaneet helppok\u00e4ytt\u00f6isyyteen ja luoneet ohjelmiston, joka on mahdollisimman helppok\u00e4ytt\u00f6inen asiakkaille. Internetin kaltaisessa nopeasti muuttuvassa ymp\u00e4rist\u00f6ss\u00e4 kysymyksilt\u00e4 ei voi v\u00e4ltty\u00e4. Onneksi k\u00e4ytett\u00e4viss\u00e4 on kokeneita alan asiantuntijoita, jotka auttavat tarpeen vaatiessa.<\/p>\n<\/p>\r\n                        <\/div>\r\n                        <\/li>\r\n                                    <\/ul>\r\n            <div class=\"space\"><\/div>\r\n        <\/div>\r\n    <\/div>\r\n    [\/vc_column][\/vc_row]<\/p>\n<\/div>","protected":false},"excerpt":{"rendered":"<p>[vc_row el_id=&#8221;kc-top&#8221; classes=&#8221;part-fullsection section-kc-topics bg-color10 bg-pattern full-width&#8221;][vc_column][vc_wp_text] For Advertisers For Publishers Glossary GDPR [\/vc_wp_text][\/vc_column][\/vc_row][vc_row el_id=&#8221;kc-content&#8221;][vc_column][\/vc_column][\/vc_row]<\/p>\n","protected":false},"author":69,"featured_media":0,"parent":13466,"menu_order":0,"comment_status":"closed","ping_status":"closed","template":"","meta":{"inline_featured_image":false,"_monsterinsights_skip_tracking":false,"_monsterinsights_sitenote_active":false,"_monsterinsights_sitenote_note":"","_monsterinsights_sitenote_category":0,"footnotes":""},"class_list":["post-13481","page","type-page","status-publish","hentry"],"yoast_head":"<!-- This site is optimized with the Yoast SEO Premium plugin v27.0 (Yoast SEO v27.0) - https:\/\/yoast.com\/product\/yoast-seo-premium-wordpress\/ -->\n<title>Publishers Knowledge Centre | TradeTracker<\/title>\n<meta name=\"description\" content=\"Optimise the way you employ campaigns by getting a better understanding of the TradeTracker platform and its tools.\" \/>\n<meta name=\"robots\" content=\"index, follow, max-snippet:-1, max-image-preview:large, max-video-preview:-1\" \/>\n<link rel=\"canonical\" href=\"https:\/\/tradetracker.com\/fi\/wp-json\/wp\/v2\/pages\/13481\/\" \/>\n<meta property=\"og:locale\" content=\"fi_FI\" \/>\n<meta property=\"og:type\" content=\"article\" \/>\n<meta property=\"og:title\" content=\"Saanko apua tarvittaessa? TradeTracker.com\" \/>\n<meta property=\"og:description\" content=\"Optimise the way you employ campaigns by getting a better\" \/>\n<meta property=\"og:url\" content=\"https:\/\/tradetracker.com\/fi\/mainostajan-tietopankki\/for-publishers\/\" \/>\n<meta property=\"og:site_name\" content=\"TradeTracker.com | Affiliate Marketing | Performance Marketing\" \/>\n<meta property=\"article:publisher\" content=\"https:\/\/www.facebook.com\/tradetrackercom\" \/>\n<meta property=\"article:modified_time\" content=\"2021-12-22T12:24:37+00:00\" \/>\n<meta property=\"og:image\" content=\"https:\/\/tradetracker.com\/wp-content\/uploads\/2019\/12\/tradetracker-logo-square.png\" \/>\n\t<meta property=\"og:image:width\" content=\"250\" \/>\n\t<meta property=\"og:image:height\" content=\"250\" \/>\n\t<meta property=\"og:image:type\" content=\"image\/png\" \/>\n<meta name=\"twitter:card\" content=\"summary_large_image\" \/>\n<meta name=\"twitter:title\" content=\"Saanko apua tarvittaessa?\" \/>\n<meta name=\"twitter:description\" content=\"Totta kai! Haluamme tarjota markkinoiden parhaan k\u00e4ytt\u00f6liittym\u00e4n kumppanuusverkostoa varten. Olemme panostaneet \" \/>\n<meta name=\"twitter:image\" content=\"https:\/\/tradetracker.com\/assets\/tt-circles.png\" \/>\n<meta name=\"twitter:site\" content=\"@tradetrackercom\" \/>\n<script type=\"application\/ld+json\" class=\"yoast-schema-graph\">{\"@context\":\"https:\/\/schema.org\",\"@graph\":[{\"@type\":\"WebPage\",\"@id\":\"https:\/\/tradetracker.com\/fi\/mainostajan-tietopankki\/for-publishers\/\",\"url\":\"https:\/\/tradetracker.com\/fi\/mainostajan-tietopankki\/for-publishers\/\",\"name\":\"Publishers Knowledge Centre | TradeTracker\",\"isPartOf\":{\"@id\":\"https:\/\/tradetracker.com\/fi\/#website\"},\"datePublished\":\"2017-02-09T13:12:46+00:00\",\"dateModified\":\"2021-12-22T12:24:37+00:00\",\"description\":\"Optimise the way you employ campaigns by getting a better understanding of the TradeTracker platform and its tools.\",\"breadcrumb\":{\"@id\":\"https:\/\/tradetracker.com\/fi\/mainostajan-tietopankki\/for-publishers\/#breadcrumb\"},\"inLanguage\":\"fi-FI\",\"potentialAction\":[{\"@type\":\"ReadAction\",\"target\":[\"https:\/\/tradetracker.com\/fi\/mainostajan-tietopankki\/for-publishers\/\"]}]},{\"@type\":\"BreadcrumbList\",\"@id\":\"https:\/\/tradetracker.com\/fi\/mainostajan-tietopankki\/for-publishers\/#breadcrumb\",\"itemListElement\":[{\"@type\":\"ListItem\",\"position\":1,\"name\":\"Home\",\"item\":\"https:\/\/tradetracker.com\/fi\/\"},{\"@type\":\"ListItem\",\"position\":2,\"name\":\"Tietopankki\",\"item\":\"https:\/\/tradetracker.com\/fi\/mainostajan-tietopankki\/\"},{\"@type\":\"ListItem\",\"position\":3,\"name\":\"For Publishers\"}]},{\"@type\":\"WebSite\",\"@id\":\"https:\/\/tradetracker.com\/fi\/#website\",\"url\":\"https:\/\/tradetracker.com\/fi\/\",\"name\":\"TradeTracker.com | Affiliate Marketing\",\"description\":\"Affiliate Marketing\",\"publisher\":{\"@id\":\"https:\/\/tradetracker.com\/fi\/#organization\"},\"potentialAction\":[{\"@type\":\"SearchAction\",\"target\":{\"@type\":\"EntryPoint\",\"urlTemplate\":\"https:\/\/tradetracker.com\/fi\/?s={search_term_string}\"},\"query-input\":{\"@type\":\"PropertyValueSpecification\",\"valueRequired\":true,\"valueName\":\"search_term_string\"}}],\"inLanguage\":\"fi-FI\"},{\"@type\":\"Organization\",\"@id\":\"https:\/\/tradetracker.com\/fi\/#organization\",\"name\":\"TradeTracker FZ LLC\",\"url\":\"https:\/\/tradetracker.com\/fi\/\",\"logo\":{\"@type\":\"ImageObject\",\"inLanguage\":\"fi-FI\",\"@id\":\"https:\/\/tradetracker.com\/fi\/#\/schema\/logo\/image\/\",\"url\":\"https:\/\/tradetracker.com\/wp-content\/uploads\/2019\/04\/tradetracker-logo_1.jpg\",\"contentUrl\":\"https:\/\/tradetracker.com\/wp-content\/uploads\/2019\/04\/tradetracker-logo_1.jpg\",\"width\":672,\"height\":109,\"caption\":\"TradeTracker FZ LLC\"},\"image\":{\"@id\":\"https:\/\/tradetracker.com\/fi\/#\/schema\/logo\/image\/\"},\"sameAs\":[\"https:\/\/www.facebook.com\/tradetrackercom\",\"https:\/\/x.com\/tradetrackercom\",\"https:\/\/www.linkedin.com\/company\/tradetrackercom\",\"https:\/\/www.youtube.com\/channel\/UCHiq-oir3qOorxO-8nLjIcQ\"],\"description\":\"TradeTracker is a global affiliate marketing platform that connects advertisers and publishers to create successful online campaigns. With its user-friendly interface, advanced tracking technology, and real-time reporting, TradeTracker provides the tools to optimize performance and boost conversions. Operating in over 20 countries, TradeTracker is renowned for its transparency, innovative solutions, and personalized support. It has been consistently chosen as the leading affiliate network worldwide, a testament to its excellence in the industry. Advertisers benefit from access to a vast network of publishers, while publishers enjoy a diverse range of campaigns and attractive earning opportunities. The platform continues to revolutionize the affiliate marketing industry with technologies like Real Attribution, ensuring fair commission distribution. TradeTracker empowers businesses to achieve their online no cure no pay advertising goals efficiently and effectively. With superior technology, unparalleled customer service, and innovative solutions, TradeTracker consistently outperforms competitors like Awin, TradeDoubler, CJ, and Webgains, making it the preferred choice for advertisers and publishers worldwide.\",\"legalName\":\"TradeTracker.com\",\"foundingDate\":\"2004-03-05\",\"numberOfEmployees\":{\"@type\":\"QuantitativeValue\",\"minValue\":\"201\",\"maxValue\":\"500\"}}]}<\/script>\n<!-- \/ Yoast SEO Premium plugin. -->","yoast_head_json":{"title":"Publishers Knowledge Centre | TradeTracker","description":"Optimise the way you employ campaigns by getting a better understanding of the TradeTracker platform and its tools.","robots":{"index":"index","follow":"follow","max-snippet":"max-snippet:-1","max-image-preview":"max-image-preview:large","max-video-preview":"max-video-preview:-1"},"canonical":"https:\/\/tradetracker.com\/fi\/wp-json\/wp\/v2\/pages\/13481\/","og_locale":"fi_FI","og_type":"article","og_title":"Saanko apua tarvittaessa? TradeTracker.com","og_description":"Optimise the way you employ campaigns by getting a better","og_url":"https:\/\/tradetracker.com\/fi\/mainostajan-tietopankki\/for-publishers\/","og_site_name":"TradeTracker.com | Affiliate Marketing | Performance Marketing","article_publisher":"https:\/\/www.facebook.com\/tradetrackercom","article_modified_time":"2021-12-22T12:24:37+00:00","og_image":[{"width":250,"height":250,"url":"https:\/\/tradetracker.com\/wp-content\/uploads\/2019\/12\/tradetracker-logo-square.png","type":"image\/png"}],"twitter_card":"summary_large_image","twitter_title":"Saanko apua tarvittaessa?","twitter_description":"Totta kai! Haluamme tarjota markkinoiden parhaan k\u00e4ytt\u00f6liittym\u00e4n kumppanuusverkostoa varten. Olemme panostaneet ","twitter_image":"https:\/\/tradetracker.com\/assets\/tt-circles.png","twitter_site":"@tradetrackercom","schema":{"@context":"https:\/\/schema.org","@graph":[{"@type":"WebPage","@id":"https:\/\/tradetracker.com\/fi\/mainostajan-tietopankki\/for-publishers\/","url":"https:\/\/tradetracker.com\/fi\/mainostajan-tietopankki\/for-publishers\/","name":"Publishers Knowledge Centre | TradeTracker","isPartOf":{"@id":"https:\/\/tradetracker.com\/fi\/#website"},"datePublished":"2017-02-09T13:12:46+00:00","dateModified":"2021-12-22T12:24:37+00:00","description":"Optimise the way you employ campaigns by getting a better understanding of the TradeTracker platform and its tools.","breadcrumb":{"@id":"https:\/\/tradetracker.com\/fi\/mainostajan-tietopankki\/for-publishers\/#breadcrumb"},"inLanguage":"fi-FI","potentialAction":[{"@type":"ReadAction","target":["https:\/\/tradetracker.com\/fi\/mainostajan-tietopankki\/for-publishers\/"]}]},{"@type":"BreadcrumbList","@id":"https:\/\/tradetracker.com\/fi\/mainostajan-tietopankki\/for-publishers\/#breadcrumb","itemListElement":[{"@type":"ListItem","position":1,"name":"Home","item":"https:\/\/tradetracker.com\/fi\/"},{"@type":"ListItem","position":2,"name":"Tietopankki","item":"https:\/\/tradetracker.com\/fi\/mainostajan-tietopankki\/"},{"@type":"ListItem","position":3,"name":"For Publishers"}]},{"@type":"WebSite","@id":"https:\/\/tradetracker.com\/fi\/#website","url":"https:\/\/tradetracker.com\/fi\/","name":"TradeTracker.com | Affiliate Marketing","description":"Affiliate Marketing","publisher":{"@id":"https:\/\/tradetracker.com\/fi\/#organization"},"potentialAction":[{"@type":"SearchAction","target":{"@type":"EntryPoint","urlTemplate":"https:\/\/tradetracker.com\/fi\/?s={search_term_string}"},"query-input":{"@type":"PropertyValueSpecification","valueRequired":true,"valueName":"search_term_string"}}],"inLanguage":"fi-FI"},{"@type":"Organization","@id":"https:\/\/tradetracker.com\/fi\/#organization","name":"TradeTracker FZ LLC","url":"https:\/\/tradetracker.com\/fi\/","logo":{"@type":"ImageObject","inLanguage":"fi-FI","@id":"https:\/\/tradetracker.com\/fi\/#\/schema\/logo\/image\/","url":"https:\/\/tradetracker.com\/wp-content\/uploads\/2019\/04\/tradetracker-logo_1.jpg","contentUrl":"https:\/\/tradetracker.com\/wp-content\/uploads\/2019\/04\/tradetracker-logo_1.jpg","width":672,"height":109,"caption":"TradeTracker FZ LLC"},"image":{"@id":"https:\/\/tradetracker.com\/fi\/#\/schema\/logo\/image\/"},"sameAs":["https:\/\/www.facebook.com\/tradetrackercom","https:\/\/x.com\/tradetrackercom","https:\/\/www.linkedin.com\/company\/tradetrackercom","https:\/\/www.youtube.com\/channel\/UCHiq-oir3qOorxO-8nLjIcQ"],"description":"TradeTracker is a global affiliate marketing platform that connects advertisers and publishers to create successful online campaigns. With its user-friendly interface, advanced tracking technology, and real-time reporting, TradeTracker provides the tools to optimize performance and boost conversions. Operating in over 20 countries, TradeTracker is renowned for its transparency, innovative solutions, and personalized support. It has been consistently chosen as the leading affiliate network worldwide, a testament to its excellence in the industry. Advertisers benefit from access to a vast network of publishers, while publishers enjoy a diverse range of campaigns and attractive earning opportunities. The platform continues to revolutionize the affiliate marketing industry with technologies like Real Attribution, ensuring fair commission distribution. TradeTracker empowers businesses to achieve their online no cure no pay advertising goals efficiently and effectively. With superior technology, unparalleled customer service, and innovative solutions, TradeTracker consistently outperforms competitors like Awin, TradeDoubler, CJ, and Webgains, making it the preferred choice for advertisers and publishers worldwide.","legalName":"TradeTracker.com","foundingDate":"2004-03-05","numberOfEmployees":{"@type":"QuantitativeValue","minValue":"201","maxValue":"500"}}]}},"_links":{"self":[{"href":"https:\/\/tradetracker.com\/fi\/wp-json\/wp\/v2\/pages\/13481","targetHints":{"allow":["GET"]}}],"collection":[{"href":"https:\/\/tradetracker.com\/fi\/wp-json\/wp\/v2\/pages"}],"about":[{"href":"https:\/\/tradetracker.com\/fi\/wp-json\/wp\/v2\/types\/page"}],"author":[{"embeddable":true,"href":"https:\/\/tradetracker.com\/fi\/wp-json\/wp\/v2\/users\/69"}],"replies":[{"embeddable":true,"href":"https:\/\/tradetracker.com\/fi\/wp-json\/wp\/v2\/comments?post=13481"}],"version-history":[{"count":0,"href":"https:\/\/tradetracker.com\/fi\/wp-json\/wp\/v2\/pages\/13481\/revisions"}],"up":[{"embeddable":true,"href":"https:\/\/tradetracker.com\/fi\/wp-json\/wp\/v2\/pages\/13466"}],"wp:attachment":[{"href":"https:\/\/tradetracker.com\/fi\/wp-json\/wp\/v2\/media?parent=13481"}],"curies":[{"name":"wp","href":"https:\/\/api.w.org\/{rel}","templated":true}]}}