{"id":13511,"date":"2017-01-02T08:02:57","date_gmt":"2017-01-02T08:02:57","guid":{"rendered":"https:\/\/tradetracker.com\/fi\/international-reach\/"},"modified":"2025-01-17T16:53:05","modified_gmt":"2025-01-17T16:53:05","slug":"kansainvalisyys","status":"publish","type":"page","link":"https:\/\/tradetracker.com\/fi\/kansainvalisyys\/","title":{"rendered":"International Reach"},"content":{"rendered":"<div class=\"wpb-content-wrapper\"><p>[vc_row classes=&#8221;static-page-intro reach-page&#8221;][vc_column]<div class=\"row\"><div class=\"vc_col-sm-12\"><div class=\" static-page-intro-text \"><h1  class=\"\">KANSAINV\u00c4LINEN ULOTTUVUUS<\/h1><h2  class=\"\">Toimimme kansainv\u00e4lisesti, joten yrityksesi saa n\u00e4kyvyytt\u00e4 my\u00f6s kansainv\u00e4lisilt\u00e4 markkinoilta.<\/h2><\/div>\r\n        <\/div>\r\n    <\/div>[\/vc_column][\/vc_row][vc_row classes=&#8221;agencies-benefits bg-pattern&#8221;][vc_column]<div class=\"space\"><\/div>[vc_row_inner][vc_column_inner][vc_wp_text title=&#8221;Kansainv\u00e4lisen ulottuvuuden edut&#8221;]<\/p>\n<p>Mit\u00e4 suurempi yleis\u00f6, sit\u00e4 helpmmin l\u00f6yd\u00e4t kiinnostuneet kumppanit. Verkostomme ulottuu markkina-alueille, joille et ehk\u00e4 p\u00e4\u00e4se muiden palveluntarjoajien avulla. N\u00e4in voit esitell\u00e4 yrityst\u00e4si entist\u00e4 laajemmalla kiinnostuneelle yleis\u00f6lle. Laajenna toimintaasi uusille alueille ja anna TradeTrackerin kasvattaa liikevaihtoasi eri maissa.<\/p>\n<p>[\/vc_wp_text][\/vc_column_inner][\/vc_row_inner]<div class=\"space\"><\/div>[vc_row_inner][vc_column_inner width=&#8221;1\/2&#8243;][vc_wp_text title=&#8221;Runsaasti toimipisteit\u00e4&#8221;]Meill\u00e4 on toimipisteet 18 maassa, joten voimme tarjota kaikille yhteisty\u00f6kumppaneillemme paikallista asiantuntemusta ja henkil\u00f6kohtaista palvelua. Sinun on helppoa puhua henkil\u00f6kuntamme kanssa riippumatta siit\u00e4, miss\u00e4 olet ja mist\u00e4 alueesta olet kiinnostunut.[\/vc_wp_text][\/vc_column_inner][vc_column_inner width=&#8221;1\/2&#8243;][vc_wp_text title=&#8221;Paikallistuntemus&#8221;]Puhumme samaa kielt\u00e4 kuin yleis\u00f6si, joten tied\u00e4mme, mik\u00e4 heit\u00e4 motivoi ja miten heit\u00e4 kannattaa l\u00e4hesty\u00e4. Anna paikallisen asiantuntijamme auttaa sinua.[\/vc_wp_text][\/vc_column_inner][\/vc_row_inner]<div class=\"space\"><\/div>[vc_row_inner][vc_column_inner width=&#8221;1\/2&#8243;][vc_wp_text title=&#8221;Helppo toteutus&#8221;]Voit laajentaa kampanjasi muihin maihin yksinkertaisesti ilmoittamalla asiasta account managerillesi. H\u00e4n huolehtii yhteydenotoista kohdemaahan ja ryhtyy kaikkiin tarvittaviin toimiin. Uudet toimintosi ovat k\u00e4ytett\u00e4viss\u00e4 samalla k\u00e4ytt\u00e4j\u00e4tunnuksella ja samassa k\u00e4ytt\u00f6liittym\u00e4ss\u00e4, joten niiden k\u00e4ytt\u00e4minen on helppoa.[\/vc_wp_text][\/vc_column_inner][vc_column_inner width=&#8221;1\/2&#8243;][vc_wp_text title=&#8221;Uusien markkinoiden tavoittaminen&#8221;]Olet ehk\u00e4 jo valloittanut oman markkina-alueesi, mutta muissa maissa on paljon mahdollisuuksia, jotka odottavat hy\u00f6dynt\u00e4mist\u00e4. Tee rahaa kehittyvill\u00e4 markkinoilla tai t\u00e4yt\u00e4 tyhji\u00f6 maassa, jossa kukaan ei tee sit\u00e4, mit\u00e4 sin\u00e4 teet. Sin\u00e4 itse luot tarpeen.[\/vc_wp_text][\/vc_column_inner][\/vc_row_inner]<div class=\"space\"><\/div>[\/vc_column][\/vc_row][vc_row classes=&#8221;cta ctamerch&#8221; el_id=&#8221;ctaaam&#8221;][vc_column]<div class=\"row\"><div class=\"vc_col-sm-12\"><h2 class=\"get_started\" >Oletko valmis tutustumaan kansainv\u00e4lisiin mahdollisuuksiin?<\/h2><p >Hypp\u00e4\u00e4 mukaan, niin n\u00e4et mahdollisuudet. Keskustele kanssamme k\u00e4ytett\u00e4viss\u00e4 olevista vaihtoehdoista.<\/p>        <ul class=\"cta-items\">\r\n                        <li>\r\n                <a                    class=\"cta-advertiser-signup\"                                      href=\"https:\/\/tradetracker.com\/fi\/contact-us\/\"                                   >\r\n                    Pyyd\u00e4 esittely\u00e4                <\/a>\r\n            <\/li>\r\n                        \r\n                        <li>\r\n                <a                    class=\"cta-advertiser-signup\"                                      href=\"https:\/\/merchant.tradetracker.com\/portal\/advertiserBrochure?loc=fi_FI\"                                   >\r\n                    Pyyd\u00e4 mainostajan esitett\u00e4                <\/a>\r\n            <\/li>\r\n                    <\/ul>\r\n        <\/div><\/div>[\/vc_column][\/vc_row]<\/p>\n<\/div>","protected":false},"excerpt":{"rendered":"<p>[vc_row classes=&#8221;static-page-intro reach-page&#8221;][vc_column][\/vc_column][\/vc_row][vc_row classes=&#8221;agencies-benefits bg-pattern&#8221;][vc_column][vc_row_inner][vc_column_inner][vc_wp_text title=&#8221;Kansainv\u00e4lisen ulottuvuuden edut&#8221;] Mit\u00e4 suurempi yleis\u00f6, sit\u00e4 helpmmin l\u00f6yd\u00e4t kiinnostuneet kumppanit. Verkostomme ulottuu markkina-alueille, joille et ehk\u00e4 p\u00e4\u00e4se muiden palveluntarjoajien avulla. N\u00e4in voit esitell\u00e4 yrityst\u00e4si entist\u00e4 laajemmalla kiinnostuneelle yleis\u00f6lle. Laajenna toimintaasi uusille alueille ja anna TradeTrackerin kasvattaa liikevaihtoasi eri maissa. [\/vc_wp_text][\/vc_column_inner][\/vc_row_inner][vc_row_inner][vc_column_inner width=&#8221;1\/2&#8243;][vc_wp_text title=&#8221;Runsaasti toimipisteit\u00e4&#8221;]Meill\u00e4 on toimipisteet 18 maassa, joten voimme  [&#8230;]<\/p>\n","protected":false},"author":69,"featured_media":0,"parent":0,"menu_order":0,"comment_status":"closed","ping_status":"closed","template":"template-red.php","meta":{"inline_featured_image":false,"_monsterinsights_skip_tracking":false,"_monsterinsights_sitenote_active":false,"_monsterinsights_sitenote_note":"","_monsterinsights_sitenote_category":0,"footnotes":""},"class_list":["post-13511","page","type-page","status-publish","hentry"],"yoast_head":"<!-- This site is optimized with the Yoast SEO Premium plugin v27.0 (Yoast SEO v27.0) - https:\/\/yoast.com\/product\/yoast-seo-premium-wordpress\/ -->\n<title>International Reach - TradeTracker.com | Affiliate Marketing | Performance Marketing<\/title>\n<meta name=\"description\" content=\"[vc_row classes=&quot;static-page-intro reach-page&quot;][vc_column]KANSAINV\u00c4LINEN ULOTTUVUUSToimimme kansainv\u00e4lisesti, joten yrityksesi saa n\u00e4kyvyytt\u00e4 my\u00f6s kansainv\u00e4lisilt\u00e4 markkinoilta. [\/vc_column][\/vc_row][vc_row\" \/>\n<meta name=\"robots\" content=\"index, follow, max-snippet:-1, max-image-preview:large, max-video-preview:-1\" \/>\n<link rel=\"canonical\" href=\"https:\/\/tradetracker.com\/fi\/wp-json\/wp\/v2\/pages\/13511\/\" \/>\n<meta property=\"og:locale\" content=\"fi_FI\" \/>\n<meta property=\"og:type\" content=\"article\" \/>\n<meta property=\"og:title\" content=\"International Reach TradeTracker.com\" \/>\n<meta property=\"og:description\" content=\"[vc_row classes=&#8221;static-page-intro\" \/>\n<meta property=\"og:url\" content=\"https:\/\/tradetracker.com\/fi\/kansainvalisyys\/\" \/>\n<meta property=\"og:site_name\" content=\"TradeTracker.com | Affiliate Marketing | Performance Marketing\" \/>\n<meta property=\"article:publisher\" content=\"https:\/\/www.facebook.com\/tradetrackercom\" \/>\n<meta property=\"article:modified_time\" content=\"2025-01-17T16:53:05+00:00\" \/>\n<meta property=\"og:image\" content=\"https:\/\/tradetracker.com\/wp-content\/uploads\/2019\/12\/tradetracker-logo-square.png\" \/>\n\t<meta property=\"og:image:width\" content=\"250\" \/>\n\t<meta property=\"og:image:height\" content=\"250\" \/>\n\t<meta property=\"og:image:type\" content=\"image\/png\" \/>\n<meta name=\"twitter:card\" content=\"summary_large_image\" \/>\n<meta name=\"twitter:title\" content=\"International Reach\" \/>\n<meta name=\"twitter:description\" content=\"[vc_row classes=&quot;static-page-intro reach-page&quot;][vc_column]KANSAINV\u00c4LINEN ULOTTUVUUSToimimme kansainv\u00e4lisesti, joten \" \/>\n<meta name=\"twitter:image\" content=\"https:\/\/tradetracker.com\/assets\/tt-circles.png\" \/>\n<meta name=\"twitter:site\" content=\"@tradetrackercom\" \/>\n<meta name=\"twitter:label1\" content=\"Est. reading time\" \/>\n\t<meta name=\"twitter:data1\" content=\"1 minute\" \/>\n<script type=\"application\/ld+json\" class=\"yoast-schema-graph\">{\"@context\":\"https:\/\/schema.org\",\"@graph\":[{\"@type\":\"WebPage\",\"@id\":\"https:\/\/tradetracker.com\/fi\/kansainvalisyys\/\",\"url\":\"https:\/\/tradetracker.com\/fi\/kansainvalisyys\/\",\"name\":\"International Reach - TradeTracker.com | Affiliate Marketing | Performance Marketing\",\"isPartOf\":{\"@id\":\"https:\/\/tradetracker.com\/fi\/#website\"},\"datePublished\":\"2017-01-02T08:02:57+00:00\",\"dateModified\":\"2025-01-17T16:53:05+00:00\",\"breadcrumb\":{\"@id\":\"https:\/\/tradetracker.com\/fi\/kansainvalisyys\/#breadcrumb\"},\"inLanguage\":\"fi-FI\",\"potentialAction\":[{\"@type\":\"ReadAction\",\"target\":[\"https:\/\/tradetracker.com\/fi\/kansainvalisyys\/\"]}]},{\"@type\":\"BreadcrumbList\",\"@id\":\"https:\/\/tradetracker.com\/fi\/kansainvalisyys\/#breadcrumb\",\"itemListElement\":[{\"@type\":\"ListItem\",\"position\":1,\"name\":\"Home\",\"item\":\"https:\/\/tradetracker.com\/fi\/\"},{\"@type\":\"ListItem\",\"position\":2,\"name\":\"International Reach\"}]},{\"@type\":\"WebSite\",\"@id\":\"https:\/\/tradetracker.com\/fi\/#website\",\"url\":\"https:\/\/tradetracker.com\/fi\/\",\"name\":\"TradeTracker.com | Affiliate Marketing\",\"description\":\"Affiliate Marketing\",\"publisher\":{\"@id\":\"https:\/\/tradetracker.com\/fi\/#organization\"},\"potentialAction\":[{\"@type\":\"SearchAction\",\"target\":{\"@type\":\"EntryPoint\",\"urlTemplate\":\"https:\/\/tradetracker.com\/fi\/?s={search_term_string}\"},\"query-input\":{\"@type\":\"PropertyValueSpecification\",\"valueRequired\":true,\"valueName\":\"search_term_string\"}}],\"inLanguage\":\"fi-FI\"},{\"@type\":\"Organization\",\"@id\":\"https:\/\/tradetracker.com\/fi\/#organization\",\"name\":\"TradeTracker FZ LLC\",\"url\":\"https:\/\/tradetracker.com\/fi\/\",\"logo\":{\"@type\":\"ImageObject\",\"inLanguage\":\"fi-FI\",\"@id\":\"https:\/\/tradetracker.com\/fi\/#\/schema\/logo\/image\/\",\"url\":\"https:\/\/tradetracker.com\/wp-content\/uploads\/2019\/04\/tradetracker-logo_1.jpg\",\"contentUrl\":\"https:\/\/tradetracker.com\/wp-content\/uploads\/2019\/04\/tradetracker-logo_1.jpg\",\"width\":672,\"height\":109,\"caption\":\"TradeTracker FZ LLC\"},\"image\":{\"@id\":\"https:\/\/tradetracker.com\/fi\/#\/schema\/logo\/image\/\"},\"sameAs\":[\"https:\/\/www.facebook.com\/tradetrackercom\",\"https:\/\/x.com\/tradetrackercom\",\"https:\/\/www.linkedin.com\/company\/tradetrackercom\",\"https:\/\/www.youtube.com\/channel\/UCHiq-oir3qOorxO-8nLjIcQ\"],\"description\":\"TradeTracker is a global affiliate marketing platform that connects advertisers and publishers to create successful online campaigns. With its user-friendly interface, advanced tracking technology, and real-time reporting, TradeTracker provides the tools to optimize performance and boost conversions. Operating in over 20 countries, TradeTracker is renowned for its transparency, innovative solutions, and personalized support. It has been consistently chosen as the leading affiliate network worldwide, a testament to its excellence in the industry. Advertisers benefit from access to a vast network of publishers, while publishers enjoy a diverse range of campaigns and attractive earning opportunities. The platform continues to revolutionize the affiliate marketing industry with technologies like Real Attribution, ensuring fair commission distribution. TradeTracker empowers businesses to achieve their online no cure no pay advertising goals efficiently and effectively. With superior technology, unparalleled customer service, and innovative solutions, TradeTracker consistently outperforms competitors like Awin, TradeDoubler, CJ, and Webgains, making it the preferred choice for advertisers and publishers worldwide.\",\"legalName\":\"TradeTracker.com\",\"foundingDate\":\"2004-03-05\",\"numberOfEmployees\":{\"@type\":\"QuantitativeValue\",\"minValue\":\"201\",\"maxValue\":\"500\"}}]}<\/script>\n<!-- \/ Yoast SEO Premium plugin. -->","yoast_head_json":{"title":"International Reach - TradeTracker.com | Affiliate Marketing | Performance Marketing","description":"[vc_row classes=\"static-page-intro reach-page\"][vc_column]KANSAINV\u00c4LINEN ULOTTUVUUSToimimme kansainv\u00e4lisesti, joten yrityksesi saa n\u00e4kyvyytt\u00e4 my\u00f6s kansainv\u00e4lisilt\u00e4 markkinoilta. [\/vc_column][\/vc_row][vc_row","robots":{"index":"index","follow":"follow","max-snippet":"max-snippet:-1","max-image-preview":"max-image-preview:large","max-video-preview":"max-video-preview:-1"},"canonical":"https:\/\/tradetracker.com\/fi\/wp-json\/wp\/v2\/pages\/13511\/","og_locale":"fi_FI","og_type":"article","og_title":"International Reach TradeTracker.com","og_description":"[vc_row classes=&#8221;static-page-intro","og_url":"https:\/\/tradetracker.com\/fi\/kansainvalisyys\/","og_site_name":"TradeTracker.com | Affiliate Marketing | Performance Marketing","article_publisher":"https:\/\/www.facebook.com\/tradetrackercom","article_modified_time":"2025-01-17T16:53:05+00:00","og_image":[{"width":250,"height":250,"url":"https:\/\/tradetracker.com\/wp-content\/uploads\/2019\/12\/tradetracker-logo-square.png","type":"image\/png"}],"twitter_card":"summary_large_image","twitter_title":"International Reach","twitter_description":"[vc_row classes=\"static-page-intro reach-page\"][vc_column]KANSAINV\u00c4LINEN ULOTTUVUUSToimimme kansainv\u00e4lisesti, joten ","twitter_image":"https:\/\/tradetracker.com\/assets\/tt-circles.png","twitter_site":"@tradetrackercom","twitter_misc":{"Est. reading time":"1 minute"},"schema":{"@context":"https:\/\/schema.org","@graph":[{"@type":"WebPage","@id":"https:\/\/tradetracker.com\/fi\/kansainvalisyys\/","url":"https:\/\/tradetracker.com\/fi\/kansainvalisyys\/","name":"International Reach - TradeTracker.com | Affiliate Marketing | Performance Marketing","isPartOf":{"@id":"https:\/\/tradetracker.com\/fi\/#website"},"datePublished":"2017-01-02T08:02:57+00:00","dateModified":"2025-01-17T16:53:05+00:00","breadcrumb":{"@id":"https:\/\/tradetracker.com\/fi\/kansainvalisyys\/#breadcrumb"},"inLanguage":"fi-FI","potentialAction":[{"@type":"ReadAction","target":["https:\/\/tradetracker.com\/fi\/kansainvalisyys\/"]}]},{"@type":"BreadcrumbList","@id":"https:\/\/tradetracker.com\/fi\/kansainvalisyys\/#breadcrumb","itemListElement":[{"@type":"ListItem","position":1,"name":"Home","item":"https:\/\/tradetracker.com\/fi\/"},{"@type":"ListItem","position":2,"name":"International Reach"}]},{"@type":"WebSite","@id":"https:\/\/tradetracker.com\/fi\/#website","url":"https:\/\/tradetracker.com\/fi\/","name":"TradeTracker.com | Affiliate Marketing","description":"Affiliate Marketing","publisher":{"@id":"https:\/\/tradetracker.com\/fi\/#organization"},"potentialAction":[{"@type":"SearchAction","target":{"@type":"EntryPoint","urlTemplate":"https:\/\/tradetracker.com\/fi\/?s={search_term_string}"},"query-input":{"@type":"PropertyValueSpecification","valueRequired":true,"valueName":"search_term_string"}}],"inLanguage":"fi-FI"},{"@type":"Organization","@id":"https:\/\/tradetracker.com\/fi\/#organization","name":"TradeTracker FZ LLC","url":"https:\/\/tradetracker.com\/fi\/","logo":{"@type":"ImageObject","inLanguage":"fi-FI","@id":"https:\/\/tradetracker.com\/fi\/#\/schema\/logo\/image\/","url":"https:\/\/tradetracker.com\/wp-content\/uploads\/2019\/04\/tradetracker-logo_1.jpg","contentUrl":"https:\/\/tradetracker.com\/wp-content\/uploads\/2019\/04\/tradetracker-logo_1.jpg","width":672,"height":109,"caption":"TradeTracker FZ LLC"},"image":{"@id":"https:\/\/tradetracker.com\/fi\/#\/schema\/logo\/image\/"},"sameAs":["https:\/\/www.facebook.com\/tradetrackercom","https:\/\/x.com\/tradetrackercom","https:\/\/www.linkedin.com\/company\/tradetrackercom","https:\/\/www.youtube.com\/channel\/UCHiq-oir3qOorxO-8nLjIcQ"],"description":"TradeTracker is a global affiliate marketing platform that connects advertisers and publishers to create successful online campaigns. With its user-friendly interface, advanced tracking technology, and real-time reporting, TradeTracker provides the tools to optimize performance and boost conversions. Operating in over 20 countries, TradeTracker is renowned for its transparency, innovative solutions, and personalized support. It has been consistently chosen as the leading affiliate network worldwide, a testament to its excellence in the industry. Advertisers benefit from access to a vast network of publishers, while publishers enjoy a diverse range of campaigns and attractive earning opportunities. The platform continues to revolutionize the affiliate marketing industry with technologies like Real Attribution, ensuring fair commission distribution. TradeTracker empowers businesses to achieve their online no cure no pay advertising goals efficiently and effectively. With superior technology, unparalleled customer service, and innovative solutions, TradeTracker consistently outperforms competitors like Awin, TradeDoubler, CJ, and Webgains, making it the preferred choice for advertisers and publishers worldwide.","legalName":"TradeTracker.com","foundingDate":"2004-03-05","numberOfEmployees":{"@type":"QuantitativeValue","minValue":"201","maxValue":"500"}}]}},"_links":{"self":[{"href":"https:\/\/tradetracker.com\/fi\/wp-json\/wp\/v2\/pages\/13511","targetHints":{"allow":["GET"]}}],"collection":[{"href":"https:\/\/tradetracker.com\/fi\/wp-json\/wp\/v2\/pages"}],"about":[{"href":"https:\/\/tradetracker.com\/fi\/wp-json\/wp\/v2\/types\/page"}],"author":[{"embeddable":true,"href":"https:\/\/tradetracker.com\/fi\/wp-json\/wp\/v2\/users\/69"}],"replies":[{"embeddable":true,"href":"https:\/\/tradetracker.com\/fi\/wp-json\/wp\/v2\/comments?post=13511"}],"version-history":[{"count":1,"href":"https:\/\/tradetracker.com\/fi\/wp-json\/wp\/v2\/pages\/13511\/revisions"}],"predecessor-version":[{"id":1134740,"href":"https:\/\/tradetracker.com\/fi\/wp-json\/wp\/v2\/pages\/13511\/revisions\/1134740"}],"wp:attachment":[{"href":"https:\/\/tradetracker.com\/fi\/wp-json\/wp\/v2\/media?parent=13511"}],"curies":[{"name":"wp","href":"https:\/\/api.w.org\/{rel}","templated":true}]}}