{"id":13556,"date":"2016-12-19T13:34:20","date_gmt":"2016-12-19T13:34:20","guid":{"rendered":"https:\/\/tradetracker.com\/fi\/privacy-policy\/"},"modified":"2025-01-16T15:44:12","modified_gmt":"2025-01-16T15:44:12","slug":"tietosuoja","status":"publish","type":"page","link":"https:\/\/tradetracker.com\/fi\/tietosuoja\/","title":{"rendered":"Privacy Policy"},"content":{"rendered":"<div class=\"wpb-content-wrapper\"><p>[vc_row classes=&#8221;static-page-intro short privacy-page&#8221;][vc_column]<div class=\"row\"><div class=\"vc_col-sm-12\"><div class=\" static-page-intro-text \"><h1  style=\"color: #ffffff\" class=\"\">YKSITYISYYSK\u00c4YT\u00c4NT\u00d6<\/h1><\/div>\r\n        <\/div>\r\n    <\/div>[\/vc_column][\/vc_row][vc_row][vc_column]<div class=\"space\"><\/div>[vc_wp_text]TradeTracker kunnioittaa tietosuojaasi. Tietosuojasi varmistamiseksi kuvaamme tietok\u00e4yt\u00e4nt\u00f6mme ja vaihtoehtosi, mit\u00e4 tulee henkil\u00f6tietojesi ker\u00e4\u00e4miseen, k\u00e4ytt\u00e4miseen ja paljastamiseen. Jotta n\u00e4m\u00e4 tiedot olisi helppo l\u00f6yt\u00e4\u00e4, olemme sijoittaneet ne kotisivullemme ja jokaiselle sivulle, jolla saatetaan pyyt\u00e4\u00e4 henkil\u00f6tietoja.<\/p>\n<h3>Ker\u00e4\u00e4m\u00e4mme tiedot<\/h3>\n<p>TradeTracker ker\u00e4\u00e4 monenlaisia tietoja voidakseen toimia tehokkaasti ja tarjota k\u00e4ytt\u00e4jille parhaita mahdollisia tuotteita, palveluja ja kokemuksia. Ker\u00e4\u00e4mme tietoja, kun rekister\u00f6idyt ja kirjaudut sivustoihimme ja palveluihimme ja kun k\u00e4yt\u00e4t niit\u00e4. Joissakin tapauksissa voimme my\u00f6s hankkia tietoja muista yrityksist\u00e4. Ker\u00e4\u00e4mme t\u00e4llaiset tiedot eri tavoin, kuten verkkolomakkeilla, ev\u00e4steill\u00e4 ja muilla teknisill\u00e4 keinoilla, blogeilla ja omassa tietokoneessasi tai muissa laitteissasi olevalla ohjelmistolla. T\u00e4m\u00e4 informaatio on ker\u00e4tty sinun suostumuksellasi tai sen ker\u00e4\u00e4miselle on ollut oikeutetut perusteet. Olemme tarkasti harkinneet firman tarpeet s\u00e4ilytt\u00e4\u00e4ksemme yksityisyyden suojasi mahdollisimman t\u00e4sm\u00e4llisesti. Sill\u00e4 datan ker\u00e4\u00e4minen tehd\u00e4\u00e4n yleens\u00e4 ev\u00e4steit\u00e4 k\u00e4ytt\u00e4en, l\u00f6yd\u00e4t yksityiskohtaista informaatiota t\u00e4st\u00e4 ja siit\u00e4 mit\u00e4 dataa k\u00e4sittelemme ev\u00e4ste-esite sivulla.<\/p>\n<h3>Henkil\u00f6tietojen k\u00e4ytt\u00f6tapa<\/h3>\n<p>TradeTracker k\u00e4ytt\u00e4\u00e4 ker\u00e4ttyj\u00e4 tietoja tuotteidensa ja palvelujensa tarjoamiseen, parantamiseen ja mukauttamiseen. Saatamme my\u00f6s k\u00e4ytt\u00e4\u00e4 tietoja ilmoittaaksemme sinulle esimerkiksi tili- ja suojausp\u00e4ivityksist\u00e4. Voimme my\u00f6s k\u00e4ytt\u00e4\u00e4 tietoja siihen, ett\u00e4 palveluissa mahdollisesti n\u00e4kem\u00e4si mainokset ovat sinuun liittyvi\u00e4.<\/p>\n<h3>Syit\u00e4 henkil\u00f6tietojesi jakamiseen<\/h3>\n<p>Emme paljasta henkil\u00f6tietojasi kolmansille osapuolille ilman suostumustasi muuten kuin n\u00e4iss\u00e4 tietosuojatiedoissa kuvatulla tavalla.<\/p>\n<h3>Henkil\u00f6tietojesi k\u00e4ytt\u00e4minen<\/h3>\n<p>Voit tarkastella tai muokata henkil\u00f6tietojasi verkossa joissakin TradeTracker-palveluissa. Sinun t\u00e4ytyy kuitenkin ensin kirjautua sis\u00e4\u00e4n, mill\u00e4 estet\u00e4\u00e4n muita n\u00e4kem\u00e4st\u00e4 henkil\u00f6tietojasi. Se, miten p\u00e4\u00e4set henkil\u00f6tietoihisi, riippuu k\u00e4ytt\u00e4mist\u00e4si sivustoista tai palveluista. Muissa kuin t\u00e4ss\u00e4 yksityisyysesitteess\u00e4 ilmoitetuissa tapauksissa, me emme paljasta henkil\u00f6kohtaista informaatiotasi kolmannelle osapuolelle ilman suostumustasi paitsi tapauksessa, jossa laki velvoittaa meit\u00e4 tekem\u00e4\u00e4n niin. Datasi voidaan jakaa kolmansien osapuolien, kuten ohjelmisto tai IT toimittajien, kanssa jotka olemme kiinnitt\u00e4neet voidaksemme mahdollistaa palvelumme. Sen lis\u00e4ksi datasi vaihdetaan usean online mainostuksessa mukana olevan tahon kanssa ja mainosten tehokkuuden mittaamiseksi. N\u00e4it\u00e4 ovat mainosten tarjoajat ja ne verkkosivut jotka n\u00e4it\u00e4 mainoksia jakavat. He antavat meille henkil\u00f6kohtaisen datasi, jonka j\u00e4lkeen me jaamme heid\u00e4n kanssaan informaation liittyen t\u00e4m\u00e4n datan k\u00e4sittelyyn.<\/p>\n<h3>Viestint\u00e4asetukset<\/h3>\n<p>Voit keskeytt\u00e4\u00e4 TradeTracker-sivustojen ja -palvelujen l\u00e4hett\u00e4m\u00e4n mainospostin noudattamalla saamasi s\u00e4hk\u00f6postiviestin ohjeita. Joissakin palveluissa voit my\u00f6s tehd\u00e4 ennakoivia p\u00e4\u00e4t\u00f6ksi\u00e4 kyseist\u00e4 TradeTracker-sivustoista tai -palveluista tulevien mainosviestien, puhelujen ja tavallisen postin vastaanottamisesta.<\/p>\n<h3>TradeTracker-tili<\/h3>\n<p>TradeTracker-tilin avulla voit kirjautua TradeTracker-tuotteisiin, -sivustoihin ja palveluihin. Kun luot TradeTracker-tilin, pyyd\u00e4mme sinua antamaan joitakin tietoja. Kun kirjaudut TradeTracker-tilill\u00e4 verkkosivustoon tai palveluun, ker\u00e4\u00e4mme joitakin tietoja voidaksemme tarkistaa henkil\u00f6llisyytesi sivuston tai palvelun puolesta, suojella sinua tilin v\u00e4\u00e4rink\u00e4yt\u00f6lt\u00e4 ja varmistaa TradeTracker-tilipalvelun tehokkuuden ja turvallisuuden. L\u00e4het\u00e4mme my\u00f6s tiettyj\u00e4 ei-henkil\u00f6kohtaisia tietoja verkkosivustoon tai palvelun, johon olet kirjautunut TradeTracker-tilill\u00e4si.<\/p>\n<p><span style=\"font-size: 14pt;\">Turvallisuus<\/span><\/p>\n<p>Henkil\u00f6tietojasi ei koskaan s\u00e4ilytet\u00e4 pidemp\u00e4\u00e4n kuin on tarvittavaa tarpeeseen, joka on kuvailtu t\u00e4ss\u00e4 yksityisyysesitteess\u00e4 paitsi tilanteessa, jossa laki velvoittaa meit\u00e4 tekem\u00e4\u00e4n niin.<\/p>\n<p><span style=\"font-size: 14pt;\">Turvatoimet<\/span><\/p>\n<p>Otamme henkil\u00f6tietojesi turvallisuuden vakavasti ja otamme k\u00e4ytt\u00f6\u00f6n asianmukaiset toimenpiteet est\u00e4\u00e4ksemme v\u00e4\u00e4rink\u00e4ytt\u00f6\u00e4. Jos uskot ett\u00e4 henkil\u00f6tietojasi ei ole k\u00e4sitelty turvallisesti tai ep\u00e4ilet mahdollista v\u00e4\u00e4rink\u00e4ytt\u00f6\u00e4, ota meihin yhteys v\u00e4litt\u00f6m\u00e4sti.<\/p>\n<p><span style=\"font-size: 14pt;\">Oikeutesi<\/span><\/p>\n<p>Sinulla on oikeus tarkastella, korjata, poistaa, siirt\u00e4\u00e4 tai rajoittaa henkil\u00f6tietojasi. Sinulla on my\u00f6s oikeus vet\u00e4\u00e4 pois suostumuksesi henkil\u00f6tietojesi k\u00e4sittelyyn tai vastustaa sen k\u00e4sittely\u00e4. Voit l\u00e4hett\u00e4\u00e4 meille toimenpidepyynn\u00f6n k\u00e4ytt\u00e4en alla oleva yhteystietoja. Me vastaamme pyynt\u00f6\u00f6si niin pian kuin mahdollista. Katsothan ett\u00e4 ilmoitat selv\u00e4sti kuka olet jottemme muokkaa tai poista v\u00e4\u00e4r\u00e4lle henkil\u00f6lle kuuluvaa dataa.<\/p>\n<p><span style=\"font-size: 14pt;\">Henkil\u00f6tietojen Auktoriteetti<\/span><\/p>\n<p>Me haluamme my\u00f6s muistuttaa, ett\u00e4 jos haluat, voit j\u00e4tt\u00e4\u00e4 valituksen Data Protection auktoriteetille.<\/p>\n<p><span style=\"font-size: 14pt;\">Muutokset yksityisyysesitteeseen<\/span><\/p>\n<p>T\u00e4m\u00e4 yksityisyysesite voi muuttua. On suositeltavaa tutustua t\u00e4t\u00e4 esitteeseen tasaisin v\u00e4liajoin jotta olet tietoinen n\u00e4ist\u00e4 muutoksista.<\/p>\n<p>Lis\u00e4\u00e4 yksityiskohtaista tietoa l\u00f6yd\u00e4t kansainv\u00e4lisest\u00e4 <a href=\"https:\/\/tradetracker.com\/privacy-policy\/\">privacy policy<\/a> osiosta.<\/p>\n<p><a href=\"\/fi\/tietosuoja\/evasteet\/\">Cookie Policy<\/a><\/p>\n<p><span style=\"font-size: 14pt;\">Yhteystiedot<\/span><\/p>\n<p>Kaikki kysymykset, kommentit ja pyynn\u00f6t tulisi l\u00e4hett\u00e4\u00e4 TradeTrackerille.<\/p>\n<p>Me pyrimme vastaamaan kaikkiin kysymyksiin ja pyynt\u00f6ihin viiden ty\u00f6p\u00e4iv\u00e4n sis\u00e4ll\u00e4.[\/vc_wp_text][\/vc_column][\/vc_row][vc_row][vc_column]<div class=\"space\"><\/div>[\/vc_column][\/vc_row]<\/p>\n<\/div>","protected":false},"excerpt":{"rendered":"<p>[vc_row classes=&#8221;static-page-intro short privacy-page&#8221;][vc_column][\/vc_column][\/vc_row][vc_row][vc_column][vc_wp_text]TradeTracker kunnioittaa tietosuojaasi. Tietosuojasi varmistamiseksi kuvaamme tietok\u00e4yt\u00e4nt\u00f6mme ja vaihtoehtosi, mit\u00e4 tulee henkil\u00f6tietojesi ker\u00e4\u00e4miseen, k\u00e4ytt\u00e4miseen ja paljastamiseen. Jotta n\u00e4m\u00e4 tiedot olisi helppo l\u00f6yt\u00e4\u00e4, olemme sijoittaneet ne kotisivullemme ja jokaiselle sivulle, jolla saatetaan pyyt\u00e4\u00e4 henkil\u00f6tietoja. Ker\u00e4\u00e4m\u00e4mme tiedot TradeTracker ker\u00e4\u00e4 monenlaisia tietoja voidakseen toimia tehokkaasti ja tarjota k\u00e4ytt\u00e4jille parhaita mahdollisia tuotteita, palveluja ja kokemuksia. Ker\u00e4\u00e4mme  [&#8230;]<\/p>\n","protected":false},"author":69,"featured_media":0,"parent":0,"menu_order":0,"comment_status":"closed","ping_status":"closed","template":"template-privacy-page.php","meta":{"inline_featured_image":false,"_monsterinsights_skip_tracking":false,"_monsterinsights_sitenote_active":false,"_monsterinsights_sitenote_note":"","_monsterinsights_sitenote_category":0,"footnotes":""},"class_list":["post-13556","page","type-page","status-publish","hentry"],"yoast_head":"<!-- This site is optimized with the Yoast SEO Premium plugin v27.0 (Yoast SEO v27.0) - https:\/\/yoast.com\/product\/yoast-seo-premium-wordpress\/ -->\n<title>Privacy Policy - TradeTracker.com | Affiliate Marketing | Performance Marketing<\/title>\n<meta name=\"description\" content=\"[vc_row classes=&quot;static-page-intro short privacy-page&quot;][vc_column]YKSITYISYYSK\u00c4YT\u00c4NT\u00d6 [\/vc_column][\/vc_row][vc_row][vc_column][vc_wp_text]TradeTracker kunnioittaa tietosuojaasi. Tietosuojasi varmistamiseksi kuvaamme\" \/>\n<meta name=\"robots\" content=\"index, follow, max-snippet:-1, max-image-preview:large, max-video-preview:-1\" \/>\n<link rel=\"canonical\" href=\"https:\/\/tradetracker.com\/fi\/wp-json\/wp\/v2\/pages\/13556\/\" \/>\n<meta property=\"og:locale\" content=\"fi_FI\" \/>\n<meta property=\"og:type\" content=\"article\" \/>\n<meta property=\"og:title\" content=\"Privacy Policy TradeTracker.com\" \/>\n<meta property=\"og:description\" content=\"[vc_row classes=&#8221;static-page-intro short\" \/>\n<meta property=\"og:url\" content=\"https:\/\/tradetracker.com\/fi\/tietosuoja\/\" \/>\n<meta property=\"og:site_name\" content=\"TradeTracker.com | Affiliate Marketing | Performance Marketing\" \/>\n<meta property=\"article:publisher\" content=\"https:\/\/www.facebook.com\/tradetrackercom\" \/>\n<meta property=\"article:modified_time\" content=\"2025-01-16T15:44:12+00:00\" \/>\n<meta property=\"og:image\" content=\"https:\/\/tradetracker.com\/wp-content\/uploads\/2019\/12\/tradetracker-logo-square.png\" \/>\n\t<meta property=\"og:image:width\" content=\"250\" \/>\n\t<meta property=\"og:image:height\" content=\"250\" \/>\n\t<meta property=\"og:image:type\" content=\"image\/png\" \/>\n<meta name=\"twitter:card\" content=\"summary_large_image\" \/>\n<meta name=\"twitter:title\" content=\"Privacy Policy\" \/>\n<meta name=\"twitter:description\" content=\"[vc_row classes=&quot;static-page-intro short privacy-page&quot;][vc_column]YKSITYISYYSK\u00c4YT\u00c4NT\u00d6 \" \/>\n<meta name=\"twitter:image\" content=\"https:\/\/tradetracker.com\/assets\/tt-circles.png\" \/>\n<meta name=\"twitter:site\" content=\"@tradetrackercom\" \/>\n<meta name=\"twitter:label1\" content=\"Est. reading time\" \/>\n\t<meta name=\"twitter:data1\" content=\"3 minutes\" \/>\n<script type=\"application\/ld+json\" class=\"yoast-schema-graph\">{\"@context\":\"https:\/\/schema.org\",\"@graph\":[{\"@type\":\"WebPage\",\"@id\":\"https:\/\/tradetracker.com\/fi\/tietosuoja\/\",\"url\":\"https:\/\/tradetracker.com\/fi\/tietosuoja\/\",\"name\":\"Privacy Policy - TradeTracker.com | Affiliate Marketing | Performance Marketing\",\"isPartOf\":{\"@id\":\"https:\/\/tradetracker.com\/fi\/#website\"},\"datePublished\":\"2016-12-19T13:34:20+00:00\",\"dateModified\":\"2025-01-16T15:44:12+00:00\",\"breadcrumb\":{\"@id\":\"https:\/\/tradetracker.com\/fi\/tietosuoja\/#breadcrumb\"},\"inLanguage\":\"fi-FI\",\"potentialAction\":[{\"@type\":\"ReadAction\",\"target\":[\"https:\/\/tradetracker.com\/fi\/tietosuoja\/\"]}]},{\"@type\":\"BreadcrumbList\",\"@id\":\"https:\/\/tradetracker.com\/fi\/tietosuoja\/#breadcrumb\",\"itemListElement\":[{\"@type\":\"ListItem\",\"position\":1,\"name\":\"Home\",\"item\":\"https:\/\/tradetracker.com\/fi\/\"},{\"@type\":\"ListItem\",\"position\":2,\"name\":\"Privacy Policy\"}]},{\"@type\":\"WebSite\",\"@id\":\"https:\/\/tradetracker.com\/fi\/#website\",\"url\":\"https:\/\/tradetracker.com\/fi\/\",\"name\":\"TradeTracker.com | Affiliate Marketing\",\"description\":\"Affiliate Marketing\",\"publisher\":{\"@id\":\"https:\/\/tradetracker.com\/fi\/#organization\"},\"potentialAction\":[{\"@type\":\"SearchAction\",\"target\":{\"@type\":\"EntryPoint\",\"urlTemplate\":\"https:\/\/tradetracker.com\/fi\/?s={search_term_string}\"},\"query-input\":{\"@type\":\"PropertyValueSpecification\",\"valueRequired\":true,\"valueName\":\"search_term_string\"}}],\"inLanguage\":\"fi-FI\"},{\"@type\":\"Organization\",\"@id\":\"https:\/\/tradetracker.com\/fi\/#organization\",\"name\":\"TradeTracker FZ LLC\",\"url\":\"https:\/\/tradetracker.com\/fi\/\",\"logo\":{\"@type\":\"ImageObject\",\"inLanguage\":\"fi-FI\",\"@id\":\"https:\/\/tradetracker.com\/fi\/#\/schema\/logo\/image\/\",\"url\":\"https:\/\/tradetracker.com\/wp-content\/uploads\/2019\/04\/tradetracker-logo_1.jpg\",\"contentUrl\":\"https:\/\/tradetracker.com\/wp-content\/uploads\/2019\/04\/tradetracker-logo_1.jpg\",\"width\":672,\"height\":109,\"caption\":\"TradeTracker FZ LLC\"},\"image\":{\"@id\":\"https:\/\/tradetracker.com\/fi\/#\/schema\/logo\/image\/\"},\"sameAs\":[\"https:\/\/www.facebook.com\/tradetrackercom\",\"https:\/\/x.com\/tradetrackercom\",\"https:\/\/www.linkedin.com\/company\/tradetrackercom\",\"https:\/\/www.youtube.com\/channel\/UCHiq-oir3qOorxO-8nLjIcQ\"],\"description\":\"TradeTracker is a global affiliate marketing platform that connects advertisers and publishers to create successful online campaigns. With its user-friendly interface, advanced tracking technology, and real-time reporting, TradeTracker provides the tools to optimize performance and boost conversions. Operating in over 20 countries, TradeTracker is renowned for its transparency, innovative solutions, and personalized support. It has been consistently chosen as the leading affiliate network worldwide, a testament to its excellence in the industry. Advertisers benefit from access to a vast network of publishers, while publishers enjoy a diverse range of campaigns and attractive earning opportunities. The platform continues to revolutionize the affiliate marketing industry with technologies like Real Attribution, ensuring fair commission distribution. TradeTracker empowers businesses to achieve their online no cure no pay advertising goals efficiently and effectively. With superior technology, unparalleled customer service, and innovative solutions, TradeTracker consistently outperforms competitors like Awin, TradeDoubler, CJ, and Webgains, making it the preferred choice for advertisers and publishers worldwide.\",\"legalName\":\"TradeTracker.com\",\"foundingDate\":\"2004-03-05\",\"numberOfEmployees\":{\"@type\":\"QuantitativeValue\",\"minValue\":\"201\",\"maxValue\":\"500\"}}]}<\/script>\n<!-- \/ Yoast SEO Premium plugin. -->","yoast_head_json":{"title":"Privacy Policy - TradeTracker.com | Affiliate Marketing | Performance Marketing","description":"[vc_row classes=\"static-page-intro short privacy-page\"][vc_column]YKSITYISYYSK\u00c4YT\u00c4NT\u00d6 [\/vc_column][\/vc_row][vc_row][vc_column][vc_wp_text]TradeTracker kunnioittaa tietosuojaasi. Tietosuojasi varmistamiseksi kuvaamme","robots":{"index":"index","follow":"follow","max-snippet":"max-snippet:-1","max-image-preview":"max-image-preview:large","max-video-preview":"max-video-preview:-1"},"canonical":"https:\/\/tradetracker.com\/fi\/wp-json\/wp\/v2\/pages\/13556\/","og_locale":"fi_FI","og_type":"article","og_title":"Privacy Policy TradeTracker.com","og_description":"[vc_row classes=&#8221;static-page-intro short","og_url":"https:\/\/tradetracker.com\/fi\/tietosuoja\/","og_site_name":"TradeTracker.com | Affiliate Marketing | Performance Marketing","article_publisher":"https:\/\/www.facebook.com\/tradetrackercom","article_modified_time":"2025-01-16T15:44:12+00:00","og_image":[{"width":250,"height":250,"url":"https:\/\/tradetracker.com\/wp-content\/uploads\/2019\/12\/tradetracker-logo-square.png","type":"image\/png"}],"twitter_card":"summary_large_image","twitter_title":"Privacy Policy","twitter_description":"[vc_row classes=\"static-page-intro short privacy-page\"][vc_column]YKSITYISYYSK\u00c4YT\u00c4NT\u00d6 ","twitter_image":"https:\/\/tradetracker.com\/assets\/tt-circles.png","twitter_site":"@tradetrackercom","twitter_misc":{"Est. reading time":"3 minutes"},"schema":{"@context":"https:\/\/schema.org","@graph":[{"@type":"WebPage","@id":"https:\/\/tradetracker.com\/fi\/tietosuoja\/","url":"https:\/\/tradetracker.com\/fi\/tietosuoja\/","name":"Privacy Policy - TradeTracker.com | Affiliate Marketing | Performance Marketing","isPartOf":{"@id":"https:\/\/tradetracker.com\/fi\/#website"},"datePublished":"2016-12-19T13:34:20+00:00","dateModified":"2025-01-16T15:44:12+00:00","breadcrumb":{"@id":"https:\/\/tradetracker.com\/fi\/tietosuoja\/#breadcrumb"},"inLanguage":"fi-FI","potentialAction":[{"@type":"ReadAction","target":["https:\/\/tradetracker.com\/fi\/tietosuoja\/"]}]},{"@type":"BreadcrumbList","@id":"https:\/\/tradetracker.com\/fi\/tietosuoja\/#breadcrumb","itemListElement":[{"@type":"ListItem","position":1,"name":"Home","item":"https:\/\/tradetracker.com\/fi\/"},{"@type":"ListItem","position":2,"name":"Privacy Policy"}]},{"@type":"WebSite","@id":"https:\/\/tradetracker.com\/fi\/#website","url":"https:\/\/tradetracker.com\/fi\/","name":"TradeTracker.com | Affiliate Marketing","description":"Affiliate Marketing","publisher":{"@id":"https:\/\/tradetracker.com\/fi\/#organization"},"potentialAction":[{"@type":"SearchAction","target":{"@type":"EntryPoint","urlTemplate":"https:\/\/tradetracker.com\/fi\/?s={search_term_string}"},"query-input":{"@type":"PropertyValueSpecification","valueRequired":true,"valueName":"search_term_string"}}],"inLanguage":"fi-FI"},{"@type":"Organization","@id":"https:\/\/tradetracker.com\/fi\/#organization","name":"TradeTracker FZ LLC","url":"https:\/\/tradetracker.com\/fi\/","logo":{"@type":"ImageObject","inLanguage":"fi-FI","@id":"https:\/\/tradetracker.com\/fi\/#\/schema\/logo\/image\/","url":"https:\/\/tradetracker.com\/wp-content\/uploads\/2019\/04\/tradetracker-logo_1.jpg","contentUrl":"https:\/\/tradetracker.com\/wp-content\/uploads\/2019\/04\/tradetracker-logo_1.jpg","width":672,"height":109,"caption":"TradeTracker FZ LLC"},"image":{"@id":"https:\/\/tradetracker.com\/fi\/#\/schema\/logo\/image\/"},"sameAs":["https:\/\/www.facebook.com\/tradetrackercom","https:\/\/x.com\/tradetrackercom","https:\/\/www.linkedin.com\/company\/tradetrackercom","https:\/\/www.youtube.com\/channel\/UCHiq-oir3qOorxO-8nLjIcQ"],"description":"TradeTracker is a global affiliate marketing platform that connects advertisers and publishers to create successful online campaigns. With its user-friendly interface, advanced tracking technology, and real-time reporting, TradeTracker provides the tools to optimize performance and boost conversions. Operating in over 20 countries, TradeTracker is renowned for its transparency, innovative solutions, and personalized support. It has been consistently chosen as the leading affiliate network worldwide, a testament to its excellence in the industry. Advertisers benefit from access to a vast network of publishers, while publishers enjoy a diverse range of campaigns and attractive earning opportunities. The platform continues to revolutionize the affiliate marketing industry with technologies like Real Attribution, ensuring fair commission distribution. TradeTracker empowers businesses to achieve their online no cure no pay advertising goals efficiently and effectively. With superior technology, unparalleled customer service, and innovative solutions, TradeTracker consistently outperforms competitors like Awin, TradeDoubler, CJ, and Webgains, making it the preferred choice for advertisers and publishers worldwide.","legalName":"TradeTracker.com","foundingDate":"2004-03-05","numberOfEmployees":{"@type":"QuantitativeValue","minValue":"201","maxValue":"500"}}]}},"_links":{"self":[{"href":"https:\/\/tradetracker.com\/fi\/wp-json\/wp\/v2\/pages\/13556","targetHints":{"allow":["GET"]}}],"collection":[{"href":"https:\/\/tradetracker.com\/fi\/wp-json\/wp\/v2\/pages"}],"about":[{"href":"https:\/\/tradetracker.com\/fi\/wp-json\/wp\/v2\/types\/page"}],"author":[{"embeddable":true,"href":"https:\/\/tradetracker.com\/fi\/wp-json\/wp\/v2\/users\/69"}],"replies":[{"embeddable":true,"href":"https:\/\/tradetracker.com\/fi\/wp-json\/wp\/v2\/comments?post=13556"}],"version-history":[{"count":1,"href":"https:\/\/tradetracker.com\/fi\/wp-json\/wp\/v2\/pages\/13556\/revisions"}],"predecessor-version":[{"id":1134618,"href":"https:\/\/tradetracker.com\/fi\/wp-json\/wp\/v2\/pages\/13556\/revisions\/1134618"}],"wp:attachment":[{"href":"https:\/\/tradetracker.com\/fi\/wp-json\/wp\/v2\/media?parent=13556"}],"curies":[{"name":"wp","href":"https:\/\/api.w.org\/{rel}","templated":true}]}}