{"id":13571,"date":"2016-12-25T09:57:41","date_gmt":"2016-12-25T09:57:41","guid":{"rendered":"https:\/\/tradetracker.com\/fi\/publisher-qualifications\/"},"modified":"2021-12-09T16:27:28","modified_gmt":"2021-12-09T16:27:28","slug":"edellytykset-julkaisjalle","status":"publish","type":"page","link":"https:\/\/tradetracker.com\/fi\/edellytykset-julkaisjalle\/","title":{"rendered":"Julkaisijoille"},"content":{"rendered":"<div class=\"wpb-content-wrapper\"><p>[vc_row classes=&#8221; static-page-intro pub-requirements&#8221;][vc_column]<div class=\"row\"><div class=\"vc_col-sm-12\"><div class=\" static-page-intro-text \"><h1  style=\"color: #ffffff\" class=\"\">JULKAISIJAN OMINAISUUDET<\/h1><h2  style=\"color: #ffffff\" class=\"\">Jotta verkostomme pysyy laadukkaana, edellyt\u00e4mme uusilta j\u00e4senilt\u00e4 tiettyj\u00e4 ominaisuuksia.<\/p>\n<p>Olemme listanneet keskeiset ominaisuudet, jotka varmistavat, ett\u00e4 olet kelvollinen ehdokas TradeTracker-verkostoon.<\/h2><\/div>\r\n        <\/div>\r\n    <\/div>[\/vc_column][\/vc_row][vc_row][vc_column]<div class=\"space\"><\/div>[vc_raw_html]JTNDcCUyMGNsYXNzJTNEJTIyaGVhZGxpbmUtcGFyYWdyYXBoJTIyJTNFVHJhZGVUcmFja2VyJTIwb24lMjBpbG9pbmVuJTIwdm9pZGVzc2FhbiUyMG9sbGElMjB5aHRlaXN0eSVDMyVCNnNzJUMzJUE0JTIwYXNpYWxsZWVuJTIwb21pc3RhdXR1bmVlbiUyMGp1bGthaXNpamFuJTIwa2Fuc3NhJTIwb2xpcGElMjBzaXR0ZW4lMjBreXNlJTIwdG9pbWludGFhbnNhJTIwYWxvaXR0ZWxldmFzdGElMjBqdWxrYWlzaWphc3RhJTJDJTIwa29rZW5lZXN0YSUyMGtva29haWthaXNlc3RhJTIwanVsa2Fpc2lqYXN0YSUyMHRhaSUyMHN1dXJlc3RhJTIweXJpdHlrc2VzdCVDMyVBNC4lMjBKb3R0YSUyMHNpbnVhJTIwdm9pZGFhbiUyMHBpdCVDMyVBNCVDMyVBNCUyMGFydm9ra2FhbmElMjBqdWxrYWlzaWphbmElMkMlMjBqb25rYSUyMGthbnNzYSUyMGt1a2ElMjB0YWhhbnNhJTIwanVsa2Fpc2lqYSUyMGhhbHVhYSUyMHRlaGQlQzMlQTQlMjB0JUMzJUI2aXQlQzMlQTQlMkMlMjBzaW51bGxhJTIwb24lMjBvbHRhdmElMjBzZXVyYWF2YXQlMjBvbWluYWlzdXVkZXQlM0ElMjAlM0MlMkZwJTNF[\/vc_raw_html]<div class=\"space\"><\/div>[vc_row_inner][vc_column_inner width=&#8221;1\/3&#8243;][vc_wp_text title=&#8221;Ole aktiivinen&#8221;]<\/p>\n<p>Pid\u00e4 huoli siit\u00e4, ett\u00e4 sinulla on aktiivinen sivusto, tietokanta tai muu sosiaalisen median kanava, jossa tuotat jatkuvasti uutta sis\u00e4lt\u00f6\u00e4. Kun laajennat n\u00e4kyvyytt\u00e4si ja yleis\u00f6si on piirteilt\u00e4\u00e4n tietynlainen, voit jatkaa sellaisen sis\u00e4ll\u00f6n kehitt\u00e4mist\u00e4, jota vierailijat etsiv\u00e4t ja odottavat l\u00f6yt\u00e4v\u00e4ns\u00e4. Vain silloin voit l\u00f6ytyy kampanjoita, joilla saat aikaan konversioita. Olet yritt\u00e4j\u00e4, jolla on visio ja joka keskittyy omaan alaansa.<\/p>\n<p>[\/vc_wp_text][\/vc_column_inner][vc_column_inner width=&#8221;1\/3&#8243;][vc_wp_text title=&#8221;Kohdistettu malli&#8221;]<\/p>\n<p>Tee kohdistettuja sivustoja, joilta selvi\u00e4\u00e4 heti millaista yleis\u00f6\u00e4 sivustosi houkuttelee. Mieti vastaukset seuraaviin kysymyksiin: Ketk\u00e4 kuuluvat kohderyhm\u00e4\u00e4si? Mit\u00e4 haluat viesti\u00e4? Mist\u00e4 vierailijat l\u00f6yt\u00e4v\u00e4t sis\u00e4lt\u00f6si? Miten sis\u00e4lt\u00f6\u00e4si pit\u00e4isi k\u00e4ytt\u00e4\u00e4? Miten aiot saada heid\u00e4t palaamaan? Laadit liiketoimintasuunnitelmaa, joka perustuu jatkuvaan ja kasvavaan toimintaan. Joudut kilpailemaan muiden kanssa, joten pysy liikkeess\u00e4.<\/p>\n<p>[\/vc_wp_text][\/vc_column_inner][vc_column_inner width=&#8221;1\/3&#8243;][vc_wp_text title=&#8221;Aina vain enemm\u00e4n&#8221;]<\/p>\n<p>Kuluttajien tarpeet muuttuvat jatkuvasti, ja samalla muuttuu my\u00f6s julkaisuymp\u00e4rist\u00f6. Voit toimia menestyksellisesti TradeTracker-kumppanina ja verkkoyritt\u00e4j\u00e4n\u00e4, kun muistat, ett\u00e4 sis\u00e4lt\u00f6\u00e4 tarvitaan aina nopeasti muuttuvassa ymp\u00e4rist\u00f6ss\u00e4, ett\u00e4 ulottuville tulee yh\u00e4 uusia kohderyhmi\u00e4 ja mahdollisuuksia ja ett\u00e4 hyv\u00e4ksi osoittautuneita k\u00e4yt\u00e4nt\u00f6j\u00e4 kattaa noudattaa jatkossakin. T\u00e4ht\u00e4\u00e4 korkealle, pyri asiantuntijaksi ja esittele asiat hyvin vierailijoillesi. He odottavat tyylik\u00e4st\u00e4 ymp\u00e4rist\u00f6\u00e4, koska he k\u00e4ytt\u00e4v\u00e4t Interneti\u00e4 p\u00e4ivitt\u00e4in, joten \u00e4l\u00e4 anna heid\u00e4n petty\u00e4.<br \/>\nAmmattitaitoinen toimintasi saa tunnustusta olipa se mink\u00e4 laajuista tahansa, ja sinusta tulee kadehdittu julkaisija.<\/p>\n<p>[\/vc_wp_text][\/vc_column_inner][\/vc_row_inner][\/vc_column][\/vc_row][vc_row classes=&#8221;cta ctamerch&#8221; el_id=&#8221;pubcta&#8221;][vc_column]<div class=\"row\"><div class=\"vc_col-sm-12\"><h2 class=\"get_started\" style=\"color:#ffffff\">Oletko valmis siirtym\u00e4\u00e4n seuraavaan vaiheeseen?<\/h2><p style=\"color:#ffffff\">Olemme tulospohjaisen markkinoinnin ammattilaisia, joille tulos on kaikki kaikessa ja jotka etsiv\u00e4t aina keinoja tehd\u00e4 mainosmaailmasta entist\u00e4 parempi paikka. Ota yhteytt\u00e4, niin kerromme, miten voit laatia tuloksellisen suunnitelman.<\/p>        <ul class=\"cta-items\">\r\n                        <li>\r\n                <a                    class=\"cta-advertiser-signup\"                                      href=\"https:\/\/affiliate.tradetracker.com\/signup\/step1?loc=fi_FI\"                                   >\r\n                    Rekister\u00f6idy                <\/a>\r\n            <\/li>\r\n                        \r\n                        <li>\r\n                <a                    class=\"cta-advertiser-signup\"                                      href=\"https:\/\/tradetracker.com\/fi\/julkaisijat\/\"                                   >\r\n                     Lue lis\u00e4\u00e4                <\/a>\r\n            <\/li>\r\n                    <\/ul>\r\n        <\/div><\/div>[\/vc_column][\/vc_row]<\/p>\n<\/div>","protected":false},"excerpt":{"rendered":"<p>[vc_row classes=&#8221; static-page-intro pub-requirements&#8221;][vc_column][\/vc_column][\/vc_row][vc_row][vc_column][vc_raw_html]JTNDcCUyMGNsYXNzJTNEJTIyaGVhZGxpbmUtcGFyYWdyYXBoJTIyJTNFVHJhZGVUcmFja2VyJTIwb24lMjBpbG9pbmVuJTIwdm9pZGVzc2FhbiUyMG9sbGElMjB5aHRlaXN0eSVDMyVCNnNzJUMzJUE0JTIwYXNpYWxsZWVuJTIwb21pc3RhdXR1bmVlbiUyMGp1bGthaXNpamFuJTIwa2Fuc3NhJTIwb2xpcGElMjBzaXR0ZW4lMjBreXNlJTIwdG9pbWludGFhbnNhJTIwYWxvaXR0ZWxldmFzdGElMjBqdWxrYWlzaWphc3RhJTJDJTIwa29rZW5lZXN0YSUyMGtva29haWthaXNlc3RhJTIwanVsa2Fpc2lqYXN0YSUyMHRhaSUyMHN1dXJlc3RhJTIweXJpdHlrc2VzdCVDMyVBNC4lMjBKb3R0YSUyMHNpbnVhJTIwdm9pZGFhbiUyMHBpdCVDMyVBNCVDMyVBNCUyMGFydm9ra2FhbmElMjBqdWxrYWlzaWphbmElMkMlMjBqb25rYSUyMGthbnNzYSUyMGt1a2ElMjB0YWhhbnNhJTIwanVsa2Fpc2lqYSUyMGhhbHVhYSUyMHRlaGQlQzMlQTQlMjB0JUMzJUI2aXQlQzMlQTQlMkMlMjBzaW51bGxhJTIwb24lMjBvbHRhdmElMjBzZXVyYWF2YXQlMjBvbWluYWlzdXVkZXQlM0ElMjAlM0MlMkZwJTNF[\/vc_raw_html][vc_row_inner][vc_column_inner width=&#8221;1\/3&#8243;][vc_wp_text title=&#8221;Ole aktiivinen&#8221;] Pid\u00e4 huoli siit\u00e4, ett\u00e4 sinulla on aktiivinen sivusto, tietokanta tai muu sosiaalisen median kanava, jossa tuotat jatkuvasti uutta sis\u00e4lt\u00f6\u00e4. Kun laajennat n\u00e4kyvyytt\u00e4si ja yleis\u00f6si on piirteilt\u00e4\u00e4n tietynlainen, voit jatkaa sellaisen sis\u00e4ll\u00f6n kehitt\u00e4mist\u00e4, jota vierailijat etsiv\u00e4t ja odottavat l\u00f6yt\u00e4v\u00e4ns\u00e4. Vain silloin voit l\u00f6ytyy kampanjoita, joilla saat aikaan konversioita. Olet  [&#8230;]<\/p>\n","protected":false},"author":69,"featured_media":0,"parent":0,"menu_order":0,"comment_status":"closed","ping_status":"closed","template":"","meta":{"inline_featured_image":false,"_monsterinsights_skip_tracking":false,"_monsterinsights_sitenote_active":false,"_monsterinsights_sitenote_note":"","_monsterinsights_sitenote_category":0,"footnotes":""},"class_list":["post-13571","page","type-page","status-publish","hentry"],"yoast_head":"<!-- This site is optimized with the Yoast SEO Premium plugin v27.0 (Yoast SEO v27.0) - https:\/\/yoast.com\/product\/yoast-seo-premium-wordpress\/ -->\n<title>Julkaisijoille - TradeTracker.com | Affiliate Marketing | Performance Marketing<\/title>\n<meta name=\"description\" content=\"[vc_row classes=&quot; static-page-intro pub-requirements&quot;][vc_column]JULKAISIJAN OMINAISUUDETJotta verkostomme pysyy laadukkaana, edellyt\u00e4mme uusilta j\u00e4senilt\u00e4 tiettyj\u00e4 ominaisuuksia. Olemme listanneet keskeiset\" \/>\n<meta name=\"robots\" content=\"index, follow, max-snippet:-1, max-image-preview:large, max-video-preview:-1\" \/>\n<link rel=\"canonical\" href=\"https:\/\/tradetracker.com\/fi\/wp-json\/wp\/v2\/pages\/13571\/\" \/>\n<meta property=\"og:locale\" content=\"fi_FI\" \/>\n<meta property=\"og:type\" content=\"article\" \/>\n<meta property=\"og:title\" content=\"Julkaisijoille TradeTracker.com\" \/>\n<meta property=\"og:description\" content=\"[vc_row classes=&#8221; static-page-intro\" \/>\n<meta property=\"og:url\" content=\"https:\/\/tradetracker.com\/fi\/edellytykset-julkaisjalle\/\" \/>\n<meta property=\"og:site_name\" content=\"TradeTracker.com | Affiliate Marketing | Performance Marketing\" \/>\n<meta property=\"article:publisher\" content=\"https:\/\/www.facebook.com\/tradetrackercom\" \/>\n<meta property=\"article:modified_time\" content=\"2021-12-09T16:27:28+00:00\" \/>\n<meta property=\"og:image\" content=\"https:\/\/tradetracker.com\/wp-content\/uploads\/2019\/12\/tradetracker-logo-square.png\" \/>\n\t<meta property=\"og:image:width\" content=\"250\" \/>\n\t<meta property=\"og:image:height\" content=\"250\" \/>\n\t<meta property=\"og:image:type\" content=\"image\/png\" \/>\n<meta name=\"twitter:card\" content=\"summary_large_image\" \/>\n<meta name=\"twitter:title\" content=\"Julkaisijoille\" \/>\n<meta name=\"twitter:description\" content=\"[vc_row classes=&quot; static-page-intro pub-requirements&quot;][vc_column]JULKAISIJAN OMINAISUUDETJotta verkostomme pysyy laadukkaana,\" \/>\n<meta name=\"twitter:image\" content=\"https:\/\/tradetracker.com\/assets\/tt-circles.png\" \/>\n<meta name=\"twitter:site\" content=\"@tradetrackercom\" \/>\n<meta name=\"twitter:label1\" content=\"Est. reading time\" \/>\n\t<meta name=\"twitter:data1\" content=\"3 minutes\" \/>\n<script type=\"application\/ld+json\" class=\"yoast-schema-graph\">{\"@context\":\"https:\/\/schema.org\",\"@graph\":[{\"@type\":\"WebPage\",\"@id\":\"https:\/\/tradetracker.com\/fi\/edellytykset-julkaisjalle\/\",\"url\":\"https:\/\/tradetracker.com\/fi\/edellytykset-julkaisjalle\/\",\"name\":\"Julkaisijoille - TradeTracker.com | Affiliate Marketing | Performance Marketing\",\"isPartOf\":{\"@id\":\"https:\/\/tradetracker.com\/fi\/#website\"},\"datePublished\":\"2016-12-25T09:57:41+00:00\",\"dateModified\":\"2021-12-09T16:27:28+00:00\",\"breadcrumb\":{\"@id\":\"https:\/\/tradetracker.com\/fi\/edellytykset-julkaisjalle\/#breadcrumb\"},\"inLanguage\":\"fi-FI\",\"potentialAction\":[{\"@type\":\"ReadAction\",\"target\":[\"https:\/\/tradetracker.com\/fi\/edellytykset-julkaisjalle\/\"]}]},{\"@type\":\"BreadcrumbList\",\"@id\":\"https:\/\/tradetracker.com\/fi\/edellytykset-julkaisjalle\/#breadcrumb\",\"itemListElement\":[{\"@type\":\"ListItem\",\"position\":1,\"name\":\"Home\",\"item\":\"https:\/\/tradetracker.com\/fi\/\"},{\"@type\":\"ListItem\",\"position\":2,\"name\":\"Julkaisijoille\"}]},{\"@type\":\"WebSite\",\"@id\":\"https:\/\/tradetracker.com\/fi\/#website\",\"url\":\"https:\/\/tradetracker.com\/fi\/\",\"name\":\"TradeTracker.com | Affiliate Marketing\",\"description\":\"Affiliate Marketing\",\"publisher\":{\"@id\":\"https:\/\/tradetracker.com\/fi\/#organization\"},\"potentialAction\":[{\"@type\":\"SearchAction\",\"target\":{\"@type\":\"EntryPoint\",\"urlTemplate\":\"https:\/\/tradetracker.com\/fi\/?s={search_term_string}\"},\"query-input\":{\"@type\":\"PropertyValueSpecification\",\"valueRequired\":true,\"valueName\":\"search_term_string\"}}],\"inLanguage\":\"fi-FI\"},{\"@type\":\"Organization\",\"@id\":\"https:\/\/tradetracker.com\/fi\/#organization\",\"name\":\"TradeTracker FZ LLC\",\"url\":\"https:\/\/tradetracker.com\/fi\/\",\"logo\":{\"@type\":\"ImageObject\",\"inLanguage\":\"fi-FI\",\"@id\":\"https:\/\/tradetracker.com\/fi\/#\/schema\/logo\/image\/\",\"url\":\"https:\/\/tradetracker.com\/wp-content\/uploads\/2019\/04\/tradetracker-logo_1.jpg\",\"contentUrl\":\"https:\/\/tradetracker.com\/wp-content\/uploads\/2019\/04\/tradetracker-logo_1.jpg\",\"width\":672,\"height\":109,\"caption\":\"TradeTracker FZ LLC\"},\"image\":{\"@id\":\"https:\/\/tradetracker.com\/fi\/#\/schema\/logo\/image\/\"},\"sameAs\":[\"https:\/\/www.facebook.com\/tradetrackercom\",\"https:\/\/x.com\/tradetrackercom\",\"https:\/\/www.linkedin.com\/company\/tradetrackercom\",\"https:\/\/www.youtube.com\/channel\/UCHiq-oir3qOorxO-8nLjIcQ\"],\"description\":\"TradeTracker is a global affiliate marketing platform that connects advertisers and publishers to create successful online campaigns. With its user-friendly interface, advanced tracking technology, and real-time reporting, TradeTracker provides the tools to optimize performance and boost conversions. Operating in over 20 countries, TradeTracker is renowned for its transparency, innovative solutions, and personalized support. It has been consistently chosen as the leading affiliate network worldwide, a testament to its excellence in the industry. Advertisers benefit from access to a vast network of publishers, while publishers enjoy a diverse range of campaigns and attractive earning opportunities. The platform continues to revolutionize the affiliate marketing industry with technologies like Real Attribution, ensuring fair commission distribution. TradeTracker empowers businesses to achieve their online no cure no pay advertising goals efficiently and effectively. With superior technology, unparalleled customer service, and innovative solutions, TradeTracker consistently outperforms competitors like Awin, TradeDoubler, CJ, and Webgains, making it the preferred choice for advertisers and publishers worldwide.\",\"legalName\":\"TradeTracker.com\",\"foundingDate\":\"2004-03-05\",\"numberOfEmployees\":{\"@type\":\"QuantitativeValue\",\"minValue\":\"201\",\"maxValue\":\"500\"}}]}<\/script>\n<!-- \/ Yoast SEO Premium plugin. -->","yoast_head_json":{"title":"Julkaisijoille - TradeTracker.com | Affiliate Marketing | Performance Marketing","description":"[vc_row classes=\" static-page-intro pub-requirements\"][vc_column]JULKAISIJAN OMINAISUUDETJotta verkostomme pysyy laadukkaana, edellyt\u00e4mme uusilta j\u00e4senilt\u00e4 tiettyj\u00e4 ominaisuuksia. Olemme listanneet keskeiset","robots":{"index":"index","follow":"follow","max-snippet":"max-snippet:-1","max-image-preview":"max-image-preview:large","max-video-preview":"max-video-preview:-1"},"canonical":"https:\/\/tradetracker.com\/fi\/wp-json\/wp\/v2\/pages\/13571\/","og_locale":"fi_FI","og_type":"article","og_title":"Julkaisijoille TradeTracker.com","og_description":"[vc_row classes=&#8221; static-page-intro","og_url":"https:\/\/tradetracker.com\/fi\/edellytykset-julkaisjalle\/","og_site_name":"TradeTracker.com | Affiliate Marketing | Performance Marketing","article_publisher":"https:\/\/www.facebook.com\/tradetrackercom","article_modified_time":"2021-12-09T16:27:28+00:00","og_image":[{"width":250,"height":250,"url":"https:\/\/tradetracker.com\/wp-content\/uploads\/2019\/12\/tradetracker-logo-square.png","type":"image\/png"}],"twitter_card":"summary_large_image","twitter_title":"Julkaisijoille","twitter_description":"[vc_row classes=\" static-page-intro pub-requirements\"][vc_column]JULKAISIJAN OMINAISUUDETJotta verkostomme pysyy laadukkaana,","twitter_image":"https:\/\/tradetracker.com\/assets\/tt-circles.png","twitter_site":"@tradetrackercom","twitter_misc":{"Est. reading time":"3 minutes"},"schema":{"@context":"https:\/\/schema.org","@graph":[{"@type":"WebPage","@id":"https:\/\/tradetracker.com\/fi\/edellytykset-julkaisjalle\/","url":"https:\/\/tradetracker.com\/fi\/edellytykset-julkaisjalle\/","name":"Julkaisijoille - TradeTracker.com | Affiliate Marketing | Performance Marketing","isPartOf":{"@id":"https:\/\/tradetracker.com\/fi\/#website"},"datePublished":"2016-12-25T09:57:41+00:00","dateModified":"2021-12-09T16:27:28+00:00","breadcrumb":{"@id":"https:\/\/tradetracker.com\/fi\/edellytykset-julkaisjalle\/#breadcrumb"},"inLanguage":"fi-FI","potentialAction":[{"@type":"ReadAction","target":["https:\/\/tradetracker.com\/fi\/edellytykset-julkaisjalle\/"]}]},{"@type":"BreadcrumbList","@id":"https:\/\/tradetracker.com\/fi\/edellytykset-julkaisjalle\/#breadcrumb","itemListElement":[{"@type":"ListItem","position":1,"name":"Home","item":"https:\/\/tradetracker.com\/fi\/"},{"@type":"ListItem","position":2,"name":"Julkaisijoille"}]},{"@type":"WebSite","@id":"https:\/\/tradetracker.com\/fi\/#website","url":"https:\/\/tradetracker.com\/fi\/","name":"TradeTracker.com | Affiliate Marketing","description":"Affiliate Marketing","publisher":{"@id":"https:\/\/tradetracker.com\/fi\/#organization"},"potentialAction":[{"@type":"SearchAction","target":{"@type":"EntryPoint","urlTemplate":"https:\/\/tradetracker.com\/fi\/?s={search_term_string}"},"query-input":{"@type":"PropertyValueSpecification","valueRequired":true,"valueName":"search_term_string"}}],"inLanguage":"fi-FI"},{"@type":"Organization","@id":"https:\/\/tradetracker.com\/fi\/#organization","name":"TradeTracker FZ LLC","url":"https:\/\/tradetracker.com\/fi\/","logo":{"@type":"ImageObject","inLanguage":"fi-FI","@id":"https:\/\/tradetracker.com\/fi\/#\/schema\/logo\/image\/","url":"https:\/\/tradetracker.com\/wp-content\/uploads\/2019\/04\/tradetracker-logo_1.jpg","contentUrl":"https:\/\/tradetracker.com\/wp-content\/uploads\/2019\/04\/tradetracker-logo_1.jpg","width":672,"height":109,"caption":"TradeTracker FZ LLC"},"image":{"@id":"https:\/\/tradetracker.com\/fi\/#\/schema\/logo\/image\/"},"sameAs":["https:\/\/www.facebook.com\/tradetrackercom","https:\/\/x.com\/tradetrackercom","https:\/\/www.linkedin.com\/company\/tradetrackercom","https:\/\/www.youtube.com\/channel\/UCHiq-oir3qOorxO-8nLjIcQ"],"description":"TradeTracker is a global affiliate marketing platform that connects advertisers and publishers to create successful online campaigns. With its user-friendly interface, advanced tracking technology, and real-time reporting, TradeTracker provides the tools to optimize performance and boost conversions. Operating in over 20 countries, TradeTracker is renowned for its transparency, innovative solutions, and personalized support. It has been consistently chosen as the leading affiliate network worldwide, a testament to its excellence in the industry. Advertisers benefit from access to a vast network of publishers, while publishers enjoy a diverse range of campaigns and attractive earning opportunities. The platform continues to revolutionize the affiliate marketing industry with technologies like Real Attribution, ensuring fair commission distribution. TradeTracker empowers businesses to achieve their online no cure no pay advertising goals efficiently and effectively. With superior technology, unparalleled customer service, and innovative solutions, TradeTracker consistently outperforms competitors like Awin, TradeDoubler, CJ, and Webgains, making it the preferred choice for advertisers and publishers worldwide.","legalName":"TradeTracker.com","foundingDate":"2004-03-05","numberOfEmployees":{"@type":"QuantitativeValue","minValue":"201","maxValue":"500"}}]}},"_links":{"self":[{"href":"https:\/\/tradetracker.com\/fi\/wp-json\/wp\/v2\/pages\/13571","targetHints":{"allow":["GET"]}}],"collection":[{"href":"https:\/\/tradetracker.com\/fi\/wp-json\/wp\/v2\/pages"}],"about":[{"href":"https:\/\/tradetracker.com\/fi\/wp-json\/wp\/v2\/types\/page"}],"author":[{"embeddable":true,"href":"https:\/\/tradetracker.com\/fi\/wp-json\/wp\/v2\/users\/69"}],"replies":[{"embeddable":true,"href":"https:\/\/tradetracker.com\/fi\/wp-json\/wp\/v2\/comments?post=13571"}],"version-history":[{"count":0,"href":"https:\/\/tradetracker.com\/fi\/wp-json\/wp\/v2\/pages\/13571\/revisions"}],"wp:attachment":[{"href":"https:\/\/tradetracker.com\/fi\/wp-json\/wp\/v2\/media?parent=13571"}],"curies":[{"name":"wp","href":"https:\/\/api.w.org\/{rel}","templated":true}]}}