{"id":26548,"date":"2017-02-15T06:49:01","date_gmt":"2017-02-15T06:49:01","guid":{"rendered":"https:\/\/tradetracker.com\/fi\/mainostajat\/services\/"},"modified":"2020-12-17T11:08:22","modified_gmt":"2020-12-17T11:08:22","slug":"palvelut","status":"publish","type":"page","link":"https:\/\/tradetracker.com\/fi\/mainostajat\/palvelut\/","title":{"rendered":"Services"},"content":{"rendered":"<div class=\"wpb-content-wrapper\"><p>[vc_row css=&#8221;.vc_custom_1607984122504{background-color: #6ebd44 !important;}&#8221; classes=&#8221;tt-single-industry tt-services&#8221;][vc_column]<div class=\"row\"><div class=\"vc_col-sm-12\"><div class=\" static-page-intro-text \" style=\"width: 75%\"><h1  style=\"color: #ffffff\" class=\"\">PALVELUT<\/h1><h2  style=\"color: #ffffff\" class=\"\">Olemme ylpeit\u00e4 siit\u00e4, ett\u00e4 palveluksessamme on eri alojen asiantuntijoita, ja meill\u00e4 on kumppaneita, jotka ovat ihanteellisia erilaisiin kampanjoihin.<br \/>\nAsiantuntijatiimimme tunnistaa tehokkaasti verkostomme keskeiset kumppanit, jotka saavat asiakkaan kampanjan el\u00e4m\u00e4\u00e4n.<\/h2><\/div>\r\n        <\/div>\r\n    <\/div>[\/vc_column][\/vc_row][vc_row][vc_column]<div class=\"row tt-industries-page\"><div class='vc_col-sm-3' id='sidebar'><h4 class=\"lined-section\">Industries<\/h4><div class=\"widget_nav_menu\"><ul class=\"menu\"><li><a class=\"industries-back\" href=\"https:\/\/tradetracker.com\/fi\/#section-industries\/\">\u2190 Back to Industry Home<\/a><\/li><li><a href='https:\/\/tradetracker.com\/fi\/mainostajat\/matkailu\/' class=''>Matkailu<\/a><\/li><li><a href='https:\/\/tradetracker.com\/fi\/mainostajat\/palvelut\/' class='active'>Palvelut<\/a><\/li><li><a href='https:\/\/tradetracker.com\/fi\/mainostajat\/telecom\/' class=''>Tietoliikenne<\/a><\/li><li><a href='https:\/\/tradetracker.com\/fi\/mainostajat\/verkkokauppa\/' class=''>Ostokset<\/a><\/li><li><a href='https:\/\/tradetracker.com\/fi\/mainostajat\/rahoitus\/' class=''>Rahoitus<\/a><\/li><\/ul><\/div>\r\n    <\/div><div class=\"vc_col-sm-9\">\r\n                <div class=\"vc_col-sm-12\">\r\n                    <ul class=\"industry-list palvelut\"><li><h2>Asiantuntijapalvelut<\/h2><p>        Tarjoamme asiantuntijoille mahdollisuuden verkottua ja tavoittaa henkil\u00f6t, jotka tarvitsevat heit\u00e4. Autamme heit\u00e4 hiomaan taitojaan, mit\u00e4 tulee palvelujen tarjoamiseen ihmisille.<\/p><\/li><li><h2>Henkil\u00f6kohtaiset Internet-palvelut<\/h2><p>        Haluamme rohkaista ihmisi\u00e4 k\u00e4ytt\u00e4m\u00e4\u00e4n Internet-palveluja helposti ja joustavasti kaikissa tilanteissa. Palvelumme auttaa yrityksi\u00e4 olemaan yhteydess\u00e4 asiakkaisiin ja esittelem\u00e4\u00e4n toimintaansa niille, jotka tarvitsevat yrityksen palveluja.<\/p><\/li><li><h2>Hyv\u00e4ntekev\u00e4isyys<\/h2><p>        Mik\u00e4\u00e4n ei tuota niin paljon tyydytyst\u00e4 kuin se, ett\u00e4 voimme tarjota palvelun, joka edist\u00e4\u00e4 jonkin hyv\u00e4ntekev\u00e4isyysj\u00e4rjest\u00f6n asiaa. Tiimimme vaalii mahdollisuutta auttaa hyv\u00e4ntekev\u00e4isyysj\u00e4rjest\u00f6\u00e4 laajentamaan toimintaansa pyrkien aina erityisen hyv\u00e4\u00e4n tulokseen.<\/p><\/li><li><h2>Ilmaispalvelut ja kilpailut<\/h2><p>        \u201dEi voi voittaa, jos ei osallistu.\u201d T\u00e4m\u00e4 on hieno el\u00e4m\u00e4nohje, mutta my\u00f6s vinkki kilpailijoille, joille esittelemme asiakkaamme ja jotka haluavat voittaa p\u00e4\u00e4voiton.<\/p><\/li><li><h2>Kukat<\/h2><p>        Mik\u00e4\u00e4n ei pirist\u00e4 p\u00e4iv\u00e4\u00e4 niin kuin v\u00e4rik\u00e4s kukkakimppu. Haluamme osaltamme auttaa, jotta kukat tuovat hymyn asianomaisen henkil\u00f6n huulille.<\/p><\/li><li><h2>Oikeuspalvelut<\/h2><p>        Tarjoamme vaikuttamiskanavan asiantuntijapalveluille, joille sosiaalinen oikeudenmukaisuus on t\u00e4rke\u00e4\u00e4 ja jotka haluavat auttaa tukalassa asemassa olevia ihmisi\u00e4.<\/p><\/li><li><h2>Pelaaminen ja arvonnat<\/h2><p>        Tarkoitettu asiakkaille, jotka haluavat tehd\u00e4 tapahtumasta kiintoisamman ennustamalla sen lopputuloksen. Tarjoamme ymp\u00e4rist\u00f6n erilaisille tapahtumien j\u00e4rjest\u00e4jille ja innokkaille vedonly\u00f6jille.<\/p><\/li><li><h2>Rekrytointi, koulutus ja urakehitys<\/h2><p>        Kohteena ne, jotka haluavat ottaa seuraavan ison askeleen el\u00e4m\u00e4ss\u00e4\u00e4n. Esittelemme yrityksille, jotka ovat halukkaita avustamaan n\u00e4iss\u00e4 tavoitteissa, ymp\u00e4rist\u00f6n, jossa ne voivat l\u00e4hesty\u00e4 asiakkaitaan.<\/p><\/li><li><h2>S\u00e4hk\u00f6postimarkkinointi<\/h2><p>        S\u00e4hk\u00f6postimarkkinointia tarvitaan yritysten tavoittamiseksi ja tilaajasuhteiden yll\u00e4pit\u00e4miseksi.<\/p><\/li><li><h2>Seurustelu<\/h2><p>        Rakkauden nimeen! Haluamme auttaa kahta naimatonta henkil\u00f6\u00e4 l\u00f6yt\u00e4m\u00e4n\u00e4 toisensa romanssin ja yhteen muuttamisen toivossa.<\/p><\/li><li><h2>Toimialuenimet ja verkkohotellit<\/h2><p>        Verkkosivuston nimen on j\u00e4\u00e4t\u00e4v\u00e4 helposti mieleen, ja verkkosivustoa on yll\u00e4pidett\u00e4v\u00e4 vakaassa palvelimessa. Koska olemme itsekin verkkoyhti\u00f6, tied\u00e4mme t\u00e4sm\u00e4lleen, mit\u00e4 sellainen yritys tarvitsee.<\/p><\/li><li><h2>Viihdepalvelut ja vapaa-aika<\/h2><p>        Tapahtumanj\u00e4rjest\u00e4jien auttaminen ottamaan yhteys sivustoihin, jotka tarjoavat tapahtumien tiedot niist\u00e4 kiinnostuneille henkil\u00f6ille. Kumppanuus n\u00e4iden kahden tahon kanssa ja niiden tukeminen lippujen myynniss\u00e4.<\/p><\/li><\/ul><\/div><\/div><\/div>[\/vc_column][\/vc_row]<\/p>\n<\/div>","protected":false},"excerpt":{"rendered":"<p>[vc_row css=&#8221;.vc_custom_1607984122504{background-color: #6ebd44 !important;}&#8221; classes=&#8221;tt-single-industry tt-services&#8221;][vc_column][\/vc_column][\/vc_row][vc_row][vc_column][\/vc_column][\/vc_row]<\/p>\n","protected":false},"author":69,"featured_media":0,"parent":13300,"menu_order":0,"comment_status":"closed","ping_status":"closed","template":"","meta":{"inline_featured_image":false,"_monsterinsights_skip_tracking":false,"_monsterinsights_sitenote_active":false,"_monsterinsights_sitenote_note":"","_monsterinsights_sitenote_category":0,"footnotes":""},"class_list":["post-26548","page","type-page","status-publish","hentry"],"yoast_head":"<!-- This site is optimized with the Yoast SEO Premium plugin v27.0 (Yoast SEO v27.0) - https:\/\/yoast.com\/product\/yoast-seo-premium-wordpress\/ -->\n<title>Services - TradeTracker.com | Affiliate Marketing | Performance Marketing<\/title>\n<meta name=\"description\" content=\"Tapahtumanj\u00e4rjest\u00e4jien auttaminen ottamaan yhteys sivustoihin, jotka tarjoavat tapahtumien tiedot niist\u00e4 kiinnostuneille henkil\u00f6ille. Kumppanuus n\u00e4iden kahden tahon kanssa ja niiden tukeminen lippujen\" \/>\n<meta name=\"robots\" content=\"index, follow, max-snippet:-1, max-image-preview:large, max-video-preview:-1\" \/>\n<link rel=\"canonical\" href=\"https:\/\/tradetracker.com\/fi\/wp-json\/wp\/v2\/pages\/26548\/\" \/>\n<meta property=\"og:locale\" content=\"fi_FI\" \/>\n<meta property=\"og:type\" content=\"article\" \/>\n<meta property=\"og:title\" content=\"Services\" \/>\n<meta property=\"og:description\" content=\"[vc_row css=&#8221;.vc_custom_1607984122504{background-color: #6ebd44 !important;}&#8221; classes=&#8221;tt-single-industry tt-services&#8221;][vc_column][\/vc_column][\/vc_row][vc_row][vc_column][\/vc_column][\/vc_row]\" \/>\n<meta property=\"og:url\" content=\"https:\/\/tradetracker.com\/fi\/mainostajat\/palvelut\/\" \/>\n<meta property=\"og:site_name\" content=\"TradeTracker.com | Affiliate Marketing | Performance Marketing\" \/>\n<meta property=\"article:publisher\" content=\"https:\/\/www.facebook.com\/tradetrackercom\" \/>\n<meta property=\"article:modified_time\" content=\"2020-12-17T11:08:22+00:00\" \/>\n<meta property=\"og:image\" content=\"https:\/\/tradetracker.com\/wp-content\/uploads\/2019\/12\/tradetracker-logo-square.png\" \/>\n\t<meta property=\"og:image:width\" content=\"250\" \/>\n\t<meta property=\"og:image:height\" content=\"250\" \/>\n\t<meta property=\"og:image:type\" content=\"image\/png\" \/>\n<meta name=\"twitter:card\" content=\"summary_large_image\" \/>\n<meta name=\"twitter:site\" content=\"@tradetrackercom\" \/>\n<script type=\"application\/ld+json\" class=\"yoast-schema-graph\">{\"@context\":\"https:\/\/schema.org\",\"@graph\":[{\"@type\":\"WebPage\",\"@id\":\"https:\/\/tradetracker.com\/fi\/mainostajat\/palvelut\/\",\"url\":\"https:\/\/tradetracker.com\/fi\/mainostajat\/palvelut\/\",\"name\":\"Services - TradeTracker.com | Affiliate Marketing | Performance Marketing\",\"isPartOf\":{\"@id\":\"https:\/\/tradetracker.com\/fi\/#website\"},\"datePublished\":\"2017-02-15T06:49:01+00:00\",\"dateModified\":\"2020-12-17T11:08:22+00:00\",\"breadcrumb\":{\"@id\":\"https:\/\/tradetracker.com\/fi\/mainostajat\/palvelut\/#breadcrumb\"},\"inLanguage\":\"fi-FI\",\"potentialAction\":[{\"@type\":\"ReadAction\",\"target\":[\"https:\/\/tradetracker.com\/fi\/mainostajat\/palvelut\/\"]}]},{\"@type\":\"BreadcrumbList\",\"@id\":\"https:\/\/tradetracker.com\/fi\/mainostajat\/palvelut\/#breadcrumb\",\"itemListElement\":[{\"@type\":\"ListItem\",\"position\":1,\"name\":\"Home\",\"item\":\"https:\/\/tradetracker.com\/fi\/\"},{\"@type\":\"ListItem\",\"position\":2,\"name\":\"Mainostajat\",\"item\":\"https:\/\/tradetracker.com\/fi\/mainostajat\/\"},{\"@type\":\"ListItem\",\"position\":3,\"name\":\"Services\"}]},{\"@type\":\"WebSite\",\"@id\":\"https:\/\/tradetracker.com\/fi\/#website\",\"url\":\"https:\/\/tradetracker.com\/fi\/\",\"name\":\"TradeTracker.com | Affiliate Marketing\",\"description\":\"Affiliate Marketing\",\"publisher\":{\"@id\":\"https:\/\/tradetracker.com\/fi\/#organization\"},\"potentialAction\":[{\"@type\":\"SearchAction\",\"target\":{\"@type\":\"EntryPoint\",\"urlTemplate\":\"https:\/\/tradetracker.com\/fi\/?s={search_term_string}\"},\"query-input\":{\"@type\":\"PropertyValueSpecification\",\"valueRequired\":true,\"valueName\":\"search_term_string\"}}],\"inLanguage\":\"fi-FI\"},{\"@type\":\"Organization\",\"@id\":\"https:\/\/tradetracker.com\/fi\/#organization\",\"name\":\"TradeTracker FZ LLC\",\"url\":\"https:\/\/tradetracker.com\/fi\/\",\"logo\":{\"@type\":\"ImageObject\",\"inLanguage\":\"fi-FI\",\"@id\":\"https:\/\/tradetracker.com\/fi\/#\/schema\/logo\/image\/\",\"url\":\"https:\/\/tradetracker.com\/wp-content\/uploads\/2019\/04\/tradetracker-logo_1.jpg\",\"contentUrl\":\"https:\/\/tradetracker.com\/wp-content\/uploads\/2019\/04\/tradetracker-logo_1.jpg\",\"width\":672,\"height\":109,\"caption\":\"TradeTracker FZ LLC\"},\"image\":{\"@id\":\"https:\/\/tradetracker.com\/fi\/#\/schema\/logo\/image\/\"},\"sameAs\":[\"https:\/\/www.facebook.com\/tradetrackercom\",\"https:\/\/x.com\/tradetrackercom\",\"https:\/\/www.linkedin.com\/company\/tradetrackercom\",\"https:\/\/www.youtube.com\/channel\/UCHiq-oir3qOorxO-8nLjIcQ\"],\"description\":\"TradeTracker is a global affiliate marketing platform that connects advertisers and publishers to create successful online campaigns. With its user-friendly interface, advanced tracking technology, and real-time reporting, TradeTracker provides the tools to optimize performance and boost conversions. Operating in over 20 countries, TradeTracker is renowned for its transparency, innovative solutions, and personalized support. It has been consistently chosen as the leading affiliate network worldwide, a testament to its excellence in the industry. Advertisers benefit from access to a vast network of publishers, while publishers enjoy a diverse range of campaigns and attractive earning opportunities. The platform continues to revolutionize the affiliate marketing industry with technologies like Real Attribution, ensuring fair commission distribution. TradeTracker empowers businesses to achieve their online no cure no pay advertising goals efficiently and effectively. With superior technology, unparalleled customer service, and innovative solutions, TradeTracker consistently outperforms competitors like Awin, TradeDoubler, CJ, and Webgains, making it the preferred choice for advertisers and publishers worldwide.\",\"legalName\":\"TradeTracker.com\",\"foundingDate\":\"2004-03-05\",\"numberOfEmployees\":{\"@type\":\"QuantitativeValue\",\"minValue\":\"201\",\"maxValue\":\"500\"}}]}<\/script>\n<!-- \/ Yoast SEO Premium plugin. -->","yoast_head_json":{"title":"Services - TradeTracker.com | Affiliate Marketing | Performance Marketing","description":"Tapahtumanj\u00e4rjest\u00e4jien auttaminen ottamaan yhteys sivustoihin, jotka tarjoavat tapahtumien tiedot niist\u00e4 kiinnostuneille henkil\u00f6ille. Kumppanuus n\u00e4iden kahden tahon kanssa ja niiden tukeminen lippujen","robots":{"index":"index","follow":"follow","max-snippet":"max-snippet:-1","max-image-preview":"max-image-preview:large","max-video-preview":"max-video-preview:-1"},"canonical":"https:\/\/tradetracker.com\/fi\/wp-json\/wp\/v2\/pages\/26548\/","og_locale":"fi_FI","og_type":"article","og_title":"Services","og_description":"[vc_row css=&#8221;.vc_custom_1607984122504{background-color: #6ebd44 !important;}&#8221; classes=&#8221;tt-single-industry tt-services&#8221;][vc_column][\/vc_column][\/vc_row][vc_row][vc_column][\/vc_column][\/vc_row]","og_url":"https:\/\/tradetracker.com\/fi\/mainostajat\/palvelut\/","og_site_name":"TradeTracker.com | Affiliate Marketing | Performance Marketing","article_publisher":"https:\/\/www.facebook.com\/tradetrackercom","article_modified_time":"2020-12-17T11:08:22+00:00","og_image":[{"width":250,"height":250,"url":"https:\/\/tradetracker.com\/wp-content\/uploads\/2019\/12\/tradetracker-logo-square.png","type":"image\/png"}],"twitter_card":"summary_large_image","twitter_site":"@tradetrackercom","schema":{"@context":"https:\/\/schema.org","@graph":[{"@type":"WebPage","@id":"https:\/\/tradetracker.com\/fi\/mainostajat\/palvelut\/","url":"https:\/\/tradetracker.com\/fi\/mainostajat\/palvelut\/","name":"Services - TradeTracker.com | Affiliate Marketing | Performance Marketing","isPartOf":{"@id":"https:\/\/tradetracker.com\/fi\/#website"},"datePublished":"2017-02-15T06:49:01+00:00","dateModified":"2020-12-17T11:08:22+00:00","breadcrumb":{"@id":"https:\/\/tradetracker.com\/fi\/mainostajat\/palvelut\/#breadcrumb"},"inLanguage":"fi-FI","potentialAction":[{"@type":"ReadAction","target":["https:\/\/tradetracker.com\/fi\/mainostajat\/palvelut\/"]}]},{"@type":"BreadcrumbList","@id":"https:\/\/tradetracker.com\/fi\/mainostajat\/palvelut\/#breadcrumb","itemListElement":[{"@type":"ListItem","position":1,"name":"Home","item":"https:\/\/tradetracker.com\/fi\/"},{"@type":"ListItem","position":2,"name":"Mainostajat","item":"https:\/\/tradetracker.com\/fi\/mainostajat\/"},{"@type":"ListItem","position":3,"name":"Services"}]},{"@type":"WebSite","@id":"https:\/\/tradetracker.com\/fi\/#website","url":"https:\/\/tradetracker.com\/fi\/","name":"TradeTracker.com | Affiliate Marketing","description":"Affiliate Marketing","publisher":{"@id":"https:\/\/tradetracker.com\/fi\/#organization"},"potentialAction":[{"@type":"SearchAction","target":{"@type":"EntryPoint","urlTemplate":"https:\/\/tradetracker.com\/fi\/?s={search_term_string}"},"query-input":{"@type":"PropertyValueSpecification","valueRequired":true,"valueName":"search_term_string"}}],"inLanguage":"fi-FI"},{"@type":"Organization","@id":"https:\/\/tradetracker.com\/fi\/#organization","name":"TradeTracker FZ LLC","url":"https:\/\/tradetracker.com\/fi\/","logo":{"@type":"ImageObject","inLanguage":"fi-FI","@id":"https:\/\/tradetracker.com\/fi\/#\/schema\/logo\/image\/","url":"https:\/\/tradetracker.com\/wp-content\/uploads\/2019\/04\/tradetracker-logo_1.jpg","contentUrl":"https:\/\/tradetracker.com\/wp-content\/uploads\/2019\/04\/tradetracker-logo_1.jpg","width":672,"height":109,"caption":"TradeTracker FZ LLC"},"image":{"@id":"https:\/\/tradetracker.com\/fi\/#\/schema\/logo\/image\/"},"sameAs":["https:\/\/www.facebook.com\/tradetrackercom","https:\/\/x.com\/tradetrackercom","https:\/\/www.linkedin.com\/company\/tradetrackercom","https:\/\/www.youtube.com\/channel\/UCHiq-oir3qOorxO-8nLjIcQ"],"description":"TradeTracker is a global affiliate marketing platform that connects advertisers and publishers to create successful online campaigns. With its user-friendly interface, advanced tracking technology, and real-time reporting, TradeTracker provides the tools to optimize performance and boost conversions. Operating in over 20 countries, TradeTracker is renowned for its transparency, innovative solutions, and personalized support. It has been consistently chosen as the leading affiliate network worldwide, a testament to its excellence in the industry. Advertisers benefit from access to a vast network of publishers, while publishers enjoy a diverse range of campaigns and attractive earning opportunities. The platform continues to revolutionize the affiliate marketing industry with technologies like Real Attribution, ensuring fair commission distribution. TradeTracker empowers businesses to achieve their online no cure no pay advertising goals efficiently and effectively. With superior technology, unparalleled customer service, and innovative solutions, TradeTracker consistently outperforms competitors like Awin, TradeDoubler, CJ, and Webgains, making it the preferred choice for advertisers and publishers worldwide.","legalName":"TradeTracker.com","foundingDate":"2004-03-05","numberOfEmployees":{"@type":"QuantitativeValue","minValue":"201","maxValue":"500"}}]}},"_links":{"self":[{"href":"https:\/\/tradetracker.com\/fi\/wp-json\/wp\/v2\/pages\/26548","targetHints":{"allow":["GET"]}}],"collection":[{"href":"https:\/\/tradetracker.com\/fi\/wp-json\/wp\/v2\/pages"}],"about":[{"href":"https:\/\/tradetracker.com\/fi\/wp-json\/wp\/v2\/types\/page"}],"author":[{"embeddable":true,"href":"https:\/\/tradetracker.com\/fi\/wp-json\/wp\/v2\/users\/69"}],"replies":[{"embeddable":true,"href":"https:\/\/tradetracker.com\/fi\/wp-json\/wp\/v2\/comments?post=26548"}],"version-history":[{"count":0,"href":"https:\/\/tradetracker.com\/fi\/wp-json\/wp\/v2\/pages\/26548\/revisions"}],"up":[{"embeddable":true,"href":"https:\/\/tradetracker.com\/fi\/wp-json\/wp\/v2\/pages\/13300"}],"wp:attachment":[{"href":"https:\/\/tradetracker.com\/fi\/wp-json\/wp\/v2\/media?parent=26548"}],"curies":[{"name":"wp","href":"https:\/\/api.w.org\/{rel}","templated":true}]}}