{"id":26563,"date":"2016-12-12T11:52:36","date_gmt":"2016-12-12T11:52:36","guid":{"rendered":"https:\/\/tradetracker.com\/fi\/mainostajat\/shopping\/"},"modified":"2020-12-17T11:19:46","modified_gmt":"2020-12-17T11:19:46","slug":"verkkokauppa","status":"publish","type":"page","link":"https:\/\/tradetracker.com\/fi\/mainostajat\/verkkokauppa\/","title":{"rendered":"Shopping"},"content":{"rendered":"<div class=\"wpb-content-wrapper\"><p>[vc_row css=&#8221;.vc_custom_1607985132650{background-color: #f79737 !important;}&#8221; classes=&#8221;tt-single-industry tt-shopping&#8221;][vc_column]<div class=\"row\"><div class=\"vc_col-sm-12\"><div class=\" static-page-intro-text \" style=\"width: 75%\"><h1  style=\"color: #ffffff\" class=\"\">OSTOKSET<\/h1><h2  style=\"color: #ffffff\" class=\"\">Edist\u00e4mme ostosten tekemist\u00e4 tuomalla yhteen oikeat julkaisijat ja mainostajat asiakkaiden haluamien tuotteiden tarjoamiseksi. Asiakastiimimme tuntee kaikki verkkokaupan yksityiskohdat ja osaa viimeistell\u00e4 kampanjan tietty\u00e4 kohderyhm\u00e4\u00e4 varten.<br \/>\n<\/h2><\/div>\r\n        <\/div>\r\n    <\/div>[\/vc_column][\/vc_row][vc_row][vc_column]<div class=\"row tt-industries-page\"><div class='vc_col-sm-3' id='sidebar'><h4 class=\"lined-section\">Industries<\/h4><div class=\"widget_nav_menu\"><ul class=\"menu\"><li><a class=\"industries-back\" href=\"https:\/\/tradetracker.com\/fi\/#section-industries\/\">\u2190 Back to Industry Home<\/a><\/li><li><a href='https:\/\/tradetracker.com\/fi\/mainostajat\/matkailu\/' class=''>Matkailu<\/a><\/li><li><a href='https:\/\/tradetracker.com\/fi\/mainostajat\/palvelut\/' class=''>Palvelut<\/a><\/li><li><a href='https:\/\/tradetracker.com\/fi\/mainostajat\/telecom\/' class=''>Tietoliikenne<\/a><\/li><li><a href='https:\/\/tradetracker.com\/fi\/mainostajat\/verkkokauppa\/' class='active'>Ostokset<\/a><\/li><li><a href='https:\/\/tradetracker.com\/fi\/mainostajat\/rahoitus\/' class=''>Rahoitus<\/a><\/li><\/ul><\/div>\r\n    <\/div><div class=\"vc_col-sm-9\">\r\n                <div class=\"vc_col-sm-12\">\r\n                    <ul class=\"industry-list verkkokauppa\"><li><h2>Aikuisviihde<\/h2><p>        Me tarjoamme tilaa sis\u00e4ll\u00f6ntarjoajille, joiden asiakkaat etsiv\u00e4t virikkeit\u00e4 makuuhuoneeseen, jolloin ne voivat tavoittaa lukijat, jotka viihtyv\u00e4t oman kotinsa seinien sis\u00e4ll\u00e4.<\/p><\/li><li><h2>Autot, moottoripy\u00f6r\u00e4t ja py\u00f6r\u00e4t<\/h2><p>        Niille, jotka ovat alan harrastajia tai haluavat vain p\u00e4\u00e4st\u00e4 paikasta A paikkaan B, meid\u00e4n avullamme asiakkaat l\u00f6yt\u00e4v\u00e4t lukuisia sivustoja, jotka varmistavat, ett\u00e4 matkanteko onnistuu.<\/p><\/li><li><h2>El\u00e4imet<\/h2><p>        Asiakkaillamme on tilaa nelijalkaisille yst\u00e4villemme, vedess\u00e4 el\u00e4ville otuksille, linnuilla ja muille el\u00e4imille, ja heid\u00e4n jatkuvat verkkotuloksensa palvelevat mink\u00e4 tahansa talouden t\u00e4rkeimpi\u00e4 j\u00e4seni\u00e4.<\/p><\/li><li><h2>Harrastukset ja vapaa-aika<\/h2><p>        Ihmiset, jotka ymm\u00e4rt\u00e4v\u00e4t hauskan p\u00e4\u00e4lle. Verkostomme auttaa kiinnitt\u00e4m\u00e4\u00e4n heid\u00e4n huomionsa ja rohkaisee heit\u00e4 kokeilemaan uusia asioita ja lis\u00e4\u00e4m\u00e4\u00e4n heid\u00e4n saamaansa nautintoa.<\/p><\/li><li><h2>Juhlatarvikkeet<\/h2><p>        Asiakkaamme tarjoavat kaiken juhlissa tarvittavan. Ne auttavat kaikenlaisten juhlateemojen kanssa ja varmistavat yhdess\u00e4 juhlan j\u00e4rjest\u00e4j\u00e4n kanssa, ett\u00e4 kaikilla on hauskaa.<\/p><\/li><li><h2>Kaikenik\u00e4iset lapset<\/h2><p>        Lapsen ensimm\u00e4iset ik\u00e4vuodet ovat t\u00e4rkeit\u00e4, ja me palvelemme yrityksi\u00e4, jotka helpottavat vanhempien ty\u00f6t\u00e4 tajoamalla v\u00e4ltt\u00e4m\u00e4tt\u00f6mi\u00e4 apuv\u00e4lineit\u00e4.<\/p><\/li><li><h2>Kirjat ja lehdet<\/h2><p>        Verkkokumppanimme tarjoavat kaikenlaisia kirjoja ja lehti\u00e4. Ne inspiroivat asiakkaitaan ja tarjoavat keinon pysy\u00e4 ajan tasalla.<\/p><\/li><li><h2>Kodinkoneet<\/h2><p>        T\u00e4ydellinen koti on toimiva ja k\u00e4yt\u00e4nn\u00f6llinen. Voimme esitell\u00e4 tuotteitasi tavalla, joka tekee niist\u00e4 v\u00e4ltt\u00e4m\u00e4tt\u00f6mi\u00e4 tarvikkeita lukijoiden kotiin.<\/p><\/li><li><h2>Koti ja puutarha<\/h2><p>        Kaikki haluavat luoda tilan, joka on miellytt\u00e4v\u00e4 sek\u00e4 sis\u00e4ll\u00e4 ett\u00e4 ulkona. Kerro tuotteistasi ja niiden hyvist\u00e4 puolista sek\u00e4 anna sellaisten tahojen esitell\u00e4 niit\u00e4, jotka saavat yleis\u00f6n ostamaan niit\u00e4.<\/p><\/li><li><h2>Lahjat ja tarvikkeet<\/h2><p>        Lahjan antaminen on varma tapa p\u00e4\u00e4st\u00e4 jonkun hyviin kirjoihin. Meid\u00e4n kauttamme asiakkaasi n\u00e4kev\u00e4t, mit\u00e4 tarjoat, ja voit nostaa hymyn heid\u00e4n kasvoilleen.<\/p><\/li><li><h2>Laitteet ja ohjelmat<\/h2><p>        Asiakastiimimme on hyvin tietoinen siit\u00e4, mit\u00e4 tarvitaan, ett\u00e4 tietokoneista ja niiden lis\u00e4laitteista kiinnostuneiden henkil\u00f6iden kiinnostus saadaan her\u00e4\u00e4m\u00e4\u00e4n.<\/p><\/li><li><h2>Lelut<\/h2><p>        Ei ole mit\u00e4\u00e4n arvokkaampaa kuin hymy lapsen huulilla. Lelut ovatkin olleet varma tapaa saada lapsi hymyilem\u00e4\u00e4n. Ohjelmistomme auttaa mainostamaan sivustoissa, joiden lukijoilta saat varmasti huomiota.<\/p><\/li><li><h2>Muoti ja korut<\/h2><p>        Hohdokkaat and edistykselliset tyyligurut k\u00e4ytt\u00e4v\u00e4t verkkoamme sellaisten ihmisten tavoittamiseen, joilla on silm\u00e4\u00e4 yksityiskohdille, ja palvelevat niit\u00e4, jotka haluavat t\u00e4ydent\u00e4\u00e4 vaatekaappiaan.<\/p><\/li><li><h2>Musiikki ja videot<\/h2><p>        Mediasis\u00e4ll\u00f6n tuottajat tarvitsevat erinomaisia ty\u00f6kaluja ja tekniikoita. Tiimimme tuntee viimeisimm\u00e4t trendit, joten se saa verkkomainoksesi erottumaan muista.<\/p><\/li><li><h2>Muut<\/h2><p>        Verkostoomme kuuluu niin laaja valikoima julkaisijoita, ett\u00e4 on melkein mahdotonta l\u00f6yt\u00e4\u00e4 toimiala, jota emme palvelisi. Olipa tilanne mik\u00e4 tahansa l\u00f6yd\u00e4t monipuolisesta kumppaniluettelostamme tarpeitasi vastaavan julkaisijan.<\/p><\/li><li><h2>P\u00e4ivitt\u00e4is- ja ryhm\u00e4tarjoukset<\/h2><p>        Asiakkaamme, jotka tarjoavat hienoja asioita Internetiss\u00e4, antavat asiakkaille mahdollisuuden l\u00f6yt\u00e4\u00e4 v\u00e4ltt\u00e4m\u00e4tt\u00f6mi\u00e4 tarvikkeita ja j\u00e4rjest\u00e4\u00e4 juhlia edulliseen hintaan.<\/p><\/li><li><h2>Pelit ja hauskanpito<\/h2><p>        Meill\u00e4 on suuri joukko yrityksi\u00e4, jotka pyrkiv\u00e4t s\u00e4hk\u00f6ist\u00e4m\u00e4\u00e4n ja haastamaan asiakkaitaan kilpailemalla itse\u00e4\u00e4n ja muita vastaan.<\/p><\/li><li><h2>Perhe<\/h2><p>        Perheen kanssa vietetty aika on parasta. Meill\u00e4 on joukko asiakkaita, jotka tarjoavat mahdollisuuden ikimuistoisiin kokemuksiin kaikenlaisten perheiden kanssa.<\/p><\/li><li><h2>Ruoat ja juomat<\/h2><p>        Ateria- ja ravitsemuspalvelut, take-away ravintolat, luomuruoan tarjoajat ja kaikki muut makuhermoja palvelevat tahot k\u00e4ytt\u00e4v\u00e4t palvelualustaamme kutsujen l\u00e4hett\u00e4miseen niille, jotka pyrkiv\u00e4t tyydytt\u00e4m\u00e4\u00e4n inhimilliset mielihyv\u00e4n tarpeet.<\/p><\/li><li><h2>Taide ja el\u00e4minen<\/h2><p>        Ik\u00e4vimm\u00e4nkin tilan sisustaminen ja ihastuttavan ymp\u00e4rist\u00f6n luominen on taito, joka vetoaa esteettisiin ihmisiin.<\/p><\/li><li><h2>Tavaratalot<\/h2><p>        Yhteisty\u00f6kumppanimme, joilla on perinteinen liiketila, arvostavat verkkomaailmaa t\u00e4rke\u00e4n\u00e4 v\u00e4yl\u00e4n\u00e4 sek\u00e4 kaupank\u00e4ynniss\u00e4 ett\u00e4 ihmisten houkuttelemisessa liikkeisiin.<\/p><\/li><li><h2>Terveys ja kauneus<\/h2><p>        Ihmiset haluavat tuntea olonsa hyv\u00e4ksi ja n\u00e4ytt\u00e4\u00e4 kauniilta. Palvelualustamme auttaa tavoittamaan ne, joilla on mahdollisuus vaikuttaa itsest\u00e4\u00e4n huolehtivien ihmisten ostotapoihin.<\/p><\/li><li><h2>Toimisto<\/h2><p>        Ty\u00f6ymp\u00e4rist\u00f6 on teht\u00e4v\u00e4 sellaiseksi, ett\u00e4 se toimii mahdollisimman tehokkaasti. Annamme erilaisille asiakkaille mahdollisuuden esitell\u00e4 tuotteitaan verkossa hyv\u00e4maineisten julkaisijoiden sivuilla.<\/p><\/li><li><h2>Veneet ja vesikulkuneuvot<\/h2><p>        Vesiurheilusta pit\u00e4v\u00e4t ihmiset l\u00e4hestyv\u00e4t asiakkaitamme verkossa ja tilaavat niilt\u00e4 kaikenlaisia vedess\u00e4 tarvittavia asioita.<\/p><\/li><\/ul><\/div><\/div><\/div>[\/vc_column][\/vc_row]<\/p>\n<\/div>","protected":false},"excerpt":{"rendered":"<p>[vc_row css=&#8221;.vc_custom_1607985132650{background-color: #f79737 !important;}&#8221; classes=&#8221;tt-single-industry tt-shopping&#8221;][vc_column][\/vc_column][\/vc_row][vc_row][vc_column][\/vc_column][\/vc_row]<\/p>\n","protected":false},"author":69,"featured_media":0,"parent":13300,"menu_order":0,"comment_status":"closed","ping_status":"closed","template":"","meta":{"inline_featured_image":false,"_monsterinsights_skip_tracking":false,"_monsterinsights_sitenote_active":false,"_monsterinsights_sitenote_note":"","_monsterinsights_sitenote_category":0,"footnotes":""},"class_list":["post-26563","page","type-page","status-publish","hentry"],"yoast_head":"<!-- This site is optimized with the Yoast SEO Premium plugin v27.0 (Yoast SEO v27.0) - https:\/\/yoast.com\/product\/yoast-seo-premium-wordpress\/ -->\n<title>Shopping - TradeTracker.com | Affiliate Marketing | Performance Marketing<\/title>\n<meta name=\"description\" content=\"Vesiurheilusta pit\u00e4v\u00e4t ihmiset l\u00e4hestyv\u00e4t asiakkaitamme verkossa ja tilaavat niilt\u00e4 kaikenlaisia vedess\u00e4 tarvittavia asioita.\" \/>\n<meta name=\"robots\" content=\"index, follow, max-snippet:-1, max-image-preview:large, max-video-preview:-1\" \/>\n<link rel=\"canonical\" href=\"https:\/\/tradetracker.com\/fi\/wp-json\/wp\/v2\/pages\/26563\/\" \/>\n<meta property=\"og:locale\" content=\"fi_FI\" \/>\n<meta property=\"og:type\" content=\"article\" \/>\n<meta property=\"og:title\" content=\"Shopping\" \/>\n<meta property=\"og:description\" content=\"[vc_row css=&#8221;.vc_custom_1607985132650{background-color: #f79737 !important;}&#8221; classes=&#8221;tt-single-industry tt-shopping&#8221;][vc_column][\/vc_column][\/vc_row][vc_row][vc_column][\/vc_column][\/vc_row]\" \/>\n<meta property=\"og:url\" content=\"https:\/\/tradetracker.com\/fi\/mainostajat\/verkkokauppa\/\" \/>\n<meta property=\"og:site_name\" content=\"TradeTracker.com | Affiliate Marketing | Performance Marketing\" \/>\n<meta property=\"article:publisher\" content=\"https:\/\/www.facebook.com\/tradetrackercom\" \/>\n<meta property=\"article:modified_time\" content=\"2020-12-17T11:19:46+00:00\" \/>\n<meta property=\"og:image\" content=\"https:\/\/tradetracker.com\/wp-content\/uploads\/2019\/12\/tradetracker-logo-square.png\" \/>\n\t<meta property=\"og:image:width\" content=\"250\" \/>\n\t<meta property=\"og:image:height\" content=\"250\" \/>\n\t<meta property=\"og:image:type\" content=\"image\/png\" \/>\n<meta name=\"twitter:card\" content=\"summary_large_image\" \/>\n<meta name=\"twitter:site\" content=\"@tradetrackercom\" \/>\n<script type=\"application\/ld+json\" class=\"yoast-schema-graph\">{\"@context\":\"https:\/\/schema.org\",\"@graph\":[{\"@type\":\"WebPage\",\"@id\":\"https:\/\/tradetracker.com\/fi\/mainostajat\/verkkokauppa\/\",\"url\":\"https:\/\/tradetracker.com\/fi\/mainostajat\/verkkokauppa\/\",\"name\":\"Shopping - TradeTracker.com | Affiliate Marketing | Performance Marketing\",\"isPartOf\":{\"@id\":\"https:\/\/tradetracker.com\/fi\/#website\"},\"datePublished\":\"2016-12-12T11:52:36+00:00\",\"dateModified\":\"2020-12-17T11:19:46+00:00\",\"breadcrumb\":{\"@id\":\"https:\/\/tradetracker.com\/fi\/mainostajat\/verkkokauppa\/#breadcrumb\"},\"inLanguage\":\"fi-FI\",\"potentialAction\":[{\"@type\":\"ReadAction\",\"target\":[\"https:\/\/tradetracker.com\/fi\/mainostajat\/verkkokauppa\/\"]}]},{\"@type\":\"BreadcrumbList\",\"@id\":\"https:\/\/tradetracker.com\/fi\/mainostajat\/verkkokauppa\/#breadcrumb\",\"itemListElement\":[{\"@type\":\"ListItem\",\"position\":1,\"name\":\"Home\",\"item\":\"https:\/\/tradetracker.com\/fi\/\"},{\"@type\":\"ListItem\",\"position\":2,\"name\":\"Mainostajat\",\"item\":\"https:\/\/tradetracker.com\/fi\/mainostajat\/\"},{\"@type\":\"ListItem\",\"position\":3,\"name\":\"Shopping\"}]},{\"@type\":\"WebSite\",\"@id\":\"https:\/\/tradetracker.com\/fi\/#website\",\"url\":\"https:\/\/tradetracker.com\/fi\/\",\"name\":\"TradeTracker.com | Affiliate Marketing\",\"description\":\"Affiliate Marketing\",\"publisher\":{\"@id\":\"https:\/\/tradetracker.com\/fi\/#organization\"},\"potentialAction\":[{\"@type\":\"SearchAction\",\"target\":{\"@type\":\"EntryPoint\",\"urlTemplate\":\"https:\/\/tradetracker.com\/fi\/?s={search_term_string}\"},\"query-input\":{\"@type\":\"PropertyValueSpecification\",\"valueRequired\":true,\"valueName\":\"search_term_string\"}}],\"inLanguage\":\"fi-FI\"},{\"@type\":\"Organization\",\"@id\":\"https:\/\/tradetracker.com\/fi\/#organization\",\"name\":\"TradeTracker FZ LLC\",\"url\":\"https:\/\/tradetracker.com\/fi\/\",\"logo\":{\"@type\":\"ImageObject\",\"inLanguage\":\"fi-FI\",\"@id\":\"https:\/\/tradetracker.com\/fi\/#\/schema\/logo\/image\/\",\"url\":\"https:\/\/tradetracker.com\/wp-content\/uploads\/2019\/04\/tradetracker-logo_1.jpg\",\"contentUrl\":\"https:\/\/tradetracker.com\/wp-content\/uploads\/2019\/04\/tradetracker-logo_1.jpg\",\"width\":672,\"height\":109,\"caption\":\"TradeTracker FZ LLC\"},\"image\":{\"@id\":\"https:\/\/tradetracker.com\/fi\/#\/schema\/logo\/image\/\"},\"sameAs\":[\"https:\/\/www.facebook.com\/tradetrackercom\",\"https:\/\/x.com\/tradetrackercom\",\"https:\/\/www.linkedin.com\/company\/tradetrackercom\",\"https:\/\/www.youtube.com\/channel\/UCHiq-oir3qOorxO-8nLjIcQ\"],\"description\":\"TradeTracker is a global affiliate marketing platform that connects advertisers and publishers to create successful online campaigns. With its user-friendly interface, advanced tracking technology, and real-time reporting, TradeTracker provides the tools to optimize performance and boost conversions. Operating in over 20 countries, TradeTracker is renowned for its transparency, innovative solutions, and personalized support. It has been consistently chosen as the leading affiliate network worldwide, a testament to its excellence in the industry. Advertisers benefit from access to a vast network of publishers, while publishers enjoy a diverse range of campaigns and attractive earning opportunities. The platform continues to revolutionize the affiliate marketing industry with technologies like Real Attribution, ensuring fair commission distribution. TradeTracker empowers businesses to achieve their online no cure no pay advertising goals efficiently and effectively. With superior technology, unparalleled customer service, and innovative solutions, TradeTracker consistently outperforms competitors like Awin, TradeDoubler, CJ, and Webgains, making it the preferred choice for advertisers and publishers worldwide.\",\"legalName\":\"TradeTracker.com\",\"foundingDate\":\"2004-03-05\",\"numberOfEmployees\":{\"@type\":\"QuantitativeValue\",\"minValue\":\"201\",\"maxValue\":\"500\"}}]}<\/script>\n<!-- \/ Yoast SEO Premium plugin. -->","yoast_head_json":{"title":"Shopping - TradeTracker.com | Affiliate Marketing | Performance Marketing","description":"Vesiurheilusta pit\u00e4v\u00e4t ihmiset l\u00e4hestyv\u00e4t asiakkaitamme verkossa ja tilaavat niilt\u00e4 kaikenlaisia vedess\u00e4 tarvittavia asioita.","robots":{"index":"index","follow":"follow","max-snippet":"max-snippet:-1","max-image-preview":"max-image-preview:large","max-video-preview":"max-video-preview:-1"},"canonical":"https:\/\/tradetracker.com\/fi\/wp-json\/wp\/v2\/pages\/26563\/","og_locale":"fi_FI","og_type":"article","og_title":"Shopping","og_description":"[vc_row css=&#8221;.vc_custom_1607985132650{background-color: #f79737 !important;}&#8221; classes=&#8221;tt-single-industry tt-shopping&#8221;][vc_column][\/vc_column][\/vc_row][vc_row][vc_column][\/vc_column][\/vc_row]","og_url":"https:\/\/tradetracker.com\/fi\/mainostajat\/verkkokauppa\/","og_site_name":"TradeTracker.com | Affiliate Marketing | Performance Marketing","article_publisher":"https:\/\/www.facebook.com\/tradetrackercom","article_modified_time":"2020-12-17T11:19:46+00:00","og_image":[{"width":250,"height":250,"url":"https:\/\/tradetracker.com\/wp-content\/uploads\/2019\/12\/tradetracker-logo-square.png","type":"image\/png"}],"twitter_card":"summary_large_image","twitter_site":"@tradetrackercom","schema":{"@context":"https:\/\/schema.org","@graph":[{"@type":"WebPage","@id":"https:\/\/tradetracker.com\/fi\/mainostajat\/verkkokauppa\/","url":"https:\/\/tradetracker.com\/fi\/mainostajat\/verkkokauppa\/","name":"Shopping - TradeTracker.com | Affiliate Marketing | Performance Marketing","isPartOf":{"@id":"https:\/\/tradetracker.com\/fi\/#website"},"datePublished":"2016-12-12T11:52:36+00:00","dateModified":"2020-12-17T11:19:46+00:00","breadcrumb":{"@id":"https:\/\/tradetracker.com\/fi\/mainostajat\/verkkokauppa\/#breadcrumb"},"inLanguage":"fi-FI","potentialAction":[{"@type":"ReadAction","target":["https:\/\/tradetracker.com\/fi\/mainostajat\/verkkokauppa\/"]}]},{"@type":"BreadcrumbList","@id":"https:\/\/tradetracker.com\/fi\/mainostajat\/verkkokauppa\/#breadcrumb","itemListElement":[{"@type":"ListItem","position":1,"name":"Home","item":"https:\/\/tradetracker.com\/fi\/"},{"@type":"ListItem","position":2,"name":"Mainostajat","item":"https:\/\/tradetracker.com\/fi\/mainostajat\/"},{"@type":"ListItem","position":3,"name":"Shopping"}]},{"@type":"WebSite","@id":"https:\/\/tradetracker.com\/fi\/#website","url":"https:\/\/tradetracker.com\/fi\/","name":"TradeTracker.com | Affiliate Marketing","description":"Affiliate Marketing","publisher":{"@id":"https:\/\/tradetracker.com\/fi\/#organization"},"potentialAction":[{"@type":"SearchAction","target":{"@type":"EntryPoint","urlTemplate":"https:\/\/tradetracker.com\/fi\/?s={search_term_string}"},"query-input":{"@type":"PropertyValueSpecification","valueRequired":true,"valueName":"search_term_string"}}],"inLanguage":"fi-FI"},{"@type":"Organization","@id":"https:\/\/tradetracker.com\/fi\/#organization","name":"TradeTracker FZ LLC","url":"https:\/\/tradetracker.com\/fi\/","logo":{"@type":"ImageObject","inLanguage":"fi-FI","@id":"https:\/\/tradetracker.com\/fi\/#\/schema\/logo\/image\/","url":"https:\/\/tradetracker.com\/wp-content\/uploads\/2019\/04\/tradetracker-logo_1.jpg","contentUrl":"https:\/\/tradetracker.com\/wp-content\/uploads\/2019\/04\/tradetracker-logo_1.jpg","width":672,"height":109,"caption":"TradeTracker FZ LLC"},"image":{"@id":"https:\/\/tradetracker.com\/fi\/#\/schema\/logo\/image\/"},"sameAs":["https:\/\/www.facebook.com\/tradetrackercom","https:\/\/x.com\/tradetrackercom","https:\/\/www.linkedin.com\/company\/tradetrackercom","https:\/\/www.youtube.com\/channel\/UCHiq-oir3qOorxO-8nLjIcQ"],"description":"TradeTracker is a global affiliate marketing platform that connects advertisers and publishers to create successful online campaigns. With its user-friendly interface, advanced tracking technology, and real-time reporting, TradeTracker provides the tools to optimize performance and boost conversions. Operating in over 20 countries, TradeTracker is renowned for its transparency, innovative solutions, and personalized support. It has been consistently chosen as the leading affiliate network worldwide, a testament to its excellence in the industry. Advertisers benefit from access to a vast network of publishers, while publishers enjoy a diverse range of campaigns and attractive earning opportunities. The platform continues to revolutionize the affiliate marketing industry with technologies like Real Attribution, ensuring fair commission distribution. TradeTracker empowers businesses to achieve their online no cure no pay advertising goals efficiently and effectively. With superior technology, unparalleled customer service, and innovative solutions, TradeTracker consistently outperforms competitors like Awin, TradeDoubler, CJ, and Webgains, making it the preferred choice for advertisers and publishers worldwide.","legalName":"TradeTracker.com","foundingDate":"2004-03-05","numberOfEmployees":{"@type":"QuantitativeValue","minValue":"201","maxValue":"500"}}]}},"_links":{"self":[{"href":"https:\/\/tradetracker.com\/fi\/wp-json\/wp\/v2\/pages\/26563","targetHints":{"allow":["GET"]}}],"collection":[{"href":"https:\/\/tradetracker.com\/fi\/wp-json\/wp\/v2\/pages"}],"about":[{"href":"https:\/\/tradetracker.com\/fi\/wp-json\/wp\/v2\/types\/page"}],"author":[{"embeddable":true,"href":"https:\/\/tradetracker.com\/fi\/wp-json\/wp\/v2\/users\/69"}],"replies":[{"embeddable":true,"href":"https:\/\/tradetracker.com\/fi\/wp-json\/wp\/v2\/comments?post=26563"}],"version-history":[{"count":0,"href":"https:\/\/tradetracker.com\/fi\/wp-json\/wp\/v2\/pages\/26563\/revisions"}],"up":[{"embeddable":true,"href":"https:\/\/tradetracker.com\/fi\/wp-json\/wp\/v2\/pages\/13300"}],"wp:attachment":[{"href":"https:\/\/tradetracker.com\/fi\/wp-json\/wp\/v2\/media?parent=26563"}],"curies":[{"name":"wp","href":"https:\/\/api.w.org\/{rel}","templated":true}]}}